{"id":32868,"date":"2026-05-06T15:06:24","date_gmt":"2026-05-06T13:06:24","guid":{"rendered":"https:\/\/www.koonings.com\/product\/oreasposa-l986\/"},"modified":"2026-02-16T13:43:37","modified_gmt":"2026-02-16T12:43:37","slug":"oreasposa-l986","status":"publish","type":"product","link":"https:\/\/www.koonings.com\/fr\/product\/oreasposa-l986\/","title":{"rendered":"Oreasposa L986"},"content":{"rendered":"<p>Cette robe de mari\u00e9e ivoire d&#8217;Oreosposa pr\u00e9sente une silhouette de sir\u00e8ne. La robe a un corsage en dentelle avec un d\u00e9collet\u00e9 en c\u0153ur et une jupe en tulle souple. En outre, la robe est dot\u00e9e d&#8217;un magnifique panneau arri\u00e8re transparent qui lui conf\u00e8re un aspect sexy.  <\/p>\n","protected":false},"featured_media":27053,"template":"","meta":{"_acf_changed":false,"ghostkit_customizer_options":"","ghostkit_custom_css":"","ghostkit_custom_js_head":"","ghostkit_custom_js_foot":"","ghostkit_typography":""},"productdetails":[],"productneck":[354,355],"productcolor":[392],"maat":[],"productsupplier":[401],"productsleeve":[],"productcategory":[18],"productsilhouette":[387],"productstyle":[],"class_list":["post-32868","product","type-product","status-publish","has-post-thumbnail","hentry","productneck-354","productneck-355","productcolor-392","productsupplier-oreasposa","productcategory-trouwjurken","productsilhouette-387"],"acf":[],"yoast_head":"<!-- This site is optimized with the Yoast SEO plugin v27.3 - https:\/\/yoast.com\/product\/yoast-seo-wordpress\/ -->\n<title>Oreasposa L986 | Koonings<\/title>\n<meta name=\"description\" content=\"Cette robe de mari\u00e9e ivoire d&#039;Oreosposa pr\u00e9sente une silhouette de sir\u00e8ne. La robe a un corsage en dentelle avec un d\u00e9collet\u00e9 en c\u0153ur et une jupe en tulle souple. En outre, la robe est dot\u00e9e d&#039;un magnifique panneau arri\u00e8re transparent qui lui conf\u00e8re un aspect sexy.\" \/>\n<meta name=\"robots\" content=\"index, follow, max-snippet:-1, max-image-preview:large, max-video-preview:-1\" \/>\n<link rel=\"canonical\" href=\"https:\/\/www.koonings.com\/fr\/product\/oreasposa-l986\/\" \/>\n<meta property=\"og:locale\" content=\"fr_FR\" \/>\n<meta property=\"og:type\" content=\"article\" \/>\n<meta property=\"og:title\" content=\"Oreasposa L986 | Koonings\" \/>\n<meta property=\"og:description\" content=\"Cette robe de mari\u00e9e ivoire d&#039;Oreosposa pr\u00e9sente une silhouette de sir\u00e8ne. La robe a un corsage en dentelle avec un d\u00e9collet\u00e9 en c\u0153ur et une jupe en tulle souple. En outre, la robe est dot\u00e9e d&#039;un magnifique panneau arri\u00e8re transparent qui lui conf\u00e8re un aspect sexy.\" \/>\n<meta property=\"og:url\" content=\"https:\/\/www.koonings.com\/fr\/product\/oreasposa-l986\/\" \/>\n<meta property=\"og:site_name\" content=\"Koonings\" \/>\n<meta property=\"article:publisher\" content=\"https:\/\/www.facebook.com\/kooningstheweddingpalace\" \/>\n<meta property=\"og:image\" content=\"https:\/\/www.koonings.com\/wp-content\/uploads\/2024\/11\/32612_81489849fe91e7d617bd13c3b0b294ff114b9306690e07b7f67d79b6ed16e56f9ccd6952.jpeg\" \/>\n\t<meta property=\"og:image:width\" content=\"676\" \/>\n\t<meta property=\"og:image:height\" content=\"956\" \/>\n\t<meta property=\"og:image:type\" content=\"image\/jpeg\" \/>\n<meta name=\"twitter:card\" content=\"summary_large_image\" \/>\n<script type=\"application\/ld+json\" class=\"yoast-schema-graph\">{\"@context\":\"https:\\\/\\\/schema.org\",\"@graph\":[{\"@type\":\"WebPage\",\"@id\":\"https:\\\/\\\/www.koonings.com\\\/fr\\\/product\\\/oreasposa-l986\\\/\",\"url\":\"https:\\\/\\\/www.koonings.com\\\/fr\\\/product\\\/oreasposa-l986\\\/\",\"name\":\"Oreasposa L986 | Koonings\",\"isPartOf\":{\"@id\":\"https:\\\/\\\/www.koonings.com\\\/fr\\\/#website\"},\"primaryImageOfPage\":{\"@id\":\"https:\\\/\\\/www.koonings.com\\\/fr\\\/product\\\/oreasposa-l986\\\/#primaryimage\"},\"image\":{\"@id\":\"https:\\\/\\\/www.koonings.com\\\/fr\\\/product\\\/oreasposa-l986\\\/#primaryimage\"},\"thumbnailUrl\":\"https:\\\/\\\/www.koonings.com\\\/wp-content\\\/uploads\\\/2024\\\/11\\\/32612_81489849fe91e7d617bd13c3b0b294ff114b9306690e07b7f67d79b6ed16e56f9ccd6952.jpeg\",\"datePublished\":\"2026-05-06T13:06:24+00:00\",\"description\":\"Cette robe de mari\u00e9e ivoire d'Oreosposa pr\u00e9sente une silhouette de sir\u00e8ne. La robe a un corsage en dentelle avec un d\u00e9collet\u00e9 en c\u0153ur et une jupe en tulle souple. En outre, la robe est dot\u00e9e d'un magnifique panneau arri\u00e8re transparent qui lui conf\u00e8re un aspect sexy.\",\"breadcrumb\":{\"@id\":\"https:\\\/\\\/www.koonings.com\\\/fr\\\/product\\\/oreasposa-l986\\\/#breadcrumb\"},\"inLanguage\":\"fr-FR\",\"potentialAction\":[{\"@type\":\"ReadAction\",\"target\":[\"https:\\\/\\\/www.koonings.com\\\/fr\\\/product\\\/oreasposa-l986\\\/\"]}]},{\"@type\":\"ImageObject\",\"inLanguage\":\"fr-FR\",\"@id\":\"https:\\\/\\\/www.koonings.com\\\/fr\\\/product\\\/oreasposa-l986\\\/#primaryimage\",\"url\":\"https:\\\/\\\/www.koonings.com\\\/wp-content\\\/uploads\\\/2024\\\/11\\\/32612_81489849fe91e7d617bd13c3b0b294ff114b9306690e07b7f67d79b6ed16e56f9ccd6952.jpeg\",\"contentUrl\":\"https:\\\/\\\/www.koonings.com\\\/wp-content\\\/uploads\\\/2024\\\/11\\\/32612_81489849fe91e7d617bd13c3b0b294ff114b9306690e07b7f67d79b6ed16e56f9ccd6952.jpeg\",\"width\":676,\"height\":956},{\"@type\":\"BreadcrumbList\",\"@id\":\"https:\\\/\\\/www.koonings.com\\\/fr\\\/product\\\/oreasposa-l986\\\/#breadcrumb\",\"itemListElement\":[{\"@type\":\"ListItem\",\"position\":1,\"name\":\"Home\",\"item\":\"https:\\\/\\\/www.koonings.com\\\/fr\\\/\"},{\"@type\":\"ListItem\",\"position\":2,\"name\":\"Oreasposa L986\"}]},{\"@type\":\"WebSite\",\"@id\":\"https:\\\/\\\/www.koonings.com\\\/fr\\\/#website\",\"url\":\"https:\\\/\\\/www.koonings.com\\\/fr\\\/\",\"name\":\"Koonings\",\"description\":\"De grootste bruidsmodewinkel ter wereld\",\"publisher\":{\"@id\":\"https:\\\/\\\/www.koonings.com\\\/fr\\\/#organization\"},\"potentialAction\":[{\"@type\":\"SearchAction\",\"target\":{\"@type\":\"EntryPoint\",\"urlTemplate\":\"https:\\\/\\\/www.koonings.com\\\/fr\\\/?s={search_term_string}\"},\"query-input\":{\"@type\":\"PropertyValueSpecification\",\"valueRequired\":true,\"valueName\":\"search_term_string\"}}],\"inLanguage\":\"fr-FR\"},{\"@type\":\"Organization\",\"@id\":\"https:\\\/\\\/www.koonings.com\\\/fr\\\/#organization\",\"name\":\"Koonings\",\"url\":\"https:\\\/\\\/www.koonings.com\\\/fr\\\/\",\"logo\":{\"@type\":\"ImageObject\",\"inLanguage\":\"fr-FR\",\"@id\":\"https:\\\/\\\/www.koonings.com\\\/fr\\\/#\\\/schema\\\/logo\\\/image\\\/\",\"url\":\"https:\\\/\\\/www.koonings.com\\\/wp-content\\\/uploads\\\/2024\\\/07\\\/logo.png\",\"contentUrl\":\"https:\\\/\\\/www.koonings.com\\\/wp-content\\\/uploads\\\/2024\\\/07\\\/logo.png\",\"width\":600,\"height\":428,\"caption\":\"Koonings\"},\"image\":{\"@id\":\"https:\\\/\\\/www.koonings.com\\\/fr\\\/#\\\/schema\\\/logo\\\/image\\\/\"},\"sameAs\":[\"https:\\\/\\\/www.facebook.com\\\/kooningstheweddingpalace\",\"https:\\\/\\\/www.instagram.com\\\/kooningstheweddingpalace\",\"https:\\\/\\\/www.pinterest.com\\\/koonings\",\"https:\\\/\\\/www.youtube.com\\\/kooningstheweddingpalace\"]}]}<\/script>\n<!-- \/ Yoast SEO plugin. -->","yoast_head_json":{"title":"Oreasposa L986 | Koonings","description":"Cette robe de mari\u00e9e ivoire d'Oreosposa pr\u00e9sente une silhouette de sir\u00e8ne. La robe a un corsage en dentelle avec un d\u00e9collet\u00e9 en c\u0153ur et une jupe en tulle souple. En outre, la robe est dot\u00e9e d'un magnifique panneau arri\u00e8re transparent qui lui conf\u00e8re un aspect sexy.","robots":{"index":"index","follow":"follow","max-snippet":"max-snippet:-1","max-image-preview":"max-image-preview:large","max-video-preview":"max-video-preview:-1"},"canonical":"https:\/\/www.koonings.com\/fr\/product\/oreasposa-l986\/","og_locale":"fr_FR","og_type":"article","og_title":"Oreasposa L986 | Koonings","og_description":"Cette robe de mari\u00e9e ivoire d'Oreosposa pr\u00e9sente une silhouette de sir\u00e8ne. La robe a un corsage en dentelle avec un d\u00e9collet\u00e9 en c\u0153ur et une jupe en tulle souple. En outre, la robe est dot\u00e9e d'un magnifique panneau arri\u00e8re transparent qui lui conf\u00e8re un aspect sexy.","og_url":"https:\/\/www.koonings.com\/fr\/product\/oreasposa-l986\/","og_site_name":"Koonings","article_publisher":"https:\/\/www.facebook.com\/kooningstheweddingpalace","og_image":[{"width":676,"height":956,"url":"https:\/\/www.koonings.com\/wp-content\/uploads\/2024\/11\/32612_81489849fe91e7d617bd13c3b0b294ff114b9306690e07b7f67d79b6ed16e56f9ccd6952.jpeg","type":"image\/jpeg"}],"twitter_card":"summary_large_image","schema":{"@context":"https:\/\/schema.org","@graph":[{"@type":"WebPage","@id":"https:\/\/www.koonings.com\/fr\/product\/oreasposa-l986\/","url":"https:\/\/www.koonings.com\/fr\/product\/oreasposa-l986\/","name":"Oreasposa L986 | Koonings","isPartOf":{"@id":"https:\/\/www.koonings.com\/fr\/#website"},"primaryImageOfPage":{"@id":"https:\/\/www.koonings.com\/fr\/product\/oreasposa-l986\/#primaryimage"},"image":{"@id":"https:\/\/www.koonings.com\/fr\/product\/oreasposa-l986\/#primaryimage"},"thumbnailUrl":"https:\/\/www.koonings.com\/wp-content\/uploads\/2024\/11\/32612_81489849fe91e7d617bd13c3b0b294ff114b9306690e07b7f67d79b6ed16e56f9ccd6952.jpeg","datePublished":"2026-05-06T13:06:24+00:00","description":"Cette robe de mari\u00e9e ivoire d'Oreosposa pr\u00e9sente une silhouette de sir\u00e8ne. La robe a un corsage en dentelle avec un d\u00e9collet\u00e9 en c\u0153ur et une jupe en tulle souple. En outre, la robe est dot\u00e9e d'un magnifique panneau arri\u00e8re transparent qui lui conf\u00e8re un aspect sexy.","breadcrumb":{"@id":"https:\/\/www.koonings.com\/fr\/product\/oreasposa-l986\/#breadcrumb"},"inLanguage":"fr-FR","potentialAction":[{"@type":"ReadAction","target":["https:\/\/www.koonings.com\/fr\/product\/oreasposa-l986\/"]}]},{"@type":"ImageObject","inLanguage":"fr-FR","@id":"https:\/\/www.koonings.com\/fr\/product\/oreasposa-l986\/#primaryimage","url":"https:\/\/www.koonings.com\/wp-content\/uploads\/2024\/11\/32612_81489849fe91e7d617bd13c3b0b294ff114b9306690e07b7f67d79b6ed16e56f9ccd6952.jpeg","contentUrl":"https:\/\/www.koonings.com\/wp-content\/uploads\/2024\/11\/32612_81489849fe91e7d617bd13c3b0b294ff114b9306690e07b7f67d79b6ed16e56f9ccd6952.jpeg","width":676,"height":956},{"@type":"BreadcrumbList","@id":"https:\/\/www.koonings.com\/fr\/product\/oreasposa-l986\/#breadcrumb","itemListElement":[{"@type":"ListItem","position":1,"name":"Home","item":"https:\/\/www.koonings.com\/fr\/"},{"@type":"ListItem","position":2,"name":"Oreasposa L986"}]},{"@type":"WebSite","@id":"https:\/\/www.koonings.com\/fr\/#website","url":"https:\/\/www.koonings.com\/fr\/","name":"Koonings","description":"De grootste bruidsmodewinkel ter wereld","publisher":{"@id":"https:\/\/www.koonings.com\/fr\/#organization"},"potentialAction":[{"@type":"SearchAction","target":{"@type":"EntryPoint","urlTemplate":"https:\/\/www.koonings.com\/fr\/?s={search_term_string}"},"query-input":{"@type":"PropertyValueSpecification","valueRequired":true,"valueName":"search_term_string"}}],"inLanguage":"fr-FR"},{"@type":"Organization","@id":"https:\/\/www.koonings.com\/fr\/#organization","name":"Koonings","url":"https:\/\/www.koonings.com\/fr\/","logo":{"@type":"ImageObject","inLanguage":"fr-FR","@id":"https:\/\/www.koonings.com\/fr\/#\/schema\/logo\/image\/","url":"https:\/\/www.koonings.com\/wp-content\/uploads\/2024\/07\/logo.png","contentUrl":"https:\/\/www.koonings.com\/wp-content\/uploads\/2024\/07\/logo.png","width":600,"height":428,"caption":"Koonings"},"image":{"@id":"https:\/\/www.koonings.com\/fr\/#\/schema\/logo\/image\/"},"sameAs":["https:\/\/www.facebook.com\/kooningstheweddingpalace","https:\/\/www.instagram.com\/kooningstheweddingpalace","https:\/\/www.pinterest.com\/koonings","https:\/\/www.youtube.com\/kooningstheweddingpalace"]}]}},"_links":{"self":[{"href":"https:\/\/www.koonings.com\/fr\/wp-json\/wp\/v2\/product\/32868","targetHints":{"allow":["GET"]}}],"collection":[{"href":"https:\/\/www.koonings.com\/fr\/wp-json\/wp\/v2\/product"}],"about":[{"href":"https:\/\/www.koonings.com\/fr\/wp-json\/wp\/v2\/types\/product"}],"wp:featuredmedia":[{"embeddable":true,"href":"https:\/\/www.koonings.com\/fr\/wp-json\/wp\/v2\/media\/27053"}],"wp:attachment":[{"href":"https:\/\/www.koonings.com\/fr\/wp-json\/wp\/v2\/media?parent=32868"}],"wp:term":[{"taxonomy":"productdetails","embeddable":true,"href":"https:\/\/www.koonings.com\/fr\/wp-json\/wp\/v2\/productdetails?post=32868"},{"taxonomy":"productneck","embeddable":true,"href":"https:\/\/www.koonings.com\/fr\/wp-json\/wp\/v2\/productneck?post=32868"},{"taxonomy":"productcolor","embeddable":true,"href":"https:\/\/www.koonings.com\/fr\/wp-json\/wp\/v2\/productcolor?post=32868"},{"taxonomy":"maat","embeddable":true,"href":"https:\/\/www.koonings.com\/fr\/wp-json\/wp\/v2\/maat?post=32868"},{"taxonomy":"productsupplier","embeddable":true,"href":"https:\/\/www.koonings.com\/fr\/wp-json\/wp\/v2\/productsupplier?post=32868"},{"taxonomy":"productsleeve","embeddable":true,"href":"https:\/\/www.koonings.com\/fr\/wp-json\/wp\/v2\/productsleeve?post=32868"},{"taxonomy":"productcategory","embeddable":true,"href":"https:\/\/www.koonings.com\/fr\/wp-json\/wp\/v2\/productcategory?post=32868"},{"taxonomy":"productsilhouette","embeddable":true,"href":"https:\/\/www.koonings.com\/fr\/wp-json\/wp\/v2\/productsilhouette?post=32868"},{"taxonomy":"productstyle","embeddable":true,"href":"https:\/\/www.koonings.com\/fr\/wp-json\/wp\/v2\/productstyle?post=32868"}],"curies":[{"name":"wp","href":"https:\/\/api.w.org\/{rel}","templated":true}]}}