{"id":32785,"date":"2026-04-28T18:06:28","date_gmt":"2026-04-28T16:06:28","guid":{"rendered":"https:\/\/www.koonings.com\/product\/marylise-electra-2\/"},"modified":"2026-02-16T13:52:57","modified_gmt":"2026-02-16T12:52:57","slug":"marylise-electra-2","status":"publish","type":"product","link":"https:\/\/www.koonings.com\/fr\/product\/marylise-electra-2\/","title":{"rendered":"Marylise Electra\/2"},"content":{"rendered":"<p>Un deux-pi\u00e8ces parfait. Le haut est en fine dentelle fran\u00e7aise et a de grandes manches bouffantes. Le haut est ferm\u00e9 sur le devant et ouvert dans le dos. Nous vous proposons deux longueurs de top diff\u00e9rentes. La version courte est l\u00e9g\u00e8rement plus transparente et la version longue est moins transparente. La jupe pr\u00e8s du corps est en cr\u00eape et comporte une fente sur le devant. Vous pouvez \u00e9galement opter pour une tra\u00eene amovible suppl\u00e9mentaire dans le dos, en tulle !      <\/p>\n","protected":false},"featured_media":27224,"template":"","meta":{"_acf_changed":false,"ghostkit_customizer_options":"","ghostkit_custom_css":"","ghostkit_custom_js_head":"","ghostkit_custom_js_foot":"","ghostkit_typography":""},"productdetails":[378],"productneck":[350],"productcolor":[393,392],"maat":[],"productsupplier":[410],"productsleeve":[362],"productcategory":[18],"productsilhouette":[390,391],"productstyle":[],"class_list":["post-32785","product","type-product","status-publish","has-post-thumbnail","hentry","productdetails-378","productneck-350","productcolor-393","productcolor-392","productsupplier-marylise","productsleeve-362","productcategory-trouwjurken","productsilhouette-390","productsilhouette-391"],"acf":[],"yoast_head":"<!-- This site is optimized with the Yoast SEO plugin v27.3 - https:\/\/yoast.com\/product\/yoast-seo-wordpress\/ -->\n<title>Marylise Electra\/2 | Koonings<\/title>\n<meta name=\"description\" content=\"Un deux-pi\u00e8ces parfait. Le haut est en fine dentelle fran\u00e7aise et a de grandes manches bouffantes. Le haut est ferm\u00e9 sur le devant et ouvert dans le dos. Nous vous proposons deux longueurs de top diff\u00e9rentes. La version courte est l\u00e9g\u00e8rement plus transparente et la version longue est moins transparente. La jupe pr\u00e8s du corps est en cr\u00eape et comporte une fente sur le devant. Vous pouvez \u00e9galement opter pour une tra\u00eene amovible suppl\u00e9mentaire dans le dos, en tulle !\" \/>\n<meta name=\"robots\" content=\"index, follow, max-snippet:-1, max-image-preview:large, max-video-preview:-1\" \/>\n<link rel=\"canonical\" href=\"https:\/\/www.koonings.com\/fr\/product\/marylise-electra-2\/\" \/>\n<meta property=\"og:locale\" content=\"fr_FR\" \/>\n<meta property=\"og:type\" content=\"article\" \/>\n<meta property=\"og:title\" content=\"Marylise Electra\/2 | Koonings\" \/>\n<meta property=\"og:description\" content=\"Un deux-pi\u00e8ces parfait. Le haut est en fine dentelle fran\u00e7aise et a de grandes manches bouffantes. Le haut est ferm\u00e9 sur le devant et ouvert dans le dos. Nous vous proposons deux longueurs de top diff\u00e9rentes. La version courte est l\u00e9g\u00e8rement plus transparente et la version longue est moins transparente. La jupe pr\u00e8s du corps est en cr\u00eape et comporte une fente sur le devant. Vous pouvez \u00e9galement opter pour une tra\u00eene amovible suppl\u00e9mentaire dans le dos, en tulle !\" \/>\n<meta property=\"og:url\" content=\"https:\/\/www.koonings.com\/fr\/product\/marylise-electra-2\/\" \/>\n<meta property=\"og:site_name\" content=\"Koonings\" \/>\n<meta property=\"article:publisher\" content=\"https:\/\/www.facebook.com\/kooningstheweddingpalace\" \/>\n<meta property=\"og:image\" content=\"https:\/\/www.koonings.com\/wp-content\/uploads\/2024\/11\/35618_7aeb24c8273c8ca58fb54f7f5c6baabaa5bf5d7fb8f286142504366705bca2aaa3d65366.jpeg\" \/>\n\t<meta property=\"og:image:width\" content=\"786\" \/>\n\t<meta property=\"og:image:height\" content=\"1110\" \/>\n\t<meta property=\"og:image:type\" content=\"image\/jpeg\" \/>\n<meta name=\"twitter:card\" content=\"summary_large_image\" \/>\n<script type=\"application\/ld+json\" class=\"yoast-schema-graph\">{\"@context\":\"https:\\\/\\\/schema.org\",\"@graph\":[{\"@type\":\"WebPage\",\"@id\":\"https:\\\/\\\/www.koonings.com\\\/fr\\\/product\\\/marylise-electra-2\\\/\",\"url\":\"https:\\\/\\\/www.koonings.com\\\/fr\\\/product\\\/marylise-electra-2\\\/\",\"name\":\"Marylise Electra\\\/2 | Koonings\",\"isPartOf\":{\"@id\":\"https:\\\/\\\/www.koonings.com\\\/fr\\\/#website\"},\"primaryImageOfPage\":{\"@id\":\"https:\\\/\\\/www.koonings.com\\\/fr\\\/product\\\/marylise-electra-2\\\/#primaryimage\"},\"image\":{\"@id\":\"https:\\\/\\\/www.koonings.com\\\/fr\\\/product\\\/marylise-electra-2\\\/#primaryimage\"},\"thumbnailUrl\":\"https:\\\/\\\/www.koonings.com\\\/wp-content\\\/uploads\\\/2024\\\/11\\\/35618_7aeb24c8273c8ca58fb54f7f5c6baabaa5bf5d7fb8f286142504366705bca2aaa3d65366.jpeg\",\"datePublished\":\"2026-04-28T16:06:28+00:00\",\"description\":\"Un deux-pi\u00e8ces parfait. Le haut est en fine dentelle fran\u00e7aise et a de grandes manches bouffantes. Le haut est ferm\u00e9 sur le devant et ouvert dans le dos. Nous vous proposons deux longueurs de top diff\u00e9rentes. La version courte est l\u00e9g\u00e8rement plus transparente et la version longue est moins transparente. La jupe pr\u00e8s du corps est en cr\u00eape et comporte une fente sur le devant. Vous pouvez \u00e9galement opter pour une tra\u00eene amovible suppl\u00e9mentaire dans le dos, en tulle !\",\"breadcrumb\":{\"@id\":\"https:\\\/\\\/www.koonings.com\\\/fr\\\/product\\\/marylise-electra-2\\\/#breadcrumb\"},\"inLanguage\":\"fr-FR\",\"potentialAction\":[{\"@type\":\"ReadAction\",\"target\":[\"https:\\\/\\\/www.koonings.com\\\/fr\\\/product\\\/marylise-electra-2\\\/\"]}]},{\"@type\":\"ImageObject\",\"inLanguage\":\"fr-FR\",\"@id\":\"https:\\\/\\\/www.koonings.com\\\/fr\\\/product\\\/marylise-electra-2\\\/#primaryimage\",\"url\":\"https:\\\/\\\/www.koonings.com\\\/wp-content\\\/uploads\\\/2024\\\/11\\\/35618_7aeb24c8273c8ca58fb54f7f5c6baabaa5bf5d7fb8f286142504366705bca2aaa3d65366.jpeg\",\"contentUrl\":\"https:\\\/\\\/www.koonings.com\\\/wp-content\\\/uploads\\\/2024\\\/11\\\/35618_7aeb24c8273c8ca58fb54f7f5c6baabaa5bf5d7fb8f286142504366705bca2aaa3d65366.jpeg\",\"width\":786,\"height\":1110},{\"@type\":\"BreadcrumbList\",\"@id\":\"https:\\\/\\\/www.koonings.com\\\/fr\\\/product\\\/marylise-electra-2\\\/#breadcrumb\",\"itemListElement\":[{\"@type\":\"ListItem\",\"position\":1,\"name\":\"Home\",\"item\":\"https:\\\/\\\/www.koonings.com\\\/fr\\\/\"},{\"@type\":\"ListItem\",\"position\":2,\"name\":\"Marylise Electra\\\/2\"}]},{\"@type\":\"WebSite\",\"@id\":\"https:\\\/\\\/www.koonings.com\\\/fr\\\/#website\",\"url\":\"https:\\\/\\\/www.koonings.com\\\/fr\\\/\",\"name\":\"Koonings\",\"description\":\"De grootste bruidsmodewinkel ter wereld\",\"publisher\":{\"@id\":\"https:\\\/\\\/www.koonings.com\\\/fr\\\/#organization\"},\"potentialAction\":[{\"@type\":\"SearchAction\",\"target\":{\"@type\":\"EntryPoint\",\"urlTemplate\":\"https:\\\/\\\/www.koonings.com\\\/fr\\\/?s={search_term_string}\"},\"query-input\":{\"@type\":\"PropertyValueSpecification\",\"valueRequired\":true,\"valueName\":\"search_term_string\"}}],\"inLanguage\":\"fr-FR\"},{\"@type\":\"Organization\",\"@id\":\"https:\\\/\\\/www.koonings.com\\\/fr\\\/#organization\",\"name\":\"Koonings\",\"url\":\"https:\\\/\\\/www.koonings.com\\\/fr\\\/\",\"logo\":{\"@type\":\"ImageObject\",\"inLanguage\":\"fr-FR\",\"@id\":\"https:\\\/\\\/www.koonings.com\\\/fr\\\/#\\\/schema\\\/logo\\\/image\\\/\",\"url\":\"https:\\\/\\\/www.koonings.com\\\/wp-content\\\/uploads\\\/2024\\\/07\\\/logo.png\",\"contentUrl\":\"https:\\\/\\\/www.koonings.com\\\/wp-content\\\/uploads\\\/2024\\\/07\\\/logo.png\",\"width\":600,\"height\":428,\"caption\":\"Koonings\"},\"image\":{\"@id\":\"https:\\\/\\\/www.koonings.com\\\/fr\\\/#\\\/schema\\\/logo\\\/image\\\/\"},\"sameAs\":[\"https:\\\/\\\/www.facebook.com\\\/kooningstheweddingpalace\",\"https:\\\/\\\/www.instagram.com\\\/kooningstheweddingpalace\",\"https:\\\/\\\/www.pinterest.com\\\/koonings\",\"https:\\\/\\\/www.youtube.com\\\/kooningstheweddingpalace\"]}]}<\/script>\n<!-- \/ Yoast SEO plugin. -->","yoast_head_json":{"title":"Marylise Electra\/2 | Koonings","description":"Un deux-pi\u00e8ces parfait. Le haut est en fine dentelle fran\u00e7aise et a de grandes manches bouffantes. Le haut est ferm\u00e9 sur le devant et ouvert dans le dos. Nous vous proposons deux longueurs de top diff\u00e9rentes. La version courte est l\u00e9g\u00e8rement plus transparente et la version longue est moins transparente. La jupe pr\u00e8s du corps est en cr\u00eape et comporte une fente sur le devant. Vous pouvez \u00e9galement opter pour une tra\u00eene amovible suppl\u00e9mentaire dans le dos, en tulle !","robots":{"index":"index","follow":"follow","max-snippet":"max-snippet:-1","max-image-preview":"max-image-preview:large","max-video-preview":"max-video-preview:-1"},"canonical":"https:\/\/www.koonings.com\/fr\/product\/marylise-electra-2\/","og_locale":"fr_FR","og_type":"article","og_title":"Marylise Electra\/2 | Koonings","og_description":"Un deux-pi\u00e8ces parfait. Le haut est en fine dentelle fran\u00e7aise et a de grandes manches bouffantes. Le haut est ferm\u00e9 sur le devant et ouvert dans le dos. Nous vous proposons deux longueurs de top diff\u00e9rentes. La version courte est l\u00e9g\u00e8rement plus transparente et la version longue est moins transparente. La jupe pr\u00e8s du corps est en cr\u00eape et comporte une fente sur le devant. Vous pouvez \u00e9galement opter pour une tra\u00eene amovible suppl\u00e9mentaire dans le dos, en tulle !","og_url":"https:\/\/www.koonings.com\/fr\/product\/marylise-electra-2\/","og_site_name":"Koonings","article_publisher":"https:\/\/www.facebook.com\/kooningstheweddingpalace","og_image":[{"width":786,"height":1110,"url":"https:\/\/www.koonings.com\/wp-content\/uploads\/2024\/11\/35618_7aeb24c8273c8ca58fb54f7f5c6baabaa5bf5d7fb8f286142504366705bca2aaa3d65366.jpeg","type":"image\/jpeg"}],"twitter_card":"summary_large_image","schema":{"@context":"https:\/\/schema.org","@graph":[{"@type":"WebPage","@id":"https:\/\/www.koonings.com\/fr\/product\/marylise-electra-2\/","url":"https:\/\/www.koonings.com\/fr\/product\/marylise-electra-2\/","name":"Marylise Electra\/2 | Koonings","isPartOf":{"@id":"https:\/\/www.koonings.com\/fr\/#website"},"primaryImageOfPage":{"@id":"https:\/\/www.koonings.com\/fr\/product\/marylise-electra-2\/#primaryimage"},"image":{"@id":"https:\/\/www.koonings.com\/fr\/product\/marylise-electra-2\/#primaryimage"},"thumbnailUrl":"https:\/\/www.koonings.com\/wp-content\/uploads\/2024\/11\/35618_7aeb24c8273c8ca58fb54f7f5c6baabaa5bf5d7fb8f286142504366705bca2aaa3d65366.jpeg","datePublished":"2026-04-28T16:06:28+00:00","description":"Un deux-pi\u00e8ces parfait. Le haut est en fine dentelle fran\u00e7aise et a de grandes manches bouffantes. Le haut est ferm\u00e9 sur le devant et ouvert dans le dos. Nous vous proposons deux longueurs de top diff\u00e9rentes. La version courte est l\u00e9g\u00e8rement plus transparente et la version longue est moins transparente. La jupe pr\u00e8s du corps est en cr\u00eape et comporte une fente sur le devant. Vous pouvez \u00e9galement opter pour une tra\u00eene amovible suppl\u00e9mentaire dans le dos, en tulle !","breadcrumb":{"@id":"https:\/\/www.koonings.com\/fr\/product\/marylise-electra-2\/#breadcrumb"},"inLanguage":"fr-FR","potentialAction":[{"@type":"ReadAction","target":["https:\/\/www.koonings.com\/fr\/product\/marylise-electra-2\/"]}]},{"@type":"ImageObject","inLanguage":"fr-FR","@id":"https:\/\/www.koonings.com\/fr\/product\/marylise-electra-2\/#primaryimage","url":"https:\/\/www.koonings.com\/wp-content\/uploads\/2024\/11\/35618_7aeb24c8273c8ca58fb54f7f5c6baabaa5bf5d7fb8f286142504366705bca2aaa3d65366.jpeg","contentUrl":"https:\/\/www.koonings.com\/wp-content\/uploads\/2024\/11\/35618_7aeb24c8273c8ca58fb54f7f5c6baabaa5bf5d7fb8f286142504366705bca2aaa3d65366.jpeg","width":786,"height":1110},{"@type":"BreadcrumbList","@id":"https:\/\/www.koonings.com\/fr\/product\/marylise-electra-2\/#breadcrumb","itemListElement":[{"@type":"ListItem","position":1,"name":"Home","item":"https:\/\/www.koonings.com\/fr\/"},{"@type":"ListItem","position":2,"name":"Marylise Electra\/2"}]},{"@type":"WebSite","@id":"https:\/\/www.koonings.com\/fr\/#website","url":"https:\/\/www.koonings.com\/fr\/","name":"Koonings","description":"De grootste bruidsmodewinkel ter wereld","publisher":{"@id":"https:\/\/www.koonings.com\/fr\/#organization"},"potentialAction":[{"@type":"SearchAction","target":{"@type":"EntryPoint","urlTemplate":"https:\/\/www.koonings.com\/fr\/?s={search_term_string}"},"query-input":{"@type":"PropertyValueSpecification","valueRequired":true,"valueName":"search_term_string"}}],"inLanguage":"fr-FR"},{"@type":"Organization","@id":"https:\/\/www.koonings.com\/fr\/#organization","name":"Koonings","url":"https:\/\/www.koonings.com\/fr\/","logo":{"@type":"ImageObject","inLanguage":"fr-FR","@id":"https:\/\/www.koonings.com\/fr\/#\/schema\/logo\/image\/","url":"https:\/\/www.koonings.com\/wp-content\/uploads\/2024\/07\/logo.png","contentUrl":"https:\/\/www.koonings.com\/wp-content\/uploads\/2024\/07\/logo.png","width":600,"height":428,"caption":"Koonings"},"image":{"@id":"https:\/\/www.koonings.com\/fr\/#\/schema\/logo\/image\/"},"sameAs":["https:\/\/www.facebook.com\/kooningstheweddingpalace","https:\/\/www.instagram.com\/kooningstheweddingpalace","https:\/\/www.pinterest.com\/koonings","https:\/\/www.youtube.com\/kooningstheweddingpalace"]}]}},"_links":{"self":[{"href":"https:\/\/www.koonings.com\/fr\/wp-json\/wp\/v2\/product\/32785","targetHints":{"allow":["GET"]}}],"collection":[{"href":"https:\/\/www.koonings.com\/fr\/wp-json\/wp\/v2\/product"}],"about":[{"href":"https:\/\/www.koonings.com\/fr\/wp-json\/wp\/v2\/types\/product"}],"wp:featuredmedia":[{"embeddable":true,"href":"https:\/\/www.koonings.com\/fr\/wp-json\/wp\/v2\/media\/27224"}],"wp:attachment":[{"href":"https:\/\/www.koonings.com\/fr\/wp-json\/wp\/v2\/media?parent=32785"}],"wp:term":[{"taxonomy":"productdetails","embeddable":true,"href":"https:\/\/www.koonings.com\/fr\/wp-json\/wp\/v2\/productdetails?post=32785"},{"taxonomy":"productneck","embeddable":true,"href":"https:\/\/www.koonings.com\/fr\/wp-json\/wp\/v2\/productneck?post=32785"},{"taxonomy":"productcolor","embeddable":true,"href":"https:\/\/www.koonings.com\/fr\/wp-json\/wp\/v2\/productcolor?post=32785"},{"taxonomy":"maat","embeddable":true,"href":"https:\/\/www.koonings.com\/fr\/wp-json\/wp\/v2\/maat?post=32785"},{"taxonomy":"productsupplier","embeddable":true,"href":"https:\/\/www.koonings.com\/fr\/wp-json\/wp\/v2\/productsupplier?post=32785"},{"taxonomy":"productsleeve","embeddable":true,"href":"https:\/\/www.koonings.com\/fr\/wp-json\/wp\/v2\/productsleeve?post=32785"},{"taxonomy":"productcategory","embeddable":true,"href":"https:\/\/www.koonings.com\/fr\/wp-json\/wp\/v2\/productcategory?post=32785"},{"taxonomy":"productsilhouette","embeddable":true,"href":"https:\/\/www.koonings.com\/fr\/wp-json\/wp\/v2\/productsilhouette?post=32785"},{"taxonomy":"productstyle","embeddable":true,"href":"https:\/\/www.koonings.com\/fr\/wp-json\/wp\/v2\/productstyle?post=32785"}],"curies":[{"name":"wp","href":"https:\/\/api.w.org\/{rel}","templated":true}]}}