{"id":32780,"date":"2025-07-10T12:06:24","date_gmt":"2025-07-10T10:06:24","guid":{"rendered":"https:\/\/www.koonings.com\/product\/libelle-42-4\/"},"modified":"2025-06-05T12:27:33","modified_gmt":"2025-06-05T10:27:33","slug":"libelle-42-4","status":"publish","type":"product","link":"https:\/\/www.koonings.com\/fr\/product\/libelle-42-4\/","title":{"rendered":"Libelle 42"},"content":{"rendered":"<p>La robe Gaby est souple, a\u00e9rienne et l\u00e9g\u00e8re comme une plume. Cette robe vous donne tout l&#8217;\u00e9clat dont vous avez besoin. La dentelle florale romantique se marie \u00e0 merveille avec l&#8217;encolure d\u00e9licatement ajust\u00e9e. Le corsage \u00e0 petites bretelles \u00e9l\u00e9gantes est dot\u00e9 d&#8217;un dos bas ouvert et d&#8217;un jupon moderne en tulle fait de dentelle \u00e9tincelante. Les appliques de dentelle orn\u00e9es de perles sur le corsage compl\u00e8tent ce look de mari\u00e9e.    <\/p>\n","protected":false},"featured_media":27263,"template":"","meta":{"_acf_changed":false,"ghostkit_customizer_options":"","ghostkit_custom_css":"","ghostkit_custom_js_head":"","ghostkit_custom_js_foot":"","ghostkit_typography":""},"productdetails":[],"productneck":[],"productcolor":[],"maat":[],"productsupplier":[428],"productsleeve":[],"productcategory":[18],"productsilhouette":[],"productstyle":[],"class_list":["post-32780","product","type-product","status-publish","has-post-thumbnail","hentry","productsupplier-libelle","productcategory-trouwjurken"],"acf":[],"yoast_head":"<!-- This site is optimized with the Yoast SEO plugin v27.3 - https:\/\/yoast.com\/product\/yoast-seo-wordpress\/ -->\n<title>Libelle 42 | Koonings<\/title>\n<meta name=\"description\" content=\"La robe Gaby est souple, a\u00e9rienne et l\u00e9g\u00e8re comme une plume. Cette robe vous donne tout l&#039;\u00e9clat dont vous avez besoin. La dentelle florale romantique se marie \u00e0 merveille avec l&#039;encolure d\u00e9licatement ajust\u00e9e. Le corsage \u00e0 petites bretelles \u00e9l\u00e9gantes est dot\u00e9 d&#039;un dos bas ouvert et d&#039;un jupon moderne en tulle fait de dentelle \u00e9tincelante. Les appliques de dentelle orn\u00e9es de perles sur le corsage compl\u00e8tent ce look de mari\u00e9e.\" \/>\n<meta name=\"robots\" content=\"index, follow, max-snippet:-1, max-image-preview:large, max-video-preview:-1\" \/>\n<link rel=\"canonical\" href=\"https:\/\/www.koonings.com\/fr\/product\/libelle-42-4\/\" \/>\n<meta property=\"og:locale\" content=\"fr_FR\" \/>\n<meta property=\"og:type\" content=\"article\" \/>\n<meta property=\"og:title\" content=\"Libelle 42 | Koonings\" \/>\n<meta property=\"og:description\" content=\"La robe Gaby est souple, a\u00e9rienne et l\u00e9g\u00e8re comme une plume. Cette robe vous donne tout l&#039;\u00e9clat dont vous avez besoin. La dentelle florale romantique se marie \u00e0 merveille avec l&#039;encolure d\u00e9licatement ajust\u00e9e. Le corsage \u00e0 petites bretelles \u00e9l\u00e9gantes est dot\u00e9 d&#039;un dos bas ouvert et d&#039;un jupon moderne en tulle fait de dentelle \u00e9tincelante. Les appliques de dentelle orn\u00e9es de perles sur le corsage compl\u00e8tent ce look de mari\u00e9e.\" \/>\n<meta property=\"og:url\" content=\"https:\/\/www.koonings.com\/fr\/product\/libelle-42-4\/\" \/>\n<meta property=\"og:site_name\" content=\"Koonings\" \/>\n<meta property=\"article:publisher\" content=\"https:\/\/www.facebook.com\/kooningstheweddingpalace\" \/>\n<meta property=\"og:image\" content=\"https:\/\/www.koonings.com\/wp-content\/uploads\/2024\/11\/35690_2486465c86ccb7d28b337d7508bea1150810674d78012d3f7a092323006bb1a322c224d8.jpeg\" \/>\n\t<meta property=\"og:image:width\" content=\"300\" \/>\n\t<meta property=\"og:image:height\" content=\"450\" \/>\n\t<meta property=\"og:image:type\" content=\"image\/jpeg\" \/>\n<meta name=\"twitter:card\" content=\"summary_large_image\" \/>\n<script type=\"application\/ld+json\" class=\"yoast-schema-graph\">{\"@context\":\"https:\\\/\\\/schema.org\",\"@graph\":[{\"@type\":\"WebPage\",\"@id\":\"https:\\\/\\\/www.koonings.com\\\/fr\\\/product\\\/libelle-42-4\\\/\",\"url\":\"https:\\\/\\\/www.koonings.com\\\/fr\\\/product\\\/libelle-42-4\\\/\",\"name\":\"Libelle 42 | Koonings\",\"isPartOf\":{\"@id\":\"https:\\\/\\\/www.koonings.com\\\/fr\\\/#website\"},\"primaryImageOfPage\":{\"@id\":\"https:\\\/\\\/www.koonings.com\\\/fr\\\/product\\\/libelle-42-4\\\/#primaryimage\"},\"image\":{\"@id\":\"https:\\\/\\\/www.koonings.com\\\/fr\\\/product\\\/libelle-42-4\\\/#primaryimage\"},\"thumbnailUrl\":\"https:\\\/\\\/www.koonings.com\\\/wp-content\\\/uploads\\\/2024\\\/11\\\/35690_2486465c86ccb7d28b337d7508bea1150810674d78012d3f7a092323006bb1a322c224d8.jpeg\",\"datePublished\":\"2025-07-10T10:06:24+00:00\",\"description\":\"La robe Gaby est souple, a\u00e9rienne et l\u00e9g\u00e8re comme une plume. Cette robe vous donne tout l'\u00e9clat dont vous avez besoin. La dentelle florale romantique se marie \u00e0 merveille avec l'encolure d\u00e9licatement ajust\u00e9e. Le corsage \u00e0 petites bretelles \u00e9l\u00e9gantes est dot\u00e9 d'un dos bas ouvert et d'un jupon moderne en tulle fait de dentelle \u00e9tincelante. Les appliques de dentelle orn\u00e9es de perles sur le corsage compl\u00e8tent ce look de mari\u00e9e.\",\"breadcrumb\":{\"@id\":\"https:\\\/\\\/www.koonings.com\\\/fr\\\/product\\\/libelle-42-4\\\/#breadcrumb\"},\"inLanguage\":\"fr-FR\",\"potentialAction\":[{\"@type\":\"ReadAction\",\"target\":[\"https:\\\/\\\/www.koonings.com\\\/fr\\\/product\\\/libelle-42-4\\\/\"]}]},{\"@type\":\"ImageObject\",\"inLanguage\":\"fr-FR\",\"@id\":\"https:\\\/\\\/www.koonings.com\\\/fr\\\/product\\\/libelle-42-4\\\/#primaryimage\",\"url\":\"https:\\\/\\\/www.koonings.com\\\/wp-content\\\/uploads\\\/2024\\\/11\\\/35690_2486465c86ccb7d28b337d7508bea1150810674d78012d3f7a092323006bb1a322c224d8.jpeg\",\"contentUrl\":\"https:\\\/\\\/www.koonings.com\\\/wp-content\\\/uploads\\\/2024\\\/11\\\/35690_2486465c86ccb7d28b337d7508bea1150810674d78012d3f7a092323006bb1a322c224d8.jpeg\",\"width\":300,\"height\":450},{\"@type\":\"BreadcrumbList\",\"@id\":\"https:\\\/\\\/www.koonings.com\\\/fr\\\/product\\\/libelle-42-4\\\/#breadcrumb\",\"itemListElement\":[{\"@type\":\"ListItem\",\"position\":1,\"name\":\"Home\",\"item\":\"https:\\\/\\\/www.koonings.com\\\/fr\\\/\"},{\"@type\":\"ListItem\",\"position\":2,\"name\":\"Libelle 42\"}]},{\"@type\":\"WebSite\",\"@id\":\"https:\\\/\\\/www.koonings.com\\\/fr\\\/#website\",\"url\":\"https:\\\/\\\/www.koonings.com\\\/fr\\\/\",\"name\":\"Koonings\",\"description\":\"De grootste bruidsmodewinkel ter wereld\",\"publisher\":{\"@id\":\"https:\\\/\\\/www.koonings.com\\\/fr\\\/#organization\"},\"potentialAction\":[{\"@type\":\"SearchAction\",\"target\":{\"@type\":\"EntryPoint\",\"urlTemplate\":\"https:\\\/\\\/www.koonings.com\\\/fr\\\/?s={search_term_string}\"},\"query-input\":{\"@type\":\"PropertyValueSpecification\",\"valueRequired\":true,\"valueName\":\"search_term_string\"}}],\"inLanguage\":\"fr-FR\"},{\"@type\":\"Organization\",\"@id\":\"https:\\\/\\\/www.koonings.com\\\/fr\\\/#organization\",\"name\":\"Koonings\",\"url\":\"https:\\\/\\\/www.koonings.com\\\/fr\\\/\",\"logo\":{\"@type\":\"ImageObject\",\"inLanguage\":\"fr-FR\",\"@id\":\"https:\\\/\\\/www.koonings.com\\\/fr\\\/#\\\/schema\\\/logo\\\/image\\\/\",\"url\":\"https:\\\/\\\/www.koonings.com\\\/wp-content\\\/uploads\\\/2024\\\/07\\\/logo.png\",\"contentUrl\":\"https:\\\/\\\/www.koonings.com\\\/wp-content\\\/uploads\\\/2024\\\/07\\\/logo.png\",\"width\":600,\"height\":428,\"caption\":\"Koonings\"},\"image\":{\"@id\":\"https:\\\/\\\/www.koonings.com\\\/fr\\\/#\\\/schema\\\/logo\\\/image\\\/\"},\"sameAs\":[\"https:\\\/\\\/www.facebook.com\\\/kooningstheweddingpalace\",\"https:\\\/\\\/www.instagram.com\\\/kooningstheweddingpalace\",\"https:\\\/\\\/www.pinterest.com\\\/koonings\",\"https:\\\/\\\/www.youtube.com\\\/kooningstheweddingpalace\"]}]}<\/script>\n<!-- \/ Yoast SEO plugin. -->","yoast_head_json":{"title":"Libelle 42 | Koonings","description":"La robe Gaby est souple, a\u00e9rienne et l\u00e9g\u00e8re comme une plume. Cette robe vous donne tout l'\u00e9clat dont vous avez besoin. La dentelle florale romantique se marie \u00e0 merveille avec l'encolure d\u00e9licatement ajust\u00e9e. Le corsage \u00e0 petites bretelles \u00e9l\u00e9gantes est dot\u00e9 d'un dos bas ouvert et d'un jupon moderne en tulle fait de dentelle \u00e9tincelante. Les appliques de dentelle orn\u00e9es de perles sur le corsage compl\u00e8tent ce look de mari\u00e9e.","robots":{"index":"index","follow":"follow","max-snippet":"max-snippet:-1","max-image-preview":"max-image-preview:large","max-video-preview":"max-video-preview:-1"},"canonical":"https:\/\/www.koonings.com\/fr\/product\/libelle-42-4\/","og_locale":"fr_FR","og_type":"article","og_title":"Libelle 42 | Koonings","og_description":"La robe Gaby est souple, a\u00e9rienne et l\u00e9g\u00e8re comme une plume. Cette robe vous donne tout l'\u00e9clat dont vous avez besoin. La dentelle florale romantique se marie \u00e0 merveille avec l'encolure d\u00e9licatement ajust\u00e9e. Le corsage \u00e0 petites bretelles \u00e9l\u00e9gantes est dot\u00e9 d'un dos bas ouvert et d'un jupon moderne en tulle fait de dentelle \u00e9tincelante. Les appliques de dentelle orn\u00e9es de perles sur le corsage compl\u00e8tent ce look de mari\u00e9e.","og_url":"https:\/\/www.koonings.com\/fr\/product\/libelle-42-4\/","og_site_name":"Koonings","article_publisher":"https:\/\/www.facebook.com\/kooningstheweddingpalace","og_image":[{"width":300,"height":450,"url":"https:\/\/www.koonings.com\/wp-content\/uploads\/2024\/11\/35690_2486465c86ccb7d28b337d7508bea1150810674d78012d3f7a092323006bb1a322c224d8.jpeg","type":"image\/jpeg"}],"twitter_card":"summary_large_image","schema":{"@context":"https:\/\/schema.org","@graph":[{"@type":"WebPage","@id":"https:\/\/www.koonings.com\/fr\/product\/libelle-42-4\/","url":"https:\/\/www.koonings.com\/fr\/product\/libelle-42-4\/","name":"Libelle 42 | Koonings","isPartOf":{"@id":"https:\/\/www.koonings.com\/fr\/#website"},"primaryImageOfPage":{"@id":"https:\/\/www.koonings.com\/fr\/product\/libelle-42-4\/#primaryimage"},"image":{"@id":"https:\/\/www.koonings.com\/fr\/product\/libelle-42-4\/#primaryimage"},"thumbnailUrl":"https:\/\/www.koonings.com\/wp-content\/uploads\/2024\/11\/35690_2486465c86ccb7d28b337d7508bea1150810674d78012d3f7a092323006bb1a322c224d8.jpeg","datePublished":"2025-07-10T10:06:24+00:00","description":"La robe Gaby est souple, a\u00e9rienne et l\u00e9g\u00e8re comme une plume. Cette robe vous donne tout l'\u00e9clat dont vous avez besoin. La dentelle florale romantique se marie \u00e0 merveille avec l'encolure d\u00e9licatement ajust\u00e9e. Le corsage \u00e0 petites bretelles \u00e9l\u00e9gantes est dot\u00e9 d'un dos bas ouvert et d'un jupon moderne en tulle fait de dentelle \u00e9tincelante. Les appliques de dentelle orn\u00e9es de perles sur le corsage compl\u00e8tent ce look de mari\u00e9e.","breadcrumb":{"@id":"https:\/\/www.koonings.com\/fr\/product\/libelle-42-4\/#breadcrumb"},"inLanguage":"fr-FR","potentialAction":[{"@type":"ReadAction","target":["https:\/\/www.koonings.com\/fr\/product\/libelle-42-4\/"]}]},{"@type":"ImageObject","inLanguage":"fr-FR","@id":"https:\/\/www.koonings.com\/fr\/product\/libelle-42-4\/#primaryimage","url":"https:\/\/www.koonings.com\/wp-content\/uploads\/2024\/11\/35690_2486465c86ccb7d28b337d7508bea1150810674d78012d3f7a092323006bb1a322c224d8.jpeg","contentUrl":"https:\/\/www.koonings.com\/wp-content\/uploads\/2024\/11\/35690_2486465c86ccb7d28b337d7508bea1150810674d78012d3f7a092323006bb1a322c224d8.jpeg","width":300,"height":450},{"@type":"BreadcrumbList","@id":"https:\/\/www.koonings.com\/fr\/product\/libelle-42-4\/#breadcrumb","itemListElement":[{"@type":"ListItem","position":1,"name":"Home","item":"https:\/\/www.koonings.com\/fr\/"},{"@type":"ListItem","position":2,"name":"Libelle 42"}]},{"@type":"WebSite","@id":"https:\/\/www.koonings.com\/fr\/#website","url":"https:\/\/www.koonings.com\/fr\/","name":"Koonings","description":"De grootste bruidsmodewinkel ter wereld","publisher":{"@id":"https:\/\/www.koonings.com\/fr\/#organization"},"potentialAction":[{"@type":"SearchAction","target":{"@type":"EntryPoint","urlTemplate":"https:\/\/www.koonings.com\/fr\/?s={search_term_string}"},"query-input":{"@type":"PropertyValueSpecification","valueRequired":true,"valueName":"search_term_string"}}],"inLanguage":"fr-FR"},{"@type":"Organization","@id":"https:\/\/www.koonings.com\/fr\/#organization","name":"Koonings","url":"https:\/\/www.koonings.com\/fr\/","logo":{"@type":"ImageObject","inLanguage":"fr-FR","@id":"https:\/\/www.koonings.com\/fr\/#\/schema\/logo\/image\/","url":"https:\/\/www.koonings.com\/wp-content\/uploads\/2024\/07\/logo.png","contentUrl":"https:\/\/www.koonings.com\/wp-content\/uploads\/2024\/07\/logo.png","width":600,"height":428,"caption":"Koonings"},"image":{"@id":"https:\/\/www.koonings.com\/fr\/#\/schema\/logo\/image\/"},"sameAs":["https:\/\/www.facebook.com\/kooningstheweddingpalace","https:\/\/www.instagram.com\/kooningstheweddingpalace","https:\/\/www.pinterest.com\/koonings","https:\/\/www.youtube.com\/kooningstheweddingpalace"]}]}},"_links":{"self":[{"href":"https:\/\/www.koonings.com\/fr\/wp-json\/wp\/v2\/product\/32780","targetHints":{"allow":["GET"]}}],"collection":[{"href":"https:\/\/www.koonings.com\/fr\/wp-json\/wp\/v2\/product"}],"about":[{"href":"https:\/\/www.koonings.com\/fr\/wp-json\/wp\/v2\/types\/product"}],"wp:featuredmedia":[{"embeddable":true,"href":"https:\/\/www.koonings.com\/fr\/wp-json\/wp\/v2\/media\/27263"}],"wp:attachment":[{"href":"https:\/\/www.koonings.com\/fr\/wp-json\/wp\/v2\/media?parent=32780"}],"wp:term":[{"taxonomy":"productdetails","embeddable":true,"href":"https:\/\/www.koonings.com\/fr\/wp-json\/wp\/v2\/productdetails?post=32780"},{"taxonomy":"productneck","embeddable":true,"href":"https:\/\/www.koonings.com\/fr\/wp-json\/wp\/v2\/productneck?post=32780"},{"taxonomy":"productcolor","embeddable":true,"href":"https:\/\/www.koonings.com\/fr\/wp-json\/wp\/v2\/productcolor?post=32780"},{"taxonomy":"maat","embeddable":true,"href":"https:\/\/www.koonings.com\/fr\/wp-json\/wp\/v2\/maat?post=32780"},{"taxonomy":"productsupplier","embeddable":true,"href":"https:\/\/www.koonings.com\/fr\/wp-json\/wp\/v2\/productsupplier?post=32780"},{"taxonomy":"productsleeve","embeddable":true,"href":"https:\/\/www.koonings.com\/fr\/wp-json\/wp\/v2\/productsleeve?post=32780"},{"taxonomy":"productcategory","embeddable":true,"href":"https:\/\/www.koonings.com\/fr\/wp-json\/wp\/v2\/productcategory?post=32780"},{"taxonomy":"productsilhouette","embeddable":true,"href":"https:\/\/www.koonings.com\/fr\/wp-json\/wp\/v2\/productsilhouette?post=32780"},{"taxonomy":"productstyle","embeddable":true,"href":"https:\/\/www.koonings.com\/fr\/wp-json\/wp\/v2\/productstyle?post=32780"}],"curies":[{"name":"wp","href":"https:\/\/api.w.org\/{rel}","templated":true}]}}