{"id":32776,"date":"2026-04-21T18:06:38","date_gmt":"2026-04-21T16:06:38","guid":{"rendered":"https:\/\/www.koonings.com\/product\/herve-paris-aze\/"},"modified":"2026-02-16T13:54:48","modified_gmt":"2026-02-16T12:54:48","slug":"herve-paris-aze","status":"publish","type":"product","link":"https:\/\/www.koonings.com\/fr\/product\/herve-paris-aze\/","title":{"rendered":"Herve Paris Aze"},"content":{"rendered":"<p>Une pr\u00e9sentation contemporaine de tissus audacieux et de formes romantiques.<br \/>\nLe corsage en dentelle d&#8217;Aze rappelle le style caract\u00e9ristique d&#8217;Herv\u00e9 Paris avec une touche de modernit\u00e9. Aze est confectionn\u00e9 avec un tulle pointill\u00e9 unique pour cr\u00e9er un \u00e9l\u00e9ment textur\u00e9 saisissant qui rehausse l&#8217;effet dramatique d\u00e9j\u00e0 cr\u00e9\u00e9 par une fente de jambe sulfureuse. <\/p>\n","protected":false},"featured_media":27250,"template":"","meta":{"_acf_changed":false,"ghostkit_customizer_options":"","ghostkit_custom_css":"","ghostkit_custom_js_head":"","ghostkit_custom_js_foot":"","ghostkit_typography":""},"productdetails":[378],"productneck":[356],"productcolor":[392],"maat":[],"productsupplier":[424],"productsleeve":[359],"productcategory":[18],"productsilhouette":[384,389],"productstyle":[366,370,373],"class_list":["post-32776","product","type-product","status-publish","has-post-thumbnail","hentry","productdetails-378","productneck-356","productcolor-392","productsupplier-herve-paris","productsleeve-359","productcategory-trouwjurken","productsilhouette-384","productsilhouette-389","productstyle-366","productstyle-370","productstyle-373"],"acf":[],"yoast_head":"<!-- This site is optimized with the Yoast SEO plugin v27.3 - https:\/\/yoast.com\/product\/yoast-seo-wordpress\/ -->\n<title>Herve Paris Aze | Koonings<\/title>\n<meta name=\"description\" content=\"Une pr\u00e9sentation contemporaine de tissus audacieux et de formes romantiques. Le corsage en dentelle d&#039;Aze rappelle le style caract\u00e9ristique d&#039;Herv\u00e9 Paris avec une touche de modernit\u00e9. Aze est confectionn\u00e9 avec un tulle pointill\u00e9 unique pour cr\u00e9er un \u00e9l\u00e9ment textur\u00e9 saisissant qui rehausse l&#039;effet dramatique d\u00e9j\u00e0 cr\u00e9\u00e9 par une fente de jambe sulfureuse.\" \/>\n<meta name=\"robots\" content=\"index, follow, max-snippet:-1, max-image-preview:large, max-video-preview:-1\" \/>\n<link rel=\"canonical\" href=\"https:\/\/www.koonings.com\/fr\/product\/herve-paris-aze\/\" \/>\n<meta property=\"og:locale\" content=\"fr_FR\" \/>\n<meta property=\"og:type\" content=\"article\" \/>\n<meta property=\"og:title\" content=\"Herve Paris Aze | Koonings\" \/>\n<meta property=\"og:description\" content=\"Une pr\u00e9sentation contemporaine de tissus audacieux et de formes romantiques. Le corsage en dentelle d&#039;Aze rappelle le style caract\u00e9ristique d&#039;Herv\u00e9 Paris avec une touche de modernit\u00e9. Aze est confectionn\u00e9 avec un tulle pointill\u00e9 unique pour cr\u00e9er un \u00e9l\u00e9ment textur\u00e9 saisissant qui rehausse l&#039;effet dramatique d\u00e9j\u00e0 cr\u00e9\u00e9 par une fente de jambe sulfureuse.\" \/>\n<meta property=\"og:url\" content=\"https:\/\/www.koonings.com\/fr\/product\/herve-paris-aze\/\" \/>\n<meta property=\"og:site_name\" content=\"Koonings\" \/>\n<meta property=\"article:publisher\" content=\"https:\/\/www.facebook.com\/kooningstheweddingpalace\" \/>\n<meta property=\"og:image\" content=\"https:\/\/www.koonings.com\/wp-content\/uploads\/2024\/11\/35689_78606749ec08080dff2c3ebb0c6b60404322cf341f86be6640a7d08e2353fcdb881c82f9.jpeg\" \/>\n\t<meta property=\"og:image:width\" content=\"1609\" \/>\n\t<meta property=\"og:image:height\" content=\"2271\" \/>\n\t<meta property=\"og:image:type\" content=\"image\/jpeg\" \/>\n<meta name=\"twitter:card\" content=\"summary_large_image\" \/>\n<script type=\"application\/ld+json\" class=\"yoast-schema-graph\">{\"@context\":\"https:\\\/\\\/schema.org\",\"@graph\":[{\"@type\":\"WebPage\",\"@id\":\"https:\\\/\\\/www.koonings.com\\\/fr\\\/product\\\/herve-paris-aze\\\/\",\"url\":\"https:\\\/\\\/www.koonings.com\\\/fr\\\/product\\\/herve-paris-aze\\\/\",\"name\":\"Herve Paris Aze | Koonings\",\"isPartOf\":{\"@id\":\"https:\\\/\\\/www.koonings.com\\\/fr\\\/#website\"},\"primaryImageOfPage\":{\"@id\":\"https:\\\/\\\/www.koonings.com\\\/fr\\\/product\\\/herve-paris-aze\\\/#primaryimage\"},\"image\":{\"@id\":\"https:\\\/\\\/www.koonings.com\\\/fr\\\/product\\\/herve-paris-aze\\\/#primaryimage\"},\"thumbnailUrl\":\"https:\\\/\\\/www.koonings.com\\\/wp-content\\\/uploads\\\/2024\\\/11\\\/35689_78606749ec08080dff2c3ebb0c6b60404322cf341f86be6640a7d08e2353fcdb881c82f9.jpeg\",\"datePublished\":\"2026-04-21T16:06:38+00:00\",\"description\":\"Une pr\u00e9sentation contemporaine de tissus audacieux et de formes romantiques. Le corsage en dentelle d'Aze rappelle le style caract\u00e9ristique d'Herv\u00e9 Paris avec une touche de modernit\u00e9. Aze est confectionn\u00e9 avec un tulle pointill\u00e9 unique pour cr\u00e9er un \u00e9l\u00e9ment textur\u00e9 saisissant qui rehausse l'effet dramatique d\u00e9j\u00e0 cr\u00e9\u00e9 par une fente de jambe sulfureuse.\",\"breadcrumb\":{\"@id\":\"https:\\\/\\\/www.koonings.com\\\/fr\\\/product\\\/herve-paris-aze\\\/#breadcrumb\"},\"inLanguage\":\"fr-FR\",\"potentialAction\":[{\"@type\":\"ReadAction\",\"target\":[\"https:\\\/\\\/www.koonings.com\\\/fr\\\/product\\\/herve-paris-aze\\\/\"]}]},{\"@type\":\"ImageObject\",\"inLanguage\":\"fr-FR\",\"@id\":\"https:\\\/\\\/www.koonings.com\\\/fr\\\/product\\\/herve-paris-aze\\\/#primaryimage\",\"url\":\"https:\\\/\\\/www.koonings.com\\\/wp-content\\\/uploads\\\/2024\\\/11\\\/35689_78606749ec08080dff2c3ebb0c6b60404322cf341f86be6640a7d08e2353fcdb881c82f9.jpeg\",\"contentUrl\":\"https:\\\/\\\/www.koonings.com\\\/wp-content\\\/uploads\\\/2024\\\/11\\\/35689_78606749ec08080dff2c3ebb0c6b60404322cf341f86be6640a7d08e2353fcdb881c82f9.jpeg\",\"width\":1609,\"height\":2271},{\"@type\":\"BreadcrumbList\",\"@id\":\"https:\\\/\\\/www.koonings.com\\\/fr\\\/product\\\/herve-paris-aze\\\/#breadcrumb\",\"itemListElement\":[{\"@type\":\"ListItem\",\"position\":1,\"name\":\"Home\",\"item\":\"https:\\\/\\\/www.koonings.com\\\/fr\\\/\"},{\"@type\":\"ListItem\",\"position\":2,\"name\":\"Herve Paris Aze\"}]},{\"@type\":\"WebSite\",\"@id\":\"https:\\\/\\\/www.koonings.com\\\/fr\\\/#website\",\"url\":\"https:\\\/\\\/www.koonings.com\\\/fr\\\/\",\"name\":\"Koonings\",\"description\":\"De grootste bruidsmodewinkel ter wereld\",\"publisher\":{\"@id\":\"https:\\\/\\\/www.koonings.com\\\/fr\\\/#organization\"},\"potentialAction\":[{\"@type\":\"SearchAction\",\"target\":{\"@type\":\"EntryPoint\",\"urlTemplate\":\"https:\\\/\\\/www.koonings.com\\\/fr\\\/?s={search_term_string}\"},\"query-input\":{\"@type\":\"PropertyValueSpecification\",\"valueRequired\":true,\"valueName\":\"search_term_string\"}}],\"inLanguage\":\"fr-FR\"},{\"@type\":\"Organization\",\"@id\":\"https:\\\/\\\/www.koonings.com\\\/fr\\\/#organization\",\"name\":\"Koonings\",\"url\":\"https:\\\/\\\/www.koonings.com\\\/fr\\\/\",\"logo\":{\"@type\":\"ImageObject\",\"inLanguage\":\"fr-FR\",\"@id\":\"https:\\\/\\\/www.koonings.com\\\/fr\\\/#\\\/schema\\\/logo\\\/image\\\/\",\"url\":\"https:\\\/\\\/www.koonings.com\\\/wp-content\\\/uploads\\\/2024\\\/07\\\/logo.png\",\"contentUrl\":\"https:\\\/\\\/www.koonings.com\\\/wp-content\\\/uploads\\\/2024\\\/07\\\/logo.png\",\"width\":600,\"height\":428,\"caption\":\"Koonings\"},\"image\":{\"@id\":\"https:\\\/\\\/www.koonings.com\\\/fr\\\/#\\\/schema\\\/logo\\\/image\\\/\"},\"sameAs\":[\"https:\\\/\\\/www.facebook.com\\\/kooningstheweddingpalace\",\"https:\\\/\\\/www.instagram.com\\\/kooningstheweddingpalace\",\"https:\\\/\\\/www.pinterest.com\\\/koonings\",\"https:\\\/\\\/www.youtube.com\\\/kooningstheweddingpalace\"]}]}<\/script>\n<!-- \/ Yoast SEO plugin. -->","yoast_head_json":{"title":"Herve Paris Aze | Koonings","description":"Une pr\u00e9sentation contemporaine de tissus audacieux et de formes romantiques. Le corsage en dentelle d'Aze rappelle le style caract\u00e9ristique d'Herv\u00e9 Paris avec une touche de modernit\u00e9. Aze est confectionn\u00e9 avec un tulle pointill\u00e9 unique pour cr\u00e9er un \u00e9l\u00e9ment textur\u00e9 saisissant qui rehausse l'effet dramatique d\u00e9j\u00e0 cr\u00e9\u00e9 par une fente de jambe sulfureuse.","robots":{"index":"index","follow":"follow","max-snippet":"max-snippet:-1","max-image-preview":"max-image-preview:large","max-video-preview":"max-video-preview:-1"},"canonical":"https:\/\/www.koonings.com\/fr\/product\/herve-paris-aze\/","og_locale":"fr_FR","og_type":"article","og_title":"Herve Paris Aze | Koonings","og_description":"Une pr\u00e9sentation contemporaine de tissus audacieux et de formes romantiques. Le corsage en dentelle d'Aze rappelle le style caract\u00e9ristique d'Herv\u00e9 Paris avec une touche de modernit\u00e9. Aze est confectionn\u00e9 avec un tulle pointill\u00e9 unique pour cr\u00e9er un \u00e9l\u00e9ment textur\u00e9 saisissant qui rehausse l'effet dramatique d\u00e9j\u00e0 cr\u00e9\u00e9 par une fente de jambe sulfureuse.","og_url":"https:\/\/www.koonings.com\/fr\/product\/herve-paris-aze\/","og_site_name":"Koonings","article_publisher":"https:\/\/www.facebook.com\/kooningstheweddingpalace","og_image":[{"width":1609,"height":2271,"url":"https:\/\/www.koonings.com\/wp-content\/uploads\/2024\/11\/35689_78606749ec08080dff2c3ebb0c6b60404322cf341f86be6640a7d08e2353fcdb881c82f9.jpeg","type":"image\/jpeg"}],"twitter_card":"summary_large_image","schema":{"@context":"https:\/\/schema.org","@graph":[{"@type":"WebPage","@id":"https:\/\/www.koonings.com\/fr\/product\/herve-paris-aze\/","url":"https:\/\/www.koonings.com\/fr\/product\/herve-paris-aze\/","name":"Herve Paris Aze | Koonings","isPartOf":{"@id":"https:\/\/www.koonings.com\/fr\/#website"},"primaryImageOfPage":{"@id":"https:\/\/www.koonings.com\/fr\/product\/herve-paris-aze\/#primaryimage"},"image":{"@id":"https:\/\/www.koonings.com\/fr\/product\/herve-paris-aze\/#primaryimage"},"thumbnailUrl":"https:\/\/www.koonings.com\/wp-content\/uploads\/2024\/11\/35689_78606749ec08080dff2c3ebb0c6b60404322cf341f86be6640a7d08e2353fcdb881c82f9.jpeg","datePublished":"2026-04-21T16:06:38+00:00","description":"Une pr\u00e9sentation contemporaine de tissus audacieux et de formes romantiques. Le corsage en dentelle d'Aze rappelle le style caract\u00e9ristique d'Herv\u00e9 Paris avec une touche de modernit\u00e9. Aze est confectionn\u00e9 avec un tulle pointill\u00e9 unique pour cr\u00e9er un \u00e9l\u00e9ment textur\u00e9 saisissant qui rehausse l'effet dramatique d\u00e9j\u00e0 cr\u00e9\u00e9 par une fente de jambe sulfureuse.","breadcrumb":{"@id":"https:\/\/www.koonings.com\/fr\/product\/herve-paris-aze\/#breadcrumb"},"inLanguage":"fr-FR","potentialAction":[{"@type":"ReadAction","target":["https:\/\/www.koonings.com\/fr\/product\/herve-paris-aze\/"]}]},{"@type":"ImageObject","inLanguage":"fr-FR","@id":"https:\/\/www.koonings.com\/fr\/product\/herve-paris-aze\/#primaryimage","url":"https:\/\/www.koonings.com\/wp-content\/uploads\/2024\/11\/35689_78606749ec08080dff2c3ebb0c6b60404322cf341f86be6640a7d08e2353fcdb881c82f9.jpeg","contentUrl":"https:\/\/www.koonings.com\/wp-content\/uploads\/2024\/11\/35689_78606749ec08080dff2c3ebb0c6b60404322cf341f86be6640a7d08e2353fcdb881c82f9.jpeg","width":1609,"height":2271},{"@type":"BreadcrumbList","@id":"https:\/\/www.koonings.com\/fr\/product\/herve-paris-aze\/#breadcrumb","itemListElement":[{"@type":"ListItem","position":1,"name":"Home","item":"https:\/\/www.koonings.com\/fr\/"},{"@type":"ListItem","position":2,"name":"Herve Paris Aze"}]},{"@type":"WebSite","@id":"https:\/\/www.koonings.com\/fr\/#website","url":"https:\/\/www.koonings.com\/fr\/","name":"Koonings","description":"De grootste bruidsmodewinkel ter wereld","publisher":{"@id":"https:\/\/www.koonings.com\/fr\/#organization"},"potentialAction":[{"@type":"SearchAction","target":{"@type":"EntryPoint","urlTemplate":"https:\/\/www.koonings.com\/fr\/?s={search_term_string}"},"query-input":{"@type":"PropertyValueSpecification","valueRequired":true,"valueName":"search_term_string"}}],"inLanguage":"fr-FR"},{"@type":"Organization","@id":"https:\/\/www.koonings.com\/fr\/#organization","name":"Koonings","url":"https:\/\/www.koonings.com\/fr\/","logo":{"@type":"ImageObject","inLanguage":"fr-FR","@id":"https:\/\/www.koonings.com\/fr\/#\/schema\/logo\/image\/","url":"https:\/\/www.koonings.com\/wp-content\/uploads\/2024\/07\/logo.png","contentUrl":"https:\/\/www.koonings.com\/wp-content\/uploads\/2024\/07\/logo.png","width":600,"height":428,"caption":"Koonings"},"image":{"@id":"https:\/\/www.koonings.com\/fr\/#\/schema\/logo\/image\/"},"sameAs":["https:\/\/www.facebook.com\/kooningstheweddingpalace","https:\/\/www.instagram.com\/kooningstheweddingpalace","https:\/\/www.pinterest.com\/koonings","https:\/\/www.youtube.com\/kooningstheweddingpalace"]}]}},"_links":{"self":[{"href":"https:\/\/www.koonings.com\/fr\/wp-json\/wp\/v2\/product\/32776","targetHints":{"allow":["GET"]}}],"collection":[{"href":"https:\/\/www.koonings.com\/fr\/wp-json\/wp\/v2\/product"}],"about":[{"href":"https:\/\/www.koonings.com\/fr\/wp-json\/wp\/v2\/types\/product"}],"wp:featuredmedia":[{"embeddable":true,"href":"https:\/\/www.koonings.com\/fr\/wp-json\/wp\/v2\/media\/27250"}],"wp:attachment":[{"href":"https:\/\/www.koonings.com\/fr\/wp-json\/wp\/v2\/media?parent=32776"}],"wp:term":[{"taxonomy":"productdetails","embeddable":true,"href":"https:\/\/www.koonings.com\/fr\/wp-json\/wp\/v2\/productdetails?post=32776"},{"taxonomy":"productneck","embeddable":true,"href":"https:\/\/www.koonings.com\/fr\/wp-json\/wp\/v2\/productneck?post=32776"},{"taxonomy":"productcolor","embeddable":true,"href":"https:\/\/www.koonings.com\/fr\/wp-json\/wp\/v2\/productcolor?post=32776"},{"taxonomy":"maat","embeddable":true,"href":"https:\/\/www.koonings.com\/fr\/wp-json\/wp\/v2\/maat?post=32776"},{"taxonomy":"productsupplier","embeddable":true,"href":"https:\/\/www.koonings.com\/fr\/wp-json\/wp\/v2\/productsupplier?post=32776"},{"taxonomy":"productsleeve","embeddable":true,"href":"https:\/\/www.koonings.com\/fr\/wp-json\/wp\/v2\/productsleeve?post=32776"},{"taxonomy":"productcategory","embeddable":true,"href":"https:\/\/www.koonings.com\/fr\/wp-json\/wp\/v2\/productcategory?post=32776"},{"taxonomy":"productsilhouette","embeddable":true,"href":"https:\/\/www.koonings.com\/fr\/wp-json\/wp\/v2\/productsilhouette?post=32776"},{"taxonomy":"productstyle","embeddable":true,"href":"https:\/\/www.koonings.com\/fr\/wp-json\/wp\/v2\/productstyle?post=32776"}],"curies":[{"name":"wp","href":"https:\/\/api.w.org\/{rel}","templated":true}]}}