{"id":32764,"date":"2025-12-15T00:08:11","date_gmt":"2025-12-14T23:08:11","guid":{"rendered":"https:\/\/www.koonings.com\/product\/atelier-pronovias-dickinson\/"},"modified":"2026-02-03T17:41:56","modified_gmt":"2026-02-03T16:41:56","slug":"atelier-pronovias-dickinson","status":"publish","type":"product","link":"https:\/\/www.koonings.com\/fr\/product\/atelier-pronovias-dickinson\/","title":{"rendered":"Atelier Pronovias Dickinson"},"content":{"rendered":"<p>Un tulle doux et des broderies chatoyantes forment une robe de mari\u00e9e spectaculaire avec des \u00e9paules remarquables et un profond d\u00e9collet\u00e9 en V. Des boutons en cristal pur descendent dans le dos jusqu&#8217;\u00e0 la tra\u00eene arrondie. Des boutons en cristal pur descendent dans le dos jusqu&#8217;\u00e0 la tra\u00eene arrondie. Une robe de mari\u00e9e \u00e0 couper le souffle.  <\/p>\n","protected":false},"featured_media":27328,"template":"","meta":{"_acf_changed":false,"ghostkit_customizer_options":"","ghostkit_custom_css":"","ghostkit_custom_js_head":"","ghostkit_custom_js_foot":"","ghostkit_typography":""},"productdetails":[379,376,381],"productneck":[356],"productcolor":[393,392],"maat":[],"productsupplier":[429],"productsleeve":[362],"productcategory":[18],"productsilhouette":[387,391],"productstyle":[367,370],"class_list":["post-32764","product","type-product","status-publish","has-post-thumbnail","hentry","productdetails-379","productdetails-376","productdetails-381","productneck-356","productcolor-393","productcolor-392","productsupplier-atelier-pronovias","productsleeve-362","productcategory-trouwjurken","productsilhouette-387","productsilhouette-391","productstyle-367","productstyle-370"],"acf":[],"yoast_head":"<!-- This site is optimized with the Yoast SEO plugin v27.3 - https:\/\/yoast.com\/product\/yoast-seo-wordpress\/ -->\n<title>Atelier Pronovias Dickinson | Koonings<\/title>\n<meta name=\"description\" content=\"Un tulle doux et des broderies chatoyantes forment une robe de mari\u00e9e spectaculaire avec des \u00e9paules remarquables et un profond d\u00e9collet\u00e9 en V. Des boutons en cristal pur descendent dans le dos jusqu&#039;\u00e0 la tra\u00eene arrondie. Des boutons en cristal pur descendent dans le dos jusqu&#039;\u00e0 la tra\u00eene arrondie. Une robe de mari\u00e9e \u00e0 couper le souffle.\" \/>\n<meta name=\"robots\" content=\"index, follow, max-snippet:-1, max-image-preview:large, max-video-preview:-1\" \/>\n<link rel=\"canonical\" href=\"https:\/\/www.koonings.com\/fr\/product\/atelier-pronovias-dickinson\/\" \/>\n<meta property=\"og:locale\" content=\"fr_FR\" \/>\n<meta property=\"og:type\" content=\"article\" \/>\n<meta property=\"og:title\" content=\"Atelier Pronovias Dickinson | Koonings\" \/>\n<meta property=\"og:description\" content=\"Un tulle doux et des broderies chatoyantes forment une robe de mari\u00e9e spectaculaire avec des \u00e9paules remarquables et un profond d\u00e9collet\u00e9 en V. Des boutons en cristal pur descendent dans le dos jusqu&#039;\u00e0 la tra\u00eene arrondie. Des boutons en cristal pur descendent dans le dos jusqu&#039;\u00e0 la tra\u00eene arrondie. Une robe de mari\u00e9e \u00e0 couper le souffle.\" \/>\n<meta property=\"og:url\" content=\"https:\/\/www.koonings.com\/fr\/product\/atelier-pronovias-dickinson\/\" \/>\n<meta property=\"og:site_name\" content=\"Koonings\" \/>\n<meta property=\"article:publisher\" content=\"https:\/\/www.facebook.com\/kooningstheweddingpalace\" \/>\n<meta property=\"article:modified_time\" content=\"2026-02-03T16:41:56+00:00\" \/>\n<meta property=\"og:image\" content=\"https:\/\/www.koonings.com\/wp-content\/uploads\/2024\/11\/35867_63bd89a701593f9b251b4dea6812953163f18c79e6aa146731c97f35c7f77bcde981f065.jpeg\" \/>\n\t<meta property=\"og:image:width\" content=\"1754\" \/>\n\t<meta property=\"og:image:height\" content=\"2480\" \/>\n\t<meta property=\"og:image:type\" content=\"image\/jpeg\" \/>\n<meta name=\"twitter:card\" content=\"summary_large_image\" \/>\n<script type=\"application\/ld+json\" class=\"yoast-schema-graph\">{\"@context\":\"https:\\\/\\\/schema.org\",\"@graph\":[{\"@type\":\"WebPage\",\"@id\":\"https:\\\/\\\/www.koonings.com\\\/fr\\\/product\\\/atelier-pronovias-dickinson\\\/\",\"url\":\"https:\\\/\\\/www.koonings.com\\\/fr\\\/product\\\/atelier-pronovias-dickinson\\\/\",\"name\":\"Atelier Pronovias Dickinson | Koonings\",\"isPartOf\":{\"@id\":\"https:\\\/\\\/www.koonings.com\\\/fr\\\/#website\"},\"primaryImageOfPage\":{\"@id\":\"https:\\\/\\\/www.koonings.com\\\/fr\\\/product\\\/atelier-pronovias-dickinson\\\/#primaryimage\"},\"image\":{\"@id\":\"https:\\\/\\\/www.koonings.com\\\/fr\\\/product\\\/atelier-pronovias-dickinson\\\/#primaryimage\"},\"thumbnailUrl\":\"https:\\\/\\\/www.koonings.com\\\/wp-content\\\/uploads\\\/2024\\\/11\\\/35867_63bd89a701593f9b251b4dea6812953163f18c79e6aa146731c97f35c7f77bcde981f065.jpeg\",\"datePublished\":\"2025-12-14T23:08:11+00:00\",\"dateModified\":\"2026-02-03T16:41:56+00:00\",\"description\":\"Un tulle doux et des broderies chatoyantes forment une robe de mari\u00e9e spectaculaire avec des \u00e9paules remarquables et un profond d\u00e9collet\u00e9 en V. Des boutons en cristal pur descendent dans le dos jusqu'\u00e0 la tra\u00eene arrondie. Des boutons en cristal pur descendent dans le dos jusqu'\u00e0 la tra\u00eene arrondie. Une robe de mari\u00e9e \u00e0 couper le souffle.\",\"breadcrumb\":{\"@id\":\"https:\\\/\\\/www.koonings.com\\\/fr\\\/product\\\/atelier-pronovias-dickinson\\\/#breadcrumb\"},\"inLanguage\":\"fr-FR\",\"potentialAction\":[{\"@type\":\"ReadAction\",\"target\":[\"https:\\\/\\\/www.koonings.com\\\/fr\\\/product\\\/atelier-pronovias-dickinson\\\/\"]}]},{\"@type\":\"ImageObject\",\"inLanguage\":\"fr-FR\",\"@id\":\"https:\\\/\\\/www.koonings.com\\\/fr\\\/product\\\/atelier-pronovias-dickinson\\\/#primaryimage\",\"url\":\"https:\\\/\\\/www.koonings.com\\\/wp-content\\\/uploads\\\/2024\\\/11\\\/35867_63bd89a701593f9b251b4dea6812953163f18c79e6aa146731c97f35c7f77bcde981f065.jpeg\",\"contentUrl\":\"https:\\\/\\\/www.koonings.com\\\/wp-content\\\/uploads\\\/2024\\\/11\\\/35867_63bd89a701593f9b251b4dea6812953163f18c79e6aa146731c97f35c7f77bcde981f065.jpeg\",\"width\":1754,\"height\":2480},{\"@type\":\"BreadcrumbList\",\"@id\":\"https:\\\/\\\/www.koonings.com\\\/fr\\\/product\\\/atelier-pronovias-dickinson\\\/#breadcrumb\",\"itemListElement\":[{\"@type\":\"ListItem\",\"position\":1,\"name\":\"Home\",\"item\":\"https:\\\/\\\/www.koonings.com\\\/fr\\\/\"},{\"@type\":\"ListItem\",\"position\":2,\"name\":\"Atelier Pronovias Dickinson\"}]},{\"@type\":\"WebSite\",\"@id\":\"https:\\\/\\\/www.koonings.com\\\/fr\\\/#website\",\"url\":\"https:\\\/\\\/www.koonings.com\\\/fr\\\/\",\"name\":\"Koonings\",\"description\":\"De grootste bruidsmodewinkel ter wereld\",\"publisher\":{\"@id\":\"https:\\\/\\\/www.koonings.com\\\/fr\\\/#organization\"},\"potentialAction\":[{\"@type\":\"SearchAction\",\"target\":{\"@type\":\"EntryPoint\",\"urlTemplate\":\"https:\\\/\\\/www.koonings.com\\\/fr\\\/?s={search_term_string}\"},\"query-input\":{\"@type\":\"PropertyValueSpecification\",\"valueRequired\":true,\"valueName\":\"search_term_string\"}}],\"inLanguage\":\"fr-FR\"},{\"@type\":\"Organization\",\"@id\":\"https:\\\/\\\/www.koonings.com\\\/fr\\\/#organization\",\"name\":\"Koonings\",\"url\":\"https:\\\/\\\/www.koonings.com\\\/fr\\\/\",\"logo\":{\"@type\":\"ImageObject\",\"inLanguage\":\"fr-FR\",\"@id\":\"https:\\\/\\\/www.koonings.com\\\/fr\\\/#\\\/schema\\\/logo\\\/image\\\/\",\"url\":\"https:\\\/\\\/www.koonings.com\\\/wp-content\\\/uploads\\\/2024\\\/07\\\/logo.png\",\"contentUrl\":\"https:\\\/\\\/www.koonings.com\\\/wp-content\\\/uploads\\\/2024\\\/07\\\/logo.png\",\"width\":600,\"height\":428,\"caption\":\"Koonings\"},\"image\":{\"@id\":\"https:\\\/\\\/www.koonings.com\\\/fr\\\/#\\\/schema\\\/logo\\\/image\\\/\"},\"sameAs\":[\"https:\\\/\\\/www.facebook.com\\\/kooningstheweddingpalace\",\"https:\\\/\\\/www.instagram.com\\\/kooningstheweddingpalace\",\"https:\\\/\\\/www.pinterest.com\\\/koonings\",\"https:\\\/\\\/www.youtube.com\\\/kooningstheweddingpalace\"]}]}<\/script>\n<!-- \/ Yoast SEO plugin. -->","yoast_head_json":{"title":"Atelier Pronovias Dickinson | Koonings","description":"Un tulle doux et des broderies chatoyantes forment une robe de mari\u00e9e spectaculaire avec des \u00e9paules remarquables et un profond d\u00e9collet\u00e9 en V. Des boutons en cristal pur descendent dans le dos jusqu'\u00e0 la tra\u00eene arrondie. Des boutons en cristal pur descendent dans le dos jusqu'\u00e0 la tra\u00eene arrondie. Une robe de mari\u00e9e \u00e0 couper le souffle.","robots":{"index":"index","follow":"follow","max-snippet":"max-snippet:-1","max-image-preview":"max-image-preview:large","max-video-preview":"max-video-preview:-1"},"canonical":"https:\/\/www.koonings.com\/fr\/product\/atelier-pronovias-dickinson\/","og_locale":"fr_FR","og_type":"article","og_title":"Atelier Pronovias Dickinson | Koonings","og_description":"Un tulle doux et des broderies chatoyantes forment une robe de mari\u00e9e spectaculaire avec des \u00e9paules remarquables et un profond d\u00e9collet\u00e9 en V. Des boutons en cristal pur descendent dans le dos jusqu'\u00e0 la tra\u00eene arrondie. Des boutons en cristal pur descendent dans le dos jusqu'\u00e0 la tra\u00eene arrondie. Une robe de mari\u00e9e \u00e0 couper le souffle.","og_url":"https:\/\/www.koonings.com\/fr\/product\/atelier-pronovias-dickinson\/","og_site_name":"Koonings","article_publisher":"https:\/\/www.facebook.com\/kooningstheweddingpalace","article_modified_time":"2026-02-03T16:41:56+00:00","og_image":[{"width":1754,"height":2480,"url":"https:\/\/www.koonings.com\/wp-content\/uploads\/2024\/11\/35867_63bd89a701593f9b251b4dea6812953163f18c79e6aa146731c97f35c7f77bcde981f065.jpeg","type":"image\/jpeg"}],"twitter_card":"summary_large_image","schema":{"@context":"https:\/\/schema.org","@graph":[{"@type":"WebPage","@id":"https:\/\/www.koonings.com\/fr\/product\/atelier-pronovias-dickinson\/","url":"https:\/\/www.koonings.com\/fr\/product\/atelier-pronovias-dickinson\/","name":"Atelier Pronovias Dickinson | Koonings","isPartOf":{"@id":"https:\/\/www.koonings.com\/fr\/#website"},"primaryImageOfPage":{"@id":"https:\/\/www.koonings.com\/fr\/product\/atelier-pronovias-dickinson\/#primaryimage"},"image":{"@id":"https:\/\/www.koonings.com\/fr\/product\/atelier-pronovias-dickinson\/#primaryimage"},"thumbnailUrl":"https:\/\/www.koonings.com\/wp-content\/uploads\/2024\/11\/35867_63bd89a701593f9b251b4dea6812953163f18c79e6aa146731c97f35c7f77bcde981f065.jpeg","datePublished":"2025-12-14T23:08:11+00:00","dateModified":"2026-02-03T16:41:56+00:00","description":"Un tulle doux et des broderies chatoyantes forment une robe de mari\u00e9e spectaculaire avec des \u00e9paules remarquables et un profond d\u00e9collet\u00e9 en V. Des boutons en cristal pur descendent dans le dos jusqu'\u00e0 la tra\u00eene arrondie. Des boutons en cristal pur descendent dans le dos jusqu'\u00e0 la tra\u00eene arrondie. Une robe de mari\u00e9e \u00e0 couper le souffle.","breadcrumb":{"@id":"https:\/\/www.koonings.com\/fr\/product\/atelier-pronovias-dickinson\/#breadcrumb"},"inLanguage":"fr-FR","potentialAction":[{"@type":"ReadAction","target":["https:\/\/www.koonings.com\/fr\/product\/atelier-pronovias-dickinson\/"]}]},{"@type":"ImageObject","inLanguage":"fr-FR","@id":"https:\/\/www.koonings.com\/fr\/product\/atelier-pronovias-dickinson\/#primaryimage","url":"https:\/\/www.koonings.com\/wp-content\/uploads\/2024\/11\/35867_63bd89a701593f9b251b4dea6812953163f18c79e6aa146731c97f35c7f77bcde981f065.jpeg","contentUrl":"https:\/\/www.koonings.com\/wp-content\/uploads\/2024\/11\/35867_63bd89a701593f9b251b4dea6812953163f18c79e6aa146731c97f35c7f77bcde981f065.jpeg","width":1754,"height":2480},{"@type":"BreadcrumbList","@id":"https:\/\/www.koonings.com\/fr\/product\/atelier-pronovias-dickinson\/#breadcrumb","itemListElement":[{"@type":"ListItem","position":1,"name":"Home","item":"https:\/\/www.koonings.com\/fr\/"},{"@type":"ListItem","position":2,"name":"Atelier Pronovias Dickinson"}]},{"@type":"WebSite","@id":"https:\/\/www.koonings.com\/fr\/#website","url":"https:\/\/www.koonings.com\/fr\/","name":"Koonings","description":"De grootste bruidsmodewinkel ter wereld","publisher":{"@id":"https:\/\/www.koonings.com\/fr\/#organization"},"potentialAction":[{"@type":"SearchAction","target":{"@type":"EntryPoint","urlTemplate":"https:\/\/www.koonings.com\/fr\/?s={search_term_string}"},"query-input":{"@type":"PropertyValueSpecification","valueRequired":true,"valueName":"search_term_string"}}],"inLanguage":"fr-FR"},{"@type":"Organization","@id":"https:\/\/www.koonings.com\/fr\/#organization","name":"Koonings","url":"https:\/\/www.koonings.com\/fr\/","logo":{"@type":"ImageObject","inLanguage":"fr-FR","@id":"https:\/\/www.koonings.com\/fr\/#\/schema\/logo\/image\/","url":"https:\/\/www.koonings.com\/wp-content\/uploads\/2024\/07\/logo.png","contentUrl":"https:\/\/www.koonings.com\/wp-content\/uploads\/2024\/07\/logo.png","width":600,"height":428,"caption":"Koonings"},"image":{"@id":"https:\/\/www.koonings.com\/fr\/#\/schema\/logo\/image\/"},"sameAs":["https:\/\/www.facebook.com\/kooningstheweddingpalace","https:\/\/www.instagram.com\/kooningstheweddingpalace","https:\/\/www.pinterest.com\/koonings","https:\/\/www.youtube.com\/kooningstheweddingpalace"]}]}},"_links":{"self":[{"href":"https:\/\/www.koonings.com\/fr\/wp-json\/wp\/v2\/product\/32764","targetHints":{"allow":["GET"]}}],"collection":[{"href":"https:\/\/www.koonings.com\/fr\/wp-json\/wp\/v2\/product"}],"about":[{"href":"https:\/\/www.koonings.com\/fr\/wp-json\/wp\/v2\/types\/product"}],"wp:featuredmedia":[{"embeddable":true,"href":"https:\/\/www.koonings.com\/fr\/wp-json\/wp\/v2\/media\/27328"}],"wp:attachment":[{"href":"https:\/\/www.koonings.com\/fr\/wp-json\/wp\/v2\/media?parent=32764"}],"wp:term":[{"taxonomy":"productdetails","embeddable":true,"href":"https:\/\/www.koonings.com\/fr\/wp-json\/wp\/v2\/productdetails?post=32764"},{"taxonomy":"productneck","embeddable":true,"href":"https:\/\/www.koonings.com\/fr\/wp-json\/wp\/v2\/productneck?post=32764"},{"taxonomy":"productcolor","embeddable":true,"href":"https:\/\/www.koonings.com\/fr\/wp-json\/wp\/v2\/productcolor?post=32764"},{"taxonomy":"maat","embeddable":true,"href":"https:\/\/www.koonings.com\/fr\/wp-json\/wp\/v2\/maat?post=32764"},{"taxonomy":"productsupplier","embeddable":true,"href":"https:\/\/www.koonings.com\/fr\/wp-json\/wp\/v2\/productsupplier?post=32764"},{"taxonomy":"productsleeve","embeddable":true,"href":"https:\/\/www.koonings.com\/fr\/wp-json\/wp\/v2\/productsleeve?post=32764"},{"taxonomy":"productcategory","embeddable":true,"href":"https:\/\/www.koonings.com\/fr\/wp-json\/wp\/v2\/productcategory?post=32764"},{"taxonomy":"productsilhouette","embeddable":true,"href":"https:\/\/www.koonings.com\/fr\/wp-json\/wp\/v2\/productsilhouette?post=32764"},{"taxonomy":"productstyle","embeddable":true,"href":"https:\/\/www.koonings.com\/fr\/wp-json\/wp\/v2\/productstyle?post=32764"}],"curies":[{"name":"wp","href":"https:\/\/api.w.org\/{rel}","templated":true}]}}