{"id":32748,"date":"2025-12-15T00:08:12","date_gmt":"2025-12-14T23:08:12","guid":{"rendered":"https:\/\/www.koonings.com\/product\/pronovias-fashion-group-finglas\/"},"modified":"2026-02-03T17:42:05","modified_gmt":"2026-02-03T16:42:05","slug":"pronovias-fashion-group-finglas","status":"publish","type":"product","link":"https:\/\/www.koonings.com\/fr\/product\/pronovias-fashion-group-finglas\/","title":{"rendered":"Pronovias Fashion Group Finglas"},"content":{"rendered":"<p>Une silhouette intemporelle interpr\u00e9t\u00e9e en appliques de dentelle structur\u00e9es sur un tulle doux. Des barres et des bonnets souples mod\u00e8lent le haut du corsage et le d\u00e9collet\u00e9, qui est orn\u00e9 de minuscules perles argent\u00e9es. Une tra\u00eene festonn\u00e9e et un \u00e9l\u00e9gant dos illusion compl\u00e8tent le look.  <\/p>\n","protected":false},"featured_media":27392,"template":"","meta":{"_acf_changed":false,"ghostkit_customizer_options":"","ghostkit_custom_css":"","ghostkit_custom_js_head":"","ghostkit_custom_js_foot":"","ghostkit_typography":""},"productdetails":[],"productneck":[355],"productcolor":[392],"maat":[],"productsupplier":[430],"productsleeve":[359],"productcategory":[18],"productsilhouette":[387,390],"productstyle":[],"class_list":["post-32748","product","type-product","status-publish","has-post-thumbnail","hentry","productneck-355","productcolor-392","productsupplier-pronovias-fashion-group","productsleeve-359","productcategory-trouwjurken","productsilhouette-387","productsilhouette-390"],"acf":[],"yoast_head":"<!-- This site is optimized with the Yoast SEO plugin v27.3 - https:\/\/yoast.com\/product\/yoast-seo-wordpress\/ -->\n<title>Pronovias Fashion Group Finglas | Koonings<\/title>\n<meta name=\"description\" content=\"Une silhouette intemporelle interpr\u00e9t\u00e9e en appliques de dentelle structur\u00e9es sur un tulle doux. Des barres et des bonnets souples mod\u00e8lent le haut du corsage et le d\u00e9collet\u00e9, qui est orn\u00e9 de minuscules perles argent\u00e9es. Une tra\u00eene festonn\u00e9e et un \u00e9l\u00e9gant dos illusion compl\u00e8tent le look.\" \/>\n<meta name=\"robots\" content=\"index, follow, max-snippet:-1, max-image-preview:large, max-video-preview:-1\" \/>\n<link rel=\"canonical\" href=\"https:\/\/www.koonings.com\/fr\/product\/pronovias-fashion-group-finglas\/\" \/>\n<meta property=\"og:locale\" content=\"fr_FR\" \/>\n<meta property=\"og:type\" content=\"article\" \/>\n<meta property=\"og:title\" content=\"Pronovias Fashion Group Finglas | Koonings\" \/>\n<meta property=\"og:description\" content=\"Une silhouette intemporelle interpr\u00e9t\u00e9e en appliques de dentelle structur\u00e9es sur un tulle doux. Des barres et des bonnets souples mod\u00e8lent le haut du corsage et le d\u00e9collet\u00e9, qui est orn\u00e9 de minuscules perles argent\u00e9es. Une tra\u00eene festonn\u00e9e et un \u00e9l\u00e9gant dos illusion compl\u00e8tent le look.\" \/>\n<meta property=\"og:url\" content=\"https:\/\/www.koonings.com\/fr\/product\/pronovias-fashion-group-finglas\/\" \/>\n<meta property=\"og:site_name\" content=\"Koonings\" \/>\n<meta property=\"article:publisher\" content=\"https:\/\/www.facebook.com\/kooningstheweddingpalace\" \/>\n<meta property=\"article:modified_time\" content=\"2026-02-03T16:42:05+00:00\" \/>\n<meta property=\"og:image\" content=\"https:\/\/www.koonings.com\/wp-content\/uploads\/2024\/11\/35912_ad198150a257ad2e039ca30c1a81993f1c2f0c41ba3098e86d3b7ddd2459bb1f6f81e3e0.jpeg\" \/>\n\t<meta property=\"og:image:width\" content=\"1630\" \/>\n\t<meta property=\"og:image:height\" content=\"2304\" \/>\n\t<meta property=\"og:image:type\" content=\"image\/jpeg\" \/>\n<meta name=\"twitter:card\" content=\"summary_large_image\" \/>\n<script type=\"application\/ld+json\" class=\"yoast-schema-graph\">{\"@context\":\"https:\\\/\\\/schema.org\",\"@graph\":[{\"@type\":\"WebPage\",\"@id\":\"https:\\\/\\\/www.koonings.com\\\/fr\\\/product\\\/pronovias-fashion-group-finglas\\\/\",\"url\":\"https:\\\/\\\/www.koonings.com\\\/fr\\\/product\\\/pronovias-fashion-group-finglas\\\/\",\"name\":\"Pronovias Fashion Group Finglas | Koonings\",\"isPartOf\":{\"@id\":\"https:\\\/\\\/www.koonings.com\\\/fr\\\/#website\"},\"primaryImageOfPage\":{\"@id\":\"https:\\\/\\\/www.koonings.com\\\/fr\\\/product\\\/pronovias-fashion-group-finglas\\\/#primaryimage\"},\"image\":{\"@id\":\"https:\\\/\\\/www.koonings.com\\\/fr\\\/product\\\/pronovias-fashion-group-finglas\\\/#primaryimage\"},\"thumbnailUrl\":\"https:\\\/\\\/www.koonings.com\\\/wp-content\\\/uploads\\\/2024\\\/11\\\/35912_ad198150a257ad2e039ca30c1a81993f1c2f0c41ba3098e86d3b7ddd2459bb1f6f81e3e0.jpeg\",\"datePublished\":\"2025-12-14T23:08:12+00:00\",\"dateModified\":\"2026-02-03T16:42:05+00:00\",\"description\":\"Une silhouette intemporelle interpr\u00e9t\u00e9e en appliques de dentelle structur\u00e9es sur un tulle doux. Des barres et des bonnets souples mod\u00e8lent le haut du corsage et le d\u00e9collet\u00e9, qui est orn\u00e9 de minuscules perles argent\u00e9es. Une tra\u00eene festonn\u00e9e et un \u00e9l\u00e9gant dos illusion compl\u00e8tent le look.\",\"breadcrumb\":{\"@id\":\"https:\\\/\\\/www.koonings.com\\\/fr\\\/product\\\/pronovias-fashion-group-finglas\\\/#breadcrumb\"},\"inLanguage\":\"fr-FR\",\"potentialAction\":[{\"@type\":\"ReadAction\",\"target\":[\"https:\\\/\\\/www.koonings.com\\\/fr\\\/product\\\/pronovias-fashion-group-finglas\\\/\"]}]},{\"@type\":\"ImageObject\",\"inLanguage\":\"fr-FR\",\"@id\":\"https:\\\/\\\/www.koonings.com\\\/fr\\\/product\\\/pronovias-fashion-group-finglas\\\/#primaryimage\",\"url\":\"https:\\\/\\\/www.koonings.com\\\/wp-content\\\/uploads\\\/2024\\\/11\\\/35912_ad198150a257ad2e039ca30c1a81993f1c2f0c41ba3098e86d3b7ddd2459bb1f6f81e3e0.jpeg\",\"contentUrl\":\"https:\\\/\\\/www.koonings.com\\\/wp-content\\\/uploads\\\/2024\\\/11\\\/35912_ad198150a257ad2e039ca30c1a81993f1c2f0c41ba3098e86d3b7ddd2459bb1f6f81e3e0.jpeg\",\"width\":1630,\"height\":2304},{\"@type\":\"BreadcrumbList\",\"@id\":\"https:\\\/\\\/www.koonings.com\\\/fr\\\/product\\\/pronovias-fashion-group-finglas\\\/#breadcrumb\",\"itemListElement\":[{\"@type\":\"ListItem\",\"position\":1,\"name\":\"Home\",\"item\":\"https:\\\/\\\/www.koonings.com\\\/fr\\\/\"},{\"@type\":\"ListItem\",\"position\":2,\"name\":\"Pronovias Fashion Group Finglas\"}]},{\"@type\":\"WebSite\",\"@id\":\"https:\\\/\\\/www.koonings.com\\\/fr\\\/#website\",\"url\":\"https:\\\/\\\/www.koonings.com\\\/fr\\\/\",\"name\":\"Koonings\",\"description\":\"De grootste bruidsmodewinkel ter wereld\",\"publisher\":{\"@id\":\"https:\\\/\\\/www.koonings.com\\\/fr\\\/#organization\"},\"potentialAction\":[{\"@type\":\"SearchAction\",\"target\":{\"@type\":\"EntryPoint\",\"urlTemplate\":\"https:\\\/\\\/www.koonings.com\\\/fr\\\/?s={search_term_string}\"},\"query-input\":{\"@type\":\"PropertyValueSpecification\",\"valueRequired\":true,\"valueName\":\"search_term_string\"}}],\"inLanguage\":\"fr-FR\"},{\"@type\":\"Organization\",\"@id\":\"https:\\\/\\\/www.koonings.com\\\/fr\\\/#organization\",\"name\":\"Koonings\",\"url\":\"https:\\\/\\\/www.koonings.com\\\/fr\\\/\",\"logo\":{\"@type\":\"ImageObject\",\"inLanguage\":\"fr-FR\",\"@id\":\"https:\\\/\\\/www.koonings.com\\\/fr\\\/#\\\/schema\\\/logo\\\/image\\\/\",\"url\":\"https:\\\/\\\/www.koonings.com\\\/wp-content\\\/uploads\\\/2024\\\/07\\\/logo.png\",\"contentUrl\":\"https:\\\/\\\/www.koonings.com\\\/wp-content\\\/uploads\\\/2024\\\/07\\\/logo.png\",\"width\":600,\"height\":428,\"caption\":\"Koonings\"},\"image\":{\"@id\":\"https:\\\/\\\/www.koonings.com\\\/fr\\\/#\\\/schema\\\/logo\\\/image\\\/\"},\"sameAs\":[\"https:\\\/\\\/www.facebook.com\\\/kooningstheweddingpalace\",\"https:\\\/\\\/www.instagram.com\\\/kooningstheweddingpalace\",\"https:\\\/\\\/www.pinterest.com\\\/koonings\",\"https:\\\/\\\/www.youtube.com\\\/kooningstheweddingpalace\"]}]}<\/script>\n<!-- \/ Yoast SEO plugin. -->","yoast_head_json":{"title":"Pronovias Fashion Group Finglas | Koonings","description":"Une silhouette intemporelle interpr\u00e9t\u00e9e en appliques de dentelle structur\u00e9es sur un tulle doux. Des barres et des bonnets souples mod\u00e8lent le haut du corsage et le d\u00e9collet\u00e9, qui est orn\u00e9 de minuscules perles argent\u00e9es. Une tra\u00eene festonn\u00e9e et un \u00e9l\u00e9gant dos illusion compl\u00e8tent le look.","robots":{"index":"index","follow":"follow","max-snippet":"max-snippet:-1","max-image-preview":"max-image-preview:large","max-video-preview":"max-video-preview:-1"},"canonical":"https:\/\/www.koonings.com\/fr\/product\/pronovias-fashion-group-finglas\/","og_locale":"fr_FR","og_type":"article","og_title":"Pronovias Fashion Group Finglas | Koonings","og_description":"Une silhouette intemporelle interpr\u00e9t\u00e9e en appliques de dentelle structur\u00e9es sur un tulle doux. Des barres et des bonnets souples mod\u00e8lent le haut du corsage et le d\u00e9collet\u00e9, qui est orn\u00e9 de minuscules perles argent\u00e9es. Une tra\u00eene festonn\u00e9e et un \u00e9l\u00e9gant dos illusion compl\u00e8tent le look.","og_url":"https:\/\/www.koonings.com\/fr\/product\/pronovias-fashion-group-finglas\/","og_site_name":"Koonings","article_publisher":"https:\/\/www.facebook.com\/kooningstheweddingpalace","article_modified_time":"2026-02-03T16:42:05+00:00","og_image":[{"width":1630,"height":2304,"url":"https:\/\/www.koonings.com\/wp-content\/uploads\/2024\/11\/35912_ad198150a257ad2e039ca30c1a81993f1c2f0c41ba3098e86d3b7ddd2459bb1f6f81e3e0.jpeg","type":"image\/jpeg"}],"twitter_card":"summary_large_image","schema":{"@context":"https:\/\/schema.org","@graph":[{"@type":"WebPage","@id":"https:\/\/www.koonings.com\/fr\/product\/pronovias-fashion-group-finglas\/","url":"https:\/\/www.koonings.com\/fr\/product\/pronovias-fashion-group-finglas\/","name":"Pronovias Fashion Group Finglas | Koonings","isPartOf":{"@id":"https:\/\/www.koonings.com\/fr\/#website"},"primaryImageOfPage":{"@id":"https:\/\/www.koonings.com\/fr\/product\/pronovias-fashion-group-finglas\/#primaryimage"},"image":{"@id":"https:\/\/www.koonings.com\/fr\/product\/pronovias-fashion-group-finglas\/#primaryimage"},"thumbnailUrl":"https:\/\/www.koonings.com\/wp-content\/uploads\/2024\/11\/35912_ad198150a257ad2e039ca30c1a81993f1c2f0c41ba3098e86d3b7ddd2459bb1f6f81e3e0.jpeg","datePublished":"2025-12-14T23:08:12+00:00","dateModified":"2026-02-03T16:42:05+00:00","description":"Une silhouette intemporelle interpr\u00e9t\u00e9e en appliques de dentelle structur\u00e9es sur un tulle doux. Des barres et des bonnets souples mod\u00e8lent le haut du corsage et le d\u00e9collet\u00e9, qui est orn\u00e9 de minuscules perles argent\u00e9es. Une tra\u00eene festonn\u00e9e et un \u00e9l\u00e9gant dos illusion compl\u00e8tent le look.","breadcrumb":{"@id":"https:\/\/www.koonings.com\/fr\/product\/pronovias-fashion-group-finglas\/#breadcrumb"},"inLanguage":"fr-FR","potentialAction":[{"@type":"ReadAction","target":["https:\/\/www.koonings.com\/fr\/product\/pronovias-fashion-group-finglas\/"]}]},{"@type":"ImageObject","inLanguage":"fr-FR","@id":"https:\/\/www.koonings.com\/fr\/product\/pronovias-fashion-group-finglas\/#primaryimage","url":"https:\/\/www.koonings.com\/wp-content\/uploads\/2024\/11\/35912_ad198150a257ad2e039ca30c1a81993f1c2f0c41ba3098e86d3b7ddd2459bb1f6f81e3e0.jpeg","contentUrl":"https:\/\/www.koonings.com\/wp-content\/uploads\/2024\/11\/35912_ad198150a257ad2e039ca30c1a81993f1c2f0c41ba3098e86d3b7ddd2459bb1f6f81e3e0.jpeg","width":1630,"height":2304},{"@type":"BreadcrumbList","@id":"https:\/\/www.koonings.com\/fr\/product\/pronovias-fashion-group-finglas\/#breadcrumb","itemListElement":[{"@type":"ListItem","position":1,"name":"Home","item":"https:\/\/www.koonings.com\/fr\/"},{"@type":"ListItem","position":2,"name":"Pronovias Fashion Group Finglas"}]},{"@type":"WebSite","@id":"https:\/\/www.koonings.com\/fr\/#website","url":"https:\/\/www.koonings.com\/fr\/","name":"Koonings","description":"De grootste bruidsmodewinkel ter wereld","publisher":{"@id":"https:\/\/www.koonings.com\/fr\/#organization"},"potentialAction":[{"@type":"SearchAction","target":{"@type":"EntryPoint","urlTemplate":"https:\/\/www.koonings.com\/fr\/?s={search_term_string}"},"query-input":{"@type":"PropertyValueSpecification","valueRequired":true,"valueName":"search_term_string"}}],"inLanguage":"fr-FR"},{"@type":"Organization","@id":"https:\/\/www.koonings.com\/fr\/#organization","name":"Koonings","url":"https:\/\/www.koonings.com\/fr\/","logo":{"@type":"ImageObject","inLanguage":"fr-FR","@id":"https:\/\/www.koonings.com\/fr\/#\/schema\/logo\/image\/","url":"https:\/\/www.koonings.com\/wp-content\/uploads\/2024\/07\/logo.png","contentUrl":"https:\/\/www.koonings.com\/wp-content\/uploads\/2024\/07\/logo.png","width":600,"height":428,"caption":"Koonings"},"image":{"@id":"https:\/\/www.koonings.com\/fr\/#\/schema\/logo\/image\/"},"sameAs":["https:\/\/www.facebook.com\/kooningstheweddingpalace","https:\/\/www.instagram.com\/kooningstheweddingpalace","https:\/\/www.pinterest.com\/koonings","https:\/\/www.youtube.com\/kooningstheweddingpalace"]}]}},"_links":{"self":[{"href":"https:\/\/www.koonings.com\/fr\/wp-json\/wp\/v2\/product\/32748","targetHints":{"allow":["GET"]}}],"collection":[{"href":"https:\/\/www.koonings.com\/fr\/wp-json\/wp\/v2\/product"}],"about":[{"href":"https:\/\/www.koonings.com\/fr\/wp-json\/wp\/v2\/types\/product"}],"wp:featuredmedia":[{"embeddable":true,"href":"https:\/\/www.koonings.com\/fr\/wp-json\/wp\/v2\/media\/27392"}],"wp:attachment":[{"href":"https:\/\/www.koonings.com\/fr\/wp-json\/wp\/v2\/media?parent=32748"}],"wp:term":[{"taxonomy":"productdetails","embeddable":true,"href":"https:\/\/www.koonings.com\/fr\/wp-json\/wp\/v2\/productdetails?post=32748"},{"taxonomy":"productneck","embeddable":true,"href":"https:\/\/www.koonings.com\/fr\/wp-json\/wp\/v2\/productneck?post=32748"},{"taxonomy":"productcolor","embeddable":true,"href":"https:\/\/www.koonings.com\/fr\/wp-json\/wp\/v2\/productcolor?post=32748"},{"taxonomy":"maat","embeddable":true,"href":"https:\/\/www.koonings.com\/fr\/wp-json\/wp\/v2\/maat?post=32748"},{"taxonomy":"productsupplier","embeddable":true,"href":"https:\/\/www.koonings.com\/fr\/wp-json\/wp\/v2\/productsupplier?post=32748"},{"taxonomy":"productsleeve","embeddable":true,"href":"https:\/\/www.koonings.com\/fr\/wp-json\/wp\/v2\/productsleeve?post=32748"},{"taxonomy":"productcategory","embeddable":true,"href":"https:\/\/www.koonings.com\/fr\/wp-json\/wp\/v2\/productcategory?post=32748"},{"taxonomy":"productsilhouette","embeddable":true,"href":"https:\/\/www.koonings.com\/fr\/wp-json\/wp\/v2\/productsilhouette?post=32748"},{"taxonomy":"productstyle","embeddable":true,"href":"https:\/\/www.koonings.com\/fr\/wp-json\/wp\/v2\/productstyle?post=32748"}],"curies":[{"name":"wp","href":"https:\/\/api.w.org\/{rel}","templated":true}]}}