{"id":32732,"date":"2026-04-14T16:06:51","date_gmt":"2026-04-14T14:06:51","guid":{"rendered":"https:\/\/www.koonings.com\/product\/ramona-koonings-couture-romanticize-kn2101\/"},"modified":"2026-02-16T13:59:39","modified_gmt":"2026-02-16T12:59:39","slug":"ramona-koonings-couture-romanticize-kn2101","status":"publish","type":"product","link":"https:\/\/www.koonings.com\/fr\/product\/ramona-koonings-couture-romanticize-kn2101\/","title":{"rendered":"Ramona Koonings Couture Romanticize KN2101"},"content":{"rendered":"<p>Cette robe de mari\u00e9e sign\u00e9e Ramona Koonings pr\u00e9sente plusieurs d\u00e9tails int\u00e9ressants. Par exemple, la jupe elle-m\u00eame est ultra-courte, la surjupe descend joliment le long de vos jambes et les manches sont ajour\u00e9es de fa\u00e7on unique, couvrant vos \u00e9paules et vos poignets mais laissant vos bras \u00e0 d\u00e9couvert. La robe est sexy, mais la dentelle d\u00e9licate lui conf\u00e8re \u00e9galement une touche romantique. Cette robe de styliste pr\u00e9sente une belle fente et des manches ouvertes. Vous vous voyez d\u00e9j\u00e0 briller dans cette robe ?    <\/p>\n","protected":false},"featured_media":27452,"template":"","meta":{"_acf_changed":false,"ghostkit_customizer_options":"","ghostkit_custom_css":"","ghostkit_custom_js_head":"","ghostkit_custom_js_foot":"","ghostkit_typography":""},"productdetails":[380,376,378],"productneck":[356],"productcolor":[393,392],"maat":[],"productsupplier":[419],"productsleeve":[362],"productcategory":[18],"productsilhouette":[386,389],"productstyle":[367],"class_list":["post-32732","product","type-product","status-publish","has-post-thumbnail","hentry","productdetails-380","productdetails-376","productdetails-378","productneck-356","productcolor-393","productcolor-392","productsupplier-ramona-koonings-couture","productsleeve-362","productcategory-trouwjurken","productsilhouette-386","productsilhouette-389","productstyle-367"],"acf":[],"yoast_head":"<!-- This site is optimized with the Yoast SEO plugin v27.3 - https:\/\/yoast.com\/product\/yoast-seo-wordpress\/ -->\n<title>Ramona Koonings Couture Romanticize KN2101 | Koonings<\/title>\n<meta name=\"description\" content=\"Cette robe de mari\u00e9e sign\u00e9e Ramona Koonings pr\u00e9sente plusieurs d\u00e9tails int\u00e9ressants. Par exemple, la jupe elle-m\u00eame est ultra-courte, la surjupe descend joliment le long de vos jambes et les manches sont ajour\u00e9es de fa\u00e7on unique, couvrant vos \u00e9paules et vos poignets mais laissant vos bras \u00e0 d\u00e9couvert. La robe est sexy, mais la dentelle d\u00e9licate lui conf\u00e8re \u00e9galement une touche romantique. Cette robe de styliste pr\u00e9sente une belle fente et des manches ouvertes. Vous vous voyez d\u00e9j\u00e0 briller dans cette robe ?\" \/>\n<meta name=\"robots\" content=\"index, follow, max-snippet:-1, max-image-preview:large, max-video-preview:-1\" \/>\n<link rel=\"canonical\" href=\"https:\/\/www.koonings.com\/fr\/product\/ramona-koonings-couture-romanticize-kn2101\/\" \/>\n<meta property=\"og:locale\" content=\"fr_FR\" \/>\n<meta property=\"og:type\" content=\"article\" \/>\n<meta property=\"og:title\" content=\"Ramona Koonings Couture Romanticize KN2101 | Koonings\" \/>\n<meta property=\"og:description\" content=\"Cette robe de mari\u00e9e sign\u00e9e Ramona Koonings pr\u00e9sente plusieurs d\u00e9tails int\u00e9ressants. Par exemple, la jupe elle-m\u00eame est ultra-courte, la surjupe descend joliment le long de vos jambes et les manches sont ajour\u00e9es de fa\u00e7on unique, couvrant vos \u00e9paules et vos poignets mais laissant vos bras \u00e0 d\u00e9couvert. La robe est sexy, mais la dentelle d\u00e9licate lui conf\u00e8re \u00e9galement une touche romantique. Cette robe de styliste pr\u00e9sente une belle fente et des manches ouvertes. Vous vous voyez d\u00e9j\u00e0 briller dans cette robe ?\" \/>\n<meta property=\"og:url\" content=\"https:\/\/www.koonings.com\/fr\/product\/ramona-koonings-couture-romanticize-kn2101\/\" \/>\n<meta property=\"og:site_name\" content=\"Koonings\" \/>\n<meta property=\"article:publisher\" content=\"https:\/\/www.facebook.com\/kooningstheweddingpalace\" \/>\n<meta property=\"og:image\" content=\"https:\/\/www.koonings.com\/wp-content\/uploads\/2024\/11\/36190_f2ba1f3c7d933f88839c7258bf0025ba1a78d325f710eb92b0c33394cbee48db70f1c5d5.jpeg\" \/>\n\t<meta property=\"og:image:width\" content=\"935\" \/>\n\t<meta property=\"og:image:height\" content=\"1324\" \/>\n\t<meta property=\"og:image:type\" content=\"image\/jpeg\" \/>\n<meta name=\"twitter:card\" content=\"summary_large_image\" \/>\n<script type=\"application\/ld+json\" class=\"yoast-schema-graph\">{\"@context\":\"https:\\\/\\\/schema.org\",\"@graph\":[{\"@type\":\"WebPage\",\"@id\":\"https:\\\/\\\/www.koonings.com\\\/fr\\\/product\\\/ramona-koonings-couture-romanticize-kn2101\\\/\",\"url\":\"https:\\\/\\\/www.koonings.com\\\/fr\\\/product\\\/ramona-koonings-couture-romanticize-kn2101\\\/\",\"name\":\"Ramona Koonings Couture Romanticize KN2101 | Koonings\",\"isPartOf\":{\"@id\":\"https:\\\/\\\/www.koonings.com\\\/fr\\\/#website\"},\"primaryImageOfPage\":{\"@id\":\"https:\\\/\\\/www.koonings.com\\\/fr\\\/product\\\/ramona-koonings-couture-romanticize-kn2101\\\/#primaryimage\"},\"image\":{\"@id\":\"https:\\\/\\\/www.koonings.com\\\/fr\\\/product\\\/ramona-koonings-couture-romanticize-kn2101\\\/#primaryimage\"},\"thumbnailUrl\":\"https:\\\/\\\/www.koonings.com\\\/wp-content\\\/uploads\\\/2024\\\/11\\\/36190_f2ba1f3c7d933f88839c7258bf0025ba1a78d325f710eb92b0c33394cbee48db70f1c5d5.jpeg\",\"datePublished\":\"2026-04-14T14:06:51+00:00\",\"description\":\"Cette robe de mari\u00e9e sign\u00e9e Ramona Koonings pr\u00e9sente plusieurs d\u00e9tails int\u00e9ressants. Par exemple, la jupe elle-m\u00eame est ultra-courte, la surjupe descend joliment le long de vos jambes et les manches sont ajour\u00e9es de fa\u00e7on unique, couvrant vos \u00e9paules et vos poignets mais laissant vos bras \u00e0 d\u00e9couvert. La robe est sexy, mais la dentelle d\u00e9licate lui conf\u00e8re \u00e9galement une touche romantique. Cette robe de styliste pr\u00e9sente une belle fente et des manches ouvertes. Vous vous voyez d\u00e9j\u00e0 briller dans cette robe ?\",\"breadcrumb\":{\"@id\":\"https:\\\/\\\/www.koonings.com\\\/fr\\\/product\\\/ramona-koonings-couture-romanticize-kn2101\\\/#breadcrumb\"},\"inLanguage\":\"fr-FR\",\"potentialAction\":[{\"@type\":\"ReadAction\",\"target\":[\"https:\\\/\\\/www.koonings.com\\\/fr\\\/product\\\/ramona-koonings-couture-romanticize-kn2101\\\/\"]}]},{\"@type\":\"ImageObject\",\"inLanguage\":\"fr-FR\",\"@id\":\"https:\\\/\\\/www.koonings.com\\\/fr\\\/product\\\/ramona-koonings-couture-romanticize-kn2101\\\/#primaryimage\",\"url\":\"https:\\\/\\\/www.koonings.com\\\/wp-content\\\/uploads\\\/2024\\\/11\\\/36190_f2ba1f3c7d933f88839c7258bf0025ba1a78d325f710eb92b0c33394cbee48db70f1c5d5.jpeg\",\"contentUrl\":\"https:\\\/\\\/www.koonings.com\\\/wp-content\\\/uploads\\\/2024\\\/11\\\/36190_f2ba1f3c7d933f88839c7258bf0025ba1a78d325f710eb92b0c33394cbee48db70f1c5d5.jpeg\",\"width\":935,\"height\":1324},{\"@type\":\"BreadcrumbList\",\"@id\":\"https:\\\/\\\/www.koonings.com\\\/fr\\\/product\\\/ramona-koonings-couture-romanticize-kn2101\\\/#breadcrumb\",\"itemListElement\":[{\"@type\":\"ListItem\",\"position\":1,\"name\":\"Home\",\"item\":\"https:\\\/\\\/www.koonings.com\\\/fr\\\/\"},{\"@type\":\"ListItem\",\"position\":2,\"name\":\"Ramona Koonings Couture Romanticize KN2101\"}]},{\"@type\":\"WebSite\",\"@id\":\"https:\\\/\\\/www.koonings.com\\\/fr\\\/#website\",\"url\":\"https:\\\/\\\/www.koonings.com\\\/fr\\\/\",\"name\":\"Koonings\",\"description\":\"De grootste bruidsmodewinkel ter wereld\",\"publisher\":{\"@id\":\"https:\\\/\\\/www.koonings.com\\\/fr\\\/#organization\"},\"potentialAction\":[{\"@type\":\"SearchAction\",\"target\":{\"@type\":\"EntryPoint\",\"urlTemplate\":\"https:\\\/\\\/www.koonings.com\\\/fr\\\/?s={search_term_string}\"},\"query-input\":{\"@type\":\"PropertyValueSpecification\",\"valueRequired\":true,\"valueName\":\"search_term_string\"}}],\"inLanguage\":\"fr-FR\"},{\"@type\":\"Organization\",\"@id\":\"https:\\\/\\\/www.koonings.com\\\/fr\\\/#organization\",\"name\":\"Koonings\",\"url\":\"https:\\\/\\\/www.koonings.com\\\/fr\\\/\",\"logo\":{\"@type\":\"ImageObject\",\"inLanguage\":\"fr-FR\",\"@id\":\"https:\\\/\\\/www.koonings.com\\\/fr\\\/#\\\/schema\\\/logo\\\/image\\\/\",\"url\":\"https:\\\/\\\/www.koonings.com\\\/wp-content\\\/uploads\\\/2024\\\/07\\\/logo.png\",\"contentUrl\":\"https:\\\/\\\/www.koonings.com\\\/wp-content\\\/uploads\\\/2024\\\/07\\\/logo.png\",\"width\":600,\"height\":428,\"caption\":\"Koonings\"},\"image\":{\"@id\":\"https:\\\/\\\/www.koonings.com\\\/fr\\\/#\\\/schema\\\/logo\\\/image\\\/\"},\"sameAs\":[\"https:\\\/\\\/www.facebook.com\\\/kooningstheweddingpalace\",\"https:\\\/\\\/www.instagram.com\\\/kooningstheweddingpalace\",\"https:\\\/\\\/www.pinterest.com\\\/koonings\",\"https:\\\/\\\/www.youtube.com\\\/kooningstheweddingpalace\"]}]}<\/script>\n<!-- \/ Yoast SEO plugin. -->","yoast_head_json":{"title":"Ramona Koonings Couture Romanticize KN2101 | Koonings","description":"Cette robe de mari\u00e9e sign\u00e9e Ramona Koonings pr\u00e9sente plusieurs d\u00e9tails int\u00e9ressants. Par exemple, la jupe elle-m\u00eame est ultra-courte, la surjupe descend joliment le long de vos jambes et les manches sont ajour\u00e9es de fa\u00e7on unique, couvrant vos \u00e9paules et vos poignets mais laissant vos bras \u00e0 d\u00e9couvert. La robe est sexy, mais la dentelle d\u00e9licate lui conf\u00e8re \u00e9galement une touche romantique. Cette robe de styliste pr\u00e9sente une belle fente et des manches ouvertes. Vous vous voyez d\u00e9j\u00e0 briller dans cette robe ?","robots":{"index":"index","follow":"follow","max-snippet":"max-snippet:-1","max-image-preview":"max-image-preview:large","max-video-preview":"max-video-preview:-1"},"canonical":"https:\/\/www.koonings.com\/fr\/product\/ramona-koonings-couture-romanticize-kn2101\/","og_locale":"fr_FR","og_type":"article","og_title":"Ramona Koonings Couture Romanticize KN2101 | Koonings","og_description":"Cette robe de mari\u00e9e sign\u00e9e Ramona Koonings pr\u00e9sente plusieurs d\u00e9tails int\u00e9ressants. Par exemple, la jupe elle-m\u00eame est ultra-courte, la surjupe descend joliment le long de vos jambes et les manches sont ajour\u00e9es de fa\u00e7on unique, couvrant vos \u00e9paules et vos poignets mais laissant vos bras \u00e0 d\u00e9couvert. La robe est sexy, mais la dentelle d\u00e9licate lui conf\u00e8re \u00e9galement une touche romantique. Cette robe de styliste pr\u00e9sente une belle fente et des manches ouvertes. Vous vous voyez d\u00e9j\u00e0 briller dans cette robe ?","og_url":"https:\/\/www.koonings.com\/fr\/product\/ramona-koonings-couture-romanticize-kn2101\/","og_site_name":"Koonings","article_publisher":"https:\/\/www.facebook.com\/kooningstheweddingpalace","og_image":[{"width":935,"height":1324,"url":"https:\/\/www.koonings.com\/wp-content\/uploads\/2024\/11\/36190_f2ba1f3c7d933f88839c7258bf0025ba1a78d325f710eb92b0c33394cbee48db70f1c5d5.jpeg","type":"image\/jpeg"}],"twitter_card":"summary_large_image","schema":{"@context":"https:\/\/schema.org","@graph":[{"@type":"WebPage","@id":"https:\/\/www.koonings.com\/fr\/product\/ramona-koonings-couture-romanticize-kn2101\/","url":"https:\/\/www.koonings.com\/fr\/product\/ramona-koonings-couture-romanticize-kn2101\/","name":"Ramona Koonings Couture Romanticize KN2101 | Koonings","isPartOf":{"@id":"https:\/\/www.koonings.com\/fr\/#website"},"primaryImageOfPage":{"@id":"https:\/\/www.koonings.com\/fr\/product\/ramona-koonings-couture-romanticize-kn2101\/#primaryimage"},"image":{"@id":"https:\/\/www.koonings.com\/fr\/product\/ramona-koonings-couture-romanticize-kn2101\/#primaryimage"},"thumbnailUrl":"https:\/\/www.koonings.com\/wp-content\/uploads\/2024\/11\/36190_f2ba1f3c7d933f88839c7258bf0025ba1a78d325f710eb92b0c33394cbee48db70f1c5d5.jpeg","datePublished":"2026-04-14T14:06:51+00:00","description":"Cette robe de mari\u00e9e sign\u00e9e Ramona Koonings pr\u00e9sente plusieurs d\u00e9tails int\u00e9ressants. Par exemple, la jupe elle-m\u00eame est ultra-courte, la surjupe descend joliment le long de vos jambes et les manches sont ajour\u00e9es de fa\u00e7on unique, couvrant vos \u00e9paules et vos poignets mais laissant vos bras \u00e0 d\u00e9couvert. La robe est sexy, mais la dentelle d\u00e9licate lui conf\u00e8re \u00e9galement une touche romantique. Cette robe de styliste pr\u00e9sente une belle fente et des manches ouvertes. Vous vous voyez d\u00e9j\u00e0 briller dans cette robe ?","breadcrumb":{"@id":"https:\/\/www.koonings.com\/fr\/product\/ramona-koonings-couture-romanticize-kn2101\/#breadcrumb"},"inLanguage":"fr-FR","potentialAction":[{"@type":"ReadAction","target":["https:\/\/www.koonings.com\/fr\/product\/ramona-koonings-couture-romanticize-kn2101\/"]}]},{"@type":"ImageObject","inLanguage":"fr-FR","@id":"https:\/\/www.koonings.com\/fr\/product\/ramona-koonings-couture-romanticize-kn2101\/#primaryimage","url":"https:\/\/www.koonings.com\/wp-content\/uploads\/2024\/11\/36190_f2ba1f3c7d933f88839c7258bf0025ba1a78d325f710eb92b0c33394cbee48db70f1c5d5.jpeg","contentUrl":"https:\/\/www.koonings.com\/wp-content\/uploads\/2024\/11\/36190_f2ba1f3c7d933f88839c7258bf0025ba1a78d325f710eb92b0c33394cbee48db70f1c5d5.jpeg","width":935,"height":1324},{"@type":"BreadcrumbList","@id":"https:\/\/www.koonings.com\/fr\/product\/ramona-koonings-couture-romanticize-kn2101\/#breadcrumb","itemListElement":[{"@type":"ListItem","position":1,"name":"Home","item":"https:\/\/www.koonings.com\/fr\/"},{"@type":"ListItem","position":2,"name":"Ramona Koonings Couture Romanticize KN2101"}]},{"@type":"WebSite","@id":"https:\/\/www.koonings.com\/fr\/#website","url":"https:\/\/www.koonings.com\/fr\/","name":"Koonings","description":"De grootste bruidsmodewinkel ter wereld","publisher":{"@id":"https:\/\/www.koonings.com\/fr\/#organization"},"potentialAction":[{"@type":"SearchAction","target":{"@type":"EntryPoint","urlTemplate":"https:\/\/www.koonings.com\/fr\/?s={search_term_string}"},"query-input":{"@type":"PropertyValueSpecification","valueRequired":true,"valueName":"search_term_string"}}],"inLanguage":"fr-FR"},{"@type":"Organization","@id":"https:\/\/www.koonings.com\/fr\/#organization","name":"Koonings","url":"https:\/\/www.koonings.com\/fr\/","logo":{"@type":"ImageObject","inLanguage":"fr-FR","@id":"https:\/\/www.koonings.com\/fr\/#\/schema\/logo\/image\/","url":"https:\/\/www.koonings.com\/wp-content\/uploads\/2024\/07\/logo.png","contentUrl":"https:\/\/www.koonings.com\/wp-content\/uploads\/2024\/07\/logo.png","width":600,"height":428,"caption":"Koonings"},"image":{"@id":"https:\/\/www.koonings.com\/fr\/#\/schema\/logo\/image\/"},"sameAs":["https:\/\/www.facebook.com\/kooningstheweddingpalace","https:\/\/www.instagram.com\/kooningstheweddingpalace","https:\/\/www.pinterest.com\/koonings","https:\/\/www.youtube.com\/kooningstheweddingpalace"]}]}},"_links":{"self":[{"href":"https:\/\/www.koonings.com\/fr\/wp-json\/wp\/v2\/product\/32732","targetHints":{"allow":["GET"]}}],"collection":[{"href":"https:\/\/www.koonings.com\/fr\/wp-json\/wp\/v2\/product"}],"about":[{"href":"https:\/\/www.koonings.com\/fr\/wp-json\/wp\/v2\/types\/product"}],"wp:featuredmedia":[{"embeddable":true,"href":"https:\/\/www.koonings.com\/fr\/wp-json\/wp\/v2\/media\/27452"}],"wp:attachment":[{"href":"https:\/\/www.koonings.com\/fr\/wp-json\/wp\/v2\/media?parent=32732"}],"wp:term":[{"taxonomy":"productdetails","embeddable":true,"href":"https:\/\/www.koonings.com\/fr\/wp-json\/wp\/v2\/productdetails?post=32732"},{"taxonomy":"productneck","embeddable":true,"href":"https:\/\/www.koonings.com\/fr\/wp-json\/wp\/v2\/productneck?post=32732"},{"taxonomy":"productcolor","embeddable":true,"href":"https:\/\/www.koonings.com\/fr\/wp-json\/wp\/v2\/productcolor?post=32732"},{"taxonomy":"maat","embeddable":true,"href":"https:\/\/www.koonings.com\/fr\/wp-json\/wp\/v2\/maat?post=32732"},{"taxonomy":"productsupplier","embeddable":true,"href":"https:\/\/www.koonings.com\/fr\/wp-json\/wp\/v2\/productsupplier?post=32732"},{"taxonomy":"productsleeve","embeddable":true,"href":"https:\/\/www.koonings.com\/fr\/wp-json\/wp\/v2\/productsleeve?post=32732"},{"taxonomy":"productcategory","embeddable":true,"href":"https:\/\/www.koonings.com\/fr\/wp-json\/wp\/v2\/productcategory?post=32732"},{"taxonomy":"productsilhouette","embeddable":true,"href":"https:\/\/www.koonings.com\/fr\/wp-json\/wp\/v2\/productsilhouette?post=32732"},{"taxonomy":"productstyle","embeddable":true,"href":"https:\/\/www.koonings.com\/fr\/wp-json\/wp\/v2\/productstyle?post=32732"}],"curies":[{"name":"wp","href":"https:\/\/api.w.org\/{rel}","templated":true}]}}