{"id":32711,"date":"2026-05-06T15:06:35","date_gmt":"2026-05-06T13:06:35","guid":{"rendered":"https:\/\/www.koonings.com\/product\/ramona-koonings-couture-kn2108-resort\/"},"modified":"2026-02-16T14:29:02","modified_gmt":"2026-02-16T13:29:02","slug":"ramona-koonings-couture-kn2108-resort","status":"publish","type":"product","link":"https:\/\/www.koonings.com\/fr\/product\/ramona-koonings-couture-kn2108-resort\/","title":{"rendered":"Ramona Koonings Couture KN2108 Resort"},"content":{"rendered":"<p>Tout a \u00e9t\u00e9 pens\u00e9 dans cette robe de mari\u00e9e de Ramona Koonings. Le d\u00e9collet\u00e9 profond est sexy mais n&#8217;expose pas trop, la tra\u00eene super longue est attach\u00e9e de telle mani\u00e8re qu&#8217;elle vous suit facilement et la dentelle du voile est exactement la m\u00eame que celle de la robe elle-m\u00eame. <\/p>\n","protected":false},"featured_media":27489,"template":"","meta":{"_acf_changed":false,"ghostkit_customizer_options":"","ghostkit_custom_css":"","ghostkit_custom_js_head":"","ghostkit_custom_js_foot":"","ghostkit_typography":""},"productdetails":[379,380,376,381],"productneck":[356],"productcolor":[392],"maat":[],"productsupplier":[419],"productsleeve":[359],"productcategory":[18],"productsilhouette":[387],"productstyle":[367],"class_list":["post-32711","product","type-product","status-publish","has-post-thumbnail","hentry","productdetails-379","productdetails-380","productdetails-376","productdetails-381","productneck-356","productcolor-392","productsupplier-ramona-koonings-couture","productsleeve-359","productcategory-trouwjurken","productsilhouette-387","productstyle-367"],"acf":[],"yoast_head":"<!-- This site is optimized with the Yoast SEO plugin v27.3 - https:\/\/yoast.com\/product\/yoast-seo-wordpress\/ -->\n<title>Ramona Koonings Couture KN2108 Resort | Koonings<\/title>\n<meta name=\"description\" content=\"Tout a \u00e9t\u00e9 pens\u00e9 dans cette robe de mari\u00e9e de Ramona Koonings. Le d\u00e9collet\u00e9 profond est sexy mais n&#039;expose pas trop, la tra\u00eene super longue est attach\u00e9e de telle mani\u00e8re qu&#039;elle vous suit facilement et la dentelle du voile est exactement la m\u00eame que celle de la robe elle-m\u00eame.\" \/>\n<meta name=\"robots\" content=\"index, follow, max-snippet:-1, max-image-preview:large, max-video-preview:-1\" \/>\n<link rel=\"canonical\" href=\"https:\/\/www.koonings.com\/fr\/product\/ramona-koonings-couture-kn2108-resort\/\" \/>\n<meta property=\"og:locale\" content=\"fr_FR\" \/>\n<meta property=\"og:type\" content=\"article\" \/>\n<meta property=\"og:title\" content=\"Ramona Koonings Couture KN2108 Resort | Koonings\" \/>\n<meta property=\"og:description\" content=\"Tout a \u00e9t\u00e9 pens\u00e9 dans cette robe de mari\u00e9e de Ramona Koonings. Le d\u00e9collet\u00e9 profond est sexy mais n&#039;expose pas trop, la tra\u00eene super longue est attach\u00e9e de telle mani\u00e8re qu&#039;elle vous suit facilement et la dentelle du voile est exactement la m\u00eame que celle de la robe elle-m\u00eame.\" \/>\n<meta property=\"og:url\" content=\"https:\/\/www.koonings.com\/fr\/product\/ramona-koonings-couture-kn2108-resort\/\" \/>\n<meta property=\"og:site_name\" content=\"Koonings\" \/>\n<meta property=\"article:publisher\" content=\"https:\/\/www.facebook.com\/kooningstheweddingpalace\" \/>\n<meta property=\"og:image\" content=\"https:\/\/www.koonings.com\/wp-content\/uploads\/2024\/11\/36201_246f76eac28ba1ca319e373882755b02df9a5b2428f51e334b98dfc7e4bca04495190f39.jpeg\" \/>\n\t<meta property=\"og:image:width\" content=\"300\" \/>\n\t<meta property=\"og:image:height\" content=\"450\" \/>\n\t<meta property=\"og:image:type\" content=\"image\/jpeg\" \/>\n<meta name=\"twitter:card\" content=\"summary_large_image\" \/>\n<script type=\"application\/ld+json\" class=\"yoast-schema-graph\">{\"@context\":\"https:\\\/\\\/schema.org\",\"@graph\":[{\"@type\":\"WebPage\",\"@id\":\"https:\\\/\\\/www.koonings.com\\\/fr\\\/product\\\/ramona-koonings-couture-kn2108-resort\\\/\",\"url\":\"https:\\\/\\\/www.koonings.com\\\/fr\\\/product\\\/ramona-koonings-couture-kn2108-resort\\\/\",\"name\":\"Ramona Koonings Couture KN2108 Resort | Koonings\",\"isPartOf\":{\"@id\":\"https:\\\/\\\/www.koonings.com\\\/fr\\\/#website\"},\"primaryImageOfPage\":{\"@id\":\"https:\\\/\\\/www.koonings.com\\\/fr\\\/product\\\/ramona-koonings-couture-kn2108-resort\\\/#primaryimage\"},\"image\":{\"@id\":\"https:\\\/\\\/www.koonings.com\\\/fr\\\/product\\\/ramona-koonings-couture-kn2108-resort\\\/#primaryimage\"},\"thumbnailUrl\":\"https:\\\/\\\/www.koonings.com\\\/wp-content\\\/uploads\\\/2024\\\/11\\\/36201_246f76eac28ba1ca319e373882755b02df9a5b2428f51e334b98dfc7e4bca04495190f39.jpeg\",\"datePublished\":\"2026-05-06T13:06:35+00:00\",\"description\":\"Tout a \u00e9t\u00e9 pens\u00e9 dans cette robe de mari\u00e9e de Ramona Koonings. Le d\u00e9collet\u00e9 profond est sexy mais n'expose pas trop, la tra\u00eene super longue est attach\u00e9e de telle mani\u00e8re qu'elle vous suit facilement et la dentelle du voile est exactement la m\u00eame que celle de la robe elle-m\u00eame.\",\"breadcrumb\":{\"@id\":\"https:\\\/\\\/www.koonings.com\\\/fr\\\/product\\\/ramona-koonings-couture-kn2108-resort\\\/#breadcrumb\"},\"inLanguage\":\"fr-FR\",\"potentialAction\":[{\"@type\":\"ReadAction\",\"target\":[\"https:\\\/\\\/www.koonings.com\\\/fr\\\/product\\\/ramona-koonings-couture-kn2108-resort\\\/\"]}]},{\"@type\":\"ImageObject\",\"inLanguage\":\"fr-FR\",\"@id\":\"https:\\\/\\\/www.koonings.com\\\/fr\\\/product\\\/ramona-koonings-couture-kn2108-resort\\\/#primaryimage\",\"url\":\"https:\\\/\\\/www.koonings.com\\\/wp-content\\\/uploads\\\/2024\\\/11\\\/36201_246f76eac28ba1ca319e373882755b02df9a5b2428f51e334b98dfc7e4bca04495190f39.jpeg\",\"contentUrl\":\"https:\\\/\\\/www.koonings.com\\\/wp-content\\\/uploads\\\/2024\\\/11\\\/36201_246f76eac28ba1ca319e373882755b02df9a5b2428f51e334b98dfc7e4bca04495190f39.jpeg\",\"width\":300,\"height\":450},{\"@type\":\"BreadcrumbList\",\"@id\":\"https:\\\/\\\/www.koonings.com\\\/fr\\\/product\\\/ramona-koonings-couture-kn2108-resort\\\/#breadcrumb\",\"itemListElement\":[{\"@type\":\"ListItem\",\"position\":1,\"name\":\"Home\",\"item\":\"https:\\\/\\\/www.koonings.com\\\/fr\\\/\"},{\"@type\":\"ListItem\",\"position\":2,\"name\":\"Ramona Koonings Couture KN2108 Resort\"}]},{\"@type\":\"WebSite\",\"@id\":\"https:\\\/\\\/www.koonings.com\\\/fr\\\/#website\",\"url\":\"https:\\\/\\\/www.koonings.com\\\/fr\\\/\",\"name\":\"Koonings\",\"description\":\"De grootste bruidsmodewinkel ter wereld\",\"publisher\":{\"@id\":\"https:\\\/\\\/www.koonings.com\\\/fr\\\/#organization\"},\"potentialAction\":[{\"@type\":\"SearchAction\",\"target\":{\"@type\":\"EntryPoint\",\"urlTemplate\":\"https:\\\/\\\/www.koonings.com\\\/fr\\\/?s={search_term_string}\"},\"query-input\":{\"@type\":\"PropertyValueSpecification\",\"valueRequired\":true,\"valueName\":\"search_term_string\"}}],\"inLanguage\":\"fr-FR\"},{\"@type\":\"Organization\",\"@id\":\"https:\\\/\\\/www.koonings.com\\\/fr\\\/#organization\",\"name\":\"Koonings\",\"url\":\"https:\\\/\\\/www.koonings.com\\\/fr\\\/\",\"logo\":{\"@type\":\"ImageObject\",\"inLanguage\":\"fr-FR\",\"@id\":\"https:\\\/\\\/www.koonings.com\\\/fr\\\/#\\\/schema\\\/logo\\\/image\\\/\",\"url\":\"https:\\\/\\\/www.koonings.com\\\/wp-content\\\/uploads\\\/2024\\\/07\\\/logo.png\",\"contentUrl\":\"https:\\\/\\\/www.koonings.com\\\/wp-content\\\/uploads\\\/2024\\\/07\\\/logo.png\",\"width\":600,\"height\":428,\"caption\":\"Koonings\"},\"image\":{\"@id\":\"https:\\\/\\\/www.koonings.com\\\/fr\\\/#\\\/schema\\\/logo\\\/image\\\/\"},\"sameAs\":[\"https:\\\/\\\/www.facebook.com\\\/kooningstheweddingpalace\",\"https:\\\/\\\/www.instagram.com\\\/kooningstheweddingpalace\",\"https:\\\/\\\/www.pinterest.com\\\/koonings\",\"https:\\\/\\\/www.youtube.com\\\/kooningstheweddingpalace\"]}]}<\/script>\n<!-- \/ Yoast SEO plugin. -->","yoast_head_json":{"title":"Ramona Koonings Couture KN2108 Resort | Koonings","description":"Tout a \u00e9t\u00e9 pens\u00e9 dans cette robe de mari\u00e9e de Ramona Koonings. Le d\u00e9collet\u00e9 profond est sexy mais n'expose pas trop, la tra\u00eene super longue est attach\u00e9e de telle mani\u00e8re qu'elle vous suit facilement et la dentelle du voile est exactement la m\u00eame que celle de la robe elle-m\u00eame.","robots":{"index":"index","follow":"follow","max-snippet":"max-snippet:-1","max-image-preview":"max-image-preview:large","max-video-preview":"max-video-preview:-1"},"canonical":"https:\/\/www.koonings.com\/fr\/product\/ramona-koonings-couture-kn2108-resort\/","og_locale":"fr_FR","og_type":"article","og_title":"Ramona Koonings Couture KN2108 Resort | Koonings","og_description":"Tout a \u00e9t\u00e9 pens\u00e9 dans cette robe de mari\u00e9e de Ramona Koonings. Le d\u00e9collet\u00e9 profond est sexy mais n'expose pas trop, la tra\u00eene super longue est attach\u00e9e de telle mani\u00e8re qu'elle vous suit facilement et la dentelle du voile est exactement la m\u00eame que celle de la robe elle-m\u00eame.","og_url":"https:\/\/www.koonings.com\/fr\/product\/ramona-koonings-couture-kn2108-resort\/","og_site_name":"Koonings","article_publisher":"https:\/\/www.facebook.com\/kooningstheweddingpalace","og_image":[{"width":300,"height":450,"url":"https:\/\/www.koonings.com\/wp-content\/uploads\/2024\/11\/36201_246f76eac28ba1ca319e373882755b02df9a5b2428f51e334b98dfc7e4bca04495190f39.jpeg","type":"image\/jpeg"}],"twitter_card":"summary_large_image","schema":{"@context":"https:\/\/schema.org","@graph":[{"@type":"WebPage","@id":"https:\/\/www.koonings.com\/fr\/product\/ramona-koonings-couture-kn2108-resort\/","url":"https:\/\/www.koonings.com\/fr\/product\/ramona-koonings-couture-kn2108-resort\/","name":"Ramona Koonings Couture KN2108 Resort | Koonings","isPartOf":{"@id":"https:\/\/www.koonings.com\/fr\/#website"},"primaryImageOfPage":{"@id":"https:\/\/www.koonings.com\/fr\/product\/ramona-koonings-couture-kn2108-resort\/#primaryimage"},"image":{"@id":"https:\/\/www.koonings.com\/fr\/product\/ramona-koonings-couture-kn2108-resort\/#primaryimage"},"thumbnailUrl":"https:\/\/www.koonings.com\/wp-content\/uploads\/2024\/11\/36201_246f76eac28ba1ca319e373882755b02df9a5b2428f51e334b98dfc7e4bca04495190f39.jpeg","datePublished":"2026-05-06T13:06:35+00:00","description":"Tout a \u00e9t\u00e9 pens\u00e9 dans cette robe de mari\u00e9e de Ramona Koonings. Le d\u00e9collet\u00e9 profond est sexy mais n'expose pas trop, la tra\u00eene super longue est attach\u00e9e de telle mani\u00e8re qu'elle vous suit facilement et la dentelle du voile est exactement la m\u00eame que celle de la robe elle-m\u00eame.","breadcrumb":{"@id":"https:\/\/www.koonings.com\/fr\/product\/ramona-koonings-couture-kn2108-resort\/#breadcrumb"},"inLanguage":"fr-FR","potentialAction":[{"@type":"ReadAction","target":["https:\/\/www.koonings.com\/fr\/product\/ramona-koonings-couture-kn2108-resort\/"]}]},{"@type":"ImageObject","inLanguage":"fr-FR","@id":"https:\/\/www.koonings.com\/fr\/product\/ramona-koonings-couture-kn2108-resort\/#primaryimage","url":"https:\/\/www.koonings.com\/wp-content\/uploads\/2024\/11\/36201_246f76eac28ba1ca319e373882755b02df9a5b2428f51e334b98dfc7e4bca04495190f39.jpeg","contentUrl":"https:\/\/www.koonings.com\/wp-content\/uploads\/2024\/11\/36201_246f76eac28ba1ca319e373882755b02df9a5b2428f51e334b98dfc7e4bca04495190f39.jpeg","width":300,"height":450},{"@type":"BreadcrumbList","@id":"https:\/\/www.koonings.com\/fr\/product\/ramona-koonings-couture-kn2108-resort\/#breadcrumb","itemListElement":[{"@type":"ListItem","position":1,"name":"Home","item":"https:\/\/www.koonings.com\/fr\/"},{"@type":"ListItem","position":2,"name":"Ramona Koonings Couture KN2108 Resort"}]},{"@type":"WebSite","@id":"https:\/\/www.koonings.com\/fr\/#website","url":"https:\/\/www.koonings.com\/fr\/","name":"Koonings","description":"De grootste bruidsmodewinkel ter wereld","publisher":{"@id":"https:\/\/www.koonings.com\/fr\/#organization"},"potentialAction":[{"@type":"SearchAction","target":{"@type":"EntryPoint","urlTemplate":"https:\/\/www.koonings.com\/fr\/?s={search_term_string}"},"query-input":{"@type":"PropertyValueSpecification","valueRequired":true,"valueName":"search_term_string"}}],"inLanguage":"fr-FR"},{"@type":"Organization","@id":"https:\/\/www.koonings.com\/fr\/#organization","name":"Koonings","url":"https:\/\/www.koonings.com\/fr\/","logo":{"@type":"ImageObject","inLanguage":"fr-FR","@id":"https:\/\/www.koonings.com\/fr\/#\/schema\/logo\/image\/","url":"https:\/\/www.koonings.com\/wp-content\/uploads\/2024\/07\/logo.png","contentUrl":"https:\/\/www.koonings.com\/wp-content\/uploads\/2024\/07\/logo.png","width":600,"height":428,"caption":"Koonings"},"image":{"@id":"https:\/\/www.koonings.com\/fr\/#\/schema\/logo\/image\/"},"sameAs":["https:\/\/www.facebook.com\/kooningstheweddingpalace","https:\/\/www.instagram.com\/kooningstheweddingpalace","https:\/\/www.pinterest.com\/koonings","https:\/\/www.youtube.com\/kooningstheweddingpalace"]}]}},"_links":{"self":[{"href":"https:\/\/www.koonings.com\/fr\/wp-json\/wp\/v2\/product\/32711","targetHints":{"allow":["GET"]}}],"collection":[{"href":"https:\/\/www.koonings.com\/fr\/wp-json\/wp\/v2\/product"}],"about":[{"href":"https:\/\/www.koonings.com\/fr\/wp-json\/wp\/v2\/types\/product"}],"wp:featuredmedia":[{"embeddable":true,"href":"https:\/\/www.koonings.com\/fr\/wp-json\/wp\/v2\/media\/27489"}],"wp:attachment":[{"href":"https:\/\/www.koonings.com\/fr\/wp-json\/wp\/v2\/media?parent=32711"}],"wp:term":[{"taxonomy":"productdetails","embeddable":true,"href":"https:\/\/www.koonings.com\/fr\/wp-json\/wp\/v2\/productdetails?post=32711"},{"taxonomy":"productneck","embeddable":true,"href":"https:\/\/www.koonings.com\/fr\/wp-json\/wp\/v2\/productneck?post=32711"},{"taxonomy":"productcolor","embeddable":true,"href":"https:\/\/www.koonings.com\/fr\/wp-json\/wp\/v2\/productcolor?post=32711"},{"taxonomy":"maat","embeddable":true,"href":"https:\/\/www.koonings.com\/fr\/wp-json\/wp\/v2\/maat?post=32711"},{"taxonomy":"productsupplier","embeddable":true,"href":"https:\/\/www.koonings.com\/fr\/wp-json\/wp\/v2\/productsupplier?post=32711"},{"taxonomy":"productsleeve","embeddable":true,"href":"https:\/\/www.koonings.com\/fr\/wp-json\/wp\/v2\/productsleeve?post=32711"},{"taxonomy":"productcategory","embeddable":true,"href":"https:\/\/www.koonings.com\/fr\/wp-json\/wp\/v2\/productcategory?post=32711"},{"taxonomy":"productsilhouette","embeddable":true,"href":"https:\/\/www.koonings.com\/fr\/wp-json\/wp\/v2\/productsilhouette?post=32711"},{"taxonomy":"productstyle","embeddable":true,"href":"https:\/\/www.koonings.com\/fr\/wp-json\/wp\/v2\/productstyle?post=32711"}],"curies":[{"name":"wp","href":"https:\/\/api.w.org\/{rel}","templated":true}]}}