{"id":32690,"date":"2026-05-06T15:06:12","date_gmt":"2026-05-06T13:06:12","guid":{"rendered":"https:\/\/www.koonings.com\/product\/rembo-styling-dare-to-diva-1\/"},"modified":"2026-02-16T11:33:06","modified_gmt":"2026-02-16T10:33:06","slug":"rembo-styling-dare-to-diva-1","status":"publish","type":"product","link":"https:\/\/www.koonings.com\/fr\/product\/rembo-styling-dare-to-diva-1\/","title":{"rendered":"Rembo Styling Osez la diva\/1"},"content":{"rendered":"<p>La robe de mari\u00e9e Dare to Diva de Rembo Styling, disponible chez Koonings The Wedding Palace, est un mod\u00e8le audacieux et \u00e9l\u00e9gant pour la mari\u00e9e qui veut se d\u00e9marquer. Elle pr\u00e9sente une silhouette enchanteresse en ligne A qui tombe magnifiquement sur le corps, combin\u00e9e \u00e0 un look ludique mais sophistiqu\u00e9. La robe est orn\u00e9e de dentelle sophistiqu\u00e9e et de d\u00e9tails subtils qui lui conf\u00e8rent un charme \u00e0 la fois romantique et moderne. Le d\u00e9collet\u00e9 profond et les manches sophistiqu\u00e9es donnent \u00e0 la robe une touche contemporaine, tandis que le dos ouvert ajoute une touche de sensualit\u00e9. Dare to Diva est id\u00e9ale pour les mari\u00e9es qui veulent se sentir s\u00fbres d&#8217;elles et \u00e9l\u00e9gantes le jour de leur mariage, avec un look \u00e0 la fois classique et innovant. Disponible chez Koonings The Wedding Palace, o\u00f9 vous pourrez essayer cette magnifique robe et la faire personnaliser pour votre mariage unique.     <\/p>\n","protected":false},"featured_media":26632,"template":"","meta":{"_acf_changed":false,"ghostkit_customizer_options":"","ghostkit_custom_css":"","ghostkit_custom_js_head":"","ghostkit_custom_js_foot":"","ghostkit_typography":""},"productdetails":[376],"productneck":[350],"productcolor":[392],"maat":[],"productsupplier":[414],"productsleeve":[360],"productcategory":[18],"productsilhouette":[384,389],"productstyle":[364,369],"class_list":["post-32690","product","type-product","status-publish","has-post-thumbnail","hentry","productdetails-376","productneck-350","productcolor-392","productsupplier-rembo-styling","productsleeve-360","productcategory-trouwjurken","productsilhouette-384","productsilhouette-389","productstyle-364","productstyle-369"],"acf":[],"yoast_head":"<!-- This site is optimized with the Yoast SEO plugin v27.3 - https:\/\/yoast.com\/product\/yoast-seo-wordpress\/ -->\n<title>Rembo Styling Osez la diva\/1 | Koonings<\/title>\n<meta name=\"description\" content=\"La robe de mari\u00e9e Dare to Diva de Rembo Styling, disponible chez Koonings The Wedding Palace, est un mod\u00e8le audacieux et \u00e9l\u00e9gant pour la mari\u00e9e qui veut se d\u00e9marquer. Elle pr\u00e9sente une silhouette enchanteresse en ligne A qui tombe magnifiquement sur le corps, combin\u00e9e \u00e0 un look ludique mais sophistiqu\u00e9. La robe est orn\u00e9e de dentelle sophistiqu\u00e9e et de d\u00e9tails subtils qui lui conf\u00e8rent un charme \u00e0 la fois romantique et moderne. Le d\u00e9collet\u00e9 profond et les manches sophistiqu\u00e9es donnent \u00e0 la robe une touche contemporaine, tandis que le dos ouvert ajoute une touche de sensualit\u00e9. Dare to Diva est id\u00e9ale pour les mari\u00e9es qui veulent se sentir s\u00fbres d&#039;elles et \u00e9l\u00e9gantes le jour de leur mariage, avec un look \u00e0 la fois classique et innovant. Disponible chez Koonings The Wedding Palace, o\u00f9 vous pourrez essayer cette magnifique robe et la faire personnaliser pour votre mariage unique.\" \/>\n<meta name=\"robots\" content=\"index, follow, max-snippet:-1, max-image-preview:large, max-video-preview:-1\" \/>\n<link rel=\"canonical\" href=\"https:\/\/www.koonings.com\/fr\/product\/rembo-styling-dare-to-diva-1\/\" \/>\n<meta property=\"og:locale\" content=\"fr_FR\" \/>\n<meta property=\"og:type\" content=\"article\" \/>\n<meta property=\"og:title\" content=\"Rembo Styling Osez la diva\/1 | Koonings\" \/>\n<meta property=\"og:description\" content=\"La robe de mari\u00e9e Dare to Diva de Rembo Styling, disponible chez Koonings The Wedding Palace, est un mod\u00e8le audacieux et \u00e9l\u00e9gant pour la mari\u00e9e qui veut se d\u00e9marquer. Elle pr\u00e9sente une silhouette enchanteresse en ligne A qui tombe magnifiquement sur le corps, combin\u00e9e \u00e0 un look ludique mais sophistiqu\u00e9. La robe est orn\u00e9e de dentelle sophistiqu\u00e9e et de d\u00e9tails subtils qui lui conf\u00e8rent un charme \u00e0 la fois romantique et moderne. Le d\u00e9collet\u00e9 profond et les manches sophistiqu\u00e9es donnent \u00e0 la robe une touche contemporaine, tandis que le dos ouvert ajoute une touche de sensualit\u00e9. Dare to Diva est id\u00e9ale pour les mari\u00e9es qui veulent se sentir s\u00fbres d&#039;elles et \u00e9l\u00e9gantes le jour de leur mariage, avec un look \u00e0 la fois classique et innovant. Disponible chez Koonings The Wedding Palace, o\u00f9 vous pourrez essayer cette magnifique robe et la faire personnaliser pour votre mariage unique.\" \/>\n<meta property=\"og:url\" content=\"https:\/\/www.koonings.com\/fr\/product\/rembo-styling-dare-to-diva-1\/\" \/>\n<meta property=\"og:site_name\" content=\"Koonings\" \/>\n<meta property=\"article:publisher\" content=\"https:\/\/www.facebook.com\/kooningstheweddingpalace\" \/>\n<meta property=\"og:image\" content=\"https:\/\/www.koonings.com\/wp-content\/uploads\/2024\/11\/27850_51026e878d0fa6baf3a8ef6aab57ba04b6bd243ddbb0814da35f33b9ee5f5d97d2775a3e-scaled.jpeg\" \/>\n\t<meta property=\"og:image:width\" content=\"1707\" \/>\n\t<meta property=\"og:image:height\" content=\"2560\" \/>\n\t<meta property=\"og:image:type\" content=\"image\/jpeg\" \/>\n<meta name=\"twitter:card\" content=\"summary_large_image\" \/>\n<meta name=\"twitter:label1\" content=\"Dur\u00e9e de lecture estim\u00e9e\" \/>\n\t<meta name=\"twitter:data1\" content=\"1 minute\" \/>\n<script type=\"application\/ld+json\" class=\"yoast-schema-graph\">{\"@context\":\"https:\\\/\\\/schema.org\",\"@graph\":[{\"@type\":\"WebPage\",\"@id\":\"https:\\\/\\\/www.koonings.com\\\/fr\\\/product\\\/rembo-styling-dare-to-diva-1\\\/\",\"url\":\"https:\\\/\\\/www.koonings.com\\\/fr\\\/product\\\/rembo-styling-dare-to-diva-1\\\/\",\"name\":\"Rembo Styling Osez la diva\\\/1 | Koonings\",\"isPartOf\":{\"@id\":\"https:\\\/\\\/www.koonings.com\\\/fr\\\/#website\"},\"primaryImageOfPage\":{\"@id\":\"https:\\\/\\\/www.koonings.com\\\/fr\\\/product\\\/rembo-styling-dare-to-diva-1\\\/#primaryimage\"},\"image\":{\"@id\":\"https:\\\/\\\/www.koonings.com\\\/fr\\\/product\\\/rembo-styling-dare-to-diva-1\\\/#primaryimage\"},\"thumbnailUrl\":\"https:\\\/\\\/www.koonings.com\\\/wp-content\\\/uploads\\\/2024\\\/11\\\/27850_51026e878d0fa6baf3a8ef6aab57ba04b6bd243ddbb0814da35f33b9ee5f5d97d2775a3e-scaled.jpeg\",\"datePublished\":\"2026-05-06T13:06:12+00:00\",\"description\":\"La robe de mari\u00e9e Dare to Diva de Rembo Styling, disponible chez Koonings The Wedding Palace, est un mod\u00e8le audacieux et \u00e9l\u00e9gant pour la mari\u00e9e qui veut se d\u00e9marquer. Elle pr\u00e9sente une silhouette enchanteresse en ligne A qui tombe magnifiquement sur le corps, combin\u00e9e \u00e0 un look ludique mais sophistiqu\u00e9. La robe est orn\u00e9e de dentelle sophistiqu\u00e9e et de d\u00e9tails subtils qui lui conf\u00e8rent un charme \u00e0 la fois romantique et moderne. Le d\u00e9collet\u00e9 profond et les manches sophistiqu\u00e9es donnent \u00e0 la robe une touche contemporaine, tandis que le dos ouvert ajoute une touche de sensualit\u00e9. Dare to Diva est id\u00e9ale pour les mari\u00e9es qui veulent se sentir s\u00fbres d'elles et \u00e9l\u00e9gantes le jour de leur mariage, avec un look \u00e0 la fois classique et innovant. Disponible chez Koonings The Wedding Palace, o\u00f9 vous pourrez essayer cette magnifique robe et la faire personnaliser pour votre mariage unique.\",\"breadcrumb\":{\"@id\":\"https:\\\/\\\/www.koonings.com\\\/fr\\\/product\\\/rembo-styling-dare-to-diva-1\\\/#breadcrumb\"},\"inLanguage\":\"fr-FR\",\"potentialAction\":[{\"@type\":\"ReadAction\",\"target\":[\"https:\\\/\\\/www.koonings.com\\\/fr\\\/product\\\/rembo-styling-dare-to-diva-1\\\/\"]}]},{\"@type\":\"ImageObject\",\"inLanguage\":\"fr-FR\",\"@id\":\"https:\\\/\\\/www.koonings.com\\\/fr\\\/product\\\/rembo-styling-dare-to-diva-1\\\/#primaryimage\",\"url\":\"https:\\\/\\\/www.koonings.com\\\/wp-content\\\/uploads\\\/2024\\\/11\\\/27850_51026e878d0fa6baf3a8ef6aab57ba04b6bd243ddbb0814da35f33b9ee5f5d97d2775a3e-scaled.jpeg\",\"contentUrl\":\"https:\\\/\\\/www.koonings.com\\\/wp-content\\\/uploads\\\/2024\\\/11\\\/27850_51026e878d0fa6baf3a8ef6aab57ba04b6bd243ddbb0814da35f33b9ee5f5d97d2775a3e-scaled.jpeg\",\"width\":1707,\"height\":2560},{\"@type\":\"BreadcrumbList\",\"@id\":\"https:\\\/\\\/www.koonings.com\\\/fr\\\/product\\\/rembo-styling-dare-to-diva-1\\\/#breadcrumb\",\"itemListElement\":[{\"@type\":\"ListItem\",\"position\":1,\"name\":\"Home\",\"item\":\"https:\\\/\\\/www.koonings.com\\\/fr\\\/\"},{\"@type\":\"ListItem\",\"position\":2,\"name\":\"Rembo Styling Osez la diva\\\/1\"}]},{\"@type\":\"WebSite\",\"@id\":\"https:\\\/\\\/www.koonings.com\\\/fr\\\/#website\",\"url\":\"https:\\\/\\\/www.koonings.com\\\/fr\\\/\",\"name\":\"Koonings\",\"description\":\"De grootste bruidsmodewinkel ter wereld\",\"publisher\":{\"@id\":\"https:\\\/\\\/www.koonings.com\\\/fr\\\/#organization\"},\"potentialAction\":[{\"@type\":\"SearchAction\",\"target\":{\"@type\":\"EntryPoint\",\"urlTemplate\":\"https:\\\/\\\/www.koonings.com\\\/fr\\\/?s={search_term_string}\"},\"query-input\":{\"@type\":\"PropertyValueSpecification\",\"valueRequired\":true,\"valueName\":\"search_term_string\"}}],\"inLanguage\":\"fr-FR\"},{\"@type\":\"Organization\",\"@id\":\"https:\\\/\\\/www.koonings.com\\\/fr\\\/#organization\",\"name\":\"Koonings\",\"url\":\"https:\\\/\\\/www.koonings.com\\\/fr\\\/\",\"logo\":{\"@type\":\"ImageObject\",\"inLanguage\":\"fr-FR\",\"@id\":\"https:\\\/\\\/www.koonings.com\\\/fr\\\/#\\\/schema\\\/logo\\\/image\\\/\",\"url\":\"https:\\\/\\\/www.koonings.com\\\/wp-content\\\/uploads\\\/2024\\\/07\\\/logo.png\",\"contentUrl\":\"https:\\\/\\\/www.koonings.com\\\/wp-content\\\/uploads\\\/2024\\\/07\\\/logo.png\",\"width\":600,\"height\":428,\"caption\":\"Koonings\"},\"image\":{\"@id\":\"https:\\\/\\\/www.koonings.com\\\/fr\\\/#\\\/schema\\\/logo\\\/image\\\/\"},\"sameAs\":[\"https:\\\/\\\/www.facebook.com\\\/kooningstheweddingpalace\",\"https:\\\/\\\/www.instagram.com\\\/kooningstheweddingpalace\",\"https:\\\/\\\/www.pinterest.com\\\/koonings\",\"https:\\\/\\\/www.youtube.com\\\/kooningstheweddingpalace\"]}]}<\/script>\n<!-- \/ Yoast SEO plugin. -->","yoast_head_json":{"title":"Rembo Styling Osez la diva\/1 | Koonings","description":"La robe de mari\u00e9e Dare to Diva de Rembo Styling, disponible chez Koonings The Wedding Palace, est un mod\u00e8le audacieux et \u00e9l\u00e9gant pour la mari\u00e9e qui veut se d\u00e9marquer. Elle pr\u00e9sente une silhouette enchanteresse en ligne A qui tombe magnifiquement sur le corps, combin\u00e9e \u00e0 un look ludique mais sophistiqu\u00e9. La robe est orn\u00e9e de dentelle sophistiqu\u00e9e et de d\u00e9tails subtils qui lui conf\u00e8rent un charme \u00e0 la fois romantique et moderne. Le d\u00e9collet\u00e9 profond et les manches sophistiqu\u00e9es donnent \u00e0 la robe une touche contemporaine, tandis que le dos ouvert ajoute une touche de sensualit\u00e9. Dare to Diva est id\u00e9ale pour les mari\u00e9es qui veulent se sentir s\u00fbres d'elles et \u00e9l\u00e9gantes le jour de leur mariage, avec un look \u00e0 la fois classique et innovant. Disponible chez Koonings The Wedding Palace, o\u00f9 vous pourrez essayer cette magnifique robe et la faire personnaliser pour votre mariage unique.","robots":{"index":"index","follow":"follow","max-snippet":"max-snippet:-1","max-image-preview":"max-image-preview:large","max-video-preview":"max-video-preview:-1"},"canonical":"https:\/\/www.koonings.com\/fr\/product\/rembo-styling-dare-to-diva-1\/","og_locale":"fr_FR","og_type":"article","og_title":"Rembo Styling Osez la diva\/1 | Koonings","og_description":"La robe de mari\u00e9e Dare to Diva de Rembo Styling, disponible chez Koonings The Wedding Palace, est un mod\u00e8le audacieux et \u00e9l\u00e9gant pour la mari\u00e9e qui veut se d\u00e9marquer. Elle pr\u00e9sente une silhouette enchanteresse en ligne A qui tombe magnifiquement sur le corps, combin\u00e9e \u00e0 un look ludique mais sophistiqu\u00e9. La robe est orn\u00e9e de dentelle sophistiqu\u00e9e et de d\u00e9tails subtils qui lui conf\u00e8rent un charme \u00e0 la fois romantique et moderne. Le d\u00e9collet\u00e9 profond et les manches sophistiqu\u00e9es donnent \u00e0 la robe une touche contemporaine, tandis que le dos ouvert ajoute une touche de sensualit\u00e9. Dare to Diva est id\u00e9ale pour les mari\u00e9es qui veulent se sentir s\u00fbres d'elles et \u00e9l\u00e9gantes le jour de leur mariage, avec un look \u00e0 la fois classique et innovant. Disponible chez Koonings The Wedding Palace, o\u00f9 vous pourrez essayer cette magnifique robe et la faire personnaliser pour votre mariage unique.","og_url":"https:\/\/www.koonings.com\/fr\/product\/rembo-styling-dare-to-diva-1\/","og_site_name":"Koonings","article_publisher":"https:\/\/www.facebook.com\/kooningstheweddingpalace","og_image":[{"width":1707,"height":2560,"url":"https:\/\/www.koonings.com\/wp-content\/uploads\/2024\/11\/27850_51026e878d0fa6baf3a8ef6aab57ba04b6bd243ddbb0814da35f33b9ee5f5d97d2775a3e-scaled.jpeg","type":"image\/jpeg"}],"twitter_card":"summary_large_image","twitter_misc":{"Dur\u00e9e de lecture estim\u00e9e":"1 minute"},"schema":{"@context":"https:\/\/schema.org","@graph":[{"@type":"WebPage","@id":"https:\/\/www.koonings.com\/fr\/product\/rembo-styling-dare-to-diva-1\/","url":"https:\/\/www.koonings.com\/fr\/product\/rembo-styling-dare-to-diva-1\/","name":"Rembo Styling Osez la diva\/1 | Koonings","isPartOf":{"@id":"https:\/\/www.koonings.com\/fr\/#website"},"primaryImageOfPage":{"@id":"https:\/\/www.koonings.com\/fr\/product\/rembo-styling-dare-to-diva-1\/#primaryimage"},"image":{"@id":"https:\/\/www.koonings.com\/fr\/product\/rembo-styling-dare-to-diva-1\/#primaryimage"},"thumbnailUrl":"https:\/\/www.koonings.com\/wp-content\/uploads\/2024\/11\/27850_51026e878d0fa6baf3a8ef6aab57ba04b6bd243ddbb0814da35f33b9ee5f5d97d2775a3e-scaled.jpeg","datePublished":"2026-05-06T13:06:12+00:00","description":"La robe de mari\u00e9e Dare to Diva de Rembo Styling, disponible chez Koonings The Wedding Palace, est un mod\u00e8le audacieux et \u00e9l\u00e9gant pour la mari\u00e9e qui veut se d\u00e9marquer. Elle pr\u00e9sente une silhouette enchanteresse en ligne A qui tombe magnifiquement sur le corps, combin\u00e9e \u00e0 un look ludique mais sophistiqu\u00e9. La robe est orn\u00e9e de dentelle sophistiqu\u00e9e et de d\u00e9tails subtils qui lui conf\u00e8rent un charme \u00e0 la fois romantique et moderne. Le d\u00e9collet\u00e9 profond et les manches sophistiqu\u00e9es donnent \u00e0 la robe une touche contemporaine, tandis que le dos ouvert ajoute une touche de sensualit\u00e9. Dare to Diva est id\u00e9ale pour les mari\u00e9es qui veulent se sentir s\u00fbres d'elles et \u00e9l\u00e9gantes le jour de leur mariage, avec un look \u00e0 la fois classique et innovant. Disponible chez Koonings The Wedding Palace, o\u00f9 vous pourrez essayer cette magnifique robe et la faire personnaliser pour votre mariage unique.","breadcrumb":{"@id":"https:\/\/www.koonings.com\/fr\/product\/rembo-styling-dare-to-diva-1\/#breadcrumb"},"inLanguage":"fr-FR","potentialAction":[{"@type":"ReadAction","target":["https:\/\/www.koonings.com\/fr\/product\/rembo-styling-dare-to-diva-1\/"]}]},{"@type":"ImageObject","inLanguage":"fr-FR","@id":"https:\/\/www.koonings.com\/fr\/product\/rembo-styling-dare-to-diva-1\/#primaryimage","url":"https:\/\/www.koonings.com\/wp-content\/uploads\/2024\/11\/27850_51026e878d0fa6baf3a8ef6aab57ba04b6bd243ddbb0814da35f33b9ee5f5d97d2775a3e-scaled.jpeg","contentUrl":"https:\/\/www.koonings.com\/wp-content\/uploads\/2024\/11\/27850_51026e878d0fa6baf3a8ef6aab57ba04b6bd243ddbb0814da35f33b9ee5f5d97d2775a3e-scaled.jpeg","width":1707,"height":2560},{"@type":"BreadcrumbList","@id":"https:\/\/www.koonings.com\/fr\/product\/rembo-styling-dare-to-diva-1\/#breadcrumb","itemListElement":[{"@type":"ListItem","position":1,"name":"Home","item":"https:\/\/www.koonings.com\/fr\/"},{"@type":"ListItem","position":2,"name":"Rembo Styling Osez la diva\/1"}]},{"@type":"WebSite","@id":"https:\/\/www.koonings.com\/fr\/#website","url":"https:\/\/www.koonings.com\/fr\/","name":"Koonings","description":"De grootste bruidsmodewinkel ter wereld","publisher":{"@id":"https:\/\/www.koonings.com\/fr\/#organization"},"potentialAction":[{"@type":"SearchAction","target":{"@type":"EntryPoint","urlTemplate":"https:\/\/www.koonings.com\/fr\/?s={search_term_string}"},"query-input":{"@type":"PropertyValueSpecification","valueRequired":true,"valueName":"search_term_string"}}],"inLanguage":"fr-FR"},{"@type":"Organization","@id":"https:\/\/www.koonings.com\/fr\/#organization","name":"Koonings","url":"https:\/\/www.koonings.com\/fr\/","logo":{"@type":"ImageObject","inLanguage":"fr-FR","@id":"https:\/\/www.koonings.com\/fr\/#\/schema\/logo\/image\/","url":"https:\/\/www.koonings.com\/wp-content\/uploads\/2024\/07\/logo.png","contentUrl":"https:\/\/www.koonings.com\/wp-content\/uploads\/2024\/07\/logo.png","width":600,"height":428,"caption":"Koonings"},"image":{"@id":"https:\/\/www.koonings.com\/fr\/#\/schema\/logo\/image\/"},"sameAs":["https:\/\/www.facebook.com\/kooningstheweddingpalace","https:\/\/www.instagram.com\/kooningstheweddingpalace","https:\/\/www.pinterest.com\/koonings","https:\/\/www.youtube.com\/kooningstheweddingpalace"]}]}},"_links":{"self":[{"href":"https:\/\/www.koonings.com\/fr\/wp-json\/wp\/v2\/product\/32690","targetHints":{"allow":["GET"]}}],"collection":[{"href":"https:\/\/www.koonings.com\/fr\/wp-json\/wp\/v2\/product"}],"about":[{"href":"https:\/\/www.koonings.com\/fr\/wp-json\/wp\/v2\/types\/product"}],"wp:featuredmedia":[{"embeddable":true,"href":"https:\/\/www.koonings.com\/fr\/wp-json\/wp\/v2\/media\/26632"}],"wp:attachment":[{"href":"https:\/\/www.koonings.com\/fr\/wp-json\/wp\/v2\/media?parent=32690"}],"wp:term":[{"taxonomy":"productdetails","embeddable":true,"href":"https:\/\/www.koonings.com\/fr\/wp-json\/wp\/v2\/productdetails?post=32690"},{"taxonomy":"productneck","embeddable":true,"href":"https:\/\/www.koonings.com\/fr\/wp-json\/wp\/v2\/productneck?post=32690"},{"taxonomy":"productcolor","embeddable":true,"href":"https:\/\/www.koonings.com\/fr\/wp-json\/wp\/v2\/productcolor?post=32690"},{"taxonomy":"maat","embeddable":true,"href":"https:\/\/www.koonings.com\/fr\/wp-json\/wp\/v2\/maat?post=32690"},{"taxonomy":"productsupplier","embeddable":true,"href":"https:\/\/www.koonings.com\/fr\/wp-json\/wp\/v2\/productsupplier?post=32690"},{"taxonomy":"productsleeve","embeddable":true,"href":"https:\/\/www.koonings.com\/fr\/wp-json\/wp\/v2\/productsleeve?post=32690"},{"taxonomy":"productcategory","embeddable":true,"href":"https:\/\/www.koonings.com\/fr\/wp-json\/wp\/v2\/productcategory?post=32690"},{"taxonomy":"productsilhouette","embeddable":true,"href":"https:\/\/www.koonings.com\/fr\/wp-json\/wp\/v2\/productsilhouette?post=32690"},{"taxonomy":"productstyle","embeddable":true,"href":"https:\/\/www.koonings.com\/fr\/wp-json\/wp\/v2\/productstyle?post=32690"}],"curies":[{"name":"wp","href":"https:\/\/api.w.org\/{rel}","templated":true}]}}