{"id":32685,"date":"2026-05-06T15:06:12","date_gmt":"2026-05-06T13:06:12","guid":{"rendered":"https:\/\/www.koonings.com\/product\/rembo-styling-the-sky-is-pink-1\/"},"modified":"2026-02-16T11:25:26","modified_gmt":"2026-02-16T10:25:26","slug":"rembo-styling-the-sky-is-pink-1","status":"publish","type":"product","link":"https:\/\/www.koonings.com\/fr\/product\/rembo-styling-the-sky-is-pink-1\/","title":{"rendered":"Rembo Styling Le ciel est rose\/1"},"content":{"rendered":"<p>La robe de mari\u00e9e The Sky is Pink de Rembo Styling, disponible chez Koonings The Wedding Palace, est un mod\u00e8le \u00e0 couper le souffle pour la mari\u00e9e qui aime le look romantique et boh\u00e8me avec une touche de modernit\u00e9. Cette robe a une \u00e9l\u00e9gante silhouette en ligne A qui tombe doucement sur le corps, permettant \u00e0 la mari\u00e9e de se d\u00e9placer librement et avec style. La dentelle sophistiqu\u00e9e et les d\u00e9tails d\u00e9licats donnent \u00e0 la robe un aspect r\u00eaveur et \u00e9th\u00e9r\u00e9, tandis que les tons subtils du tissu offrent une sensation de chaleur et de douceur. Le mod\u00e8le Sky is Pink pr\u00e9sente une \u00e9l\u00e9gante encolure en V et des manches joliment d\u00e9taill\u00e9es qui ajoutent au charme boh\u00e8me de la robe. Parfaite pour un mariage dans un cadre naturel et intime, cette robe offre l&#8217;\u00e9quilibre id\u00e9al entre romantisme et sophistication. Disponible chez Koonings The Wedding Palace, o\u00f9 vous pourrez essayer cette magnifique robe et la faire personnaliser pour votre grand jour.     <\/p>\n","protected":false},"featured_media":26645,"template":"","meta":{"_acf_changed":false,"ghostkit_customizer_options":"","ghostkit_custom_css":"","ghostkit_custom_js_head":"","ghostkit_custom_js_foot":"","ghostkit_typography":""},"productdetails":[378],"productneck":[350,355],"productcolor":[392],"maat":[],"productsupplier":[414],"productsleeve":[362],"productcategory":[18],"productsilhouette":[384],"productstyle":[364],"class_list":["post-32685","product","type-product","status-publish","has-post-thumbnail","hentry","productdetails-378","productneck-350","productneck-355","productcolor-392","productsupplier-rembo-styling","productsleeve-362","productcategory-trouwjurken","productsilhouette-384","productstyle-364"],"acf":[],"yoast_head":"<!-- This site is optimized with the Yoast SEO plugin v27.3 - https:\/\/yoast.com\/product\/yoast-seo-wordpress\/ -->\n<title>Rembo Styling Le ciel est rose\/1 | Koonings<\/title>\n<meta name=\"description\" content=\"La robe de mari\u00e9e The Sky is Pink de Rembo Styling, disponible chez Koonings The Wedding Palace, est un mod\u00e8le \u00e0 couper le souffle pour la mari\u00e9e qui aime le look romantique et boh\u00e8me avec une touche de modernit\u00e9. Cette robe a une \u00e9l\u00e9gante silhouette en ligne A qui tombe doucement sur le corps, permettant \u00e0 la mari\u00e9e de se d\u00e9placer librement et avec style. La dentelle sophistiqu\u00e9e et les d\u00e9tails d\u00e9licats donnent \u00e0 la robe un aspect r\u00eaveur et \u00e9th\u00e9r\u00e9, tandis que les tons subtils du tissu offrent une sensation de chaleur et de douceur. Le mod\u00e8le Sky is Pink pr\u00e9sente une \u00e9l\u00e9gante encolure en V et des manches joliment d\u00e9taill\u00e9es qui ajoutent au charme boh\u00e8me de la robe. Parfaite pour un mariage dans un cadre naturel et intime, cette robe offre l&#039;\u00e9quilibre id\u00e9al entre romantisme et sophistication. Disponible chez Koonings The Wedding Palace, o\u00f9 vous pourrez essayer cette magnifique robe et la faire personnaliser pour votre grand jour.\" \/>\n<meta name=\"robots\" content=\"index, follow, max-snippet:-1, max-image-preview:large, max-video-preview:-1\" \/>\n<link rel=\"canonical\" href=\"https:\/\/www.koonings.com\/fr\/product\/rembo-styling-the-sky-is-pink-1\/\" \/>\n<meta property=\"og:locale\" content=\"fr_FR\" \/>\n<meta property=\"og:type\" content=\"article\" \/>\n<meta property=\"og:title\" content=\"Rembo Styling Le ciel est rose\/1 | Koonings\" \/>\n<meta property=\"og:description\" content=\"La robe de mari\u00e9e The Sky is Pink de Rembo Styling, disponible chez Koonings The Wedding Palace, est un mod\u00e8le \u00e0 couper le souffle pour la mari\u00e9e qui aime le look romantique et boh\u00e8me avec une touche de modernit\u00e9. Cette robe a une \u00e9l\u00e9gante silhouette en ligne A qui tombe doucement sur le corps, permettant \u00e0 la mari\u00e9e de se d\u00e9placer librement et avec style. La dentelle sophistiqu\u00e9e et les d\u00e9tails d\u00e9licats donnent \u00e0 la robe un aspect r\u00eaveur et \u00e9th\u00e9r\u00e9, tandis que les tons subtils du tissu offrent une sensation de chaleur et de douceur. Le mod\u00e8le Sky is Pink pr\u00e9sente une \u00e9l\u00e9gante encolure en V et des manches joliment d\u00e9taill\u00e9es qui ajoutent au charme boh\u00e8me de la robe. Parfaite pour un mariage dans un cadre naturel et intime, cette robe offre l&#039;\u00e9quilibre id\u00e9al entre romantisme et sophistication. Disponible chez Koonings The Wedding Palace, o\u00f9 vous pourrez essayer cette magnifique robe et la faire personnaliser pour votre grand jour.\" \/>\n<meta property=\"og:url\" content=\"https:\/\/www.koonings.com\/fr\/product\/rembo-styling-the-sky-is-pink-1\/\" \/>\n<meta property=\"og:site_name\" content=\"Koonings\" \/>\n<meta property=\"article:publisher\" content=\"https:\/\/www.facebook.com\/kooningstheweddingpalace\" \/>\n<meta property=\"og:image\" content=\"https:\/\/www.koonings.com\/wp-content\/uploads\/2024\/11\/27852_2798dcd4c099ae70619edb93fb03c885dbd7c9874a7d9a124ae3f72620985107d7bf7511-scaled.jpeg\" \/>\n\t<meta property=\"og:image:width\" content=\"1707\" \/>\n\t<meta property=\"og:image:height\" content=\"2560\" \/>\n\t<meta property=\"og:image:type\" content=\"image\/jpeg\" \/>\n<meta name=\"twitter:card\" content=\"summary_large_image\" \/>\n<meta name=\"twitter:label1\" content=\"Dur\u00e9e de lecture estim\u00e9e\" \/>\n\t<meta name=\"twitter:data1\" content=\"1 minute\" \/>\n<script type=\"application\/ld+json\" class=\"yoast-schema-graph\">{\"@context\":\"https:\\\/\\\/schema.org\",\"@graph\":[{\"@type\":\"WebPage\",\"@id\":\"https:\\\/\\\/www.koonings.com\\\/fr\\\/product\\\/rembo-styling-the-sky-is-pink-1\\\/\",\"url\":\"https:\\\/\\\/www.koonings.com\\\/fr\\\/product\\\/rembo-styling-the-sky-is-pink-1\\\/\",\"name\":\"Rembo Styling Le ciel est rose\\\/1 | Koonings\",\"isPartOf\":{\"@id\":\"https:\\\/\\\/www.koonings.com\\\/fr\\\/#website\"},\"primaryImageOfPage\":{\"@id\":\"https:\\\/\\\/www.koonings.com\\\/fr\\\/product\\\/rembo-styling-the-sky-is-pink-1\\\/#primaryimage\"},\"image\":{\"@id\":\"https:\\\/\\\/www.koonings.com\\\/fr\\\/product\\\/rembo-styling-the-sky-is-pink-1\\\/#primaryimage\"},\"thumbnailUrl\":\"https:\\\/\\\/www.koonings.com\\\/wp-content\\\/uploads\\\/2024\\\/11\\\/27852_2798dcd4c099ae70619edb93fb03c885dbd7c9874a7d9a124ae3f72620985107d7bf7511-scaled.jpeg\",\"datePublished\":\"2026-05-06T13:06:12+00:00\",\"description\":\"La robe de mari\u00e9e The Sky is Pink de Rembo Styling, disponible chez Koonings The Wedding Palace, est un mod\u00e8le \u00e0 couper le souffle pour la mari\u00e9e qui aime le look romantique et boh\u00e8me avec une touche de modernit\u00e9. Cette robe a une \u00e9l\u00e9gante silhouette en ligne A qui tombe doucement sur le corps, permettant \u00e0 la mari\u00e9e de se d\u00e9placer librement et avec style. La dentelle sophistiqu\u00e9e et les d\u00e9tails d\u00e9licats donnent \u00e0 la robe un aspect r\u00eaveur et \u00e9th\u00e9r\u00e9, tandis que les tons subtils du tissu offrent une sensation de chaleur et de douceur. Le mod\u00e8le Sky is Pink pr\u00e9sente une \u00e9l\u00e9gante encolure en V et des manches joliment d\u00e9taill\u00e9es qui ajoutent au charme boh\u00e8me de la robe. Parfaite pour un mariage dans un cadre naturel et intime, cette robe offre l'\u00e9quilibre id\u00e9al entre romantisme et sophistication. Disponible chez Koonings The Wedding Palace, o\u00f9 vous pourrez essayer cette magnifique robe et la faire personnaliser pour votre grand jour.\",\"breadcrumb\":{\"@id\":\"https:\\\/\\\/www.koonings.com\\\/fr\\\/product\\\/rembo-styling-the-sky-is-pink-1\\\/#breadcrumb\"},\"inLanguage\":\"fr-FR\",\"potentialAction\":[{\"@type\":\"ReadAction\",\"target\":[\"https:\\\/\\\/www.koonings.com\\\/fr\\\/product\\\/rembo-styling-the-sky-is-pink-1\\\/\"]}]},{\"@type\":\"ImageObject\",\"inLanguage\":\"fr-FR\",\"@id\":\"https:\\\/\\\/www.koonings.com\\\/fr\\\/product\\\/rembo-styling-the-sky-is-pink-1\\\/#primaryimage\",\"url\":\"https:\\\/\\\/www.koonings.com\\\/wp-content\\\/uploads\\\/2024\\\/11\\\/27852_2798dcd4c099ae70619edb93fb03c885dbd7c9874a7d9a124ae3f72620985107d7bf7511-scaled.jpeg\",\"contentUrl\":\"https:\\\/\\\/www.koonings.com\\\/wp-content\\\/uploads\\\/2024\\\/11\\\/27852_2798dcd4c099ae70619edb93fb03c885dbd7c9874a7d9a124ae3f72620985107d7bf7511-scaled.jpeg\",\"width\":1707,\"height\":2560},{\"@type\":\"BreadcrumbList\",\"@id\":\"https:\\\/\\\/www.koonings.com\\\/fr\\\/product\\\/rembo-styling-the-sky-is-pink-1\\\/#breadcrumb\",\"itemListElement\":[{\"@type\":\"ListItem\",\"position\":1,\"name\":\"Home\",\"item\":\"https:\\\/\\\/www.koonings.com\\\/fr\\\/\"},{\"@type\":\"ListItem\",\"position\":2,\"name\":\"Rembo Styling Le ciel est rose\\\/1\"}]},{\"@type\":\"WebSite\",\"@id\":\"https:\\\/\\\/www.koonings.com\\\/fr\\\/#website\",\"url\":\"https:\\\/\\\/www.koonings.com\\\/fr\\\/\",\"name\":\"Koonings\",\"description\":\"De grootste bruidsmodewinkel ter wereld\",\"publisher\":{\"@id\":\"https:\\\/\\\/www.koonings.com\\\/fr\\\/#organization\"},\"potentialAction\":[{\"@type\":\"SearchAction\",\"target\":{\"@type\":\"EntryPoint\",\"urlTemplate\":\"https:\\\/\\\/www.koonings.com\\\/fr\\\/?s={search_term_string}\"},\"query-input\":{\"@type\":\"PropertyValueSpecification\",\"valueRequired\":true,\"valueName\":\"search_term_string\"}}],\"inLanguage\":\"fr-FR\"},{\"@type\":\"Organization\",\"@id\":\"https:\\\/\\\/www.koonings.com\\\/fr\\\/#organization\",\"name\":\"Koonings\",\"url\":\"https:\\\/\\\/www.koonings.com\\\/fr\\\/\",\"logo\":{\"@type\":\"ImageObject\",\"inLanguage\":\"fr-FR\",\"@id\":\"https:\\\/\\\/www.koonings.com\\\/fr\\\/#\\\/schema\\\/logo\\\/image\\\/\",\"url\":\"https:\\\/\\\/www.koonings.com\\\/wp-content\\\/uploads\\\/2024\\\/07\\\/logo.png\",\"contentUrl\":\"https:\\\/\\\/www.koonings.com\\\/wp-content\\\/uploads\\\/2024\\\/07\\\/logo.png\",\"width\":600,\"height\":428,\"caption\":\"Koonings\"},\"image\":{\"@id\":\"https:\\\/\\\/www.koonings.com\\\/fr\\\/#\\\/schema\\\/logo\\\/image\\\/\"},\"sameAs\":[\"https:\\\/\\\/www.facebook.com\\\/kooningstheweddingpalace\",\"https:\\\/\\\/www.instagram.com\\\/kooningstheweddingpalace\",\"https:\\\/\\\/www.pinterest.com\\\/koonings\",\"https:\\\/\\\/www.youtube.com\\\/kooningstheweddingpalace\"]}]}<\/script>\n<!-- \/ Yoast SEO plugin. -->","yoast_head_json":{"title":"Rembo Styling Le ciel est rose\/1 | Koonings","description":"La robe de mari\u00e9e The Sky is Pink de Rembo Styling, disponible chez Koonings The Wedding Palace, est un mod\u00e8le \u00e0 couper le souffle pour la mari\u00e9e qui aime le look romantique et boh\u00e8me avec une touche de modernit\u00e9. Cette robe a une \u00e9l\u00e9gante silhouette en ligne A qui tombe doucement sur le corps, permettant \u00e0 la mari\u00e9e de se d\u00e9placer librement et avec style. La dentelle sophistiqu\u00e9e et les d\u00e9tails d\u00e9licats donnent \u00e0 la robe un aspect r\u00eaveur et \u00e9th\u00e9r\u00e9, tandis que les tons subtils du tissu offrent une sensation de chaleur et de douceur. Le mod\u00e8le Sky is Pink pr\u00e9sente une \u00e9l\u00e9gante encolure en V et des manches joliment d\u00e9taill\u00e9es qui ajoutent au charme boh\u00e8me de la robe. Parfaite pour un mariage dans un cadre naturel et intime, cette robe offre l'\u00e9quilibre id\u00e9al entre romantisme et sophistication. Disponible chez Koonings The Wedding Palace, o\u00f9 vous pourrez essayer cette magnifique robe et la faire personnaliser pour votre grand jour.","robots":{"index":"index","follow":"follow","max-snippet":"max-snippet:-1","max-image-preview":"max-image-preview:large","max-video-preview":"max-video-preview:-1"},"canonical":"https:\/\/www.koonings.com\/fr\/product\/rembo-styling-the-sky-is-pink-1\/","og_locale":"fr_FR","og_type":"article","og_title":"Rembo Styling Le ciel est rose\/1 | Koonings","og_description":"La robe de mari\u00e9e The Sky is Pink de Rembo Styling, disponible chez Koonings The Wedding Palace, est un mod\u00e8le \u00e0 couper le souffle pour la mari\u00e9e qui aime le look romantique et boh\u00e8me avec une touche de modernit\u00e9. Cette robe a une \u00e9l\u00e9gante silhouette en ligne A qui tombe doucement sur le corps, permettant \u00e0 la mari\u00e9e de se d\u00e9placer librement et avec style. La dentelle sophistiqu\u00e9e et les d\u00e9tails d\u00e9licats donnent \u00e0 la robe un aspect r\u00eaveur et \u00e9th\u00e9r\u00e9, tandis que les tons subtils du tissu offrent une sensation de chaleur et de douceur. Le mod\u00e8le Sky is Pink pr\u00e9sente une \u00e9l\u00e9gante encolure en V et des manches joliment d\u00e9taill\u00e9es qui ajoutent au charme boh\u00e8me de la robe. Parfaite pour un mariage dans un cadre naturel et intime, cette robe offre l'\u00e9quilibre id\u00e9al entre romantisme et sophistication. Disponible chez Koonings The Wedding Palace, o\u00f9 vous pourrez essayer cette magnifique robe et la faire personnaliser pour votre grand jour.","og_url":"https:\/\/www.koonings.com\/fr\/product\/rembo-styling-the-sky-is-pink-1\/","og_site_name":"Koonings","article_publisher":"https:\/\/www.facebook.com\/kooningstheweddingpalace","og_image":[{"width":1707,"height":2560,"url":"https:\/\/www.koonings.com\/wp-content\/uploads\/2024\/11\/27852_2798dcd4c099ae70619edb93fb03c885dbd7c9874a7d9a124ae3f72620985107d7bf7511-scaled.jpeg","type":"image\/jpeg"}],"twitter_card":"summary_large_image","twitter_misc":{"Dur\u00e9e de lecture estim\u00e9e":"1 minute"},"schema":{"@context":"https:\/\/schema.org","@graph":[{"@type":"WebPage","@id":"https:\/\/www.koonings.com\/fr\/product\/rembo-styling-the-sky-is-pink-1\/","url":"https:\/\/www.koonings.com\/fr\/product\/rembo-styling-the-sky-is-pink-1\/","name":"Rembo Styling Le ciel est rose\/1 | Koonings","isPartOf":{"@id":"https:\/\/www.koonings.com\/fr\/#website"},"primaryImageOfPage":{"@id":"https:\/\/www.koonings.com\/fr\/product\/rembo-styling-the-sky-is-pink-1\/#primaryimage"},"image":{"@id":"https:\/\/www.koonings.com\/fr\/product\/rembo-styling-the-sky-is-pink-1\/#primaryimage"},"thumbnailUrl":"https:\/\/www.koonings.com\/wp-content\/uploads\/2024\/11\/27852_2798dcd4c099ae70619edb93fb03c885dbd7c9874a7d9a124ae3f72620985107d7bf7511-scaled.jpeg","datePublished":"2026-05-06T13:06:12+00:00","description":"La robe de mari\u00e9e The Sky is Pink de Rembo Styling, disponible chez Koonings The Wedding Palace, est un mod\u00e8le \u00e0 couper le souffle pour la mari\u00e9e qui aime le look romantique et boh\u00e8me avec une touche de modernit\u00e9. Cette robe a une \u00e9l\u00e9gante silhouette en ligne A qui tombe doucement sur le corps, permettant \u00e0 la mari\u00e9e de se d\u00e9placer librement et avec style. La dentelle sophistiqu\u00e9e et les d\u00e9tails d\u00e9licats donnent \u00e0 la robe un aspect r\u00eaveur et \u00e9th\u00e9r\u00e9, tandis que les tons subtils du tissu offrent une sensation de chaleur et de douceur. Le mod\u00e8le Sky is Pink pr\u00e9sente une \u00e9l\u00e9gante encolure en V et des manches joliment d\u00e9taill\u00e9es qui ajoutent au charme boh\u00e8me de la robe. Parfaite pour un mariage dans un cadre naturel et intime, cette robe offre l'\u00e9quilibre id\u00e9al entre romantisme et sophistication. Disponible chez Koonings The Wedding Palace, o\u00f9 vous pourrez essayer cette magnifique robe et la faire personnaliser pour votre grand jour.","breadcrumb":{"@id":"https:\/\/www.koonings.com\/fr\/product\/rembo-styling-the-sky-is-pink-1\/#breadcrumb"},"inLanguage":"fr-FR","potentialAction":[{"@type":"ReadAction","target":["https:\/\/www.koonings.com\/fr\/product\/rembo-styling-the-sky-is-pink-1\/"]}]},{"@type":"ImageObject","inLanguage":"fr-FR","@id":"https:\/\/www.koonings.com\/fr\/product\/rembo-styling-the-sky-is-pink-1\/#primaryimage","url":"https:\/\/www.koonings.com\/wp-content\/uploads\/2024\/11\/27852_2798dcd4c099ae70619edb93fb03c885dbd7c9874a7d9a124ae3f72620985107d7bf7511-scaled.jpeg","contentUrl":"https:\/\/www.koonings.com\/wp-content\/uploads\/2024\/11\/27852_2798dcd4c099ae70619edb93fb03c885dbd7c9874a7d9a124ae3f72620985107d7bf7511-scaled.jpeg","width":1707,"height":2560},{"@type":"BreadcrumbList","@id":"https:\/\/www.koonings.com\/fr\/product\/rembo-styling-the-sky-is-pink-1\/#breadcrumb","itemListElement":[{"@type":"ListItem","position":1,"name":"Home","item":"https:\/\/www.koonings.com\/fr\/"},{"@type":"ListItem","position":2,"name":"Rembo Styling Le ciel est rose\/1"}]},{"@type":"WebSite","@id":"https:\/\/www.koonings.com\/fr\/#website","url":"https:\/\/www.koonings.com\/fr\/","name":"Koonings","description":"De grootste bruidsmodewinkel ter wereld","publisher":{"@id":"https:\/\/www.koonings.com\/fr\/#organization"},"potentialAction":[{"@type":"SearchAction","target":{"@type":"EntryPoint","urlTemplate":"https:\/\/www.koonings.com\/fr\/?s={search_term_string}"},"query-input":{"@type":"PropertyValueSpecification","valueRequired":true,"valueName":"search_term_string"}}],"inLanguage":"fr-FR"},{"@type":"Organization","@id":"https:\/\/www.koonings.com\/fr\/#organization","name":"Koonings","url":"https:\/\/www.koonings.com\/fr\/","logo":{"@type":"ImageObject","inLanguage":"fr-FR","@id":"https:\/\/www.koonings.com\/fr\/#\/schema\/logo\/image\/","url":"https:\/\/www.koonings.com\/wp-content\/uploads\/2024\/07\/logo.png","contentUrl":"https:\/\/www.koonings.com\/wp-content\/uploads\/2024\/07\/logo.png","width":600,"height":428,"caption":"Koonings"},"image":{"@id":"https:\/\/www.koonings.com\/fr\/#\/schema\/logo\/image\/"},"sameAs":["https:\/\/www.facebook.com\/kooningstheweddingpalace","https:\/\/www.instagram.com\/kooningstheweddingpalace","https:\/\/www.pinterest.com\/koonings","https:\/\/www.youtube.com\/kooningstheweddingpalace"]}]}},"_links":{"self":[{"href":"https:\/\/www.koonings.com\/fr\/wp-json\/wp\/v2\/product\/32685","targetHints":{"allow":["GET"]}}],"collection":[{"href":"https:\/\/www.koonings.com\/fr\/wp-json\/wp\/v2\/product"}],"about":[{"href":"https:\/\/www.koonings.com\/fr\/wp-json\/wp\/v2\/types\/product"}],"wp:featuredmedia":[{"embeddable":true,"href":"https:\/\/www.koonings.com\/fr\/wp-json\/wp\/v2\/media\/26645"}],"wp:attachment":[{"href":"https:\/\/www.koonings.com\/fr\/wp-json\/wp\/v2\/media?parent=32685"}],"wp:term":[{"taxonomy":"productdetails","embeddable":true,"href":"https:\/\/www.koonings.com\/fr\/wp-json\/wp\/v2\/productdetails?post=32685"},{"taxonomy":"productneck","embeddable":true,"href":"https:\/\/www.koonings.com\/fr\/wp-json\/wp\/v2\/productneck?post=32685"},{"taxonomy":"productcolor","embeddable":true,"href":"https:\/\/www.koonings.com\/fr\/wp-json\/wp\/v2\/productcolor?post=32685"},{"taxonomy":"maat","embeddable":true,"href":"https:\/\/www.koonings.com\/fr\/wp-json\/wp\/v2\/maat?post=32685"},{"taxonomy":"productsupplier","embeddable":true,"href":"https:\/\/www.koonings.com\/fr\/wp-json\/wp\/v2\/productsupplier?post=32685"},{"taxonomy":"productsleeve","embeddable":true,"href":"https:\/\/www.koonings.com\/fr\/wp-json\/wp\/v2\/productsleeve?post=32685"},{"taxonomy":"productcategory","embeddable":true,"href":"https:\/\/www.koonings.com\/fr\/wp-json\/wp\/v2\/productcategory?post=32685"},{"taxonomy":"productsilhouette","embeddable":true,"href":"https:\/\/www.koonings.com\/fr\/wp-json\/wp\/v2\/productsilhouette?post=32685"},{"taxonomy":"productstyle","embeddable":true,"href":"https:\/\/www.koonings.com\/fr\/wp-json\/wp\/v2\/productstyle?post=32685"}],"curies":[{"name":"wp","href":"https:\/\/api.w.org\/{rel}","templated":true}]}}