{"id":32675,"date":"2026-05-06T15:06:37","date_gmt":"2026-05-06T13:06:37","guid":{"rendered":"https:\/\/www.koonings.com\/product\/ramona-koonings-couture-kn2121-rose\/"},"modified":"2026-02-16T14:31:16","modified_gmt":"2026-02-16T13:31:16","slug":"ramona-koonings-couture-kn2121-rose","status":"publish","type":"product","link":"https:\/\/www.koonings.com\/fr\/product\/ramona-koonings-couture-kn2121-rose\/","title":{"rendered":"Ramona Koonings Couture KN2121 Rose"},"content":{"rendered":"<p>Optez-vous pour des manches capuchon ou des bretelles spaghetti ? Avec cette robe de mari\u00e9e Ramona Koonings, vous avez le choix, car les deux options peuvent \u00eatre fix\u00e9es \u00e0 l&#8217;aide de boutons-pression. Vous pouvez donc tr\u00e8s facilement changer d&#8217;option au milieu de votre journ\u00e9e de mariage. Mais ce n&#8217;est pas vraiment n\u00e9cessaire, car le corsage et la jupe de cette robe de mari\u00e9e unique feront en sorte que vos invit\u00e9s parleront encore longtemps de votre robe de r\u00eave.   <\/p>\n","protected":false},"featured_media":27539,"template":"","meta":{"_acf_changed":false,"ghostkit_customizer_options":"","ghostkit_custom_css":"","ghostkit_custom_js_head":"","ghostkit_custom_js_foot":"","ghostkit_typography":""},"productdetails":[379,380,376],"productneck":[355],"productcolor":[392],"maat":[],"productsupplier":[419],"productsleeve":[359,361],"productcategory":[18],"productsilhouette":[384],"productstyle":[367],"class_list":["post-32675","product","type-product","status-publish","has-post-thumbnail","hentry","productdetails-379","productdetails-380","productdetails-376","productneck-355","productcolor-392","productsupplier-ramona-koonings-couture","productsleeve-359","productsleeve-361","productcategory-trouwjurken","productsilhouette-384","productstyle-367"],"acf":[],"yoast_head":"<!-- This site is optimized with the Yoast SEO plugin v27.3 - https:\/\/yoast.com\/product\/yoast-seo-wordpress\/ -->\n<title>Ramona Koonings Couture KN2121 Rose | Koonings<\/title>\n<meta name=\"description\" content=\"Optez-vous pour des manches capuchon ou des bretelles spaghetti ? Avec cette robe de mari\u00e9e Ramona Koonings, vous avez le choix, car les deux options peuvent \u00eatre fix\u00e9es \u00e0 l&#039;aide de boutons-pression. Vous pouvez donc tr\u00e8s facilement changer d&#039;option au milieu de votre journ\u00e9e de mariage. Mais ce n&#039;est pas vraiment n\u00e9cessaire, car le corsage et la jupe de cette robe de mari\u00e9e unique feront en sorte que vos invit\u00e9s parleront encore longtemps de votre robe de r\u00eave.\" \/>\n<meta name=\"robots\" content=\"index, follow, max-snippet:-1, max-image-preview:large, max-video-preview:-1\" \/>\n<link rel=\"canonical\" href=\"https:\/\/www.koonings.com\/fr\/product\/ramona-koonings-couture-kn2121-rose\/\" \/>\n<meta property=\"og:locale\" content=\"fr_FR\" \/>\n<meta property=\"og:type\" content=\"article\" \/>\n<meta property=\"og:title\" content=\"Ramona Koonings Couture KN2121 Rose | Koonings\" \/>\n<meta property=\"og:description\" content=\"Optez-vous pour des manches capuchon ou des bretelles spaghetti ? Avec cette robe de mari\u00e9e Ramona Koonings, vous avez le choix, car les deux options peuvent \u00eatre fix\u00e9es \u00e0 l&#039;aide de boutons-pression. Vous pouvez donc tr\u00e8s facilement changer d&#039;option au milieu de votre journ\u00e9e de mariage. Mais ce n&#039;est pas vraiment n\u00e9cessaire, car le corsage et la jupe de cette robe de mari\u00e9e unique feront en sorte que vos invit\u00e9s parleront encore longtemps de votre robe de r\u00eave.\" \/>\n<meta property=\"og:url\" content=\"https:\/\/www.koonings.com\/fr\/product\/ramona-koonings-couture-kn2121-rose\/\" \/>\n<meta property=\"og:site_name\" content=\"Koonings\" \/>\n<meta property=\"article:publisher\" content=\"https:\/\/www.facebook.com\/kooningstheweddingpalace\" \/>\n<meta property=\"og:image\" content=\"https:\/\/www.koonings.com\/wp-content\/uploads\/2024\/11\/36217_54e49921d8e69b2a3763b979958406059faee6255e70fab496d5826ed3a0a8a136709fb8.jpeg\" \/>\n\t<meta property=\"og:image:width\" content=\"300\" \/>\n\t<meta property=\"og:image:height\" content=\"450\" \/>\n\t<meta property=\"og:image:type\" content=\"image\/jpeg\" \/>\n<meta name=\"twitter:card\" content=\"summary_large_image\" \/>\n<script type=\"application\/ld+json\" class=\"yoast-schema-graph\">{\"@context\":\"https:\\\/\\\/schema.org\",\"@graph\":[{\"@type\":\"WebPage\",\"@id\":\"https:\\\/\\\/www.koonings.com\\\/fr\\\/product\\\/ramona-koonings-couture-kn2121-rose\\\/\",\"url\":\"https:\\\/\\\/www.koonings.com\\\/fr\\\/product\\\/ramona-koonings-couture-kn2121-rose\\\/\",\"name\":\"Ramona Koonings Couture KN2121 Rose | Koonings\",\"isPartOf\":{\"@id\":\"https:\\\/\\\/www.koonings.com\\\/fr\\\/#website\"},\"primaryImageOfPage\":{\"@id\":\"https:\\\/\\\/www.koonings.com\\\/fr\\\/product\\\/ramona-koonings-couture-kn2121-rose\\\/#primaryimage\"},\"image\":{\"@id\":\"https:\\\/\\\/www.koonings.com\\\/fr\\\/product\\\/ramona-koonings-couture-kn2121-rose\\\/#primaryimage\"},\"thumbnailUrl\":\"https:\\\/\\\/www.koonings.com\\\/wp-content\\\/uploads\\\/2024\\\/11\\\/36217_54e49921d8e69b2a3763b979958406059faee6255e70fab496d5826ed3a0a8a136709fb8.jpeg\",\"datePublished\":\"2026-05-06T13:06:37+00:00\",\"description\":\"Optez-vous pour des manches capuchon ou des bretelles spaghetti ? Avec cette robe de mari\u00e9e Ramona Koonings, vous avez le choix, car les deux options peuvent \u00eatre fix\u00e9es \u00e0 l'aide de boutons-pression. Vous pouvez donc tr\u00e8s facilement changer d'option au milieu de votre journ\u00e9e de mariage. Mais ce n'est pas vraiment n\u00e9cessaire, car le corsage et la jupe de cette robe de mari\u00e9e unique feront en sorte que vos invit\u00e9s parleront encore longtemps de votre robe de r\u00eave.\",\"breadcrumb\":{\"@id\":\"https:\\\/\\\/www.koonings.com\\\/fr\\\/product\\\/ramona-koonings-couture-kn2121-rose\\\/#breadcrumb\"},\"inLanguage\":\"fr-FR\",\"potentialAction\":[{\"@type\":\"ReadAction\",\"target\":[\"https:\\\/\\\/www.koonings.com\\\/fr\\\/product\\\/ramona-koonings-couture-kn2121-rose\\\/\"]}]},{\"@type\":\"ImageObject\",\"inLanguage\":\"fr-FR\",\"@id\":\"https:\\\/\\\/www.koonings.com\\\/fr\\\/product\\\/ramona-koonings-couture-kn2121-rose\\\/#primaryimage\",\"url\":\"https:\\\/\\\/www.koonings.com\\\/wp-content\\\/uploads\\\/2024\\\/11\\\/36217_54e49921d8e69b2a3763b979958406059faee6255e70fab496d5826ed3a0a8a136709fb8.jpeg\",\"contentUrl\":\"https:\\\/\\\/www.koonings.com\\\/wp-content\\\/uploads\\\/2024\\\/11\\\/36217_54e49921d8e69b2a3763b979958406059faee6255e70fab496d5826ed3a0a8a136709fb8.jpeg\",\"width\":300,\"height\":450},{\"@type\":\"BreadcrumbList\",\"@id\":\"https:\\\/\\\/www.koonings.com\\\/fr\\\/product\\\/ramona-koonings-couture-kn2121-rose\\\/#breadcrumb\",\"itemListElement\":[{\"@type\":\"ListItem\",\"position\":1,\"name\":\"Home\",\"item\":\"https:\\\/\\\/www.koonings.com\\\/fr\\\/\"},{\"@type\":\"ListItem\",\"position\":2,\"name\":\"Ramona Koonings Couture KN2121 Rose\"}]},{\"@type\":\"WebSite\",\"@id\":\"https:\\\/\\\/www.koonings.com\\\/fr\\\/#website\",\"url\":\"https:\\\/\\\/www.koonings.com\\\/fr\\\/\",\"name\":\"Koonings\",\"description\":\"De grootste bruidsmodewinkel ter wereld\",\"publisher\":{\"@id\":\"https:\\\/\\\/www.koonings.com\\\/fr\\\/#organization\"},\"potentialAction\":[{\"@type\":\"SearchAction\",\"target\":{\"@type\":\"EntryPoint\",\"urlTemplate\":\"https:\\\/\\\/www.koonings.com\\\/fr\\\/?s={search_term_string}\"},\"query-input\":{\"@type\":\"PropertyValueSpecification\",\"valueRequired\":true,\"valueName\":\"search_term_string\"}}],\"inLanguage\":\"fr-FR\"},{\"@type\":\"Organization\",\"@id\":\"https:\\\/\\\/www.koonings.com\\\/fr\\\/#organization\",\"name\":\"Koonings\",\"url\":\"https:\\\/\\\/www.koonings.com\\\/fr\\\/\",\"logo\":{\"@type\":\"ImageObject\",\"inLanguage\":\"fr-FR\",\"@id\":\"https:\\\/\\\/www.koonings.com\\\/fr\\\/#\\\/schema\\\/logo\\\/image\\\/\",\"url\":\"https:\\\/\\\/www.koonings.com\\\/wp-content\\\/uploads\\\/2024\\\/07\\\/logo.png\",\"contentUrl\":\"https:\\\/\\\/www.koonings.com\\\/wp-content\\\/uploads\\\/2024\\\/07\\\/logo.png\",\"width\":600,\"height\":428,\"caption\":\"Koonings\"},\"image\":{\"@id\":\"https:\\\/\\\/www.koonings.com\\\/fr\\\/#\\\/schema\\\/logo\\\/image\\\/\"},\"sameAs\":[\"https:\\\/\\\/www.facebook.com\\\/kooningstheweddingpalace\",\"https:\\\/\\\/www.instagram.com\\\/kooningstheweddingpalace\",\"https:\\\/\\\/www.pinterest.com\\\/koonings\",\"https:\\\/\\\/www.youtube.com\\\/kooningstheweddingpalace\"]}]}<\/script>\n<!-- \/ Yoast SEO plugin. -->","yoast_head_json":{"title":"Ramona Koonings Couture KN2121 Rose | Koonings","description":"Optez-vous pour des manches capuchon ou des bretelles spaghetti ? Avec cette robe de mari\u00e9e Ramona Koonings, vous avez le choix, car les deux options peuvent \u00eatre fix\u00e9es \u00e0 l'aide de boutons-pression. Vous pouvez donc tr\u00e8s facilement changer d'option au milieu de votre journ\u00e9e de mariage. Mais ce n'est pas vraiment n\u00e9cessaire, car le corsage et la jupe de cette robe de mari\u00e9e unique feront en sorte que vos invit\u00e9s parleront encore longtemps de votre robe de r\u00eave.","robots":{"index":"index","follow":"follow","max-snippet":"max-snippet:-1","max-image-preview":"max-image-preview:large","max-video-preview":"max-video-preview:-1"},"canonical":"https:\/\/www.koonings.com\/fr\/product\/ramona-koonings-couture-kn2121-rose\/","og_locale":"fr_FR","og_type":"article","og_title":"Ramona Koonings Couture KN2121 Rose | Koonings","og_description":"Optez-vous pour des manches capuchon ou des bretelles spaghetti ? Avec cette robe de mari\u00e9e Ramona Koonings, vous avez le choix, car les deux options peuvent \u00eatre fix\u00e9es \u00e0 l'aide de boutons-pression. Vous pouvez donc tr\u00e8s facilement changer d'option au milieu de votre journ\u00e9e de mariage. Mais ce n'est pas vraiment n\u00e9cessaire, car le corsage et la jupe de cette robe de mari\u00e9e unique feront en sorte que vos invit\u00e9s parleront encore longtemps de votre robe de r\u00eave.","og_url":"https:\/\/www.koonings.com\/fr\/product\/ramona-koonings-couture-kn2121-rose\/","og_site_name":"Koonings","article_publisher":"https:\/\/www.facebook.com\/kooningstheweddingpalace","og_image":[{"width":300,"height":450,"url":"https:\/\/www.koonings.com\/wp-content\/uploads\/2024\/11\/36217_54e49921d8e69b2a3763b979958406059faee6255e70fab496d5826ed3a0a8a136709fb8.jpeg","type":"image\/jpeg"}],"twitter_card":"summary_large_image","schema":{"@context":"https:\/\/schema.org","@graph":[{"@type":"WebPage","@id":"https:\/\/www.koonings.com\/fr\/product\/ramona-koonings-couture-kn2121-rose\/","url":"https:\/\/www.koonings.com\/fr\/product\/ramona-koonings-couture-kn2121-rose\/","name":"Ramona Koonings Couture KN2121 Rose | Koonings","isPartOf":{"@id":"https:\/\/www.koonings.com\/fr\/#website"},"primaryImageOfPage":{"@id":"https:\/\/www.koonings.com\/fr\/product\/ramona-koonings-couture-kn2121-rose\/#primaryimage"},"image":{"@id":"https:\/\/www.koonings.com\/fr\/product\/ramona-koonings-couture-kn2121-rose\/#primaryimage"},"thumbnailUrl":"https:\/\/www.koonings.com\/wp-content\/uploads\/2024\/11\/36217_54e49921d8e69b2a3763b979958406059faee6255e70fab496d5826ed3a0a8a136709fb8.jpeg","datePublished":"2026-05-06T13:06:37+00:00","description":"Optez-vous pour des manches capuchon ou des bretelles spaghetti ? Avec cette robe de mari\u00e9e Ramona Koonings, vous avez le choix, car les deux options peuvent \u00eatre fix\u00e9es \u00e0 l'aide de boutons-pression. Vous pouvez donc tr\u00e8s facilement changer d'option au milieu de votre journ\u00e9e de mariage. Mais ce n'est pas vraiment n\u00e9cessaire, car le corsage et la jupe de cette robe de mari\u00e9e unique feront en sorte que vos invit\u00e9s parleront encore longtemps de votre robe de r\u00eave.","breadcrumb":{"@id":"https:\/\/www.koonings.com\/fr\/product\/ramona-koonings-couture-kn2121-rose\/#breadcrumb"},"inLanguage":"fr-FR","potentialAction":[{"@type":"ReadAction","target":["https:\/\/www.koonings.com\/fr\/product\/ramona-koonings-couture-kn2121-rose\/"]}]},{"@type":"ImageObject","inLanguage":"fr-FR","@id":"https:\/\/www.koonings.com\/fr\/product\/ramona-koonings-couture-kn2121-rose\/#primaryimage","url":"https:\/\/www.koonings.com\/wp-content\/uploads\/2024\/11\/36217_54e49921d8e69b2a3763b979958406059faee6255e70fab496d5826ed3a0a8a136709fb8.jpeg","contentUrl":"https:\/\/www.koonings.com\/wp-content\/uploads\/2024\/11\/36217_54e49921d8e69b2a3763b979958406059faee6255e70fab496d5826ed3a0a8a136709fb8.jpeg","width":300,"height":450},{"@type":"BreadcrumbList","@id":"https:\/\/www.koonings.com\/fr\/product\/ramona-koonings-couture-kn2121-rose\/#breadcrumb","itemListElement":[{"@type":"ListItem","position":1,"name":"Home","item":"https:\/\/www.koonings.com\/fr\/"},{"@type":"ListItem","position":2,"name":"Ramona Koonings Couture KN2121 Rose"}]},{"@type":"WebSite","@id":"https:\/\/www.koonings.com\/fr\/#website","url":"https:\/\/www.koonings.com\/fr\/","name":"Koonings","description":"De grootste bruidsmodewinkel ter wereld","publisher":{"@id":"https:\/\/www.koonings.com\/fr\/#organization"},"potentialAction":[{"@type":"SearchAction","target":{"@type":"EntryPoint","urlTemplate":"https:\/\/www.koonings.com\/fr\/?s={search_term_string}"},"query-input":{"@type":"PropertyValueSpecification","valueRequired":true,"valueName":"search_term_string"}}],"inLanguage":"fr-FR"},{"@type":"Organization","@id":"https:\/\/www.koonings.com\/fr\/#organization","name":"Koonings","url":"https:\/\/www.koonings.com\/fr\/","logo":{"@type":"ImageObject","inLanguage":"fr-FR","@id":"https:\/\/www.koonings.com\/fr\/#\/schema\/logo\/image\/","url":"https:\/\/www.koonings.com\/wp-content\/uploads\/2024\/07\/logo.png","contentUrl":"https:\/\/www.koonings.com\/wp-content\/uploads\/2024\/07\/logo.png","width":600,"height":428,"caption":"Koonings"},"image":{"@id":"https:\/\/www.koonings.com\/fr\/#\/schema\/logo\/image\/"},"sameAs":["https:\/\/www.facebook.com\/kooningstheweddingpalace","https:\/\/www.instagram.com\/kooningstheweddingpalace","https:\/\/www.pinterest.com\/koonings","https:\/\/www.youtube.com\/kooningstheweddingpalace"]}]}},"_links":{"self":[{"href":"https:\/\/www.koonings.com\/fr\/wp-json\/wp\/v2\/product\/32675","targetHints":{"allow":["GET"]}}],"collection":[{"href":"https:\/\/www.koonings.com\/fr\/wp-json\/wp\/v2\/product"}],"about":[{"href":"https:\/\/www.koonings.com\/fr\/wp-json\/wp\/v2\/types\/product"}],"wp:featuredmedia":[{"embeddable":true,"href":"https:\/\/www.koonings.com\/fr\/wp-json\/wp\/v2\/media\/27539"}],"wp:attachment":[{"href":"https:\/\/www.koonings.com\/fr\/wp-json\/wp\/v2\/media?parent=32675"}],"wp:term":[{"taxonomy":"productdetails","embeddable":true,"href":"https:\/\/www.koonings.com\/fr\/wp-json\/wp\/v2\/productdetails?post=32675"},{"taxonomy":"productneck","embeddable":true,"href":"https:\/\/www.koonings.com\/fr\/wp-json\/wp\/v2\/productneck?post=32675"},{"taxonomy":"productcolor","embeddable":true,"href":"https:\/\/www.koonings.com\/fr\/wp-json\/wp\/v2\/productcolor?post=32675"},{"taxonomy":"maat","embeddable":true,"href":"https:\/\/www.koonings.com\/fr\/wp-json\/wp\/v2\/maat?post=32675"},{"taxonomy":"productsupplier","embeddable":true,"href":"https:\/\/www.koonings.com\/fr\/wp-json\/wp\/v2\/productsupplier?post=32675"},{"taxonomy":"productsleeve","embeddable":true,"href":"https:\/\/www.koonings.com\/fr\/wp-json\/wp\/v2\/productsleeve?post=32675"},{"taxonomy":"productcategory","embeddable":true,"href":"https:\/\/www.koonings.com\/fr\/wp-json\/wp\/v2\/productcategory?post=32675"},{"taxonomy":"productsilhouette","embeddable":true,"href":"https:\/\/www.koonings.com\/fr\/wp-json\/wp\/v2\/productsilhouette?post=32675"},{"taxonomy":"productstyle","embeddable":true,"href":"https:\/\/www.koonings.com\/fr\/wp-json\/wp\/v2\/productstyle?post=32675"}],"curies":[{"name":"wp","href":"https:\/\/api.w.org\/{rel}","templated":true}]}}