{"id":32652,"date":"2025-12-15T00:08:21","date_gmt":"2025-12-14T23:08:21","guid":{"rendered":"https:\/\/www.koonings.com\/product\/julia-kontogruni-jk146\/"},"modified":"2026-02-03T17:43:25","modified_gmt":"2026-02-03T16:43:25","slug":"julia-kontogruni-jk146","status":"publish","type":"product","link":"https:\/\/www.koonings.com\/fr\/product\/julia-kontogruni-jk146\/","title":{"rendered":"Julia Kontogruni JK146"},"content":{"rendered":"<p>Si vous souhaitez une robe de mari\u00e9e baroque avec de la dentelle et des paillettes, cette robe est le bon choix. Les manches sont transparentes avec deux bandes ondul\u00e9es sur le haut du bras. Cette robe est combin\u00e9e \u00e0 un corsage transparent moulant avec un d\u00e9collet\u00e9 en c\u0153ur et un dos d\u00e9coratif. En contraste avec le corsage, une jupe volumineuse est rehauss\u00e9e sur les hanches par une large bande ondul\u00e9e. Dans le dos, la bande ondule comme une cascade et se transforme en une tr\u00e8s longue tra\u00eene.   <\/p>\n","protected":false},"featured_media":27632,"template":"","meta":{"_acf_changed":false,"ghostkit_customizer_options":"","ghostkit_custom_css":"","ghostkit_custom_js_head":"","ghostkit_custom_js_foot":"","ghostkit_typography":""},"productdetails":[],"productneck":[355],"productcolor":[392],"maat":[],"productsupplier":[409],"productsleeve":[361],"productcategory":[18],"productsilhouette":[388],"productstyle":[367,372,366],"class_list":["post-32652","product","type-product","status-publish","has-post-thumbnail","hentry","productneck-355","productcolor-392","productsupplier-julia-kontogruni","productsleeve-361","productcategory-trouwjurken","productsilhouette-388","productstyle-367","productstyle-372","productstyle-366"],"acf":[],"yoast_head":"<!-- This site is optimized with the Yoast SEO plugin v27.3 - https:\/\/yoast.com\/product\/yoast-seo-wordpress\/ -->\n<title>Julia Kontogruni JK146 | Koonings<\/title>\n<meta name=\"description\" content=\"Si vous souhaitez une robe de mari\u00e9e baroque avec de la dentelle et des paillettes, cette robe est le bon choix. Les manches sont transparentes avec deux bandes ondul\u00e9es sur le haut du bras. Cette robe est combin\u00e9e \u00e0 un corsage transparent moulant avec un d\u00e9collet\u00e9 en c\u0153ur et un dos d\u00e9coratif. En contraste avec le corsage, une jupe volumineuse est rehauss\u00e9e sur les hanches par une large bande ondul\u00e9e. Dans le dos, la bande ondule comme une cascade et se transforme en une tr\u00e8s longue tra\u00eene.\" \/>\n<meta name=\"robots\" content=\"index, follow, max-snippet:-1, max-image-preview:large, max-video-preview:-1\" \/>\n<link rel=\"canonical\" href=\"https:\/\/www.koonings.com\/fr\/product\/julia-kontogruni-jk146\/\" \/>\n<meta property=\"og:locale\" content=\"fr_FR\" \/>\n<meta property=\"og:type\" content=\"article\" \/>\n<meta property=\"og:title\" content=\"Julia Kontogruni JK146 | Koonings\" \/>\n<meta property=\"og:description\" content=\"Si vous souhaitez une robe de mari\u00e9e baroque avec de la dentelle et des paillettes, cette robe est le bon choix. Les manches sont transparentes avec deux bandes ondul\u00e9es sur le haut du bras. Cette robe est combin\u00e9e \u00e0 un corsage transparent moulant avec un d\u00e9collet\u00e9 en c\u0153ur et un dos d\u00e9coratif. En contraste avec le corsage, une jupe volumineuse est rehauss\u00e9e sur les hanches par une large bande ondul\u00e9e. Dans le dos, la bande ondule comme une cascade et se transforme en une tr\u00e8s longue tra\u00eene.\" \/>\n<meta property=\"og:url\" content=\"https:\/\/www.koonings.com\/fr\/product\/julia-kontogruni-jk146\/\" \/>\n<meta property=\"og:site_name\" content=\"Koonings\" \/>\n<meta property=\"article:publisher\" content=\"https:\/\/www.facebook.com\/kooningstheweddingpalace\" \/>\n<meta property=\"article:modified_time\" content=\"2026-02-03T16:43:25+00:00\" \/>\n<meta property=\"og:image\" content=\"https:\/\/www.koonings.com\/wp-content\/uploads\/2024\/11\/36887_8de659db86eeea66d03b6dc6037576690560fb9e6eb29fcf4298e0cccee0c4e26d80acbd.jpeg\" \/>\n\t<meta property=\"og:image:width\" content=\"543\" \/>\n\t<meta property=\"og:image:height\" content=\"767\" \/>\n\t<meta property=\"og:image:type\" content=\"image\/jpeg\" \/>\n<meta name=\"twitter:card\" content=\"summary_large_image\" \/>\n<script type=\"application\/ld+json\" class=\"yoast-schema-graph\">{\"@context\":\"https:\\\/\\\/schema.org\",\"@graph\":[{\"@type\":\"WebPage\",\"@id\":\"https:\\\/\\\/www.koonings.com\\\/fr\\\/product\\\/julia-kontogruni-jk146\\\/\",\"url\":\"https:\\\/\\\/www.koonings.com\\\/fr\\\/product\\\/julia-kontogruni-jk146\\\/\",\"name\":\"Julia Kontogruni JK146 | Koonings\",\"isPartOf\":{\"@id\":\"https:\\\/\\\/www.koonings.com\\\/fr\\\/#website\"},\"primaryImageOfPage\":{\"@id\":\"https:\\\/\\\/www.koonings.com\\\/fr\\\/product\\\/julia-kontogruni-jk146\\\/#primaryimage\"},\"image\":{\"@id\":\"https:\\\/\\\/www.koonings.com\\\/fr\\\/product\\\/julia-kontogruni-jk146\\\/#primaryimage\"},\"thumbnailUrl\":\"https:\\\/\\\/www.koonings.com\\\/wp-content\\\/uploads\\\/2024\\\/11\\\/36887_8de659db86eeea66d03b6dc6037576690560fb9e6eb29fcf4298e0cccee0c4e26d80acbd.jpeg\",\"datePublished\":\"2025-12-14T23:08:21+00:00\",\"dateModified\":\"2026-02-03T16:43:25+00:00\",\"description\":\"Si vous souhaitez une robe de mari\u00e9e baroque avec de la dentelle et des paillettes, cette robe est le bon choix. Les manches sont transparentes avec deux bandes ondul\u00e9es sur le haut du bras. Cette robe est combin\u00e9e \u00e0 un corsage transparent moulant avec un d\u00e9collet\u00e9 en c\u0153ur et un dos d\u00e9coratif. En contraste avec le corsage, une jupe volumineuse est rehauss\u00e9e sur les hanches par une large bande ondul\u00e9e. Dans le dos, la bande ondule comme une cascade et se transforme en une tr\u00e8s longue tra\u00eene.\",\"breadcrumb\":{\"@id\":\"https:\\\/\\\/www.koonings.com\\\/fr\\\/product\\\/julia-kontogruni-jk146\\\/#breadcrumb\"},\"inLanguage\":\"fr-FR\",\"potentialAction\":[{\"@type\":\"ReadAction\",\"target\":[\"https:\\\/\\\/www.koonings.com\\\/fr\\\/product\\\/julia-kontogruni-jk146\\\/\"]}]},{\"@type\":\"ImageObject\",\"inLanguage\":\"fr-FR\",\"@id\":\"https:\\\/\\\/www.koonings.com\\\/fr\\\/product\\\/julia-kontogruni-jk146\\\/#primaryimage\",\"url\":\"https:\\\/\\\/www.koonings.com\\\/wp-content\\\/uploads\\\/2024\\\/11\\\/36887_8de659db86eeea66d03b6dc6037576690560fb9e6eb29fcf4298e0cccee0c4e26d80acbd.jpeg\",\"contentUrl\":\"https:\\\/\\\/www.koonings.com\\\/wp-content\\\/uploads\\\/2024\\\/11\\\/36887_8de659db86eeea66d03b6dc6037576690560fb9e6eb29fcf4298e0cccee0c4e26d80acbd.jpeg\",\"width\":543,\"height\":767},{\"@type\":\"BreadcrumbList\",\"@id\":\"https:\\\/\\\/www.koonings.com\\\/fr\\\/product\\\/julia-kontogruni-jk146\\\/#breadcrumb\",\"itemListElement\":[{\"@type\":\"ListItem\",\"position\":1,\"name\":\"Home\",\"item\":\"https:\\\/\\\/www.koonings.com\\\/fr\\\/\"},{\"@type\":\"ListItem\",\"position\":2,\"name\":\"Julia Kontogruni JK146\"}]},{\"@type\":\"WebSite\",\"@id\":\"https:\\\/\\\/www.koonings.com\\\/fr\\\/#website\",\"url\":\"https:\\\/\\\/www.koonings.com\\\/fr\\\/\",\"name\":\"Koonings\",\"description\":\"De grootste bruidsmodewinkel ter wereld\",\"publisher\":{\"@id\":\"https:\\\/\\\/www.koonings.com\\\/fr\\\/#organization\"},\"potentialAction\":[{\"@type\":\"SearchAction\",\"target\":{\"@type\":\"EntryPoint\",\"urlTemplate\":\"https:\\\/\\\/www.koonings.com\\\/fr\\\/?s={search_term_string}\"},\"query-input\":{\"@type\":\"PropertyValueSpecification\",\"valueRequired\":true,\"valueName\":\"search_term_string\"}}],\"inLanguage\":\"fr-FR\"},{\"@type\":\"Organization\",\"@id\":\"https:\\\/\\\/www.koonings.com\\\/fr\\\/#organization\",\"name\":\"Koonings\",\"url\":\"https:\\\/\\\/www.koonings.com\\\/fr\\\/\",\"logo\":{\"@type\":\"ImageObject\",\"inLanguage\":\"fr-FR\",\"@id\":\"https:\\\/\\\/www.koonings.com\\\/fr\\\/#\\\/schema\\\/logo\\\/image\\\/\",\"url\":\"https:\\\/\\\/www.koonings.com\\\/wp-content\\\/uploads\\\/2024\\\/07\\\/logo.png\",\"contentUrl\":\"https:\\\/\\\/www.koonings.com\\\/wp-content\\\/uploads\\\/2024\\\/07\\\/logo.png\",\"width\":600,\"height\":428,\"caption\":\"Koonings\"},\"image\":{\"@id\":\"https:\\\/\\\/www.koonings.com\\\/fr\\\/#\\\/schema\\\/logo\\\/image\\\/\"},\"sameAs\":[\"https:\\\/\\\/www.facebook.com\\\/kooningstheweddingpalace\",\"https:\\\/\\\/www.instagram.com\\\/kooningstheweddingpalace\",\"https:\\\/\\\/www.pinterest.com\\\/koonings\",\"https:\\\/\\\/www.youtube.com\\\/kooningstheweddingpalace\"]}]}<\/script>\n<!-- \/ Yoast SEO plugin. -->","yoast_head_json":{"title":"Julia Kontogruni JK146 | Koonings","description":"Si vous souhaitez une robe de mari\u00e9e baroque avec de la dentelle et des paillettes, cette robe est le bon choix. Les manches sont transparentes avec deux bandes ondul\u00e9es sur le haut du bras. Cette robe est combin\u00e9e \u00e0 un corsage transparent moulant avec un d\u00e9collet\u00e9 en c\u0153ur et un dos d\u00e9coratif. En contraste avec le corsage, une jupe volumineuse est rehauss\u00e9e sur les hanches par une large bande ondul\u00e9e. Dans le dos, la bande ondule comme une cascade et se transforme en une tr\u00e8s longue tra\u00eene.","robots":{"index":"index","follow":"follow","max-snippet":"max-snippet:-1","max-image-preview":"max-image-preview:large","max-video-preview":"max-video-preview:-1"},"canonical":"https:\/\/www.koonings.com\/fr\/product\/julia-kontogruni-jk146\/","og_locale":"fr_FR","og_type":"article","og_title":"Julia Kontogruni JK146 | Koonings","og_description":"Si vous souhaitez une robe de mari\u00e9e baroque avec de la dentelle et des paillettes, cette robe est le bon choix. Les manches sont transparentes avec deux bandes ondul\u00e9es sur le haut du bras. Cette robe est combin\u00e9e \u00e0 un corsage transparent moulant avec un d\u00e9collet\u00e9 en c\u0153ur et un dos d\u00e9coratif. En contraste avec le corsage, une jupe volumineuse est rehauss\u00e9e sur les hanches par une large bande ondul\u00e9e. Dans le dos, la bande ondule comme une cascade et se transforme en une tr\u00e8s longue tra\u00eene.","og_url":"https:\/\/www.koonings.com\/fr\/product\/julia-kontogruni-jk146\/","og_site_name":"Koonings","article_publisher":"https:\/\/www.facebook.com\/kooningstheweddingpalace","article_modified_time":"2026-02-03T16:43:25+00:00","og_image":[{"width":543,"height":767,"url":"https:\/\/www.koonings.com\/wp-content\/uploads\/2024\/11\/36887_8de659db86eeea66d03b6dc6037576690560fb9e6eb29fcf4298e0cccee0c4e26d80acbd.jpeg","type":"image\/jpeg"}],"twitter_card":"summary_large_image","schema":{"@context":"https:\/\/schema.org","@graph":[{"@type":"WebPage","@id":"https:\/\/www.koonings.com\/fr\/product\/julia-kontogruni-jk146\/","url":"https:\/\/www.koonings.com\/fr\/product\/julia-kontogruni-jk146\/","name":"Julia Kontogruni JK146 | Koonings","isPartOf":{"@id":"https:\/\/www.koonings.com\/fr\/#website"},"primaryImageOfPage":{"@id":"https:\/\/www.koonings.com\/fr\/product\/julia-kontogruni-jk146\/#primaryimage"},"image":{"@id":"https:\/\/www.koonings.com\/fr\/product\/julia-kontogruni-jk146\/#primaryimage"},"thumbnailUrl":"https:\/\/www.koonings.com\/wp-content\/uploads\/2024\/11\/36887_8de659db86eeea66d03b6dc6037576690560fb9e6eb29fcf4298e0cccee0c4e26d80acbd.jpeg","datePublished":"2025-12-14T23:08:21+00:00","dateModified":"2026-02-03T16:43:25+00:00","description":"Si vous souhaitez une robe de mari\u00e9e baroque avec de la dentelle et des paillettes, cette robe est le bon choix. Les manches sont transparentes avec deux bandes ondul\u00e9es sur le haut du bras. Cette robe est combin\u00e9e \u00e0 un corsage transparent moulant avec un d\u00e9collet\u00e9 en c\u0153ur et un dos d\u00e9coratif. En contraste avec le corsage, une jupe volumineuse est rehauss\u00e9e sur les hanches par une large bande ondul\u00e9e. Dans le dos, la bande ondule comme une cascade et se transforme en une tr\u00e8s longue tra\u00eene.","breadcrumb":{"@id":"https:\/\/www.koonings.com\/fr\/product\/julia-kontogruni-jk146\/#breadcrumb"},"inLanguage":"fr-FR","potentialAction":[{"@type":"ReadAction","target":["https:\/\/www.koonings.com\/fr\/product\/julia-kontogruni-jk146\/"]}]},{"@type":"ImageObject","inLanguage":"fr-FR","@id":"https:\/\/www.koonings.com\/fr\/product\/julia-kontogruni-jk146\/#primaryimage","url":"https:\/\/www.koonings.com\/wp-content\/uploads\/2024\/11\/36887_8de659db86eeea66d03b6dc6037576690560fb9e6eb29fcf4298e0cccee0c4e26d80acbd.jpeg","contentUrl":"https:\/\/www.koonings.com\/wp-content\/uploads\/2024\/11\/36887_8de659db86eeea66d03b6dc6037576690560fb9e6eb29fcf4298e0cccee0c4e26d80acbd.jpeg","width":543,"height":767},{"@type":"BreadcrumbList","@id":"https:\/\/www.koonings.com\/fr\/product\/julia-kontogruni-jk146\/#breadcrumb","itemListElement":[{"@type":"ListItem","position":1,"name":"Home","item":"https:\/\/www.koonings.com\/fr\/"},{"@type":"ListItem","position":2,"name":"Julia Kontogruni JK146"}]},{"@type":"WebSite","@id":"https:\/\/www.koonings.com\/fr\/#website","url":"https:\/\/www.koonings.com\/fr\/","name":"Koonings","description":"De grootste bruidsmodewinkel ter wereld","publisher":{"@id":"https:\/\/www.koonings.com\/fr\/#organization"},"potentialAction":[{"@type":"SearchAction","target":{"@type":"EntryPoint","urlTemplate":"https:\/\/www.koonings.com\/fr\/?s={search_term_string}"},"query-input":{"@type":"PropertyValueSpecification","valueRequired":true,"valueName":"search_term_string"}}],"inLanguage":"fr-FR"},{"@type":"Organization","@id":"https:\/\/www.koonings.com\/fr\/#organization","name":"Koonings","url":"https:\/\/www.koonings.com\/fr\/","logo":{"@type":"ImageObject","inLanguage":"fr-FR","@id":"https:\/\/www.koonings.com\/fr\/#\/schema\/logo\/image\/","url":"https:\/\/www.koonings.com\/wp-content\/uploads\/2024\/07\/logo.png","contentUrl":"https:\/\/www.koonings.com\/wp-content\/uploads\/2024\/07\/logo.png","width":600,"height":428,"caption":"Koonings"},"image":{"@id":"https:\/\/www.koonings.com\/fr\/#\/schema\/logo\/image\/"},"sameAs":["https:\/\/www.facebook.com\/kooningstheweddingpalace","https:\/\/www.instagram.com\/kooningstheweddingpalace","https:\/\/www.pinterest.com\/koonings","https:\/\/www.youtube.com\/kooningstheweddingpalace"]}]}},"_links":{"self":[{"href":"https:\/\/www.koonings.com\/fr\/wp-json\/wp\/v2\/product\/32652","targetHints":{"allow":["GET"]}}],"collection":[{"href":"https:\/\/www.koonings.com\/fr\/wp-json\/wp\/v2\/product"}],"about":[{"href":"https:\/\/www.koonings.com\/fr\/wp-json\/wp\/v2\/types\/product"}],"wp:featuredmedia":[{"embeddable":true,"href":"https:\/\/www.koonings.com\/fr\/wp-json\/wp\/v2\/media\/27632"}],"wp:attachment":[{"href":"https:\/\/www.koonings.com\/fr\/wp-json\/wp\/v2\/media?parent=32652"}],"wp:term":[{"taxonomy":"productdetails","embeddable":true,"href":"https:\/\/www.koonings.com\/fr\/wp-json\/wp\/v2\/productdetails?post=32652"},{"taxonomy":"productneck","embeddable":true,"href":"https:\/\/www.koonings.com\/fr\/wp-json\/wp\/v2\/productneck?post=32652"},{"taxonomy":"productcolor","embeddable":true,"href":"https:\/\/www.koonings.com\/fr\/wp-json\/wp\/v2\/productcolor?post=32652"},{"taxonomy":"maat","embeddable":true,"href":"https:\/\/www.koonings.com\/fr\/wp-json\/wp\/v2\/maat?post=32652"},{"taxonomy":"productsupplier","embeddable":true,"href":"https:\/\/www.koonings.com\/fr\/wp-json\/wp\/v2\/productsupplier?post=32652"},{"taxonomy":"productsleeve","embeddable":true,"href":"https:\/\/www.koonings.com\/fr\/wp-json\/wp\/v2\/productsleeve?post=32652"},{"taxonomy":"productcategory","embeddable":true,"href":"https:\/\/www.koonings.com\/fr\/wp-json\/wp\/v2\/productcategory?post=32652"},{"taxonomy":"productsilhouette","embeddable":true,"href":"https:\/\/www.koonings.com\/fr\/wp-json\/wp\/v2\/productsilhouette?post=32652"},{"taxonomy":"productstyle","embeddable":true,"href":"https:\/\/www.koonings.com\/fr\/wp-json\/wp\/v2\/productstyle?post=32652"}],"curies":[{"name":"wp","href":"https:\/\/api.w.org\/{rel}","templated":true}]}}