{"id":32646,"date":"2026-04-14T16:07:01","date_gmt":"2026-04-14T14:07:01","guid":{"rendered":"https:\/\/www.koonings.com\/product\/julia-kontogruni-jk153\/"},"modified":"2026-02-16T14:31:33","modified_gmt":"2026-02-16T13:31:33","slug":"julia-kontogruni-jk153","status":"publish","type":"product","link":"https:\/\/www.koonings.com\/fr\/product\/julia-kontogruni-jk153\/","title":{"rendered":"Julia Kontogruni JK153"},"content":{"rendered":"<p>La plus belle robe de mari\u00e9e princesse en dentelle et tulle imaginable. Le corsage \u00e9l\u00e9gant \u00e0 illusion est dot\u00e9 d&#8217;un d\u00e9collet\u00e9 en c\u0153ur et d&#8217;une large encolure bateau. Les longues manches en dentelle sont du plus bel effet. Le dos attire \u00e9galement tous les regards gr\u00e2ce \u00e0 la dentelle travaill\u00e9e et \u00e0 la fermeture r\u00e9alis\u00e9e avec art. En dessous, une gigantesque jupe large avec une tra\u00eene encore plus longue. Non, le mariage de princesse ne peut pas \u00e9chouer.     <\/p>\n","protected":false},"featured_media":27657,"template":"","meta":{"_acf_changed":false,"ghostkit_customizer_options":"","ghostkit_custom_css":"","ghostkit_custom_js_head":"","ghostkit_custom_js_foot":"","ghostkit_typography":""},"productdetails":[],"productneck":[355],"productcolor":[393,392],"maat":[],"productsupplier":[409],"productsleeve":[362],"productcategory":[18],"productsilhouette":[384,388],"productstyle":[367,372,366],"class_list":["post-32646","product","type-product","status-publish","has-post-thumbnail","hentry","productneck-355","productcolor-393","productcolor-392","productsupplier-julia-kontogruni","productsleeve-362","productcategory-trouwjurken","productsilhouette-384","productsilhouette-388","productstyle-367","productstyle-372","productstyle-366"],"acf":[],"yoast_head":"<!-- This site is optimized with the Yoast SEO plugin v27.3 - https:\/\/yoast.com\/product\/yoast-seo-wordpress\/ -->\n<title>Julia Kontogruni JK153 | Koonings<\/title>\n<meta name=\"description\" content=\"La plus belle robe de mari\u00e9e princesse en dentelle et tulle imaginable. Le corsage \u00e9l\u00e9gant \u00e0 illusion est dot\u00e9 d&#039;un d\u00e9collet\u00e9 en c\u0153ur et d&#039;une large encolure bateau. Les longues manches en dentelle sont du plus bel effet. Le dos attire \u00e9galement tous les regards gr\u00e2ce \u00e0 la dentelle travaill\u00e9e et \u00e0 la fermeture r\u00e9alis\u00e9e avec art. En dessous, une gigantesque jupe large avec une tra\u00eene encore plus longue. Non, le mariage de princesse ne peut pas \u00e9chouer.\" \/>\n<meta name=\"robots\" content=\"index, follow, max-snippet:-1, max-image-preview:large, max-video-preview:-1\" \/>\n<link rel=\"canonical\" href=\"https:\/\/www.koonings.com\/fr\/product\/julia-kontogruni-jk153\/\" \/>\n<meta property=\"og:locale\" content=\"fr_FR\" \/>\n<meta property=\"og:type\" content=\"article\" \/>\n<meta property=\"og:title\" content=\"Julia Kontogruni JK153 | Koonings\" \/>\n<meta property=\"og:description\" content=\"La plus belle robe de mari\u00e9e princesse en dentelle et tulle imaginable. Le corsage \u00e9l\u00e9gant \u00e0 illusion est dot\u00e9 d&#039;un d\u00e9collet\u00e9 en c\u0153ur et d&#039;une large encolure bateau. Les longues manches en dentelle sont du plus bel effet. Le dos attire \u00e9galement tous les regards gr\u00e2ce \u00e0 la dentelle travaill\u00e9e et \u00e0 la fermeture r\u00e9alis\u00e9e avec art. En dessous, une gigantesque jupe large avec une tra\u00eene encore plus longue. Non, le mariage de princesse ne peut pas \u00e9chouer.\" \/>\n<meta property=\"og:url\" content=\"https:\/\/www.koonings.com\/fr\/product\/julia-kontogruni-jk153\/\" \/>\n<meta property=\"og:site_name\" content=\"Koonings\" \/>\n<meta property=\"article:publisher\" content=\"https:\/\/www.facebook.com\/kooningstheweddingpalace\" \/>\n<meta property=\"og:image\" content=\"https:\/\/www.koonings.com\/wp-content\/uploads\/2024\/11\/36888_e206144e1b792bca4c97bfade26e9e47c5dff7d02189a55521b9d5995ce3fa575f0df02c-scaled.jpeg\" \/>\n\t<meta property=\"og:image:width\" content=\"1811\" \/>\n\t<meta property=\"og:image:height\" content=\"2560\" \/>\n\t<meta property=\"og:image:type\" content=\"image\/jpeg\" \/>\n<meta name=\"twitter:card\" content=\"summary_large_image\" \/>\n<script type=\"application\/ld+json\" class=\"yoast-schema-graph\">{\"@context\":\"https:\\\/\\\/schema.org\",\"@graph\":[{\"@type\":\"WebPage\",\"@id\":\"https:\\\/\\\/www.koonings.com\\\/fr\\\/product\\\/julia-kontogruni-jk153\\\/\",\"url\":\"https:\\\/\\\/www.koonings.com\\\/fr\\\/product\\\/julia-kontogruni-jk153\\\/\",\"name\":\"Julia Kontogruni JK153 | Koonings\",\"isPartOf\":{\"@id\":\"https:\\\/\\\/www.koonings.com\\\/fr\\\/#website\"},\"primaryImageOfPage\":{\"@id\":\"https:\\\/\\\/www.koonings.com\\\/fr\\\/product\\\/julia-kontogruni-jk153\\\/#primaryimage\"},\"image\":{\"@id\":\"https:\\\/\\\/www.koonings.com\\\/fr\\\/product\\\/julia-kontogruni-jk153\\\/#primaryimage\"},\"thumbnailUrl\":\"https:\\\/\\\/www.koonings.com\\\/wp-content\\\/uploads\\\/2024\\\/11\\\/36888_e206144e1b792bca4c97bfade26e9e47c5dff7d02189a55521b9d5995ce3fa575f0df02c-scaled.jpeg\",\"datePublished\":\"2026-04-14T14:07:01+00:00\",\"description\":\"La plus belle robe de mari\u00e9e princesse en dentelle et tulle imaginable. Le corsage \u00e9l\u00e9gant \u00e0 illusion est dot\u00e9 d'un d\u00e9collet\u00e9 en c\u0153ur et d'une large encolure bateau. Les longues manches en dentelle sont du plus bel effet. Le dos attire \u00e9galement tous les regards gr\u00e2ce \u00e0 la dentelle travaill\u00e9e et \u00e0 la fermeture r\u00e9alis\u00e9e avec art. En dessous, une gigantesque jupe large avec une tra\u00eene encore plus longue. Non, le mariage de princesse ne peut pas \u00e9chouer.\",\"breadcrumb\":{\"@id\":\"https:\\\/\\\/www.koonings.com\\\/fr\\\/product\\\/julia-kontogruni-jk153\\\/#breadcrumb\"},\"inLanguage\":\"fr-FR\",\"potentialAction\":[{\"@type\":\"ReadAction\",\"target\":[\"https:\\\/\\\/www.koonings.com\\\/fr\\\/product\\\/julia-kontogruni-jk153\\\/\"]}]},{\"@type\":\"ImageObject\",\"inLanguage\":\"fr-FR\",\"@id\":\"https:\\\/\\\/www.koonings.com\\\/fr\\\/product\\\/julia-kontogruni-jk153\\\/#primaryimage\",\"url\":\"https:\\\/\\\/www.koonings.com\\\/wp-content\\\/uploads\\\/2024\\\/11\\\/36888_e206144e1b792bca4c97bfade26e9e47c5dff7d02189a55521b9d5995ce3fa575f0df02c-scaled.jpeg\",\"contentUrl\":\"https:\\\/\\\/www.koonings.com\\\/wp-content\\\/uploads\\\/2024\\\/11\\\/36888_e206144e1b792bca4c97bfade26e9e47c5dff7d02189a55521b9d5995ce3fa575f0df02c-scaled.jpeg\",\"width\":1811,\"height\":2560},{\"@type\":\"BreadcrumbList\",\"@id\":\"https:\\\/\\\/www.koonings.com\\\/fr\\\/product\\\/julia-kontogruni-jk153\\\/#breadcrumb\",\"itemListElement\":[{\"@type\":\"ListItem\",\"position\":1,\"name\":\"Home\",\"item\":\"https:\\\/\\\/www.koonings.com\\\/fr\\\/\"},{\"@type\":\"ListItem\",\"position\":2,\"name\":\"Julia Kontogruni JK153\"}]},{\"@type\":\"WebSite\",\"@id\":\"https:\\\/\\\/www.koonings.com\\\/fr\\\/#website\",\"url\":\"https:\\\/\\\/www.koonings.com\\\/fr\\\/\",\"name\":\"Koonings\",\"description\":\"De grootste bruidsmodewinkel ter wereld\",\"publisher\":{\"@id\":\"https:\\\/\\\/www.koonings.com\\\/fr\\\/#organization\"},\"potentialAction\":[{\"@type\":\"SearchAction\",\"target\":{\"@type\":\"EntryPoint\",\"urlTemplate\":\"https:\\\/\\\/www.koonings.com\\\/fr\\\/?s={search_term_string}\"},\"query-input\":{\"@type\":\"PropertyValueSpecification\",\"valueRequired\":true,\"valueName\":\"search_term_string\"}}],\"inLanguage\":\"fr-FR\"},{\"@type\":\"Organization\",\"@id\":\"https:\\\/\\\/www.koonings.com\\\/fr\\\/#organization\",\"name\":\"Koonings\",\"url\":\"https:\\\/\\\/www.koonings.com\\\/fr\\\/\",\"logo\":{\"@type\":\"ImageObject\",\"inLanguage\":\"fr-FR\",\"@id\":\"https:\\\/\\\/www.koonings.com\\\/fr\\\/#\\\/schema\\\/logo\\\/image\\\/\",\"url\":\"https:\\\/\\\/www.koonings.com\\\/wp-content\\\/uploads\\\/2024\\\/07\\\/logo.png\",\"contentUrl\":\"https:\\\/\\\/www.koonings.com\\\/wp-content\\\/uploads\\\/2024\\\/07\\\/logo.png\",\"width\":600,\"height\":428,\"caption\":\"Koonings\"},\"image\":{\"@id\":\"https:\\\/\\\/www.koonings.com\\\/fr\\\/#\\\/schema\\\/logo\\\/image\\\/\"},\"sameAs\":[\"https:\\\/\\\/www.facebook.com\\\/kooningstheweddingpalace\",\"https:\\\/\\\/www.instagram.com\\\/kooningstheweddingpalace\",\"https:\\\/\\\/www.pinterest.com\\\/koonings\",\"https:\\\/\\\/www.youtube.com\\\/kooningstheweddingpalace\"]}]}<\/script>\n<!-- \/ Yoast SEO plugin. -->","yoast_head_json":{"title":"Julia Kontogruni JK153 | Koonings","description":"La plus belle robe de mari\u00e9e princesse en dentelle et tulle imaginable. Le corsage \u00e9l\u00e9gant \u00e0 illusion est dot\u00e9 d'un d\u00e9collet\u00e9 en c\u0153ur et d'une large encolure bateau. Les longues manches en dentelle sont du plus bel effet. Le dos attire \u00e9galement tous les regards gr\u00e2ce \u00e0 la dentelle travaill\u00e9e et \u00e0 la fermeture r\u00e9alis\u00e9e avec art. En dessous, une gigantesque jupe large avec une tra\u00eene encore plus longue. Non, le mariage de princesse ne peut pas \u00e9chouer.","robots":{"index":"index","follow":"follow","max-snippet":"max-snippet:-1","max-image-preview":"max-image-preview:large","max-video-preview":"max-video-preview:-1"},"canonical":"https:\/\/www.koonings.com\/fr\/product\/julia-kontogruni-jk153\/","og_locale":"fr_FR","og_type":"article","og_title":"Julia Kontogruni JK153 | Koonings","og_description":"La plus belle robe de mari\u00e9e princesse en dentelle et tulle imaginable. Le corsage \u00e9l\u00e9gant \u00e0 illusion est dot\u00e9 d'un d\u00e9collet\u00e9 en c\u0153ur et d'une large encolure bateau. Les longues manches en dentelle sont du plus bel effet. Le dos attire \u00e9galement tous les regards gr\u00e2ce \u00e0 la dentelle travaill\u00e9e et \u00e0 la fermeture r\u00e9alis\u00e9e avec art. En dessous, une gigantesque jupe large avec une tra\u00eene encore plus longue. Non, le mariage de princesse ne peut pas \u00e9chouer.","og_url":"https:\/\/www.koonings.com\/fr\/product\/julia-kontogruni-jk153\/","og_site_name":"Koonings","article_publisher":"https:\/\/www.facebook.com\/kooningstheweddingpalace","og_image":[{"width":1811,"height":2560,"url":"https:\/\/www.koonings.com\/wp-content\/uploads\/2024\/11\/36888_e206144e1b792bca4c97bfade26e9e47c5dff7d02189a55521b9d5995ce3fa575f0df02c-scaled.jpeg","type":"image\/jpeg"}],"twitter_card":"summary_large_image","schema":{"@context":"https:\/\/schema.org","@graph":[{"@type":"WebPage","@id":"https:\/\/www.koonings.com\/fr\/product\/julia-kontogruni-jk153\/","url":"https:\/\/www.koonings.com\/fr\/product\/julia-kontogruni-jk153\/","name":"Julia Kontogruni JK153 | Koonings","isPartOf":{"@id":"https:\/\/www.koonings.com\/fr\/#website"},"primaryImageOfPage":{"@id":"https:\/\/www.koonings.com\/fr\/product\/julia-kontogruni-jk153\/#primaryimage"},"image":{"@id":"https:\/\/www.koonings.com\/fr\/product\/julia-kontogruni-jk153\/#primaryimage"},"thumbnailUrl":"https:\/\/www.koonings.com\/wp-content\/uploads\/2024\/11\/36888_e206144e1b792bca4c97bfade26e9e47c5dff7d02189a55521b9d5995ce3fa575f0df02c-scaled.jpeg","datePublished":"2026-04-14T14:07:01+00:00","description":"La plus belle robe de mari\u00e9e princesse en dentelle et tulle imaginable. Le corsage \u00e9l\u00e9gant \u00e0 illusion est dot\u00e9 d'un d\u00e9collet\u00e9 en c\u0153ur et d'une large encolure bateau. Les longues manches en dentelle sont du plus bel effet. Le dos attire \u00e9galement tous les regards gr\u00e2ce \u00e0 la dentelle travaill\u00e9e et \u00e0 la fermeture r\u00e9alis\u00e9e avec art. En dessous, une gigantesque jupe large avec une tra\u00eene encore plus longue. Non, le mariage de princesse ne peut pas \u00e9chouer.","breadcrumb":{"@id":"https:\/\/www.koonings.com\/fr\/product\/julia-kontogruni-jk153\/#breadcrumb"},"inLanguage":"fr-FR","potentialAction":[{"@type":"ReadAction","target":["https:\/\/www.koonings.com\/fr\/product\/julia-kontogruni-jk153\/"]}]},{"@type":"ImageObject","inLanguage":"fr-FR","@id":"https:\/\/www.koonings.com\/fr\/product\/julia-kontogruni-jk153\/#primaryimage","url":"https:\/\/www.koonings.com\/wp-content\/uploads\/2024\/11\/36888_e206144e1b792bca4c97bfade26e9e47c5dff7d02189a55521b9d5995ce3fa575f0df02c-scaled.jpeg","contentUrl":"https:\/\/www.koonings.com\/wp-content\/uploads\/2024\/11\/36888_e206144e1b792bca4c97bfade26e9e47c5dff7d02189a55521b9d5995ce3fa575f0df02c-scaled.jpeg","width":1811,"height":2560},{"@type":"BreadcrumbList","@id":"https:\/\/www.koonings.com\/fr\/product\/julia-kontogruni-jk153\/#breadcrumb","itemListElement":[{"@type":"ListItem","position":1,"name":"Home","item":"https:\/\/www.koonings.com\/fr\/"},{"@type":"ListItem","position":2,"name":"Julia Kontogruni JK153"}]},{"@type":"WebSite","@id":"https:\/\/www.koonings.com\/fr\/#website","url":"https:\/\/www.koonings.com\/fr\/","name":"Koonings","description":"De grootste bruidsmodewinkel ter wereld","publisher":{"@id":"https:\/\/www.koonings.com\/fr\/#organization"},"potentialAction":[{"@type":"SearchAction","target":{"@type":"EntryPoint","urlTemplate":"https:\/\/www.koonings.com\/fr\/?s={search_term_string}"},"query-input":{"@type":"PropertyValueSpecification","valueRequired":true,"valueName":"search_term_string"}}],"inLanguage":"fr-FR"},{"@type":"Organization","@id":"https:\/\/www.koonings.com\/fr\/#organization","name":"Koonings","url":"https:\/\/www.koonings.com\/fr\/","logo":{"@type":"ImageObject","inLanguage":"fr-FR","@id":"https:\/\/www.koonings.com\/fr\/#\/schema\/logo\/image\/","url":"https:\/\/www.koonings.com\/wp-content\/uploads\/2024\/07\/logo.png","contentUrl":"https:\/\/www.koonings.com\/wp-content\/uploads\/2024\/07\/logo.png","width":600,"height":428,"caption":"Koonings"},"image":{"@id":"https:\/\/www.koonings.com\/fr\/#\/schema\/logo\/image\/"},"sameAs":["https:\/\/www.facebook.com\/kooningstheweddingpalace","https:\/\/www.instagram.com\/kooningstheweddingpalace","https:\/\/www.pinterest.com\/koonings","https:\/\/www.youtube.com\/kooningstheweddingpalace"]}]}},"_links":{"self":[{"href":"https:\/\/www.koonings.com\/fr\/wp-json\/wp\/v2\/product\/32646","targetHints":{"allow":["GET"]}}],"collection":[{"href":"https:\/\/www.koonings.com\/fr\/wp-json\/wp\/v2\/product"}],"about":[{"href":"https:\/\/www.koonings.com\/fr\/wp-json\/wp\/v2\/types\/product"}],"wp:featuredmedia":[{"embeddable":true,"href":"https:\/\/www.koonings.com\/fr\/wp-json\/wp\/v2\/media\/27657"}],"wp:attachment":[{"href":"https:\/\/www.koonings.com\/fr\/wp-json\/wp\/v2\/media?parent=32646"}],"wp:term":[{"taxonomy":"productdetails","embeddable":true,"href":"https:\/\/www.koonings.com\/fr\/wp-json\/wp\/v2\/productdetails?post=32646"},{"taxonomy":"productneck","embeddable":true,"href":"https:\/\/www.koonings.com\/fr\/wp-json\/wp\/v2\/productneck?post=32646"},{"taxonomy":"productcolor","embeddable":true,"href":"https:\/\/www.koonings.com\/fr\/wp-json\/wp\/v2\/productcolor?post=32646"},{"taxonomy":"maat","embeddable":true,"href":"https:\/\/www.koonings.com\/fr\/wp-json\/wp\/v2\/maat?post=32646"},{"taxonomy":"productsupplier","embeddable":true,"href":"https:\/\/www.koonings.com\/fr\/wp-json\/wp\/v2\/productsupplier?post=32646"},{"taxonomy":"productsleeve","embeddable":true,"href":"https:\/\/www.koonings.com\/fr\/wp-json\/wp\/v2\/productsleeve?post=32646"},{"taxonomy":"productcategory","embeddable":true,"href":"https:\/\/www.koonings.com\/fr\/wp-json\/wp\/v2\/productcategory?post=32646"},{"taxonomy":"productsilhouette","embeddable":true,"href":"https:\/\/www.koonings.com\/fr\/wp-json\/wp\/v2\/productsilhouette?post=32646"},{"taxonomy":"productstyle","embeddable":true,"href":"https:\/\/www.koonings.com\/fr\/wp-json\/wp\/v2\/productstyle?post=32646"}],"curies":[{"name":"wp","href":"https:\/\/api.w.org\/{rel}","templated":true}]}}