{"id":32643,"date":"2026-04-28T18:06:41","date_gmt":"2026-04-28T16:06:41","guid":{"rendered":"https:\/\/www.koonings.com\/product\/herve-paris-bilia\/"},"modified":"2026-02-16T14:10:22","modified_gmt":"2026-02-16T13:10:22","slug":"herve-paris-bilia","status":"publish","type":"product","link":"https:\/\/www.koonings.com\/fr\/product\/herve-paris-bilia\/","title":{"rendered":"Herve Paris Bilia"},"content":{"rendered":"<p>Cette robe de mari\u00e9e boh\u00e8me de Herve Paris est tr\u00e8s sexy et romantique. Le romantisme r\u00e9side dans la combinaison du haut en dentelle et de la jupe simple. Pour rendre la jupe un peu plus sp\u00e9ciale, ils ont ajout\u00e9 une fente haute.  <\/p>\n","protected":false},"featured_media":27699,"template":"","meta":{"_acf_changed":false,"ghostkit_customizer_options":"","ghostkit_custom_css":"","ghostkit_custom_js_head":"","ghostkit_custom_js_foot":"","ghostkit_typography":""},"productdetails":[378],"productneck":[356],"productcolor":[392],"maat":[],"productsupplier":[424],"productsleeve":[361],"productcategory":[18],"productsilhouette":[389],"productstyle":[370,373],"class_list":["post-32643","product","type-product","status-publish","has-post-thumbnail","hentry","productdetails-378","productneck-356","productcolor-392","productsupplier-herve-paris","productsleeve-361","productcategory-trouwjurken","productsilhouette-389","productstyle-370","productstyle-373"],"acf":[],"yoast_head":"<!-- This site is optimized with the Yoast SEO plugin v27.3 - https:\/\/yoast.com\/product\/yoast-seo-wordpress\/ -->\n<title>Herve Paris Bilia | Koonings<\/title>\n<meta name=\"description\" content=\"Cette robe de mari\u00e9e boh\u00e8me de Herve Paris est tr\u00e8s sexy et romantique. Le romantisme r\u00e9side dans la combinaison du haut en dentelle et de la jupe simple. Pour rendre la jupe un peu plus sp\u00e9ciale, ils ont ajout\u00e9 une fente haute.\" \/>\n<meta name=\"robots\" content=\"index, follow, max-snippet:-1, max-image-preview:large, max-video-preview:-1\" \/>\n<link rel=\"canonical\" href=\"https:\/\/www.koonings.com\/fr\/product\/herve-paris-bilia\/\" \/>\n<meta property=\"og:locale\" content=\"fr_FR\" \/>\n<meta property=\"og:type\" content=\"article\" \/>\n<meta property=\"og:title\" content=\"Herve Paris Bilia | Koonings\" \/>\n<meta property=\"og:description\" content=\"Cette robe de mari\u00e9e boh\u00e8me de Herve Paris est tr\u00e8s sexy et romantique. Le romantisme r\u00e9side dans la combinaison du haut en dentelle et de la jupe simple. Pour rendre la jupe un peu plus sp\u00e9ciale, ils ont ajout\u00e9 une fente haute.\" \/>\n<meta property=\"og:url\" content=\"https:\/\/www.koonings.com\/fr\/product\/herve-paris-bilia\/\" \/>\n<meta property=\"og:site_name\" content=\"Koonings\" \/>\n<meta property=\"article:publisher\" content=\"https:\/\/www.facebook.com\/kooningstheweddingpalace\" \/>\n<meta property=\"og:image\" content=\"https:\/\/www.koonings.com\/wp-content\/uploads\/2024\/11\/36892_b69d0b227e1c2a3192246cf7685eaa185dd8b5906ce0501ea5e8952cae33715a2dbf40ac.jpeg\" \/>\n\t<meta property=\"og:image:width\" content=\"1535\" \/>\n\t<meta property=\"og:image:height\" content=\"2170\" \/>\n\t<meta property=\"og:image:type\" content=\"image\/jpeg\" \/>\n<meta name=\"twitter:card\" content=\"summary_large_image\" \/>\n<script type=\"application\/ld+json\" class=\"yoast-schema-graph\">{\"@context\":\"https:\\\/\\\/schema.org\",\"@graph\":[{\"@type\":\"WebPage\",\"@id\":\"https:\\\/\\\/www.koonings.com\\\/fr\\\/product\\\/herve-paris-bilia\\\/\",\"url\":\"https:\\\/\\\/www.koonings.com\\\/fr\\\/product\\\/herve-paris-bilia\\\/\",\"name\":\"Herve Paris Bilia | Koonings\",\"isPartOf\":{\"@id\":\"https:\\\/\\\/www.koonings.com\\\/fr\\\/#website\"},\"primaryImageOfPage\":{\"@id\":\"https:\\\/\\\/www.koonings.com\\\/fr\\\/product\\\/herve-paris-bilia\\\/#primaryimage\"},\"image\":{\"@id\":\"https:\\\/\\\/www.koonings.com\\\/fr\\\/product\\\/herve-paris-bilia\\\/#primaryimage\"},\"thumbnailUrl\":\"https:\\\/\\\/www.koonings.com\\\/wp-content\\\/uploads\\\/2024\\\/11\\\/36892_b69d0b227e1c2a3192246cf7685eaa185dd8b5906ce0501ea5e8952cae33715a2dbf40ac.jpeg\",\"datePublished\":\"2026-04-28T16:06:41+00:00\",\"description\":\"Cette robe de mari\u00e9e boh\u00e8me de Herve Paris est tr\u00e8s sexy et romantique. Le romantisme r\u00e9side dans la combinaison du haut en dentelle et de la jupe simple. Pour rendre la jupe un peu plus sp\u00e9ciale, ils ont ajout\u00e9 une fente haute.\",\"breadcrumb\":{\"@id\":\"https:\\\/\\\/www.koonings.com\\\/fr\\\/product\\\/herve-paris-bilia\\\/#breadcrumb\"},\"inLanguage\":\"fr-FR\",\"potentialAction\":[{\"@type\":\"ReadAction\",\"target\":[\"https:\\\/\\\/www.koonings.com\\\/fr\\\/product\\\/herve-paris-bilia\\\/\"]}]},{\"@type\":\"ImageObject\",\"inLanguage\":\"fr-FR\",\"@id\":\"https:\\\/\\\/www.koonings.com\\\/fr\\\/product\\\/herve-paris-bilia\\\/#primaryimage\",\"url\":\"https:\\\/\\\/www.koonings.com\\\/wp-content\\\/uploads\\\/2024\\\/11\\\/36892_b69d0b227e1c2a3192246cf7685eaa185dd8b5906ce0501ea5e8952cae33715a2dbf40ac.jpeg\",\"contentUrl\":\"https:\\\/\\\/www.koonings.com\\\/wp-content\\\/uploads\\\/2024\\\/11\\\/36892_b69d0b227e1c2a3192246cf7685eaa185dd8b5906ce0501ea5e8952cae33715a2dbf40ac.jpeg\",\"width\":1535,\"height\":2170},{\"@type\":\"BreadcrumbList\",\"@id\":\"https:\\\/\\\/www.koonings.com\\\/fr\\\/product\\\/herve-paris-bilia\\\/#breadcrumb\",\"itemListElement\":[{\"@type\":\"ListItem\",\"position\":1,\"name\":\"Home\",\"item\":\"https:\\\/\\\/www.koonings.com\\\/fr\\\/\"},{\"@type\":\"ListItem\",\"position\":2,\"name\":\"Herve Paris Bilia\"}]},{\"@type\":\"WebSite\",\"@id\":\"https:\\\/\\\/www.koonings.com\\\/fr\\\/#website\",\"url\":\"https:\\\/\\\/www.koonings.com\\\/fr\\\/\",\"name\":\"Koonings\",\"description\":\"De grootste bruidsmodewinkel ter wereld\",\"publisher\":{\"@id\":\"https:\\\/\\\/www.koonings.com\\\/fr\\\/#organization\"},\"potentialAction\":[{\"@type\":\"SearchAction\",\"target\":{\"@type\":\"EntryPoint\",\"urlTemplate\":\"https:\\\/\\\/www.koonings.com\\\/fr\\\/?s={search_term_string}\"},\"query-input\":{\"@type\":\"PropertyValueSpecification\",\"valueRequired\":true,\"valueName\":\"search_term_string\"}}],\"inLanguage\":\"fr-FR\"},{\"@type\":\"Organization\",\"@id\":\"https:\\\/\\\/www.koonings.com\\\/fr\\\/#organization\",\"name\":\"Koonings\",\"url\":\"https:\\\/\\\/www.koonings.com\\\/fr\\\/\",\"logo\":{\"@type\":\"ImageObject\",\"inLanguage\":\"fr-FR\",\"@id\":\"https:\\\/\\\/www.koonings.com\\\/fr\\\/#\\\/schema\\\/logo\\\/image\\\/\",\"url\":\"https:\\\/\\\/www.koonings.com\\\/wp-content\\\/uploads\\\/2024\\\/07\\\/logo.png\",\"contentUrl\":\"https:\\\/\\\/www.koonings.com\\\/wp-content\\\/uploads\\\/2024\\\/07\\\/logo.png\",\"width\":600,\"height\":428,\"caption\":\"Koonings\"},\"image\":{\"@id\":\"https:\\\/\\\/www.koonings.com\\\/fr\\\/#\\\/schema\\\/logo\\\/image\\\/\"},\"sameAs\":[\"https:\\\/\\\/www.facebook.com\\\/kooningstheweddingpalace\",\"https:\\\/\\\/www.instagram.com\\\/kooningstheweddingpalace\",\"https:\\\/\\\/www.pinterest.com\\\/koonings\",\"https:\\\/\\\/www.youtube.com\\\/kooningstheweddingpalace\"]}]}<\/script>\n<!-- \/ Yoast SEO plugin. -->","yoast_head_json":{"title":"Herve Paris Bilia | Koonings","description":"Cette robe de mari\u00e9e boh\u00e8me de Herve Paris est tr\u00e8s sexy et romantique. Le romantisme r\u00e9side dans la combinaison du haut en dentelle et de la jupe simple. Pour rendre la jupe un peu plus sp\u00e9ciale, ils ont ajout\u00e9 une fente haute.","robots":{"index":"index","follow":"follow","max-snippet":"max-snippet:-1","max-image-preview":"max-image-preview:large","max-video-preview":"max-video-preview:-1"},"canonical":"https:\/\/www.koonings.com\/fr\/product\/herve-paris-bilia\/","og_locale":"fr_FR","og_type":"article","og_title":"Herve Paris Bilia | Koonings","og_description":"Cette robe de mari\u00e9e boh\u00e8me de Herve Paris est tr\u00e8s sexy et romantique. Le romantisme r\u00e9side dans la combinaison du haut en dentelle et de la jupe simple. Pour rendre la jupe un peu plus sp\u00e9ciale, ils ont ajout\u00e9 une fente haute.","og_url":"https:\/\/www.koonings.com\/fr\/product\/herve-paris-bilia\/","og_site_name":"Koonings","article_publisher":"https:\/\/www.facebook.com\/kooningstheweddingpalace","og_image":[{"width":1535,"height":2170,"url":"https:\/\/www.koonings.com\/wp-content\/uploads\/2024\/11\/36892_b69d0b227e1c2a3192246cf7685eaa185dd8b5906ce0501ea5e8952cae33715a2dbf40ac.jpeg","type":"image\/jpeg"}],"twitter_card":"summary_large_image","schema":{"@context":"https:\/\/schema.org","@graph":[{"@type":"WebPage","@id":"https:\/\/www.koonings.com\/fr\/product\/herve-paris-bilia\/","url":"https:\/\/www.koonings.com\/fr\/product\/herve-paris-bilia\/","name":"Herve Paris Bilia | Koonings","isPartOf":{"@id":"https:\/\/www.koonings.com\/fr\/#website"},"primaryImageOfPage":{"@id":"https:\/\/www.koonings.com\/fr\/product\/herve-paris-bilia\/#primaryimage"},"image":{"@id":"https:\/\/www.koonings.com\/fr\/product\/herve-paris-bilia\/#primaryimage"},"thumbnailUrl":"https:\/\/www.koonings.com\/wp-content\/uploads\/2024\/11\/36892_b69d0b227e1c2a3192246cf7685eaa185dd8b5906ce0501ea5e8952cae33715a2dbf40ac.jpeg","datePublished":"2026-04-28T16:06:41+00:00","description":"Cette robe de mari\u00e9e boh\u00e8me de Herve Paris est tr\u00e8s sexy et romantique. Le romantisme r\u00e9side dans la combinaison du haut en dentelle et de la jupe simple. Pour rendre la jupe un peu plus sp\u00e9ciale, ils ont ajout\u00e9 une fente haute.","breadcrumb":{"@id":"https:\/\/www.koonings.com\/fr\/product\/herve-paris-bilia\/#breadcrumb"},"inLanguage":"fr-FR","potentialAction":[{"@type":"ReadAction","target":["https:\/\/www.koonings.com\/fr\/product\/herve-paris-bilia\/"]}]},{"@type":"ImageObject","inLanguage":"fr-FR","@id":"https:\/\/www.koonings.com\/fr\/product\/herve-paris-bilia\/#primaryimage","url":"https:\/\/www.koonings.com\/wp-content\/uploads\/2024\/11\/36892_b69d0b227e1c2a3192246cf7685eaa185dd8b5906ce0501ea5e8952cae33715a2dbf40ac.jpeg","contentUrl":"https:\/\/www.koonings.com\/wp-content\/uploads\/2024\/11\/36892_b69d0b227e1c2a3192246cf7685eaa185dd8b5906ce0501ea5e8952cae33715a2dbf40ac.jpeg","width":1535,"height":2170},{"@type":"BreadcrumbList","@id":"https:\/\/www.koonings.com\/fr\/product\/herve-paris-bilia\/#breadcrumb","itemListElement":[{"@type":"ListItem","position":1,"name":"Home","item":"https:\/\/www.koonings.com\/fr\/"},{"@type":"ListItem","position":2,"name":"Herve Paris Bilia"}]},{"@type":"WebSite","@id":"https:\/\/www.koonings.com\/fr\/#website","url":"https:\/\/www.koonings.com\/fr\/","name":"Koonings","description":"De grootste bruidsmodewinkel ter wereld","publisher":{"@id":"https:\/\/www.koonings.com\/fr\/#organization"},"potentialAction":[{"@type":"SearchAction","target":{"@type":"EntryPoint","urlTemplate":"https:\/\/www.koonings.com\/fr\/?s={search_term_string}"},"query-input":{"@type":"PropertyValueSpecification","valueRequired":true,"valueName":"search_term_string"}}],"inLanguage":"fr-FR"},{"@type":"Organization","@id":"https:\/\/www.koonings.com\/fr\/#organization","name":"Koonings","url":"https:\/\/www.koonings.com\/fr\/","logo":{"@type":"ImageObject","inLanguage":"fr-FR","@id":"https:\/\/www.koonings.com\/fr\/#\/schema\/logo\/image\/","url":"https:\/\/www.koonings.com\/wp-content\/uploads\/2024\/07\/logo.png","contentUrl":"https:\/\/www.koonings.com\/wp-content\/uploads\/2024\/07\/logo.png","width":600,"height":428,"caption":"Koonings"},"image":{"@id":"https:\/\/www.koonings.com\/fr\/#\/schema\/logo\/image\/"},"sameAs":["https:\/\/www.facebook.com\/kooningstheweddingpalace","https:\/\/www.instagram.com\/kooningstheweddingpalace","https:\/\/www.pinterest.com\/koonings","https:\/\/www.youtube.com\/kooningstheweddingpalace"]}]}},"_links":{"self":[{"href":"https:\/\/www.koonings.com\/fr\/wp-json\/wp\/v2\/product\/32643","targetHints":{"allow":["GET"]}}],"collection":[{"href":"https:\/\/www.koonings.com\/fr\/wp-json\/wp\/v2\/product"}],"about":[{"href":"https:\/\/www.koonings.com\/fr\/wp-json\/wp\/v2\/types\/product"}],"wp:featuredmedia":[{"embeddable":true,"href":"https:\/\/www.koonings.com\/fr\/wp-json\/wp\/v2\/media\/27699"}],"wp:attachment":[{"href":"https:\/\/www.koonings.com\/fr\/wp-json\/wp\/v2\/media?parent=32643"}],"wp:term":[{"taxonomy":"productdetails","embeddable":true,"href":"https:\/\/www.koonings.com\/fr\/wp-json\/wp\/v2\/productdetails?post=32643"},{"taxonomy":"productneck","embeddable":true,"href":"https:\/\/www.koonings.com\/fr\/wp-json\/wp\/v2\/productneck?post=32643"},{"taxonomy":"productcolor","embeddable":true,"href":"https:\/\/www.koonings.com\/fr\/wp-json\/wp\/v2\/productcolor?post=32643"},{"taxonomy":"maat","embeddable":true,"href":"https:\/\/www.koonings.com\/fr\/wp-json\/wp\/v2\/maat?post=32643"},{"taxonomy":"productsupplier","embeddable":true,"href":"https:\/\/www.koonings.com\/fr\/wp-json\/wp\/v2\/productsupplier?post=32643"},{"taxonomy":"productsleeve","embeddable":true,"href":"https:\/\/www.koonings.com\/fr\/wp-json\/wp\/v2\/productsleeve?post=32643"},{"taxonomy":"productcategory","embeddable":true,"href":"https:\/\/www.koonings.com\/fr\/wp-json\/wp\/v2\/productcategory?post=32643"},{"taxonomy":"productsilhouette","embeddable":true,"href":"https:\/\/www.koonings.com\/fr\/wp-json\/wp\/v2\/productsilhouette?post=32643"},{"taxonomy":"productstyle","embeddable":true,"href":"https:\/\/www.koonings.com\/fr\/wp-json\/wp\/v2\/productstyle?post=32643"}],"curies":[{"name":"wp","href":"https:\/\/api.w.org\/{rel}","templated":true}]}}