{"id":32640,"date":"2026-04-28T18:06:41","date_gmt":"2026-04-28T16:06:41","guid":{"rendered":"https:\/\/www.koonings.com\/product\/julia-kontogruni-jk167\/"},"modified":"2026-02-16T14:10:00","modified_gmt":"2026-02-16T13:10:00","slug":"julia-kontogruni-jk167","status":"publish","type":"product","link":"https:\/\/www.koonings.com\/fr\/product\/julia-kontogruni-jk167\/","title":{"rendered":"Julia Kontogruni JK167"},"content":{"rendered":"<p>Une robe de princesse classique et romantique avec des influences modernes telles que le corsage avec d\u00e9collet\u00e9 en c\u0153ur, les manches longues illusionnistes et le panneau arri\u00e8re o\u00f9 la dentelle est incorpor\u00e9e de mani\u00e8re d\u00e9corative. Cette robe est tr\u00e8s jolie lorsqu&#8217;elle est associ\u00e9e \u00e0 la jupe volumineuse. Les bandes de dentelle qui tourbillonnent \u00e0 partir de la taille renforcent encore cette image. Enfin, la longue tra\u00eene compl\u00e8te cette robe.   <\/p>\n","protected":false},"featured_media":27678,"template":"","meta":{"_acf_changed":false,"ghostkit_customizer_options":"","ghostkit_custom_css":"","ghostkit_custom_js_head":"","ghostkit_custom_js_foot":"","ghostkit_typography":""},"productdetails":[],"productneck":[351,355],"productcolor":[393,392],"maat":[],"productsupplier":[409],"productsleeve":[362],"productcategory":[18],"productsilhouette":[384,388],"productstyle":[367,372,366],"class_list":["post-32640","product","type-product","status-publish","has-post-thumbnail","hentry","productneck-351","productneck-355","productcolor-393","productcolor-392","productsupplier-julia-kontogruni","productsleeve-362","productcategory-trouwjurken","productsilhouette-384","productsilhouette-388","productstyle-367","productstyle-372","productstyle-366"],"acf":[],"yoast_head":"<!-- This site is optimized with the Yoast SEO plugin v27.3 - https:\/\/yoast.com\/product\/yoast-seo-wordpress\/ -->\n<title>Julia Kontogruni JK167 | Koonings<\/title>\n<meta name=\"description\" content=\"Une robe de princesse classique et romantique avec des influences modernes telles que le corsage avec d\u00e9collet\u00e9 en c\u0153ur, les manches longues illusionnistes et le panneau arri\u00e8re o\u00f9 la dentelle est incorpor\u00e9e de mani\u00e8re d\u00e9corative. Cette robe est tr\u00e8s jolie lorsqu&#039;elle est associ\u00e9e \u00e0 la jupe volumineuse. Les bandes de dentelle qui tourbillonnent \u00e0 partir de la taille renforcent encore cette image. Enfin, la longue tra\u00eene compl\u00e8te cette robe.\" \/>\n<meta name=\"robots\" content=\"index, follow, max-snippet:-1, max-image-preview:large, max-video-preview:-1\" \/>\n<link rel=\"canonical\" href=\"https:\/\/www.koonings.com\/fr\/product\/julia-kontogruni-jk167\/\" \/>\n<meta property=\"og:locale\" content=\"fr_FR\" \/>\n<meta property=\"og:type\" content=\"article\" \/>\n<meta property=\"og:title\" content=\"Julia Kontogruni JK167 | Koonings\" \/>\n<meta property=\"og:description\" content=\"Une robe de princesse classique et romantique avec des influences modernes telles que le corsage avec d\u00e9collet\u00e9 en c\u0153ur, les manches longues illusionnistes et le panneau arri\u00e8re o\u00f9 la dentelle est incorpor\u00e9e de mani\u00e8re d\u00e9corative. Cette robe est tr\u00e8s jolie lorsqu&#039;elle est associ\u00e9e \u00e0 la jupe volumineuse. Les bandes de dentelle qui tourbillonnent \u00e0 partir de la taille renforcent encore cette image. Enfin, la longue tra\u00eene compl\u00e8te cette robe.\" \/>\n<meta property=\"og:url\" content=\"https:\/\/www.koonings.com\/fr\/product\/julia-kontogruni-jk167\/\" \/>\n<meta property=\"og:site_name\" content=\"Koonings\" \/>\n<meta property=\"article:publisher\" content=\"https:\/\/www.facebook.com\/kooningstheweddingpalace\" \/>\n<meta property=\"og:image\" content=\"https:\/\/www.koonings.com\/wp-content\/uploads\/2024\/11\/36889_238a4416d764ea59e36f9b0cc40c755c14a37d29a3f24226c1ddd1b31b323d2ba084cada-scaled.jpeg\" \/>\n\t<meta property=\"og:image:width\" content=\"1811\" \/>\n\t<meta property=\"og:image:height\" content=\"2560\" \/>\n\t<meta property=\"og:image:type\" content=\"image\/jpeg\" \/>\n<meta name=\"twitter:card\" content=\"summary_large_image\" \/>\n<script type=\"application\/ld+json\" class=\"yoast-schema-graph\">{\"@context\":\"https:\\\/\\\/schema.org\",\"@graph\":[{\"@type\":\"WebPage\",\"@id\":\"https:\\\/\\\/www.koonings.com\\\/fr\\\/product\\\/julia-kontogruni-jk167\\\/\",\"url\":\"https:\\\/\\\/www.koonings.com\\\/fr\\\/product\\\/julia-kontogruni-jk167\\\/\",\"name\":\"Julia Kontogruni JK167 | Koonings\",\"isPartOf\":{\"@id\":\"https:\\\/\\\/www.koonings.com\\\/fr\\\/#website\"},\"primaryImageOfPage\":{\"@id\":\"https:\\\/\\\/www.koonings.com\\\/fr\\\/product\\\/julia-kontogruni-jk167\\\/#primaryimage\"},\"image\":{\"@id\":\"https:\\\/\\\/www.koonings.com\\\/fr\\\/product\\\/julia-kontogruni-jk167\\\/#primaryimage\"},\"thumbnailUrl\":\"https:\\\/\\\/www.koonings.com\\\/wp-content\\\/uploads\\\/2024\\\/11\\\/36889_238a4416d764ea59e36f9b0cc40c755c14a37d29a3f24226c1ddd1b31b323d2ba084cada-scaled.jpeg\",\"datePublished\":\"2026-04-28T16:06:41+00:00\",\"description\":\"Une robe de princesse classique et romantique avec des influences modernes telles que le corsage avec d\u00e9collet\u00e9 en c\u0153ur, les manches longues illusionnistes et le panneau arri\u00e8re o\u00f9 la dentelle est incorpor\u00e9e de mani\u00e8re d\u00e9corative. Cette robe est tr\u00e8s jolie lorsqu'elle est associ\u00e9e \u00e0 la jupe volumineuse. Les bandes de dentelle qui tourbillonnent \u00e0 partir de la taille renforcent encore cette image. Enfin, la longue tra\u00eene compl\u00e8te cette robe.\",\"breadcrumb\":{\"@id\":\"https:\\\/\\\/www.koonings.com\\\/fr\\\/product\\\/julia-kontogruni-jk167\\\/#breadcrumb\"},\"inLanguage\":\"fr-FR\",\"potentialAction\":[{\"@type\":\"ReadAction\",\"target\":[\"https:\\\/\\\/www.koonings.com\\\/fr\\\/product\\\/julia-kontogruni-jk167\\\/\"]}]},{\"@type\":\"ImageObject\",\"inLanguage\":\"fr-FR\",\"@id\":\"https:\\\/\\\/www.koonings.com\\\/fr\\\/product\\\/julia-kontogruni-jk167\\\/#primaryimage\",\"url\":\"https:\\\/\\\/www.koonings.com\\\/wp-content\\\/uploads\\\/2024\\\/11\\\/36889_238a4416d764ea59e36f9b0cc40c755c14a37d29a3f24226c1ddd1b31b323d2ba084cada-scaled.jpeg\",\"contentUrl\":\"https:\\\/\\\/www.koonings.com\\\/wp-content\\\/uploads\\\/2024\\\/11\\\/36889_238a4416d764ea59e36f9b0cc40c755c14a37d29a3f24226c1ddd1b31b323d2ba084cada-scaled.jpeg\",\"width\":1811,\"height\":2560},{\"@type\":\"BreadcrumbList\",\"@id\":\"https:\\\/\\\/www.koonings.com\\\/fr\\\/product\\\/julia-kontogruni-jk167\\\/#breadcrumb\",\"itemListElement\":[{\"@type\":\"ListItem\",\"position\":1,\"name\":\"Home\",\"item\":\"https:\\\/\\\/www.koonings.com\\\/fr\\\/\"},{\"@type\":\"ListItem\",\"position\":2,\"name\":\"Julia Kontogruni JK167\"}]},{\"@type\":\"WebSite\",\"@id\":\"https:\\\/\\\/www.koonings.com\\\/fr\\\/#website\",\"url\":\"https:\\\/\\\/www.koonings.com\\\/fr\\\/\",\"name\":\"Koonings\",\"description\":\"De grootste bruidsmodewinkel ter wereld\",\"publisher\":{\"@id\":\"https:\\\/\\\/www.koonings.com\\\/fr\\\/#organization\"},\"potentialAction\":[{\"@type\":\"SearchAction\",\"target\":{\"@type\":\"EntryPoint\",\"urlTemplate\":\"https:\\\/\\\/www.koonings.com\\\/fr\\\/?s={search_term_string}\"},\"query-input\":{\"@type\":\"PropertyValueSpecification\",\"valueRequired\":true,\"valueName\":\"search_term_string\"}}],\"inLanguage\":\"fr-FR\"},{\"@type\":\"Organization\",\"@id\":\"https:\\\/\\\/www.koonings.com\\\/fr\\\/#organization\",\"name\":\"Koonings\",\"url\":\"https:\\\/\\\/www.koonings.com\\\/fr\\\/\",\"logo\":{\"@type\":\"ImageObject\",\"inLanguage\":\"fr-FR\",\"@id\":\"https:\\\/\\\/www.koonings.com\\\/fr\\\/#\\\/schema\\\/logo\\\/image\\\/\",\"url\":\"https:\\\/\\\/www.koonings.com\\\/wp-content\\\/uploads\\\/2024\\\/07\\\/logo.png\",\"contentUrl\":\"https:\\\/\\\/www.koonings.com\\\/wp-content\\\/uploads\\\/2024\\\/07\\\/logo.png\",\"width\":600,\"height\":428,\"caption\":\"Koonings\"},\"image\":{\"@id\":\"https:\\\/\\\/www.koonings.com\\\/fr\\\/#\\\/schema\\\/logo\\\/image\\\/\"},\"sameAs\":[\"https:\\\/\\\/www.facebook.com\\\/kooningstheweddingpalace\",\"https:\\\/\\\/www.instagram.com\\\/kooningstheweddingpalace\",\"https:\\\/\\\/www.pinterest.com\\\/koonings\",\"https:\\\/\\\/www.youtube.com\\\/kooningstheweddingpalace\"]}]}<\/script>\n<!-- \/ Yoast SEO plugin. -->","yoast_head_json":{"title":"Julia Kontogruni JK167 | Koonings","description":"Une robe de princesse classique et romantique avec des influences modernes telles que le corsage avec d\u00e9collet\u00e9 en c\u0153ur, les manches longues illusionnistes et le panneau arri\u00e8re o\u00f9 la dentelle est incorpor\u00e9e de mani\u00e8re d\u00e9corative. Cette robe est tr\u00e8s jolie lorsqu'elle est associ\u00e9e \u00e0 la jupe volumineuse. Les bandes de dentelle qui tourbillonnent \u00e0 partir de la taille renforcent encore cette image. Enfin, la longue tra\u00eene compl\u00e8te cette robe.","robots":{"index":"index","follow":"follow","max-snippet":"max-snippet:-1","max-image-preview":"max-image-preview:large","max-video-preview":"max-video-preview:-1"},"canonical":"https:\/\/www.koonings.com\/fr\/product\/julia-kontogruni-jk167\/","og_locale":"fr_FR","og_type":"article","og_title":"Julia Kontogruni JK167 | Koonings","og_description":"Une robe de princesse classique et romantique avec des influences modernes telles que le corsage avec d\u00e9collet\u00e9 en c\u0153ur, les manches longues illusionnistes et le panneau arri\u00e8re o\u00f9 la dentelle est incorpor\u00e9e de mani\u00e8re d\u00e9corative. Cette robe est tr\u00e8s jolie lorsqu'elle est associ\u00e9e \u00e0 la jupe volumineuse. Les bandes de dentelle qui tourbillonnent \u00e0 partir de la taille renforcent encore cette image. Enfin, la longue tra\u00eene compl\u00e8te cette robe.","og_url":"https:\/\/www.koonings.com\/fr\/product\/julia-kontogruni-jk167\/","og_site_name":"Koonings","article_publisher":"https:\/\/www.facebook.com\/kooningstheweddingpalace","og_image":[{"width":1811,"height":2560,"url":"https:\/\/www.koonings.com\/wp-content\/uploads\/2024\/11\/36889_238a4416d764ea59e36f9b0cc40c755c14a37d29a3f24226c1ddd1b31b323d2ba084cada-scaled.jpeg","type":"image\/jpeg"}],"twitter_card":"summary_large_image","schema":{"@context":"https:\/\/schema.org","@graph":[{"@type":"WebPage","@id":"https:\/\/www.koonings.com\/fr\/product\/julia-kontogruni-jk167\/","url":"https:\/\/www.koonings.com\/fr\/product\/julia-kontogruni-jk167\/","name":"Julia Kontogruni JK167 | Koonings","isPartOf":{"@id":"https:\/\/www.koonings.com\/fr\/#website"},"primaryImageOfPage":{"@id":"https:\/\/www.koonings.com\/fr\/product\/julia-kontogruni-jk167\/#primaryimage"},"image":{"@id":"https:\/\/www.koonings.com\/fr\/product\/julia-kontogruni-jk167\/#primaryimage"},"thumbnailUrl":"https:\/\/www.koonings.com\/wp-content\/uploads\/2024\/11\/36889_238a4416d764ea59e36f9b0cc40c755c14a37d29a3f24226c1ddd1b31b323d2ba084cada-scaled.jpeg","datePublished":"2026-04-28T16:06:41+00:00","description":"Une robe de princesse classique et romantique avec des influences modernes telles que le corsage avec d\u00e9collet\u00e9 en c\u0153ur, les manches longues illusionnistes et le panneau arri\u00e8re o\u00f9 la dentelle est incorpor\u00e9e de mani\u00e8re d\u00e9corative. Cette robe est tr\u00e8s jolie lorsqu'elle est associ\u00e9e \u00e0 la jupe volumineuse. Les bandes de dentelle qui tourbillonnent \u00e0 partir de la taille renforcent encore cette image. Enfin, la longue tra\u00eene compl\u00e8te cette robe.","breadcrumb":{"@id":"https:\/\/www.koonings.com\/fr\/product\/julia-kontogruni-jk167\/#breadcrumb"},"inLanguage":"fr-FR","potentialAction":[{"@type":"ReadAction","target":["https:\/\/www.koonings.com\/fr\/product\/julia-kontogruni-jk167\/"]}]},{"@type":"ImageObject","inLanguage":"fr-FR","@id":"https:\/\/www.koonings.com\/fr\/product\/julia-kontogruni-jk167\/#primaryimage","url":"https:\/\/www.koonings.com\/wp-content\/uploads\/2024\/11\/36889_238a4416d764ea59e36f9b0cc40c755c14a37d29a3f24226c1ddd1b31b323d2ba084cada-scaled.jpeg","contentUrl":"https:\/\/www.koonings.com\/wp-content\/uploads\/2024\/11\/36889_238a4416d764ea59e36f9b0cc40c755c14a37d29a3f24226c1ddd1b31b323d2ba084cada-scaled.jpeg","width":1811,"height":2560},{"@type":"BreadcrumbList","@id":"https:\/\/www.koonings.com\/fr\/product\/julia-kontogruni-jk167\/#breadcrumb","itemListElement":[{"@type":"ListItem","position":1,"name":"Home","item":"https:\/\/www.koonings.com\/fr\/"},{"@type":"ListItem","position":2,"name":"Julia Kontogruni JK167"}]},{"@type":"WebSite","@id":"https:\/\/www.koonings.com\/fr\/#website","url":"https:\/\/www.koonings.com\/fr\/","name":"Koonings","description":"De grootste bruidsmodewinkel ter wereld","publisher":{"@id":"https:\/\/www.koonings.com\/fr\/#organization"},"potentialAction":[{"@type":"SearchAction","target":{"@type":"EntryPoint","urlTemplate":"https:\/\/www.koonings.com\/fr\/?s={search_term_string}"},"query-input":{"@type":"PropertyValueSpecification","valueRequired":true,"valueName":"search_term_string"}}],"inLanguage":"fr-FR"},{"@type":"Organization","@id":"https:\/\/www.koonings.com\/fr\/#organization","name":"Koonings","url":"https:\/\/www.koonings.com\/fr\/","logo":{"@type":"ImageObject","inLanguage":"fr-FR","@id":"https:\/\/www.koonings.com\/fr\/#\/schema\/logo\/image\/","url":"https:\/\/www.koonings.com\/wp-content\/uploads\/2024\/07\/logo.png","contentUrl":"https:\/\/www.koonings.com\/wp-content\/uploads\/2024\/07\/logo.png","width":600,"height":428,"caption":"Koonings"},"image":{"@id":"https:\/\/www.koonings.com\/fr\/#\/schema\/logo\/image\/"},"sameAs":["https:\/\/www.facebook.com\/kooningstheweddingpalace","https:\/\/www.instagram.com\/kooningstheweddingpalace","https:\/\/www.pinterest.com\/koonings","https:\/\/www.youtube.com\/kooningstheweddingpalace"]}]}},"_links":{"self":[{"href":"https:\/\/www.koonings.com\/fr\/wp-json\/wp\/v2\/product\/32640","targetHints":{"allow":["GET"]}}],"collection":[{"href":"https:\/\/www.koonings.com\/fr\/wp-json\/wp\/v2\/product"}],"about":[{"href":"https:\/\/www.koonings.com\/fr\/wp-json\/wp\/v2\/types\/product"}],"wp:featuredmedia":[{"embeddable":true,"href":"https:\/\/www.koonings.com\/fr\/wp-json\/wp\/v2\/media\/27678"}],"wp:attachment":[{"href":"https:\/\/www.koonings.com\/fr\/wp-json\/wp\/v2\/media?parent=32640"}],"wp:term":[{"taxonomy":"productdetails","embeddable":true,"href":"https:\/\/www.koonings.com\/fr\/wp-json\/wp\/v2\/productdetails?post=32640"},{"taxonomy":"productneck","embeddable":true,"href":"https:\/\/www.koonings.com\/fr\/wp-json\/wp\/v2\/productneck?post=32640"},{"taxonomy":"productcolor","embeddable":true,"href":"https:\/\/www.koonings.com\/fr\/wp-json\/wp\/v2\/productcolor?post=32640"},{"taxonomy":"maat","embeddable":true,"href":"https:\/\/www.koonings.com\/fr\/wp-json\/wp\/v2\/maat?post=32640"},{"taxonomy":"productsupplier","embeddable":true,"href":"https:\/\/www.koonings.com\/fr\/wp-json\/wp\/v2\/productsupplier?post=32640"},{"taxonomy":"productsleeve","embeddable":true,"href":"https:\/\/www.koonings.com\/fr\/wp-json\/wp\/v2\/productsleeve?post=32640"},{"taxonomy":"productcategory","embeddable":true,"href":"https:\/\/www.koonings.com\/fr\/wp-json\/wp\/v2\/productcategory?post=32640"},{"taxonomy":"productsilhouette","embeddable":true,"href":"https:\/\/www.koonings.com\/fr\/wp-json\/wp\/v2\/productsilhouette?post=32640"},{"taxonomy":"productstyle","embeddable":true,"href":"https:\/\/www.koonings.com\/fr\/wp-json\/wp\/v2\/productstyle?post=32640"}],"curies":[{"name":"wp","href":"https:\/\/api.w.org\/{rel}","templated":true}]}}