{"id":32630,"date":"2026-04-14T16:08:05","date_gmt":"2026-04-14T14:08:05","guid":{"rendered":"https:\/\/www.koonings.com\/product\/libelle-helene\/"},"modified":"2026-02-16T14:12:53","modified_gmt":"2026-02-16T13:12:53","slug":"libelle-helene","status":"publish","type":"product","link":"https:\/\/www.koonings.com\/fr\/product\/libelle-helene\/","title":{"rendered":"Libelle Helene"},"content":{"rendered":"<p>L&#8217;honneur est pour la mari\u00e9e qui sait ce qu&#8217;elle veut. Cette combinaison en mousseline de soie avec un d\u00e9collet\u00e9 en V repr\u00e9sente l&#8217;\u00e9mancipation. Le d\u00e9collet\u00e9 en licou se fond dans un corsage ajust\u00e9 et un pantalon \u00e0 jambe droite. La ceinture blanche moderne accentue la taille et donne un d\u00e9tail suppl\u00e9mentaire \u00e0 la silhouette.   <\/p>\n","protected":false},"featured_media":27783,"template":"","meta":{"_acf_changed":false,"ghostkit_customizer_options":"","ghostkit_custom_css":"","ghostkit_custom_js_head":"","ghostkit_custom_js_foot":"","ghostkit_typography":""},"productdetails":[],"productneck":[350],"productcolor":[393,392],"maat":[],"productsupplier":[428],"productsleeve":[362],"productcategory":[18],"productsilhouette":[385],"productstyle":[371,370,373],"class_list":["post-32630","product","type-product","status-publish","has-post-thumbnail","hentry","productneck-350","productcolor-393","productcolor-392","productsupplier-libelle","productsleeve-362","productcategory-trouwjurken","productsilhouette-385","productstyle-371","productstyle-370","productstyle-373"],"acf":[],"yoast_head":"<!-- This site is optimized with the Yoast SEO plugin v27.3 - https:\/\/yoast.com\/product\/yoast-seo-wordpress\/ -->\n<title>Libelle Helene | Koonings<\/title>\n<meta name=\"description\" content=\"L&#039;honneur est pour la mari\u00e9e qui sait ce qu&#039;elle veut. Cette combinaison en mousseline de soie avec un d\u00e9collet\u00e9 en V repr\u00e9sente l&#039;\u00e9mancipation. Le d\u00e9collet\u00e9 en licou se fond dans un corsage ajust\u00e9 et un pantalon \u00e0 jambe droite. La ceinture blanche moderne accentue la taille et donne un d\u00e9tail suppl\u00e9mentaire \u00e0 la silhouette.\" \/>\n<meta name=\"robots\" content=\"index, follow, max-snippet:-1, max-image-preview:large, max-video-preview:-1\" \/>\n<link rel=\"canonical\" href=\"https:\/\/www.koonings.com\/fr\/product\/libelle-helene\/\" \/>\n<meta property=\"og:locale\" content=\"fr_FR\" \/>\n<meta property=\"og:type\" content=\"article\" \/>\n<meta property=\"og:title\" content=\"Libelle Helene | Koonings\" \/>\n<meta property=\"og:description\" content=\"L&#039;honneur est pour la mari\u00e9e qui sait ce qu&#039;elle veut. Cette combinaison en mousseline de soie avec un d\u00e9collet\u00e9 en V repr\u00e9sente l&#039;\u00e9mancipation. Le d\u00e9collet\u00e9 en licou se fond dans un corsage ajust\u00e9 et un pantalon \u00e0 jambe droite. La ceinture blanche moderne accentue la taille et donne un d\u00e9tail suppl\u00e9mentaire \u00e0 la silhouette.\" \/>\n<meta property=\"og:url\" content=\"https:\/\/www.koonings.com\/fr\/product\/libelle-helene\/\" \/>\n<meta property=\"og:site_name\" content=\"Koonings\" \/>\n<meta property=\"article:publisher\" content=\"https:\/\/www.facebook.com\/kooningstheweddingpalace\" \/>\n<meta property=\"og:image\" content=\"https:\/\/www.koonings.com\/wp-content\/uploads\/2024\/11\/36920_be95962aa7e148ea65bfa743938258ef23de8f9f52a031d0db0f6058049e675c03ebcdee.jpeg\" \/>\n\t<meta property=\"og:image:width\" content=\"1411\" \/>\n\t<meta property=\"og:image:height\" content=\"1991\" \/>\n\t<meta property=\"og:image:type\" content=\"image\/jpeg\" \/>\n<meta name=\"twitter:card\" content=\"summary_large_image\" \/>\n<script type=\"application\/ld+json\" class=\"yoast-schema-graph\">{\"@context\":\"https:\\\/\\\/schema.org\",\"@graph\":[{\"@type\":\"WebPage\",\"@id\":\"https:\\\/\\\/www.koonings.com\\\/fr\\\/product\\\/libelle-helene\\\/\",\"url\":\"https:\\\/\\\/www.koonings.com\\\/fr\\\/product\\\/libelle-helene\\\/\",\"name\":\"Libelle Helene | Koonings\",\"isPartOf\":{\"@id\":\"https:\\\/\\\/www.koonings.com\\\/fr\\\/#website\"},\"primaryImageOfPage\":{\"@id\":\"https:\\\/\\\/www.koonings.com\\\/fr\\\/product\\\/libelle-helene\\\/#primaryimage\"},\"image\":{\"@id\":\"https:\\\/\\\/www.koonings.com\\\/fr\\\/product\\\/libelle-helene\\\/#primaryimage\"},\"thumbnailUrl\":\"https:\\\/\\\/www.koonings.com\\\/wp-content\\\/uploads\\\/2024\\\/11\\\/36920_be95962aa7e148ea65bfa743938258ef23de8f9f52a031d0db0f6058049e675c03ebcdee.jpeg\",\"datePublished\":\"2026-04-14T14:08:05+00:00\",\"description\":\"L'honneur est pour la mari\u00e9e qui sait ce qu'elle veut. Cette combinaison en mousseline de soie avec un d\u00e9collet\u00e9 en V repr\u00e9sente l'\u00e9mancipation. Le d\u00e9collet\u00e9 en licou se fond dans un corsage ajust\u00e9 et un pantalon \u00e0 jambe droite. La ceinture blanche moderne accentue la taille et donne un d\u00e9tail suppl\u00e9mentaire \u00e0 la silhouette.\",\"breadcrumb\":{\"@id\":\"https:\\\/\\\/www.koonings.com\\\/fr\\\/product\\\/libelle-helene\\\/#breadcrumb\"},\"inLanguage\":\"fr-FR\",\"potentialAction\":[{\"@type\":\"ReadAction\",\"target\":[\"https:\\\/\\\/www.koonings.com\\\/fr\\\/product\\\/libelle-helene\\\/\"]}]},{\"@type\":\"ImageObject\",\"inLanguage\":\"fr-FR\",\"@id\":\"https:\\\/\\\/www.koonings.com\\\/fr\\\/product\\\/libelle-helene\\\/#primaryimage\",\"url\":\"https:\\\/\\\/www.koonings.com\\\/wp-content\\\/uploads\\\/2024\\\/11\\\/36920_be95962aa7e148ea65bfa743938258ef23de8f9f52a031d0db0f6058049e675c03ebcdee.jpeg\",\"contentUrl\":\"https:\\\/\\\/www.koonings.com\\\/wp-content\\\/uploads\\\/2024\\\/11\\\/36920_be95962aa7e148ea65bfa743938258ef23de8f9f52a031d0db0f6058049e675c03ebcdee.jpeg\",\"width\":1411,\"height\":1991},{\"@type\":\"BreadcrumbList\",\"@id\":\"https:\\\/\\\/www.koonings.com\\\/fr\\\/product\\\/libelle-helene\\\/#breadcrumb\",\"itemListElement\":[{\"@type\":\"ListItem\",\"position\":1,\"name\":\"Home\",\"item\":\"https:\\\/\\\/www.koonings.com\\\/fr\\\/\"},{\"@type\":\"ListItem\",\"position\":2,\"name\":\"Libelle Helene\"}]},{\"@type\":\"WebSite\",\"@id\":\"https:\\\/\\\/www.koonings.com\\\/fr\\\/#website\",\"url\":\"https:\\\/\\\/www.koonings.com\\\/fr\\\/\",\"name\":\"Koonings\",\"description\":\"De grootste bruidsmodewinkel ter wereld\",\"publisher\":{\"@id\":\"https:\\\/\\\/www.koonings.com\\\/fr\\\/#organization\"},\"potentialAction\":[{\"@type\":\"SearchAction\",\"target\":{\"@type\":\"EntryPoint\",\"urlTemplate\":\"https:\\\/\\\/www.koonings.com\\\/fr\\\/?s={search_term_string}\"},\"query-input\":{\"@type\":\"PropertyValueSpecification\",\"valueRequired\":true,\"valueName\":\"search_term_string\"}}],\"inLanguage\":\"fr-FR\"},{\"@type\":\"Organization\",\"@id\":\"https:\\\/\\\/www.koonings.com\\\/fr\\\/#organization\",\"name\":\"Koonings\",\"url\":\"https:\\\/\\\/www.koonings.com\\\/fr\\\/\",\"logo\":{\"@type\":\"ImageObject\",\"inLanguage\":\"fr-FR\",\"@id\":\"https:\\\/\\\/www.koonings.com\\\/fr\\\/#\\\/schema\\\/logo\\\/image\\\/\",\"url\":\"https:\\\/\\\/www.koonings.com\\\/wp-content\\\/uploads\\\/2024\\\/07\\\/logo.png\",\"contentUrl\":\"https:\\\/\\\/www.koonings.com\\\/wp-content\\\/uploads\\\/2024\\\/07\\\/logo.png\",\"width\":600,\"height\":428,\"caption\":\"Koonings\"},\"image\":{\"@id\":\"https:\\\/\\\/www.koonings.com\\\/fr\\\/#\\\/schema\\\/logo\\\/image\\\/\"},\"sameAs\":[\"https:\\\/\\\/www.facebook.com\\\/kooningstheweddingpalace\",\"https:\\\/\\\/www.instagram.com\\\/kooningstheweddingpalace\",\"https:\\\/\\\/www.pinterest.com\\\/koonings\",\"https:\\\/\\\/www.youtube.com\\\/kooningstheweddingpalace\"]}]}<\/script>\n<!-- \/ Yoast SEO plugin. -->","yoast_head_json":{"title":"Libelle Helene | Koonings","description":"L'honneur est pour la mari\u00e9e qui sait ce qu'elle veut. Cette combinaison en mousseline de soie avec un d\u00e9collet\u00e9 en V repr\u00e9sente l'\u00e9mancipation. Le d\u00e9collet\u00e9 en licou se fond dans un corsage ajust\u00e9 et un pantalon \u00e0 jambe droite. La ceinture blanche moderne accentue la taille et donne un d\u00e9tail suppl\u00e9mentaire \u00e0 la silhouette.","robots":{"index":"index","follow":"follow","max-snippet":"max-snippet:-1","max-image-preview":"max-image-preview:large","max-video-preview":"max-video-preview:-1"},"canonical":"https:\/\/www.koonings.com\/fr\/product\/libelle-helene\/","og_locale":"fr_FR","og_type":"article","og_title":"Libelle Helene | Koonings","og_description":"L'honneur est pour la mari\u00e9e qui sait ce qu'elle veut. Cette combinaison en mousseline de soie avec un d\u00e9collet\u00e9 en V repr\u00e9sente l'\u00e9mancipation. Le d\u00e9collet\u00e9 en licou se fond dans un corsage ajust\u00e9 et un pantalon \u00e0 jambe droite. La ceinture blanche moderne accentue la taille et donne un d\u00e9tail suppl\u00e9mentaire \u00e0 la silhouette.","og_url":"https:\/\/www.koonings.com\/fr\/product\/libelle-helene\/","og_site_name":"Koonings","article_publisher":"https:\/\/www.facebook.com\/kooningstheweddingpalace","og_image":[{"width":1411,"height":1991,"url":"https:\/\/www.koonings.com\/wp-content\/uploads\/2024\/11\/36920_be95962aa7e148ea65bfa743938258ef23de8f9f52a031d0db0f6058049e675c03ebcdee.jpeg","type":"image\/jpeg"}],"twitter_card":"summary_large_image","schema":{"@context":"https:\/\/schema.org","@graph":[{"@type":"WebPage","@id":"https:\/\/www.koonings.com\/fr\/product\/libelle-helene\/","url":"https:\/\/www.koonings.com\/fr\/product\/libelle-helene\/","name":"Libelle Helene | Koonings","isPartOf":{"@id":"https:\/\/www.koonings.com\/fr\/#website"},"primaryImageOfPage":{"@id":"https:\/\/www.koonings.com\/fr\/product\/libelle-helene\/#primaryimage"},"image":{"@id":"https:\/\/www.koonings.com\/fr\/product\/libelle-helene\/#primaryimage"},"thumbnailUrl":"https:\/\/www.koonings.com\/wp-content\/uploads\/2024\/11\/36920_be95962aa7e148ea65bfa743938258ef23de8f9f52a031d0db0f6058049e675c03ebcdee.jpeg","datePublished":"2026-04-14T14:08:05+00:00","description":"L'honneur est pour la mari\u00e9e qui sait ce qu'elle veut. Cette combinaison en mousseline de soie avec un d\u00e9collet\u00e9 en V repr\u00e9sente l'\u00e9mancipation. Le d\u00e9collet\u00e9 en licou se fond dans un corsage ajust\u00e9 et un pantalon \u00e0 jambe droite. La ceinture blanche moderne accentue la taille et donne un d\u00e9tail suppl\u00e9mentaire \u00e0 la silhouette.","breadcrumb":{"@id":"https:\/\/www.koonings.com\/fr\/product\/libelle-helene\/#breadcrumb"},"inLanguage":"fr-FR","potentialAction":[{"@type":"ReadAction","target":["https:\/\/www.koonings.com\/fr\/product\/libelle-helene\/"]}]},{"@type":"ImageObject","inLanguage":"fr-FR","@id":"https:\/\/www.koonings.com\/fr\/product\/libelle-helene\/#primaryimage","url":"https:\/\/www.koonings.com\/wp-content\/uploads\/2024\/11\/36920_be95962aa7e148ea65bfa743938258ef23de8f9f52a031d0db0f6058049e675c03ebcdee.jpeg","contentUrl":"https:\/\/www.koonings.com\/wp-content\/uploads\/2024\/11\/36920_be95962aa7e148ea65bfa743938258ef23de8f9f52a031d0db0f6058049e675c03ebcdee.jpeg","width":1411,"height":1991},{"@type":"BreadcrumbList","@id":"https:\/\/www.koonings.com\/fr\/product\/libelle-helene\/#breadcrumb","itemListElement":[{"@type":"ListItem","position":1,"name":"Home","item":"https:\/\/www.koonings.com\/fr\/"},{"@type":"ListItem","position":2,"name":"Libelle Helene"}]},{"@type":"WebSite","@id":"https:\/\/www.koonings.com\/fr\/#website","url":"https:\/\/www.koonings.com\/fr\/","name":"Koonings","description":"De grootste bruidsmodewinkel ter wereld","publisher":{"@id":"https:\/\/www.koonings.com\/fr\/#organization"},"potentialAction":[{"@type":"SearchAction","target":{"@type":"EntryPoint","urlTemplate":"https:\/\/www.koonings.com\/fr\/?s={search_term_string}"},"query-input":{"@type":"PropertyValueSpecification","valueRequired":true,"valueName":"search_term_string"}}],"inLanguage":"fr-FR"},{"@type":"Organization","@id":"https:\/\/www.koonings.com\/fr\/#organization","name":"Koonings","url":"https:\/\/www.koonings.com\/fr\/","logo":{"@type":"ImageObject","inLanguage":"fr-FR","@id":"https:\/\/www.koonings.com\/fr\/#\/schema\/logo\/image\/","url":"https:\/\/www.koonings.com\/wp-content\/uploads\/2024\/07\/logo.png","contentUrl":"https:\/\/www.koonings.com\/wp-content\/uploads\/2024\/07\/logo.png","width":600,"height":428,"caption":"Koonings"},"image":{"@id":"https:\/\/www.koonings.com\/fr\/#\/schema\/logo\/image\/"},"sameAs":["https:\/\/www.facebook.com\/kooningstheweddingpalace","https:\/\/www.instagram.com\/kooningstheweddingpalace","https:\/\/www.pinterest.com\/koonings","https:\/\/www.youtube.com\/kooningstheweddingpalace"]}]}},"_links":{"self":[{"href":"https:\/\/www.koonings.com\/fr\/wp-json\/wp\/v2\/product\/32630","targetHints":{"allow":["GET"]}}],"collection":[{"href":"https:\/\/www.koonings.com\/fr\/wp-json\/wp\/v2\/product"}],"about":[{"href":"https:\/\/www.koonings.com\/fr\/wp-json\/wp\/v2\/types\/product"}],"wp:featuredmedia":[{"embeddable":true,"href":"https:\/\/www.koonings.com\/fr\/wp-json\/wp\/v2\/media\/27783"}],"wp:attachment":[{"href":"https:\/\/www.koonings.com\/fr\/wp-json\/wp\/v2\/media?parent=32630"}],"wp:term":[{"taxonomy":"productdetails","embeddable":true,"href":"https:\/\/www.koonings.com\/fr\/wp-json\/wp\/v2\/productdetails?post=32630"},{"taxonomy":"productneck","embeddable":true,"href":"https:\/\/www.koonings.com\/fr\/wp-json\/wp\/v2\/productneck?post=32630"},{"taxonomy":"productcolor","embeddable":true,"href":"https:\/\/www.koonings.com\/fr\/wp-json\/wp\/v2\/productcolor?post=32630"},{"taxonomy":"maat","embeddable":true,"href":"https:\/\/www.koonings.com\/fr\/wp-json\/wp\/v2\/maat?post=32630"},{"taxonomy":"productsupplier","embeddable":true,"href":"https:\/\/www.koonings.com\/fr\/wp-json\/wp\/v2\/productsupplier?post=32630"},{"taxonomy":"productsleeve","embeddable":true,"href":"https:\/\/www.koonings.com\/fr\/wp-json\/wp\/v2\/productsleeve?post=32630"},{"taxonomy":"productcategory","embeddable":true,"href":"https:\/\/www.koonings.com\/fr\/wp-json\/wp\/v2\/productcategory?post=32630"},{"taxonomy":"productsilhouette","embeddable":true,"href":"https:\/\/www.koonings.com\/fr\/wp-json\/wp\/v2\/productsilhouette?post=32630"},{"taxonomy":"productstyle","embeddable":true,"href":"https:\/\/www.koonings.com\/fr\/wp-json\/wp\/v2\/productstyle?post=32630"}],"curies":[{"name":"wp","href":"https:\/\/api.w.org\/{rel}","templated":true}]}}