{"id":32623,"date":"2026-04-28T18:06:44","date_gmt":"2026-04-28T16:06:44","guid":{"rendered":"https:\/\/www.koonings.com\/product\/libelle-henase\/"},"modified":"2026-02-16T14:33:15","modified_gmt":"2026-02-16T13:33:15","slug":"libelle-henase","status":"publish","type":"product","link":"https:\/\/www.koonings.com\/fr\/product\/libelle-henase\/","title":{"rendered":"Libelle Henase"},"content":{"rendered":"<p>Cr\u00e9ez votre propre lumi\u00e8re avec cette superbe robe Henase. Le d\u00e9collet\u00e9 en V du corsage en dentelle apporte de la douceur \u00e0 la jupe scintillante et \u00e0 la longue tra\u00eene. Cette robe est parfaite pour la mari\u00e9e qui veut se d\u00e9marquer, avec une douce touche f\u00e9minine.  <\/p>\n","protected":false},"featured_media":27800,"template":"","meta":{"_acf_changed":false,"ghostkit_customizer_options":"","ghostkit_custom_css":"","ghostkit_custom_js_head":"","ghostkit_custom_js_foot":"","ghostkit_typography":""},"productdetails":[],"productneck":[351,356],"productcolor":[394],"maat":[],"productsupplier":[428],"productsleeve":[359],"productcategory":[18],"productsilhouette":[389,390],"productstyle":[366],"class_list":["post-32623","product","type-product","status-publish","has-post-thumbnail","hentry","productneck-351","productneck-356","productcolor-394","productsupplier-libelle","productsleeve-359","productcategory-trouwjurken","productsilhouette-389","productsilhouette-390","productstyle-366"],"acf":[],"yoast_head":"<!-- This site is optimized with the Yoast SEO plugin v27.3 - https:\/\/yoast.com\/product\/yoast-seo-wordpress\/ -->\n<title>Libelle Henase | Koonings<\/title>\n<meta name=\"description\" content=\"Cr\u00e9ez votre propre lumi\u00e8re avec cette superbe robe Henase. Le d\u00e9collet\u00e9 en V du corsage en dentelle apporte de la douceur \u00e0 la jupe scintillante et \u00e0 la longue tra\u00eene. Cette robe est parfaite pour la mari\u00e9e qui veut se d\u00e9marquer, avec une douce touche f\u00e9minine.\" \/>\n<meta name=\"robots\" content=\"index, follow, max-snippet:-1, max-image-preview:large, max-video-preview:-1\" \/>\n<link rel=\"canonical\" href=\"https:\/\/www.koonings.com\/fr\/product\/libelle-henase\/\" \/>\n<meta property=\"og:locale\" content=\"fr_FR\" \/>\n<meta property=\"og:type\" content=\"article\" \/>\n<meta property=\"og:title\" content=\"Libelle Henase | Koonings\" \/>\n<meta property=\"og:description\" content=\"Cr\u00e9ez votre propre lumi\u00e8re avec cette superbe robe Henase. Le d\u00e9collet\u00e9 en V du corsage en dentelle apporte de la douceur \u00e0 la jupe scintillante et \u00e0 la longue tra\u00eene. Cette robe est parfaite pour la mari\u00e9e qui veut se d\u00e9marquer, avec une douce touche f\u00e9minine.\" \/>\n<meta property=\"og:url\" content=\"https:\/\/www.koonings.com\/fr\/product\/libelle-henase\/\" \/>\n<meta property=\"og:site_name\" content=\"Koonings\" \/>\n<meta property=\"article:publisher\" content=\"https:\/\/www.facebook.com\/kooningstheweddingpalace\" \/>\n<meta property=\"og:image\" content=\"https:\/\/www.koonings.com\/wp-content\/uploads\/2024\/11\/36921_bd633ef5baa66f259466dfa0202710b9ace4c73fbfc73da1e133e9dc3acbbec3899d8b94.jpeg\" \/>\n\t<meta property=\"og:image:width\" content=\"1703\" \/>\n\t<meta property=\"og:image:height\" content=\"2408\" \/>\n\t<meta property=\"og:image:type\" content=\"image\/jpeg\" \/>\n<meta name=\"twitter:card\" content=\"summary_large_image\" \/>\n<script type=\"application\/ld+json\" class=\"yoast-schema-graph\">{\"@context\":\"https:\\\/\\\/schema.org\",\"@graph\":[{\"@type\":\"WebPage\",\"@id\":\"https:\\\/\\\/www.koonings.com\\\/fr\\\/product\\\/libelle-henase\\\/\",\"url\":\"https:\\\/\\\/www.koonings.com\\\/fr\\\/product\\\/libelle-henase\\\/\",\"name\":\"Libelle Henase | Koonings\",\"isPartOf\":{\"@id\":\"https:\\\/\\\/www.koonings.com\\\/fr\\\/#website\"},\"primaryImageOfPage\":{\"@id\":\"https:\\\/\\\/www.koonings.com\\\/fr\\\/product\\\/libelle-henase\\\/#primaryimage\"},\"image\":{\"@id\":\"https:\\\/\\\/www.koonings.com\\\/fr\\\/product\\\/libelle-henase\\\/#primaryimage\"},\"thumbnailUrl\":\"https:\\\/\\\/www.koonings.com\\\/wp-content\\\/uploads\\\/2024\\\/11\\\/36921_bd633ef5baa66f259466dfa0202710b9ace4c73fbfc73da1e133e9dc3acbbec3899d8b94.jpeg\",\"datePublished\":\"2026-04-28T16:06:44+00:00\",\"description\":\"Cr\u00e9ez votre propre lumi\u00e8re avec cette superbe robe Henase. Le d\u00e9collet\u00e9 en V du corsage en dentelle apporte de la douceur \u00e0 la jupe scintillante et \u00e0 la longue tra\u00eene. Cette robe est parfaite pour la mari\u00e9e qui veut se d\u00e9marquer, avec une douce touche f\u00e9minine.\",\"breadcrumb\":{\"@id\":\"https:\\\/\\\/www.koonings.com\\\/fr\\\/product\\\/libelle-henase\\\/#breadcrumb\"},\"inLanguage\":\"fr-FR\",\"potentialAction\":[{\"@type\":\"ReadAction\",\"target\":[\"https:\\\/\\\/www.koonings.com\\\/fr\\\/product\\\/libelle-henase\\\/\"]}]},{\"@type\":\"ImageObject\",\"inLanguage\":\"fr-FR\",\"@id\":\"https:\\\/\\\/www.koonings.com\\\/fr\\\/product\\\/libelle-henase\\\/#primaryimage\",\"url\":\"https:\\\/\\\/www.koonings.com\\\/wp-content\\\/uploads\\\/2024\\\/11\\\/36921_bd633ef5baa66f259466dfa0202710b9ace4c73fbfc73da1e133e9dc3acbbec3899d8b94.jpeg\",\"contentUrl\":\"https:\\\/\\\/www.koonings.com\\\/wp-content\\\/uploads\\\/2024\\\/11\\\/36921_bd633ef5baa66f259466dfa0202710b9ace4c73fbfc73da1e133e9dc3acbbec3899d8b94.jpeg\",\"width\":1703,\"height\":2408},{\"@type\":\"BreadcrumbList\",\"@id\":\"https:\\\/\\\/www.koonings.com\\\/fr\\\/product\\\/libelle-henase\\\/#breadcrumb\",\"itemListElement\":[{\"@type\":\"ListItem\",\"position\":1,\"name\":\"Home\",\"item\":\"https:\\\/\\\/www.koonings.com\\\/fr\\\/\"},{\"@type\":\"ListItem\",\"position\":2,\"name\":\"Libelle Henase\"}]},{\"@type\":\"WebSite\",\"@id\":\"https:\\\/\\\/www.koonings.com\\\/fr\\\/#website\",\"url\":\"https:\\\/\\\/www.koonings.com\\\/fr\\\/\",\"name\":\"Koonings\",\"description\":\"De grootste bruidsmodewinkel ter wereld\",\"publisher\":{\"@id\":\"https:\\\/\\\/www.koonings.com\\\/fr\\\/#organization\"},\"potentialAction\":[{\"@type\":\"SearchAction\",\"target\":{\"@type\":\"EntryPoint\",\"urlTemplate\":\"https:\\\/\\\/www.koonings.com\\\/fr\\\/?s={search_term_string}\"},\"query-input\":{\"@type\":\"PropertyValueSpecification\",\"valueRequired\":true,\"valueName\":\"search_term_string\"}}],\"inLanguage\":\"fr-FR\"},{\"@type\":\"Organization\",\"@id\":\"https:\\\/\\\/www.koonings.com\\\/fr\\\/#organization\",\"name\":\"Koonings\",\"url\":\"https:\\\/\\\/www.koonings.com\\\/fr\\\/\",\"logo\":{\"@type\":\"ImageObject\",\"inLanguage\":\"fr-FR\",\"@id\":\"https:\\\/\\\/www.koonings.com\\\/fr\\\/#\\\/schema\\\/logo\\\/image\\\/\",\"url\":\"https:\\\/\\\/www.koonings.com\\\/wp-content\\\/uploads\\\/2024\\\/07\\\/logo.png\",\"contentUrl\":\"https:\\\/\\\/www.koonings.com\\\/wp-content\\\/uploads\\\/2024\\\/07\\\/logo.png\",\"width\":600,\"height\":428,\"caption\":\"Koonings\"},\"image\":{\"@id\":\"https:\\\/\\\/www.koonings.com\\\/fr\\\/#\\\/schema\\\/logo\\\/image\\\/\"},\"sameAs\":[\"https:\\\/\\\/www.facebook.com\\\/kooningstheweddingpalace\",\"https:\\\/\\\/www.instagram.com\\\/kooningstheweddingpalace\",\"https:\\\/\\\/www.pinterest.com\\\/koonings\",\"https:\\\/\\\/www.youtube.com\\\/kooningstheweddingpalace\"]}]}<\/script>\n<!-- \/ Yoast SEO plugin. -->","yoast_head_json":{"title":"Libelle Henase | Koonings","description":"Cr\u00e9ez votre propre lumi\u00e8re avec cette superbe robe Henase. Le d\u00e9collet\u00e9 en V du corsage en dentelle apporte de la douceur \u00e0 la jupe scintillante et \u00e0 la longue tra\u00eene. Cette robe est parfaite pour la mari\u00e9e qui veut se d\u00e9marquer, avec une douce touche f\u00e9minine.","robots":{"index":"index","follow":"follow","max-snippet":"max-snippet:-1","max-image-preview":"max-image-preview:large","max-video-preview":"max-video-preview:-1"},"canonical":"https:\/\/www.koonings.com\/fr\/product\/libelle-henase\/","og_locale":"fr_FR","og_type":"article","og_title":"Libelle Henase | Koonings","og_description":"Cr\u00e9ez votre propre lumi\u00e8re avec cette superbe robe Henase. Le d\u00e9collet\u00e9 en V du corsage en dentelle apporte de la douceur \u00e0 la jupe scintillante et \u00e0 la longue tra\u00eene. Cette robe est parfaite pour la mari\u00e9e qui veut se d\u00e9marquer, avec une douce touche f\u00e9minine.","og_url":"https:\/\/www.koonings.com\/fr\/product\/libelle-henase\/","og_site_name":"Koonings","article_publisher":"https:\/\/www.facebook.com\/kooningstheweddingpalace","og_image":[{"width":1703,"height":2408,"url":"https:\/\/www.koonings.com\/wp-content\/uploads\/2024\/11\/36921_bd633ef5baa66f259466dfa0202710b9ace4c73fbfc73da1e133e9dc3acbbec3899d8b94.jpeg","type":"image\/jpeg"}],"twitter_card":"summary_large_image","schema":{"@context":"https:\/\/schema.org","@graph":[{"@type":"WebPage","@id":"https:\/\/www.koonings.com\/fr\/product\/libelle-henase\/","url":"https:\/\/www.koonings.com\/fr\/product\/libelle-henase\/","name":"Libelle Henase | Koonings","isPartOf":{"@id":"https:\/\/www.koonings.com\/fr\/#website"},"primaryImageOfPage":{"@id":"https:\/\/www.koonings.com\/fr\/product\/libelle-henase\/#primaryimage"},"image":{"@id":"https:\/\/www.koonings.com\/fr\/product\/libelle-henase\/#primaryimage"},"thumbnailUrl":"https:\/\/www.koonings.com\/wp-content\/uploads\/2024\/11\/36921_bd633ef5baa66f259466dfa0202710b9ace4c73fbfc73da1e133e9dc3acbbec3899d8b94.jpeg","datePublished":"2026-04-28T16:06:44+00:00","description":"Cr\u00e9ez votre propre lumi\u00e8re avec cette superbe robe Henase. Le d\u00e9collet\u00e9 en V du corsage en dentelle apporte de la douceur \u00e0 la jupe scintillante et \u00e0 la longue tra\u00eene. Cette robe est parfaite pour la mari\u00e9e qui veut se d\u00e9marquer, avec une douce touche f\u00e9minine.","breadcrumb":{"@id":"https:\/\/www.koonings.com\/fr\/product\/libelle-henase\/#breadcrumb"},"inLanguage":"fr-FR","potentialAction":[{"@type":"ReadAction","target":["https:\/\/www.koonings.com\/fr\/product\/libelle-henase\/"]}]},{"@type":"ImageObject","inLanguage":"fr-FR","@id":"https:\/\/www.koonings.com\/fr\/product\/libelle-henase\/#primaryimage","url":"https:\/\/www.koonings.com\/wp-content\/uploads\/2024\/11\/36921_bd633ef5baa66f259466dfa0202710b9ace4c73fbfc73da1e133e9dc3acbbec3899d8b94.jpeg","contentUrl":"https:\/\/www.koonings.com\/wp-content\/uploads\/2024\/11\/36921_bd633ef5baa66f259466dfa0202710b9ace4c73fbfc73da1e133e9dc3acbbec3899d8b94.jpeg","width":1703,"height":2408},{"@type":"BreadcrumbList","@id":"https:\/\/www.koonings.com\/fr\/product\/libelle-henase\/#breadcrumb","itemListElement":[{"@type":"ListItem","position":1,"name":"Home","item":"https:\/\/www.koonings.com\/fr\/"},{"@type":"ListItem","position":2,"name":"Libelle Henase"}]},{"@type":"WebSite","@id":"https:\/\/www.koonings.com\/fr\/#website","url":"https:\/\/www.koonings.com\/fr\/","name":"Koonings","description":"De grootste bruidsmodewinkel ter wereld","publisher":{"@id":"https:\/\/www.koonings.com\/fr\/#organization"},"potentialAction":[{"@type":"SearchAction","target":{"@type":"EntryPoint","urlTemplate":"https:\/\/www.koonings.com\/fr\/?s={search_term_string}"},"query-input":{"@type":"PropertyValueSpecification","valueRequired":true,"valueName":"search_term_string"}}],"inLanguage":"fr-FR"},{"@type":"Organization","@id":"https:\/\/www.koonings.com\/fr\/#organization","name":"Koonings","url":"https:\/\/www.koonings.com\/fr\/","logo":{"@type":"ImageObject","inLanguage":"fr-FR","@id":"https:\/\/www.koonings.com\/fr\/#\/schema\/logo\/image\/","url":"https:\/\/www.koonings.com\/wp-content\/uploads\/2024\/07\/logo.png","contentUrl":"https:\/\/www.koonings.com\/wp-content\/uploads\/2024\/07\/logo.png","width":600,"height":428,"caption":"Koonings"},"image":{"@id":"https:\/\/www.koonings.com\/fr\/#\/schema\/logo\/image\/"},"sameAs":["https:\/\/www.facebook.com\/kooningstheweddingpalace","https:\/\/www.instagram.com\/kooningstheweddingpalace","https:\/\/www.pinterest.com\/koonings","https:\/\/www.youtube.com\/kooningstheweddingpalace"]}]}},"_links":{"self":[{"href":"https:\/\/www.koonings.com\/fr\/wp-json\/wp\/v2\/product\/32623","targetHints":{"allow":["GET"]}}],"collection":[{"href":"https:\/\/www.koonings.com\/fr\/wp-json\/wp\/v2\/product"}],"about":[{"href":"https:\/\/www.koonings.com\/fr\/wp-json\/wp\/v2\/types\/product"}],"wp:featuredmedia":[{"embeddable":true,"href":"https:\/\/www.koonings.com\/fr\/wp-json\/wp\/v2\/media\/27800"}],"wp:attachment":[{"href":"https:\/\/www.koonings.com\/fr\/wp-json\/wp\/v2\/media?parent=32623"}],"wp:term":[{"taxonomy":"productdetails","embeddable":true,"href":"https:\/\/www.koonings.com\/fr\/wp-json\/wp\/v2\/productdetails?post=32623"},{"taxonomy":"productneck","embeddable":true,"href":"https:\/\/www.koonings.com\/fr\/wp-json\/wp\/v2\/productneck?post=32623"},{"taxonomy":"productcolor","embeddable":true,"href":"https:\/\/www.koonings.com\/fr\/wp-json\/wp\/v2\/productcolor?post=32623"},{"taxonomy":"maat","embeddable":true,"href":"https:\/\/www.koonings.com\/fr\/wp-json\/wp\/v2\/maat?post=32623"},{"taxonomy":"productsupplier","embeddable":true,"href":"https:\/\/www.koonings.com\/fr\/wp-json\/wp\/v2\/productsupplier?post=32623"},{"taxonomy":"productsleeve","embeddable":true,"href":"https:\/\/www.koonings.com\/fr\/wp-json\/wp\/v2\/productsleeve?post=32623"},{"taxonomy":"productcategory","embeddable":true,"href":"https:\/\/www.koonings.com\/fr\/wp-json\/wp\/v2\/productcategory?post=32623"},{"taxonomy":"productsilhouette","embeddable":true,"href":"https:\/\/www.koonings.com\/fr\/wp-json\/wp\/v2\/productsilhouette?post=32623"},{"taxonomy":"productstyle","embeddable":true,"href":"https:\/\/www.koonings.com\/fr\/wp-json\/wp\/v2\/productstyle?post=32623"}],"curies":[{"name":"wp","href":"https:\/\/api.w.org\/{rel}","templated":true}]}}