{"id":32622,"date":"2025-12-15T00:08:25","date_gmt":"2025-12-14T23:08:25","guid":{"rendered":"https:\/\/www.koonings.com\/product\/libelle-hieke\/"},"modified":"2026-02-03T17:43:42","modified_gmt":"2026-02-03T16:43:42","slug":"libelle-hieke","status":"publish","type":"product","link":"https:\/\/www.koonings.com\/fr\/product\/libelle-hieke\/","title":{"rendered":"Libelle Hieke"},"content":{"rendered":"<p>La robe Hieke est \u00e0 la fois \u00e9l\u00e9gante et romantique. Les textures du corsage fin, des manches longues et du d\u00e9collet\u00e9 en V profond cr\u00e9ent un look moderne et \u00e9l\u00e9gant. La jupe ajust\u00e9e et \u00e9vas\u00e9e en mousseline de soie est recouverte d&#8217;une magnifique dentelle. Le contraste parfait avec le corsage \u00e9l\u00e9gant. La ceinture blanche moderne compl\u00e8te la robe et met magnifiquement en valeur votre silhouette.    <\/p>\n","protected":false},"featured_media":27850,"template":"","meta":{"_acf_changed":false,"ghostkit_customizer_options":"","ghostkit_custom_css":"","ghostkit_custom_js_head":"","ghostkit_custom_js_foot":"","ghostkit_typography":""},"productdetails":[380],"productneck":[351,356],"productcolor":[392],"maat":[],"productsupplier":[428],"productsleeve":[362],"productcategory":[18],"productsilhouette":[389,390],"productstyle":[366],"class_list":["post-32622","product","type-product","status-publish","has-post-thumbnail","hentry","productdetails-380","productneck-351","productneck-356","productcolor-392","productsupplier-libelle","productsleeve-362","productcategory-trouwjurken","productsilhouette-389","productsilhouette-390","productstyle-366"],"acf":[],"yoast_head":"<!-- This site is optimized with the Yoast SEO plugin v27.3 - https:\/\/yoast.com\/product\/yoast-seo-wordpress\/ -->\n<title>Libelle Hieke | Koonings<\/title>\n<meta name=\"description\" content=\"La robe Hieke est \u00e0 la fois \u00e9l\u00e9gante et romantique. Les textures du corsage fin, des manches longues et du d\u00e9collet\u00e9 en V profond cr\u00e9ent un look moderne et \u00e9l\u00e9gant. La jupe ajust\u00e9e et \u00e9vas\u00e9e en mousseline de soie est recouverte d&#039;une magnifique dentelle. Le contraste parfait avec le corsage \u00e9l\u00e9gant. La ceinture blanche moderne compl\u00e8te la robe et met magnifiquement en valeur votre silhouette.\" \/>\n<meta name=\"robots\" content=\"index, follow, max-snippet:-1, max-image-preview:large, max-video-preview:-1\" \/>\n<link rel=\"canonical\" href=\"https:\/\/www.koonings.com\/fr\/product\/libelle-hieke\/\" \/>\n<meta property=\"og:locale\" content=\"fr_FR\" \/>\n<meta property=\"og:type\" content=\"article\" \/>\n<meta property=\"og:title\" content=\"Libelle Hieke | Koonings\" \/>\n<meta property=\"og:description\" content=\"La robe Hieke est \u00e0 la fois \u00e9l\u00e9gante et romantique. Les textures du corsage fin, des manches longues et du d\u00e9collet\u00e9 en V profond cr\u00e9ent un look moderne et \u00e9l\u00e9gant. La jupe ajust\u00e9e et \u00e9vas\u00e9e en mousseline de soie est recouverte d&#039;une magnifique dentelle. Le contraste parfait avec le corsage \u00e9l\u00e9gant. La ceinture blanche moderne compl\u00e8te la robe et met magnifiquement en valeur votre silhouette.\" \/>\n<meta property=\"og:url\" content=\"https:\/\/www.koonings.com\/fr\/product\/libelle-hieke\/\" \/>\n<meta property=\"og:site_name\" content=\"Koonings\" \/>\n<meta property=\"article:publisher\" content=\"https:\/\/www.facebook.com\/kooningstheweddingpalace\" \/>\n<meta property=\"article:modified_time\" content=\"2026-02-03T16:43:42+00:00\" \/>\n<meta property=\"og:image\" content=\"https:\/\/www.koonings.com\/wp-content\/uploads\/2024\/11\/36923_ddc22361943b85735150e5bb6d1de6af7fc30a4a7f6cb9f5dc32c18f782d218ae303a36c.jpeg\" \/>\n\t<meta property=\"og:image:width\" content=\"1366\" \/>\n\t<meta property=\"og:image:height\" content=\"1933\" \/>\n\t<meta property=\"og:image:type\" content=\"image\/jpeg\" \/>\n<meta name=\"twitter:card\" content=\"summary_large_image\" \/>\n<script type=\"application\/ld+json\" class=\"yoast-schema-graph\">{\"@context\":\"https:\\\/\\\/schema.org\",\"@graph\":[{\"@type\":\"WebPage\",\"@id\":\"https:\\\/\\\/www.koonings.com\\\/fr\\\/product\\\/libelle-hieke\\\/\",\"url\":\"https:\\\/\\\/www.koonings.com\\\/fr\\\/product\\\/libelle-hieke\\\/\",\"name\":\"Libelle Hieke | Koonings\",\"isPartOf\":{\"@id\":\"https:\\\/\\\/www.koonings.com\\\/fr\\\/#website\"},\"primaryImageOfPage\":{\"@id\":\"https:\\\/\\\/www.koonings.com\\\/fr\\\/product\\\/libelle-hieke\\\/#primaryimage\"},\"image\":{\"@id\":\"https:\\\/\\\/www.koonings.com\\\/fr\\\/product\\\/libelle-hieke\\\/#primaryimage\"},\"thumbnailUrl\":\"https:\\\/\\\/www.koonings.com\\\/wp-content\\\/uploads\\\/2024\\\/11\\\/36923_ddc22361943b85735150e5bb6d1de6af7fc30a4a7f6cb9f5dc32c18f782d218ae303a36c.jpeg\",\"datePublished\":\"2025-12-14T23:08:25+00:00\",\"dateModified\":\"2026-02-03T16:43:42+00:00\",\"description\":\"La robe Hieke est \u00e0 la fois \u00e9l\u00e9gante et romantique. Les textures du corsage fin, des manches longues et du d\u00e9collet\u00e9 en V profond cr\u00e9ent un look moderne et \u00e9l\u00e9gant. La jupe ajust\u00e9e et \u00e9vas\u00e9e en mousseline de soie est recouverte d'une magnifique dentelle. Le contraste parfait avec le corsage \u00e9l\u00e9gant. La ceinture blanche moderne compl\u00e8te la robe et met magnifiquement en valeur votre silhouette.\",\"breadcrumb\":{\"@id\":\"https:\\\/\\\/www.koonings.com\\\/fr\\\/product\\\/libelle-hieke\\\/#breadcrumb\"},\"inLanguage\":\"fr-FR\",\"potentialAction\":[{\"@type\":\"ReadAction\",\"target\":[\"https:\\\/\\\/www.koonings.com\\\/fr\\\/product\\\/libelle-hieke\\\/\"]}]},{\"@type\":\"ImageObject\",\"inLanguage\":\"fr-FR\",\"@id\":\"https:\\\/\\\/www.koonings.com\\\/fr\\\/product\\\/libelle-hieke\\\/#primaryimage\",\"url\":\"https:\\\/\\\/www.koonings.com\\\/wp-content\\\/uploads\\\/2024\\\/11\\\/36923_ddc22361943b85735150e5bb6d1de6af7fc30a4a7f6cb9f5dc32c18f782d218ae303a36c.jpeg\",\"contentUrl\":\"https:\\\/\\\/www.koonings.com\\\/wp-content\\\/uploads\\\/2024\\\/11\\\/36923_ddc22361943b85735150e5bb6d1de6af7fc30a4a7f6cb9f5dc32c18f782d218ae303a36c.jpeg\",\"width\":1366,\"height\":1933},{\"@type\":\"BreadcrumbList\",\"@id\":\"https:\\\/\\\/www.koonings.com\\\/fr\\\/product\\\/libelle-hieke\\\/#breadcrumb\",\"itemListElement\":[{\"@type\":\"ListItem\",\"position\":1,\"name\":\"Home\",\"item\":\"https:\\\/\\\/www.koonings.com\\\/fr\\\/\"},{\"@type\":\"ListItem\",\"position\":2,\"name\":\"Libelle Hieke\"}]},{\"@type\":\"WebSite\",\"@id\":\"https:\\\/\\\/www.koonings.com\\\/fr\\\/#website\",\"url\":\"https:\\\/\\\/www.koonings.com\\\/fr\\\/\",\"name\":\"Koonings\",\"description\":\"De grootste bruidsmodewinkel ter wereld\",\"publisher\":{\"@id\":\"https:\\\/\\\/www.koonings.com\\\/fr\\\/#organization\"},\"potentialAction\":[{\"@type\":\"SearchAction\",\"target\":{\"@type\":\"EntryPoint\",\"urlTemplate\":\"https:\\\/\\\/www.koonings.com\\\/fr\\\/?s={search_term_string}\"},\"query-input\":{\"@type\":\"PropertyValueSpecification\",\"valueRequired\":true,\"valueName\":\"search_term_string\"}}],\"inLanguage\":\"fr-FR\"},{\"@type\":\"Organization\",\"@id\":\"https:\\\/\\\/www.koonings.com\\\/fr\\\/#organization\",\"name\":\"Koonings\",\"url\":\"https:\\\/\\\/www.koonings.com\\\/fr\\\/\",\"logo\":{\"@type\":\"ImageObject\",\"inLanguage\":\"fr-FR\",\"@id\":\"https:\\\/\\\/www.koonings.com\\\/fr\\\/#\\\/schema\\\/logo\\\/image\\\/\",\"url\":\"https:\\\/\\\/www.koonings.com\\\/wp-content\\\/uploads\\\/2024\\\/07\\\/logo.png\",\"contentUrl\":\"https:\\\/\\\/www.koonings.com\\\/wp-content\\\/uploads\\\/2024\\\/07\\\/logo.png\",\"width\":600,\"height\":428,\"caption\":\"Koonings\"},\"image\":{\"@id\":\"https:\\\/\\\/www.koonings.com\\\/fr\\\/#\\\/schema\\\/logo\\\/image\\\/\"},\"sameAs\":[\"https:\\\/\\\/www.facebook.com\\\/kooningstheweddingpalace\",\"https:\\\/\\\/www.instagram.com\\\/kooningstheweddingpalace\",\"https:\\\/\\\/www.pinterest.com\\\/koonings\",\"https:\\\/\\\/www.youtube.com\\\/kooningstheweddingpalace\"]}]}<\/script>\n<!-- \/ Yoast SEO plugin. -->","yoast_head_json":{"title":"Libelle Hieke | Koonings","description":"La robe Hieke est \u00e0 la fois \u00e9l\u00e9gante et romantique. Les textures du corsage fin, des manches longues et du d\u00e9collet\u00e9 en V profond cr\u00e9ent un look moderne et \u00e9l\u00e9gant. La jupe ajust\u00e9e et \u00e9vas\u00e9e en mousseline de soie est recouverte d'une magnifique dentelle. Le contraste parfait avec le corsage \u00e9l\u00e9gant. La ceinture blanche moderne compl\u00e8te la robe et met magnifiquement en valeur votre silhouette.","robots":{"index":"index","follow":"follow","max-snippet":"max-snippet:-1","max-image-preview":"max-image-preview:large","max-video-preview":"max-video-preview:-1"},"canonical":"https:\/\/www.koonings.com\/fr\/product\/libelle-hieke\/","og_locale":"fr_FR","og_type":"article","og_title":"Libelle Hieke | Koonings","og_description":"La robe Hieke est \u00e0 la fois \u00e9l\u00e9gante et romantique. Les textures du corsage fin, des manches longues et du d\u00e9collet\u00e9 en V profond cr\u00e9ent un look moderne et \u00e9l\u00e9gant. La jupe ajust\u00e9e et \u00e9vas\u00e9e en mousseline de soie est recouverte d'une magnifique dentelle. Le contraste parfait avec le corsage \u00e9l\u00e9gant. La ceinture blanche moderne compl\u00e8te la robe et met magnifiquement en valeur votre silhouette.","og_url":"https:\/\/www.koonings.com\/fr\/product\/libelle-hieke\/","og_site_name":"Koonings","article_publisher":"https:\/\/www.facebook.com\/kooningstheweddingpalace","article_modified_time":"2026-02-03T16:43:42+00:00","og_image":[{"width":1366,"height":1933,"url":"https:\/\/www.koonings.com\/wp-content\/uploads\/2024\/11\/36923_ddc22361943b85735150e5bb6d1de6af7fc30a4a7f6cb9f5dc32c18f782d218ae303a36c.jpeg","type":"image\/jpeg"}],"twitter_card":"summary_large_image","schema":{"@context":"https:\/\/schema.org","@graph":[{"@type":"WebPage","@id":"https:\/\/www.koonings.com\/fr\/product\/libelle-hieke\/","url":"https:\/\/www.koonings.com\/fr\/product\/libelle-hieke\/","name":"Libelle Hieke | Koonings","isPartOf":{"@id":"https:\/\/www.koonings.com\/fr\/#website"},"primaryImageOfPage":{"@id":"https:\/\/www.koonings.com\/fr\/product\/libelle-hieke\/#primaryimage"},"image":{"@id":"https:\/\/www.koonings.com\/fr\/product\/libelle-hieke\/#primaryimage"},"thumbnailUrl":"https:\/\/www.koonings.com\/wp-content\/uploads\/2024\/11\/36923_ddc22361943b85735150e5bb6d1de6af7fc30a4a7f6cb9f5dc32c18f782d218ae303a36c.jpeg","datePublished":"2025-12-14T23:08:25+00:00","dateModified":"2026-02-03T16:43:42+00:00","description":"La robe Hieke est \u00e0 la fois \u00e9l\u00e9gante et romantique. Les textures du corsage fin, des manches longues et du d\u00e9collet\u00e9 en V profond cr\u00e9ent un look moderne et \u00e9l\u00e9gant. La jupe ajust\u00e9e et \u00e9vas\u00e9e en mousseline de soie est recouverte d'une magnifique dentelle. Le contraste parfait avec le corsage \u00e9l\u00e9gant. La ceinture blanche moderne compl\u00e8te la robe et met magnifiquement en valeur votre silhouette.","breadcrumb":{"@id":"https:\/\/www.koonings.com\/fr\/product\/libelle-hieke\/#breadcrumb"},"inLanguage":"fr-FR","potentialAction":[{"@type":"ReadAction","target":["https:\/\/www.koonings.com\/fr\/product\/libelle-hieke\/"]}]},{"@type":"ImageObject","inLanguage":"fr-FR","@id":"https:\/\/www.koonings.com\/fr\/product\/libelle-hieke\/#primaryimage","url":"https:\/\/www.koonings.com\/wp-content\/uploads\/2024\/11\/36923_ddc22361943b85735150e5bb6d1de6af7fc30a4a7f6cb9f5dc32c18f782d218ae303a36c.jpeg","contentUrl":"https:\/\/www.koonings.com\/wp-content\/uploads\/2024\/11\/36923_ddc22361943b85735150e5bb6d1de6af7fc30a4a7f6cb9f5dc32c18f782d218ae303a36c.jpeg","width":1366,"height":1933},{"@type":"BreadcrumbList","@id":"https:\/\/www.koonings.com\/fr\/product\/libelle-hieke\/#breadcrumb","itemListElement":[{"@type":"ListItem","position":1,"name":"Home","item":"https:\/\/www.koonings.com\/fr\/"},{"@type":"ListItem","position":2,"name":"Libelle Hieke"}]},{"@type":"WebSite","@id":"https:\/\/www.koonings.com\/fr\/#website","url":"https:\/\/www.koonings.com\/fr\/","name":"Koonings","description":"De grootste bruidsmodewinkel ter wereld","publisher":{"@id":"https:\/\/www.koonings.com\/fr\/#organization"},"potentialAction":[{"@type":"SearchAction","target":{"@type":"EntryPoint","urlTemplate":"https:\/\/www.koonings.com\/fr\/?s={search_term_string}"},"query-input":{"@type":"PropertyValueSpecification","valueRequired":true,"valueName":"search_term_string"}}],"inLanguage":"fr-FR"},{"@type":"Organization","@id":"https:\/\/www.koonings.com\/fr\/#organization","name":"Koonings","url":"https:\/\/www.koonings.com\/fr\/","logo":{"@type":"ImageObject","inLanguage":"fr-FR","@id":"https:\/\/www.koonings.com\/fr\/#\/schema\/logo\/image\/","url":"https:\/\/www.koonings.com\/wp-content\/uploads\/2024\/07\/logo.png","contentUrl":"https:\/\/www.koonings.com\/wp-content\/uploads\/2024\/07\/logo.png","width":600,"height":428,"caption":"Koonings"},"image":{"@id":"https:\/\/www.koonings.com\/fr\/#\/schema\/logo\/image\/"},"sameAs":["https:\/\/www.facebook.com\/kooningstheweddingpalace","https:\/\/www.instagram.com\/kooningstheweddingpalace","https:\/\/www.pinterest.com\/koonings","https:\/\/www.youtube.com\/kooningstheweddingpalace"]}]}},"_links":{"self":[{"href":"https:\/\/www.koonings.com\/fr\/wp-json\/wp\/v2\/product\/32622","targetHints":{"allow":["GET"]}}],"collection":[{"href":"https:\/\/www.koonings.com\/fr\/wp-json\/wp\/v2\/product"}],"about":[{"href":"https:\/\/www.koonings.com\/fr\/wp-json\/wp\/v2\/types\/product"}],"wp:featuredmedia":[{"embeddable":true,"href":"https:\/\/www.koonings.com\/fr\/wp-json\/wp\/v2\/media\/27850"}],"wp:attachment":[{"href":"https:\/\/www.koonings.com\/fr\/wp-json\/wp\/v2\/media?parent=32622"}],"wp:term":[{"taxonomy":"productdetails","embeddable":true,"href":"https:\/\/www.koonings.com\/fr\/wp-json\/wp\/v2\/productdetails?post=32622"},{"taxonomy":"productneck","embeddable":true,"href":"https:\/\/www.koonings.com\/fr\/wp-json\/wp\/v2\/productneck?post=32622"},{"taxonomy":"productcolor","embeddable":true,"href":"https:\/\/www.koonings.com\/fr\/wp-json\/wp\/v2\/productcolor?post=32622"},{"taxonomy":"maat","embeddable":true,"href":"https:\/\/www.koonings.com\/fr\/wp-json\/wp\/v2\/maat?post=32622"},{"taxonomy":"productsupplier","embeddable":true,"href":"https:\/\/www.koonings.com\/fr\/wp-json\/wp\/v2\/productsupplier?post=32622"},{"taxonomy":"productsleeve","embeddable":true,"href":"https:\/\/www.koonings.com\/fr\/wp-json\/wp\/v2\/productsleeve?post=32622"},{"taxonomy":"productcategory","embeddable":true,"href":"https:\/\/www.koonings.com\/fr\/wp-json\/wp\/v2\/productcategory?post=32622"},{"taxonomy":"productsilhouette","embeddable":true,"href":"https:\/\/www.koonings.com\/fr\/wp-json\/wp\/v2\/productsilhouette?post=32622"},{"taxonomy":"productstyle","embeddable":true,"href":"https:\/\/www.koonings.com\/fr\/wp-json\/wp\/v2\/productstyle?post=32622"}],"curies":[{"name":"wp","href":"https:\/\/api.w.org\/{rel}","templated":true}]}}