{"id":32608,"date":"2026-04-14T16:08:06","date_gmt":"2026-04-14T14:08:06","guid":{"rendered":"https:\/\/www.koonings.com\/product\/herve-paris-belloza\/"},"modified":"2026-02-16T14:14:34","modified_gmt":"2026-02-16T13:14:34","slug":"herve-paris-belloza","status":"publish","type":"product","link":"https:\/\/www.koonings.com\/fr\/product\/herve-paris-belloza\/","title":{"rendered":"Herve Paris Belloza"},"content":{"rendered":"<p>Belloza est une \u0153uvre d&#8217;art gr\u00e2ce \u00e0 la disposition de son corsage unique. Con\u00e7ue pour mettre en valeur le d\u00e9collet\u00e9 d&#8217;une femme, la dentelle tombe l\u00e9g\u00e8rement sur l&#8217;\u00e9paule avant de traverser l&#8217;encolure avec une magnifique dentelle. La robe Belloza se termine par une jupe \u00e9l\u00e9gante et simple, avec une fente sur le c\u00f4t\u00e9 gauche, qui met en valeur les formes f\u00e9minines de la mani\u00e8re la plus flatteuse qui soit.  <\/p>\n","protected":false},"featured_media":27904,"template":"","meta":{"_acf_changed":false,"ghostkit_customizer_options":"","ghostkit_custom_css":"","ghostkit_custom_js_head":"","ghostkit_custom_js_foot":"","ghostkit_typography":""},"productdetails":[378],"productneck":[356],"productcolor":[393,392],"maat":[],"productsupplier":[424],"productsleeve":[359,361],"productcategory":[18],"productsilhouette":[389],"productstyle":[],"class_list":["post-32608","product","type-product","status-publish","has-post-thumbnail","hentry","productdetails-378","productneck-356","productcolor-393","productcolor-392","productsupplier-herve-paris","productsleeve-359","productsleeve-361","productcategory-trouwjurken","productsilhouette-389"],"acf":[],"yoast_head":"<!-- This site is optimized with the Yoast SEO plugin v27.3 - https:\/\/yoast.com\/product\/yoast-seo-wordpress\/ -->\n<title>Herve Paris Belloza | Koonings<\/title>\n<meta name=\"description\" content=\"Belloza est une \u0153uvre d&#039;art gr\u00e2ce \u00e0 la disposition de son corsage unique. Con\u00e7ue pour mettre en valeur le d\u00e9collet\u00e9 d&#039;une femme, la dentelle tombe l\u00e9g\u00e8rement sur l&#039;\u00e9paule avant de traverser l&#039;encolure avec une magnifique dentelle. La robe Belloza se termine par une jupe \u00e9l\u00e9gante et simple, avec une fente sur le c\u00f4t\u00e9 gauche, qui met en valeur les formes f\u00e9minines de la mani\u00e8re la plus flatteuse qui soit.\" \/>\n<meta name=\"robots\" content=\"index, follow, max-snippet:-1, max-image-preview:large, max-video-preview:-1\" \/>\n<link rel=\"canonical\" href=\"https:\/\/www.koonings.com\/fr\/product\/herve-paris-belloza\/\" \/>\n<meta property=\"og:locale\" content=\"fr_FR\" \/>\n<meta property=\"og:type\" content=\"article\" \/>\n<meta property=\"og:title\" content=\"Herve Paris Belloza | Koonings\" \/>\n<meta property=\"og:description\" content=\"Belloza est une \u0153uvre d&#039;art gr\u00e2ce \u00e0 la disposition de son corsage unique. Con\u00e7ue pour mettre en valeur le d\u00e9collet\u00e9 d&#039;une femme, la dentelle tombe l\u00e9g\u00e8rement sur l&#039;\u00e9paule avant de traverser l&#039;encolure avec une magnifique dentelle. La robe Belloza se termine par une jupe \u00e9l\u00e9gante et simple, avec une fente sur le c\u00f4t\u00e9 gauche, qui met en valeur les formes f\u00e9minines de la mani\u00e8re la plus flatteuse qui soit.\" \/>\n<meta property=\"og:url\" content=\"https:\/\/www.koonings.com\/fr\/product\/herve-paris-belloza\/\" \/>\n<meta property=\"og:site_name\" content=\"Koonings\" \/>\n<meta property=\"article:publisher\" content=\"https:\/\/www.facebook.com\/kooningstheweddingpalace\" \/>\n<meta property=\"og:image\" content=\"https:\/\/www.koonings.com\/wp-content\/uploads\/2024\/11\/36926_4aec1f7a8a126b8243d10b6db89df7a8d0be9bfccdf78693b9489dfa7f6454b69db87e01-scaled.jpeg\" \/>\n\t<meta property=\"og:image:width\" content=\"1829\" \/>\n\t<meta property=\"og:image:height\" content=\"2560\" \/>\n\t<meta property=\"og:image:type\" content=\"image\/jpeg\" \/>\n<meta name=\"twitter:card\" content=\"summary_large_image\" \/>\n<script type=\"application\/ld+json\" class=\"yoast-schema-graph\">{\"@context\":\"https:\\\/\\\/schema.org\",\"@graph\":[{\"@type\":\"WebPage\",\"@id\":\"https:\\\/\\\/www.koonings.com\\\/fr\\\/product\\\/herve-paris-belloza\\\/\",\"url\":\"https:\\\/\\\/www.koonings.com\\\/fr\\\/product\\\/herve-paris-belloza\\\/\",\"name\":\"Herve Paris Belloza | Koonings\",\"isPartOf\":{\"@id\":\"https:\\\/\\\/www.koonings.com\\\/fr\\\/#website\"},\"primaryImageOfPage\":{\"@id\":\"https:\\\/\\\/www.koonings.com\\\/fr\\\/product\\\/herve-paris-belloza\\\/#primaryimage\"},\"image\":{\"@id\":\"https:\\\/\\\/www.koonings.com\\\/fr\\\/product\\\/herve-paris-belloza\\\/#primaryimage\"},\"thumbnailUrl\":\"https:\\\/\\\/www.koonings.com\\\/wp-content\\\/uploads\\\/2024\\\/11\\\/36926_4aec1f7a8a126b8243d10b6db89df7a8d0be9bfccdf78693b9489dfa7f6454b69db87e01-scaled.jpeg\",\"datePublished\":\"2026-04-14T14:08:06+00:00\",\"description\":\"Belloza est une \u0153uvre d'art gr\u00e2ce \u00e0 la disposition de son corsage unique. Con\u00e7ue pour mettre en valeur le d\u00e9collet\u00e9 d'une femme, la dentelle tombe l\u00e9g\u00e8rement sur l'\u00e9paule avant de traverser l'encolure avec une magnifique dentelle. La robe Belloza se termine par une jupe \u00e9l\u00e9gante et simple, avec une fente sur le c\u00f4t\u00e9 gauche, qui met en valeur les formes f\u00e9minines de la mani\u00e8re la plus flatteuse qui soit.\",\"breadcrumb\":{\"@id\":\"https:\\\/\\\/www.koonings.com\\\/fr\\\/product\\\/herve-paris-belloza\\\/#breadcrumb\"},\"inLanguage\":\"fr-FR\",\"potentialAction\":[{\"@type\":\"ReadAction\",\"target\":[\"https:\\\/\\\/www.koonings.com\\\/fr\\\/product\\\/herve-paris-belloza\\\/\"]}]},{\"@type\":\"ImageObject\",\"inLanguage\":\"fr-FR\",\"@id\":\"https:\\\/\\\/www.koonings.com\\\/fr\\\/product\\\/herve-paris-belloza\\\/#primaryimage\",\"url\":\"https:\\\/\\\/www.koonings.com\\\/wp-content\\\/uploads\\\/2024\\\/11\\\/36926_4aec1f7a8a126b8243d10b6db89df7a8d0be9bfccdf78693b9489dfa7f6454b69db87e01-scaled.jpeg\",\"contentUrl\":\"https:\\\/\\\/www.koonings.com\\\/wp-content\\\/uploads\\\/2024\\\/11\\\/36926_4aec1f7a8a126b8243d10b6db89df7a8d0be9bfccdf78693b9489dfa7f6454b69db87e01-scaled.jpeg\",\"width\":1829,\"height\":2560},{\"@type\":\"BreadcrumbList\",\"@id\":\"https:\\\/\\\/www.koonings.com\\\/fr\\\/product\\\/herve-paris-belloza\\\/#breadcrumb\",\"itemListElement\":[{\"@type\":\"ListItem\",\"position\":1,\"name\":\"Home\",\"item\":\"https:\\\/\\\/www.koonings.com\\\/fr\\\/\"},{\"@type\":\"ListItem\",\"position\":2,\"name\":\"Herve Paris Belloza\"}]},{\"@type\":\"WebSite\",\"@id\":\"https:\\\/\\\/www.koonings.com\\\/fr\\\/#website\",\"url\":\"https:\\\/\\\/www.koonings.com\\\/fr\\\/\",\"name\":\"Koonings\",\"description\":\"De grootste bruidsmodewinkel ter wereld\",\"publisher\":{\"@id\":\"https:\\\/\\\/www.koonings.com\\\/fr\\\/#organization\"},\"potentialAction\":[{\"@type\":\"SearchAction\",\"target\":{\"@type\":\"EntryPoint\",\"urlTemplate\":\"https:\\\/\\\/www.koonings.com\\\/fr\\\/?s={search_term_string}\"},\"query-input\":{\"@type\":\"PropertyValueSpecification\",\"valueRequired\":true,\"valueName\":\"search_term_string\"}}],\"inLanguage\":\"fr-FR\"},{\"@type\":\"Organization\",\"@id\":\"https:\\\/\\\/www.koonings.com\\\/fr\\\/#organization\",\"name\":\"Koonings\",\"url\":\"https:\\\/\\\/www.koonings.com\\\/fr\\\/\",\"logo\":{\"@type\":\"ImageObject\",\"inLanguage\":\"fr-FR\",\"@id\":\"https:\\\/\\\/www.koonings.com\\\/fr\\\/#\\\/schema\\\/logo\\\/image\\\/\",\"url\":\"https:\\\/\\\/www.koonings.com\\\/wp-content\\\/uploads\\\/2024\\\/07\\\/logo.png\",\"contentUrl\":\"https:\\\/\\\/www.koonings.com\\\/wp-content\\\/uploads\\\/2024\\\/07\\\/logo.png\",\"width\":600,\"height\":428,\"caption\":\"Koonings\"},\"image\":{\"@id\":\"https:\\\/\\\/www.koonings.com\\\/fr\\\/#\\\/schema\\\/logo\\\/image\\\/\"},\"sameAs\":[\"https:\\\/\\\/www.facebook.com\\\/kooningstheweddingpalace\",\"https:\\\/\\\/www.instagram.com\\\/kooningstheweddingpalace\",\"https:\\\/\\\/www.pinterest.com\\\/koonings\",\"https:\\\/\\\/www.youtube.com\\\/kooningstheweddingpalace\"]}]}<\/script>\n<!-- \/ Yoast SEO plugin. -->","yoast_head_json":{"title":"Herve Paris Belloza | Koonings","description":"Belloza est une \u0153uvre d'art gr\u00e2ce \u00e0 la disposition de son corsage unique. Con\u00e7ue pour mettre en valeur le d\u00e9collet\u00e9 d'une femme, la dentelle tombe l\u00e9g\u00e8rement sur l'\u00e9paule avant de traverser l'encolure avec une magnifique dentelle. La robe Belloza se termine par une jupe \u00e9l\u00e9gante et simple, avec une fente sur le c\u00f4t\u00e9 gauche, qui met en valeur les formes f\u00e9minines de la mani\u00e8re la plus flatteuse qui soit.","robots":{"index":"index","follow":"follow","max-snippet":"max-snippet:-1","max-image-preview":"max-image-preview:large","max-video-preview":"max-video-preview:-1"},"canonical":"https:\/\/www.koonings.com\/fr\/product\/herve-paris-belloza\/","og_locale":"fr_FR","og_type":"article","og_title":"Herve Paris Belloza | Koonings","og_description":"Belloza est une \u0153uvre d'art gr\u00e2ce \u00e0 la disposition de son corsage unique. Con\u00e7ue pour mettre en valeur le d\u00e9collet\u00e9 d'une femme, la dentelle tombe l\u00e9g\u00e8rement sur l'\u00e9paule avant de traverser l'encolure avec une magnifique dentelle. La robe Belloza se termine par une jupe \u00e9l\u00e9gante et simple, avec une fente sur le c\u00f4t\u00e9 gauche, qui met en valeur les formes f\u00e9minines de la mani\u00e8re la plus flatteuse qui soit.","og_url":"https:\/\/www.koonings.com\/fr\/product\/herve-paris-belloza\/","og_site_name":"Koonings","article_publisher":"https:\/\/www.facebook.com\/kooningstheweddingpalace","og_image":[{"width":1829,"height":2560,"url":"https:\/\/www.koonings.com\/wp-content\/uploads\/2024\/11\/36926_4aec1f7a8a126b8243d10b6db89df7a8d0be9bfccdf78693b9489dfa7f6454b69db87e01-scaled.jpeg","type":"image\/jpeg"}],"twitter_card":"summary_large_image","schema":{"@context":"https:\/\/schema.org","@graph":[{"@type":"WebPage","@id":"https:\/\/www.koonings.com\/fr\/product\/herve-paris-belloza\/","url":"https:\/\/www.koonings.com\/fr\/product\/herve-paris-belloza\/","name":"Herve Paris Belloza | Koonings","isPartOf":{"@id":"https:\/\/www.koonings.com\/fr\/#website"},"primaryImageOfPage":{"@id":"https:\/\/www.koonings.com\/fr\/product\/herve-paris-belloza\/#primaryimage"},"image":{"@id":"https:\/\/www.koonings.com\/fr\/product\/herve-paris-belloza\/#primaryimage"},"thumbnailUrl":"https:\/\/www.koonings.com\/wp-content\/uploads\/2024\/11\/36926_4aec1f7a8a126b8243d10b6db89df7a8d0be9bfccdf78693b9489dfa7f6454b69db87e01-scaled.jpeg","datePublished":"2026-04-14T14:08:06+00:00","description":"Belloza est une \u0153uvre d'art gr\u00e2ce \u00e0 la disposition de son corsage unique. Con\u00e7ue pour mettre en valeur le d\u00e9collet\u00e9 d'une femme, la dentelle tombe l\u00e9g\u00e8rement sur l'\u00e9paule avant de traverser l'encolure avec une magnifique dentelle. La robe Belloza se termine par une jupe \u00e9l\u00e9gante et simple, avec une fente sur le c\u00f4t\u00e9 gauche, qui met en valeur les formes f\u00e9minines de la mani\u00e8re la plus flatteuse qui soit.","breadcrumb":{"@id":"https:\/\/www.koonings.com\/fr\/product\/herve-paris-belloza\/#breadcrumb"},"inLanguage":"fr-FR","potentialAction":[{"@type":"ReadAction","target":["https:\/\/www.koonings.com\/fr\/product\/herve-paris-belloza\/"]}]},{"@type":"ImageObject","inLanguage":"fr-FR","@id":"https:\/\/www.koonings.com\/fr\/product\/herve-paris-belloza\/#primaryimage","url":"https:\/\/www.koonings.com\/wp-content\/uploads\/2024\/11\/36926_4aec1f7a8a126b8243d10b6db89df7a8d0be9bfccdf78693b9489dfa7f6454b69db87e01-scaled.jpeg","contentUrl":"https:\/\/www.koonings.com\/wp-content\/uploads\/2024\/11\/36926_4aec1f7a8a126b8243d10b6db89df7a8d0be9bfccdf78693b9489dfa7f6454b69db87e01-scaled.jpeg","width":1829,"height":2560},{"@type":"BreadcrumbList","@id":"https:\/\/www.koonings.com\/fr\/product\/herve-paris-belloza\/#breadcrumb","itemListElement":[{"@type":"ListItem","position":1,"name":"Home","item":"https:\/\/www.koonings.com\/fr\/"},{"@type":"ListItem","position":2,"name":"Herve Paris Belloza"}]},{"@type":"WebSite","@id":"https:\/\/www.koonings.com\/fr\/#website","url":"https:\/\/www.koonings.com\/fr\/","name":"Koonings","description":"De grootste bruidsmodewinkel ter wereld","publisher":{"@id":"https:\/\/www.koonings.com\/fr\/#organization"},"potentialAction":[{"@type":"SearchAction","target":{"@type":"EntryPoint","urlTemplate":"https:\/\/www.koonings.com\/fr\/?s={search_term_string}"},"query-input":{"@type":"PropertyValueSpecification","valueRequired":true,"valueName":"search_term_string"}}],"inLanguage":"fr-FR"},{"@type":"Organization","@id":"https:\/\/www.koonings.com\/fr\/#organization","name":"Koonings","url":"https:\/\/www.koonings.com\/fr\/","logo":{"@type":"ImageObject","inLanguage":"fr-FR","@id":"https:\/\/www.koonings.com\/fr\/#\/schema\/logo\/image\/","url":"https:\/\/www.koonings.com\/wp-content\/uploads\/2024\/07\/logo.png","contentUrl":"https:\/\/www.koonings.com\/wp-content\/uploads\/2024\/07\/logo.png","width":600,"height":428,"caption":"Koonings"},"image":{"@id":"https:\/\/www.koonings.com\/fr\/#\/schema\/logo\/image\/"},"sameAs":["https:\/\/www.facebook.com\/kooningstheweddingpalace","https:\/\/www.instagram.com\/kooningstheweddingpalace","https:\/\/www.pinterest.com\/koonings","https:\/\/www.youtube.com\/kooningstheweddingpalace"]}]}},"_links":{"self":[{"href":"https:\/\/www.koonings.com\/fr\/wp-json\/wp\/v2\/product\/32608","targetHints":{"allow":["GET"]}}],"collection":[{"href":"https:\/\/www.koonings.com\/fr\/wp-json\/wp\/v2\/product"}],"about":[{"href":"https:\/\/www.koonings.com\/fr\/wp-json\/wp\/v2\/types\/product"}],"wp:featuredmedia":[{"embeddable":true,"href":"https:\/\/www.koonings.com\/fr\/wp-json\/wp\/v2\/media\/27904"}],"wp:attachment":[{"href":"https:\/\/www.koonings.com\/fr\/wp-json\/wp\/v2\/media?parent=32608"}],"wp:term":[{"taxonomy":"productdetails","embeddable":true,"href":"https:\/\/www.koonings.com\/fr\/wp-json\/wp\/v2\/productdetails?post=32608"},{"taxonomy":"productneck","embeddable":true,"href":"https:\/\/www.koonings.com\/fr\/wp-json\/wp\/v2\/productneck?post=32608"},{"taxonomy":"productcolor","embeddable":true,"href":"https:\/\/www.koonings.com\/fr\/wp-json\/wp\/v2\/productcolor?post=32608"},{"taxonomy":"maat","embeddable":true,"href":"https:\/\/www.koonings.com\/fr\/wp-json\/wp\/v2\/maat?post=32608"},{"taxonomy":"productsupplier","embeddable":true,"href":"https:\/\/www.koonings.com\/fr\/wp-json\/wp\/v2\/productsupplier?post=32608"},{"taxonomy":"productsleeve","embeddable":true,"href":"https:\/\/www.koonings.com\/fr\/wp-json\/wp\/v2\/productsleeve?post=32608"},{"taxonomy":"productcategory","embeddable":true,"href":"https:\/\/www.koonings.com\/fr\/wp-json\/wp\/v2\/productcategory?post=32608"},{"taxonomy":"productsilhouette","embeddable":true,"href":"https:\/\/www.koonings.com\/fr\/wp-json\/wp\/v2\/productsilhouette?post=32608"},{"taxonomy":"productstyle","embeddable":true,"href":"https:\/\/www.koonings.com\/fr\/wp-json\/wp\/v2\/productstyle?post=32608"}],"curies":[{"name":"wp","href":"https:\/\/api.w.org\/{rel}","templated":true}]}}