{"id":32577,"date":"2026-04-28T18:02:57","date_gmt":"2026-04-28T16:02:57","guid":{"rendered":"https:\/\/www.koonings.com\/product\/ramona-koonings-couture-kn1916-lotte\/"},"modified":"2026-02-16T11:29:26","modified_gmt":"2026-02-16T10:29:26","slug":"ramona-koonings-couture-kn1916-lotte","status":"publish","type":"product","link":"https:\/\/www.koonings.com\/fr\/product\/ramona-koonings-couture-kn1916-lotte\/","title":{"rendered":"Ramona Koonings Couture KN1916 Lotte"},"content":{"rendered":"<p>Cette robe de mari\u00e9e ivoire de Ramona Koonings Couture a une silhouette en ligne A qui tombe en douceur. Le magnifique haut en dentelle a un d\u00e9collet\u00e9 en V profond et de belles manches longues en dentelle. La jupe en tulle donne \u00e0 la robe un aspect classique et romantique. La robe est orn\u00e9e de jolies dentelles et de paillettes.   <\/p>\n","protected":false},"featured_media":25933,"template":"","meta":{"_acf_changed":false,"ghostkit_customizer_options":"","ghostkit_custom_css":"","ghostkit_custom_js_head":"","ghostkit_custom_js_foot":"","ghostkit_typography":""},"productdetails":[379,380,381],"productneck":[356],"productcolor":[392],"maat":[],"productsupplier":[419],"productsleeve":[362],"productcategory":[18],"productsilhouette":[384],"productstyle":[367,372],"class_list":["post-32577","product","type-product","status-publish","has-post-thumbnail","hentry","productdetails-379","productdetails-380","productdetails-381","productneck-356","productcolor-392","productsupplier-ramona-koonings-couture","productsleeve-362","productcategory-trouwjurken","productsilhouette-384","productstyle-367","productstyle-372"],"acf":[],"yoast_head":"<!-- This site is optimized with the Yoast SEO plugin v27.3 - https:\/\/yoast.com\/product\/yoast-seo-wordpress\/ -->\n<title>Ramona Koonings Couture KN1916 Lotte | Koonings<\/title>\n<meta name=\"description\" content=\"Cette robe de mari\u00e9e ivoire de Ramona Koonings Couture a une silhouette en ligne A qui tombe en douceur. Le magnifique haut en dentelle a un d\u00e9collet\u00e9 en V profond et de belles manches longues en dentelle. La jupe en tulle donne \u00e0 la robe un aspect classique et romantique. La robe est orn\u00e9e de jolies dentelles et de paillettes.\" \/>\n<meta name=\"robots\" content=\"index, follow, max-snippet:-1, max-image-preview:large, max-video-preview:-1\" \/>\n<link rel=\"canonical\" href=\"https:\/\/www.koonings.com\/fr\/product\/ramona-koonings-couture-kn1916-lotte\/\" \/>\n<meta property=\"og:locale\" content=\"fr_FR\" \/>\n<meta property=\"og:type\" content=\"article\" \/>\n<meta property=\"og:title\" content=\"Ramona Koonings Couture KN1916 Lotte | Koonings\" \/>\n<meta property=\"og:description\" content=\"Cette robe de mari\u00e9e ivoire de Ramona Koonings Couture a une silhouette en ligne A qui tombe en douceur. Le magnifique haut en dentelle a un d\u00e9collet\u00e9 en V profond et de belles manches longues en dentelle. La jupe en tulle donne \u00e0 la robe un aspect classique et romantique. La robe est orn\u00e9e de jolies dentelles et de paillettes.\" \/>\n<meta property=\"og:url\" content=\"https:\/\/www.koonings.com\/fr\/product\/ramona-koonings-couture-kn1916-lotte\/\" \/>\n<meta property=\"og:site_name\" content=\"Koonings\" \/>\n<meta property=\"article:publisher\" content=\"https:\/\/www.facebook.com\/kooningstheweddingpalace\" \/>\n<meta property=\"og:image\" content=\"https:\/\/www.koonings.com\/wp-content\/uploads\/2024\/11\/26645_7e89527cefe5bb98ba16a5003b5b25c6091a37e90ebe2a8cf6e992ebce380e7455a02b39.jpeg\" \/>\n\t<meta property=\"og:image:width\" content=\"1440\" \/>\n\t<meta property=\"og:image:height\" content=\"2160\" \/>\n\t<meta property=\"og:image:type\" content=\"image\/jpeg\" \/>\n<meta name=\"twitter:card\" content=\"summary_large_image\" \/>\n<script type=\"application\/ld+json\" class=\"yoast-schema-graph\">{\"@context\":\"https:\\\/\\\/schema.org\",\"@graph\":[{\"@type\":\"WebPage\",\"@id\":\"https:\\\/\\\/www.koonings.com\\\/fr\\\/product\\\/ramona-koonings-couture-kn1916-lotte\\\/\",\"url\":\"https:\\\/\\\/www.koonings.com\\\/fr\\\/product\\\/ramona-koonings-couture-kn1916-lotte\\\/\",\"name\":\"Ramona Koonings Couture KN1916 Lotte | Koonings\",\"isPartOf\":{\"@id\":\"https:\\\/\\\/www.koonings.com\\\/fr\\\/#website\"},\"primaryImageOfPage\":{\"@id\":\"https:\\\/\\\/www.koonings.com\\\/fr\\\/product\\\/ramona-koonings-couture-kn1916-lotte\\\/#primaryimage\"},\"image\":{\"@id\":\"https:\\\/\\\/www.koonings.com\\\/fr\\\/product\\\/ramona-koonings-couture-kn1916-lotte\\\/#primaryimage\"},\"thumbnailUrl\":\"https:\\\/\\\/www.koonings.com\\\/wp-content\\\/uploads\\\/2024\\\/11\\\/26645_7e89527cefe5bb98ba16a5003b5b25c6091a37e90ebe2a8cf6e992ebce380e7455a02b39.jpeg\",\"datePublished\":\"2026-04-28T16:02:57+00:00\",\"description\":\"Cette robe de mari\u00e9e ivoire de Ramona Koonings Couture a une silhouette en ligne A qui tombe en douceur. Le magnifique haut en dentelle a un d\u00e9collet\u00e9 en V profond et de belles manches longues en dentelle. La jupe en tulle donne \u00e0 la robe un aspect classique et romantique. La robe est orn\u00e9e de jolies dentelles et de paillettes.\",\"breadcrumb\":{\"@id\":\"https:\\\/\\\/www.koonings.com\\\/fr\\\/product\\\/ramona-koonings-couture-kn1916-lotte\\\/#breadcrumb\"},\"inLanguage\":\"fr-FR\",\"potentialAction\":[{\"@type\":\"ReadAction\",\"target\":[\"https:\\\/\\\/www.koonings.com\\\/fr\\\/product\\\/ramona-koonings-couture-kn1916-lotte\\\/\"]}]},{\"@type\":\"ImageObject\",\"inLanguage\":\"fr-FR\",\"@id\":\"https:\\\/\\\/www.koonings.com\\\/fr\\\/product\\\/ramona-koonings-couture-kn1916-lotte\\\/#primaryimage\",\"url\":\"https:\\\/\\\/www.koonings.com\\\/wp-content\\\/uploads\\\/2024\\\/11\\\/26645_7e89527cefe5bb98ba16a5003b5b25c6091a37e90ebe2a8cf6e992ebce380e7455a02b39.jpeg\",\"contentUrl\":\"https:\\\/\\\/www.koonings.com\\\/wp-content\\\/uploads\\\/2024\\\/11\\\/26645_7e89527cefe5bb98ba16a5003b5b25c6091a37e90ebe2a8cf6e992ebce380e7455a02b39.jpeg\",\"width\":1440,\"height\":2160},{\"@type\":\"BreadcrumbList\",\"@id\":\"https:\\\/\\\/www.koonings.com\\\/fr\\\/product\\\/ramona-koonings-couture-kn1916-lotte\\\/#breadcrumb\",\"itemListElement\":[{\"@type\":\"ListItem\",\"position\":1,\"name\":\"Home\",\"item\":\"https:\\\/\\\/www.koonings.com\\\/fr\\\/\"},{\"@type\":\"ListItem\",\"position\":2,\"name\":\"Ramona Koonings Couture KN1916 Lotte\"}]},{\"@type\":\"WebSite\",\"@id\":\"https:\\\/\\\/www.koonings.com\\\/fr\\\/#website\",\"url\":\"https:\\\/\\\/www.koonings.com\\\/fr\\\/\",\"name\":\"Koonings\",\"description\":\"De grootste bruidsmodewinkel ter wereld\",\"publisher\":{\"@id\":\"https:\\\/\\\/www.koonings.com\\\/fr\\\/#organization\"},\"potentialAction\":[{\"@type\":\"SearchAction\",\"target\":{\"@type\":\"EntryPoint\",\"urlTemplate\":\"https:\\\/\\\/www.koonings.com\\\/fr\\\/?s={search_term_string}\"},\"query-input\":{\"@type\":\"PropertyValueSpecification\",\"valueRequired\":true,\"valueName\":\"search_term_string\"}}],\"inLanguage\":\"fr-FR\"},{\"@type\":\"Organization\",\"@id\":\"https:\\\/\\\/www.koonings.com\\\/fr\\\/#organization\",\"name\":\"Koonings\",\"url\":\"https:\\\/\\\/www.koonings.com\\\/fr\\\/\",\"logo\":{\"@type\":\"ImageObject\",\"inLanguage\":\"fr-FR\",\"@id\":\"https:\\\/\\\/www.koonings.com\\\/fr\\\/#\\\/schema\\\/logo\\\/image\\\/\",\"url\":\"https:\\\/\\\/www.koonings.com\\\/wp-content\\\/uploads\\\/2024\\\/07\\\/logo.png\",\"contentUrl\":\"https:\\\/\\\/www.koonings.com\\\/wp-content\\\/uploads\\\/2024\\\/07\\\/logo.png\",\"width\":600,\"height\":428,\"caption\":\"Koonings\"},\"image\":{\"@id\":\"https:\\\/\\\/www.koonings.com\\\/fr\\\/#\\\/schema\\\/logo\\\/image\\\/\"},\"sameAs\":[\"https:\\\/\\\/www.facebook.com\\\/kooningstheweddingpalace\",\"https:\\\/\\\/www.instagram.com\\\/kooningstheweddingpalace\",\"https:\\\/\\\/www.pinterest.com\\\/koonings\",\"https:\\\/\\\/www.youtube.com\\\/kooningstheweddingpalace\"]}]}<\/script>\n<!-- \/ Yoast SEO plugin. -->","yoast_head_json":{"title":"Ramona Koonings Couture KN1916 Lotte | Koonings","description":"Cette robe de mari\u00e9e ivoire de Ramona Koonings Couture a une silhouette en ligne A qui tombe en douceur. Le magnifique haut en dentelle a un d\u00e9collet\u00e9 en V profond et de belles manches longues en dentelle. La jupe en tulle donne \u00e0 la robe un aspect classique et romantique. La robe est orn\u00e9e de jolies dentelles et de paillettes.","robots":{"index":"index","follow":"follow","max-snippet":"max-snippet:-1","max-image-preview":"max-image-preview:large","max-video-preview":"max-video-preview:-1"},"canonical":"https:\/\/www.koonings.com\/fr\/product\/ramona-koonings-couture-kn1916-lotte\/","og_locale":"fr_FR","og_type":"article","og_title":"Ramona Koonings Couture KN1916 Lotte | Koonings","og_description":"Cette robe de mari\u00e9e ivoire de Ramona Koonings Couture a une silhouette en ligne A qui tombe en douceur. Le magnifique haut en dentelle a un d\u00e9collet\u00e9 en V profond et de belles manches longues en dentelle. La jupe en tulle donne \u00e0 la robe un aspect classique et romantique. La robe est orn\u00e9e de jolies dentelles et de paillettes.","og_url":"https:\/\/www.koonings.com\/fr\/product\/ramona-koonings-couture-kn1916-lotte\/","og_site_name":"Koonings","article_publisher":"https:\/\/www.facebook.com\/kooningstheweddingpalace","og_image":[{"width":1440,"height":2160,"url":"https:\/\/www.koonings.com\/wp-content\/uploads\/2024\/11\/26645_7e89527cefe5bb98ba16a5003b5b25c6091a37e90ebe2a8cf6e992ebce380e7455a02b39.jpeg","type":"image\/jpeg"}],"twitter_card":"summary_large_image","schema":{"@context":"https:\/\/schema.org","@graph":[{"@type":"WebPage","@id":"https:\/\/www.koonings.com\/fr\/product\/ramona-koonings-couture-kn1916-lotte\/","url":"https:\/\/www.koonings.com\/fr\/product\/ramona-koonings-couture-kn1916-lotte\/","name":"Ramona Koonings Couture KN1916 Lotte | Koonings","isPartOf":{"@id":"https:\/\/www.koonings.com\/fr\/#website"},"primaryImageOfPage":{"@id":"https:\/\/www.koonings.com\/fr\/product\/ramona-koonings-couture-kn1916-lotte\/#primaryimage"},"image":{"@id":"https:\/\/www.koonings.com\/fr\/product\/ramona-koonings-couture-kn1916-lotte\/#primaryimage"},"thumbnailUrl":"https:\/\/www.koonings.com\/wp-content\/uploads\/2024\/11\/26645_7e89527cefe5bb98ba16a5003b5b25c6091a37e90ebe2a8cf6e992ebce380e7455a02b39.jpeg","datePublished":"2026-04-28T16:02:57+00:00","description":"Cette robe de mari\u00e9e ivoire de Ramona Koonings Couture a une silhouette en ligne A qui tombe en douceur. Le magnifique haut en dentelle a un d\u00e9collet\u00e9 en V profond et de belles manches longues en dentelle. La jupe en tulle donne \u00e0 la robe un aspect classique et romantique. La robe est orn\u00e9e de jolies dentelles et de paillettes.","breadcrumb":{"@id":"https:\/\/www.koonings.com\/fr\/product\/ramona-koonings-couture-kn1916-lotte\/#breadcrumb"},"inLanguage":"fr-FR","potentialAction":[{"@type":"ReadAction","target":["https:\/\/www.koonings.com\/fr\/product\/ramona-koonings-couture-kn1916-lotte\/"]}]},{"@type":"ImageObject","inLanguage":"fr-FR","@id":"https:\/\/www.koonings.com\/fr\/product\/ramona-koonings-couture-kn1916-lotte\/#primaryimage","url":"https:\/\/www.koonings.com\/wp-content\/uploads\/2024\/11\/26645_7e89527cefe5bb98ba16a5003b5b25c6091a37e90ebe2a8cf6e992ebce380e7455a02b39.jpeg","contentUrl":"https:\/\/www.koonings.com\/wp-content\/uploads\/2024\/11\/26645_7e89527cefe5bb98ba16a5003b5b25c6091a37e90ebe2a8cf6e992ebce380e7455a02b39.jpeg","width":1440,"height":2160},{"@type":"BreadcrumbList","@id":"https:\/\/www.koonings.com\/fr\/product\/ramona-koonings-couture-kn1916-lotte\/#breadcrumb","itemListElement":[{"@type":"ListItem","position":1,"name":"Home","item":"https:\/\/www.koonings.com\/fr\/"},{"@type":"ListItem","position":2,"name":"Ramona Koonings Couture KN1916 Lotte"}]},{"@type":"WebSite","@id":"https:\/\/www.koonings.com\/fr\/#website","url":"https:\/\/www.koonings.com\/fr\/","name":"Koonings","description":"De grootste bruidsmodewinkel ter wereld","publisher":{"@id":"https:\/\/www.koonings.com\/fr\/#organization"},"potentialAction":[{"@type":"SearchAction","target":{"@type":"EntryPoint","urlTemplate":"https:\/\/www.koonings.com\/fr\/?s={search_term_string}"},"query-input":{"@type":"PropertyValueSpecification","valueRequired":true,"valueName":"search_term_string"}}],"inLanguage":"fr-FR"},{"@type":"Organization","@id":"https:\/\/www.koonings.com\/fr\/#organization","name":"Koonings","url":"https:\/\/www.koonings.com\/fr\/","logo":{"@type":"ImageObject","inLanguage":"fr-FR","@id":"https:\/\/www.koonings.com\/fr\/#\/schema\/logo\/image\/","url":"https:\/\/www.koonings.com\/wp-content\/uploads\/2024\/07\/logo.png","contentUrl":"https:\/\/www.koonings.com\/wp-content\/uploads\/2024\/07\/logo.png","width":600,"height":428,"caption":"Koonings"},"image":{"@id":"https:\/\/www.koonings.com\/fr\/#\/schema\/logo\/image\/"},"sameAs":["https:\/\/www.facebook.com\/kooningstheweddingpalace","https:\/\/www.instagram.com\/kooningstheweddingpalace","https:\/\/www.pinterest.com\/koonings","https:\/\/www.youtube.com\/kooningstheweddingpalace"]}]}},"_links":{"self":[{"href":"https:\/\/www.koonings.com\/fr\/wp-json\/wp\/v2\/product\/32577","targetHints":{"allow":["GET"]}}],"collection":[{"href":"https:\/\/www.koonings.com\/fr\/wp-json\/wp\/v2\/product"}],"about":[{"href":"https:\/\/www.koonings.com\/fr\/wp-json\/wp\/v2\/types\/product"}],"wp:featuredmedia":[{"embeddable":true,"href":"https:\/\/www.koonings.com\/fr\/wp-json\/wp\/v2\/media\/25933"}],"wp:attachment":[{"href":"https:\/\/www.koonings.com\/fr\/wp-json\/wp\/v2\/media?parent=32577"}],"wp:term":[{"taxonomy":"productdetails","embeddable":true,"href":"https:\/\/www.koonings.com\/fr\/wp-json\/wp\/v2\/productdetails?post=32577"},{"taxonomy":"productneck","embeddable":true,"href":"https:\/\/www.koonings.com\/fr\/wp-json\/wp\/v2\/productneck?post=32577"},{"taxonomy":"productcolor","embeddable":true,"href":"https:\/\/www.koonings.com\/fr\/wp-json\/wp\/v2\/productcolor?post=32577"},{"taxonomy":"maat","embeddable":true,"href":"https:\/\/www.koonings.com\/fr\/wp-json\/wp\/v2\/maat?post=32577"},{"taxonomy":"productsupplier","embeddable":true,"href":"https:\/\/www.koonings.com\/fr\/wp-json\/wp\/v2\/productsupplier?post=32577"},{"taxonomy":"productsleeve","embeddable":true,"href":"https:\/\/www.koonings.com\/fr\/wp-json\/wp\/v2\/productsleeve?post=32577"},{"taxonomy":"productcategory","embeddable":true,"href":"https:\/\/www.koonings.com\/fr\/wp-json\/wp\/v2\/productcategory?post=32577"},{"taxonomy":"productsilhouette","embeddable":true,"href":"https:\/\/www.koonings.com\/fr\/wp-json\/wp\/v2\/productsilhouette?post=32577"},{"taxonomy":"productstyle","embeddable":true,"href":"https:\/\/www.koonings.com\/fr\/wp-json\/wp\/v2\/productstyle?post=32577"}],"curies":[{"name":"wp","href":"https:\/\/api.w.org\/{rel}","templated":true}]}}