{"id":32544,"date":"2026-05-06T15:03:02","date_gmt":"2026-05-06T13:03:02","guid":{"rendered":"https:\/\/www.koonings.com\/product\/ramona-koonings-couture-kn1933-liesbeth\/"},"modified":"2026-02-16T11:31:38","modified_gmt":"2026-02-16T10:31:38","slug":"ramona-koonings-couture-kn1933-liesbeth","status":"publish","type":"product","link":"https:\/\/www.koonings.com\/fr\/product\/ramona-koonings-couture-kn1933-liesbeth\/","title":{"rendered":"Ramona Koonings Couture KN1933 Liesbeth"},"content":{"rendered":"<p>Cette robe de mari\u00e9e couleur blush de Ramona Koonings Couture a une silhouette droite et tombante. Le haut est dot\u00e9 d&#8217;une subtile bretelle spaghetti et d&#8217;une jolie bretelle d\u00e9collet\u00e9e. Le haut est orn\u00e9 d&#8217;une magnifique dentelle \u00e0 motif \u00e9toil\u00e9 qui se prolonge sur la jupe. Les pierres scintillantes et les paillettes donnent \u00e0 cette robe couture un effet vintage.   <\/p>\n","protected":false},"featured_media":26071,"template":"","meta":{"_acf_changed":false,"ghostkit_customizer_options":"","ghostkit_custom_css":"","ghostkit_custom_js_head":"","ghostkit_custom_js_foot":"","ghostkit_typography":""},"productdetails":[381],"productneck":[355],"productcolor":[393,392],"maat":[],"productsupplier":[419],"productsleeve":[359,361,363],"productcategory":[18],"productsilhouette":[389],"productstyle":[367],"class_list":["post-32544","product","type-product","status-publish","has-post-thumbnail","hentry","productdetails-381","productneck-355","productcolor-393","productcolor-392","productsupplier-ramona-koonings-couture","productsleeve-359","productsleeve-361","productsleeve-363","productcategory-trouwjurken","productsilhouette-389","productstyle-367"],"acf":[],"yoast_head":"<!-- This site is optimized with the Yoast SEO plugin v27.3 - https:\/\/yoast.com\/product\/yoast-seo-wordpress\/ -->\n<title>Ramona Koonings Couture KN1933 Liesbeth | Koonings<\/title>\n<meta name=\"description\" content=\"Cette robe de mari\u00e9e couleur blush de Ramona Koonings Couture a une silhouette droite et tombante. Le haut est dot\u00e9 d&#039;une subtile bretelle spaghetti et d&#039;une jolie bretelle d\u00e9collet\u00e9e. Le haut est orn\u00e9 d&#039;une magnifique dentelle \u00e0 motif \u00e9toil\u00e9 qui se prolonge sur la jupe. Les pierres scintillantes et les paillettes donnent \u00e0 cette robe couture un effet vintage.\" \/>\n<meta name=\"robots\" content=\"index, follow, max-snippet:-1, max-image-preview:large, max-video-preview:-1\" \/>\n<link rel=\"canonical\" href=\"https:\/\/www.koonings.com\/fr\/product\/ramona-koonings-couture-kn1933-liesbeth\/\" \/>\n<meta property=\"og:locale\" content=\"fr_FR\" \/>\n<meta property=\"og:type\" content=\"article\" \/>\n<meta property=\"og:title\" content=\"Ramona Koonings Couture KN1933 Liesbeth | Koonings\" \/>\n<meta property=\"og:description\" content=\"Cette robe de mari\u00e9e couleur blush de Ramona Koonings Couture a une silhouette droite et tombante. Le haut est dot\u00e9 d&#039;une subtile bretelle spaghetti et d&#039;une jolie bretelle d\u00e9collet\u00e9e. Le haut est orn\u00e9 d&#039;une magnifique dentelle \u00e0 motif \u00e9toil\u00e9 qui se prolonge sur la jupe. Les pierres scintillantes et les paillettes donnent \u00e0 cette robe couture un effet vintage.\" \/>\n<meta property=\"og:url\" content=\"https:\/\/www.koonings.com\/fr\/product\/ramona-koonings-couture-kn1933-liesbeth\/\" \/>\n<meta property=\"og:site_name\" content=\"Koonings\" \/>\n<meta property=\"article:publisher\" content=\"https:\/\/www.facebook.com\/kooningstheweddingpalace\" \/>\n<meta property=\"og:image\" content=\"https:\/\/www.koonings.com\/wp-content\/uploads\/2024\/11\/26681_25b9de1a10e9219392f614da1f895c8a8307787b4ec436974d20060a17a456c646ad8bad.jpeg\" \/>\n\t<meta property=\"og:image:width\" content=\"1440\" \/>\n\t<meta property=\"og:image:height\" content=\"2160\" \/>\n\t<meta property=\"og:image:type\" content=\"image\/jpeg\" \/>\n<meta name=\"twitter:card\" content=\"summary_large_image\" \/>\n<script type=\"application\/ld+json\" class=\"yoast-schema-graph\">{\"@context\":\"https:\\\/\\\/schema.org\",\"@graph\":[{\"@type\":\"WebPage\",\"@id\":\"https:\\\/\\\/www.koonings.com\\\/fr\\\/product\\\/ramona-koonings-couture-kn1933-liesbeth\\\/\",\"url\":\"https:\\\/\\\/www.koonings.com\\\/fr\\\/product\\\/ramona-koonings-couture-kn1933-liesbeth\\\/\",\"name\":\"Ramona Koonings Couture KN1933 Liesbeth | Koonings\",\"isPartOf\":{\"@id\":\"https:\\\/\\\/www.koonings.com\\\/fr\\\/#website\"},\"primaryImageOfPage\":{\"@id\":\"https:\\\/\\\/www.koonings.com\\\/fr\\\/product\\\/ramona-koonings-couture-kn1933-liesbeth\\\/#primaryimage\"},\"image\":{\"@id\":\"https:\\\/\\\/www.koonings.com\\\/fr\\\/product\\\/ramona-koonings-couture-kn1933-liesbeth\\\/#primaryimage\"},\"thumbnailUrl\":\"https:\\\/\\\/www.koonings.com\\\/wp-content\\\/uploads\\\/2024\\\/11\\\/26681_25b9de1a10e9219392f614da1f895c8a8307787b4ec436974d20060a17a456c646ad8bad.jpeg\",\"datePublished\":\"2026-05-06T13:03:02+00:00\",\"description\":\"Cette robe de mari\u00e9e couleur blush de Ramona Koonings Couture a une silhouette droite et tombante. Le haut est dot\u00e9 d'une subtile bretelle spaghetti et d'une jolie bretelle d\u00e9collet\u00e9e. Le haut est orn\u00e9 d'une magnifique dentelle \u00e0 motif \u00e9toil\u00e9 qui se prolonge sur la jupe. Les pierres scintillantes et les paillettes donnent \u00e0 cette robe couture un effet vintage.\",\"breadcrumb\":{\"@id\":\"https:\\\/\\\/www.koonings.com\\\/fr\\\/product\\\/ramona-koonings-couture-kn1933-liesbeth\\\/#breadcrumb\"},\"inLanguage\":\"fr-FR\",\"potentialAction\":[{\"@type\":\"ReadAction\",\"target\":[\"https:\\\/\\\/www.koonings.com\\\/fr\\\/product\\\/ramona-koonings-couture-kn1933-liesbeth\\\/\"]}]},{\"@type\":\"ImageObject\",\"inLanguage\":\"fr-FR\",\"@id\":\"https:\\\/\\\/www.koonings.com\\\/fr\\\/product\\\/ramona-koonings-couture-kn1933-liesbeth\\\/#primaryimage\",\"url\":\"https:\\\/\\\/www.koonings.com\\\/wp-content\\\/uploads\\\/2024\\\/11\\\/26681_25b9de1a10e9219392f614da1f895c8a8307787b4ec436974d20060a17a456c646ad8bad.jpeg\",\"contentUrl\":\"https:\\\/\\\/www.koonings.com\\\/wp-content\\\/uploads\\\/2024\\\/11\\\/26681_25b9de1a10e9219392f614da1f895c8a8307787b4ec436974d20060a17a456c646ad8bad.jpeg\",\"width\":1440,\"height\":2160},{\"@type\":\"BreadcrumbList\",\"@id\":\"https:\\\/\\\/www.koonings.com\\\/fr\\\/product\\\/ramona-koonings-couture-kn1933-liesbeth\\\/#breadcrumb\",\"itemListElement\":[{\"@type\":\"ListItem\",\"position\":1,\"name\":\"Home\",\"item\":\"https:\\\/\\\/www.koonings.com\\\/fr\\\/\"},{\"@type\":\"ListItem\",\"position\":2,\"name\":\"Ramona Koonings Couture KN1933 Liesbeth\"}]},{\"@type\":\"WebSite\",\"@id\":\"https:\\\/\\\/www.koonings.com\\\/fr\\\/#website\",\"url\":\"https:\\\/\\\/www.koonings.com\\\/fr\\\/\",\"name\":\"Koonings\",\"description\":\"De grootste bruidsmodewinkel ter wereld\",\"publisher\":{\"@id\":\"https:\\\/\\\/www.koonings.com\\\/fr\\\/#organization\"},\"potentialAction\":[{\"@type\":\"SearchAction\",\"target\":{\"@type\":\"EntryPoint\",\"urlTemplate\":\"https:\\\/\\\/www.koonings.com\\\/fr\\\/?s={search_term_string}\"},\"query-input\":{\"@type\":\"PropertyValueSpecification\",\"valueRequired\":true,\"valueName\":\"search_term_string\"}}],\"inLanguage\":\"fr-FR\"},{\"@type\":\"Organization\",\"@id\":\"https:\\\/\\\/www.koonings.com\\\/fr\\\/#organization\",\"name\":\"Koonings\",\"url\":\"https:\\\/\\\/www.koonings.com\\\/fr\\\/\",\"logo\":{\"@type\":\"ImageObject\",\"inLanguage\":\"fr-FR\",\"@id\":\"https:\\\/\\\/www.koonings.com\\\/fr\\\/#\\\/schema\\\/logo\\\/image\\\/\",\"url\":\"https:\\\/\\\/www.koonings.com\\\/wp-content\\\/uploads\\\/2024\\\/07\\\/logo.png\",\"contentUrl\":\"https:\\\/\\\/www.koonings.com\\\/wp-content\\\/uploads\\\/2024\\\/07\\\/logo.png\",\"width\":600,\"height\":428,\"caption\":\"Koonings\"},\"image\":{\"@id\":\"https:\\\/\\\/www.koonings.com\\\/fr\\\/#\\\/schema\\\/logo\\\/image\\\/\"},\"sameAs\":[\"https:\\\/\\\/www.facebook.com\\\/kooningstheweddingpalace\",\"https:\\\/\\\/www.instagram.com\\\/kooningstheweddingpalace\",\"https:\\\/\\\/www.pinterest.com\\\/koonings\",\"https:\\\/\\\/www.youtube.com\\\/kooningstheweddingpalace\"]}]}<\/script>\n<!-- \/ Yoast SEO plugin. -->","yoast_head_json":{"title":"Ramona Koonings Couture KN1933 Liesbeth | Koonings","description":"Cette robe de mari\u00e9e couleur blush de Ramona Koonings Couture a une silhouette droite et tombante. Le haut est dot\u00e9 d'une subtile bretelle spaghetti et d'une jolie bretelle d\u00e9collet\u00e9e. Le haut est orn\u00e9 d'une magnifique dentelle \u00e0 motif \u00e9toil\u00e9 qui se prolonge sur la jupe. Les pierres scintillantes et les paillettes donnent \u00e0 cette robe couture un effet vintage.","robots":{"index":"index","follow":"follow","max-snippet":"max-snippet:-1","max-image-preview":"max-image-preview:large","max-video-preview":"max-video-preview:-1"},"canonical":"https:\/\/www.koonings.com\/fr\/product\/ramona-koonings-couture-kn1933-liesbeth\/","og_locale":"fr_FR","og_type":"article","og_title":"Ramona Koonings Couture KN1933 Liesbeth | Koonings","og_description":"Cette robe de mari\u00e9e couleur blush de Ramona Koonings Couture a une silhouette droite et tombante. Le haut est dot\u00e9 d'une subtile bretelle spaghetti et d'une jolie bretelle d\u00e9collet\u00e9e. Le haut est orn\u00e9 d'une magnifique dentelle \u00e0 motif \u00e9toil\u00e9 qui se prolonge sur la jupe. Les pierres scintillantes et les paillettes donnent \u00e0 cette robe couture un effet vintage.","og_url":"https:\/\/www.koonings.com\/fr\/product\/ramona-koonings-couture-kn1933-liesbeth\/","og_site_name":"Koonings","article_publisher":"https:\/\/www.facebook.com\/kooningstheweddingpalace","og_image":[{"width":1440,"height":2160,"url":"https:\/\/www.koonings.com\/wp-content\/uploads\/2024\/11\/26681_25b9de1a10e9219392f614da1f895c8a8307787b4ec436974d20060a17a456c646ad8bad.jpeg","type":"image\/jpeg"}],"twitter_card":"summary_large_image","schema":{"@context":"https:\/\/schema.org","@graph":[{"@type":"WebPage","@id":"https:\/\/www.koonings.com\/fr\/product\/ramona-koonings-couture-kn1933-liesbeth\/","url":"https:\/\/www.koonings.com\/fr\/product\/ramona-koonings-couture-kn1933-liesbeth\/","name":"Ramona Koonings Couture KN1933 Liesbeth | Koonings","isPartOf":{"@id":"https:\/\/www.koonings.com\/fr\/#website"},"primaryImageOfPage":{"@id":"https:\/\/www.koonings.com\/fr\/product\/ramona-koonings-couture-kn1933-liesbeth\/#primaryimage"},"image":{"@id":"https:\/\/www.koonings.com\/fr\/product\/ramona-koonings-couture-kn1933-liesbeth\/#primaryimage"},"thumbnailUrl":"https:\/\/www.koonings.com\/wp-content\/uploads\/2024\/11\/26681_25b9de1a10e9219392f614da1f895c8a8307787b4ec436974d20060a17a456c646ad8bad.jpeg","datePublished":"2026-05-06T13:03:02+00:00","description":"Cette robe de mari\u00e9e couleur blush de Ramona Koonings Couture a une silhouette droite et tombante. Le haut est dot\u00e9 d'une subtile bretelle spaghetti et d'une jolie bretelle d\u00e9collet\u00e9e. Le haut est orn\u00e9 d'une magnifique dentelle \u00e0 motif \u00e9toil\u00e9 qui se prolonge sur la jupe. Les pierres scintillantes et les paillettes donnent \u00e0 cette robe couture un effet vintage.","breadcrumb":{"@id":"https:\/\/www.koonings.com\/fr\/product\/ramona-koonings-couture-kn1933-liesbeth\/#breadcrumb"},"inLanguage":"fr-FR","potentialAction":[{"@type":"ReadAction","target":["https:\/\/www.koonings.com\/fr\/product\/ramona-koonings-couture-kn1933-liesbeth\/"]}]},{"@type":"ImageObject","inLanguage":"fr-FR","@id":"https:\/\/www.koonings.com\/fr\/product\/ramona-koonings-couture-kn1933-liesbeth\/#primaryimage","url":"https:\/\/www.koonings.com\/wp-content\/uploads\/2024\/11\/26681_25b9de1a10e9219392f614da1f895c8a8307787b4ec436974d20060a17a456c646ad8bad.jpeg","contentUrl":"https:\/\/www.koonings.com\/wp-content\/uploads\/2024\/11\/26681_25b9de1a10e9219392f614da1f895c8a8307787b4ec436974d20060a17a456c646ad8bad.jpeg","width":1440,"height":2160},{"@type":"BreadcrumbList","@id":"https:\/\/www.koonings.com\/fr\/product\/ramona-koonings-couture-kn1933-liesbeth\/#breadcrumb","itemListElement":[{"@type":"ListItem","position":1,"name":"Home","item":"https:\/\/www.koonings.com\/fr\/"},{"@type":"ListItem","position":2,"name":"Ramona Koonings Couture KN1933 Liesbeth"}]},{"@type":"WebSite","@id":"https:\/\/www.koonings.com\/fr\/#website","url":"https:\/\/www.koonings.com\/fr\/","name":"Koonings","description":"De grootste bruidsmodewinkel ter wereld","publisher":{"@id":"https:\/\/www.koonings.com\/fr\/#organization"},"potentialAction":[{"@type":"SearchAction","target":{"@type":"EntryPoint","urlTemplate":"https:\/\/www.koonings.com\/fr\/?s={search_term_string}"},"query-input":{"@type":"PropertyValueSpecification","valueRequired":true,"valueName":"search_term_string"}}],"inLanguage":"fr-FR"},{"@type":"Organization","@id":"https:\/\/www.koonings.com\/fr\/#organization","name":"Koonings","url":"https:\/\/www.koonings.com\/fr\/","logo":{"@type":"ImageObject","inLanguage":"fr-FR","@id":"https:\/\/www.koonings.com\/fr\/#\/schema\/logo\/image\/","url":"https:\/\/www.koonings.com\/wp-content\/uploads\/2024\/07\/logo.png","contentUrl":"https:\/\/www.koonings.com\/wp-content\/uploads\/2024\/07\/logo.png","width":600,"height":428,"caption":"Koonings"},"image":{"@id":"https:\/\/www.koonings.com\/fr\/#\/schema\/logo\/image\/"},"sameAs":["https:\/\/www.facebook.com\/kooningstheweddingpalace","https:\/\/www.instagram.com\/kooningstheweddingpalace","https:\/\/www.pinterest.com\/koonings","https:\/\/www.youtube.com\/kooningstheweddingpalace"]}]}},"_links":{"self":[{"href":"https:\/\/www.koonings.com\/fr\/wp-json\/wp\/v2\/product\/32544","targetHints":{"allow":["GET"]}}],"collection":[{"href":"https:\/\/www.koonings.com\/fr\/wp-json\/wp\/v2\/product"}],"about":[{"href":"https:\/\/www.koonings.com\/fr\/wp-json\/wp\/v2\/types\/product"}],"wp:featuredmedia":[{"embeddable":true,"href":"https:\/\/www.koonings.com\/fr\/wp-json\/wp\/v2\/media\/26071"}],"wp:attachment":[{"href":"https:\/\/www.koonings.com\/fr\/wp-json\/wp\/v2\/media?parent=32544"}],"wp:term":[{"taxonomy":"productdetails","embeddable":true,"href":"https:\/\/www.koonings.com\/fr\/wp-json\/wp\/v2\/productdetails?post=32544"},{"taxonomy":"productneck","embeddable":true,"href":"https:\/\/www.koonings.com\/fr\/wp-json\/wp\/v2\/productneck?post=32544"},{"taxonomy":"productcolor","embeddable":true,"href":"https:\/\/www.koonings.com\/fr\/wp-json\/wp\/v2\/productcolor?post=32544"},{"taxonomy":"maat","embeddable":true,"href":"https:\/\/www.koonings.com\/fr\/wp-json\/wp\/v2\/maat?post=32544"},{"taxonomy":"productsupplier","embeddable":true,"href":"https:\/\/www.koonings.com\/fr\/wp-json\/wp\/v2\/productsupplier?post=32544"},{"taxonomy":"productsleeve","embeddable":true,"href":"https:\/\/www.koonings.com\/fr\/wp-json\/wp\/v2\/productsleeve?post=32544"},{"taxonomy":"productcategory","embeddable":true,"href":"https:\/\/www.koonings.com\/fr\/wp-json\/wp\/v2\/productcategory?post=32544"},{"taxonomy":"productsilhouette","embeddable":true,"href":"https:\/\/www.koonings.com\/fr\/wp-json\/wp\/v2\/productsilhouette?post=32544"},{"taxonomy":"productstyle","embeddable":true,"href":"https:\/\/www.koonings.com\/fr\/wp-json\/wp\/v2\/productstyle?post=32544"}],"curies":[{"name":"wp","href":"https:\/\/api.w.org\/{rel}","templated":true}]}}