{"id":32492,"date":"2025-07-10T12:04:40","date_gmt":"2025-07-10T10:04:40","guid":{"rendered":"https:\/\/www.koonings.com\/product\/demetrios-platinum-dp402\/"},"modified":"2025-06-05T12:22:38","modified_gmt":"2025-06-05T10:22:38","slug":"demetrios-platinum-dp402","status":"publish","type":"product","link":"https:\/\/www.koonings.com\/fr\/product\/demetrios-platinum-dp402\/","title":{"rendered":"Demetrios Platinum DP402"},"content":{"rendered":"<p>Kira vous coupera le souffle. Cette \u00e9blouissante robe de bal est dot\u00e9e d&#8217;une magnifique jupe en tulle scintillant et d&#8217;un somptueux corsage illusion perl\u00e9 avec un d\u00e9collet\u00e9 en forme de c\u0153ur qui se prolonge par un dos transparent avec fermeture \u00e0 boutons. Une spectaculaire tra\u00eene cath\u00e9drale apporte la touche finale. Illustration : ivoire\/transparent\/nu\/naturel   <\/p>\n","protected":false},"featured_media":26240,"template":"","meta":{"_acf_changed":false,"ghostkit_customizer_options":"","ghostkit_custom_css":"","ghostkit_custom_js_head":"","ghostkit_custom_js_foot":"","ghostkit_typography":""},"productdetails":[381],"productneck":[355],"productcolor":[394],"maat":[],"productsupplier":[403],"productsleeve":[359],"productcategory":[18],"productsilhouette":[388],"productstyle":[372,366],"class_list":["post-32492","product","type-product","status-publish","has-post-thumbnail","hentry","productdetails-381","productneck-355","productcolor-394","productsupplier-demetrios-platinum","productsleeve-359","productcategory-trouwjurken","productsilhouette-388","productstyle-372","productstyle-366"],"acf":[],"yoast_head":"<!-- This site is optimized with the Yoast SEO plugin v27.3 - https:\/\/yoast.com\/product\/yoast-seo-wordpress\/ -->\n<title>Demetrios Platinum DP402 | Koonings<\/title>\n<meta name=\"description\" content=\"Kira vous coupera le souffle. Cette \u00e9blouissante robe de bal est dot\u00e9e d&#039;une magnifique jupe en tulle scintillant et d&#039;un somptueux corsage illusion perl\u00e9 avec un d\u00e9collet\u00e9 en forme de c\u0153ur qui se prolonge par un dos transparent avec fermeture \u00e0 boutons. Une spectaculaire tra\u00eene cath\u00e9drale apporte la touche finale. Illustration : ivoire\/transparent\/nu\/naturel\" \/>\n<meta name=\"robots\" content=\"index, follow, max-snippet:-1, max-image-preview:large, max-video-preview:-1\" \/>\n<link rel=\"canonical\" href=\"https:\/\/www.koonings.com\/fr\/product\/demetrios-platinum-dp402\/\" \/>\n<meta property=\"og:locale\" content=\"fr_FR\" \/>\n<meta property=\"og:type\" content=\"article\" \/>\n<meta property=\"og:title\" content=\"Demetrios Platinum DP402 | Koonings\" \/>\n<meta property=\"og:description\" content=\"Kira vous coupera le souffle. Cette \u00e9blouissante robe de bal est dot\u00e9e d&#039;une magnifique jupe en tulle scintillant et d&#039;un somptueux corsage illusion perl\u00e9 avec un d\u00e9collet\u00e9 en forme de c\u0153ur qui se prolonge par un dos transparent avec fermeture \u00e0 boutons. Une spectaculaire tra\u00eene cath\u00e9drale apporte la touche finale. Illustration : ivoire\/transparent\/nu\/naturel\" \/>\n<meta property=\"og:url\" content=\"https:\/\/www.koonings.com\/fr\/product\/demetrios-platinum-dp402\/\" \/>\n<meta property=\"og:site_name\" content=\"Koonings\" \/>\n<meta property=\"article:publisher\" content=\"https:\/\/www.facebook.com\/kooningstheweddingpalace\" \/>\n<meta property=\"og:image\" content=\"https:\/\/www.koonings.com\/wp-content\/uploads\/2024\/11\/26827_aa9bf289562b25a7b70953cf8216b1351712704ef827726afb95367960147c043c024a00.jpeg\" \/>\n\t<meta property=\"og:image:width\" content=\"932\" \/>\n\t<meta property=\"og:image:height\" content=\"992\" \/>\n\t<meta property=\"og:image:type\" content=\"image\/jpeg\" \/>\n<meta name=\"twitter:card\" content=\"summary_large_image\" \/>\n<script type=\"application\/ld+json\" class=\"yoast-schema-graph\">{\"@context\":\"https:\\\/\\\/schema.org\",\"@graph\":[{\"@type\":\"WebPage\",\"@id\":\"https:\\\/\\\/www.koonings.com\\\/fr\\\/product\\\/demetrios-platinum-dp402\\\/\",\"url\":\"https:\\\/\\\/www.koonings.com\\\/fr\\\/product\\\/demetrios-platinum-dp402\\\/\",\"name\":\"Demetrios Platinum DP402 | Koonings\",\"isPartOf\":{\"@id\":\"https:\\\/\\\/www.koonings.com\\\/fr\\\/#website\"},\"primaryImageOfPage\":{\"@id\":\"https:\\\/\\\/www.koonings.com\\\/fr\\\/product\\\/demetrios-platinum-dp402\\\/#primaryimage\"},\"image\":{\"@id\":\"https:\\\/\\\/www.koonings.com\\\/fr\\\/product\\\/demetrios-platinum-dp402\\\/#primaryimage\"},\"thumbnailUrl\":\"https:\\\/\\\/www.koonings.com\\\/wp-content\\\/uploads\\\/2024\\\/11\\\/26827_aa9bf289562b25a7b70953cf8216b1351712704ef827726afb95367960147c043c024a00.jpeg\",\"datePublished\":\"2025-07-10T10:04:40+00:00\",\"description\":\"Kira vous coupera le souffle. Cette \u00e9blouissante robe de bal est dot\u00e9e d'une magnifique jupe en tulle scintillant et d'un somptueux corsage illusion perl\u00e9 avec un d\u00e9collet\u00e9 en forme de c\u0153ur qui se prolonge par un dos transparent avec fermeture \u00e0 boutons. Une spectaculaire tra\u00eene cath\u00e9drale apporte la touche finale. Illustration : ivoire\\\/transparent\\\/nu\\\/naturel\",\"breadcrumb\":{\"@id\":\"https:\\\/\\\/www.koonings.com\\\/fr\\\/product\\\/demetrios-platinum-dp402\\\/#breadcrumb\"},\"inLanguage\":\"fr-FR\",\"potentialAction\":[{\"@type\":\"ReadAction\",\"target\":[\"https:\\\/\\\/www.koonings.com\\\/fr\\\/product\\\/demetrios-platinum-dp402\\\/\"]}]},{\"@type\":\"ImageObject\",\"inLanguage\":\"fr-FR\",\"@id\":\"https:\\\/\\\/www.koonings.com\\\/fr\\\/product\\\/demetrios-platinum-dp402\\\/#primaryimage\",\"url\":\"https:\\\/\\\/www.koonings.com\\\/wp-content\\\/uploads\\\/2024\\\/11\\\/26827_aa9bf289562b25a7b70953cf8216b1351712704ef827726afb95367960147c043c024a00.jpeg\",\"contentUrl\":\"https:\\\/\\\/www.koonings.com\\\/wp-content\\\/uploads\\\/2024\\\/11\\\/26827_aa9bf289562b25a7b70953cf8216b1351712704ef827726afb95367960147c043c024a00.jpeg\",\"width\":932,\"height\":992},{\"@type\":\"BreadcrumbList\",\"@id\":\"https:\\\/\\\/www.koonings.com\\\/fr\\\/product\\\/demetrios-platinum-dp402\\\/#breadcrumb\",\"itemListElement\":[{\"@type\":\"ListItem\",\"position\":1,\"name\":\"Home\",\"item\":\"https:\\\/\\\/www.koonings.com\\\/fr\\\/\"},{\"@type\":\"ListItem\",\"position\":2,\"name\":\"Demetrios Platinum DP402\"}]},{\"@type\":\"WebSite\",\"@id\":\"https:\\\/\\\/www.koonings.com\\\/fr\\\/#website\",\"url\":\"https:\\\/\\\/www.koonings.com\\\/fr\\\/\",\"name\":\"Koonings\",\"description\":\"De grootste bruidsmodewinkel ter wereld\",\"publisher\":{\"@id\":\"https:\\\/\\\/www.koonings.com\\\/fr\\\/#organization\"},\"potentialAction\":[{\"@type\":\"SearchAction\",\"target\":{\"@type\":\"EntryPoint\",\"urlTemplate\":\"https:\\\/\\\/www.koonings.com\\\/fr\\\/?s={search_term_string}\"},\"query-input\":{\"@type\":\"PropertyValueSpecification\",\"valueRequired\":true,\"valueName\":\"search_term_string\"}}],\"inLanguage\":\"fr-FR\"},{\"@type\":\"Organization\",\"@id\":\"https:\\\/\\\/www.koonings.com\\\/fr\\\/#organization\",\"name\":\"Koonings\",\"url\":\"https:\\\/\\\/www.koonings.com\\\/fr\\\/\",\"logo\":{\"@type\":\"ImageObject\",\"inLanguage\":\"fr-FR\",\"@id\":\"https:\\\/\\\/www.koonings.com\\\/fr\\\/#\\\/schema\\\/logo\\\/image\\\/\",\"url\":\"https:\\\/\\\/www.koonings.com\\\/wp-content\\\/uploads\\\/2024\\\/07\\\/logo.png\",\"contentUrl\":\"https:\\\/\\\/www.koonings.com\\\/wp-content\\\/uploads\\\/2024\\\/07\\\/logo.png\",\"width\":600,\"height\":428,\"caption\":\"Koonings\"},\"image\":{\"@id\":\"https:\\\/\\\/www.koonings.com\\\/fr\\\/#\\\/schema\\\/logo\\\/image\\\/\"},\"sameAs\":[\"https:\\\/\\\/www.facebook.com\\\/kooningstheweddingpalace\",\"https:\\\/\\\/www.instagram.com\\\/kooningstheweddingpalace\",\"https:\\\/\\\/www.pinterest.com\\\/koonings\",\"https:\\\/\\\/www.youtube.com\\\/kooningstheweddingpalace\"]}]}<\/script>\n<!-- \/ Yoast SEO plugin. -->","yoast_head_json":{"title":"Demetrios Platinum DP402 | Koonings","description":"Kira vous coupera le souffle. Cette \u00e9blouissante robe de bal est dot\u00e9e d'une magnifique jupe en tulle scintillant et d'un somptueux corsage illusion perl\u00e9 avec un d\u00e9collet\u00e9 en forme de c\u0153ur qui se prolonge par un dos transparent avec fermeture \u00e0 boutons. Une spectaculaire tra\u00eene cath\u00e9drale apporte la touche finale. Illustration : ivoire\/transparent\/nu\/naturel","robots":{"index":"index","follow":"follow","max-snippet":"max-snippet:-1","max-image-preview":"max-image-preview:large","max-video-preview":"max-video-preview:-1"},"canonical":"https:\/\/www.koonings.com\/fr\/product\/demetrios-platinum-dp402\/","og_locale":"fr_FR","og_type":"article","og_title":"Demetrios Platinum DP402 | Koonings","og_description":"Kira vous coupera le souffle. Cette \u00e9blouissante robe de bal est dot\u00e9e d'une magnifique jupe en tulle scintillant et d'un somptueux corsage illusion perl\u00e9 avec un d\u00e9collet\u00e9 en forme de c\u0153ur qui se prolonge par un dos transparent avec fermeture \u00e0 boutons. Une spectaculaire tra\u00eene cath\u00e9drale apporte la touche finale. Illustration : ivoire\/transparent\/nu\/naturel","og_url":"https:\/\/www.koonings.com\/fr\/product\/demetrios-platinum-dp402\/","og_site_name":"Koonings","article_publisher":"https:\/\/www.facebook.com\/kooningstheweddingpalace","og_image":[{"width":932,"height":992,"url":"https:\/\/www.koonings.com\/wp-content\/uploads\/2024\/11\/26827_aa9bf289562b25a7b70953cf8216b1351712704ef827726afb95367960147c043c024a00.jpeg","type":"image\/jpeg"}],"twitter_card":"summary_large_image","schema":{"@context":"https:\/\/schema.org","@graph":[{"@type":"WebPage","@id":"https:\/\/www.koonings.com\/fr\/product\/demetrios-platinum-dp402\/","url":"https:\/\/www.koonings.com\/fr\/product\/demetrios-platinum-dp402\/","name":"Demetrios Platinum DP402 | Koonings","isPartOf":{"@id":"https:\/\/www.koonings.com\/fr\/#website"},"primaryImageOfPage":{"@id":"https:\/\/www.koonings.com\/fr\/product\/demetrios-platinum-dp402\/#primaryimage"},"image":{"@id":"https:\/\/www.koonings.com\/fr\/product\/demetrios-platinum-dp402\/#primaryimage"},"thumbnailUrl":"https:\/\/www.koonings.com\/wp-content\/uploads\/2024\/11\/26827_aa9bf289562b25a7b70953cf8216b1351712704ef827726afb95367960147c043c024a00.jpeg","datePublished":"2025-07-10T10:04:40+00:00","description":"Kira vous coupera le souffle. Cette \u00e9blouissante robe de bal est dot\u00e9e d'une magnifique jupe en tulle scintillant et d'un somptueux corsage illusion perl\u00e9 avec un d\u00e9collet\u00e9 en forme de c\u0153ur qui se prolonge par un dos transparent avec fermeture \u00e0 boutons. Une spectaculaire tra\u00eene cath\u00e9drale apporte la touche finale. Illustration : ivoire\/transparent\/nu\/naturel","breadcrumb":{"@id":"https:\/\/www.koonings.com\/fr\/product\/demetrios-platinum-dp402\/#breadcrumb"},"inLanguage":"fr-FR","potentialAction":[{"@type":"ReadAction","target":["https:\/\/www.koonings.com\/fr\/product\/demetrios-platinum-dp402\/"]}]},{"@type":"ImageObject","inLanguage":"fr-FR","@id":"https:\/\/www.koonings.com\/fr\/product\/demetrios-platinum-dp402\/#primaryimage","url":"https:\/\/www.koonings.com\/wp-content\/uploads\/2024\/11\/26827_aa9bf289562b25a7b70953cf8216b1351712704ef827726afb95367960147c043c024a00.jpeg","contentUrl":"https:\/\/www.koonings.com\/wp-content\/uploads\/2024\/11\/26827_aa9bf289562b25a7b70953cf8216b1351712704ef827726afb95367960147c043c024a00.jpeg","width":932,"height":992},{"@type":"BreadcrumbList","@id":"https:\/\/www.koonings.com\/fr\/product\/demetrios-platinum-dp402\/#breadcrumb","itemListElement":[{"@type":"ListItem","position":1,"name":"Home","item":"https:\/\/www.koonings.com\/fr\/"},{"@type":"ListItem","position":2,"name":"Demetrios Platinum DP402"}]},{"@type":"WebSite","@id":"https:\/\/www.koonings.com\/fr\/#website","url":"https:\/\/www.koonings.com\/fr\/","name":"Koonings","description":"De grootste bruidsmodewinkel ter wereld","publisher":{"@id":"https:\/\/www.koonings.com\/fr\/#organization"},"potentialAction":[{"@type":"SearchAction","target":{"@type":"EntryPoint","urlTemplate":"https:\/\/www.koonings.com\/fr\/?s={search_term_string}"},"query-input":{"@type":"PropertyValueSpecification","valueRequired":true,"valueName":"search_term_string"}}],"inLanguage":"fr-FR"},{"@type":"Organization","@id":"https:\/\/www.koonings.com\/fr\/#organization","name":"Koonings","url":"https:\/\/www.koonings.com\/fr\/","logo":{"@type":"ImageObject","inLanguage":"fr-FR","@id":"https:\/\/www.koonings.com\/fr\/#\/schema\/logo\/image\/","url":"https:\/\/www.koonings.com\/wp-content\/uploads\/2024\/07\/logo.png","contentUrl":"https:\/\/www.koonings.com\/wp-content\/uploads\/2024\/07\/logo.png","width":600,"height":428,"caption":"Koonings"},"image":{"@id":"https:\/\/www.koonings.com\/fr\/#\/schema\/logo\/image\/"},"sameAs":["https:\/\/www.facebook.com\/kooningstheweddingpalace","https:\/\/www.instagram.com\/kooningstheweddingpalace","https:\/\/www.pinterest.com\/koonings","https:\/\/www.youtube.com\/kooningstheweddingpalace"]}]}},"_links":{"self":[{"href":"https:\/\/www.koonings.com\/fr\/wp-json\/wp\/v2\/product\/32492","targetHints":{"allow":["GET"]}}],"collection":[{"href":"https:\/\/www.koonings.com\/fr\/wp-json\/wp\/v2\/product"}],"about":[{"href":"https:\/\/www.koonings.com\/fr\/wp-json\/wp\/v2\/types\/product"}],"wp:featuredmedia":[{"embeddable":true,"href":"https:\/\/www.koonings.com\/fr\/wp-json\/wp\/v2\/media\/26240"}],"wp:attachment":[{"href":"https:\/\/www.koonings.com\/fr\/wp-json\/wp\/v2\/media?parent=32492"}],"wp:term":[{"taxonomy":"productdetails","embeddable":true,"href":"https:\/\/www.koonings.com\/fr\/wp-json\/wp\/v2\/productdetails?post=32492"},{"taxonomy":"productneck","embeddable":true,"href":"https:\/\/www.koonings.com\/fr\/wp-json\/wp\/v2\/productneck?post=32492"},{"taxonomy":"productcolor","embeddable":true,"href":"https:\/\/www.koonings.com\/fr\/wp-json\/wp\/v2\/productcolor?post=32492"},{"taxonomy":"maat","embeddable":true,"href":"https:\/\/www.koonings.com\/fr\/wp-json\/wp\/v2\/maat?post=32492"},{"taxonomy":"productsupplier","embeddable":true,"href":"https:\/\/www.koonings.com\/fr\/wp-json\/wp\/v2\/productsupplier?post=32492"},{"taxonomy":"productsleeve","embeddable":true,"href":"https:\/\/www.koonings.com\/fr\/wp-json\/wp\/v2\/productsleeve?post=32492"},{"taxonomy":"productcategory","embeddable":true,"href":"https:\/\/www.koonings.com\/fr\/wp-json\/wp\/v2\/productcategory?post=32492"},{"taxonomy":"productsilhouette","embeddable":true,"href":"https:\/\/www.koonings.com\/fr\/wp-json\/wp\/v2\/productsilhouette?post=32492"},{"taxonomy":"productstyle","embeddable":true,"href":"https:\/\/www.koonings.com\/fr\/wp-json\/wp\/v2\/productstyle?post=32492"}],"curies":[{"name":"wp","href":"https:\/\/api.w.org\/{rel}","templated":true}]}}