{"id":32486,"date":"2025-12-15T00:06:30","date_gmt":"2025-12-14T23:06:30","guid":{"rendered":"https:\/\/www.koonings.com\/product\/demetrios-platinum-dp405\/"},"modified":"2026-02-03T17:36:56","modified_gmt":"2026-02-03T16:36:56","slug":"demetrios-platinum-dp405","status":"publish","type":"product","link":"https:\/\/www.koonings.com\/fr\/product\/demetrios-platinum-dp405\/","title":{"rendered":"Demetrios Platinum DP405"},"content":{"rendered":"<p>La magnifique Dakota est l&#8217;incarnation du glamour intemporel. Cette superbe robe de bal pr\u00e9sente un corsage d\u00e9collet\u00e9 avec une encolure en forme de c\u0153ur et un col en forme de portrait. Une luxueuse dentelle de Chantilly associ\u00e9e \u00e0 des perles orne l&#8217;ensemble de la robe et se prolonge dans la grande robe semi-cath\u00e9drale. Illustration : ivoire\/transparent\/nude   <\/p>\n","protected":false},"featured_media":26249,"template":"","meta":{"_acf_changed":false,"ghostkit_customizer_options":"","ghostkit_custom_css":"","ghostkit_custom_js_head":"","ghostkit_custom_js_foot":"","ghostkit_typography":""},"productdetails":[376],"productneck":[354,355],"productcolor":[393,392],"maat":[],"productsupplier":[403],"productsleeve":[363],"productcategory":[18],"productsilhouette":[388],"productstyle":[372,366],"class_list":["post-32486","product","type-product","status-publish","has-post-thumbnail","hentry","productdetails-376","productneck-354","productneck-355","productcolor-393","productcolor-392","productsupplier-demetrios-platinum","productsleeve-363","productcategory-trouwjurken","productsilhouette-388","productstyle-372","productstyle-366"],"acf":[],"yoast_head":"<!-- This site is optimized with the Yoast SEO plugin v27.3 - https:\/\/yoast.com\/product\/yoast-seo-wordpress\/ -->\n<title>Demetrios Platinum DP405 | Koonings<\/title>\n<meta name=\"description\" content=\"La magnifique Dakota est l&#039;incarnation du glamour intemporel. Cette superbe robe de bal pr\u00e9sente un corsage d\u00e9collet\u00e9 avec une encolure en forme de c\u0153ur et un col en forme de portrait. Une luxueuse dentelle de Chantilly associ\u00e9e \u00e0 des perles orne l&#039;ensemble de la robe et se prolonge dans la grande robe semi-cath\u00e9drale. Illustration : ivoire\/transparent\/nude\" \/>\n<meta name=\"robots\" content=\"index, follow, max-snippet:-1, max-image-preview:large, max-video-preview:-1\" \/>\n<link rel=\"canonical\" href=\"https:\/\/www.koonings.com\/fr\/product\/demetrios-platinum-dp405\/\" \/>\n<meta property=\"og:locale\" content=\"fr_FR\" \/>\n<meta property=\"og:type\" content=\"article\" \/>\n<meta property=\"og:title\" content=\"Demetrios Platinum DP405 | Koonings\" \/>\n<meta property=\"og:description\" content=\"La magnifique Dakota est l&#039;incarnation du glamour intemporel. Cette superbe robe de bal pr\u00e9sente un corsage d\u00e9collet\u00e9 avec une encolure en forme de c\u0153ur et un col en forme de portrait. Une luxueuse dentelle de Chantilly associ\u00e9e \u00e0 des perles orne l&#039;ensemble de la robe et se prolonge dans la grande robe semi-cath\u00e9drale. Illustration : ivoire\/transparent\/nude\" \/>\n<meta property=\"og:url\" content=\"https:\/\/www.koonings.com\/fr\/product\/demetrios-platinum-dp405\/\" \/>\n<meta property=\"og:site_name\" content=\"Koonings\" \/>\n<meta property=\"article:publisher\" content=\"https:\/\/www.facebook.com\/kooningstheweddingpalace\" \/>\n<meta property=\"article:modified_time\" content=\"2026-02-03T16:36:56+00:00\" \/>\n<meta property=\"og:image\" content=\"https:\/\/www.koonings.com\/wp-content\/uploads\/2024\/11\/26828_31395be86977fbecb8d9b3da93cc84741ef50178db3fa3959d62a6381302f0eada192592.jpeg\" \/>\n\t<meta property=\"og:image:width\" content=\"1008\" \/>\n\t<meta property=\"og:image:height\" content=\"992\" \/>\n\t<meta property=\"og:image:type\" content=\"image\/jpeg\" \/>\n<meta name=\"twitter:card\" content=\"summary_large_image\" \/>\n<script type=\"application\/ld+json\" class=\"yoast-schema-graph\">{\"@context\":\"https:\\\/\\\/schema.org\",\"@graph\":[{\"@type\":\"WebPage\",\"@id\":\"https:\\\/\\\/www.koonings.com\\\/fr\\\/product\\\/demetrios-platinum-dp405\\\/\",\"url\":\"https:\\\/\\\/www.koonings.com\\\/fr\\\/product\\\/demetrios-platinum-dp405\\\/\",\"name\":\"Demetrios Platinum DP405 | Koonings\",\"isPartOf\":{\"@id\":\"https:\\\/\\\/www.koonings.com\\\/fr\\\/#website\"},\"primaryImageOfPage\":{\"@id\":\"https:\\\/\\\/www.koonings.com\\\/fr\\\/product\\\/demetrios-platinum-dp405\\\/#primaryimage\"},\"image\":{\"@id\":\"https:\\\/\\\/www.koonings.com\\\/fr\\\/product\\\/demetrios-platinum-dp405\\\/#primaryimage\"},\"thumbnailUrl\":\"https:\\\/\\\/www.koonings.com\\\/wp-content\\\/uploads\\\/2024\\\/11\\\/26828_31395be86977fbecb8d9b3da93cc84741ef50178db3fa3959d62a6381302f0eada192592.jpeg\",\"datePublished\":\"2025-12-14T23:06:30+00:00\",\"dateModified\":\"2026-02-03T16:36:56+00:00\",\"description\":\"La magnifique Dakota est l'incarnation du glamour intemporel. Cette superbe robe de bal pr\u00e9sente un corsage d\u00e9collet\u00e9 avec une encolure en forme de c\u0153ur et un col en forme de portrait. Une luxueuse dentelle de Chantilly associ\u00e9e \u00e0 des perles orne l'ensemble de la robe et se prolonge dans la grande robe semi-cath\u00e9drale. Illustration : ivoire\\\/transparent\\\/nude\",\"breadcrumb\":{\"@id\":\"https:\\\/\\\/www.koonings.com\\\/fr\\\/product\\\/demetrios-platinum-dp405\\\/#breadcrumb\"},\"inLanguage\":\"fr-FR\",\"potentialAction\":[{\"@type\":\"ReadAction\",\"target\":[\"https:\\\/\\\/www.koonings.com\\\/fr\\\/product\\\/demetrios-platinum-dp405\\\/\"]}]},{\"@type\":\"ImageObject\",\"inLanguage\":\"fr-FR\",\"@id\":\"https:\\\/\\\/www.koonings.com\\\/fr\\\/product\\\/demetrios-platinum-dp405\\\/#primaryimage\",\"url\":\"https:\\\/\\\/www.koonings.com\\\/wp-content\\\/uploads\\\/2024\\\/11\\\/26828_31395be86977fbecb8d9b3da93cc84741ef50178db3fa3959d62a6381302f0eada192592.jpeg\",\"contentUrl\":\"https:\\\/\\\/www.koonings.com\\\/wp-content\\\/uploads\\\/2024\\\/11\\\/26828_31395be86977fbecb8d9b3da93cc84741ef50178db3fa3959d62a6381302f0eada192592.jpeg\",\"width\":1008,\"height\":992},{\"@type\":\"BreadcrumbList\",\"@id\":\"https:\\\/\\\/www.koonings.com\\\/fr\\\/product\\\/demetrios-platinum-dp405\\\/#breadcrumb\",\"itemListElement\":[{\"@type\":\"ListItem\",\"position\":1,\"name\":\"Home\",\"item\":\"https:\\\/\\\/www.koonings.com\\\/fr\\\/\"},{\"@type\":\"ListItem\",\"position\":2,\"name\":\"Demetrios Platinum DP405\"}]},{\"@type\":\"WebSite\",\"@id\":\"https:\\\/\\\/www.koonings.com\\\/fr\\\/#website\",\"url\":\"https:\\\/\\\/www.koonings.com\\\/fr\\\/\",\"name\":\"Koonings\",\"description\":\"De grootste bruidsmodewinkel ter wereld\",\"publisher\":{\"@id\":\"https:\\\/\\\/www.koonings.com\\\/fr\\\/#organization\"},\"potentialAction\":[{\"@type\":\"SearchAction\",\"target\":{\"@type\":\"EntryPoint\",\"urlTemplate\":\"https:\\\/\\\/www.koonings.com\\\/fr\\\/?s={search_term_string}\"},\"query-input\":{\"@type\":\"PropertyValueSpecification\",\"valueRequired\":true,\"valueName\":\"search_term_string\"}}],\"inLanguage\":\"fr-FR\"},{\"@type\":\"Organization\",\"@id\":\"https:\\\/\\\/www.koonings.com\\\/fr\\\/#organization\",\"name\":\"Koonings\",\"url\":\"https:\\\/\\\/www.koonings.com\\\/fr\\\/\",\"logo\":{\"@type\":\"ImageObject\",\"inLanguage\":\"fr-FR\",\"@id\":\"https:\\\/\\\/www.koonings.com\\\/fr\\\/#\\\/schema\\\/logo\\\/image\\\/\",\"url\":\"https:\\\/\\\/www.koonings.com\\\/wp-content\\\/uploads\\\/2024\\\/07\\\/logo.png\",\"contentUrl\":\"https:\\\/\\\/www.koonings.com\\\/wp-content\\\/uploads\\\/2024\\\/07\\\/logo.png\",\"width\":600,\"height\":428,\"caption\":\"Koonings\"},\"image\":{\"@id\":\"https:\\\/\\\/www.koonings.com\\\/fr\\\/#\\\/schema\\\/logo\\\/image\\\/\"},\"sameAs\":[\"https:\\\/\\\/www.facebook.com\\\/kooningstheweddingpalace\",\"https:\\\/\\\/www.instagram.com\\\/kooningstheweddingpalace\",\"https:\\\/\\\/www.pinterest.com\\\/koonings\",\"https:\\\/\\\/www.youtube.com\\\/kooningstheweddingpalace\"]}]}<\/script>\n<!-- \/ Yoast SEO plugin. -->","yoast_head_json":{"title":"Demetrios Platinum DP405 | Koonings","description":"La magnifique Dakota est l'incarnation du glamour intemporel. Cette superbe robe de bal pr\u00e9sente un corsage d\u00e9collet\u00e9 avec une encolure en forme de c\u0153ur et un col en forme de portrait. Une luxueuse dentelle de Chantilly associ\u00e9e \u00e0 des perles orne l'ensemble de la robe et se prolonge dans la grande robe semi-cath\u00e9drale. Illustration : ivoire\/transparent\/nude","robots":{"index":"index","follow":"follow","max-snippet":"max-snippet:-1","max-image-preview":"max-image-preview:large","max-video-preview":"max-video-preview:-1"},"canonical":"https:\/\/www.koonings.com\/fr\/product\/demetrios-platinum-dp405\/","og_locale":"fr_FR","og_type":"article","og_title":"Demetrios Platinum DP405 | Koonings","og_description":"La magnifique Dakota est l'incarnation du glamour intemporel. Cette superbe robe de bal pr\u00e9sente un corsage d\u00e9collet\u00e9 avec une encolure en forme de c\u0153ur et un col en forme de portrait. Une luxueuse dentelle de Chantilly associ\u00e9e \u00e0 des perles orne l'ensemble de la robe et se prolonge dans la grande robe semi-cath\u00e9drale. Illustration : ivoire\/transparent\/nude","og_url":"https:\/\/www.koonings.com\/fr\/product\/demetrios-platinum-dp405\/","og_site_name":"Koonings","article_publisher":"https:\/\/www.facebook.com\/kooningstheweddingpalace","article_modified_time":"2026-02-03T16:36:56+00:00","og_image":[{"width":1008,"height":992,"url":"https:\/\/www.koonings.com\/wp-content\/uploads\/2024\/11\/26828_31395be86977fbecb8d9b3da93cc84741ef50178db3fa3959d62a6381302f0eada192592.jpeg","type":"image\/jpeg"}],"twitter_card":"summary_large_image","schema":{"@context":"https:\/\/schema.org","@graph":[{"@type":"WebPage","@id":"https:\/\/www.koonings.com\/fr\/product\/demetrios-platinum-dp405\/","url":"https:\/\/www.koonings.com\/fr\/product\/demetrios-platinum-dp405\/","name":"Demetrios Platinum DP405 | Koonings","isPartOf":{"@id":"https:\/\/www.koonings.com\/fr\/#website"},"primaryImageOfPage":{"@id":"https:\/\/www.koonings.com\/fr\/product\/demetrios-platinum-dp405\/#primaryimage"},"image":{"@id":"https:\/\/www.koonings.com\/fr\/product\/demetrios-platinum-dp405\/#primaryimage"},"thumbnailUrl":"https:\/\/www.koonings.com\/wp-content\/uploads\/2024\/11\/26828_31395be86977fbecb8d9b3da93cc84741ef50178db3fa3959d62a6381302f0eada192592.jpeg","datePublished":"2025-12-14T23:06:30+00:00","dateModified":"2026-02-03T16:36:56+00:00","description":"La magnifique Dakota est l'incarnation du glamour intemporel. Cette superbe robe de bal pr\u00e9sente un corsage d\u00e9collet\u00e9 avec une encolure en forme de c\u0153ur et un col en forme de portrait. Une luxueuse dentelle de Chantilly associ\u00e9e \u00e0 des perles orne l'ensemble de la robe et se prolonge dans la grande robe semi-cath\u00e9drale. Illustration : ivoire\/transparent\/nude","breadcrumb":{"@id":"https:\/\/www.koonings.com\/fr\/product\/demetrios-platinum-dp405\/#breadcrumb"},"inLanguage":"fr-FR","potentialAction":[{"@type":"ReadAction","target":["https:\/\/www.koonings.com\/fr\/product\/demetrios-platinum-dp405\/"]}]},{"@type":"ImageObject","inLanguage":"fr-FR","@id":"https:\/\/www.koonings.com\/fr\/product\/demetrios-platinum-dp405\/#primaryimage","url":"https:\/\/www.koonings.com\/wp-content\/uploads\/2024\/11\/26828_31395be86977fbecb8d9b3da93cc84741ef50178db3fa3959d62a6381302f0eada192592.jpeg","contentUrl":"https:\/\/www.koonings.com\/wp-content\/uploads\/2024\/11\/26828_31395be86977fbecb8d9b3da93cc84741ef50178db3fa3959d62a6381302f0eada192592.jpeg","width":1008,"height":992},{"@type":"BreadcrumbList","@id":"https:\/\/www.koonings.com\/fr\/product\/demetrios-platinum-dp405\/#breadcrumb","itemListElement":[{"@type":"ListItem","position":1,"name":"Home","item":"https:\/\/www.koonings.com\/fr\/"},{"@type":"ListItem","position":2,"name":"Demetrios Platinum DP405"}]},{"@type":"WebSite","@id":"https:\/\/www.koonings.com\/fr\/#website","url":"https:\/\/www.koonings.com\/fr\/","name":"Koonings","description":"De grootste bruidsmodewinkel ter wereld","publisher":{"@id":"https:\/\/www.koonings.com\/fr\/#organization"},"potentialAction":[{"@type":"SearchAction","target":{"@type":"EntryPoint","urlTemplate":"https:\/\/www.koonings.com\/fr\/?s={search_term_string}"},"query-input":{"@type":"PropertyValueSpecification","valueRequired":true,"valueName":"search_term_string"}}],"inLanguage":"fr-FR"},{"@type":"Organization","@id":"https:\/\/www.koonings.com\/fr\/#organization","name":"Koonings","url":"https:\/\/www.koonings.com\/fr\/","logo":{"@type":"ImageObject","inLanguage":"fr-FR","@id":"https:\/\/www.koonings.com\/fr\/#\/schema\/logo\/image\/","url":"https:\/\/www.koonings.com\/wp-content\/uploads\/2024\/07\/logo.png","contentUrl":"https:\/\/www.koonings.com\/wp-content\/uploads\/2024\/07\/logo.png","width":600,"height":428,"caption":"Koonings"},"image":{"@id":"https:\/\/www.koonings.com\/fr\/#\/schema\/logo\/image\/"},"sameAs":["https:\/\/www.facebook.com\/kooningstheweddingpalace","https:\/\/www.instagram.com\/kooningstheweddingpalace","https:\/\/www.pinterest.com\/koonings","https:\/\/www.youtube.com\/kooningstheweddingpalace"]}]}},"_links":{"self":[{"href":"https:\/\/www.koonings.com\/fr\/wp-json\/wp\/v2\/product\/32486","targetHints":{"allow":["GET"]}}],"collection":[{"href":"https:\/\/www.koonings.com\/fr\/wp-json\/wp\/v2\/product"}],"about":[{"href":"https:\/\/www.koonings.com\/fr\/wp-json\/wp\/v2\/types\/product"}],"wp:featuredmedia":[{"embeddable":true,"href":"https:\/\/www.koonings.com\/fr\/wp-json\/wp\/v2\/media\/26249"}],"wp:attachment":[{"href":"https:\/\/www.koonings.com\/fr\/wp-json\/wp\/v2\/media?parent=32486"}],"wp:term":[{"taxonomy":"productdetails","embeddable":true,"href":"https:\/\/www.koonings.com\/fr\/wp-json\/wp\/v2\/productdetails?post=32486"},{"taxonomy":"productneck","embeddable":true,"href":"https:\/\/www.koonings.com\/fr\/wp-json\/wp\/v2\/productneck?post=32486"},{"taxonomy":"productcolor","embeddable":true,"href":"https:\/\/www.koonings.com\/fr\/wp-json\/wp\/v2\/productcolor?post=32486"},{"taxonomy":"maat","embeddable":true,"href":"https:\/\/www.koonings.com\/fr\/wp-json\/wp\/v2\/maat?post=32486"},{"taxonomy":"productsupplier","embeddable":true,"href":"https:\/\/www.koonings.com\/fr\/wp-json\/wp\/v2\/productsupplier?post=32486"},{"taxonomy":"productsleeve","embeddable":true,"href":"https:\/\/www.koonings.com\/fr\/wp-json\/wp\/v2\/productsleeve?post=32486"},{"taxonomy":"productcategory","embeddable":true,"href":"https:\/\/www.koonings.com\/fr\/wp-json\/wp\/v2\/productcategory?post=32486"},{"taxonomy":"productsilhouette","embeddable":true,"href":"https:\/\/www.koonings.com\/fr\/wp-json\/wp\/v2\/productsilhouette?post=32486"},{"taxonomy":"productstyle","embeddable":true,"href":"https:\/\/www.koonings.com\/fr\/wp-json\/wp\/v2\/productstyle?post=32486"}],"curies":[{"name":"wp","href":"https:\/\/api.w.org\/{rel}","templated":true}]}}