{"id":32476,"date":"2026-04-21T18:06:12","date_gmt":"2026-04-21T16:06:12","guid":{"rendered":"https:\/\/www.koonings.com\/product\/demetrios-destination-romance-dr290\/"},"modified":"2026-02-16T11:24:36","modified_gmt":"2026-02-16T10:24:36","slug":"demetrios-destination-romance-dr290","status":"publish","type":"product","link":"https:\/\/www.koonings.com\/fr\/product\/demetrios-destination-romance-dr290\/","title":{"rendered":"Demetrios Destination Romance DR290"},"content":{"rendered":"<p>Cette robe fourreau en tulle avec tra\u00eene amovible en tulle est orn\u00e9e d&#8217;une dentelle chatoyante magnifiquement travaill\u00e9e sur un d\u00e9collet\u00e9 illusion naturel \u00e0 peine voil\u00e9 qui s&#8217;\u00e9tend jusqu&#8217;au dos sexy, ajoutant ainsi une touche artistique. Illustration : ivoire\/transparent\/nu\/naturel <\/p>\n","protected":false},"featured_media":26302,"template":"","meta":{"_acf_changed":false,"ghostkit_customizer_options":"","ghostkit_custom_css":"","ghostkit_custom_js_head":"","ghostkit_custom_js_foot":"","ghostkit_typography":""},"productdetails":[376,381],"productneck":[351],"productcolor":[392],"maat":[],"productsupplier":[404],"productsleeve":[359],"productcategory":[18],"productsilhouette":[384],"productstyle":[369,373],"class_list":["post-32476","product","type-product","status-publish","has-post-thumbnail","hentry","productdetails-376","productdetails-381","productneck-351","productcolor-392","productsupplier-demetrios-destination-romance","productsleeve-359","productcategory-trouwjurken","productsilhouette-384","productstyle-369","productstyle-373"],"acf":[],"yoast_head":"<!-- This site is optimized with the Yoast SEO plugin v27.3 - https:\/\/yoast.com\/product\/yoast-seo-wordpress\/ -->\n<title>Demetrios Destination Romance DR290 | Koonings<\/title>\n<meta name=\"description\" content=\"Cette robe fourreau en tulle avec tra\u00eene amovible en tulle est orn\u00e9e d&#039;une dentelle chatoyante magnifiquement travaill\u00e9e sur un d\u00e9collet\u00e9 illusion naturel \u00e0 peine voil\u00e9 qui s&#039;\u00e9tend jusqu&#039;au dos sexy, ajoutant ainsi une touche artistique. Illustration : ivoire\/transparent\/nu\/naturel\" \/>\n<meta name=\"robots\" content=\"index, follow, max-snippet:-1, max-image-preview:large, max-video-preview:-1\" \/>\n<link rel=\"canonical\" href=\"https:\/\/www.koonings.com\/fr\/product\/demetrios-destination-romance-dr290\/\" \/>\n<meta property=\"og:locale\" content=\"fr_FR\" \/>\n<meta property=\"og:type\" content=\"article\" \/>\n<meta property=\"og:title\" content=\"Demetrios Destination Romance DR290 | Koonings\" \/>\n<meta property=\"og:description\" content=\"Cette robe fourreau en tulle avec tra\u00eene amovible en tulle est orn\u00e9e d&#039;une dentelle chatoyante magnifiquement travaill\u00e9e sur un d\u00e9collet\u00e9 illusion naturel \u00e0 peine voil\u00e9 qui s&#039;\u00e9tend jusqu&#039;au dos sexy, ajoutant ainsi une touche artistique. Illustration : ivoire\/transparent\/nu\/naturel\" \/>\n<meta property=\"og:url\" content=\"https:\/\/www.koonings.com\/fr\/product\/demetrios-destination-romance-dr290\/\" \/>\n<meta property=\"og:site_name\" content=\"Koonings\" \/>\n<meta property=\"article:publisher\" content=\"https:\/\/www.facebook.com\/kooningstheweddingpalace\" \/>\n<meta property=\"og:image\" content=\"https:\/\/www.koonings.com\/wp-content\/uploads\/2024\/11\/26856_2db396a2c5c076cba7f5df05b6c0eb3a9d0c3f17f00be1225310c9028a58a475f97fe9dd.jpeg\" \/>\n\t<meta property=\"og:image:width\" content=\"706\" \/>\n\t<meta property=\"og:image:height\" content=\"998\" \/>\n\t<meta property=\"og:image:type\" content=\"image\/jpeg\" \/>\n<meta name=\"twitter:card\" content=\"summary_large_image\" \/>\n<script type=\"application\/ld+json\" class=\"yoast-schema-graph\">{\"@context\":\"https:\\\/\\\/schema.org\",\"@graph\":[{\"@type\":\"WebPage\",\"@id\":\"https:\\\/\\\/www.koonings.com\\\/fr\\\/product\\\/demetrios-destination-romance-dr290\\\/\",\"url\":\"https:\\\/\\\/www.koonings.com\\\/fr\\\/product\\\/demetrios-destination-romance-dr290\\\/\",\"name\":\"Demetrios Destination Romance DR290 | Koonings\",\"isPartOf\":{\"@id\":\"https:\\\/\\\/www.koonings.com\\\/fr\\\/#website\"},\"primaryImageOfPage\":{\"@id\":\"https:\\\/\\\/www.koonings.com\\\/fr\\\/product\\\/demetrios-destination-romance-dr290\\\/#primaryimage\"},\"image\":{\"@id\":\"https:\\\/\\\/www.koonings.com\\\/fr\\\/product\\\/demetrios-destination-romance-dr290\\\/#primaryimage\"},\"thumbnailUrl\":\"https:\\\/\\\/www.koonings.com\\\/wp-content\\\/uploads\\\/2024\\\/11\\\/26856_2db396a2c5c076cba7f5df05b6c0eb3a9d0c3f17f00be1225310c9028a58a475f97fe9dd.jpeg\",\"datePublished\":\"2026-04-21T16:06:12+00:00\",\"description\":\"Cette robe fourreau en tulle avec tra\u00eene amovible en tulle est orn\u00e9e d'une dentelle chatoyante magnifiquement travaill\u00e9e sur un d\u00e9collet\u00e9 illusion naturel \u00e0 peine voil\u00e9 qui s'\u00e9tend jusqu'au dos sexy, ajoutant ainsi une touche artistique. Illustration : ivoire\\\/transparent\\\/nu\\\/naturel\",\"breadcrumb\":{\"@id\":\"https:\\\/\\\/www.koonings.com\\\/fr\\\/product\\\/demetrios-destination-romance-dr290\\\/#breadcrumb\"},\"inLanguage\":\"fr-FR\",\"potentialAction\":[{\"@type\":\"ReadAction\",\"target\":[\"https:\\\/\\\/www.koonings.com\\\/fr\\\/product\\\/demetrios-destination-romance-dr290\\\/\"]}]},{\"@type\":\"ImageObject\",\"inLanguage\":\"fr-FR\",\"@id\":\"https:\\\/\\\/www.koonings.com\\\/fr\\\/product\\\/demetrios-destination-romance-dr290\\\/#primaryimage\",\"url\":\"https:\\\/\\\/www.koonings.com\\\/wp-content\\\/uploads\\\/2024\\\/11\\\/26856_2db396a2c5c076cba7f5df05b6c0eb3a9d0c3f17f00be1225310c9028a58a475f97fe9dd.jpeg\",\"contentUrl\":\"https:\\\/\\\/www.koonings.com\\\/wp-content\\\/uploads\\\/2024\\\/11\\\/26856_2db396a2c5c076cba7f5df05b6c0eb3a9d0c3f17f00be1225310c9028a58a475f97fe9dd.jpeg\",\"width\":706,\"height\":998},{\"@type\":\"BreadcrumbList\",\"@id\":\"https:\\\/\\\/www.koonings.com\\\/fr\\\/product\\\/demetrios-destination-romance-dr290\\\/#breadcrumb\",\"itemListElement\":[{\"@type\":\"ListItem\",\"position\":1,\"name\":\"Home\",\"item\":\"https:\\\/\\\/www.koonings.com\\\/fr\\\/\"},{\"@type\":\"ListItem\",\"position\":2,\"name\":\"Demetrios Destination Romance DR290\"}]},{\"@type\":\"WebSite\",\"@id\":\"https:\\\/\\\/www.koonings.com\\\/fr\\\/#website\",\"url\":\"https:\\\/\\\/www.koonings.com\\\/fr\\\/\",\"name\":\"Koonings\",\"description\":\"De grootste bruidsmodewinkel ter wereld\",\"publisher\":{\"@id\":\"https:\\\/\\\/www.koonings.com\\\/fr\\\/#organization\"},\"potentialAction\":[{\"@type\":\"SearchAction\",\"target\":{\"@type\":\"EntryPoint\",\"urlTemplate\":\"https:\\\/\\\/www.koonings.com\\\/fr\\\/?s={search_term_string}\"},\"query-input\":{\"@type\":\"PropertyValueSpecification\",\"valueRequired\":true,\"valueName\":\"search_term_string\"}}],\"inLanguage\":\"fr-FR\"},{\"@type\":\"Organization\",\"@id\":\"https:\\\/\\\/www.koonings.com\\\/fr\\\/#organization\",\"name\":\"Koonings\",\"url\":\"https:\\\/\\\/www.koonings.com\\\/fr\\\/\",\"logo\":{\"@type\":\"ImageObject\",\"inLanguage\":\"fr-FR\",\"@id\":\"https:\\\/\\\/www.koonings.com\\\/fr\\\/#\\\/schema\\\/logo\\\/image\\\/\",\"url\":\"https:\\\/\\\/www.koonings.com\\\/wp-content\\\/uploads\\\/2024\\\/07\\\/logo.png\",\"contentUrl\":\"https:\\\/\\\/www.koonings.com\\\/wp-content\\\/uploads\\\/2024\\\/07\\\/logo.png\",\"width\":600,\"height\":428,\"caption\":\"Koonings\"},\"image\":{\"@id\":\"https:\\\/\\\/www.koonings.com\\\/fr\\\/#\\\/schema\\\/logo\\\/image\\\/\"},\"sameAs\":[\"https:\\\/\\\/www.facebook.com\\\/kooningstheweddingpalace\",\"https:\\\/\\\/www.instagram.com\\\/kooningstheweddingpalace\",\"https:\\\/\\\/www.pinterest.com\\\/koonings\",\"https:\\\/\\\/www.youtube.com\\\/kooningstheweddingpalace\"]}]}<\/script>\n<!-- \/ Yoast SEO plugin. -->","yoast_head_json":{"title":"Demetrios Destination Romance DR290 | Koonings","description":"Cette robe fourreau en tulle avec tra\u00eene amovible en tulle est orn\u00e9e d'une dentelle chatoyante magnifiquement travaill\u00e9e sur un d\u00e9collet\u00e9 illusion naturel \u00e0 peine voil\u00e9 qui s'\u00e9tend jusqu'au dos sexy, ajoutant ainsi une touche artistique. Illustration : ivoire\/transparent\/nu\/naturel","robots":{"index":"index","follow":"follow","max-snippet":"max-snippet:-1","max-image-preview":"max-image-preview:large","max-video-preview":"max-video-preview:-1"},"canonical":"https:\/\/www.koonings.com\/fr\/product\/demetrios-destination-romance-dr290\/","og_locale":"fr_FR","og_type":"article","og_title":"Demetrios Destination Romance DR290 | Koonings","og_description":"Cette robe fourreau en tulle avec tra\u00eene amovible en tulle est orn\u00e9e d'une dentelle chatoyante magnifiquement travaill\u00e9e sur un d\u00e9collet\u00e9 illusion naturel \u00e0 peine voil\u00e9 qui s'\u00e9tend jusqu'au dos sexy, ajoutant ainsi une touche artistique. Illustration : ivoire\/transparent\/nu\/naturel","og_url":"https:\/\/www.koonings.com\/fr\/product\/demetrios-destination-romance-dr290\/","og_site_name":"Koonings","article_publisher":"https:\/\/www.facebook.com\/kooningstheweddingpalace","og_image":[{"width":706,"height":998,"url":"https:\/\/www.koonings.com\/wp-content\/uploads\/2024\/11\/26856_2db396a2c5c076cba7f5df05b6c0eb3a9d0c3f17f00be1225310c9028a58a475f97fe9dd.jpeg","type":"image\/jpeg"}],"twitter_card":"summary_large_image","schema":{"@context":"https:\/\/schema.org","@graph":[{"@type":"WebPage","@id":"https:\/\/www.koonings.com\/fr\/product\/demetrios-destination-romance-dr290\/","url":"https:\/\/www.koonings.com\/fr\/product\/demetrios-destination-romance-dr290\/","name":"Demetrios Destination Romance DR290 | Koonings","isPartOf":{"@id":"https:\/\/www.koonings.com\/fr\/#website"},"primaryImageOfPage":{"@id":"https:\/\/www.koonings.com\/fr\/product\/demetrios-destination-romance-dr290\/#primaryimage"},"image":{"@id":"https:\/\/www.koonings.com\/fr\/product\/demetrios-destination-romance-dr290\/#primaryimage"},"thumbnailUrl":"https:\/\/www.koonings.com\/wp-content\/uploads\/2024\/11\/26856_2db396a2c5c076cba7f5df05b6c0eb3a9d0c3f17f00be1225310c9028a58a475f97fe9dd.jpeg","datePublished":"2026-04-21T16:06:12+00:00","description":"Cette robe fourreau en tulle avec tra\u00eene amovible en tulle est orn\u00e9e d'une dentelle chatoyante magnifiquement travaill\u00e9e sur un d\u00e9collet\u00e9 illusion naturel \u00e0 peine voil\u00e9 qui s'\u00e9tend jusqu'au dos sexy, ajoutant ainsi une touche artistique. Illustration : ivoire\/transparent\/nu\/naturel","breadcrumb":{"@id":"https:\/\/www.koonings.com\/fr\/product\/demetrios-destination-romance-dr290\/#breadcrumb"},"inLanguage":"fr-FR","potentialAction":[{"@type":"ReadAction","target":["https:\/\/www.koonings.com\/fr\/product\/demetrios-destination-romance-dr290\/"]}]},{"@type":"ImageObject","inLanguage":"fr-FR","@id":"https:\/\/www.koonings.com\/fr\/product\/demetrios-destination-romance-dr290\/#primaryimage","url":"https:\/\/www.koonings.com\/wp-content\/uploads\/2024\/11\/26856_2db396a2c5c076cba7f5df05b6c0eb3a9d0c3f17f00be1225310c9028a58a475f97fe9dd.jpeg","contentUrl":"https:\/\/www.koonings.com\/wp-content\/uploads\/2024\/11\/26856_2db396a2c5c076cba7f5df05b6c0eb3a9d0c3f17f00be1225310c9028a58a475f97fe9dd.jpeg","width":706,"height":998},{"@type":"BreadcrumbList","@id":"https:\/\/www.koonings.com\/fr\/product\/demetrios-destination-romance-dr290\/#breadcrumb","itemListElement":[{"@type":"ListItem","position":1,"name":"Home","item":"https:\/\/www.koonings.com\/fr\/"},{"@type":"ListItem","position":2,"name":"Demetrios Destination Romance DR290"}]},{"@type":"WebSite","@id":"https:\/\/www.koonings.com\/fr\/#website","url":"https:\/\/www.koonings.com\/fr\/","name":"Koonings","description":"De grootste bruidsmodewinkel ter wereld","publisher":{"@id":"https:\/\/www.koonings.com\/fr\/#organization"},"potentialAction":[{"@type":"SearchAction","target":{"@type":"EntryPoint","urlTemplate":"https:\/\/www.koonings.com\/fr\/?s={search_term_string}"},"query-input":{"@type":"PropertyValueSpecification","valueRequired":true,"valueName":"search_term_string"}}],"inLanguage":"fr-FR"},{"@type":"Organization","@id":"https:\/\/www.koonings.com\/fr\/#organization","name":"Koonings","url":"https:\/\/www.koonings.com\/fr\/","logo":{"@type":"ImageObject","inLanguage":"fr-FR","@id":"https:\/\/www.koonings.com\/fr\/#\/schema\/logo\/image\/","url":"https:\/\/www.koonings.com\/wp-content\/uploads\/2024\/07\/logo.png","contentUrl":"https:\/\/www.koonings.com\/wp-content\/uploads\/2024\/07\/logo.png","width":600,"height":428,"caption":"Koonings"},"image":{"@id":"https:\/\/www.koonings.com\/fr\/#\/schema\/logo\/image\/"},"sameAs":["https:\/\/www.facebook.com\/kooningstheweddingpalace","https:\/\/www.instagram.com\/kooningstheweddingpalace","https:\/\/www.pinterest.com\/koonings","https:\/\/www.youtube.com\/kooningstheweddingpalace"]}]}},"_links":{"self":[{"href":"https:\/\/www.koonings.com\/fr\/wp-json\/wp\/v2\/product\/32476","targetHints":{"allow":["GET"]}}],"collection":[{"href":"https:\/\/www.koonings.com\/fr\/wp-json\/wp\/v2\/product"}],"about":[{"href":"https:\/\/www.koonings.com\/fr\/wp-json\/wp\/v2\/types\/product"}],"wp:featuredmedia":[{"embeddable":true,"href":"https:\/\/www.koonings.com\/fr\/wp-json\/wp\/v2\/media\/26302"}],"wp:attachment":[{"href":"https:\/\/www.koonings.com\/fr\/wp-json\/wp\/v2\/media?parent=32476"}],"wp:term":[{"taxonomy":"productdetails","embeddable":true,"href":"https:\/\/www.koonings.com\/fr\/wp-json\/wp\/v2\/productdetails?post=32476"},{"taxonomy":"productneck","embeddable":true,"href":"https:\/\/www.koonings.com\/fr\/wp-json\/wp\/v2\/productneck?post=32476"},{"taxonomy":"productcolor","embeddable":true,"href":"https:\/\/www.koonings.com\/fr\/wp-json\/wp\/v2\/productcolor?post=32476"},{"taxonomy":"maat","embeddable":true,"href":"https:\/\/www.koonings.com\/fr\/wp-json\/wp\/v2\/maat?post=32476"},{"taxonomy":"productsupplier","embeddable":true,"href":"https:\/\/www.koonings.com\/fr\/wp-json\/wp\/v2\/productsupplier?post=32476"},{"taxonomy":"productsleeve","embeddable":true,"href":"https:\/\/www.koonings.com\/fr\/wp-json\/wp\/v2\/productsleeve?post=32476"},{"taxonomy":"productcategory","embeddable":true,"href":"https:\/\/www.koonings.com\/fr\/wp-json\/wp\/v2\/productcategory?post=32476"},{"taxonomy":"productsilhouette","embeddable":true,"href":"https:\/\/www.koonings.com\/fr\/wp-json\/wp\/v2\/productsilhouette?post=32476"},{"taxonomy":"productstyle","embeddable":true,"href":"https:\/\/www.koonings.com\/fr\/wp-json\/wp\/v2\/productstyle?post=32476"}],"curies":[{"name":"wp","href":"https:\/\/api.w.org\/{rel}","templated":true}]}}