{"id":32437,"date":"2025-12-15T00:06:36","date_gmt":"2025-12-14T23:06:36","guid":{"rendered":"https:\/\/www.koonings.com\/product\/randy-fenoli-alessandra\/"},"modified":"2026-02-03T17:38:31","modified_gmt":"2026-02-03T16:38:31","slug":"randy-fenoli-alessandra","status":"publish","type":"product","link":"https:\/\/www.koonings.com\/fr\/product\/randy-fenoli-alessandra\/","title":{"rendered":"Randy Fenoli Alessandra"},"content":{"rendered":"<p>La robe de mari\u00e9e Alessandra de Randy Fenoli Bridal, disponible chez Koonings The Wedding Palace, est un mod\u00e8le \u00e9blouissant pour la mari\u00e9e qui recherche un look sophistiqu\u00e9 et romantique. Cette robe a une belle silhouette en ligne A qui tombe \u00e9l\u00e9gamment sur le corps et d\u00e9gage une impression de l\u00e9g\u00e8ret\u00e9 et de luxe. Le mod\u00e8le Alessandra est le choix parfait pour un mariage \u00e0 la fois \u00e9l\u00e9gant et intemporel. Chez Koonings The Wedding Palace, vous pouvez essayer cette robe \u00e0 couper le souffle et la faire confectionner sur mesure pour votre grand jour.   <\/p>\n","protected":false},"featured_media":26471,"template":"","meta":{"_acf_changed":false,"ghostkit_customizer_options":"","ghostkit_custom_css":"","ghostkit_custom_js_head":"","ghostkit_custom_js_foot":"","ghostkit_typography":""},"productdetails":[378],"productneck":[356],"productcolor":[392],"maat":[],"productsupplier":[422],"productsleeve":[359],"productcategory":[18],"productsilhouette":[384,387],"productstyle":[366,370],"class_list":["post-32437","product","type-product","status-publish","has-post-thumbnail","hentry","productdetails-378","productneck-356","productcolor-392","productsupplier-randy-fenoli","productsleeve-359","productcategory-trouwjurken","productsilhouette-384","productsilhouette-387","productstyle-366","productstyle-370"],"acf":[],"yoast_head":"<!-- This site is optimized with the Yoast SEO plugin v27.3 - https:\/\/yoast.com\/product\/yoast-seo-wordpress\/ -->\n<title>Randy Fenoli Alessandra | Koonings<\/title>\n<meta name=\"description\" content=\"La robe de mari\u00e9e Alessandra de Randy Fenoli Bridal, disponible chez Koonings The Wedding Palace, est un mod\u00e8le \u00e9blouissant pour la mari\u00e9e qui recherche un look sophistiqu\u00e9 et romantique. Cette robe a une belle silhouette en ligne A qui tombe \u00e9l\u00e9gamment sur le corps et d\u00e9gage une impression de l\u00e9g\u00e8ret\u00e9 et de luxe. Le mod\u00e8le Alessandra est le choix parfait pour un mariage \u00e0 la fois \u00e9l\u00e9gant et intemporel. Chez Koonings The Wedding Palace, vous pouvez essayer cette robe \u00e0 couper le souffle et la faire confectionner sur mesure pour votre grand jour.\" \/>\n<meta name=\"robots\" content=\"index, follow, max-snippet:-1, max-image-preview:large, max-video-preview:-1\" \/>\n<link rel=\"canonical\" href=\"https:\/\/www.koonings.com\/fr\/product\/randy-fenoli-alessandra\/\" \/>\n<meta property=\"og:locale\" content=\"fr_FR\" \/>\n<meta property=\"og:type\" content=\"article\" \/>\n<meta property=\"og:title\" content=\"Randy Fenoli Alessandra | Koonings\" \/>\n<meta property=\"og:description\" content=\"La robe de mari\u00e9e Alessandra de Randy Fenoli Bridal, disponible chez Koonings The Wedding Palace, est un mod\u00e8le \u00e9blouissant pour la mari\u00e9e qui recherche un look sophistiqu\u00e9 et romantique. Cette robe a une belle silhouette en ligne A qui tombe \u00e9l\u00e9gamment sur le corps et d\u00e9gage une impression de l\u00e9g\u00e8ret\u00e9 et de luxe. Le mod\u00e8le Alessandra est le choix parfait pour un mariage \u00e0 la fois \u00e9l\u00e9gant et intemporel. Chez Koonings The Wedding Palace, vous pouvez essayer cette robe \u00e0 couper le souffle et la faire confectionner sur mesure pour votre grand jour.\" \/>\n<meta property=\"og:url\" content=\"https:\/\/www.koonings.com\/fr\/product\/randy-fenoli-alessandra\/\" \/>\n<meta property=\"og:site_name\" content=\"Koonings\" \/>\n<meta property=\"article:publisher\" content=\"https:\/\/www.facebook.com\/kooningstheweddingpalace\" \/>\n<meta property=\"article:modified_time\" content=\"2026-02-03T16:38:31+00:00\" \/>\n<meta property=\"og:image\" content=\"https:\/\/www.koonings.com\/wp-content\/uploads\/2024\/11\/26896_c2cc22a923e0a4eead16fabeb7045951f4137343f44c49987ef731739b6d5c72c74f2ce6.jpeg\" \/>\n\t<meta property=\"og:image:width\" content=\"671\" \/>\n\t<meta property=\"og:image:height\" content=\"947\" \/>\n\t<meta property=\"og:image:type\" content=\"image\/jpeg\" \/>\n<meta name=\"twitter:card\" content=\"summary_large_image\" \/>\n<meta name=\"twitter:label1\" content=\"Dur\u00e9e de lecture estim\u00e9e\" \/>\n\t<meta name=\"twitter:data1\" content=\"1 minute\" \/>\n<script type=\"application\/ld+json\" class=\"yoast-schema-graph\">{\"@context\":\"https:\\\/\\\/schema.org\",\"@graph\":[{\"@type\":\"WebPage\",\"@id\":\"https:\\\/\\\/www.koonings.com\\\/fr\\\/product\\\/randy-fenoli-alessandra\\\/\",\"url\":\"https:\\\/\\\/www.koonings.com\\\/fr\\\/product\\\/randy-fenoli-alessandra\\\/\",\"name\":\"Randy Fenoli Alessandra | Koonings\",\"isPartOf\":{\"@id\":\"https:\\\/\\\/www.koonings.com\\\/fr\\\/#website\"},\"primaryImageOfPage\":{\"@id\":\"https:\\\/\\\/www.koonings.com\\\/fr\\\/product\\\/randy-fenoli-alessandra\\\/#primaryimage\"},\"image\":{\"@id\":\"https:\\\/\\\/www.koonings.com\\\/fr\\\/product\\\/randy-fenoli-alessandra\\\/#primaryimage\"},\"thumbnailUrl\":\"https:\\\/\\\/www.koonings.com\\\/wp-content\\\/uploads\\\/2024\\\/11\\\/26896_c2cc22a923e0a4eead16fabeb7045951f4137343f44c49987ef731739b6d5c72c74f2ce6.jpeg\",\"datePublished\":\"2025-12-14T23:06:36+00:00\",\"dateModified\":\"2026-02-03T16:38:31+00:00\",\"description\":\"La robe de mari\u00e9e Alessandra de Randy Fenoli Bridal, disponible chez Koonings The Wedding Palace, est un mod\u00e8le \u00e9blouissant pour la mari\u00e9e qui recherche un look sophistiqu\u00e9 et romantique. Cette robe a une belle silhouette en ligne A qui tombe \u00e9l\u00e9gamment sur le corps et d\u00e9gage une impression de l\u00e9g\u00e8ret\u00e9 et de luxe. Le mod\u00e8le Alessandra est le choix parfait pour un mariage \u00e0 la fois \u00e9l\u00e9gant et intemporel. Chez Koonings The Wedding Palace, vous pouvez essayer cette robe \u00e0 couper le souffle et la faire confectionner sur mesure pour votre grand jour.\",\"breadcrumb\":{\"@id\":\"https:\\\/\\\/www.koonings.com\\\/fr\\\/product\\\/randy-fenoli-alessandra\\\/#breadcrumb\"},\"inLanguage\":\"fr-FR\",\"potentialAction\":[{\"@type\":\"ReadAction\",\"target\":[\"https:\\\/\\\/www.koonings.com\\\/fr\\\/product\\\/randy-fenoli-alessandra\\\/\"]}]},{\"@type\":\"ImageObject\",\"inLanguage\":\"fr-FR\",\"@id\":\"https:\\\/\\\/www.koonings.com\\\/fr\\\/product\\\/randy-fenoli-alessandra\\\/#primaryimage\",\"url\":\"https:\\\/\\\/www.koonings.com\\\/wp-content\\\/uploads\\\/2024\\\/11\\\/26896_c2cc22a923e0a4eead16fabeb7045951f4137343f44c49987ef731739b6d5c72c74f2ce6.jpeg\",\"contentUrl\":\"https:\\\/\\\/www.koonings.com\\\/wp-content\\\/uploads\\\/2024\\\/11\\\/26896_c2cc22a923e0a4eead16fabeb7045951f4137343f44c49987ef731739b6d5c72c74f2ce6.jpeg\",\"width\":671,\"height\":947},{\"@type\":\"BreadcrumbList\",\"@id\":\"https:\\\/\\\/www.koonings.com\\\/fr\\\/product\\\/randy-fenoli-alessandra\\\/#breadcrumb\",\"itemListElement\":[{\"@type\":\"ListItem\",\"position\":1,\"name\":\"Home\",\"item\":\"https:\\\/\\\/www.koonings.com\\\/fr\\\/\"},{\"@type\":\"ListItem\",\"position\":2,\"name\":\"Randy Fenoli Alessandra\"}]},{\"@type\":\"WebSite\",\"@id\":\"https:\\\/\\\/www.koonings.com\\\/fr\\\/#website\",\"url\":\"https:\\\/\\\/www.koonings.com\\\/fr\\\/\",\"name\":\"Koonings\",\"description\":\"De grootste bruidsmodewinkel ter wereld\",\"publisher\":{\"@id\":\"https:\\\/\\\/www.koonings.com\\\/fr\\\/#organization\"},\"potentialAction\":[{\"@type\":\"SearchAction\",\"target\":{\"@type\":\"EntryPoint\",\"urlTemplate\":\"https:\\\/\\\/www.koonings.com\\\/fr\\\/?s={search_term_string}\"},\"query-input\":{\"@type\":\"PropertyValueSpecification\",\"valueRequired\":true,\"valueName\":\"search_term_string\"}}],\"inLanguage\":\"fr-FR\"},{\"@type\":\"Organization\",\"@id\":\"https:\\\/\\\/www.koonings.com\\\/fr\\\/#organization\",\"name\":\"Koonings\",\"url\":\"https:\\\/\\\/www.koonings.com\\\/fr\\\/\",\"logo\":{\"@type\":\"ImageObject\",\"inLanguage\":\"fr-FR\",\"@id\":\"https:\\\/\\\/www.koonings.com\\\/fr\\\/#\\\/schema\\\/logo\\\/image\\\/\",\"url\":\"https:\\\/\\\/www.koonings.com\\\/wp-content\\\/uploads\\\/2024\\\/07\\\/logo.png\",\"contentUrl\":\"https:\\\/\\\/www.koonings.com\\\/wp-content\\\/uploads\\\/2024\\\/07\\\/logo.png\",\"width\":600,\"height\":428,\"caption\":\"Koonings\"},\"image\":{\"@id\":\"https:\\\/\\\/www.koonings.com\\\/fr\\\/#\\\/schema\\\/logo\\\/image\\\/\"},\"sameAs\":[\"https:\\\/\\\/www.facebook.com\\\/kooningstheweddingpalace\",\"https:\\\/\\\/www.instagram.com\\\/kooningstheweddingpalace\",\"https:\\\/\\\/www.pinterest.com\\\/koonings\",\"https:\\\/\\\/www.youtube.com\\\/kooningstheweddingpalace\"]}]}<\/script>\n<!-- \/ Yoast SEO plugin. -->","yoast_head_json":{"title":"Randy Fenoli Alessandra | Koonings","description":"La robe de mari\u00e9e Alessandra de Randy Fenoli Bridal, disponible chez Koonings The Wedding Palace, est un mod\u00e8le \u00e9blouissant pour la mari\u00e9e qui recherche un look sophistiqu\u00e9 et romantique. Cette robe a une belle silhouette en ligne A qui tombe \u00e9l\u00e9gamment sur le corps et d\u00e9gage une impression de l\u00e9g\u00e8ret\u00e9 et de luxe. Le mod\u00e8le Alessandra est le choix parfait pour un mariage \u00e0 la fois \u00e9l\u00e9gant et intemporel. Chez Koonings The Wedding Palace, vous pouvez essayer cette robe \u00e0 couper le souffle et la faire confectionner sur mesure pour votre grand jour.","robots":{"index":"index","follow":"follow","max-snippet":"max-snippet:-1","max-image-preview":"max-image-preview:large","max-video-preview":"max-video-preview:-1"},"canonical":"https:\/\/www.koonings.com\/fr\/product\/randy-fenoli-alessandra\/","og_locale":"fr_FR","og_type":"article","og_title":"Randy Fenoli Alessandra | Koonings","og_description":"La robe de mari\u00e9e Alessandra de Randy Fenoli Bridal, disponible chez Koonings The Wedding Palace, est un mod\u00e8le \u00e9blouissant pour la mari\u00e9e qui recherche un look sophistiqu\u00e9 et romantique. Cette robe a une belle silhouette en ligne A qui tombe \u00e9l\u00e9gamment sur le corps et d\u00e9gage une impression de l\u00e9g\u00e8ret\u00e9 et de luxe. Le mod\u00e8le Alessandra est le choix parfait pour un mariage \u00e0 la fois \u00e9l\u00e9gant et intemporel. Chez Koonings The Wedding Palace, vous pouvez essayer cette robe \u00e0 couper le souffle et la faire confectionner sur mesure pour votre grand jour.","og_url":"https:\/\/www.koonings.com\/fr\/product\/randy-fenoli-alessandra\/","og_site_name":"Koonings","article_publisher":"https:\/\/www.facebook.com\/kooningstheweddingpalace","article_modified_time":"2026-02-03T16:38:31+00:00","og_image":[{"width":671,"height":947,"url":"https:\/\/www.koonings.com\/wp-content\/uploads\/2024\/11\/26896_c2cc22a923e0a4eead16fabeb7045951f4137343f44c49987ef731739b6d5c72c74f2ce6.jpeg","type":"image\/jpeg"}],"twitter_card":"summary_large_image","twitter_misc":{"Dur\u00e9e de lecture estim\u00e9e":"1 minute"},"schema":{"@context":"https:\/\/schema.org","@graph":[{"@type":"WebPage","@id":"https:\/\/www.koonings.com\/fr\/product\/randy-fenoli-alessandra\/","url":"https:\/\/www.koonings.com\/fr\/product\/randy-fenoli-alessandra\/","name":"Randy Fenoli Alessandra | Koonings","isPartOf":{"@id":"https:\/\/www.koonings.com\/fr\/#website"},"primaryImageOfPage":{"@id":"https:\/\/www.koonings.com\/fr\/product\/randy-fenoli-alessandra\/#primaryimage"},"image":{"@id":"https:\/\/www.koonings.com\/fr\/product\/randy-fenoli-alessandra\/#primaryimage"},"thumbnailUrl":"https:\/\/www.koonings.com\/wp-content\/uploads\/2024\/11\/26896_c2cc22a923e0a4eead16fabeb7045951f4137343f44c49987ef731739b6d5c72c74f2ce6.jpeg","datePublished":"2025-12-14T23:06:36+00:00","dateModified":"2026-02-03T16:38:31+00:00","description":"La robe de mari\u00e9e Alessandra de Randy Fenoli Bridal, disponible chez Koonings The Wedding Palace, est un mod\u00e8le \u00e9blouissant pour la mari\u00e9e qui recherche un look sophistiqu\u00e9 et romantique. Cette robe a une belle silhouette en ligne A qui tombe \u00e9l\u00e9gamment sur le corps et d\u00e9gage une impression de l\u00e9g\u00e8ret\u00e9 et de luxe. Le mod\u00e8le Alessandra est le choix parfait pour un mariage \u00e0 la fois \u00e9l\u00e9gant et intemporel. Chez Koonings The Wedding Palace, vous pouvez essayer cette robe \u00e0 couper le souffle et la faire confectionner sur mesure pour votre grand jour.","breadcrumb":{"@id":"https:\/\/www.koonings.com\/fr\/product\/randy-fenoli-alessandra\/#breadcrumb"},"inLanguage":"fr-FR","potentialAction":[{"@type":"ReadAction","target":["https:\/\/www.koonings.com\/fr\/product\/randy-fenoli-alessandra\/"]}]},{"@type":"ImageObject","inLanguage":"fr-FR","@id":"https:\/\/www.koonings.com\/fr\/product\/randy-fenoli-alessandra\/#primaryimage","url":"https:\/\/www.koonings.com\/wp-content\/uploads\/2024\/11\/26896_c2cc22a923e0a4eead16fabeb7045951f4137343f44c49987ef731739b6d5c72c74f2ce6.jpeg","contentUrl":"https:\/\/www.koonings.com\/wp-content\/uploads\/2024\/11\/26896_c2cc22a923e0a4eead16fabeb7045951f4137343f44c49987ef731739b6d5c72c74f2ce6.jpeg","width":671,"height":947},{"@type":"BreadcrumbList","@id":"https:\/\/www.koonings.com\/fr\/product\/randy-fenoli-alessandra\/#breadcrumb","itemListElement":[{"@type":"ListItem","position":1,"name":"Home","item":"https:\/\/www.koonings.com\/fr\/"},{"@type":"ListItem","position":2,"name":"Randy Fenoli Alessandra"}]},{"@type":"WebSite","@id":"https:\/\/www.koonings.com\/fr\/#website","url":"https:\/\/www.koonings.com\/fr\/","name":"Koonings","description":"De grootste bruidsmodewinkel ter wereld","publisher":{"@id":"https:\/\/www.koonings.com\/fr\/#organization"},"potentialAction":[{"@type":"SearchAction","target":{"@type":"EntryPoint","urlTemplate":"https:\/\/www.koonings.com\/fr\/?s={search_term_string}"},"query-input":{"@type":"PropertyValueSpecification","valueRequired":true,"valueName":"search_term_string"}}],"inLanguage":"fr-FR"},{"@type":"Organization","@id":"https:\/\/www.koonings.com\/fr\/#organization","name":"Koonings","url":"https:\/\/www.koonings.com\/fr\/","logo":{"@type":"ImageObject","inLanguage":"fr-FR","@id":"https:\/\/www.koonings.com\/fr\/#\/schema\/logo\/image\/","url":"https:\/\/www.koonings.com\/wp-content\/uploads\/2024\/07\/logo.png","contentUrl":"https:\/\/www.koonings.com\/wp-content\/uploads\/2024\/07\/logo.png","width":600,"height":428,"caption":"Koonings"},"image":{"@id":"https:\/\/www.koonings.com\/fr\/#\/schema\/logo\/image\/"},"sameAs":["https:\/\/www.facebook.com\/kooningstheweddingpalace","https:\/\/www.instagram.com\/kooningstheweddingpalace","https:\/\/www.pinterest.com\/koonings","https:\/\/www.youtube.com\/kooningstheweddingpalace"]}]}},"_links":{"self":[{"href":"https:\/\/www.koonings.com\/fr\/wp-json\/wp\/v2\/product\/32437","targetHints":{"allow":["GET"]}}],"collection":[{"href":"https:\/\/www.koonings.com\/fr\/wp-json\/wp\/v2\/product"}],"about":[{"href":"https:\/\/www.koonings.com\/fr\/wp-json\/wp\/v2\/types\/product"}],"wp:featuredmedia":[{"embeddable":true,"href":"https:\/\/www.koonings.com\/fr\/wp-json\/wp\/v2\/media\/26471"}],"wp:attachment":[{"href":"https:\/\/www.koonings.com\/fr\/wp-json\/wp\/v2\/media?parent=32437"}],"wp:term":[{"taxonomy":"productdetails","embeddable":true,"href":"https:\/\/www.koonings.com\/fr\/wp-json\/wp\/v2\/productdetails?post=32437"},{"taxonomy":"productneck","embeddable":true,"href":"https:\/\/www.koonings.com\/fr\/wp-json\/wp\/v2\/productneck?post=32437"},{"taxonomy":"productcolor","embeddable":true,"href":"https:\/\/www.koonings.com\/fr\/wp-json\/wp\/v2\/productcolor?post=32437"},{"taxonomy":"maat","embeddable":true,"href":"https:\/\/www.koonings.com\/fr\/wp-json\/wp\/v2\/maat?post=32437"},{"taxonomy":"productsupplier","embeddable":true,"href":"https:\/\/www.koonings.com\/fr\/wp-json\/wp\/v2\/productsupplier?post=32437"},{"taxonomy":"productsleeve","embeddable":true,"href":"https:\/\/www.koonings.com\/fr\/wp-json\/wp\/v2\/productsleeve?post=32437"},{"taxonomy":"productcategory","embeddable":true,"href":"https:\/\/www.koonings.com\/fr\/wp-json\/wp\/v2\/productcategory?post=32437"},{"taxonomy":"productsilhouette","embeddable":true,"href":"https:\/\/www.koonings.com\/fr\/wp-json\/wp\/v2\/productsilhouette?post=32437"},{"taxonomy":"productstyle","embeddable":true,"href":"https:\/\/www.koonings.com\/fr\/wp-json\/wp\/v2\/productstyle?post=32437"}],"curies":[{"name":"wp","href":"https:\/\/api.w.org\/{rel}","templated":true}]}}