{"id":32431,"date":"2026-05-06T15:06:08","date_gmt":"2026-05-06T13:06:08","guid":{"rendered":"https:\/\/www.koonings.com\/product\/julia-kontogruni-jk-couture-56\/"},"modified":"2026-02-16T11:24:59","modified_gmt":"2026-02-16T10:24:59","slug":"julia-kontogruni-jk-couture-56","status":"publish","type":"product","link":"https:\/\/www.koonings.com\/fr\/product\/julia-kontogruni-jk-couture-56\/","title":{"rendered":"Julia Kontogruni JK couture 56"},"content":{"rendered":"<p>Cette robe de mari\u00e9e ivoire de Julia Kontogruni pr\u00e9sente une silhouette ajust\u00e9e. Elle se compose d&#8217;un haut \u00e0 manches longues et d&#8217;une jupe droite. En outre, cette robe pr\u00e9sente des d\u00e9tails suppl\u00e9mentaires sur les \u00e9paules.  <\/p>\n","protected":false},"featured_media":26484,"template":"","meta":{"_acf_changed":false,"ghostkit_customizer_options":"","ghostkit_custom_css":"","ghostkit_custom_js_head":"","ghostkit_custom_js_foot":"","ghostkit_typography":""},"productdetails":[],"productneck":[351,355,356],"productcolor":[392],"maat":[],"productsupplier":[409],"productsleeve":[362],"productcategory":[18],"productsilhouette":[384],"productstyle":[367,366],"class_list":["post-32431","product","type-product","status-publish","has-post-thumbnail","hentry","productneck-351","productneck-355","productneck-356","productcolor-392","productsupplier-julia-kontogruni","productsleeve-362","productcategory-trouwjurken","productsilhouette-384","productstyle-367","productstyle-366"],"acf":[],"yoast_head":"<!-- This site is optimized with the Yoast SEO plugin v27.3 - https:\/\/yoast.com\/product\/yoast-seo-wordpress\/ -->\n<title>Julia Kontogruni JK couture 56 | Koonings<\/title>\n<meta name=\"description\" content=\"Cette robe de mari\u00e9e ivoire de Julia Kontogruni pr\u00e9sente une silhouette ajust\u00e9e. Elle se compose d&#039;un haut \u00e0 manches longues et d&#039;une jupe droite. En outre, cette robe pr\u00e9sente des d\u00e9tails suppl\u00e9mentaires sur les \u00e9paules.\" \/>\n<meta name=\"robots\" content=\"index, follow, max-snippet:-1, max-image-preview:large, max-video-preview:-1\" \/>\n<link rel=\"canonical\" href=\"https:\/\/www.koonings.com\/fr\/product\/julia-kontogruni-jk-couture-56\/\" \/>\n<meta property=\"og:locale\" content=\"fr_FR\" \/>\n<meta property=\"og:type\" content=\"article\" \/>\n<meta property=\"og:title\" content=\"Julia Kontogruni JK couture 56 | Koonings\" \/>\n<meta property=\"og:description\" content=\"Cette robe de mari\u00e9e ivoire de Julia Kontogruni pr\u00e9sente une silhouette ajust\u00e9e. Elle se compose d&#039;un haut \u00e0 manches longues et d&#039;une jupe droite. En outre, cette robe pr\u00e9sente des d\u00e9tails suppl\u00e9mentaires sur les \u00e9paules.\" \/>\n<meta property=\"og:url\" content=\"https:\/\/www.koonings.com\/fr\/product\/julia-kontogruni-jk-couture-56\/\" \/>\n<meta property=\"og:site_name\" content=\"Koonings\" \/>\n<meta property=\"article:publisher\" content=\"https:\/\/www.facebook.com\/kooningstheweddingpalace\" \/>\n<meta property=\"og:image\" content=\"https:\/\/www.koonings.com\/wp-content\/uploads\/2024\/11\/26904_846e03c64fa66025d32199d33cf3cfc7cd154b38e91dc237e7b16b66e25a088175920f43.jpeg\" \/>\n\t<meta property=\"og:image:width\" content=\"764\" \/>\n\t<meta property=\"og:image:height\" content=\"1081\" \/>\n\t<meta property=\"og:image:type\" content=\"image\/jpeg\" \/>\n<meta name=\"twitter:card\" content=\"summary_large_image\" \/>\n<script type=\"application\/ld+json\" class=\"yoast-schema-graph\">{\"@context\":\"https:\\\/\\\/schema.org\",\"@graph\":[{\"@type\":\"WebPage\",\"@id\":\"https:\\\/\\\/www.koonings.com\\\/fr\\\/product\\\/julia-kontogruni-jk-couture-56\\\/\",\"url\":\"https:\\\/\\\/www.koonings.com\\\/fr\\\/product\\\/julia-kontogruni-jk-couture-56\\\/\",\"name\":\"Julia Kontogruni JK couture 56 | Koonings\",\"isPartOf\":{\"@id\":\"https:\\\/\\\/www.koonings.com\\\/fr\\\/#website\"},\"primaryImageOfPage\":{\"@id\":\"https:\\\/\\\/www.koonings.com\\\/fr\\\/product\\\/julia-kontogruni-jk-couture-56\\\/#primaryimage\"},\"image\":{\"@id\":\"https:\\\/\\\/www.koonings.com\\\/fr\\\/product\\\/julia-kontogruni-jk-couture-56\\\/#primaryimage\"},\"thumbnailUrl\":\"https:\\\/\\\/www.koonings.com\\\/wp-content\\\/uploads\\\/2024\\\/11\\\/26904_846e03c64fa66025d32199d33cf3cfc7cd154b38e91dc237e7b16b66e25a088175920f43.jpeg\",\"datePublished\":\"2026-05-06T13:06:08+00:00\",\"description\":\"Cette robe de mari\u00e9e ivoire de Julia Kontogruni pr\u00e9sente une silhouette ajust\u00e9e. Elle se compose d'un haut \u00e0 manches longues et d'une jupe droite. En outre, cette robe pr\u00e9sente des d\u00e9tails suppl\u00e9mentaires sur les \u00e9paules.\",\"breadcrumb\":{\"@id\":\"https:\\\/\\\/www.koonings.com\\\/fr\\\/product\\\/julia-kontogruni-jk-couture-56\\\/#breadcrumb\"},\"inLanguage\":\"fr-FR\",\"potentialAction\":[{\"@type\":\"ReadAction\",\"target\":[\"https:\\\/\\\/www.koonings.com\\\/fr\\\/product\\\/julia-kontogruni-jk-couture-56\\\/\"]}]},{\"@type\":\"ImageObject\",\"inLanguage\":\"fr-FR\",\"@id\":\"https:\\\/\\\/www.koonings.com\\\/fr\\\/product\\\/julia-kontogruni-jk-couture-56\\\/#primaryimage\",\"url\":\"https:\\\/\\\/www.koonings.com\\\/wp-content\\\/uploads\\\/2024\\\/11\\\/26904_846e03c64fa66025d32199d33cf3cfc7cd154b38e91dc237e7b16b66e25a088175920f43.jpeg\",\"contentUrl\":\"https:\\\/\\\/www.koonings.com\\\/wp-content\\\/uploads\\\/2024\\\/11\\\/26904_846e03c64fa66025d32199d33cf3cfc7cd154b38e91dc237e7b16b66e25a088175920f43.jpeg\",\"width\":764,\"height\":1081},{\"@type\":\"BreadcrumbList\",\"@id\":\"https:\\\/\\\/www.koonings.com\\\/fr\\\/product\\\/julia-kontogruni-jk-couture-56\\\/#breadcrumb\",\"itemListElement\":[{\"@type\":\"ListItem\",\"position\":1,\"name\":\"Home\",\"item\":\"https:\\\/\\\/www.koonings.com\\\/fr\\\/\"},{\"@type\":\"ListItem\",\"position\":2,\"name\":\"Julia Kontogruni JK couture 56\"}]},{\"@type\":\"WebSite\",\"@id\":\"https:\\\/\\\/www.koonings.com\\\/fr\\\/#website\",\"url\":\"https:\\\/\\\/www.koonings.com\\\/fr\\\/\",\"name\":\"Koonings\",\"description\":\"De grootste bruidsmodewinkel ter wereld\",\"publisher\":{\"@id\":\"https:\\\/\\\/www.koonings.com\\\/fr\\\/#organization\"},\"potentialAction\":[{\"@type\":\"SearchAction\",\"target\":{\"@type\":\"EntryPoint\",\"urlTemplate\":\"https:\\\/\\\/www.koonings.com\\\/fr\\\/?s={search_term_string}\"},\"query-input\":{\"@type\":\"PropertyValueSpecification\",\"valueRequired\":true,\"valueName\":\"search_term_string\"}}],\"inLanguage\":\"fr-FR\"},{\"@type\":\"Organization\",\"@id\":\"https:\\\/\\\/www.koonings.com\\\/fr\\\/#organization\",\"name\":\"Koonings\",\"url\":\"https:\\\/\\\/www.koonings.com\\\/fr\\\/\",\"logo\":{\"@type\":\"ImageObject\",\"inLanguage\":\"fr-FR\",\"@id\":\"https:\\\/\\\/www.koonings.com\\\/fr\\\/#\\\/schema\\\/logo\\\/image\\\/\",\"url\":\"https:\\\/\\\/www.koonings.com\\\/wp-content\\\/uploads\\\/2024\\\/07\\\/logo.png\",\"contentUrl\":\"https:\\\/\\\/www.koonings.com\\\/wp-content\\\/uploads\\\/2024\\\/07\\\/logo.png\",\"width\":600,\"height\":428,\"caption\":\"Koonings\"},\"image\":{\"@id\":\"https:\\\/\\\/www.koonings.com\\\/fr\\\/#\\\/schema\\\/logo\\\/image\\\/\"},\"sameAs\":[\"https:\\\/\\\/www.facebook.com\\\/kooningstheweddingpalace\",\"https:\\\/\\\/www.instagram.com\\\/kooningstheweddingpalace\",\"https:\\\/\\\/www.pinterest.com\\\/koonings\",\"https:\\\/\\\/www.youtube.com\\\/kooningstheweddingpalace\"]}]}<\/script>\n<!-- \/ Yoast SEO plugin. -->","yoast_head_json":{"title":"Julia Kontogruni JK couture 56 | Koonings","description":"Cette robe de mari\u00e9e ivoire de Julia Kontogruni pr\u00e9sente une silhouette ajust\u00e9e. Elle se compose d'un haut \u00e0 manches longues et d'une jupe droite. En outre, cette robe pr\u00e9sente des d\u00e9tails suppl\u00e9mentaires sur les \u00e9paules.","robots":{"index":"index","follow":"follow","max-snippet":"max-snippet:-1","max-image-preview":"max-image-preview:large","max-video-preview":"max-video-preview:-1"},"canonical":"https:\/\/www.koonings.com\/fr\/product\/julia-kontogruni-jk-couture-56\/","og_locale":"fr_FR","og_type":"article","og_title":"Julia Kontogruni JK couture 56 | Koonings","og_description":"Cette robe de mari\u00e9e ivoire de Julia Kontogruni pr\u00e9sente une silhouette ajust\u00e9e. Elle se compose d'un haut \u00e0 manches longues et d'une jupe droite. En outre, cette robe pr\u00e9sente des d\u00e9tails suppl\u00e9mentaires sur les \u00e9paules.","og_url":"https:\/\/www.koonings.com\/fr\/product\/julia-kontogruni-jk-couture-56\/","og_site_name":"Koonings","article_publisher":"https:\/\/www.facebook.com\/kooningstheweddingpalace","og_image":[{"width":764,"height":1081,"url":"https:\/\/www.koonings.com\/wp-content\/uploads\/2024\/11\/26904_846e03c64fa66025d32199d33cf3cfc7cd154b38e91dc237e7b16b66e25a088175920f43.jpeg","type":"image\/jpeg"}],"twitter_card":"summary_large_image","schema":{"@context":"https:\/\/schema.org","@graph":[{"@type":"WebPage","@id":"https:\/\/www.koonings.com\/fr\/product\/julia-kontogruni-jk-couture-56\/","url":"https:\/\/www.koonings.com\/fr\/product\/julia-kontogruni-jk-couture-56\/","name":"Julia Kontogruni JK couture 56 | Koonings","isPartOf":{"@id":"https:\/\/www.koonings.com\/fr\/#website"},"primaryImageOfPage":{"@id":"https:\/\/www.koonings.com\/fr\/product\/julia-kontogruni-jk-couture-56\/#primaryimage"},"image":{"@id":"https:\/\/www.koonings.com\/fr\/product\/julia-kontogruni-jk-couture-56\/#primaryimage"},"thumbnailUrl":"https:\/\/www.koonings.com\/wp-content\/uploads\/2024\/11\/26904_846e03c64fa66025d32199d33cf3cfc7cd154b38e91dc237e7b16b66e25a088175920f43.jpeg","datePublished":"2026-05-06T13:06:08+00:00","description":"Cette robe de mari\u00e9e ivoire de Julia Kontogruni pr\u00e9sente une silhouette ajust\u00e9e. Elle se compose d'un haut \u00e0 manches longues et d'une jupe droite. En outre, cette robe pr\u00e9sente des d\u00e9tails suppl\u00e9mentaires sur les \u00e9paules.","breadcrumb":{"@id":"https:\/\/www.koonings.com\/fr\/product\/julia-kontogruni-jk-couture-56\/#breadcrumb"},"inLanguage":"fr-FR","potentialAction":[{"@type":"ReadAction","target":["https:\/\/www.koonings.com\/fr\/product\/julia-kontogruni-jk-couture-56\/"]}]},{"@type":"ImageObject","inLanguage":"fr-FR","@id":"https:\/\/www.koonings.com\/fr\/product\/julia-kontogruni-jk-couture-56\/#primaryimage","url":"https:\/\/www.koonings.com\/wp-content\/uploads\/2024\/11\/26904_846e03c64fa66025d32199d33cf3cfc7cd154b38e91dc237e7b16b66e25a088175920f43.jpeg","contentUrl":"https:\/\/www.koonings.com\/wp-content\/uploads\/2024\/11\/26904_846e03c64fa66025d32199d33cf3cfc7cd154b38e91dc237e7b16b66e25a088175920f43.jpeg","width":764,"height":1081},{"@type":"BreadcrumbList","@id":"https:\/\/www.koonings.com\/fr\/product\/julia-kontogruni-jk-couture-56\/#breadcrumb","itemListElement":[{"@type":"ListItem","position":1,"name":"Home","item":"https:\/\/www.koonings.com\/fr\/"},{"@type":"ListItem","position":2,"name":"Julia Kontogruni JK couture 56"}]},{"@type":"WebSite","@id":"https:\/\/www.koonings.com\/fr\/#website","url":"https:\/\/www.koonings.com\/fr\/","name":"Koonings","description":"De grootste bruidsmodewinkel ter wereld","publisher":{"@id":"https:\/\/www.koonings.com\/fr\/#organization"},"potentialAction":[{"@type":"SearchAction","target":{"@type":"EntryPoint","urlTemplate":"https:\/\/www.koonings.com\/fr\/?s={search_term_string}"},"query-input":{"@type":"PropertyValueSpecification","valueRequired":true,"valueName":"search_term_string"}}],"inLanguage":"fr-FR"},{"@type":"Organization","@id":"https:\/\/www.koonings.com\/fr\/#organization","name":"Koonings","url":"https:\/\/www.koonings.com\/fr\/","logo":{"@type":"ImageObject","inLanguage":"fr-FR","@id":"https:\/\/www.koonings.com\/fr\/#\/schema\/logo\/image\/","url":"https:\/\/www.koonings.com\/wp-content\/uploads\/2024\/07\/logo.png","contentUrl":"https:\/\/www.koonings.com\/wp-content\/uploads\/2024\/07\/logo.png","width":600,"height":428,"caption":"Koonings"},"image":{"@id":"https:\/\/www.koonings.com\/fr\/#\/schema\/logo\/image\/"},"sameAs":["https:\/\/www.facebook.com\/kooningstheweddingpalace","https:\/\/www.instagram.com\/kooningstheweddingpalace","https:\/\/www.pinterest.com\/koonings","https:\/\/www.youtube.com\/kooningstheweddingpalace"]}]}},"_links":{"self":[{"href":"https:\/\/www.koonings.com\/fr\/wp-json\/wp\/v2\/product\/32431","targetHints":{"allow":["GET"]}}],"collection":[{"href":"https:\/\/www.koonings.com\/fr\/wp-json\/wp\/v2\/product"}],"about":[{"href":"https:\/\/www.koonings.com\/fr\/wp-json\/wp\/v2\/types\/product"}],"wp:featuredmedia":[{"embeddable":true,"href":"https:\/\/www.koonings.com\/fr\/wp-json\/wp\/v2\/media\/26484"}],"wp:attachment":[{"href":"https:\/\/www.koonings.com\/fr\/wp-json\/wp\/v2\/media?parent=32431"}],"wp:term":[{"taxonomy":"productdetails","embeddable":true,"href":"https:\/\/www.koonings.com\/fr\/wp-json\/wp\/v2\/productdetails?post=32431"},{"taxonomy":"productneck","embeddable":true,"href":"https:\/\/www.koonings.com\/fr\/wp-json\/wp\/v2\/productneck?post=32431"},{"taxonomy":"productcolor","embeddable":true,"href":"https:\/\/www.koonings.com\/fr\/wp-json\/wp\/v2\/productcolor?post=32431"},{"taxonomy":"maat","embeddable":true,"href":"https:\/\/www.koonings.com\/fr\/wp-json\/wp\/v2\/maat?post=32431"},{"taxonomy":"productsupplier","embeddable":true,"href":"https:\/\/www.koonings.com\/fr\/wp-json\/wp\/v2\/productsupplier?post=32431"},{"taxonomy":"productsleeve","embeddable":true,"href":"https:\/\/www.koonings.com\/fr\/wp-json\/wp\/v2\/productsleeve?post=32431"},{"taxonomy":"productcategory","embeddable":true,"href":"https:\/\/www.koonings.com\/fr\/wp-json\/wp\/v2\/productcategory?post=32431"},{"taxonomy":"productsilhouette","embeddable":true,"href":"https:\/\/www.koonings.com\/fr\/wp-json\/wp\/v2\/productsilhouette?post=32431"},{"taxonomy":"productstyle","embeddable":true,"href":"https:\/\/www.koonings.com\/fr\/wp-json\/wp\/v2\/productstyle?post=32431"}],"curies":[{"name":"wp","href":"https:\/\/api.w.org\/{rel}","templated":true}]}}