{"id":32429,"date":"2026-04-28T18:06:09","date_gmt":"2026-04-28T16:06:09","guid":{"rendered":"https:\/\/www.koonings.com\/product\/julia-kontogruni-cb-couture-12\/"},"modified":"2026-02-16T11:32:30","modified_gmt":"2026-02-16T10:32:30","slug":"julia-kontogruni-cb-couture-12","status":"publish","type":"product","link":"https:\/\/www.koonings.com\/fr\/product\/julia-kontogruni-cb-couture-12\/","title":{"rendered":"Julia Kontogruni CB couture 12"},"content":{"rendered":"<p>D&#8217;un style extravagant, cette robe de mari\u00e9e sir\u00e8ne pr\u00e9sente un corsage illusion avec un d\u00e9collet\u00e9 en c\u0153ur. Des applications de dentelle originales sont plac\u00e9es sur les \u00e9paules et dans le bas du dos. Le corsage fin se termine par une d\u00e9licate jupe \u00e0 volants qui se termine par une tr\u00e8s longue tra\u00eene et qui est orn\u00e9e d&#8217;appliqu\u00e9s en dentelle.  <\/p>\n","protected":false},"featured_media":26522,"template":"","meta":{"_acf_changed":false,"ghostkit_customizer_options":"","ghostkit_custom_css":"","ghostkit_custom_js_head":"","ghostkit_custom_js_foot":"","ghostkit_typography":""},"productdetails":[],"productneck":[355],"productcolor":[392],"maat":[],"productsupplier":[409],"productsleeve":[359],"productcategory":[18],"productsilhouette":[387,390],"productstyle":[367,366],"class_list":["post-32429","product","type-product","status-publish","has-post-thumbnail","hentry","productneck-355","productcolor-392","productsupplier-julia-kontogruni","productsleeve-359","productcategory-trouwjurken","productsilhouette-387","productsilhouette-390","productstyle-367","productstyle-366"],"acf":[],"yoast_head":"<!-- This site is optimized with the Yoast SEO plugin v27.3 - https:\/\/yoast.com\/product\/yoast-seo-wordpress\/ -->\n<title>Julia Kontogruni CB couture 12 | Koonings<\/title>\n<meta name=\"description\" content=\"D&#039;un style extravagant, cette robe de mari\u00e9e sir\u00e8ne pr\u00e9sente un corsage illusion avec un d\u00e9collet\u00e9 en c\u0153ur. Des applications de dentelle originales sont plac\u00e9es sur les \u00e9paules et dans le bas du dos. Le corsage fin se termine par une d\u00e9licate jupe \u00e0 volants qui se termine par une tr\u00e8s longue tra\u00eene et qui est orn\u00e9e d&#039;appliqu\u00e9s en dentelle.\" \/>\n<meta name=\"robots\" content=\"index, follow, max-snippet:-1, max-image-preview:large, max-video-preview:-1\" \/>\n<link rel=\"canonical\" href=\"https:\/\/www.koonings.com\/fr\/product\/julia-kontogruni-cb-couture-12\/\" \/>\n<meta property=\"og:locale\" content=\"fr_FR\" \/>\n<meta property=\"og:type\" content=\"article\" \/>\n<meta property=\"og:title\" content=\"Julia Kontogruni CB couture 12 | Koonings\" \/>\n<meta property=\"og:description\" content=\"D&#039;un style extravagant, cette robe de mari\u00e9e sir\u00e8ne pr\u00e9sente un corsage illusion avec un d\u00e9collet\u00e9 en c\u0153ur. Des applications de dentelle originales sont plac\u00e9es sur les \u00e9paules et dans le bas du dos. Le corsage fin se termine par une d\u00e9licate jupe \u00e0 volants qui se termine par une tr\u00e8s longue tra\u00eene et qui est orn\u00e9e d&#039;appliqu\u00e9s en dentelle.\" \/>\n<meta property=\"og:url\" content=\"https:\/\/www.koonings.com\/fr\/product\/julia-kontogruni-cb-couture-12\/\" \/>\n<meta property=\"og:site_name\" content=\"Koonings\" \/>\n<meta property=\"article:publisher\" content=\"https:\/\/www.facebook.com\/kooningstheweddingpalace\" \/>\n<meta property=\"og:image\" content=\"https:\/\/www.koonings.com\/wp-content\/uploads\/2024\/11\/26913_dde83505d3414c0037557bde4859a4c036fb6c9d351dedb246cfec41247bf07a3b71dea4.jpeg\" \/>\n\t<meta property=\"og:image:width\" content=\"628\" \/>\n\t<meta property=\"og:image:height\" content=\"888\" \/>\n\t<meta property=\"og:image:type\" content=\"image\/jpeg\" \/>\n<meta name=\"twitter:card\" content=\"summary_large_image\" \/>\n<script type=\"application\/ld+json\" class=\"yoast-schema-graph\">{\"@context\":\"https:\\\/\\\/schema.org\",\"@graph\":[{\"@type\":\"WebPage\",\"@id\":\"https:\\\/\\\/www.koonings.com\\\/fr\\\/product\\\/julia-kontogruni-cb-couture-12\\\/\",\"url\":\"https:\\\/\\\/www.koonings.com\\\/fr\\\/product\\\/julia-kontogruni-cb-couture-12\\\/\",\"name\":\"Julia Kontogruni CB couture 12 | Koonings\",\"isPartOf\":{\"@id\":\"https:\\\/\\\/www.koonings.com\\\/fr\\\/#website\"},\"primaryImageOfPage\":{\"@id\":\"https:\\\/\\\/www.koonings.com\\\/fr\\\/product\\\/julia-kontogruni-cb-couture-12\\\/#primaryimage\"},\"image\":{\"@id\":\"https:\\\/\\\/www.koonings.com\\\/fr\\\/product\\\/julia-kontogruni-cb-couture-12\\\/#primaryimage\"},\"thumbnailUrl\":\"https:\\\/\\\/www.koonings.com\\\/wp-content\\\/uploads\\\/2024\\\/11\\\/26913_dde83505d3414c0037557bde4859a4c036fb6c9d351dedb246cfec41247bf07a3b71dea4.jpeg\",\"datePublished\":\"2026-04-28T16:06:09+00:00\",\"description\":\"D'un style extravagant, cette robe de mari\u00e9e sir\u00e8ne pr\u00e9sente un corsage illusion avec un d\u00e9collet\u00e9 en c\u0153ur. Des applications de dentelle originales sont plac\u00e9es sur les \u00e9paules et dans le bas du dos. Le corsage fin se termine par une d\u00e9licate jupe \u00e0 volants qui se termine par une tr\u00e8s longue tra\u00eene et qui est orn\u00e9e d'appliqu\u00e9s en dentelle.\",\"breadcrumb\":{\"@id\":\"https:\\\/\\\/www.koonings.com\\\/fr\\\/product\\\/julia-kontogruni-cb-couture-12\\\/#breadcrumb\"},\"inLanguage\":\"fr-FR\",\"potentialAction\":[{\"@type\":\"ReadAction\",\"target\":[\"https:\\\/\\\/www.koonings.com\\\/fr\\\/product\\\/julia-kontogruni-cb-couture-12\\\/\"]}]},{\"@type\":\"ImageObject\",\"inLanguage\":\"fr-FR\",\"@id\":\"https:\\\/\\\/www.koonings.com\\\/fr\\\/product\\\/julia-kontogruni-cb-couture-12\\\/#primaryimage\",\"url\":\"https:\\\/\\\/www.koonings.com\\\/wp-content\\\/uploads\\\/2024\\\/11\\\/26913_dde83505d3414c0037557bde4859a4c036fb6c9d351dedb246cfec41247bf07a3b71dea4.jpeg\",\"contentUrl\":\"https:\\\/\\\/www.koonings.com\\\/wp-content\\\/uploads\\\/2024\\\/11\\\/26913_dde83505d3414c0037557bde4859a4c036fb6c9d351dedb246cfec41247bf07a3b71dea4.jpeg\",\"width\":628,\"height\":888},{\"@type\":\"BreadcrumbList\",\"@id\":\"https:\\\/\\\/www.koonings.com\\\/fr\\\/product\\\/julia-kontogruni-cb-couture-12\\\/#breadcrumb\",\"itemListElement\":[{\"@type\":\"ListItem\",\"position\":1,\"name\":\"Home\",\"item\":\"https:\\\/\\\/www.koonings.com\\\/fr\\\/\"},{\"@type\":\"ListItem\",\"position\":2,\"name\":\"Julia Kontogruni CB couture 12\"}]},{\"@type\":\"WebSite\",\"@id\":\"https:\\\/\\\/www.koonings.com\\\/fr\\\/#website\",\"url\":\"https:\\\/\\\/www.koonings.com\\\/fr\\\/\",\"name\":\"Koonings\",\"description\":\"De grootste bruidsmodewinkel ter wereld\",\"publisher\":{\"@id\":\"https:\\\/\\\/www.koonings.com\\\/fr\\\/#organization\"},\"potentialAction\":[{\"@type\":\"SearchAction\",\"target\":{\"@type\":\"EntryPoint\",\"urlTemplate\":\"https:\\\/\\\/www.koonings.com\\\/fr\\\/?s={search_term_string}\"},\"query-input\":{\"@type\":\"PropertyValueSpecification\",\"valueRequired\":true,\"valueName\":\"search_term_string\"}}],\"inLanguage\":\"fr-FR\"},{\"@type\":\"Organization\",\"@id\":\"https:\\\/\\\/www.koonings.com\\\/fr\\\/#organization\",\"name\":\"Koonings\",\"url\":\"https:\\\/\\\/www.koonings.com\\\/fr\\\/\",\"logo\":{\"@type\":\"ImageObject\",\"inLanguage\":\"fr-FR\",\"@id\":\"https:\\\/\\\/www.koonings.com\\\/fr\\\/#\\\/schema\\\/logo\\\/image\\\/\",\"url\":\"https:\\\/\\\/www.koonings.com\\\/wp-content\\\/uploads\\\/2024\\\/07\\\/logo.png\",\"contentUrl\":\"https:\\\/\\\/www.koonings.com\\\/wp-content\\\/uploads\\\/2024\\\/07\\\/logo.png\",\"width\":600,\"height\":428,\"caption\":\"Koonings\"},\"image\":{\"@id\":\"https:\\\/\\\/www.koonings.com\\\/fr\\\/#\\\/schema\\\/logo\\\/image\\\/\"},\"sameAs\":[\"https:\\\/\\\/www.facebook.com\\\/kooningstheweddingpalace\",\"https:\\\/\\\/www.instagram.com\\\/kooningstheweddingpalace\",\"https:\\\/\\\/www.pinterest.com\\\/koonings\",\"https:\\\/\\\/www.youtube.com\\\/kooningstheweddingpalace\"]}]}<\/script>\n<!-- \/ Yoast SEO plugin. -->","yoast_head_json":{"title":"Julia Kontogruni CB couture 12 | Koonings","description":"D'un style extravagant, cette robe de mari\u00e9e sir\u00e8ne pr\u00e9sente un corsage illusion avec un d\u00e9collet\u00e9 en c\u0153ur. Des applications de dentelle originales sont plac\u00e9es sur les \u00e9paules et dans le bas du dos. Le corsage fin se termine par une d\u00e9licate jupe \u00e0 volants qui se termine par une tr\u00e8s longue tra\u00eene et qui est orn\u00e9e d'appliqu\u00e9s en dentelle.","robots":{"index":"index","follow":"follow","max-snippet":"max-snippet:-1","max-image-preview":"max-image-preview:large","max-video-preview":"max-video-preview:-1"},"canonical":"https:\/\/www.koonings.com\/fr\/product\/julia-kontogruni-cb-couture-12\/","og_locale":"fr_FR","og_type":"article","og_title":"Julia Kontogruni CB couture 12 | Koonings","og_description":"D'un style extravagant, cette robe de mari\u00e9e sir\u00e8ne pr\u00e9sente un corsage illusion avec un d\u00e9collet\u00e9 en c\u0153ur. Des applications de dentelle originales sont plac\u00e9es sur les \u00e9paules et dans le bas du dos. Le corsage fin se termine par une d\u00e9licate jupe \u00e0 volants qui se termine par une tr\u00e8s longue tra\u00eene et qui est orn\u00e9e d'appliqu\u00e9s en dentelle.","og_url":"https:\/\/www.koonings.com\/fr\/product\/julia-kontogruni-cb-couture-12\/","og_site_name":"Koonings","article_publisher":"https:\/\/www.facebook.com\/kooningstheweddingpalace","og_image":[{"width":628,"height":888,"url":"https:\/\/www.koonings.com\/wp-content\/uploads\/2024\/11\/26913_dde83505d3414c0037557bde4859a4c036fb6c9d351dedb246cfec41247bf07a3b71dea4.jpeg","type":"image\/jpeg"}],"twitter_card":"summary_large_image","schema":{"@context":"https:\/\/schema.org","@graph":[{"@type":"WebPage","@id":"https:\/\/www.koonings.com\/fr\/product\/julia-kontogruni-cb-couture-12\/","url":"https:\/\/www.koonings.com\/fr\/product\/julia-kontogruni-cb-couture-12\/","name":"Julia Kontogruni CB couture 12 | Koonings","isPartOf":{"@id":"https:\/\/www.koonings.com\/fr\/#website"},"primaryImageOfPage":{"@id":"https:\/\/www.koonings.com\/fr\/product\/julia-kontogruni-cb-couture-12\/#primaryimage"},"image":{"@id":"https:\/\/www.koonings.com\/fr\/product\/julia-kontogruni-cb-couture-12\/#primaryimage"},"thumbnailUrl":"https:\/\/www.koonings.com\/wp-content\/uploads\/2024\/11\/26913_dde83505d3414c0037557bde4859a4c036fb6c9d351dedb246cfec41247bf07a3b71dea4.jpeg","datePublished":"2026-04-28T16:06:09+00:00","description":"D'un style extravagant, cette robe de mari\u00e9e sir\u00e8ne pr\u00e9sente un corsage illusion avec un d\u00e9collet\u00e9 en c\u0153ur. Des applications de dentelle originales sont plac\u00e9es sur les \u00e9paules et dans le bas du dos. Le corsage fin se termine par une d\u00e9licate jupe \u00e0 volants qui se termine par une tr\u00e8s longue tra\u00eene et qui est orn\u00e9e d'appliqu\u00e9s en dentelle.","breadcrumb":{"@id":"https:\/\/www.koonings.com\/fr\/product\/julia-kontogruni-cb-couture-12\/#breadcrumb"},"inLanguage":"fr-FR","potentialAction":[{"@type":"ReadAction","target":["https:\/\/www.koonings.com\/fr\/product\/julia-kontogruni-cb-couture-12\/"]}]},{"@type":"ImageObject","inLanguage":"fr-FR","@id":"https:\/\/www.koonings.com\/fr\/product\/julia-kontogruni-cb-couture-12\/#primaryimage","url":"https:\/\/www.koonings.com\/wp-content\/uploads\/2024\/11\/26913_dde83505d3414c0037557bde4859a4c036fb6c9d351dedb246cfec41247bf07a3b71dea4.jpeg","contentUrl":"https:\/\/www.koonings.com\/wp-content\/uploads\/2024\/11\/26913_dde83505d3414c0037557bde4859a4c036fb6c9d351dedb246cfec41247bf07a3b71dea4.jpeg","width":628,"height":888},{"@type":"BreadcrumbList","@id":"https:\/\/www.koonings.com\/fr\/product\/julia-kontogruni-cb-couture-12\/#breadcrumb","itemListElement":[{"@type":"ListItem","position":1,"name":"Home","item":"https:\/\/www.koonings.com\/fr\/"},{"@type":"ListItem","position":2,"name":"Julia Kontogruni CB couture 12"}]},{"@type":"WebSite","@id":"https:\/\/www.koonings.com\/fr\/#website","url":"https:\/\/www.koonings.com\/fr\/","name":"Koonings","description":"De grootste bruidsmodewinkel ter wereld","publisher":{"@id":"https:\/\/www.koonings.com\/fr\/#organization"},"potentialAction":[{"@type":"SearchAction","target":{"@type":"EntryPoint","urlTemplate":"https:\/\/www.koonings.com\/fr\/?s={search_term_string}"},"query-input":{"@type":"PropertyValueSpecification","valueRequired":true,"valueName":"search_term_string"}}],"inLanguage":"fr-FR"},{"@type":"Organization","@id":"https:\/\/www.koonings.com\/fr\/#organization","name":"Koonings","url":"https:\/\/www.koonings.com\/fr\/","logo":{"@type":"ImageObject","inLanguage":"fr-FR","@id":"https:\/\/www.koonings.com\/fr\/#\/schema\/logo\/image\/","url":"https:\/\/www.koonings.com\/wp-content\/uploads\/2024\/07\/logo.png","contentUrl":"https:\/\/www.koonings.com\/wp-content\/uploads\/2024\/07\/logo.png","width":600,"height":428,"caption":"Koonings"},"image":{"@id":"https:\/\/www.koonings.com\/fr\/#\/schema\/logo\/image\/"},"sameAs":["https:\/\/www.facebook.com\/kooningstheweddingpalace","https:\/\/www.instagram.com\/kooningstheweddingpalace","https:\/\/www.pinterest.com\/koonings","https:\/\/www.youtube.com\/kooningstheweddingpalace"]}]}},"_links":{"self":[{"href":"https:\/\/www.koonings.com\/fr\/wp-json\/wp\/v2\/product\/32429","targetHints":{"allow":["GET"]}}],"collection":[{"href":"https:\/\/www.koonings.com\/fr\/wp-json\/wp\/v2\/product"}],"about":[{"href":"https:\/\/www.koonings.com\/fr\/wp-json\/wp\/v2\/types\/product"}],"wp:featuredmedia":[{"embeddable":true,"href":"https:\/\/www.koonings.com\/fr\/wp-json\/wp\/v2\/media\/26522"}],"wp:attachment":[{"href":"https:\/\/www.koonings.com\/fr\/wp-json\/wp\/v2\/media?parent=32429"}],"wp:term":[{"taxonomy":"productdetails","embeddable":true,"href":"https:\/\/www.koonings.com\/fr\/wp-json\/wp\/v2\/productdetails?post=32429"},{"taxonomy":"productneck","embeddable":true,"href":"https:\/\/www.koonings.com\/fr\/wp-json\/wp\/v2\/productneck?post=32429"},{"taxonomy":"productcolor","embeddable":true,"href":"https:\/\/www.koonings.com\/fr\/wp-json\/wp\/v2\/productcolor?post=32429"},{"taxonomy":"maat","embeddable":true,"href":"https:\/\/www.koonings.com\/fr\/wp-json\/wp\/v2\/maat?post=32429"},{"taxonomy":"productsupplier","embeddable":true,"href":"https:\/\/www.koonings.com\/fr\/wp-json\/wp\/v2\/productsupplier?post=32429"},{"taxonomy":"productsleeve","embeddable":true,"href":"https:\/\/www.koonings.com\/fr\/wp-json\/wp\/v2\/productsleeve?post=32429"},{"taxonomy":"productcategory","embeddable":true,"href":"https:\/\/www.koonings.com\/fr\/wp-json\/wp\/v2\/productcategory?post=32429"},{"taxonomy":"productsilhouette","embeddable":true,"href":"https:\/\/www.koonings.com\/fr\/wp-json\/wp\/v2\/productsilhouette?post=32429"},{"taxonomy":"productstyle","embeddable":true,"href":"https:\/\/www.koonings.com\/fr\/wp-json\/wp\/v2\/productstyle?post=32429"}],"curies":[{"name":"wp","href":"https:\/\/api.w.org\/{rel}","templated":true}]}}