{"id":32389,"date":"2025-12-15T00:02:17","date_gmt":"2025-12-14T23:02:17","guid":{"rendered":"https:\/\/www.koonings.com\/product\/two-by-rosa-clara-octopus\/"},"modified":"2026-02-02T14:26:25","modified_gmt":"2026-02-02T13:26:25","slug":"two-by-rosa-clara-octopus","status":"publish","type":"product","link":"https:\/\/www.koonings.com\/fr\/product\/two-by-rosa-clara-octopus\/","title":{"rendered":"Deux par Rosa Clara Octopus"},"content":{"rendered":"<p>Octopus est une robe de mari\u00e9e enchanteresse qui respire l&#8217;\u00e9l\u00e9gance et la sophistication. Originaire d&#8217;Espagne, ce mod\u00e8le associe des lignes modernes \u00e0 un charme classique, ce qui en fait une robe \u00e0 la fois intemporelle et contemporaine. L&#8217;utilisation d\u00e9licate de tissus luxueux et de d\u00e9tails subtils cr\u00e9e un \u00e9quilibre parfait entre simplicit\u00e9 et sophistication. La robe Octopus a une belle silhouette qui accentue les formes f\u00e9minines de mani\u00e8re douce et sophistiqu\u00e9e, tandis que le design minimaliste permet une allure \u00e9l\u00e9gante. Cette robe est id\u00e9ale pour les mari\u00e9es qui recherchent un look \u00e9l\u00e9gant, chic et moderne pour leur grand jour. Exclusivement disponible chez Koonings The Wedding Palace, cette robe est un excellent choix pour la mari\u00e9e qui recherche quelque chose de sp\u00e9cial et d&#8217;unique.     <\/p>\n","protected":false},"featured_media":63374,"template":"","meta":{"_acf_changed":false,"ghostkit_customizer_options":"","ghostkit_custom_css":"","ghostkit_custom_js_head":"","ghostkit_custom_js_foot":"","ghostkit_typography":""},"productdetails":[381],"productneck":[354,355],"productcolor":[392],"maat":[],"productsupplier":[397],"productsleeve":[],"productcategory":[18],"productsilhouette":[388],"productstyle":[372,366],"class_list":["post-32389","product","type-product","status-publish","has-post-thumbnail","hentry","productdetails-381","productneck-354","productneck-355","productcolor-392","productsupplier-two-by-rosa-clara","productcategory-trouwjurken","productsilhouette-388","productstyle-372","productstyle-366"],"acf":[],"yoast_head":"<!-- This site is optimized with the Yoast SEO plugin v27.3 - https:\/\/yoast.com\/product\/yoast-seo-wordpress\/ -->\n<title>Deux par Rosa Clara Octopus | Koonings<\/title>\n<meta name=\"description\" content=\"Octopus est une robe de mari\u00e9e enchanteresse qui respire l&#039;\u00e9l\u00e9gance et la sophistication. Originaire d&#039;Espagne, ce mod\u00e8le associe des lignes modernes \u00e0 un charme classique, ce qui en fait une robe \u00e0 la fois intemporelle et contemporaine. L&#039;utilisation d\u00e9licate de tissus luxueux et de d\u00e9tails subtils cr\u00e9e un \u00e9quilibre parfait entre simplicit\u00e9 et sophistication. La robe Octopus a une belle silhouette qui accentue les formes f\u00e9minines de mani\u00e8re douce et sophistiqu\u00e9e, tandis que le design minimaliste permet une allure \u00e9l\u00e9gante. Cette robe est id\u00e9ale pour les mari\u00e9es qui recherchent un look \u00e9l\u00e9gant, chic et moderne pour leur grand jour. Exclusivement disponible chez Koonings The Wedding Palace, cette robe est un excellent choix pour la mari\u00e9e qui recherche quelque chose de sp\u00e9cial et d&#039;unique.\" \/>\n<meta name=\"robots\" content=\"index, follow, max-snippet:-1, max-image-preview:large, max-video-preview:-1\" \/>\n<link rel=\"canonical\" href=\"https:\/\/www.koonings.com\/fr\/product\/two-by-rosa-clara-octopus\/\" \/>\n<meta property=\"og:locale\" content=\"fr_FR\" \/>\n<meta property=\"og:type\" content=\"article\" \/>\n<meta property=\"og:title\" content=\"Deux par Rosa Clara Octopus | Koonings\" \/>\n<meta property=\"og:description\" content=\"Octopus est une robe de mari\u00e9e enchanteresse qui respire l&#039;\u00e9l\u00e9gance et la sophistication. Originaire d&#039;Espagne, ce mod\u00e8le associe des lignes modernes \u00e0 un charme classique, ce qui en fait une robe \u00e0 la fois intemporelle et contemporaine. L&#039;utilisation d\u00e9licate de tissus luxueux et de d\u00e9tails subtils cr\u00e9e un \u00e9quilibre parfait entre simplicit\u00e9 et sophistication. La robe Octopus a une belle silhouette qui accentue les formes f\u00e9minines de mani\u00e8re douce et sophistiqu\u00e9e, tandis que le design minimaliste permet une allure \u00e9l\u00e9gante. Cette robe est id\u00e9ale pour les mari\u00e9es qui recherchent un look \u00e9l\u00e9gant, chic et moderne pour leur grand jour. Exclusivement disponible chez Koonings The Wedding Palace, cette robe est un excellent choix pour la mari\u00e9e qui recherche quelque chose de sp\u00e9cial et d&#039;unique.\" \/>\n<meta property=\"og:url\" content=\"https:\/\/www.koonings.com\/fr\/product\/two-by-rosa-clara-octopus\/\" \/>\n<meta property=\"og:site_name\" content=\"Koonings\" \/>\n<meta property=\"article:publisher\" content=\"https:\/\/www.facebook.com\/kooningstheweddingpalace\" \/>\n<meta property=\"article:modified_time\" content=\"2026-02-02T13:26:25+00:00\" \/>\n<meta property=\"og:image\" content=\"https:\/\/www.koonings.com\/wp-content\/uploads\/2024\/11\/122_9a674065c1043c37ac67a47f0e6f5120165a680d9abeaaf156168ae4cdd90e32fc8f47d8-scaled.jpeg\" \/>\n\t<meta property=\"og:image:width\" content=\"1984\" \/>\n\t<meta property=\"og:image:height\" content=\"2560\" \/>\n\t<meta property=\"og:image:type\" content=\"image\/jpeg\" \/>\n<meta name=\"twitter:card\" content=\"summary_large_image\" \/>\n<meta name=\"twitter:label1\" content=\"Dur\u00e9e de lecture estim\u00e9e\" \/>\n\t<meta name=\"twitter:data1\" content=\"1 minute\" \/>\n<script type=\"application\/ld+json\" class=\"yoast-schema-graph\">{\"@context\":\"https:\\\/\\\/schema.org\",\"@graph\":[{\"@type\":\"WebPage\",\"@id\":\"https:\\\/\\\/www.koonings.com\\\/fr\\\/product\\\/two-by-rosa-clara-octopus\\\/\",\"url\":\"https:\\\/\\\/www.koonings.com\\\/fr\\\/product\\\/two-by-rosa-clara-octopus\\\/\",\"name\":\"Deux par Rosa Clara Octopus | Koonings\",\"isPartOf\":{\"@id\":\"https:\\\/\\\/www.koonings.com\\\/fr\\\/#website\"},\"primaryImageOfPage\":{\"@id\":\"https:\\\/\\\/www.koonings.com\\\/fr\\\/product\\\/two-by-rosa-clara-octopus\\\/#primaryimage\"},\"image\":{\"@id\":\"https:\\\/\\\/www.koonings.com\\\/fr\\\/product\\\/two-by-rosa-clara-octopus\\\/#primaryimage\"},\"thumbnailUrl\":\"https:\\\/\\\/www.koonings.com\\\/wp-content\\\/uploads\\\/2024\\\/11\\\/122_9a674065c1043c37ac67a47f0e6f5120165a680d9abeaaf156168ae4cdd90e32fc8f47d8-scaled.jpeg\",\"datePublished\":\"2025-12-14T23:02:17+00:00\",\"dateModified\":\"2026-02-02T13:26:25+00:00\",\"description\":\"Octopus est une robe de mari\u00e9e enchanteresse qui respire l'\u00e9l\u00e9gance et la sophistication. Originaire d'Espagne, ce mod\u00e8le associe des lignes modernes \u00e0 un charme classique, ce qui en fait une robe \u00e0 la fois intemporelle et contemporaine. L'utilisation d\u00e9licate de tissus luxueux et de d\u00e9tails subtils cr\u00e9e un \u00e9quilibre parfait entre simplicit\u00e9 et sophistication. La robe Octopus a une belle silhouette qui accentue les formes f\u00e9minines de mani\u00e8re douce et sophistiqu\u00e9e, tandis que le design minimaliste permet une allure \u00e9l\u00e9gante. Cette robe est id\u00e9ale pour les mari\u00e9es qui recherchent un look \u00e9l\u00e9gant, chic et moderne pour leur grand jour. Exclusivement disponible chez Koonings The Wedding Palace, cette robe est un excellent choix pour la mari\u00e9e qui recherche quelque chose de sp\u00e9cial et d'unique.\",\"breadcrumb\":{\"@id\":\"https:\\\/\\\/www.koonings.com\\\/fr\\\/product\\\/two-by-rosa-clara-octopus\\\/#breadcrumb\"},\"inLanguage\":\"fr-FR\",\"potentialAction\":[{\"@type\":\"ReadAction\",\"target\":[\"https:\\\/\\\/www.koonings.com\\\/fr\\\/product\\\/two-by-rosa-clara-octopus\\\/\"]}]},{\"@type\":\"ImageObject\",\"inLanguage\":\"fr-FR\",\"@id\":\"https:\\\/\\\/www.koonings.com\\\/fr\\\/product\\\/two-by-rosa-clara-octopus\\\/#primaryimage\",\"url\":\"https:\\\/\\\/www.koonings.com\\\/wp-content\\\/uploads\\\/2024\\\/11\\\/122_9a674065c1043c37ac67a47f0e6f5120165a680d9abeaaf156168ae4cdd90e32fc8f47d8-scaled.jpeg\",\"contentUrl\":\"https:\\\/\\\/www.koonings.com\\\/wp-content\\\/uploads\\\/2024\\\/11\\\/122_9a674065c1043c37ac67a47f0e6f5120165a680d9abeaaf156168ae4cdd90e32fc8f47d8-scaled.jpeg\",\"width\":1984,\"height\":2560},{\"@type\":\"BreadcrumbList\",\"@id\":\"https:\\\/\\\/www.koonings.com\\\/fr\\\/product\\\/two-by-rosa-clara-octopus\\\/#breadcrumb\",\"itemListElement\":[{\"@type\":\"ListItem\",\"position\":1,\"name\":\"Home\",\"item\":\"https:\\\/\\\/www.koonings.com\\\/fr\\\/\"},{\"@type\":\"ListItem\",\"position\":2,\"name\":\"Deux par Rosa Clara Octopus\"}]},{\"@type\":\"WebSite\",\"@id\":\"https:\\\/\\\/www.koonings.com\\\/fr\\\/#website\",\"url\":\"https:\\\/\\\/www.koonings.com\\\/fr\\\/\",\"name\":\"Koonings\",\"description\":\"De grootste bruidsmodewinkel ter wereld\",\"publisher\":{\"@id\":\"https:\\\/\\\/www.koonings.com\\\/fr\\\/#organization\"},\"potentialAction\":[{\"@type\":\"SearchAction\",\"target\":{\"@type\":\"EntryPoint\",\"urlTemplate\":\"https:\\\/\\\/www.koonings.com\\\/fr\\\/?s={search_term_string}\"},\"query-input\":{\"@type\":\"PropertyValueSpecification\",\"valueRequired\":true,\"valueName\":\"search_term_string\"}}],\"inLanguage\":\"fr-FR\"},{\"@type\":\"Organization\",\"@id\":\"https:\\\/\\\/www.koonings.com\\\/fr\\\/#organization\",\"name\":\"Koonings\",\"url\":\"https:\\\/\\\/www.koonings.com\\\/fr\\\/\",\"logo\":{\"@type\":\"ImageObject\",\"inLanguage\":\"fr-FR\",\"@id\":\"https:\\\/\\\/www.koonings.com\\\/fr\\\/#\\\/schema\\\/logo\\\/image\\\/\",\"url\":\"https:\\\/\\\/www.koonings.com\\\/wp-content\\\/uploads\\\/2024\\\/07\\\/logo.png\",\"contentUrl\":\"https:\\\/\\\/www.koonings.com\\\/wp-content\\\/uploads\\\/2024\\\/07\\\/logo.png\",\"width\":600,\"height\":428,\"caption\":\"Koonings\"},\"image\":{\"@id\":\"https:\\\/\\\/www.koonings.com\\\/fr\\\/#\\\/schema\\\/logo\\\/image\\\/\"},\"sameAs\":[\"https:\\\/\\\/www.facebook.com\\\/kooningstheweddingpalace\",\"https:\\\/\\\/www.instagram.com\\\/kooningstheweddingpalace\",\"https:\\\/\\\/www.pinterest.com\\\/koonings\",\"https:\\\/\\\/www.youtube.com\\\/kooningstheweddingpalace\"]}]}<\/script>\n<!-- \/ Yoast SEO plugin. -->","yoast_head_json":{"title":"Deux par Rosa Clara Octopus | Koonings","description":"Octopus est une robe de mari\u00e9e enchanteresse qui respire l'\u00e9l\u00e9gance et la sophistication. Originaire d'Espagne, ce mod\u00e8le associe des lignes modernes \u00e0 un charme classique, ce qui en fait une robe \u00e0 la fois intemporelle et contemporaine. L'utilisation d\u00e9licate de tissus luxueux et de d\u00e9tails subtils cr\u00e9e un \u00e9quilibre parfait entre simplicit\u00e9 et sophistication. La robe Octopus a une belle silhouette qui accentue les formes f\u00e9minines de mani\u00e8re douce et sophistiqu\u00e9e, tandis que le design minimaliste permet une allure \u00e9l\u00e9gante. Cette robe est id\u00e9ale pour les mari\u00e9es qui recherchent un look \u00e9l\u00e9gant, chic et moderne pour leur grand jour. Exclusivement disponible chez Koonings The Wedding Palace, cette robe est un excellent choix pour la mari\u00e9e qui recherche quelque chose de sp\u00e9cial et d'unique.","robots":{"index":"index","follow":"follow","max-snippet":"max-snippet:-1","max-image-preview":"max-image-preview:large","max-video-preview":"max-video-preview:-1"},"canonical":"https:\/\/www.koonings.com\/fr\/product\/two-by-rosa-clara-octopus\/","og_locale":"fr_FR","og_type":"article","og_title":"Deux par Rosa Clara Octopus | Koonings","og_description":"Octopus est une robe de mari\u00e9e enchanteresse qui respire l'\u00e9l\u00e9gance et la sophistication. Originaire d'Espagne, ce mod\u00e8le associe des lignes modernes \u00e0 un charme classique, ce qui en fait une robe \u00e0 la fois intemporelle et contemporaine. L'utilisation d\u00e9licate de tissus luxueux et de d\u00e9tails subtils cr\u00e9e un \u00e9quilibre parfait entre simplicit\u00e9 et sophistication. La robe Octopus a une belle silhouette qui accentue les formes f\u00e9minines de mani\u00e8re douce et sophistiqu\u00e9e, tandis que le design minimaliste permet une allure \u00e9l\u00e9gante. Cette robe est id\u00e9ale pour les mari\u00e9es qui recherchent un look \u00e9l\u00e9gant, chic et moderne pour leur grand jour. Exclusivement disponible chez Koonings The Wedding Palace, cette robe est un excellent choix pour la mari\u00e9e qui recherche quelque chose de sp\u00e9cial et d'unique.","og_url":"https:\/\/www.koonings.com\/fr\/product\/two-by-rosa-clara-octopus\/","og_site_name":"Koonings","article_publisher":"https:\/\/www.facebook.com\/kooningstheweddingpalace","article_modified_time":"2026-02-02T13:26:25+00:00","og_image":[{"width":1984,"height":2560,"url":"https:\/\/www.koonings.com\/wp-content\/uploads\/2024\/11\/122_9a674065c1043c37ac67a47f0e6f5120165a680d9abeaaf156168ae4cdd90e32fc8f47d8-scaled.jpeg","type":"image\/jpeg"}],"twitter_card":"summary_large_image","twitter_misc":{"Dur\u00e9e de lecture estim\u00e9e":"1 minute"},"schema":{"@context":"https:\/\/schema.org","@graph":[{"@type":"WebPage","@id":"https:\/\/www.koonings.com\/fr\/product\/two-by-rosa-clara-octopus\/","url":"https:\/\/www.koonings.com\/fr\/product\/two-by-rosa-clara-octopus\/","name":"Deux par Rosa Clara Octopus | Koonings","isPartOf":{"@id":"https:\/\/www.koonings.com\/fr\/#website"},"primaryImageOfPage":{"@id":"https:\/\/www.koonings.com\/fr\/product\/two-by-rosa-clara-octopus\/#primaryimage"},"image":{"@id":"https:\/\/www.koonings.com\/fr\/product\/two-by-rosa-clara-octopus\/#primaryimage"},"thumbnailUrl":"https:\/\/www.koonings.com\/wp-content\/uploads\/2024\/11\/122_9a674065c1043c37ac67a47f0e6f5120165a680d9abeaaf156168ae4cdd90e32fc8f47d8-scaled.jpeg","datePublished":"2025-12-14T23:02:17+00:00","dateModified":"2026-02-02T13:26:25+00:00","description":"Octopus est une robe de mari\u00e9e enchanteresse qui respire l'\u00e9l\u00e9gance et la sophistication. Originaire d'Espagne, ce mod\u00e8le associe des lignes modernes \u00e0 un charme classique, ce qui en fait une robe \u00e0 la fois intemporelle et contemporaine. L'utilisation d\u00e9licate de tissus luxueux et de d\u00e9tails subtils cr\u00e9e un \u00e9quilibre parfait entre simplicit\u00e9 et sophistication. La robe Octopus a une belle silhouette qui accentue les formes f\u00e9minines de mani\u00e8re douce et sophistiqu\u00e9e, tandis que le design minimaliste permet une allure \u00e9l\u00e9gante. Cette robe est id\u00e9ale pour les mari\u00e9es qui recherchent un look \u00e9l\u00e9gant, chic et moderne pour leur grand jour. Exclusivement disponible chez Koonings The Wedding Palace, cette robe est un excellent choix pour la mari\u00e9e qui recherche quelque chose de sp\u00e9cial et d'unique.","breadcrumb":{"@id":"https:\/\/www.koonings.com\/fr\/product\/two-by-rosa-clara-octopus\/#breadcrumb"},"inLanguage":"fr-FR","potentialAction":[{"@type":"ReadAction","target":["https:\/\/www.koonings.com\/fr\/product\/two-by-rosa-clara-octopus\/"]}]},{"@type":"ImageObject","inLanguage":"fr-FR","@id":"https:\/\/www.koonings.com\/fr\/product\/two-by-rosa-clara-octopus\/#primaryimage","url":"https:\/\/www.koonings.com\/wp-content\/uploads\/2024\/11\/122_9a674065c1043c37ac67a47f0e6f5120165a680d9abeaaf156168ae4cdd90e32fc8f47d8-scaled.jpeg","contentUrl":"https:\/\/www.koonings.com\/wp-content\/uploads\/2024\/11\/122_9a674065c1043c37ac67a47f0e6f5120165a680d9abeaaf156168ae4cdd90e32fc8f47d8-scaled.jpeg","width":1984,"height":2560},{"@type":"BreadcrumbList","@id":"https:\/\/www.koonings.com\/fr\/product\/two-by-rosa-clara-octopus\/#breadcrumb","itemListElement":[{"@type":"ListItem","position":1,"name":"Home","item":"https:\/\/www.koonings.com\/fr\/"},{"@type":"ListItem","position":2,"name":"Deux par Rosa Clara Octopus"}]},{"@type":"WebSite","@id":"https:\/\/www.koonings.com\/fr\/#website","url":"https:\/\/www.koonings.com\/fr\/","name":"Koonings","description":"De grootste bruidsmodewinkel ter wereld","publisher":{"@id":"https:\/\/www.koonings.com\/fr\/#organization"},"potentialAction":[{"@type":"SearchAction","target":{"@type":"EntryPoint","urlTemplate":"https:\/\/www.koonings.com\/fr\/?s={search_term_string}"},"query-input":{"@type":"PropertyValueSpecification","valueRequired":true,"valueName":"search_term_string"}}],"inLanguage":"fr-FR"},{"@type":"Organization","@id":"https:\/\/www.koonings.com\/fr\/#organization","name":"Koonings","url":"https:\/\/www.koonings.com\/fr\/","logo":{"@type":"ImageObject","inLanguage":"fr-FR","@id":"https:\/\/www.koonings.com\/fr\/#\/schema\/logo\/image\/","url":"https:\/\/www.koonings.com\/wp-content\/uploads\/2024\/07\/logo.png","contentUrl":"https:\/\/www.koonings.com\/wp-content\/uploads\/2024\/07\/logo.png","width":600,"height":428,"caption":"Koonings"},"image":{"@id":"https:\/\/www.koonings.com\/fr\/#\/schema\/logo\/image\/"},"sameAs":["https:\/\/www.facebook.com\/kooningstheweddingpalace","https:\/\/www.instagram.com\/kooningstheweddingpalace","https:\/\/www.pinterest.com\/koonings","https:\/\/www.youtube.com\/kooningstheweddingpalace"]}]}},"_links":{"self":[{"href":"https:\/\/www.koonings.com\/fr\/wp-json\/wp\/v2\/product\/32389","targetHints":{"allow":["GET"]}}],"collection":[{"href":"https:\/\/www.koonings.com\/fr\/wp-json\/wp\/v2\/product"}],"about":[{"href":"https:\/\/www.koonings.com\/fr\/wp-json\/wp\/v2\/types\/product"}],"wp:featuredmedia":[{"embeddable":true,"href":"https:\/\/www.koonings.com\/fr\/wp-json\/wp\/v2\/media\/63374"}],"wp:attachment":[{"href":"https:\/\/www.koonings.com\/fr\/wp-json\/wp\/v2\/media?parent=32389"}],"wp:term":[{"taxonomy":"productdetails","embeddable":true,"href":"https:\/\/www.koonings.com\/fr\/wp-json\/wp\/v2\/productdetails?post=32389"},{"taxonomy":"productneck","embeddable":true,"href":"https:\/\/www.koonings.com\/fr\/wp-json\/wp\/v2\/productneck?post=32389"},{"taxonomy":"productcolor","embeddable":true,"href":"https:\/\/www.koonings.com\/fr\/wp-json\/wp\/v2\/productcolor?post=32389"},{"taxonomy":"maat","embeddable":true,"href":"https:\/\/www.koonings.com\/fr\/wp-json\/wp\/v2\/maat?post=32389"},{"taxonomy":"productsupplier","embeddable":true,"href":"https:\/\/www.koonings.com\/fr\/wp-json\/wp\/v2\/productsupplier?post=32389"},{"taxonomy":"productsleeve","embeddable":true,"href":"https:\/\/www.koonings.com\/fr\/wp-json\/wp\/v2\/productsleeve?post=32389"},{"taxonomy":"productcategory","embeddable":true,"href":"https:\/\/www.koonings.com\/fr\/wp-json\/wp\/v2\/productcategory?post=32389"},{"taxonomy":"productsilhouette","embeddable":true,"href":"https:\/\/www.koonings.com\/fr\/wp-json\/wp\/v2\/productsilhouette?post=32389"},{"taxonomy":"productstyle","embeddable":true,"href":"https:\/\/www.koonings.com\/fr\/wp-json\/wp\/v2\/productstyle?post=32389"}],"curies":[{"name":"wp","href":"https:\/\/api.w.org\/{rel}","templated":true}]}}