{"id":32388,"date":"2025-12-15T00:02:14","date_gmt":"2025-12-14T23:02:14","guid":{"rendered":"https:\/\/www.koonings.com\/product\/two-by-rosa-clara-oconor-na-nu\/"},"modified":"2026-02-02T14:26:20","modified_gmt":"2026-02-02T13:26:20","slug":"two-by-rosa-clara-oconor-na-nu","status":"publish","type":"product","link":"https:\/\/www.koonings.com\/fr\/product\/two-by-rosa-clara-oconor-na-nu\/","title":{"rendered":"Deux de Rosa Clara Oconor na\/u"},"content":{"rendered":"<p>Oconor est une robe de mari\u00e9e \u00e9l\u00e9gante et romantique qui conf\u00e8re \u00e0 la mari\u00e9e une allure sophistiqu\u00e9e et intemporelle. La robe ivoire est faite de tulle d\u00e9licat, cr\u00e9ant une sensation a\u00e9rienne et r\u00eaveuse. Le d\u00e9collet\u00e9 en c\u0153ur et les bretelles subtiles mettent en valeur les courbes f\u00e9minines. La silhouette sir\u00e8ne cr\u00e9e un look sophistiqu\u00e9 et structur\u00e9 qui tombe magnifiquement sur le corps et accentue \u00e9l\u00e9gamment la silhouette. La robe Oconor est parfaite pour les mari\u00e9es qui recherchent un look romantique et moderne, avec un charme ludique et sophistiqu\u00e9. Exclusivement disponible chez Koonings The Wedding Palace, cette robe offre un \u00e9quilibre parfait entre romantisme et style.     <\/p>\n","protected":false},"featured_media":24717,"template":"","meta":{"_acf_changed":false,"ghostkit_customizer_options":"","ghostkit_custom_css":"","ghostkit_custom_js_head":"","ghostkit_custom_js_foot":"","ghostkit_typography":""},"productdetails":[381],"productneck":[355],"productcolor":[392],"maat":[],"productsupplier":[397],"productsleeve":[359],"productcategory":[18],"productsilhouette":[387],"productstyle":[366],"class_list":["post-32388","product","type-product","status-publish","has-post-thumbnail","hentry","productdetails-381","productneck-355","productcolor-392","productsupplier-two-by-rosa-clara","productsleeve-359","productcategory-trouwjurken","productsilhouette-387","productstyle-366"],"acf":[],"yoast_head":"<!-- This site is optimized with the Yoast SEO plugin v27.3 - https:\/\/yoast.com\/product\/yoast-seo-wordpress\/ -->\n<title>Deux de Rosa Clara Oconor na\/u | Koonings<\/title>\n<meta name=\"description\" content=\"Oconor est une robe de mari\u00e9e \u00e9l\u00e9gante et romantique qui conf\u00e8re \u00e0 la mari\u00e9e une allure sophistiqu\u00e9e et intemporelle. La robe ivoire est faite de tulle d\u00e9licat, cr\u00e9ant une sensation a\u00e9rienne et r\u00eaveuse. Le d\u00e9collet\u00e9 en c\u0153ur et les bretelles subtiles mettent en valeur les courbes f\u00e9minines. La silhouette sir\u00e8ne cr\u00e9e un look sophistiqu\u00e9 et structur\u00e9 qui tombe magnifiquement sur le corps et accentue \u00e9l\u00e9gamment la silhouette. La robe Oconor est parfaite pour les mari\u00e9es qui recherchent un look romantique et moderne, avec un charme ludique et sophistiqu\u00e9. Exclusivement disponible chez Koonings The Wedding Palace, cette robe offre un \u00e9quilibre parfait entre romantisme et style.\" \/>\n<meta name=\"robots\" content=\"index, follow, max-snippet:-1, max-image-preview:large, max-video-preview:-1\" \/>\n<link rel=\"canonical\" href=\"https:\/\/www.koonings.com\/fr\/product\/two-by-rosa-clara-oconor-na-nu\/\" \/>\n<meta property=\"og:locale\" content=\"fr_FR\" \/>\n<meta property=\"og:type\" content=\"article\" \/>\n<meta property=\"og:title\" content=\"Deux de Rosa Clara Oconor na\/u | Koonings\" \/>\n<meta property=\"og:description\" content=\"Oconor est une robe de mari\u00e9e \u00e9l\u00e9gante et romantique qui conf\u00e8re \u00e0 la mari\u00e9e une allure sophistiqu\u00e9e et intemporelle. La robe ivoire est faite de tulle d\u00e9licat, cr\u00e9ant une sensation a\u00e9rienne et r\u00eaveuse. Le d\u00e9collet\u00e9 en c\u0153ur et les bretelles subtiles mettent en valeur les courbes f\u00e9minines. La silhouette sir\u00e8ne cr\u00e9e un look sophistiqu\u00e9 et structur\u00e9 qui tombe magnifiquement sur le corps et accentue \u00e9l\u00e9gamment la silhouette. La robe Oconor est parfaite pour les mari\u00e9es qui recherchent un look romantique et moderne, avec un charme ludique et sophistiqu\u00e9. Exclusivement disponible chez Koonings The Wedding Palace, cette robe offre un \u00e9quilibre parfait entre romantisme et style.\" \/>\n<meta property=\"og:url\" content=\"https:\/\/www.koonings.com\/fr\/product\/two-by-rosa-clara-oconor-na-nu\/\" \/>\n<meta property=\"og:site_name\" content=\"Koonings\" \/>\n<meta property=\"article:publisher\" content=\"https:\/\/www.facebook.com\/kooningstheweddingpalace\" \/>\n<meta property=\"article:modified_time\" content=\"2026-02-02T13:26:20+00:00\" \/>\n<meta property=\"og:image\" content=\"https:\/\/www.koonings.com\/wp-content\/uploads\/2024\/11\/109_dd6cc27b5336f03e330d1ee2f8995763c5dac6fde20902cec5e4852f859cf6d877b52a32-scaled.jpeg\" \/>\n\t<meta property=\"og:image:width\" content=\"1984\" \/>\n\t<meta property=\"og:image:height\" content=\"2560\" \/>\n\t<meta property=\"og:image:type\" content=\"image\/jpeg\" \/>\n<meta name=\"twitter:card\" content=\"summary_large_image\" \/>\n<meta name=\"twitter:label1\" content=\"Dur\u00e9e de lecture estim\u00e9e\" \/>\n\t<meta name=\"twitter:data1\" content=\"1 minute\" \/>\n<script type=\"application\/ld+json\" class=\"yoast-schema-graph\">{\"@context\":\"https:\\\/\\\/schema.org\",\"@graph\":[{\"@type\":\"WebPage\",\"@id\":\"https:\\\/\\\/www.koonings.com\\\/fr\\\/product\\\/two-by-rosa-clara-oconor-na-nu\\\/\",\"url\":\"https:\\\/\\\/www.koonings.com\\\/fr\\\/product\\\/two-by-rosa-clara-oconor-na-nu\\\/\",\"name\":\"Deux de Rosa Clara Oconor na\\\/u | Koonings\",\"isPartOf\":{\"@id\":\"https:\\\/\\\/www.koonings.com\\\/fr\\\/#website\"},\"primaryImageOfPage\":{\"@id\":\"https:\\\/\\\/www.koonings.com\\\/fr\\\/product\\\/two-by-rosa-clara-oconor-na-nu\\\/#primaryimage\"},\"image\":{\"@id\":\"https:\\\/\\\/www.koonings.com\\\/fr\\\/product\\\/two-by-rosa-clara-oconor-na-nu\\\/#primaryimage\"},\"thumbnailUrl\":\"https:\\\/\\\/www.koonings.com\\\/wp-content\\\/uploads\\\/2024\\\/11\\\/109_dd6cc27b5336f03e330d1ee2f8995763c5dac6fde20902cec5e4852f859cf6d877b52a32-scaled.jpeg\",\"datePublished\":\"2025-12-14T23:02:14+00:00\",\"dateModified\":\"2026-02-02T13:26:20+00:00\",\"description\":\"Oconor est une robe de mari\u00e9e \u00e9l\u00e9gante et romantique qui conf\u00e8re \u00e0 la mari\u00e9e une allure sophistiqu\u00e9e et intemporelle. La robe ivoire est faite de tulle d\u00e9licat, cr\u00e9ant une sensation a\u00e9rienne et r\u00eaveuse. Le d\u00e9collet\u00e9 en c\u0153ur et les bretelles subtiles mettent en valeur les courbes f\u00e9minines. La silhouette sir\u00e8ne cr\u00e9e un look sophistiqu\u00e9 et structur\u00e9 qui tombe magnifiquement sur le corps et accentue \u00e9l\u00e9gamment la silhouette. La robe Oconor est parfaite pour les mari\u00e9es qui recherchent un look romantique et moderne, avec un charme ludique et sophistiqu\u00e9. Exclusivement disponible chez Koonings The Wedding Palace, cette robe offre un \u00e9quilibre parfait entre romantisme et style.\",\"breadcrumb\":{\"@id\":\"https:\\\/\\\/www.koonings.com\\\/fr\\\/product\\\/two-by-rosa-clara-oconor-na-nu\\\/#breadcrumb\"},\"inLanguage\":\"fr-FR\",\"potentialAction\":[{\"@type\":\"ReadAction\",\"target\":[\"https:\\\/\\\/www.koonings.com\\\/fr\\\/product\\\/two-by-rosa-clara-oconor-na-nu\\\/\"]}]},{\"@type\":\"ImageObject\",\"inLanguage\":\"fr-FR\",\"@id\":\"https:\\\/\\\/www.koonings.com\\\/fr\\\/product\\\/two-by-rosa-clara-oconor-na-nu\\\/#primaryimage\",\"url\":\"https:\\\/\\\/www.koonings.com\\\/wp-content\\\/uploads\\\/2024\\\/11\\\/109_dd6cc27b5336f03e330d1ee2f8995763c5dac6fde20902cec5e4852f859cf6d877b52a32-scaled.jpeg\",\"contentUrl\":\"https:\\\/\\\/www.koonings.com\\\/wp-content\\\/uploads\\\/2024\\\/11\\\/109_dd6cc27b5336f03e330d1ee2f8995763c5dac6fde20902cec5e4852f859cf6d877b52a32-scaled.jpeg\",\"width\":1984,\"height\":2560},{\"@type\":\"BreadcrumbList\",\"@id\":\"https:\\\/\\\/www.koonings.com\\\/fr\\\/product\\\/two-by-rosa-clara-oconor-na-nu\\\/#breadcrumb\",\"itemListElement\":[{\"@type\":\"ListItem\",\"position\":1,\"name\":\"Home\",\"item\":\"https:\\\/\\\/www.koonings.com\\\/fr\\\/\"},{\"@type\":\"ListItem\",\"position\":2,\"name\":\"Deux de Rosa Clara Oconor na\\\/u\"}]},{\"@type\":\"WebSite\",\"@id\":\"https:\\\/\\\/www.koonings.com\\\/fr\\\/#website\",\"url\":\"https:\\\/\\\/www.koonings.com\\\/fr\\\/\",\"name\":\"Koonings\",\"description\":\"De grootste bruidsmodewinkel ter wereld\",\"publisher\":{\"@id\":\"https:\\\/\\\/www.koonings.com\\\/fr\\\/#organization\"},\"potentialAction\":[{\"@type\":\"SearchAction\",\"target\":{\"@type\":\"EntryPoint\",\"urlTemplate\":\"https:\\\/\\\/www.koonings.com\\\/fr\\\/?s={search_term_string}\"},\"query-input\":{\"@type\":\"PropertyValueSpecification\",\"valueRequired\":true,\"valueName\":\"search_term_string\"}}],\"inLanguage\":\"fr-FR\"},{\"@type\":\"Organization\",\"@id\":\"https:\\\/\\\/www.koonings.com\\\/fr\\\/#organization\",\"name\":\"Koonings\",\"url\":\"https:\\\/\\\/www.koonings.com\\\/fr\\\/\",\"logo\":{\"@type\":\"ImageObject\",\"inLanguage\":\"fr-FR\",\"@id\":\"https:\\\/\\\/www.koonings.com\\\/fr\\\/#\\\/schema\\\/logo\\\/image\\\/\",\"url\":\"https:\\\/\\\/www.koonings.com\\\/wp-content\\\/uploads\\\/2024\\\/07\\\/logo.png\",\"contentUrl\":\"https:\\\/\\\/www.koonings.com\\\/wp-content\\\/uploads\\\/2024\\\/07\\\/logo.png\",\"width\":600,\"height\":428,\"caption\":\"Koonings\"},\"image\":{\"@id\":\"https:\\\/\\\/www.koonings.com\\\/fr\\\/#\\\/schema\\\/logo\\\/image\\\/\"},\"sameAs\":[\"https:\\\/\\\/www.facebook.com\\\/kooningstheweddingpalace\",\"https:\\\/\\\/www.instagram.com\\\/kooningstheweddingpalace\",\"https:\\\/\\\/www.pinterest.com\\\/koonings\",\"https:\\\/\\\/www.youtube.com\\\/kooningstheweddingpalace\"]}]}<\/script>\n<!-- \/ Yoast SEO plugin. -->","yoast_head_json":{"title":"Deux de Rosa Clara Oconor na\/u | Koonings","description":"Oconor est une robe de mari\u00e9e \u00e9l\u00e9gante et romantique qui conf\u00e8re \u00e0 la mari\u00e9e une allure sophistiqu\u00e9e et intemporelle. La robe ivoire est faite de tulle d\u00e9licat, cr\u00e9ant une sensation a\u00e9rienne et r\u00eaveuse. Le d\u00e9collet\u00e9 en c\u0153ur et les bretelles subtiles mettent en valeur les courbes f\u00e9minines. La silhouette sir\u00e8ne cr\u00e9e un look sophistiqu\u00e9 et structur\u00e9 qui tombe magnifiquement sur le corps et accentue \u00e9l\u00e9gamment la silhouette. La robe Oconor est parfaite pour les mari\u00e9es qui recherchent un look romantique et moderne, avec un charme ludique et sophistiqu\u00e9. Exclusivement disponible chez Koonings The Wedding Palace, cette robe offre un \u00e9quilibre parfait entre romantisme et style.","robots":{"index":"index","follow":"follow","max-snippet":"max-snippet:-1","max-image-preview":"max-image-preview:large","max-video-preview":"max-video-preview:-1"},"canonical":"https:\/\/www.koonings.com\/fr\/product\/two-by-rosa-clara-oconor-na-nu\/","og_locale":"fr_FR","og_type":"article","og_title":"Deux de Rosa Clara Oconor na\/u | Koonings","og_description":"Oconor est une robe de mari\u00e9e \u00e9l\u00e9gante et romantique qui conf\u00e8re \u00e0 la mari\u00e9e une allure sophistiqu\u00e9e et intemporelle. La robe ivoire est faite de tulle d\u00e9licat, cr\u00e9ant une sensation a\u00e9rienne et r\u00eaveuse. Le d\u00e9collet\u00e9 en c\u0153ur et les bretelles subtiles mettent en valeur les courbes f\u00e9minines. La silhouette sir\u00e8ne cr\u00e9e un look sophistiqu\u00e9 et structur\u00e9 qui tombe magnifiquement sur le corps et accentue \u00e9l\u00e9gamment la silhouette. La robe Oconor est parfaite pour les mari\u00e9es qui recherchent un look romantique et moderne, avec un charme ludique et sophistiqu\u00e9. Exclusivement disponible chez Koonings The Wedding Palace, cette robe offre un \u00e9quilibre parfait entre romantisme et style.","og_url":"https:\/\/www.koonings.com\/fr\/product\/two-by-rosa-clara-oconor-na-nu\/","og_site_name":"Koonings","article_publisher":"https:\/\/www.facebook.com\/kooningstheweddingpalace","article_modified_time":"2026-02-02T13:26:20+00:00","og_image":[{"width":1984,"height":2560,"url":"https:\/\/www.koonings.com\/wp-content\/uploads\/2024\/11\/109_dd6cc27b5336f03e330d1ee2f8995763c5dac6fde20902cec5e4852f859cf6d877b52a32-scaled.jpeg","type":"image\/jpeg"}],"twitter_card":"summary_large_image","twitter_misc":{"Dur\u00e9e de lecture estim\u00e9e":"1 minute"},"schema":{"@context":"https:\/\/schema.org","@graph":[{"@type":"WebPage","@id":"https:\/\/www.koonings.com\/fr\/product\/two-by-rosa-clara-oconor-na-nu\/","url":"https:\/\/www.koonings.com\/fr\/product\/two-by-rosa-clara-oconor-na-nu\/","name":"Deux de Rosa Clara Oconor na\/u | Koonings","isPartOf":{"@id":"https:\/\/www.koonings.com\/fr\/#website"},"primaryImageOfPage":{"@id":"https:\/\/www.koonings.com\/fr\/product\/two-by-rosa-clara-oconor-na-nu\/#primaryimage"},"image":{"@id":"https:\/\/www.koonings.com\/fr\/product\/two-by-rosa-clara-oconor-na-nu\/#primaryimage"},"thumbnailUrl":"https:\/\/www.koonings.com\/wp-content\/uploads\/2024\/11\/109_dd6cc27b5336f03e330d1ee2f8995763c5dac6fde20902cec5e4852f859cf6d877b52a32-scaled.jpeg","datePublished":"2025-12-14T23:02:14+00:00","dateModified":"2026-02-02T13:26:20+00:00","description":"Oconor est une robe de mari\u00e9e \u00e9l\u00e9gante et romantique qui conf\u00e8re \u00e0 la mari\u00e9e une allure sophistiqu\u00e9e et intemporelle. La robe ivoire est faite de tulle d\u00e9licat, cr\u00e9ant une sensation a\u00e9rienne et r\u00eaveuse. Le d\u00e9collet\u00e9 en c\u0153ur et les bretelles subtiles mettent en valeur les courbes f\u00e9minines. La silhouette sir\u00e8ne cr\u00e9e un look sophistiqu\u00e9 et structur\u00e9 qui tombe magnifiquement sur le corps et accentue \u00e9l\u00e9gamment la silhouette. La robe Oconor est parfaite pour les mari\u00e9es qui recherchent un look romantique et moderne, avec un charme ludique et sophistiqu\u00e9. Exclusivement disponible chez Koonings The Wedding Palace, cette robe offre un \u00e9quilibre parfait entre romantisme et style.","breadcrumb":{"@id":"https:\/\/www.koonings.com\/fr\/product\/two-by-rosa-clara-oconor-na-nu\/#breadcrumb"},"inLanguage":"fr-FR","potentialAction":[{"@type":"ReadAction","target":["https:\/\/www.koonings.com\/fr\/product\/two-by-rosa-clara-oconor-na-nu\/"]}]},{"@type":"ImageObject","inLanguage":"fr-FR","@id":"https:\/\/www.koonings.com\/fr\/product\/two-by-rosa-clara-oconor-na-nu\/#primaryimage","url":"https:\/\/www.koonings.com\/wp-content\/uploads\/2024\/11\/109_dd6cc27b5336f03e330d1ee2f8995763c5dac6fde20902cec5e4852f859cf6d877b52a32-scaled.jpeg","contentUrl":"https:\/\/www.koonings.com\/wp-content\/uploads\/2024\/11\/109_dd6cc27b5336f03e330d1ee2f8995763c5dac6fde20902cec5e4852f859cf6d877b52a32-scaled.jpeg","width":1984,"height":2560},{"@type":"BreadcrumbList","@id":"https:\/\/www.koonings.com\/fr\/product\/two-by-rosa-clara-oconor-na-nu\/#breadcrumb","itemListElement":[{"@type":"ListItem","position":1,"name":"Home","item":"https:\/\/www.koonings.com\/fr\/"},{"@type":"ListItem","position":2,"name":"Deux de Rosa Clara Oconor na\/u"}]},{"@type":"WebSite","@id":"https:\/\/www.koonings.com\/fr\/#website","url":"https:\/\/www.koonings.com\/fr\/","name":"Koonings","description":"De grootste bruidsmodewinkel ter wereld","publisher":{"@id":"https:\/\/www.koonings.com\/fr\/#organization"},"potentialAction":[{"@type":"SearchAction","target":{"@type":"EntryPoint","urlTemplate":"https:\/\/www.koonings.com\/fr\/?s={search_term_string}"},"query-input":{"@type":"PropertyValueSpecification","valueRequired":true,"valueName":"search_term_string"}}],"inLanguage":"fr-FR"},{"@type":"Organization","@id":"https:\/\/www.koonings.com\/fr\/#organization","name":"Koonings","url":"https:\/\/www.koonings.com\/fr\/","logo":{"@type":"ImageObject","inLanguage":"fr-FR","@id":"https:\/\/www.koonings.com\/fr\/#\/schema\/logo\/image\/","url":"https:\/\/www.koonings.com\/wp-content\/uploads\/2024\/07\/logo.png","contentUrl":"https:\/\/www.koonings.com\/wp-content\/uploads\/2024\/07\/logo.png","width":600,"height":428,"caption":"Koonings"},"image":{"@id":"https:\/\/www.koonings.com\/fr\/#\/schema\/logo\/image\/"},"sameAs":["https:\/\/www.facebook.com\/kooningstheweddingpalace","https:\/\/www.instagram.com\/kooningstheweddingpalace","https:\/\/www.pinterest.com\/koonings","https:\/\/www.youtube.com\/kooningstheweddingpalace"]}]}},"_links":{"self":[{"href":"https:\/\/www.koonings.com\/fr\/wp-json\/wp\/v2\/product\/32388","targetHints":{"allow":["GET"]}}],"collection":[{"href":"https:\/\/www.koonings.com\/fr\/wp-json\/wp\/v2\/product"}],"about":[{"href":"https:\/\/www.koonings.com\/fr\/wp-json\/wp\/v2\/types\/product"}],"wp:featuredmedia":[{"embeddable":true,"href":"https:\/\/www.koonings.com\/fr\/wp-json\/wp\/v2\/media\/24717"}],"wp:attachment":[{"href":"https:\/\/www.koonings.com\/fr\/wp-json\/wp\/v2\/media?parent=32388"}],"wp:term":[{"taxonomy":"productdetails","embeddable":true,"href":"https:\/\/www.koonings.com\/fr\/wp-json\/wp\/v2\/productdetails?post=32388"},{"taxonomy":"productneck","embeddable":true,"href":"https:\/\/www.koonings.com\/fr\/wp-json\/wp\/v2\/productneck?post=32388"},{"taxonomy":"productcolor","embeddable":true,"href":"https:\/\/www.koonings.com\/fr\/wp-json\/wp\/v2\/productcolor?post=32388"},{"taxonomy":"maat","embeddable":true,"href":"https:\/\/www.koonings.com\/fr\/wp-json\/wp\/v2\/maat?post=32388"},{"taxonomy":"productsupplier","embeddable":true,"href":"https:\/\/www.koonings.com\/fr\/wp-json\/wp\/v2\/productsupplier?post=32388"},{"taxonomy":"productsleeve","embeddable":true,"href":"https:\/\/www.koonings.com\/fr\/wp-json\/wp\/v2\/productsleeve?post=32388"},{"taxonomy":"productcategory","embeddable":true,"href":"https:\/\/www.koonings.com\/fr\/wp-json\/wp\/v2\/productcategory?post=32388"},{"taxonomy":"productsilhouette","embeddable":true,"href":"https:\/\/www.koonings.com\/fr\/wp-json\/wp\/v2\/productsilhouette?post=32388"},{"taxonomy":"productstyle","embeddable":true,"href":"https:\/\/www.koonings.com\/fr\/wp-json\/wp\/v2\/productstyle?post=32388"}],"curies":[{"name":"wp","href":"https:\/\/api.w.org\/{rel}","templated":true}]}}