{"id":32385,"date":"2026-04-10T16:02:09","date_gmt":"2026-04-10T14:02:09","guid":{"rendered":"https:\/\/www.koonings.com\/product\/two-by-rosa-clara-omaha\/"},"modified":"2026-02-13T12:01:55","modified_gmt":"2026-02-13T11:01:55","slug":"two-by-rosa-clara-omaha","status":"publish","type":"product","link":"https:\/\/www.koonings.com\/fr\/product\/two-by-rosa-clara-omaha\/","title":{"rendered":"Deux par Rosa Clara Omaha"},"content":{"rendered":"<p>Omaha est une magnifique robe de mari\u00e9e romantique qui offre un \u00e9quilibre id\u00e9al entre \u00e9l\u00e9gance et sophistication. D&#8217;une douce couleur ivoire, cette robe pr\u00e9sente un d\u00e9collet\u00e9 en c\u0153ur qui souligne subtilement les courbes f\u00e9minines. La coupe en A tombe joliment sur le corps, cr\u00e9ant un look classique et intemporel. Les bretelles ajoutent une touche d\u00e9licate et \u00e9l\u00e9gante au mod\u00e8le. La Omaha est parfaite pour la mari\u00e9e qui recherche une robe sophistiqu\u00e9e et romantique, \u00e0 la fois \u00e9l\u00e9gante et confortable. Exclusivement disponible chez Koonings The Wedding Palace, cette robe est un choix enchanteur pour un mariage inoubliable.     <\/p>\n","protected":false},"featured_media":24730,"template":"","meta":{"_acf_changed":false,"ghostkit_customizer_options":"","ghostkit_custom_css":"","ghostkit_custom_js_head":"","ghostkit_custom_js_foot":"","ghostkit_typography":""},"productdetails":[],"productneck":[355],"productcolor":[392],"maat":[],"productsupplier":[397],"productsleeve":[359],"productcategory":[18],"productsilhouette":[384],"productstyle":[366],"class_list":["post-32385","product","type-product","status-publish","has-post-thumbnail","hentry","productneck-355","productcolor-392","productsupplier-two-by-rosa-clara","productsleeve-359","productcategory-trouwjurken","productsilhouette-384","productstyle-366"],"acf":[],"yoast_head":"<!-- This site is optimized with the Yoast SEO plugin v27.3 - https:\/\/yoast.com\/product\/yoast-seo-wordpress\/ -->\n<title>Deux par Rosa Clara Omaha | Koonings<\/title>\n<meta name=\"description\" content=\"Omaha est une magnifique robe de mari\u00e9e romantique qui offre un \u00e9quilibre id\u00e9al entre \u00e9l\u00e9gance et sophistication. D&#039;une douce couleur ivoire, cette robe pr\u00e9sente un d\u00e9collet\u00e9 en c\u0153ur qui souligne subtilement les courbes f\u00e9minines. La coupe en A tombe joliment sur le corps, cr\u00e9ant un look classique et intemporel. Les bretelles ajoutent une touche d\u00e9licate et \u00e9l\u00e9gante au mod\u00e8le. La Omaha est parfaite pour la mari\u00e9e qui recherche une robe sophistiqu\u00e9e et romantique, \u00e0 la fois \u00e9l\u00e9gante et confortable. Exclusivement disponible chez Koonings The Wedding Palace, cette robe est un choix enchanteur pour un mariage inoubliable.\" \/>\n<meta name=\"robots\" content=\"index, follow, max-snippet:-1, max-image-preview:large, max-video-preview:-1\" \/>\n<link rel=\"canonical\" href=\"https:\/\/www.koonings.com\/fr\/product\/two-by-rosa-clara-omaha\/\" \/>\n<meta property=\"og:locale\" content=\"fr_FR\" \/>\n<meta property=\"og:type\" content=\"article\" \/>\n<meta property=\"og:title\" content=\"Deux par Rosa Clara Omaha | Koonings\" \/>\n<meta property=\"og:description\" content=\"Omaha est une magnifique robe de mari\u00e9e romantique qui offre un \u00e9quilibre id\u00e9al entre \u00e9l\u00e9gance et sophistication. D&#039;une douce couleur ivoire, cette robe pr\u00e9sente un d\u00e9collet\u00e9 en c\u0153ur qui souligne subtilement les courbes f\u00e9minines. La coupe en A tombe joliment sur le corps, cr\u00e9ant un look classique et intemporel. Les bretelles ajoutent une touche d\u00e9licate et \u00e9l\u00e9gante au mod\u00e8le. La Omaha est parfaite pour la mari\u00e9e qui recherche une robe sophistiqu\u00e9e et romantique, \u00e0 la fois \u00e9l\u00e9gante et confortable. Exclusivement disponible chez Koonings The Wedding Palace, cette robe est un choix enchanteur pour un mariage inoubliable.\" \/>\n<meta property=\"og:url\" content=\"https:\/\/www.koonings.com\/fr\/product\/two-by-rosa-clara-omaha\/\" \/>\n<meta property=\"og:site_name\" content=\"Koonings\" \/>\n<meta property=\"article:publisher\" content=\"https:\/\/www.facebook.com\/kooningstheweddingpalace\" \/>\n<meta property=\"og:image\" content=\"https:\/\/www.koonings.com\/wp-content\/uploads\/2024\/11\/112_d1bd209355b4f191615429722940d1b92a320b0e9140d8080917a4194b8cde66b164ec7b-scaled.jpeg\" \/>\n\t<meta property=\"og:image:width\" content=\"1808\" \/>\n\t<meta property=\"og:image:height\" content=\"2560\" \/>\n\t<meta property=\"og:image:type\" content=\"image\/jpeg\" \/>\n<meta name=\"twitter:card\" content=\"summary_large_image\" \/>\n<meta name=\"twitter:label1\" content=\"Dur\u00e9e de lecture estim\u00e9e\" \/>\n\t<meta name=\"twitter:data1\" content=\"1 minute\" \/>\n<script type=\"application\/ld+json\" class=\"yoast-schema-graph\">{\"@context\":\"https:\\\/\\\/schema.org\",\"@graph\":[{\"@type\":\"WebPage\",\"@id\":\"https:\\\/\\\/www.koonings.com\\\/fr\\\/product\\\/two-by-rosa-clara-omaha\\\/\",\"url\":\"https:\\\/\\\/www.koonings.com\\\/fr\\\/product\\\/two-by-rosa-clara-omaha\\\/\",\"name\":\"Deux par Rosa Clara Omaha | Koonings\",\"isPartOf\":{\"@id\":\"https:\\\/\\\/www.koonings.com\\\/fr\\\/#website\"},\"primaryImageOfPage\":{\"@id\":\"https:\\\/\\\/www.koonings.com\\\/fr\\\/product\\\/two-by-rosa-clara-omaha\\\/#primaryimage\"},\"image\":{\"@id\":\"https:\\\/\\\/www.koonings.com\\\/fr\\\/product\\\/two-by-rosa-clara-omaha\\\/#primaryimage\"},\"thumbnailUrl\":\"https:\\\/\\\/www.koonings.com\\\/wp-content\\\/uploads\\\/2024\\\/11\\\/112_d1bd209355b4f191615429722940d1b92a320b0e9140d8080917a4194b8cde66b164ec7b-scaled.jpeg\",\"datePublished\":\"2026-04-10T14:02:09+00:00\",\"description\":\"Omaha est une magnifique robe de mari\u00e9e romantique qui offre un \u00e9quilibre id\u00e9al entre \u00e9l\u00e9gance et sophistication. D'une douce couleur ivoire, cette robe pr\u00e9sente un d\u00e9collet\u00e9 en c\u0153ur qui souligne subtilement les courbes f\u00e9minines. La coupe en A tombe joliment sur le corps, cr\u00e9ant un look classique et intemporel. Les bretelles ajoutent une touche d\u00e9licate et \u00e9l\u00e9gante au mod\u00e8le. La Omaha est parfaite pour la mari\u00e9e qui recherche une robe sophistiqu\u00e9e et romantique, \u00e0 la fois \u00e9l\u00e9gante et confortable. Exclusivement disponible chez Koonings The Wedding Palace, cette robe est un choix enchanteur pour un mariage inoubliable.\",\"breadcrumb\":{\"@id\":\"https:\\\/\\\/www.koonings.com\\\/fr\\\/product\\\/two-by-rosa-clara-omaha\\\/#breadcrumb\"},\"inLanguage\":\"fr-FR\",\"potentialAction\":[{\"@type\":\"ReadAction\",\"target\":[\"https:\\\/\\\/www.koonings.com\\\/fr\\\/product\\\/two-by-rosa-clara-omaha\\\/\"]}]},{\"@type\":\"ImageObject\",\"inLanguage\":\"fr-FR\",\"@id\":\"https:\\\/\\\/www.koonings.com\\\/fr\\\/product\\\/two-by-rosa-clara-omaha\\\/#primaryimage\",\"url\":\"https:\\\/\\\/www.koonings.com\\\/wp-content\\\/uploads\\\/2024\\\/11\\\/112_d1bd209355b4f191615429722940d1b92a320b0e9140d8080917a4194b8cde66b164ec7b-scaled.jpeg\",\"contentUrl\":\"https:\\\/\\\/www.koonings.com\\\/wp-content\\\/uploads\\\/2024\\\/11\\\/112_d1bd209355b4f191615429722940d1b92a320b0e9140d8080917a4194b8cde66b164ec7b-scaled.jpeg\",\"width\":1808,\"height\":2560},{\"@type\":\"BreadcrumbList\",\"@id\":\"https:\\\/\\\/www.koonings.com\\\/fr\\\/product\\\/two-by-rosa-clara-omaha\\\/#breadcrumb\",\"itemListElement\":[{\"@type\":\"ListItem\",\"position\":1,\"name\":\"Home\",\"item\":\"https:\\\/\\\/www.koonings.com\\\/fr\\\/\"},{\"@type\":\"ListItem\",\"position\":2,\"name\":\"Deux par Rosa Clara Omaha\"}]},{\"@type\":\"WebSite\",\"@id\":\"https:\\\/\\\/www.koonings.com\\\/fr\\\/#website\",\"url\":\"https:\\\/\\\/www.koonings.com\\\/fr\\\/\",\"name\":\"Koonings\",\"description\":\"De grootste bruidsmodewinkel ter wereld\",\"publisher\":{\"@id\":\"https:\\\/\\\/www.koonings.com\\\/fr\\\/#organization\"},\"potentialAction\":[{\"@type\":\"SearchAction\",\"target\":{\"@type\":\"EntryPoint\",\"urlTemplate\":\"https:\\\/\\\/www.koonings.com\\\/fr\\\/?s={search_term_string}\"},\"query-input\":{\"@type\":\"PropertyValueSpecification\",\"valueRequired\":true,\"valueName\":\"search_term_string\"}}],\"inLanguage\":\"fr-FR\"},{\"@type\":\"Organization\",\"@id\":\"https:\\\/\\\/www.koonings.com\\\/fr\\\/#organization\",\"name\":\"Koonings\",\"url\":\"https:\\\/\\\/www.koonings.com\\\/fr\\\/\",\"logo\":{\"@type\":\"ImageObject\",\"inLanguage\":\"fr-FR\",\"@id\":\"https:\\\/\\\/www.koonings.com\\\/fr\\\/#\\\/schema\\\/logo\\\/image\\\/\",\"url\":\"https:\\\/\\\/www.koonings.com\\\/wp-content\\\/uploads\\\/2024\\\/07\\\/logo.png\",\"contentUrl\":\"https:\\\/\\\/www.koonings.com\\\/wp-content\\\/uploads\\\/2024\\\/07\\\/logo.png\",\"width\":600,\"height\":428,\"caption\":\"Koonings\"},\"image\":{\"@id\":\"https:\\\/\\\/www.koonings.com\\\/fr\\\/#\\\/schema\\\/logo\\\/image\\\/\"},\"sameAs\":[\"https:\\\/\\\/www.facebook.com\\\/kooningstheweddingpalace\",\"https:\\\/\\\/www.instagram.com\\\/kooningstheweddingpalace\",\"https:\\\/\\\/www.pinterest.com\\\/koonings\",\"https:\\\/\\\/www.youtube.com\\\/kooningstheweddingpalace\"]}]}<\/script>\n<!-- \/ Yoast SEO plugin. -->","yoast_head_json":{"title":"Deux par Rosa Clara Omaha | Koonings","description":"Omaha est une magnifique robe de mari\u00e9e romantique qui offre un \u00e9quilibre id\u00e9al entre \u00e9l\u00e9gance et sophistication. D'une douce couleur ivoire, cette robe pr\u00e9sente un d\u00e9collet\u00e9 en c\u0153ur qui souligne subtilement les courbes f\u00e9minines. La coupe en A tombe joliment sur le corps, cr\u00e9ant un look classique et intemporel. Les bretelles ajoutent une touche d\u00e9licate et \u00e9l\u00e9gante au mod\u00e8le. La Omaha est parfaite pour la mari\u00e9e qui recherche une robe sophistiqu\u00e9e et romantique, \u00e0 la fois \u00e9l\u00e9gante et confortable. Exclusivement disponible chez Koonings The Wedding Palace, cette robe est un choix enchanteur pour un mariage inoubliable.","robots":{"index":"index","follow":"follow","max-snippet":"max-snippet:-1","max-image-preview":"max-image-preview:large","max-video-preview":"max-video-preview:-1"},"canonical":"https:\/\/www.koonings.com\/fr\/product\/two-by-rosa-clara-omaha\/","og_locale":"fr_FR","og_type":"article","og_title":"Deux par Rosa Clara Omaha | Koonings","og_description":"Omaha est une magnifique robe de mari\u00e9e romantique qui offre un \u00e9quilibre id\u00e9al entre \u00e9l\u00e9gance et sophistication. D'une douce couleur ivoire, cette robe pr\u00e9sente un d\u00e9collet\u00e9 en c\u0153ur qui souligne subtilement les courbes f\u00e9minines. La coupe en A tombe joliment sur le corps, cr\u00e9ant un look classique et intemporel. Les bretelles ajoutent une touche d\u00e9licate et \u00e9l\u00e9gante au mod\u00e8le. La Omaha est parfaite pour la mari\u00e9e qui recherche une robe sophistiqu\u00e9e et romantique, \u00e0 la fois \u00e9l\u00e9gante et confortable. Exclusivement disponible chez Koonings The Wedding Palace, cette robe est un choix enchanteur pour un mariage inoubliable.","og_url":"https:\/\/www.koonings.com\/fr\/product\/two-by-rosa-clara-omaha\/","og_site_name":"Koonings","article_publisher":"https:\/\/www.facebook.com\/kooningstheweddingpalace","og_image":[{"width":1808,"height":2560,"url":"https:\/\/www.koonings.com\/wp-content\/uploads\/2024\/11\/112_d1bd209355b4f191615429722940d1b92a320b0e9140d8080917a4194b8cde66b164ec7b-scaled.jpeg","type":"image\/jpeg"}],"twitter_card":"summary_large_image","twitter_misc":{"Dur\u00e9e de lecture estim\u00e9e":"1 minute"},"schema":{"@context":"https:\/\/schema.org","@graph":[{"@type":"WebPage","@id":"https:\/\/www.koonings.com\/fr\/product\/two-by-rosa-clara-omaha\/","url":"https:\/\/www.koonings.com\/fr\/product\/two-by-rosa-clara-omaha\/","name":"Deux par Rosa Clara Omaha | Koonings","isPartOf":{"@id":"https:\/\/www.koonings.com\/fr\/#website"},"primaryImageOfPage":{"@id":"https:\/\/www.koonings.com\/fr\/product\/two-by-rosa-clara-omaha\/#primaryimage"},"image":{"@id":"https:\/\/www.koonings.com\/fr\/product\/two-by-rosa-clara-omaha\/#primaryimage"},"thumbnailUrl":"https:\/\/www.koonings.com\/wp-content\/uploads\/2024\/11\/112_d1bd209355b4f191615429722940d1b92a320b0e9140d8080917a4194b8cde66b164ec7b-scaled.jpeg","datePublished":"2026-04-10T14:02:09+00:00","description":"Omaha est une magnifique robe de mari\u00e9e romantique qui offre un \u00e9quilibre id\u00e9al entre \u00e9l\u00e9gance et sophistication. D'une douce couleur ivoire, cette robe pr\u00e9sente un d\u00e9collet\u00e9 en c\u0153ur qui souligne subtilement les courbes f\u00e9minines. La coupe en A tombe joliment sur le corps, cr\u00e9ant un look classique et intemporel. Les bretelles ajoutent une touche d\u00e9licate et \u00e9l\u00e9gante au mod\u00e8le. La Omaha est parfaite pour la mari\u00e9e qui recherche une robe sophistiqu\u00e9e et romantique, \u00e0 la fois \u00e9l\u00e9gante et confortable. Exclusivement disponible chez Koonings The Wedding Palace, cette robe est un choix enchanteur pour un mariage inoubliable.","breadcrumb":{"@id":"https:\/\/www.koonings.com\/fr\/product\/two-by-rosa-clara-omaha\/#breadcrumb"},"inLanguage":"fr-FR","potentialAction":[{"@type":"ReadAction","target":["https:\/\/www.koonings.com\/fr\/product\/two-by-rosa-clara-omaha\/"]}]},{"@type":"ImageObject","inLanguage":"fr-FR","@id":"https:\/\/www.koonings.com\/fr\/product\/two-by-rosa-clara-omaha\/#primaryimage","url":"https:\/\/www.koonings.com\/wp-content\/uploads\/2024\/11\/112_d1bd209355b4f191615429722940d1b92a320b0e9140d8080917a4194b8cde66b164ec7b-scaled.jpeg","contentUrl":"https:\/\/www.koonings.com\/wp-content\/uploads\/2024\/11\/112_d1bd209355b4f191615429722940d1b92a320b0e9140d8080917a4194b8cde66b164ec7b-scaled.jpeg","width":1808,"height":2560},{"@type":"BreadcrumbList","@id":"https:\/\/www.koonings.com\/fr\/product\/two-by-rosa-clara-omaha\/#breadcrumb","itemListElement":[{"@type":"ListItem","position":1,"name":"Home","item":"https:\/\/www.koonings.com\/fr\/"},{"@type":"ListItem","position":2,"name":"Deux par Rosa Clara Omaha"}]},{"@type":"WebSite","@id":"https:\/\/www.koonings.com\/fr\/#website","url":"https:\/\/www.koonings.com\/fr\/","name":"Koonings","description":"De grootste bruidsmodewinkel ter wereld","publisher":{"@id":"https:\/\/www.koonings.com\/fr\/#organization"},"potentialAction":[{"@type":"SearchAction","target":{"@type":"EntryPoint","urlTemplate":"https:\/\/www.koonings.com\/fr\/?s={search_term_string}"},"query-input":{"@type":"PropertyValueSpecification","valueRequired":true,"valueName":"search_term_string"}}],"inLanguage":"fr-FR"},{"@type":"Organization","@id":"https:\/\/www.koonings.com\/fr\/#organization","name":"Koonings","url":"https:\/\/www.koonings.com\/fr\/","logo":{"@type":"ImageObject","inLanguage":"fr-FR","@id":"https:\/\/www.koonings.com\/fr\/#\/schema\/logo\/image\/","url":"https:\/\/www.koonings.com\/wp-content\/uploads\/2024\/07\/logo.png","contentUrl":"https:\/\/www.koonings.com\/wp-content\/uploads\/2024\/07\/logo.png","width":600,"height":428,"caption":"Koonings"},"image":{"@id":"https:\/\/www.koonings.com\/fr\/#\/schema\/logo\/image\/"},"sameAs":["https:\/\/www.facebook.com\/kooningstheweddingpalace","https:\/\/www.instagram.com\/kooningstheweddingpalace","https:\/\/www.pinterest.com\/koonings","https:\/\/www.youtube.com\/kooningstheweddingpalace"]}]}},"_links":{"self":[{"href":"https:\/\/www.koonings.com\/fr\/wp-json\/wp\/v2\/product\/32385","targetHints":{"allow":["GET"]}}],"collection":[{"href":"https:\/\/www.koonings.com\/fr\/wp-json\/wp\/v2\/product"}],"about":[{"href":"https:\/\/www.koonings.com\/fr\/wp-json\/wp\/v2\/types\/product"}],"wp:featuredmedia":[{"embeddable":true,"href":"https:\/\/www.koonings.com\/fr\/wp-json\/wp\/v2\/media\/24730"}],"wp:attachment":[{"href":"https:\/\/www.koonings.com\/fr\/wp-json\/wp\/v2\/media?parent=32385"}],"wp:term":[{"taxonomy":"productdetails","embeddable":true,"href":"https:\/\/www.koonings.com\/fr\/wp-json\/wp\/v2\/productdetails?post=32385"},{"taxonomy":"productneck","embeddable":true,"href":"https:\/\/www.koonings.com\/fr\/wp-json\/wp\/v2\/productneck?post=32385"},{"taxonomy":"productcolor","embeddable":true,"href":"https:\/\/www.koonings.com\/fr\/wp-json\/wp\/v2\/productcolor?post=32385"},{"taxonomy":"maat","embeddable":true,"href":"https:\/\/www.koonings.com\/fr\/wp-json\/wp\/v2\/maat?post=32385"},{"taxonomy":"productsupplier","embeddable":true,"href":"https:\/\/www.koonings.com\/fr\/wp-json\/wp\/v2\/productsupplier?post=32385"},{"taxonomy":"productsleeve","embeddable":true,"href":"https:\/\/www.koonings.com\/fr\/wp-json\/wp\/v2\/productsleeve?post=32385"},{"taxonomy":"productcategory","embeddable":true,"href":"https:\/\/www.koonings.com\/fr\/wp-json\/wp\/v2\/productcategory?post=32385"},{"taxonomy":"productsilhouette","embeddable":true,"href":"https:\/\/www.koonings.com\/fr\/wp-json\/wp\/v2\/productsilhouette?post=32385"},{"taxonomy":"productstyle","embeddable":true,"href":"https:\/\/www.koonings.com\/fr\/wp-json\/wp\/v2\/productstyle?post=32385"}],"curies":[{"name":"wp","href":"https:\/\/api.w.org\/{rel}","templated":true}]}}