{"id":32370,"date":"2026-05-06T15:02:11","date_gmt":"2026-05-06T13:02:11","guid":{"rendered":"https:\/\/www.koonings.com\/product\/muse-by-berta-bailey-18-35\/"},"modified":"2026-02-13T12:05:40","modified_gmt":"2026-02-13T11:05:40","slug":"muse-by-berta-bailey-18-35","status":"publish","type":"product","link":"https:\/\/www.koonings.com\/fr\/product\/muse-by-berta-bailey-18-35\/","title":{"rendered":"Muse de Berta Bailey 18-35"},"content":{"rendered":"<p>Cette robe de mari\u00e9e de Muse by Berta, de couleur ivoire, pr\u00e9sente une silhouette en ligne tombant en douceur. Le haut de la robe est en dentelle sexy avec un d\u00e9collet\u00e9 en V et la jupe est souple avec du tulle. La robe est en outre orn\u00e9e de pierres scintillantes.  <\/p>\n","protected":false},"featured_media":24789,"template":"","meta":{"_acf_changed":false,"ghostkit_customizer_options":"","ghostkit_custom_css":"","ghostkit_custom_js_head":"","ghostkit_custom_js_foot":"","ghostkit_typography":""},"productdetails":[380,381],"productneck":[356],"productcolor":[392],"maat":[],"productsupplier":[399],"productsleeve":[359],"productcategory":[18],"productsilhouette":[384],"productstyle":[367],"class_list":["post-32370","product","type-product","status-publish","has-post-thumbnail","hentry","productdetails-380","productdetails-381","productneck-356","productcolor-392","productsupplier-muse-by-berta","productsleeve-359","productcategory-trouwjurken","productsilhouette-384","productstyle-367"],"acf":[],"yoast_head":"<!-- This site is optimized with the Yoast SEO plugin v27.3 - https:\/\/yoast.com\/product\/yoast-seo-wordpress\/ -->\n<title>Muse de Berta Bailey 18-35 | Koonings<\/title>\n<meta name=\"description\" content=\"Cette robe de mari\u00e9e de Muse by Berta, de couleur ivoire, pr\u00e9sente une silhouette en ligne tombant en douceur. Le haut de la robe est en dentelle sexy avec un d\u00e9collet\u00e9 en V et la jupe est souple avec du tulle. La robe est en outre orn\u00e9e de pierres scintillantes.\" \/>\n<meta name=\"robots\" content=\"index, follow, max-snippet:-1, max-image-preview:large, max-video-preview:-1\" \/>\n<link rel=\"canonical\" href=\"https:\/\/www.koonings.com\/fr\/product\/muse-by-berta-bailey-18-35\/\" \/>\n<meta property=\"og:locale\" content=\"fr_FR\" \/>\n<meta property=\"og:type\" content=\"article\" \/>\n<meta property=\"og:title\" content=\"Muse de Berta Bailey 18-35 | Koonings\" \/>\n<meta property=\"og:description\" content=\"Cette robe de mari\u00e9e de Muse by Berta, de couleur ivoire, pr\u00e9sente une silhouette en ligne tombant en douceur. Le haut de la robe est en dentelle sexy avec un d\u00e9collet\u00e9 en V et la jupe est souple avec du tulle. La robe est en outre orn\u00e9e de pierres scintillantes.\" \/>\n<meta property=\"og:url\" content=\"https:\/\/www.koonings.com\/fr\/product\/muse-by-berta-bailey-18-35\/\" \/>\n<meta property=\"og:site_name\" content=\"Koonings\" \/>\n<meta property=\"article:publisher\" content=\"https:\/\/www.facebook.com\/kooningstheweddingpalace\" \/>\n<meta property=\"og:image\" content=\"https:\/\/www.koonings.com\/wp-content\/uploads\/2024\/11\/1085_1312b5208ea7e63c672435b3f90dd08a8fed160b150ab11285d017f809f4129d2bfc5969.jpeg\" \/>\n\t<meta property=\"og:image:width\" content=\"1448\" \/>\n\t<meta property=\"og:image:height\" content=\"2172\" \/>\n\t<meta property=\"og:image:type\" content=\"image\/jpeg\" \/>\n<meta name=\"twitter:card\" content=\"summary_large_image\" \/>\n<script type=\"application\/ld+json\" class=\"yoast-schema-graph\">{\"@context\":\"https:\\\/\\\/schema.org\",\"@graph\":[{\"@type\":\"WebPage\",\"@id\":\"https:\\\/\\\/www.koonings.com\\\/fr\\\/product\\\/muse-by-berta-bailey-18-35\\\/\",\"url\":\"https:\\\/\\\/www.koonings.com\\\/fr\\\/product\\\/muse-by-berta-bailey-18-35\\\/\",\"name\":\"Muse de Berta Bailey 18-35 | Koonings\",\"isPartOf\":{\"@id\":\"https:\\\/\\\/www.koonings.com\\\/fr\\\/#website\"},\"primaryImageOfPage\":{\"@id\":\"https:\\\/\\\/www.koonings.com\\\/fr\\\/product\\\/muse-by-berta-bailey-18-35\\\/#primaryimage\"},\"image\":{\"@id\":\"https:\\\/\\\/www.koonings.com\\\/fr\\\/product\\\/muse-by-berta-bailey-18-35\\\/#primaryimage\"},\"thumbnailUrl\":\"https:\\\/\\\/www.koonings.com\\\/wp-content\\\/uploads\\\/2024\\\/11\\\/1085_1312b5208ea7e63c672435b3f90dd08a8fed160b150ab11285d017f809f4129d2bfc5969.jpeg\",\"datePublished\":\"2026-05-06T13:02:11+00:00\",\"description\":\"Cette robe de mari\u00e9e de Muse by Berta, de couleur ivoire, pr\u00e9sente une silhouette en ligne tombant en douceur. Le haut de la robe est en dentelle sexy avec un d\u00e9collet\u00e9 en V et la jupe est souple avec du tulle. La robe est en outre orn\u00e9e de pierres scintillantes.\",\"breadcrumb\":{\"@id\":\"https:\\\/\\\/www.koonings.com\\\/fr\\\/product\\\/muse-by-berta-bailey-18-35\\\/#breadcrumb\"},\"inLanguage\":\"fr-FR\",\"potentialAction\":[{\"@type\":\"ReadAction\",\"target\":[\"https:\\\/\\\/www.koonings.com\\\/fr\\\/product\\\/muse-by-berta-bailey-18-35\\\/\"]}]},{\"@type\":\"ImageObject\",\"inLanguage\":\"fr-FR\",\"@id\":\"https:\\\/\\\/www.koonings.com\\\/fr\\\/product\\\/muse-by-berta-bailey-18-35\\\/#primaryimage\",\"url\":\"https:\\\/\\\/www.koonings.com\\\/wp-content\\\/uploads\\\/2024\\\/11\\\/1085_1312b5208ea7e63c672435b3f90dd08a8fed160b150ab11285d017f809f4129d2bfc5969.jpeg\",\"contentUrl\":\"https:\\\/\\\/www.koonings.com\\\/wp-content\\\/uploads\\\/2024\\\/11\\\/1085_1312b5208ea7e63c672435b3f90dd08a8fed160b150ab11285d017f809f4129d2bfc5969.jpeg\",\"width\":1448,\"height\":2172},{\"@type\":\"BreadcrumbList\",\"@id\":\"https:\\\/\\\/www.koonings.com\\\/fr\\\/product\\\/muse-by-berta-bailey-18-35\\\/#breadcrumb\",\"itemListElement\":[{\"@type\":\"ListItem\",\"position\":1,\"name\":\"Home\",\"item\":\"https:\\\/\\\/www.koonings.com\\\/fr\\\/\"},{\"@type\":\"ListItem\",\"position\":2,\"name\":\"Muse de Berta Bailey 18-35\"}]},{\"@type\":\"WebSite\",\"@id\":\"https:\\\/\\\/www.koonings.com\\\/fr\\\/#website\",\"url\":\"https:\\\/\\\/www.koonings.com\\\/fr\\\/\",\"name\":\"Koonings\",\"description\":\"De grootste bruidsmodewinkel ter wereld\",\"publisher\":{\"@id\":\"https:\\\/\\\/www.koonings.com\\\/fr\\\/#organization\"},\"potentialAction\":[{\"@type\":\"SearchAction\",\"target\":{\"@type\":\"EntryPoint\",\"urlTemplate\":\"https:\\\/\\\/www.koonings.com\\\/fr\\\/?s={search_term_string}\"},\"query-input\":{\"@type\":\"PropertyValueSpecification\",\"valueRequired\":true,\"valueName\":\"search_term_string\"}}],\"inLanguage\":\"fr-FR\"},{\"@type\":\"Organization\",\"@id\":\"https:\\\/\\\/www.koonings.com\\\/fr\\\/#organization\",\"name\":\"Koonings\",\"url\":\"https:\\\/\\\/www.koonings.com\\\/fr\\\/\",\"logo\":{\"@type\":\"ImageObject\",\"inLanguage\":\"fr-FR\",\"@id\":\"https:\\\/\\\/www.koonings.com\\\/fr\\\/#\\\/schema\\\/logo\\\/image\\\/\",\"url\":\"https:\\\/\\\/www.koonings.com\\\/wp-content\\\/uploads\\\/2024\\\/07\\\/logo.png\",\"contentUrl\":\"https:\\\/\\\/www.koonings.com\\\/wp-content\\\/uploads\\\/2024\\\/07\\\/logo.png\",\"width\":600,\"height\":428,\"caption\":\"Koonings\"},\"image\":{\"@id\":\"https:\\\/\\\/www.koonings.com\\\/fr\\\/#\\\/schema\\\/logo\\\/image\\\/\"},\"sameAs\":[\"https:\\\/\\\/www.facebook.com\\\/kooningstheweddingpalace\",\"https:\\\/\\\/www.instagram.com\\\/kooningstheweddingpalace\",\"https:\\\/\\\/www.pinterest.com\\\/koonings\",\"https:\\\/\\\/www.youtube.com\\\/kooningstheweddingpalace\"]}]}<\/script>\n<!-- \/ Yoast SEO plugin. -->","yoast_head_json":{"title":"Muse de Berta Bailey 18-35 | Koonings","description":"Cette robe de mari\u00e9e de Muse by Berta, de couleur ivoire, pr\u00e9sente une silhouette en ligne tombant en douceur. Le haut de la robe est en dentelle sexy avec un d\u00e9collet\u00e9 en V et la jupe est souple avec du tulle. La robe est en outre orn\u00e9e de pierres scintillantes.","robots":{"index":"index","follow":"follow","max-snippet":"max-snippet:-1","max-image-preview":"max-image-preview:large","max-video-preview":"max-video-preview:-1"},"canonical":"https:\/\/www.koonings.com\/fr\/product\/muse-by-berta-bailey-18-35\/","og_locale":"fr_FR","og_type":"article","og_title":"Muse de Berta Bailey 18-35 | Koonings","og_description":"Cette robe de mari\u00e9e de Muse by Berta, de couleur ivoire, pr\u00e9sente une silhouette en ligne tombant en douceur. Le haut de la robe est en dentelle sexy avec un d\u00e9collet\u00e9 en V et la jupe est souple avec du tulle. La robe est en outre orn\u00e9e de pierres scintillantes.","og_url":"https:\/\/www.koonings.com\/fr\/product\/muse-by-berta-bailey-18-35\/","og_site_name":"Koonings","article_publisher":"https:\/\/www.facebook.com\/kooningstheweddingpalace","og_image":[{"width":1448,"height":2172,"url":"https:\/\/www.koonings.com\/wp-content\/uploads\/2024\/11\/1085_1312b5208ea7e63c672435b3f90dd08a8fed160b150ab11285d017f809f4129d2bfc5969.jpeg","type":"image\/jpeg"}],"twitter_card":"summary_large_image","schema":{"@context":"https:\/\/schema.org","@graph":[{"@type":"WebPage","@id":"https:\/\/www.koonings.com\/fr\/product\/muse-by-berta-bailey-18-35\/","url":"https:\/\/www.koonings.com\/fr\/product\/muse-by-berta-bailey-18-35\/","name":"Muse de Berta Bailey 18-35 | Koonings","isPartOf":{"@id":"https:\/\/www.koonings.com\/fr\/#website"},"primaryImageOfPage":{"@id":"https:\/\/www.koonings.com\/fr\/product\/muse-by-berta-bailey-18-35\/#primaryimage"},"image":{"@id":"https:\/\/www.koonings.com\/fr\/product\/muse-by-berta-bailey-18-35\/#primaryimage"},"thumbnailUrl":"https:\/\/www.koonings.com\/wp-content\/uploads\/2024\/11\/1085_1312b5208ea7e63c672435b3f90dd08a8fed160b150ab11285d017f809f4129d2bfc5969.jpeg","datePublished":"2026-05-06T13:02:11+00:00","description":"Cette robe de mari\u00e9e de Muse by Berta, de couleur ivoire, pr\u00e9sente une silhouette en ligne tombant en douceur. Le haut de la robe est en dentelle sexy avec un d\u00e9collet\u00e9 en V et la jupe est souple avec du tulle. La robe est en outre orn\u00e9e de pierres scintillantes.","breadcrumb":{"@id":"https:\/\/www.koonings.com\/fr\/product\/muse-by-berta-bailey-18-35\/#breadcrumb"},"inLanguage":"fr-FR","potentialAction":[{"@type":"ReadAction","target":["https:\/\/www.koonings.com\/fr\/product\/muse-by-berta-bailey-18-35\/"]}]},{"@type":"ImageObject","inLanguage":"fr-FR","@id":"https:\/\/www.koonings.com\/fr\/product\/muse-by-berta-bailey-18-35\/#primaryimage","url":"https:\/\/www.koonings.com\/wp-content\/uploads\/2024\/11\/1085_1312b5208ea7e63c672435b3f90dd08a8fed160b150ab11285d017f809f4129d2bfc5969.jpeg","contentUrl":"https:\/\/www.koonings.com\/wp-content\/uploads\/2024\/11\/1085_1312b5208ea7e63c672435b3f90dd08a8fed160b150ab11285d017f809f4129d2bfc5969.jpeg","width":1448,"height":2172},{"@type":"BreadcrumbList","@id":"https:\/\/www.koonings.com\/fr\/product\/muse-by-berta-bailey-18-35\/#breadcrumb","itemListElement":[{"@type":"ListItem","position":1,"name":"Home","item":"https:\/\/www.koonings.com\/fr\/"},{"@type":"ListItem","position":2,"name":"Muse de Berta Bailey 18-35"}]},{"@type":"WebSite","@id":"https:\/\/www.koonings.com\/fr\/#website","url":"https:\/\/www.koonings.com\/fr\/","name":"Koonings","description":"De grootste bruidsmodewinkel ter wereld","publisher":{"@id":"https:\/\/www.koonings.com\/fr\/#organization"},"potentialAction":[{"@type":"SearchAction","target":{"@type":"EntryPoint","urlTemplate":"https:\/\/www.koonings.com\/fr\/?s={search_term_string}"},"query-input":{"@type":"PropertyValueSpecification","valueRequired":true,"valueName":"search_term_string"}}],"inLanguage":"fr-FR"},{"@type":"Organization","@id":"https:\/\/www.koonings.com\/fr\/#organization","name":"Koonings","url":"https:\/\/www.koonings.com\/fr\/","logo":{"@type":"ImageObject","inLanguage":"fr-FR","@id":"https:\/\/www.koonings.com\/fr\/#\/schema\/logo\/image\/","url":"https:\/\/www.koonings.com\/wp-content\/uploads\/2024\/07\/logo.png","contentUrl":"https:\/\/www.koonings.com\/wp-content\/uploads\/2024\/07\/logo.png","width":600,"height":428,"caption":"Koonings"},"image":{"@id":"https:\/\/www.koonings.com\/fr\/#\/schema\/logo\/image\/"},"sameAs":["https:\/\/www.facebook.com\/kooningstheweddingpalace","https:\/\/www.instagram.com\/kooningstheweddingpalace","https:\/\/www.pinterest.com\/koonings","https:\/\/www.youtube.com\/kooningstheweddingpalace"]}]}},"_links":{"self":[{"href":"https:\/\/www.koonings.com\/fr\/wp-json\/wp\/v2\/product\/32370","targetHints":{"allow":["GET"]}}],"collection":[{"href":"https:\/\/www.koonings.com\/fr\/wp-json\/wp\/v2\/product"}],"about":[{"href":"https:\/\/www.koonings.com\/fr\/wp-json\/wp\/v2\/types\/product"}],"wp:featuredmedia":[{"embeddable":true,"href":"https:\/\/www.koonings.com\/fr\/wp-json\/wp\/v2\/media\/24789"}],"wp:attachment":[{"href":"https:\/\/www.koonings.com\/fr\/wp-json\/wp\/v2\/media?parent=32370"}],"wp:term":[{"taxonomy":"productdetails","embeddable":true,"href":"https:\/\/www.koonings.com\/fr\/wp-json\/wp\/v2\/productdetails?post=32370"},{"taxonomy":"productneck","embeddable":true,"href":"https:\/\/www.koonings.com\/fr\/wp-json\/wp\/v2\/productneck?post=32370"},{"taxonomy":"productcolor","embeddable":true,"href":"https:\/\/www.koonings.com\/fr\/wp-json\/wp\/v2\/productcolor?post=32370"},{"taxonomy":"maat","embeddable":true,"href":"https:\/\/www.koonings.com\/fr\/wp-json\/wp\/v2\/maat?post=32370"},{"taxonomy":"productsupplier","embeddable":true,"href":"https:\/\/www.koonings.com\/fr\/wp-json\/wp\/v2\/productsupplier?post=32370"},{"taxonomy":"productsleeve","embeddable":true,"href":"https:\/\/www.koonings.com\/fr\/wp-json\/wp\/v2\/productsleeve?post=32370"},{"taxonomy":"productcategory","embeddable":true,"href":"https:\/\/www.koonings.com\/fr\/wp-json\/wp\/v2\/productcategory?post=32370"},{"taxonomy":"productsilhouette","embeddable":true,"href":"https:\/\/www.koonings.com\/fr\/wp-json\/wp\/v2\/productsilhouette?post=32370"},{"taxonomy":"productstyle","embeddable":true,"href":"https:\/\/www.koonings.com\/fr\/wp-json\/wp\/v2\/productstyle?post=32370"}],"curies":[{"name":"wp","href":"https:\/\/api.w.org\/{rel}","templated":true}]}}