{"id":32362,"date":"2025-12-15T00:02:23","date_gmt":"2025-12-14T23:02:23","guid":{"rendered":"https:\/\/www.koonings.com\/product\/oreasposa-l895\/"},"modified":"2026-02-02T14:26:45","modified_gmt":"2026-02-02T13:26:45","slug":"oreasposa-l895","status":"publish","type":"product","link":"https:\/\/www.koonings.com\/fr\/product\/oreasposa-l895\/","title":{"rendered":"Oreasposa L895"},"content":{"rendered":"<p>Une magnifique dentelle d&#8217;Alencon agr\u00e9ment\u00e9e de perles orne cette robe romantique en organza sur satin \u00e0 l&#8217;encolure en forme de c\u0153ur.<br \/>\nDe d\u00e9licates manches capuchon en dentelle se prolongent dans le dos illusionn\u00e9 avec fermeture \u00e0 boutons et accents de dentelle. <\/p>\n","protected":false},"featured_media":24824,"template":"","meta":{"_acf_changed":false,"ghostkit_customizer_options":"","ghostkit_custom_css":"","ghostkit_custom_js_head":"","ghostkit_custom_js_foot":"","ghostkit_typography":""},"productdetails":[],"productneck":[355],"productcolor":[393,392],"maat":[],"productsupplier":[401],"productsleeve":[359],"productcategory":[18],"productsilhouette":[384],"productstyle":[366],"class_list":["post-32362","product","type-product","status-publish","has-post-thumbnail","hentry","productneck-355","productcolor-393","productcolor-392","productsupplier-oreasposa","productsleeve-359","productcategory-trouwjurken","productsilhouette-384","productstyle-366"],"acf":[],"yoast_head":"<!-- This site is optimized with the Yoast SEO plugin v27.3 - https:\/\/yoast.com\/product\/yoast-seo-wordpress\/ -->\n<title>Oreasposa L895 | Koonings<\/title>\n<meta name=\"description\" content=\"Une magnifique dentelle d&#039;Alencon agr\u00e9ment\u00e9e de perles orne cette robe romantique en organza sur satin \u00e0 l&#039;encolure en forme de c\u0153ur. De d\u00e9licates manches capuchon en dentelle se prolongent dans le dos illusionn\u00e9 avec fermeture \u00e0 boutons et accents de dentelle.\" \/>\n<meta name=\"robots\" content=\"index, follow, max-snippet:-1, max-image-preview:large, max-video-preview:-1\" \/>\n<link rel=\"canonical\" href=\"https:\/\/www.koonings.com\/fr\/product\/oreasposa-l895\/\" \/>\n<meta property=\"og:locale\" content=\"fr_FR\" \/>\n<meta property=\"og:type\" content=\"article\" \/>\n<meta property=\"og:title\" content=\"Oreasposa L895 | Koonings\" \/>\n<meta property=\"og:description\" content=\"Une magnifique dentelle d&#039;Alencon agr\u00e9ment\u00e9e de perles orne cette robe romantique en organza sur satin \u00e0 l&#039;encolure en forme de c\u0153ur. De d\u00e9licates manches capuchon en dentelle se prolongent dans le dos illusionn\u00e9 avec fermeture \u00e0 boutons et accents de dentelle.\" \/>\n<meta property=\"og:url\" content=\"https:\/\/www.koonings.com\/fr\/product\/oreasposa-l895\/\" \/>\n<meta property=\"og:site_name\" content=\"Koonings\" \/>\n<meta property=\"article:publisher\" content=\"https:\/\/www.facebook.com\/kooningstheweddingpalace\" \/>\n<meta property=\"article:modified_time\" content=\"2026-02-02T13:26:45+00:00\" \/>\n<meta property=\"og:image\" content=\"https:\/\/www.koonings.com\/wp-content\/uploads\/2024\/11\/1355_e3c61483edda84e825fb684036e37fc334074831ab671c412d340eeda04efa55ed38d28d.jpeg\" \/>\n\t<meta property=\"og:image:width\" content=\"1559\" \/>\n\t<meta property=\"og:image:height\" content=\"2000\" \/>\n\t<meta property=\"og:image:type\" content=\"image\/jpeg\" \/>\n<meta name=\"twitter:card\" content=\"summary_large_image\" \/>\n<script type=\"application\/ld+json\" class=\"yoast-schema-graph\">{\"@context\":\"https:\\\/\\\/schema.org\",\"@graph\":[{\"@type\":\"WebPage\",\"@id\":\"https:\\\/\\\/www.koonings.com\\\/fr\\\/product\\\/oreasposa-l895\\\/\",\"url\":\"https:\\\/\\\/www.koonings.com\\\/fr\\\/product\\\/oreasposa-l895\\\/\",\"name\":\"Oreasposa L895 | Koonings\",\"isPartOf\":{\"@id\":\"https:\\\/\\\/www.koonings.com\\\/fr\\\/#website\"},\"primaryImageOfPage\":{\"@id\":\"https:\\\/\\\/www.koonings.com\\\/fr\\\/product\\\/oreasposa-l895\\\/#primaryimage\"},\"image\":{\"@id\":\"https:\\\/\\\/www.koonings.com\\\/fr\\\/product\\\/oreasposa-l895\\\/#primaryimage\"},\"thumbnailUrl\":\"https:\\\/\\\/www.koonings.com\\\/wp-content\\\/uploads\\\/2024\\\/11\\\/1355_e3c61483edda84e825fb684036e37fc334074831ab671c412d340eeda04efa55ed38d28d.jpeg\",\"datePublished\":\"2025-12-14T23:02:23+00:00\",\"dateModified\":\"2026-02-02T13:26:45+00:00\",\"description\":\"Une magnifique dentelle d'Alencon agr\u00e9ment\u00e9e de perles orne cette robe romantique en organza sur satin \u00e0 l'encolure en forme de c\u0153ur. De d\u00e9licates manches capuchon en dentelle se prolongent dans le dos illusionn\u00e9 avec fermeture \u00e0 boutons et accents de dentelle.\",\"breadcrumb\":{\"@id\":\"https:\\\/\\\/www.koonings.com\\\/fr\\\/product\\\/oreasposa-l895\\\/#breadcrumb\"},\"inLanguage\":\"fr-FR\",\"potentialAction\":[{\"@type\":\"ReadAction\",\"target\":[\"https:\\\/\\\/www.koonings.com\\\/fr\\\/product\\\/oreasposa-l895\\\/\"]}]},{\"@type\":\"ImageObject\",\"inLanguage\":\"fr-FR\",\"@id\":\"https:\\\/\\\/www.koonings.com\\\/fr\\\/product\\\/oreasposa-l895\\\/#primaryimage\",\"url\":\"https:\\\/\\\/www.koonings.com\\\/wp-content\\\/uploads\\\/2024\\\/11\\\/1355_e3c61483edda84e825fb684036e37fc334074831ab671c412d340eeda04efa55ed38d28d.jpeg\",\"contentUrl\":\"https:\\\/\\\/www.koonings.com\\\/wp-content\\\/uploads\\\/2024\\\/11\\\/1355_e3c61483edda84e825fb684036e37fc334074831ab671c412d340eeda04efa55ed38d28d.jpeg\",\"width\":1559,\"height\":2000},{\"@type\":\"BreadcrumbList\",\"@id\":\"https:\\\/\\\/www.koonings.com\\\/fr\\\/product\\\/oreasposa-l895\\\/#breadcrumb\",\"itemListElement\":[{\"@type\":\"ListItem\",\"position\":1,\"name\":\"Home\",\"item\":\"https:\\\/\\\/www.koonings.com\\\/fr\\\/\"},{\"@type\":\"ListItem\",\"position\":2,\"name\":\"Oreasposa L895\"}]},{\"@type\":\"WebSite\",\"@id\":\"https:\\\/\\\/www.koonings.com\\\/fr\\\/#website\",\"url\":\"https:\\\/\\\/www.koonings.com\\\/fr\\\/\",\"name\":\"Koonings\",\"description\":\"De grootste bruidsmodewinkel ter wereld\",\"publisher\":{\"@id\":\"https:\\\/\\\/www.koonings.com\\\/fr\\\/#organization\"},\"potentialAction\":[{\"@type\":\"SearchAction\",\"target\":{\"@type\":\"EntryPoint\",\"urlTemplate\":\"https:\\\/\\\/www.koonings.com\\\/fr\\\/?s={search_term_string}\"},\"query-input\":{\"@type\":\"PropertyValueSpecification\",\"valueRequired\":true,\"valueName\":\"search_term_string\"}}],\"inLanguage\":\"fr-FR\"},{\"@type\":\"Organization\",\"@id\":\"https:\\\/\\\/www.koonings.com\\\/fr\\\/#organization\",\"name\":\"Koonings\",\"url\":\"https:\\\/\\\/www.koonings.com\\\/fr\\\/\",\"logo\":{\"@type\":\"ImageObject\",\"inLanguage\":\"fr-FR\",\"@id\":\"https:\\\/\\\/www.koonings.com\\\/fr\\\/#\\\/schema\\\/logo\\\/image\\\/\",\"url\":\"https:\\\/\\\/www.koonings.com\\\/wp-content\\\/uploads\\\/2024\\\/07\\\/logo.png\",\"contentUrl\":\"https:\\\/\\\/www.koonings.com\\\/wp-content\\\/uploads\\\/2024\\\/07\\\/logo.png\",\"width\":600,\"height\":428,\"caption\":\"Koonings\"},\"image\":{\"@id\":\"https:\\\/\\\/www.koonings.com\\\/fr\\\/#\\\/schema\\\/logo\\\/image\\\/\"},\"sameAs\":[\"https:\\\/\\\/www.facebook.com\\\/kooningstheweddingpalace\",\"https:\\\/\\\/www.instagram.com\\\/kooningstheweddingpalace\",\"https:\\\/\\\/www.pinterest.com\\\/koonings\",\"https:\\\/\\\/www.youtube.com\\\/kooningstheweddingpalace\"]}]}<\/script>\n<!-- \/ Yoast SEO plugin. -->","yoast_head_json":{"title":"Oreasposa L895 | Koonings","description":"Une magnifique dentelle d'Alencon agr\u00e9ment\u00e9e de perles orne cette robe romantique en organza sur satin \u00e0 l'encolure en forme de c\u0153ur. De d\u00e9licates manches capuchon en dentelle se prolongent dans le dos illusionn\u00e9 avec fermeture \u00e0 boutons et accents de dentelle.","robots":{"index":"index","follow":"follow","max-snippet":"max-snippet:-1","max-image-preview":"max-image-preview:large","max-video-preview":"max-video-preview:-1"},"canonical":"https:\/\/www.koonings.com\/fr\/product\/oreasposa-l895\/","og_locale":"fr_FR","og_type":"article","og_title":"Oreasposa L895 | Koonings","og_description":"Une magnifique dentelle d'Alencon agr\u00e9ment\u00e9e de perles orne cette robe romantique en organza sur satin \u00e0 l'encolure en forme de c\u0153ur. De d\u00e9licates manches capuchon en dentelle se prolongent dans le dos illusionn\u00e9 avec fermeture \u00e0 boutons et accents de dentelle.","og_url":"https:\/\/www.koonings.com\/fr\/product\/oreasposa-l895\/","og_site_name":"Koonings","article_publisher":"https:\/\/www.facebook.com\/kooningstheweddingpalace","article_modified_time":"2026-02-02T13:26:45+00:00","og_image":[{"width":1559,"height":2000,"url":"https:\/\/www.koonings.com\/wp-content\/uploads\/2024\/11\/1355_e3c61483edda84e825fb684036e37fc334074831ab671c412d340eeda04efa55ed38d28d.jpeg","type":"image\/jpeg"}],"twitter_card":"summary_large_image","schema":{"@context":"https:\/\/schema.org","@graph":[{"@type":"WebPage","@id":"https:\/\/www.koonings.com\/fr\/product\/oreasposa-l895\/","url":"https:\/\/www.koonings.com\/fr\/product\/oreasposa-l895\/","name":"Oreasposa L895 | Koonings","isPartOf":{"@id":"https:\/\/www.koonings.com\/fr\/#website"},"primaryImageOfPage":{"@id":"https:\/\/www.koonings.com\/fr\/product\/oreasposa-l895\/#primaryimage"},"image":{"@id":"https:\/\/www.koonings.com\/fr\/product\/oreasposa-l895\/#primaryimage"},"thumbnailUrl":"https:\/\/www.koonings.com\/wp-content\/uploads\/2024\/11\/1355_e3c61483edda84e825fb684036e37fc334074831ab671c412d340eeda04efa55ed38d28d.jpeg","datePublished":"2025-12-14T23:02:23+00:00","dateModified":"2026-02-02T13:26:45+00:00","description":"Une magnifique dentelle d'Alencon agr\u00e9ment\u00e9e de perles orne cette robe romantique en organza sur satin \u00e0 l'encolure en forme de c\u0153ur. De d\u00e9licates manches capuchon en dentelle se prolongent dans le dos illusionn\u00e9 avec fermeture \u00e0 boutons et accents de dentelle.","breadcrumb":{"@id":"https:\/\/www.koonings.com\/fr\/product\/oreasposa-l895\/#breadcrumb"},"inLanguage":"fr-FR","potentialAction":[{"@type":"ReadAction","target":["https:\/\/www.koonings.com\/fr\/product\/oreasposa-l895\/"]}]},{"@type":"ImageObject","inLanguage":"fr-FR","@id":"https:\/\/www.koonings.com\/fr\/product\/oreasposa-l895\/#primaryimage","url":"https:\/\/www.koonings.com\/wp-content\/uploads\/2024\/11\/1355_e3c61483edda84e825fb684036e37fc334074831ab671c412d340eeda04efa55ed38d28d.jpeg","contentUrl":"https:\/\/www.koonings.com\/wp-content\/uploads\/2024\/11\/1355_e3c61483edda84e825fb684036e37fc334074831ab671c412d340eeda04efa55ed38d28d.jpeg","width":1559,"height":2000},{"@type":"BreadcrumbList","@id":"https:\/\/www.koonings.com\/fr\/product\/oreasposa-l895\/#breadcrumb","itemListElement":[{"@type":"ListItem","position":1,"name":"Home","item":"https:\/\/www.koonings.com\/fr\/"},{"@type":"ListItem","position":2,"name":"Oreasposa L895"}]},{"@type":"WebSite","@id":"https:\/\/www.koonings.com\/fr\/#website","url":"https:\/\/www.koonings.com\/fr\/","name":"Koonings","description":"De grootste bruidsmodewinkel ter wereld","publisher":{"@id":"https:\/\/www.koonings.com\/fr\/#organization"},"potentialAction":[{"@type":"SearchAction","target":{"@type":"EntryPoint","urlTemplate":"https:\/\/www.koonings.com\/fr\/?s={search_term_string}"},"query-input":{"@type":"PropertyValueSpecification","valueRequired":true,"valueName":"search_term_string"}}],"inLanguage":"fr-FR"},{"@type":"Organization","@id":"https:\/\/www.koonings.com\/fr\/#organization","name":"Koonings","url":"https:\/\/www.koonings.com\/fr\/","logo":{"@type":"ImageObject","inLanguage":"fr-FR","@id":"https:\/\/www.koonings.com\/fr\/#\/schema\/logo\/image\/","url":"https:\/\/www.koonings.com\/wp-content\/uploads\/2024\/07\/logo.png","contentUrl":"https:\/\/www.koonings.com\/wp-content\/uploads\/2024\/07\/logo.png","width":600,"height":428,"caption":"Koonings"},"image":{"@id":"https:\/\/www.koonings.com\/fr\/#\/schema\/logo\/image\/"},"sameAs":["https:\/\/www.facebook.com\/kooningstheweddingpalace","https:\/\/www.instagram.com\/kooningstheweddingpalace","https:\/\/www.pinterest.com\/koonings","https:\/\/www.youtube.com\/kooningstheweddingpalace"]}]}},"_links":{"self":[{"href":"https:\/\/www.koonings.com\/fr\/wp-json\/wp\/v2\/product\/32362","targetHints":{"allow":["GET"]}}],"collection":[{"href":"https:\/\/www.koonings.com\/fr\/wp-json\/wp\/v2\/product"}],"about":[{"href":"https:\/\/www.koonings.com\/fr\/wp-json\/wp\/v2\/types\/product"}],"wp:featuredmedia":[{"embeddable":true,"href":"https:\/\/www.koonings.com\/fr\/wp-json\/wp\/v2\/media\/24824"}],"wp:attachment":[{"href":"https:\/\/www.koonings.com\/fr\/wp-json\/wp\/v2\/media?parent=32362"}],"wp:term":[{"taxonomy":"productdetails","embeddable":true,"href":"https:\/\/www.koonings.com\/fr\/wp-json\/wp\/v2\/productdetails?post=32362"},{"taxonomy":"productneck","embeddable":true,"href":"https:\/\/www.koonings.com\/fr\/wp-json\/wp\/v2\/productneck?post=32362"},{"taxonomy":"productcolor","embeddable":true,"href":"https:\/\/www.koonings.com\/fr\/wp-json\/wp\/v2\/productcolor?post=32362"},{"taxonomy":"maat","embeddable":true,"href":"https:\/\/www.koonings.com\/fr\/wp-json\/wp\/v2\/maat?post=32362"},{"taxonomy":"productsupplier","embeddable":true,"href":"https:\/\/www.koonings.com\/fr\/wp-json\/wp\/v2\/productsupplier?post=32362"},{"taxonomy":"productsleeve","embeddable":true,"href":"https:\/\/www.koonings.com\/fr\/wp-json\/wp\/v2\/productsleeve?post=32362"},{"taxonomy":"productcategory","embeddable":true,"href":"https:\/\/www.koonings.com\/fr\/wp-json\/wp\/v2\/productcategory?post=32362"},{"taxonomy":"productsilhouette","embeddable":true,"href":"https:\/\/www.koonings.com\/fr\/wp-json\/wp\/v2\/productsilhouette?post=32362"},{"taxonomy":"productstyle","embeddable":true,"href":"https:\/\/www.koonings.com\/fr\/wp-json\/wp\/v2\/productstyle?post=32362"}],"curies":[{"name":"wp","href":"https:\/\/api.w.org\/{rel}","templated":true}]}}