{"id":32332,"date":"2026-04-14T16:02:18","date_gmt":"2026-04-14T14:02:18","guid":{"rendered":"https:\/\/www.koonings.com\/product\/demetrios-platinum-dp353\/"},"modified":"2026-02-13T12:02:30","modified_gmt":"2026-02-13T11:02:30","slug":"demetrios-platinum-dp353","status":"publish","type":"product","link":"https:\/\/www.koonings.com\/fr\/product\/demetrios-platinum-dp353\/","title":{"rendered":"Demetrios Platinum DP353"},"content":{"rendered":"<p>Anastasia n&#8217;est rien de moins qu&#8217;un r\u00eave de mariage devenu r\u00e9alit\u00e9. La caract\u00e9ristique la plus remarquable de ce sublime mod\u00e8le sont les fleurs 3D qui s&#8217;\u00e9panouissent du corsage \u00e0 l&#8217;ourlet. Elle pr\u00e9sente une forme princesse, une encolure ronde et une base en tulle. Couleur pr\u00e9sent\u00e9e : or   <\/p>\n","protected":false},"featured_media":24958,"template":"","meta":{"_acf_changed":false,"ghostkit_customizer_options":"","ghostkit_custom_css":"","ghostkit_custom_js_head":"","ghostkit_custom_js_foot":"","ghostkit_typography":""},"productdetails":[376],"productneck":[356],"productcolor":[394],"maat":[],"productsupplier":[403],"productsleeve":[359],"productcategory":[18],"productsilhouette":[388],"productstyle":[372,366],"class_list":["post-32332","product","type-product","status-publish","has-post-thumbnail","hentry","productdetails-376","productneck-356","productcolor-394","productsupplier-demetrios-platinum","productsleeve-359","productcategory-trouwjurken","productsilhouette-388","productstyle-372","productstyle-366"],"acf":[],"yoast_head":"<!-- This site is optimized with the Yoast SEO plugin v27.3 - https:\/\/yoast.com\/product\/yoast-seo-wordpress\/ -->\n<title>Demetrios Platinum DP353 | Koonings<\/title>\n<meta name=\"description\" content=\"Anastasia n&#039;est rien de moins qu&#039;un r\u00eave de mariage devenu r\u00e9alit\u00e9. La caract\u00e9ristique la plus remarquable de ce sublime mod\u00e8le sont les fleurs 3D qui s&#039;\u00e9panouissent du corsage \u00e0 l&#039;ourlet. Elle pr\u00e9sente une forme princesse, une encolure ronde et une base en tulle. Couleur pr\u00e9sent\u00e9e : or\" \/>\n<meta name=\"robots\" content=\"index, follow, max-snippet:-1, max-image-preview:large, max-video-preview:-1\" \/>\n<link rel=\"canonical\" href=\"https:\/\/www.koonings.com\/fr\/product\/demetrios-platinum-dp353\/\" \/>\n<meta property=\"og:locale\" content=\"fr_FR\" \/>\n<meta property=\"og:type\" content=\"article\" \/>\n<meta property=\"og:title\" content=\"Demetrios Platinum DP353 | Koonings\" \/>\n<meta property=\"og:description\" content=\"Anastasia n&#039;est rien de moins qu&#039;un r\u00eave de mariage devenu r\u00e9alit\u00e9. La caract\u00e9ristique la plus remarquable de ce sublime mod\u00e8le sont les fleurs 3D qui s&#039;\u00e9panouissent du corsage \u00e0 l&#039;ourlet. Elle pr\u00e9sente une forme princesse, une encolure ronde et une base en tulle. Couleur pr\u00e9sent\u00e9e : or\" \/>\n<meta property=\"og:url\" content=\"https:\/\/www.koonings.com\/fr\/product\/demetrios-platinum-dp353\/\" \/>\n<meta property=\"og:site_name\" content=\"Koonings\" \/>\n<meta property=\"article:publisher\" content=\"https:\/\/www.facebook.com\/kooningstheweddingpalace\" \/>\n<meta property=\"og:image\" content=\"https:\/\/www.koonings.com\/wp-content\/uploads\/2024\/11\/2114_d33fbe3b7d15ce46ca50bfc30ab0d6949bcab676ed462ad955ce726f7c1abeef2b4e1b74.jpeg\" \/>\n\t<meta property=\"og:image:width\" content=\"981\" \/>\n\t<meta property=\"og:image:height\" content=\"1390\" \/>\n\t<meta property=\"og:image:type\" content=\"image\/jpeg\" \/>\n<meta name=\"twitter:card\" content=\"summary_large_image\" \/>\n<script type=\"application\/ld+json\" class=\"yoast-schema-graph\">{\"@context\":\"https:\\\/\\\/schema.org\",\"@graph\":[{\"@type\":\"WebPage\",\"@id\":\"https:\\\/\\\/www.koonings.com\\\/fr\\\/product\\\/demetrios-platinum-dp353\\\/\",\"url\":\"https:\\\/\\\/www.koonings.com\\\/fr\\\/product\\\/demetrios-platinum-dp353\\\/\",\"name\":\"Demetrios Platinum DP353 | Koonings\",\"isPartOf\":{\"@id\":\"https:\\\/\\\/www.koonings.com\\\/fr\\\/#website\"},\"primaryImageOfPage\":{\"@id\":\"https:\\\/\\\/www.koonings.com\\\/fr\\\/product\\\/demetrios-platinum-dp353\\\/#primaryimage\"},\"image\":{\"@id\":\"https:\\\/\\\/www.koonings.com\\\/fr\\\/product\\\/demetrios-platinum-dp353\\\/#primaryimage\"},\"thumbnailUrl\":\"https:\\\/\\\/www.koonings.com\\\/wp-content\\\/uploads\\\/2024\\\/11\\\/2114_d33fbe3b7d15ce46ca50bfc30ab0d6949bcab676ed462ad955ce726f7c1abeef2b4e1b74.jpeg\",\"datePublished\":\"2026-04-14T14:02:18+00:00\",\"description\":\"Anastasia n'est rien de moins qu'un r\u00eave de mariage devenu r\u00e9alit\u00e9. La caract\u00e9ristique la plus remarquable de ce sublime mod\u00e8le sont les fleurs 3D qui s'\u00e9panouissent du corsage \u00e0 l'ourlet. Elle pr\u00e9sente une forme princesse, une encolure ronde et une base en tulle. Couleur pr\u00e9sent\u00e9e : or\",\"breadcrumb\":{\"@id\":\"https:\\\/\\\/www.koonings.com\\\/fr\\\/product\\\/demetrios-platinum-dp353\\\/#breadcrumb\"},\"inLanguage\":\"fr-FR\",\"potentialAction\":[{\"@type\":\"ReadAction\",\"target\":[\"https:\\\/\\\/www.koonings.com\\\/fr\\\/product\\\/demetrios-platinum-dp353\\\/\"]}]},{\"@type\":\"ImageObject\",\"inLanguage\":\"fr-FR\",\"@id\":\"https:\\\/\\\/www.koonings.com\\\/fr\\\/product\\\/demetrios-platinum-dp353\\\/#primaryimage\",\"url\":\"https:\\\/\\\/www.koonings.com\\\/wp-content\\\/uploads\\\/2024\\\/11\\\/2114_d33fbe3b7d15ce46ca50bfc30ab0d6949bcab676ed462ad955ce726f7c1abeef2b4e1b74.jpeg\",\"contentUrl\":\"https:\\\/\\\/www.koonings.com\\\/wp-content\\\/uploads\\\/2024\\\/11\\\/2114_d33fbe3b7d15ce46ca50bfc30ab0d6949bcab676ed462ad955ce726f7c1abeef2b4e1b74.jpeg\",\"width\":981,\"height\":1390},{\"@type\":\"BreadcrumbList\",\"@id\":\"https:\\\/\\\/www.koonings.com\\\/fr\\\/product\\\/demetrios-platinum-dp353\\\/#breadcrumb\",\"itemListElement\":[{\"@type\":\"ListItem\",\"position\":1,\"name\":\"Home\",\"item\":\"https:\\\/\\\/www.koonings.com\\\/fr\\\/\"},{\"@type\":\"ListItem\",\"position\":2,\"name\":\"Demetrios Platinum DP353\"}]},{\"@type\":\"WebSite\",\"@id\":\"https:\\\/\\\/www.koonings.com\\\/fr\\\/#website\",\"url\":\"https:\\\/\\\/www.koonings.com\\\/fr\\\/\",\"name\":\"Koonings\",\"description\":\"De grootste bruidsmodewinkel ter wereld\",\"publisher\":{\"@id\":\"https:\\\/\\\/www.koonings.com\\\/fr\\\/#organization\"},\"potentialAction\":[{\"@type\":\"SearchAction\",\"target\":{\"@type\":\"EntryPoint\",\"urlTemplate\":\"https:\\\/\\\/www.koonings.com\\\/fr\\\/?s={search_term_string}\"},\"query-input\":{\"@type\":\"PropertyValueSpecification\",\"valueRequired\":true,\"valueName\":\"search_term_string\"}}],\"inLanguage\":\"fr-FR\"},{\"@type\":\"Organization\",\"@id\":\"https:\\\/\\\/www.koonings.com\\\/fr\\\/#organization\",\"name\":\"Koonings\",\"url\":\"https:\\\/\\\/www.koonings.com\\\/fr\\\/\",\"logo\":{\"@type\":\"ImageObject\",\"inLanguage\":\"fr-FR\",\"@id\":\"https:\\\/\\\/www.koonings.com\\\/fr\\\/#\\\/schema\\\/logo\\\/image\\\/\",\"url\":\"https:\\\/\\\/www.koonings.com\\\/wp-content\\\/uploads\\\/2024\\\/07\\\/logo.png\",\"contentUrl\":\"https:\\\/\\\/www.koonings.com\\\/wp-content\\\/uploads\\\/2024\\\/07\\\/logo.png\",\"width\":600,\"height\":428,\"caption\":\"Koonings\"},\"image\":{\"@id\":\"https:\\\/\\\/www.koonings.com\\\/fr\\\/#\\\/schema\\\/logo\\\/image\\\/\"},\"sameAs\":[\"https:\\\/\\\/www.facebook.com\\\/kooningstheweddingpalace\",\"https:\\\/\\\/www.instagram.com\\\/kooningstheweddingpalace\",\"https:\\\/\\\/www.pinterest.com\\\/koonings\",\"https:\\\/\\\/www.youtube.com\\\/kooningstheweddingpalace\"]}]}<\/script>\n<!-- \/ Yoast SEO plugin. -->","yoast_head_json":{"title":"Demetrios Platinum DP353 | Koonings","description":"Anastasia n'est rien de moins qu'un r\u00eave de mariage devenu r\u00e9alit\u00e9. La caract\u00e9ristique la plus remarquable de ce sublime mod\u00e8le sont les fleurs 3D qui s'\u00e9panouissent du corsage \u00e0 l'ourlet. Elle pr\u00e9sente une forme princesse, une encolure ronde et une base en tulle. Couleur pr\u00e9sent\u00e9e : or","robots":{"index":"index","follow":"follow","max-snippet":"max-snippet:-1","max-image-preview":"max-image-preview:large","max-video-preview":"max-video-preview:-1"},"canonical":"https:\/\/www.koonings.com\/fr\/product\/demetrios-platinum-dp353\/","og_locale":"fr_FR","og_type":"article","og_title":"Demetrios Platinum DP353 | Koonings","og_description":"Anastasia n'est rien de moins qu'un r\u00eave de mariage devenu r\u00e9alit\u00e9. La caract\u00e9ristique la plus remarquable de ce sublime mod\u00e8le sont les fleurs 3D qui s'\u00e9panouissent du corsage \u00e0 l'ourlet. Elle pr\u00e9sente une forme princesse, une encolure ronde et une base en tulle. Couleur pr\u00e9sent\u00e9e : or","og_url":"https:\/\/www.koonings.com\/fr\/product\/demetrios-platinum-dp353\/","og_site_name":"Koonings","article_publisher":"https:\/\/www.facebook.com\/kooningstheweddingpalace","og_image":[{"width":981,"height":1390,"url":"https:\/\/www.koonings.com\/wp-content\/uploads\/2024\/11\/2114_d33fbe3b7d15ce46ca50bfc30ab0d6949bcab676ed462ad955ce726f7c1abeef2b4e1b74.jpeg","type":"image\/jpeg"}],"twitter_card":"summary_large_image","schema":{"@context":"https:\/\/schema.org","@graph":[{"@type":"WebPage","@id":"https:\/\/www.koonings.com\/fr\/product\/demetrios-platinum-dp353\/","url":"https:\/\/www.koonings.com\/fr\/product\/demetrios-platinum-dp353\/","name":"Demetrios Platinum DP353 | Koonings","isPartOf":{"@id":"https:\/\/www.koonings.com\/fr\/#website"},"primaryImageOfPage":{"@id":"https:\/\/www.koonings.com\/fr\/product\/demetrios-platinum-dp353\/#primaryimage"},"image":{"@id":"https:\/\/www.koonings.com\/fr\/product\/demetrios-platinum-dp353\/#primaryimage"},"thumbnailUrl":"https:\/\/www.koonings.com\/wp-content\/uploads\/2024\/11\/2114_d33fbe3b7d15ce46ca50bfc30ab0d6949bcab676ed462ad955ce726f7c1abeef2b4e1b74.jpeg","datePublished":"2026-04-14T14:02:18+00:00","description":"Anastasia n'est rien de moins qu'un r\u00eave de mariage devenu r\u00e9alit\u00e9. La caract\u00e9ristique la plus remarquable de ce sublime mod\u00e8le sont les fleurs 3D qui s'\u00e9panouissent du corsage \u00e0 l'ourlet. Elle pr\u00e9sente une forme princesse, une encolure ronde et une base en tulle. Couleur pr\u00e9sent\u00e9e : or","breadcrumb":{"@id":"https:\/\/www.koonings.com\/fr\/product\/demetrios-platinum-dp353\/#breadcrumb"},"inLanguage":"fr-FR","potentialAction":[{"@type":"ReadAction","target":["https:\/\/www.koonings.com\/fr\/product\/demetrios-platinum-dp353\/"]}]},{"@type":"ImageObject","inLanguage":"fr-FR","@id":"https:\/\/www.koonings.com\/fr\/product\/demetrios-platinum-dp353\/#primaryimage","url":"https:\/\/www.koonings.com\/wp-content\/uploads\/2024\/11\/2114_d33fbe3b7d15ce46ca50bfc30ab0d6949bcab676ed462ad955ce726f7c1abeef2b4e1b74.jpeg","contentUrl":"https:\/\/www.koonings.com\/wp-content\/uploads\/2024\/11\/2114_d33fbe3b7d15ce46ca50bfc30ab0d6949bcab676ed462ad955ce726f7c1abeef2b4e1b74.jpeg","width":981,"height":1390},{"@type":"BreadcrumbList","@id":"https:\/\/www.koonings.com\/fr\/product\/demetrios-platinum-dp353\/#breadcrumb","itemListElement":[{"@type":"ListItem","position":1,"name":"Home","item":"https:\/\/www.koonings.com\/fr\/"},{"@type":"ListItem","position":2,"name":"Demetrios Platinum DP353"}]},{"@type":"WebSite","@id":"https:\/\/www.koonings.com\/fr\/#website","url":"https:\/\/www.koonings.com\/fr\/","name":"Koonings","description":"De grootste bruidsmodewinkel ter wereld","publisher":{"@id":"https:\/\/www.koonings.com\/fr\/#organization"},"potentialAction":[{"@type":"SearchAction","target":{"@type":"EntryPoint","urlTemplate":"https:\/\/www.koonings.com\/fr\/?s={search_term_string}"},"query-input":{"@type":"PropertyValueSpecification","valueRequired":true,"valueName":"search_term_string"}}],"inLanguage":"fr-FR"},{"@type":"Organization","@id":"https:\/\/www.koonings.com\/fr\/#organization","name":"Koonings","url":"https:\/\/www.koonings.com\/fr\/","logo":{"@type":"ImageObject","inLanguage":"fr-FR","@id":"https:\/\/www.koonings.com\/fr\/#\/schema\/logo\/image\/","url":"https:\/\/www.koonings.com\/wp-content\/uploads\/2024\/07\/logo.png","contentUrl":"https:\/\/www.koonings.com\/wp-content\/uploads\/2024\/07\/logo.png","width":600,"height":428,"caption":"Koonings"},"image":{"@id":"https:\/\/www.koonings.com\/fr\/#\/schema\/logo\/image\/"},"sameAs":["https:\/\/www.facebook.com\/kooningstheweddingpalace","https:\/\/www.instagram.com\/kooningstheweddingpalace","https:\/\/www.pinterest.com\/koonings","https:\/\/www.youtube.com\/kooningstheweddingpalace"]}]}},"_links":{"self":[{"href":"https:\/\/www.koonings.com\/fr\/wp-json\/wp\/v2\/product\/32332","targetHints":{"allow":["GET"]}}],"collection":[{"href":"https:\/\/www.koonings.com\/fr\/wp-json\/wp\/v2\/product"}],"about":[{"href":"https:\/\/www.koonings.com\/fr\/wp-json\/wp\/v2\/types\/product"}],"wp:featuredmedia":[{"embeddable":true,"href":"https:\/\/www.koonings.com\/fr\/wp-json\/wp\/v2\/media\/24958"}],"wp:attachment":[{"href":"https:\/\/www.koonings.com\/fr\/wp-json\/wp\/v2\/media?parent=32332"}],"wp:term":[{"taxonomy":"productdetails","embeddable":true,"href":"https:\/\/www.koonings.com\/fr\/wp-json\/wp\/v2\/productdetails?post=32332"},{"taxonomy":"productneck","embeddable":true,"href":"https:\/\/www.koonings.com\/fr\/wp-json\/wp\/v2\/productneck?post=32332"},{"taxonomy":"productcolor","embeddable":true,"href":"https:\/\/www.koonings.com\/fr\/wp-json\/wp\/v2\/productcolor?post=32332"},{"taxonomy":"maat","embeddable":true,"href":"https:\/\/www.koonings.com\/fr\/wp-json\/wp\/v2\/maat?post=32332"},{"taxonomy":"productsupplier","embeddable":true,"href":"https:\/\/www.koonings.com\/fr\/wp-json\/wp\/v2\/productsupplier?post=32332"},{"taxonomy":"productsleeve","embeddable":true,"href":"https:\/\/www.koonings.com\/fr\/wp-json\/wp\/v2\/productsleeve?post=32332"},{"taxonomy":"productcategory","embeddable":true,"href":"https:\/\/www.koonings.com\/fr\/wp-json\/wp\/v2\/productcategory?post=32332"},{"taxonomy":"productsilhouette","embeddable":true,"href":"https:\/\/www.koonings.com\/fr\/wp-json\/wp\/v2\/productsilhouette?post=32332"},{"taxonomy":"productstyle","embeddable":true,"href":"https:\/\/www.koonings.com\/fr\/wp-json\/wp\/v2\/productstyle?post=32332"}],"curies":[{"name":"wp","href":"https:\/\/api.w.org\/{rel}","templated":true}]}}