{"id":32306,"date":"2026-04-28T18:02:17","date_gmt":"2026-04-28T16:02:17","guid":{"rendered":"https:\/\/www.koonings.com\/product\/eve-of-milady-1605\/"},"modified":"2026-02-13T12:05:54","modified_gmt":"2026-02-13T11:05:54","slug":"eve-of-milady-1605","status":"publish","type":"product","link":"https:\/\/www.koonings.com\/fr\/product\/eve-of-milady-1605\/","title":{"rendered":"Eve de Milady 1605"},"content":{"rendered":"<p>Cette robe de mari\u00e9e couture ivoire\/blush de Eve of Milady pr\u00e9sente une silhouette de sir\u00e8ne, un corsage ajust\u00e9 et de la dentelle. La dentelle se prolonge dans la tra\u00eene. Le haut est l\u00e9g\u00e8rement transparent et pr\u00e9sente un d\u00e9collet\u00e9 en c\u0153ur. En outre, la robe est d\u00e9collet\u00e9e dans le dos.<\/p>\n","protected":false},"featured_media":25081,"template":"","meta":{"_acf_changed":false,"ghostkit_customizer_options":"","ghostkit_custom_css":"","ghostkit_custom_js_head":"","ghostkit_custom_js_foot":"","ghostkit_typography":""},"productdetails":[],"productneck":[355],"productcolor":[393,392],"maat":[],"productsupplier":[407],"productsleeve":[359],"productcategory":[18],"productsilhouette":[387],"productstyle":[366],"class_list":["post-32306","product","type-product","status-publish","has-post-thumbnail","hentry","productneck-355","productcolor-393","productcolor-392","productsupplier-eve-of-milady","productsleeve-359","productcategory-trouwjurken","productsilhouette-387","productstyle-366"],"acf":[],"yoast_head":"<!-- This site is optimized with the Yoast SEO plugin v27.3 - https:\/\/yoast.com\/product\/yoast-seo-wordpress\/ -->\n<title>Eve de Milady 1605 | Koonings<\/title>\n<meta name=\"description\" content=\"Cette robe de mari\u00e9e couture ivoire\/blush de Eve of Milady pr\u00e9sente une silhouette de sir\u00e8ne, un corsage ajust\u00e9 et de la dentelle. La dentelle se prolonge dans la tra\u00eene. Le haut est l\u00e9g\u00e8rement transparent et pr\u00e9sente un d\u00e9collet\u00e9 en c\u0153ur. En outre, la robe est d\u00e9collet\u00e9e dans le dos.\" \/>\n<meta name=\"robots\" content=\"index, follow, max-snippet:-1, max-image-preview:large, max-video-preview:-1\" \/>\n<link rel=\"canonical\" href=\"https:\/\/www.koonings.com\/fr\/product\/eve-of-milady-1605\/\" \/>\n<meta property=\"og:locale\" content=\"fr_FR\" \/>\n<meta property=\"og:type\" content=\"article\" \/>\n<meta property=\"og:title\" content=\"Eve de Milady 1605 | Koonings\" \/>\n<meta property=\"og:description\" content=\"Cette robe de mari\u00e9e couture ivoire\/blush de Eve of Milady pr\u00e9sente une silhouette de sir\u00e8ne, un corsage ajust\u00e9 et de la dentelle. La dentelle se prolonge dans la tra\u00eene. Le haut est l\u00e9g\u00e8rement transparent et pr\u00e9sente un d\u00e9collet\u00e9 en c\u0153ur. En outre, la robe est d\u00e9collet\u00e9e dans le dos.\" \/>\n<meta property=\"og:url\" content=\"https:\/\/www.koonings.com\/fr\/product\/eve-of-milady-1605\/\" \/>\n<meta property=\"og:site_name\" content=\"Koonings\" \/>\n<meta property=\"article:publisher\" content=\"https:\/\/www.facebook.com\/kooningstheweddingpalace\" \/>\n<meta property=\"og:image\" content=\"https:\/\/www.koonings.com\/wp-content\/uploads\/2024\/11\/3218_04981ab1f7d913844e2bd5259e39dc2a45a0c9f2c4bec262b066b39814c4f99974034ccb.jpeg\" \/>\n\t<meta property=\"og:image:width\" content=\"771\" \/>\n\t<meta property=\"og:image:height\" content=\"1000\" \/>\n\t<meta property=\"og:image:type\" content=\"image\/jpeg\" \/>\n<meta name=\"twitter:card\" content=\"summary_large_image\" \/>\n<script type=\"application\/ld+json\" class=\"yoast-schema-graph\">{\"@context\":\"https:\\\/\\\/schema.org\",\"@graph\":[{\"@type\":\"WebPage\",\"@id\":\"https:\\\/\\\/www.koonings.com\\\/fr\\\/product\\\/eve-of-milady-1605\\\/\",\"url\":\"https:\\\/\\\/www.koonings.com\\\/fr\\\/product\\\/eve-of-milady-1605\\\/\",\"name\":\"Eve de Milady 1605 | Koonings\",\"isPartOf\":{\"@id\":\"https:\\\/\\\/www.koonings.com\\\/fr\\\/#website\"},\"primaryImageOfPage\":{\"@id\":\"https:\\\/\\\/www.koonings.com\\\/fr\\\/product\\\/eve-of-milady-1605\\\/#primaryimage\"},\"image\":{\"@id\":\"https:\\\/\\\/www.koonings.com\\\/fr\\\/product\\\/eve-of-milady-1605\\\/#primaryimage\"},\"thumbnailUrl\":\"https:\\\/\\\/www.koonings.com\\\/wp-content\\\/uploads\\\/2024\\\/11\\\/3218_04981ab1f7d913844e2bd5259e39dc2a45a0c9f2c4bec262b066b39814c4f99974034ccb.jpeg\",\"datePublished\":\"2026-04-28T16:02:17+00:00\",\"description\":\"Cette robe de mari\u00e9e couture ivoire\\\/blush de Eve of Milady pr\u00e9sente une silhouette de sir\u00e8ne, un corsage ajust\u00e9 et de la dentelle. La dentelle se prolonge dans la tra\u00eene. Le haut est l\u00e9g\u00e8rement transparent et pr\u00e9sente un d\u00e9collet\u00e9 en c\u0153ur. En outre, la robe est d\u00e9collet\u00e9e dans le dos.\",\"breadcrumb\":{\"@id\":\"https:\\\/\\\/www.koonings.com\\\/fr\\\/product\\\/eve-of-milady-1605\\\/#breadcrumb\"},\"inLanguage\":\"fr-FR\",\"potentialAction\":[{\"@type\":\"ReadAction\",\"target\":[\"https:\\\/\\\/www.koonings.com\\\/fr\\\/product\\\/eve-of-milady-1605\\\/\"]}]},{\"@type\":\"ImageObject\",\"inLanguage\":\"fr-FR\",\"@id\":\"https:\\\/\\\/www.koonings.com\\\/fr\\\/product\\\/eve-of-milady-1605\\\/#primaryimage\",\"url\":\"https:\\\/\\\/www.koonings.com\\\/wp-content\\\/uploads\\\/2024\\\/11\\\/3218_04981ab1f7d913844e2bd5259e39dc2a45a0c9f2c4bec262b066b39814c4f99974034ccb.jpeg\",\"contentUrl\":\"https:\\\/\\\/www.koonings.com\\\/wp-content\\\/uploads\\\/2024\\\/11\\\/3218_04981ab1f7d913844e2bd5259e39dc2a45a0c9f2c4bec262b066b39814c4f99974034ccb.jpeg\",\"width\":771,\"height\":1000},{\"@type\":\"BreadcrumbList\",\"@id\":\"https:\\\/\\\/www.koonings.com\\\/fr\\\/product\\\/eve-of-milady-1605\\\/#breadcrumb\",\"itemListElement\":[{\"@type\":\"ListItem\",\"position\":1,\"name\":\"Home\",\"item\":\"https:\\\/\\\/www.koonings.com\\\/fr\\\/\"},{\"@type\":\"ListItem\",\"position\":2,\"name\":\"Eve de Milady 1605\"}]},{\"@type\":\"WebSite\",\"@id\":\"https:\\\/\\\/www.koonings.com\\\/fr\\\/#website\",\"url\":\"https:\\\/\\\/www.koonings.com\\\/fr\\\/\",\"name\":\"Koonings\",\"description\":\"De grootste bruidsmodewinkel ter wereld\",\"publisher\":{\"@id\":\"https:\\\/\\\/www.koonings.com\\\/fr\\\/#organization\"},\"potentialAction\":[{\"@type\":\"SearchAction\",\"target\":{\"@type\":\"EntryPoint\",\"urlTemplate\":\"https:\\\/\\\/www.koonings.com\\\/fr\\\/?s={search_term_string}\"},\"query-input\":{\"@type\":\"PropertyValueSpecification\",\"valueRequired\":true,\"valueName\":\"search_term_string\"}}],\"inLanguage\":\"fr-FR\"},{\"@type\":\"Organization\",\"@id\":\"https:\\\/\\\/www.koonings.com\\\/fr\\\/#organization\",\"name\":\"Koonings\",\"url\":\"https:\\\/\\\/www.koonings.com\\\/fr\\\/\",\"logo\":{\"@type\":\"ImageObject\",\"inLanguage\":\"fr-FR\",\"@id\":\"https:\\\/\\\/www.koonings.com\\\/fr\\\/#\\\/schema\\\/logo\\\/image\\\/\",\"url\":\"https:\\\/\\\/www.koonings.com\\\/wp-content\\\/uploads\\\/2024\\\/07\\\/logo.png\",\"contentUrl\":\"https:\\\/\\\/www.koonings.com\\\/wp-content\\\/uploads\\\/2024\\\/07\\\/logo.png\",\"width\":600,\"height\":428,\"caption\":\"Koonings\"},\"image\":{\"@id\":\"https:\\\/\\\/www.koonings.com\\\/fr\\\/#\\\/schema\\\/logo\\\/image\\\/\"},\"sameAs\":[\"https:\\\/\\\/www.facebook.com\\\/kooningstheweddingpalace\",\"https:\\\/\\\/www.instagram.com\\\/kooningstheweddingpalace\",\"https:\\\/\\\/www.pinterest.com\\\/koonings\",\"https:\\\/\\\/www.youtube.com\\\/kooningstheweddingpalace\"]}]}<\/script>\n<!-- \/ Yoast SEO plugin. -->","yoast_head_json":{"title":"Eve de Milady 1605 | Koonings","description":"Cette robe de mari\u00e9e couture ivoire\/blush de Eve of Milady pr\u00e9sente une silhouette de sir\u00e8ne, un corsage ajust\u00e9 et de la dentelle. La dentelle se prolonge dans la tra\u00eene. Le haut est l\u00e9g\u00e8rement transparent et pr\u00e9sente un d\u00e9collet\u00e9 en c\u0153ur. En outre, la robe est d\u00e9collet\u00e9e dans le dos.","robots":{"index":"index","follow":"follow","max-snippet":"max-snippet:-1","max-image-preview":"max-image-preview:large","max-video-preview":"max-video-preview:-1"},"canonical":"https:\/\/www.koonings.com\/fr\/product\/eve-of-milady-1605\/","og_locale":"fr_FR","og_type":"article","og_title":"Eve de Milady 1605 | Koonings","og_description":"Cette robe de mari\u00e9e couture ivoire\/blush de Eve of Milady pr\u00e9sente une silhouette de sir\u00e8ne, un corsage ajust\u00e9 et de la dentelle. La dentelle se prolonge dans la tra\u00eene. Le haut est l\u00e9g\u00e8rement transparent et pr\u00e9sente un d\u00e9collet\u00e9 en c\u0153ur. En outre, la robe est d\u00e9collet\u00e9e dans le dos.","og_url":"https:\/\/www.koonings.com\/fr\/product\/eve-of-milady-1605\/","og_site_name":"Koonings","article_publisher":"https:\/\/www.facebook.com\/kooningstheweddingpalace","og_image":[{"width":771,"height":1000,"url":"https:\/\/www.koonings.com\/wp-content\/uploads\/2024\/11\/3218_04981ab1f7d913844e2bd5259e39dc2a45a0c9f2c4bec262b066b39814c4f99974034ccb.jpeg","type":"image\/jpeg"}],"twitter_card":"summary_large_image","schema":{"@context":"https:\/\/schema.org","@graph":[{"@type":"WebPage","@id":"https:\/\/www.koonings.com\/fr\/product\/eve-of-milady-1605\/","url":"https:\/\/www.koonings.com\/fr\/product\/eve-of-milady-1605\/","name":"Eve de Milady 1605 | Koonings","isPartOf":{"@id":"https:\/\/www.koonings.com\/fr\/#website"},"primaryImageOfPage":{"@id":"https:\/\/www.koonings.com\/fr\/product\/eve-of-milady-1605\/#primaryimage"},"image":{"@id":"https:\/\/www.koonings.com\/fr\/product\/eve-of-milady-1605\/#primaryimage"},"thumbnailUrl":"https:\/\/www.koonings.com\/wp-content\/uploads\/2024\/11\/3218_04981ab1f7d913844e2bd5259e39dc2a45a0c9f2c4bec262b066b39814c4f99974034ccb.jpeg","datePublished":"2026-04-28T16:02:17+00:00","description":"Cette robe de mari\u00e9e couture ivoire\/blush de Eve of Milady pr\u00e9sente une silhouette de sir\u00e8ne, un corsage ajust\u00e9 et de la dentelle. La dentelle se prolonge dans la tra\u00eene. Le haut est l\u00e9g\u00e8rement transparent et pr\u00e9sente un d\u00e9collet\u00e9 en c\u0153ur. En outre, la robe est d\u00e9collet\u00e9e dans le dos.","breadcrumb":{"@id":"https:\/\/www.koonings.com\/fr\/product\/eve-of-milady-1605\/#breadcrumb"},"inLanguage":"fr-FR","potentialAction":[{"@type":"ReadAction","target":["https:\/\/www.koonings.com\/fr\/product\/eve-of-milady-1605\/"]}]},{"@type":"ImageObject","inLanguage":"fr-FR","@id":"https:\/\/www.koonings.com\/fr\/product\/eve-of-milady-1605\/#primaryimage","url":"https:\/\/www.koonings.com\/wp-content\/uploads\/2024\/11\/3218_04981ab1f7d913844e2bd5259e39dc2a45a0c9f2c4bec262b066b39814c4f99974034ccb.jpeg","contentUrl":"https:\/\/www.koonings.com\/wp-content\/uploads\/2024\/11\/3218_04981ab1f7d913844e2bd5259e39dc2a45a0c9f2c4bec262b066b39814c4f99974034ccb.jpeg","width":771,"height":1000},{"@type":"BreadcrumbList","@id":"https:\/\/www.koonings.com\/fr\/product\/eve-of-milady-1605\/#breadcrumb","itemListElement":[{"@type":"ListItem","position":1,"name":"Home","item":"https:\/\/www.koonings.com\/fr\/"},{"@type":"ListItem","position":2,"name":"Eve de Milady 1605"}]},{"@type":"WebSite","@id":"https:\/\/www.koonings.com\/fr\/#website","url":"https:\/\/www.koonings.com\/fr\/","name":"Koonings","description":"De grootste bruidsmodewinkel ter wereld","publisher":{"@id":"https:\/\/www.koonings.com\/fr\/#organization"},"potentialAction":[{"@type":"SearchAction","target":{"@type":"EntryPoint","urlTemplate":"https:\/\/www.koonings.com\/fr\/?s={search_term_string}"},"query-input":{"@type":"PropertyValueSpecification","valueRequired":true,"valueName":"search_term_string"}}],"inLanguage":"fr-FR"},{"@type":"Organization","@id":"https:\/\/www.koonings.com\/fr\/#organization","name":"Koonings","url":"https:\/\/www.koonings.com\/fr\/","logo":{"@type":"ImageObject","inLanguage":"fr-FR","@id":"https:\/\/www.koonings.com\/fr\/#\/schema\/logo\/image\/","url":"https:\/\/www.koonings.com\/wp-content\/uploads\/2024\/07\/logo.png","contentUrl":"https:\/\/www.koonings.com\/wp-content\/uploads\/2024\/07\/logo.png","width":600,"height":428,"caption":"Koonings"},"image":{"@id":"https:\/\/www.koonings.com\/fr\/#\/schema\/logo\/image\/"},"sameAs":["https:\/\/www.facebook.com\/kooningstheweddingpalace","https:\/\/www.instagram.com\/kooningstheweddingpalace","https:\/\/www.pinterest.com\/koonings","https:\/\/www.youtube.com\/kooningstheweddingpalace"]}]}},"_links":{"self":[{"href":"https:\/\/www.koonings.com\/fr\/wp-json\/wp\/v2\/product\/32306","targetHints":{"allow":["GET"]}}],"collection":[{"href":"https:\/\/www.koonings.com\/fr\/wp-json\/wp\/v2\/product"}],"about":[{"href":"https:\/\/www.koonings.com\/fr\/wp-json\/wp\/v2\/types\/product"}],"wp:featuredmedia":[{"embeddable":true,"href":"https:\/\/www.koonings.com\/fr\/wp-json\/wp\/v2\/media\/25081"}],"wp:attachment":[{"href":"https:\/\/www.koonings.com\/fr\/wp-json\/wp\/v2\/media?parent=32306"}],"wp:term":[{"taxonomy":"productdetails","embeddable":true,"href":"https:\/\/www.koonings.com\/fr\/wp-json\/wp\/v2\/productdetails?post=32306"},{"taxonomy":"productneck","embeddable":true,"href":"https:\/\/www.koonings.com\/fr\/wp-json\/wp\/v2\/productneck?post=32306"},{"taxonomy":"productcolor","embeddable":true,"href":"https:\/\/www.koonings.com\/fr\/wp-json\/wp\/v2\/productcolor?post=32306"},{"taxonomy":"maat","embeddable":true,"href":"https:\/\/www.koonings.com\/fr\/wp-json\/wp\/v2\/maat?post=32306"},{"taxonomy":"productsupplier","embeddable":true,"href":"https:\/\/www.koonings.com\/fr\/wp-json\/wp\/v2\/productsupplier?post=32306"},{"taxonomy":"productsleeve","embeddable":true,"href":"https:\/\/www.koonings.com\/fr\/wp-json\/wp\/v2\/productsleeve?post=32306"},{"taxonomy":"productcategory","embeddable":true,"href":"https:\/\/www.koonings.com\/fr\/wp-json\/wp\/v2\/productcategory?post=32306"},{"taxonomy":"productsilhouette","embeddable":true,"href":"https:\/\/www.koonings.com\/fr\/wp-json\/wp\/v2\/productsilhouette?post=32306"},{"taxonomy":"productstyle","embeddable":true,"href":"https:\/\/www.koonings.com\/fr\/wp-json\/wp\/v2\/productstyle?post=32306"}],"curies":[{"name":"wp","href":"https:\/\/api.w.org\/{rel}","templated":true}]}}