{"id":32261,"date":"2025-12-15T00:02:38","date_gmt":"2025-12-14T23:02:38","guid":{"rendered":"https:\/\/www.koonings.com\/product\/julia-kontogruni-jk1809\/"},"modified":"2026-02-02T14:29:33","modified_gmt":"2026-02-02T13:29:33","slug":"julia-kontogruni-jk1809","status":"publish","type":"product","link":"https:\/\/www.koonings.com\/fr\/product\/julia-kontogruni-jk1809\/","title":{"rendered":"Julia Kontogruni JK1809"},"content":{"rendered":"<p>L&#8217;utilisation de mat\u00e9riaux exclusifs est la marque de fabrique du style de Julia Kontogruni. Elle utilise ce luxueux m\u00e9lange de mat\u00e9riaux \u00e0 chaque fois pour cr\u00e9er un nouveau style somptueux, comme cette robe de mari\u00e9e en queue de poisson. Le corsage illusion pr\u00e9sente un d\u00e9collet\u00e9 en V, un dos bas et une \u00e9paule d\u00e9collet\u00e9e. Une jupe en tulle tr\u00e8s large et une courte tra\u00eene partent du genou.   <\/p>\n","protected":false},"featured_media":25243,"template":"","meta":{"_acf_changed":false,"ghostkit_customizer_options":"","ghostkit_custom_css":"","ghostkit_custom_js_head":"","ghostkit_custom_js_foot":"","ghostkit_typography":""},"productdetails":[],"productneck":[356],"productcolor":[392],"maat":[],"productsupplier":[409],"productsleeve":[359,363],"productcategory":[18],"productsilhouette":[387,390],"productstyle":[367,366],"class_list":["post-32261","product","type-product","status-publish","has-post-thumbnail","hentry","productneck-356","productcolor-392","productsupplier-julia-kontogruni","productsleeve-359","productsleeve-363","productcategory-trouwjurken","productsilhouette-387","productsilhouette-390","productstyle-367","productstyle-366"],"acf":[],"yoast_head":"<!-- This site is optimized with the Yoast SEO plugin v27.3 - https:\/\/yoast.com\/product\/yoast-seo-wordpress\/ -->\n<title>Julia Kontogruni JK1809 | Koonings<\/title>\n<meta name=\"description\" content=\"L&#039;utilisation de mat\u00e9riaux exclusifs est la marque de fabrique du style de Julia Kontogruni. Elle utilise ce luxueux m\u00e9lange de mat\u00e9riaux \u00e0 chaque fois pour cr\u00e9er un nouveau style somptueux, comme cette robe de mari\u00e9e en queue de poisson. Le corsage illusion pr\u00e9sente un d\u00e9collet\u00e9 en V, un dos bas et une \u00e9paule d\u00e9collet\u00e9e. Une jupe en tulle tr\u00e8s large et une courte tra\u00eene partent du genou.\" \/>\n<meta name=\"robots\" content=\"index, follow, max-snippet:-1, max-image-preview:large, max-video-preview:-1\" \/>\n<link rel=\"canonical\" href=\"https:\/\/www.koonings.com\/fr\/product\/julia-kontogruni-jk1809\/\" \/>\n<meta property=\"og:locale\" content=\"fr_FR\" \/>\n<meta property=\"og:type\" content=\"article\" \/>\n<meta property=\"og:title\" content=\"Julia Kontogruni JK1809 | Koonings\" \/>\n<meta property=\"og:description\" content=\"L&#039;utilisation de mat\u00e9riaux exclusifs est la marque de fabrique du style de Julia Kontogruni. Elle utilise ce luxueux m\u00e9lange de mat\u00e9riaux \u00e0 chaque fois pour cr\u00e9er un nouveau style somptueux, comme cette robe de mari\u00e9e en queue de poisson. Le corsage illusion pr\u00e9sente un d\u00e9collet\u00e9 en V, un dos bas et une \u00e9paule d\u00e9collet\u00e9e. Une jupe en tulle tr\u00e8s large et une courte tra\u00eene partent du genou.\" \/>\n<meta property=\"og:url\" content=\"https:\/\/www.koonings.com\/fr\/product\/julia-kontogruni-jk1809\/\" \/>\n<meta property=\"og:site_name\" content=\"Koonings\" \/>\n<meta property=\"article:publisher\" content=\"https:\/\/www.facebook.com\/kooningstheweddingpalace\" \/>\n<meta property=\"article:modified_time\" content=\"2026-02-02T13:29:33+00:00\" \/>\n<meta property=\"og:image\" content=\"https:\/\/www.koonings.com\/wp-content\/uploads\/2024\/11\/3648_a2b8ef7a9ab5b44eaa3349b6354b4a7218ba50638b01bfc6e4fe27599dd183a600a57abf.jpeg\" \/>\n\t<meta property=\"og:image:width\" content=\"593\" \/>\n\t<meta property=\"og:image:height\" content=\"839\" \/>\n\t<meta property=\"og:image:type\" content=\"image\/jpeg\" \/>\n<meta name=\"twitter:card\" content=\"summary_large_image\" \/>\n<script type=\"application\/ld+json\" class=\"yoast-schema-graph\">{\"@context\":\"https:\\\/\\\/schema.org\",\"@graph\":[{\"@type\":\"WebPage\",\"@id\":\"https:\\\/\\\/www.koonings.com\\\/fr\\\/product\\\/julia-kontogruni-jk1809\\\/\",\"url\":\"https:\\\/\\\/www.koonings.com\\\/fr\\\/product\\\/julia-kontogruni-jk1809\\\/\",\"name\":\"Julia Kontogruni JK1809 | Koonings\",\"isPartOf\":{\"@id\":\"https:\\\/\\\/www.koonings.com\\\/fr\\\/#website\"},\"primaryImageOfPage\":{\"@id\":\"https:\\\/\\\/www.koonings.com\\\/fr\\\/product\\\/julia-kontogruni-jk1809\\\/#primaryimage\"},\"image\":{\"@id\":\"https:\\\/\\\/www.koonings.com\\\/fr\\\/product\\\/julia-kontogruni-jk1809\\\/#primaryimage\"},\"thumbnailUrl\":\"https:\\\/\\\/www.koonings.com\\\/wp-content\\\/uploads\\\/2024\\\/11\\\/3648_a2b8ef7a9ab5b44eaa3349b6354b4a7218ba50638b01bfc6e4fe27599dd183a600a57abf.jpeg\",\"datePublished\":\"2025-12-14T23:02:38+00:00\",\"dateModified\":\"2026-02-02T13:29:33+00:00\",\"description\":\"L'utilisation de mat\u00e9riaux exclusifs est la marque de fabrique du style de Julia Kontogruni. Elle utilise ce luxueux m\u00e9lange de mat\u00e9riaux \u00e0 chaque fois pour cr\u00e9er un nouveau style somptueux, comme cette robe de mari\u00e9e en queue de poisson. Le corsage illusion pr\u00e9sente un d\u00e9collet\u00e9 en V, un dos bas et une \u00e9paule d\u00e9collet\u00e9e. Une jupe en tulle tr\u00e8s large et une courte tra\u00eene partent du genou.\",\"breadcrumb\":{\"@id\":\"https:\\\/\\\/www.koonings.com\\\/fr\\\/product\\\/julia-kontogruni-jk1809\\\/#breadcrumb\"},\"inLanguage\":\"fr-FR\",\"potentialAction\":[{\"@type\":\"ReadAction\",\"target\":[\"https:\\\/\\\/www.koonings.com\\\/fr\\\/product\\\/julia-kontogruni-jk1809\\\/\"]}]},{\"@type\":\"ImageObject\",\"inLanguage\":\"fr-FR\",\"@id\":\"https:\\\/\\\/www.koonings.com\\\/fr\\\/product\\\/julia-kontogruni-jk1809\\\/#primaryimage\",\"url\":\"https:\\\/\\\/www.koonings.com\\\/wp-content\\\/uploads\\\/2024\\\/11\\\/3648_a2b8ef7a9ab5b44eaa3349b6354b4a7218ba50638b01bfc6e4fe27599dd183a600a57abf.jpeg\",\"contentUrl\":\"https:\\\/\\\/www.koonings.com\\\/wp-content\\\/uploads\\\/2024\\\/11\\\/3648_a2b8ef7a9ab5b44eaa3349b6354b4a7218ba50638b01bfc6e4fe27599dd183a600a57abf.jpeg\",\"width\":593,\"height\":839},{\"@type\":\"BreadcrumbList\",\"@id\":\"https:\\\/\\\/www.koonings.com\\\/fr\\\/product\\\/julia-kontogruni-jk1809\\\/#breadcrumb\",\"itemListElement\":[{\"@type\":\"ListItem\",\"position\":1,\"name\":\"Home\",\"item\":\"https:\\\/\\\/www.koonings.com\\\/fr\\\/\"},{\"@type\":\"ListItem\",\"position\":2,\"name\":\"Julia Kontogruni JK1809\"}]},{\"@type\":\"WebSite\",\"@id\":\"https:\\\/\\\/www.koonings.com\\\/fr\\\/#website\",\"url\":\"https:\\\/\\\/www.koonings.com\\\/fr\\\/\",\"name\":\"Koonings\",\"description\":\"De grootste bruidsmodewinkel ter wereld\",\"publisher\":{\"@id\":\"https:\\\/\\\/www.koonings.com\\\/fr\\\/#organization\"},\"potentialAction\":[{\"@type\":\"SearchAction\",\"target\":{\"@type\":\"EntryPoint\",\"urlTemplate\":\"https:\\\/\\\/www.koonings.com\\\/fr\\\/?s={search_term_string}\"},\"query-input\":{\"@type\":\"PropertyValueSpecification\",\"valueRequired\":true,\"valueName\":\"search_term_string\"}}],\"inLanguage\":\"fr-FR\"},{\"@type\":\"Organization\",\"@id\":\"https:\\\/\\\/www.koonings.com\\\/fr\\\/#organization\",\"name\":\"Koonings\",\"url\":\"https:\\\/\\\/www.koonings.com\\\/fr\\\/\",\"logo\":{\"@type\":\"ImageObject\",\"inLanguage\":\"fr-FR\",\"@id\":\"https:\\\/\\\/www.koonings.com\\\/fr\\\/#\\\/schema\\\/logo\\\/image\\\/\",\"url\":\"https:\\\/\\\/www.koonings.com\\\/wp-content\\\/uploads\\\/2024\\\/07\\\/logo.png\",\"contentUrl\":\"https:\\\/\\\/www.koonings.com\\\/wp-content\\\/uploads\\\/2024\\\/07\\\/logo.png\",\"width\":600,\"height\":428,\"caption\":\"Koonings\"},\"image\":{\"@id\":\"https:\\\/\\\/www.koonings.com\\\/fr\\\/#\\\/schema\\\/logo\\\/image\\\/\"},\"sameAs\":[\"https:\\\/\\\/www.facebook.com\\\/kooningstheweddingpalace\",\"https:\\\/\\\/www.instagram.com\\\/kooningstheweddingpalace\",\"https:\\\/\\\/www.pinterest.com\\\/koonings\",\"https:\\\/\\\/www.youtube.com\\\/kooningstheweddingpalace\"]}]}<\/script>\n<!-- \/ Yoast SEO plugin. -->","yoast_head_json":{"title":"Julia Kontogruni JK1809 | Koonings","description":"L'utilisation de mat\u00e9riaux exclusifs est la marque de fabrique du style de Julia Kontogruni. Elle utilise ce luxueux m\u00e9lange de mat\u00e9riaux \u00e0 chaque fois pour cr\u00e9er un nouveau style somptueux, comme cette robe de mari\u00e9e en queue de poisson. Le corsage illusion pr\u00e9sente un d\u00e9collet\u00e9 en V, un dos bas et une \u00e9paule d\u00e9collet\u00e9e. Une jupe en tulle tr\u00e8s large et une courte tra\u00eene partent du genou.","robots":{"index":"index","follow":"follow","max-snippet":"max-snippet:-1","max-image-preview":"max-image-preview:large","max-video-preview":"max-video-preview:-1"},"canonical":"https:\/\/www.koonings.com\/fr\/product\/julia-kontogruni-jk1809\/","og_locale":"fr_FR","og_type":"article","og_title":"Julia Kontogruni JK1809 | Koonings","og_description":"L'utilisation de mat\u00e9riaux exclusifs est la marque de fabrique du style de Julia Kontogruni. Elle utilise ce luxueux m\u00e9lange de mat\u00e9riaux \u00e0 chaque fois pour cr\u00e9er un nouveau style somptueux, comme cette robe de mari\u00e9e en queue de poisson. Le corsage illusion pr\u00e9sente un d\u00e9collet\u00e9 en V, un dos bas et une \u00e9paule d\u00e9collet\u00e9e. Une jupe en tulle tr\u00e8s large et une courte tra\u00eene partent du genou.","og_url":"https:\/\/www.koonings.com\/fr\/product\/julia-kontogruni-jk1809\/","og_site_name":"Koonings","article_publisher":"https:\/\/www.facebook.com\/kooningstheweddingpalace","article_modified_time":"2026-02-02T13:29:33+00:00","og_image":[{"width":593,"height":839,"url":"https:\/\/www.koonings.com\/wp-content\/uploads\/2024\/11\/3648_a2b8ef7a9ab5b44eaa3349b6354b4a7218ba50638b01bfc6e4fe27599dd183a600a57abf.jpeg","type":"image\/jpeg"}],"twitter_card":"summary_large_image","schema":{"@context":"https:\/\/schema.org","@graph":[{"@type":"WebPage","@id":"https:\/\/www.koonings.com\/fr\/product\/julia-kontogruni-jk1809\/","url":"https:\/\/www.koonings.com\/fr\/product\/julia-kontogruni-jk1809\/","name":"Julia Kontogruni JK1809 | Koonings","isPartOf":{"@id":"https:\/\/www.koonings.com\/fr\/#website"},"primaryImageOfPage":{"@id":"https:\/\/www.koonings.com\/fr\/product\/julia-kontogruni-jk1809\/#primaryimage"},"image":{"@id":"https:\/\/www.koonings.com\/fr\/product\/julia-kontogruni-jk1809\/#primaryimage"},"thumbnailUrl":"https:\/\/www.koonings.com\/wp-content\/uploads\/2024\/11\/3648_a2b8ef7a9ab5b44eaa3349b6354b4a7218ba50638b01bfc6e4fe27599dd183a600a57abf.jpeg","datePublished":"2025-12-14T23:02:38+00:00","dateModified":"2026-02-02T13:29:33+00:00","description":"L'utilisation de mat\u00e9riaux exclusifs est la marque de fabrique du style de Julia Kontogruni. Elle utilise ce luxueux m\u00e9lange de mat\u00e9riaux \u00e0 chaque fois pour cr\u00e9er un nouveau style somptueux, comme cette robe de mari\u00e9e en queue de poisson. Le corsage illusion pr\u00e9sente un d\u00e9collet\u00e9 en V, un dos bas et une \u00e9paule d\u00e9collet\u00e9e. Une jupe en tulle tr\u00e8s large et une courte tra\u00eene partent du genou.","breadcrumb":{"@id":"https:\/\/www.koonings.com\/fr\/product\/julia-kontogruni-jk1809\/#breadcrumb"},"inLanguage":"fr-FR","potentialAction":[{"@type":"ReadAction","target":["https:\/\/www.koonings.com\/fr\/product\/julia-kontogruni-jk1809\/"]}]},{"@type":"ImageObject","inLanguage":"fr-FR","@id":"https:\/\/www.koonings.com\/fr\/product\/julia-kontogruni-jk1809\/#primaryimage","url":"https:\/\/www.koonings.com\/wp-content\/uploads\/2024\/11\/3648_a2b8ef7a9ab5b44eaa3349b6354b4a7218ba50638b01bfc6e4fe27599dd183a600a57abf.jpeg","contentUrl":"https:\/\/www.koonings.com\/wp-content\/uploads\/2024\/11\/3648_a2b8ef7a9ab5b44eaa3349b6354b4a7218ba50638b01bfc6e4fe27599dd183a600a57abf.jpeg","width":593,"height":839},{"@type":"BreadcrumbList","@id":"https:\/\/www.koonings.com\/fr\/product\/julia-kontogruni-jk1809\/#breadcrumb","itemListElement":[{"@type":"ListItem","position":1,"name":"Home","item":"https:\/\/www.koonings.com\/fr\/"},{"@type":"ListItem","position":2,"name":"Julia Kontogruni JK1809"}]},{"@type":"WebSite","@id":"https:\/\/www.koonings.com\/fr\/#website","url":"https:\/\/www.koonings.com\/fr\/","name":"Koonings","description":"De grootste bruidsmodewinkel ter wereld","publisher":{"@id":"https:\/\/www.koonings.com\/fr\/#organization"},"potentialAction":[{"@type":"SearchAction","target":{"@type":"EntryPoint","urlTemplate":"https:\/\/www.koonings.com\/fr\/?s={search_term_string}"},"query-input":{"@type":"PropertyValueSpecification","valueRequired":true,"valueName":"search_term_string"}}],"inLanguage":"fr-FR"},{"@type":"Organization","@id":"https:\/\/www.koonings.com\/fr\/#organization","name":"Koonings","url":"https:\/\/www.koonings.com\/fr\/","logo":{"@type":"ImageObject","inLanguage":"fr-FR","@id":"https:\/\/www.koonings.com\/fr\/#\/schema\/logo\/image\/","url":"https:\/\/www.koonings.com\/wp-content\/uploads\/2024\/07\/logo.png","contentUrl":"https:\/\/www.koonings.com\/wp-content\/uploads\/2024\/07\/logo.png","width":600,"height":428,"caption":"Koonings"},"image":{"@id":"https:\/\/www.koonings.com\/fr\/#\/schema\/logo\/image\/"},"sameAs":["https:\/\/www.facebook.com\/kooningstheweddingpalace","https:\/\/www.instagram.com\/kooningstheweddingpalace","https:\/\/www.pinterest.com\/koonings","https:\/\/www.youtube.com\/kooningstheweddingpalace"]}]}},"_links":{"self":[{"href":"https:\/\/www.koonings.com\/fr\/wp-json\/wp\/v2\/product\/32261","targetHints":{"allow":["GET"]}}],"collection":[{"href":"https:\/\/www.koonings.com\/fr\/wp-json\/wp\/v2\/product"}],"about":[{"href":"https:\/\/www.koonings.com\/fr\/wp-json\/wp\/v2\/types\/product"}],"wp:featuredmedia":[{"embeddable":true,"href":"https:\/\/www.koonings.com\/fr\/wp-json\/wp\/v2\/media\/25243"}],"wp:attachment":[{"href":"https:\/\/www.koonings.com\/fr\/wp-json\/wp\/v2\/media?parent=32261"}],"wp:term":[{"taxonomy":"productdetails","embeddable":true,"href":"https:\/\/www.koonings.com\/fr\/wp-json\/wp\/v2\/productdetails?post=32261"},{"taxonomy":"productneck","embeddable":true,"href":"https:\/\/www.koonings.com\/fr\/wp-json\/wp\/v2\/productneck?post=32261"},{"taxonomy":"productcolor","embeddable":true,"href":"https:\/\/www.koonings.com\/fr\/wp-json\/wp\/v2\/productcolor?post=32261"},{"taxonomy":"maat","embeddable":true,"href":"https:\/\/www.koonings.com\/fr\/wp-json\/wp\/v2\/maat?post=32261"},{"taxonomy":"productsupplier","embeddable":true,"href":"https:\/\/www.koonings.com\/fr\/wp-json\/wp\/v2\/productsupplier?post=32261"},{"taxonomy":"productsleeve","embeddable":true,"href":"https:\/\/www.koonings.com\/fr\/wp-json\/wp\/v2\/productsleeve?post=32261"},{"taxonomy":"productcategory","embeddable":true,"href":"https:\/\/www.koonings.com\/fr\/wp-json\/wp\/v2\/productcategory?post=32261"},{"taxonomy":"productsilhouette","embeddable":true,"href":"https:\/\/www.koonings.com\/fr\/wp-json\/wp\/v2\/productsilhouette?post=32261"},{"taxonomy":"productstyle","embeddable":true,"href":"https:\/\/www.koonings.com\/fr\/wp-json\/wp\/v2\/productstyle?post=32261"}],"curies":[{"name":"wp","href":"https:\/\/api.w.org\/{rel}","templated":true}]}}