{"id":32226,"date":"2026-04-28T18:02:28","date_gmt":"2026-04-28T16:02:28","guid":{"rendered":"https:\/\/www.koonings.com\/product\/alessandra-rinaudo-arab18617\/"},"modified":"2026-02-13T12:03:37","modified_gmt":"2026-02-13T11:03:37","slug":"alessandra-rinaudo-arab18617","status":"publish","type":"product","link":"https:\/\/www.koonings.com\/fr\/product\/alessandra-rinaudo-arab18617\/","title":{"rendered":"Alessandra Rinaudo ARAB18617"},"content":{"rendered":"<p>Cette robe de mari\u00e9e ivoire d&#8217;Alessandra Rinaudo a une silhouette en ligne A. Elle a un haut en dentelle avec des bretelles et une jupe large en dentelle. Elle comporte un haut en dentelle avec des bretelles et une large jupe en dentelle. En outre, la robe est dot\u00e9e d&#8217;un panneau arri\u00e8re sp\u00e9cial et de pierres scintillantes.  <\/p>\n","protected":false},"featured_media":25406,"template":"","meta":{"_acf_changed":false,"ghostkit_customizer_options":"","ghostkit_custom_css":"","ghostkit_custom_js_head":"","ghostkit_custom_js_foot":"","ghostkit_typography":""},"productdetails":[382,377,376],"productneck":[356],"productcolor":[392],"maat":[],"productsupplier":[412],"productsleeve":[359],"productcategory":[18],"productsilhouette":[384,389],"productstyle":[367],"class_list":["post-32226","product","type-product","status-publish","has-post-thumbnail","hentry","productdetails-382","productdetails-377","productdetails-376","productneck-356","productcolor-392","productsupplier-alessandra-rinaudo","productsleeve-359","productcategory-trouwjurken","productsilhouette-384","productsilhouette-389","productstyle-367"],"acf":[],"yoast_head":"<!-- This site is optimized with the Yoast SEO plugin v27.3 - https:\/\/yoast.com\/product\/yoast-seo-wordpress\/ -->\n<title>Alessandra Rinaudo ARAB18617 | Koonings<\/title>\n<meta name=\"description\" content=\"Cette robe de mari\u00e9e ivoire d&#039;Alessandra Rinaudo a une silhouette en ligne A. Elle a un haut en dentelle avec des bretelles et une jupe large en dentelle. Elle comporte un haut en dentelle avec des bretelles et une large jupe en dentelle. En outre, la robe est dot\u00e9e d&#039;un panneau arri\u00e8re sp\u00e9cial et de pierres scintillantes.\" \/>\n<meta name=\"robots\" content=\"index, follow, max-snippet:-1, max-image-preview:large, max-video-preview:-1\" \/>\n<link rel=\"canonical\" href=\"https:\/\/www.koonings.com\/fr\/product\/alessandra-rinaudo-arab18617\/\" \/>\n<meta property=\"og:locale\" content=\"fr_FR\" \/>\n<meta property=\"og:type\" content=\"article\" \/>\n<meta property=\"og:title\" content=\"Alessandra Rinaudo ARAB18617 | Koonings\" \/>\n<meta property=\"og:description\" content=\"Cette robe de mari\u00e9e ivoire d&#039;Alessandra Rinaudo a une silhouette en ligne A. Elle a un haut en dentelle avec des bretelles et une jupe large en dentelle. Elle comporte un haut en dentelle avec des bretelles et une large jupe en dentelle. En outre, la robe est dot\u00e9e d&#039;un panneau arri\u00e8re sp\u00e9cial et de pierres scintillantes.\" \/>\n<meta property=\"og:url\" content=\"https:\/\/www.koonings.com\/fr\/product\/alessandra-rinaudo-arab18617\/\" \/>\n<meta property=\"og:site_name\" content=\"Koonings\" \/>\n<meta property=\"article:publisher\" content=\"https:\/\/www.facebook.com\/kooningstheweddingpalace\" \/>\n<meta property=\"og:image\" content=\"https:\/\/www.koonings.com\/wp-content\/uploads\/2024\/11\/8532_2cf55f8169065f18530d9bf145a8a7818da5071116baab620fb87e3d0b7dfc8047198dc9.jpeg\" \/>\n\t<meta property=\"og:image:width\" content=\"672\" \/>\n\t<meta property=\"og:image:height\" content=\"949\" \/>\n\t<meta property=\"og:image:type\" content=\"image\/jpeg\" \/>\n<meta name=\"twitter:card\" content=\"summary_large_image\" \/>\n<script type=\"application\/ld+json\" class=\"yoast-schema-graph\">{\"@context\":\"https:\\\/\\\/schema.org\",\"@graph\":[{\"@type\":\"WebPage\",\"@id\":\"https:\\\/\\\/www.koonings.com\\\/fr\\\/product\\\/alessandra-rinaudo-arab18617\\\/\",\"url\":\"https:\\\/\\\/www.koonings.com\\\/fr\\\/product\\\/alessandra-rinaudo-arab18617\\\/\",\"name\":\"Alessandra Rinaudo ARAB18617 | Koonings\",\"isPartOf\":{\"@id\":\"https:\\\/\\\/www.koonings.com\\\/fr\\\/#website\"},\"primaryImageOfPage\":{\"@id\":\"https:\\\/\\\/www.koonings.com\\\/fr\\\/product\\\/alessandra-rinaudo-arab18617\\\/#primaryimage\"},\"image\":{\"@id\":\"https:\\\/\\\/www.koonings.com\\\/fr\\\/product\\\/alessandra-rinaudo-arab18617\\\/#primaryimage\"},\"thumbnailUrl\":\"https:\\\/\\\/www.koonings.com\\\/wp-content\\\/uploads\\\/2024\\\/11\\\/8532_2cf55f8169065f18530d9bf145a8a7818da5071116baab620fb87e3d0b7dfc8047198dc9.jpeg\",\"datePublished\":\"2026-04-28T16:02:28+00:00\",\"description\":\"Cette robe de mari\u00e9e ivoire d'Alessandra Rinaudo a une silhouette en ligne A. Elle a un haut en dentelle avec des bretelles et une jupe large en dentelle. Elle comporte un haut en dentelle avec des bretelles et une large jupe en dentelle. En outre, la robe est dot\u00e9e d'un panneau arri\u00e8re sp\u00e9cial et de pierres scintillantes.\",\"breadcrumb\":{\"@id\":\"https:\\\/\\\/www.koonings.com\\\/fr\\\/product\\\/alessandra-rinaudo-arab18617\\\/#breadcrumb\"},\"inLanguage\":\"fr-FR\",\"potentialAction\":[{\"@type\":\"ReadAction\",\"target\":[\"https:\\\/\\\/www.koonings.com\\\/fr\\\/product\\\/alessandra-rinaudo-arab18617\\\/\"]}]},{\"@type\":\"ImageObject\",\"inLanguage\":\"fr-FR\",\"@id\":\"https:\\\/\\\/www.koonings.com\\\/fr\\\/product\\\/alessandra-rinaudo-arab18617\\\/#primaryimage\",\"url\":\"https:\\\/\\\/www.koonings.com\\\/wp-content\\\/uploads\\\/2024\\\/11\\\/8532_2cf55f8169065f18530d9bf145a8a7818da5071116baab620fb87e3d0b7dfc8047198dc9.jpeg\",\"contentUrl\":\"https:\\\/\\\/www.koonings.com\\\/wp-content\\\/uploads\\\/2024\\\/11\\\/8532_2cf55f8169065f18530d9bf145a8a7818da5071116baab620fb87e3d0b7dfc8047198dc9.jpeg\",\"width\":672,\"height\":949},{\"@type\":\"BreadcrumbList\",\"@id\":\"https:\\\/\\\/www.koonings.com\\\/fr\\\/product\\\/alessandra-rinaudo-arab18617\\\/#breadcrumb\",\"itemListElement\":[{\"@type\":\"ListItem\",\"position\":1,\"name\":\"Home\",\"item\":\"https:\\\/\\\/www.koonings.com\\\/fr\\\/\"},{\"@type\":\"ListItem\",\"position\":2,\"name\":\"Alessandra Rinaudo ARAB18617\"}]},{\"@type\":\"WebSite\",\"@id\":\"https:\\\/\\\/www.koonings.com\\\/fr\\\/#website\",\"url\":\"https:\\\/\\\/www.koonings.com\\\/fr\\\/\",\"name\":\"Koonings\",\"description\":\"De grootste bruidsmodewinkel ter wereld\",\"publisher\":{\"@id\":\"https:\\\/\\\/www.koonings.com\\\/fr\\\/#organization\"},\"potentialAction\":[{\"@type\":\"SearchAction\",\"target\":{\"@type\":\"EntryPoint\",\"urlTemplate\":\"https:\\\/\\\/www.koonings.com\\\/fr\\\/?s={search_term_string}\"},\"query-input\":{\"@type\":\"PropertyValueSpecification\",\"valueRequired\":true,\"valueName\":\"search_term_string\"}}],\"inLanguage\":\"fr-FR\"},{\"@type\":\"Organization\",\"@id\":\"https:\\\/\\\/www.koonings.com\\\/fr\\\/#organization\",\"name\":\"Koonings\",\"url\":\"https:\\\/\\\/www.koonings.com\\\/fr\\\/\",\"logo\":{\"@type\":\"ImageObject\",\"inLanguage\":\"fr-FR\",\"@id\":\"https:\\\/\\\/www.koonings.com\\\/fr\\\/#\\\/schema\\\/logo\\\/image\\\/\",\"url\":\"https:\\\/\\\/www.koonings.com\\\/wp-content\\\/uploads\\\/2024\\\/07\\\/logo.png\",\"contentUrl\":\"https:\\\/\\\/www.koonings.com\\\/wp-content\\\/uploads\\\/2024\\\/07\\\/logo.png\",\"width\":600,\"height\":428,\"caption\":\"Koonings\"},\"image\":{\"@id\":\"https:\\\/\\\/www.koonings.com\\\/fr\\\/#\\\/schema\\\/logo\\\/image\\\/\"},\"sameAs\":[\"https:\\\/\\\/www.facebook.com\\\/kooningstheweddingpalace\",\"https:\\\/\\\/www.instagram.com\\\/kooningstheweddingpalace\",\"https:\\\/\\\/www.pinterest.com\\\/koonings\",\"https:\\\/\\\/www.youtube.com\\\/kooningstheweddingpalace\"]}]}<\/script>\n<!-- \/ Yoast SEO plugin. -->","yoast_head_json":{"title":"Alessandra Rinaudo ARAB18617 | Koonings","description":"Cette robe de mari\u00e9e ivoire d'Alessandra Rinaudo a une silhouette en ligne A. Elle a un haut en dentelle avec des bretelles et une jupe large en dentelle. Elle comporte un haut en dentelle avec des bretelles et une large jupe en dentelle. En outre, la robe est dot\u00e9e d'un panneau arri\u00e8re sp\u00e9cial et de pierres scintillantes.","robots":{"index":"index","follow":"follow","max-snippet":"max-snippet:-1","max-image-preview":"max-image-preview:large","max-video-preview":"max-video-preview:-1"},"canonical":"https:\/\/www.koonings.com\/fr\/product\/alessandra-rinaudo-arab18617\/","og_locale":"fr_FR","og_type":"article","og_title":"Alessandra Rinaudo ARAB18617 | Koonings","og_description":"Cette robe de mari\u00e9e ivoire d'Alessandra Rinaudo a une silhouette en ligne A. Elle a un haut en dentelle avec des bretelles et une jupe large en dentelle. Elle comporte un haut en dentelle avec des bretelles et une large jupe en dentelle. En outre, la robe est dot\u00e9e d'un panneau arri\u00e8re sp\u00e9cial et de pierres scintillantes.","og_url":"https:\/\/www.koonings.com\/fr\/product\/alessandra-rinaudo-arab18617\/","og_site_name":"Koonings","article_publisher":"https:\/\/www.facebook.com\/kooningstheweddingpalace","og_image":[{"width":672,"height":949,"url":"https:\/\/www.koonings.com\/wp-content\/uploads\/2024\/11\/8532_2cf55f8169065f18530d9bf145a8a7818da5071116baab620fb87e3d0b7dfc8047198dc9.jpeg","type":"image\/jpeg"}],"twitter_card":"summary_large_image","schema":{"@context":"https:\/\/schema.org","@graph":[{"@type":"WebPage","@id":"https:\/\/www.koonings.com\/fr\/product\/alessandra-rinaudo-arab18617\/","url":"https:\/\/www.koonings.com\/fr\/product\/alessandra-rinaudo-arab18617\/","name":"Alessandra Rinaudo ARAB18617 | Koonings","isPartOf":{"@id":"https:\/\/www.koonings.com\/fr\/#website"},"primaryImageOfPage":{"@id":"https:\/\/www.koonings.com\/fr\/product\/alessandra-rinaudo-arab18617\/#primaryimage"},"image":{"@id":"https:\/\/www.koonings.com\/fr\/product\/alessandra-rinaudo-arab18617\/#primaryimage"},"thumbnailUrl":"https:\/\/www.koonings.com\/wp-content\/uploads\/2024\/11\/8532_2cf55f8169065f18530d9bf145a8a7818da5071116baab620fb87e3d0b7dfc8047198dc9.jpeg","datePublished":"2026-04-28T16:02:28+00:00","description":"Cette robe de mari\u00e9e ivoire d'Alessandra Rinaudo a une silhouette en ligne A. Elle a un haut en dentelle avec des bretelles et une jupe large en dentelle. Elle comporte un haut en dentelle avec des bretelles et une large jupe en dentelle. En outre, la robe est dot\u00e9e d'un panneau arri\u00e8re sp\u00e9cial et de pierres scintillantes.","breadcrumb":{"@id":"https:\/\/www.koonings.com\/fr\/product\/alessandra-rinaudo-arab18617\/#breadcrumb"},"inLanguage":"fr-FR","potentialAction":[{"@type":"ReadAction","target":["https:\/\/www.koonings.com\/fr\/product\/alessandra-rinaudo-arab18617\/"]}]},{"@type":"ImageObject","inLanguage":"fr-FR","@id":"https:\/\/www.koonings.com\/fr\/product\/alessandra-rinaudo-arab18617\/#primaryimage","url":"https:\/\/www.koonings.com\/wp-content\/uploads\/2024\/11\/8532_2cf55f8169065f18530d9bf145a8a7818da5071116baab620fb87e3d0b7dfc8047198dc9.jpeg","contentUrl":"https:\/\/www.koonings.com\/wp-content\/uploads\/2024\/11\/8532_2cf55f8169065f18530d9bf145a8a7818da5071116baab620fb87e3d0b7dfc8047198dc9.jpeg","width":672,"height":949},{"@type":"BreadcrumbList","@id":"https:\/\/www.koonings.com\/fr\/product\/alessandra-rinaudo-arab18617\/#breadcrumb","itemListElement":[{"@type":"ListItem","position":1,"name":"Home","item":"https:\/\/www.koonings.com\/fr\/"},{"@type":"ListItem","position":2,"name":"Alessandra Rinaudo ARAB18617"}]},{"@type":"WebSite","@id":"https:\/\/www.koonings.com\/fr\/#website","url":"https:\/\/www.koonings.com\/fr\/","name":"Koonings","description":"De grootste bruidsmodewinkel ter wereld","publisher":{"@id":"https:\/\/www.koonings.com\/fr\/#organization"},"potentialAction":[{"@type":"SearchAction","target":{"@type":"EntryPoint","urlTemplate":"https:\/\/www.koonings.com\/fr\/?s={search_term_string}"},"query-input":{"@type":"PropertyValueSpecification","valueRequired":true,"valueName":"search_term_string"}}],"inLanguage":"fr-FR"},{"@type":"Organization","@id":"https:\/\/www.koonings.com\/fr\/#organization","name":"Koonings","url":"https:\/\/www.koonings.com\/fr\/","logo":{"@type":"ImageObject","inLanguage":"fr-FR","@id":"https:\/\/www.koonings.com\/fr\/#\/schema\/logo\/image\/","url":"https:\/\/www.koonings.com\/wp-content\/uploads\/2024\/07\/logo.png","contentUrl":"https:\/\/www.koonings.com\/wp-content\/uploads\/2024\/07\/logo.png","width":600,"height":428,"caption":"Koonings"},"image":{"@id":"https:\/\/www.koonings.com\/fr\/#\/schema\/logo\/image\/"},"sameAs":["https:\/\/www.facebook.com\/kooningstheweddingpalace","https:\/\/www.instagram.com\/kooningstheweddingpalace","https:\/\/www.pinterest.com\/koonings","https:\/\/www.youtube.com\/kooningstheweddingpalace"]}]}},"_links":{"self":[{"href":"https:\/\/www.koonings.com\/fr\/wp-json\/wp\/v2\/product\/32226","targetHints":{"allow":["GET"]}}],"collection":[{"href":"https:\/\/www.koonings.com\/fr\/wp-json\/wp\/v2\/product"}],"about":[{"href":"https:\/\/www.koonings.com\/fr\/wp-json\/wp\/v2\/types\/product"}],"wp:featuredmedia":[{"embeddable":true,"href":"https:\/\/www.koonings.com\/fr\/wp-json\/wp\/v2\/media\/25406"}],"wp:attachment":[{"href":"https:\/\/www.koonings.com\/fr\/wp-json\/wp\/v2\/media?parent=32226"}],"wp:term":[{"taxonomy":"productdetails","embeddable":true,"href":"https:\/\/www.koonings.com\/fr\/wp-json\/wp\/v2\/productdetails?post=32226"},{"taxonomy":"productneck","embeddable":true,"href":"https:\/\/www.koonings.com\/fr\/wp-json\/wp\/v2\/productneck?post=32226"},{"taxonomy":"productcolor","embeddable":true,"href":"https:\/\/www.koonings.com\/fr\/wp-json\/wp\/v2\/productcolor?post=32226"},{"taxonomy":"maat","embeddable":true,"href":"https:\/\/www.koonings.com\/fr\/wp-json\/wp\/v2\/maat?post=32226"},{"taxonomy":"productsupplier","embeddable":true,"href":"https:\/\/www.koonings.com\/fr\/wp-json\/wp\/v2\/productsupplier?post=32226"},{"taxonomy":"productsleeve","embeddable":true,"href":"https:\/\/www.koonings.com\/fr\/wp-json\/wp\/v2\/productsleeve?post=32226"},{"taxonomy":"productcategory","embeddable":true,"href":"https:\/\/www.koonings.com\/fr\/wp-json\/wp\/v2\/productcategory?post=32226"},{"taxonomy":"productsilhouette","embeddable":true,"href":"https:\/\/www.koonings.com\/fr\/wp-json\/wp\/v2\/productsilhouette?post=32226"},{"taxonomy":"productstyle","embeddable":true,"href":"https:\/\/www.koonings.com\/fr\/wp-json\/wp\/v2\/productstyle?post=32226"}],"curies":[{"name":"wp","href":"https:\/\/api.w.org\/{rel}","templated":true}]}}