{"id":32220,"date":"2026-05-06T15:02:29","date_gmt":"2026-05-06T13:02:29","guid":{"rendered":"https:\/\/www.koonings.com\/product\/alessandra-rinaudo-arab18635\/"},"modified":"2026-02-13T12:04:56","modified_gmt":"2026-02-13T11:04:56","slug":"alessandra-rinaudo-arab18635","status":"publish","type":"product","link":"https:\/\/www.koonings.com\/fr\/product\/alessandra-rinaudo-arab18635\/","title":{"rendered":"Alessandra Rinaudo ARAB18635"},"content":{"rendered":"<p>Cette robe ivoire d&#8217;Alessandra Rinaudo a une silhouette en ligne. Le haut de la robe est d\u00e9collet\u00e9 en V. La robe est \u00e9galement dot\u00e9e d&#8217;un dos sp\u00e9cial. En outre, la robe pr\u00e9sente des d\u00e9tails en dentelle qui se prolongent jusqu&#8217;\u00e0 la jupe.   <\/p>\n","protected":false},"featured_media":25415,"template":"","meta":{"_acf_changed":false,"ghostkit_customizer_options":"","ghostkit_custom_css":"","ghostkit_custom_js_head":"","ghostkit_custom_js_foot":"","ghostkit_typography":""},"productdetails":[],"productneck":[356],"productcolor":[392],"maat":[],"productsupplier":[412],"productsleeve":[359],"productcategory":[18],"productsilhouette":[384,389],"productstyle":[367,366],"class_list":["post-32220","product","type-product","status-publish","has-post-thumbnail","hentry","productneck-356","productcolor-392","productsupplier-alessandra-rinaudo","productsleeve-359","productcategory-trouwjurken","productsilhouette-384","productsilhouette-389","productstyle-367","productstyle-366"],"acf":[],"yoast_head":"<!-- This site is optimized with the Yoast SEO plugin v27.3 - https:\/\/yoast.com\/product\/yoast-seo-wordpress\/ -->\n<title>Alessandra Rinaudo ARAB18635 | Koonings<\/title>\n<meta name=\"description\" content=\"Cette robe ivoire d&#039;Alessandra Rinaudo a une silhouette en ligne. Le haut de la robe est d\u00e9collet\u00e9 en V. La robe est \u00e9galement dot\u00e9e d&#039;un dos sp\u00e9cial. En outre, la robe pr\u00e9sente des d\u00e9tails en dentelle qui se prolongent jusqu&#039;\u00e0 la jupe.\" \/>\n<meta name=\"robots\" content=\"index, follow, max-snippet:-1, max-image-preview:large, max-video-preview:-1\" \/>\n<link rel=\"canonical\" href=\"https:\/\/www.koonings.com\/fr\/product\/alessandra-rinaudo-arab18635\/\" \/>\n<meta property=\"og:locale\" content=\"fr_FR\" \/>\n<meta property=\"og:type\" content=\"article\" \/>\n<meta property=\"og:title\" content=\"Alessandra Rinaudo ARAB18635 | Koonings\" \/>\n<meta property=\"og:description\" content=\"Cette robe ivoire d&#039;Alessandra Rinaudo a une silhouette en ligne. Le haut de la robe est d\u00e9collet\u00e9 en V. La robe est \u00e9galement dot\u00e9e d&#039;un dos sp\u00e9cial. En outre, la robe pr\u00e9sente des d\u00e9tails en dentelle qui se prolongent jusqu&#039;\u00e0 la jupe.\" \/>\n<meta property=\"og:url\" content=\"https:\/\/www.koonings.com\/fr\/product\/alessandra-rinaudo-arab18635\/\" \/>\n<meta property=\"og:site_name\" content=\"Koonings\" \/>\n<meta property=\"article:publisher\" content=\"https:\/\/www.facebook.com\/kooningstheweddingpalace\" \/>\n<meta property=\"og:image\" content=\"https:\/\/www.koonings.com\/wp-content\/uploads\/2024\/11\/8547_99d1ec824eced5a9aa05626132c4aeddc0217106d541554524e719ba7412b3f7fd08b280.jpeg\" \/>\n\t<meta property=\"og:image:width\" content=\"688\" \/>\n\t<meta property=\"og:image:height\" content=\"973\" \/>\n\t<meta property=\"og:image:type\" content=\"image\/jpeg\" \/>\n<meta name=\"twitter:card\" content=\"summary_large_image\" \/>\n<script type=\"application\/ld+json\" class=\"yoast-schema-graph\">{\"@context\":\"https:\\\/\\\/schema.org\",\"@graph\":[{\"@type\":\"WebPage\",\"@id\":\"https:\\\/\\\/www.koonings.com\\\/fr\\\/product\\\/alessandra-rinaudo-arab18635\\\/\",\"url\":\"https:\\\/\\\/www.koonings.com\\\/fr\\\/product\\\/alessandra-rinaudo-arab18635\\\/\",\"name\":\"Alessandra Rinaudo ARAB18635 | Koonings\",\"isPartOf\":{\"@id\":\"https:\\\/\\\/www.koonings.com\\\/fr\\\/#website\"},\"primaryImageOfPage\":{\"@id\":\"https:\\\/\\\/www.koonings.com\\\/fr\\\/product\\\/alessandra-rinaudo-arab18635\\\/#primaryimage\"},\"image\":{\"@id\":\"https:\\\/\\\/www.koonings.com\\\/fr\\\/product\\\/alessandra-rinaudo-arab18635\\\/#primaryimage\"},\"thumbnailUrl\":\"https:\\\/\\\/www.koonings.com\\\/wp-content\\\/uploads\\\/2024\\\/11\\\/8547_99d1ec824eced5a9aa05626132c4aeddc0217106d541554524e719ba7412b3f7fd08b280.jpeg\",\"datePublished\":\"2026-05-06T13:02:29+00:00\",\"description\":\"Cette robe ivoire d'Alessandra Rinaudo a une silhouette en ligne. Le haut de la robe est d\u00e9collet\u00e9 en V. La robe est \u00e9galement dot\u00e9e d'un dos sp\u00e9cial. En outre, la robe pr\u00e9sente des d\u00e9tails en dentelle qui se prolongent jusqu'\u00e0 la jupe.\",\"breadcrumb\":{\"@id\":\"https:\\\/\\\/www.koonings.com\\\/fr\\\/product\\\/alessandra-rinaudo-arab18635\\\/#breadcrumb\"},\"inLanguage\":\"fr-FR\",\"potentialAction\":[{\"@type\":\"ReadAction\",\"target\":[\"https:\\\/\\\/www.koonings.com\\\/fr\\\/product\\\/alessandra-rinaudo-arab18635\\\/\"]}]},{\"@type\":\"ImageObject\",\"inLanguage\":\"fr-FR\",\"@id\":\"https:\\\/\\\/www.koonings.com\\\/fr\\\/product\\\/alessandra-rinaudo-arab18635\\\/#primaryimage\",\"url\":\"https:\\\/\\\/www.koonings.com\\\/wp-content\\\/uploads\\\/2024\\\/11\\\/8547_99d1ec824eced5a9aa05626132c4aeddc0217106d541554524e719ba7412b3f7fd08b280.jpeg\",\"contentUrl\":\"https:\\\/\\\/www.koonings.com\\\/wp-content\\\/uploads\\\/2024\\\/11\\\/8547_99d1ec824eced5a9aa05626132c4aeddc0217106d541554524e719ba7412b3f7fd08b280.jpeg\",\"width\":688,\"height\":973},{\"@type\":\"BreadcrumbList\",\"@id\":\"https:\\\/\\\/www.koonings.com\\\/fr\\\/product\\\/alessandra-rinaudo-arab18635\\\/#breadcrumb\",\"itemListElement\":[{\"@type\":\"ListItem\",\"position\":1,\"name\":\"Home\",\"item\":\"https:\\\/\\\/www.koonings.com\\\/fr\\\/\"},{\"@type\":\"ListItem\",\"position\":2,\"name\":\"Alessandra Rinaudo ARAB18635\"}]},{\"@type\":\"WebSite\",\"@id\":\"https:\\\/\\\/www.koonings.com\\\/fr\\\/#website\",\"url\":\"https:\\\/\\\/www.koonings.com\\\/fr\\\/\",\"name\":\"Koonings\",\"description\":\"De grootste bruidsmodewinkel ter wereld\",\"publisher\":{\"@id\":\"https:\\\/\\\/www.koonings.com\\\/fr\\\/#organization\"},\"potentialAction\":[{\"@type\":\"SearchAction\",\"target\":{\"@type\":\"EntryPoint\",\"urlTemplate\":\"https:\\\/\\\/www.koonings.com\\\/fr\\\/?s={search_term_string}\"},\"query-input\":{\"@type\":\"PropertyValueSpecification\",\"valueRequired\":true,\"valueName\":\"search_term_string\"}}],\"inLanguage\":\"fr-FR\"},{\"@type\":\"Organization\",\"@id\":\"https:\\\/\\\/www.koonings.com\\\/fr\\\/#organization\",\"name\":\"Koonings\",\"url\":\"https:\\\/\\\/www.koonings.com\\\/fr\\\/\",\"logo\":{\"@type\":\"ImageObject\",\"inLanguage\":\"fr-FR\",\"@id\":\"https:\\\/\\\/www.koonings.com\\\/fr\\\/#\\\/schema\\\/logo\\\/image\\\/\",\"url\":\"https:\\\/\\\/www.koonings.com\\\/wp-content\\\/uploads\\\/2024\\\/07\\\/logo.png\",\"contentUrl\":\"https:\\\/\\\/www.koonings.com\\\/wp-content\\\/uploads\\\/2024\\\/07\\\/logo.png\",\"width\":600,\"height\":428,\"caption\":\"Koonings\"},\"image\":{\"@id\":\"https:\\\/\\\/www.koonings.com\\\/fr\\\/#\\\/schema\\\/logo\\\/image\\\/\"},\"sameAs\":[\"https:\\\/\\\/www.facebook.com\\\/kooningstheweddingpalace\",\"https:\\\/\\\/www.instagram.com\\\/kooningstheweddingpalace\",\"https:\\\/\\\/www.pinterest.com\\\/koonings\",\"https:\\\/\\\/www.youtube.com\\\/kooningstheweddingpalace\"]}]}<\/script>\n<!-- \/ Yoast SEO plugin. -->","yoast_head_json":{"title":"Alessandra Rinaudo ARAB18635 | Koonings","description":"Cette robe ivoire d'Alessandra Rinaudo a une silhouette en ligne. Le haut de la robe est d\u00e9collet\u00e9 en V. La robe est \u00e9galement dot\u00e9e d'un dos sp\u00e9cial. En outre, la robe pr\u00e9sente des d\u00e9tails en dentelle qui se prolongent jusqu'\u00e0 la jupe.","robots":{"index":"index","follow":"follow","max-snippet":"max-snippet:-1","max-image-preview":"max-image-preview:large","max-video-preview":"max-video-preview:-1"},"canonical":"https:\/\/www.koonings.com\/fr\/product\/alessandra-rinaudo-arab18635\/","og_locale":"fr_FR","og_type":"article","og_title":"Alessandra Rinaudo ARAB18635 | Koonings","og_description":"Cette robe ivoire d'Alessandra Rinaudo a une silhouette en ligne. Le haut de la robe est d\u00e9collet\u00e9 en V. La robe est \u00e9galement dot\u00e9e d'un dos sp\u00e9cial. En outre, la robe pr\u00e9sente des d\u00e9tails en dentelle qui se prolongent jusqu'\u00e0 la jupe.","og_url":"https:\/\/www.koonings.com\/fr\/product\/alessandra-rinaudo-arab18635\/","og_site_name":"Koonings","article_publisher":"https:\/\/www.facebook.com\/kooningstheweddingpalace","og_image":[{"width":688,"height":973,"url":"https:\/\/www.koonings.com\/wp-content\/uploads\/2024\/11\/8547_99d1ec824eced5a9aa05626132c4aeddc0217106d541554524e719ba7412b3f7fd08b280.jpeg","type":"image\/jpeg"}],"twitter_card":"summary_large_image","schema":{"@context":"https:\/\/schema.org","@graph":[{"@type":"WebPage","@id":"https:\/\/www.koonings.com\/fr\/product\/alessandra-rinaudo-arab18635\/","url":"https:\/\/www.koonings.com\/fr\/product\/alessandra-rinaudo-arab18635\/","name":"Alessandra Rinaudo ARAB18635 | Koonings","isPartOf":{"@id":"https:\/\/www.koonings.com\/fr\/#website"},"primaryImageOfPage":{"@id":"https:\/\/www.koonings.com\/fr\/product\/alessandra-rinaudo-arab18635\/#primaryimage"},"image":{"@id":"https:\/\/www.koonings.com\/fr\/product\/alessandra-rinaudo-arab18635\/#primaryimage"},"thumbnailUrl":"https:\/\/www.koonings.com\/wp-content\/uploads\/2024\/11\/8547_99d1ec824eced5a9aa05626132c4aeddc0217106d541554524e719ba7412b3f7fd08b280.jpeg","datePublished":"2026-05-06T13:02:29+00:00","description":"Cette robe ivoire d'Alessandra Rinaudo a une silhouette en ligne. Le haut de la robe est d\u00e9collet\u00e9 en V. La robe est \u00e9galement dot\u00e9e d'un dos sp\u00e9cial. En outre, la robe pr\u00e9sente des d\u00e9tails en dentelle qui se prolongent jusqu'\u00e0 la jupe.","breadcrumb":{"@id":"https:\/\/www.koonings.com\/fr\/product\/alessandra-rinaudo-arab18635\/#breadcrumb"},"inLanguage":"fr-FR","potentialAction":[{"@type":"ReadAction","target":["https:\/\/www.koonings.com\/fr\/product\/alessandra-rinaudo-arab18635\/"]}]},{"@type":"ImageObject","inLanguage":"fr-FR","@id":"https:\/\/www.koonings.com\/fr\/product\/alessandra-rinaudo-arab18635\/#primaryimage","url":"https:\/\/www.koonings.com\/wp-content\/uploads\/2024\/11\/8547_99d1ec824eced5a9aa05626132c4aeddc0217106d541554524e719ba7412b3f7fd08b280.jpeg","contentUrl":"https:\/\/www.koonings.com\/wp-content\/uploads\/2024\/11\/8547_99d1ec824eced5a9aa05626132c4aeddc0217106d541554524e719ba7412b3f7fd08b280.jpeg","width":688,"height":973},{"@type":"BreadcrumbList","@id":"https:\/\/www.koonings.com\/fr\/product\/alessandra-rinaudo-arab18635\/#breadcrumb","itemListElement":[{"@type":"ListItem","position":1,"name":"Home","item":"https:\/\/www.koonings.com\/fr\/"},{"@type":"ListItem","position":2,"name":"Alessandra Rinaudo ARAB18635"}]},{"@type":"WebSite","@id":"https:\/\/www.koonings.com\/fr\/#website","url":"https:\/\/www.koonings.com\/fr\/","name":"Koonings","description":"De grootste bruidsmodewinkel ter wereld","publisher":{"@id":"https:\/\/www.koonings.com\/fr\/#organization"},"potentialAction":[{"@type":"SearchAction","target":{"@type":"EntryPoint","urlTemplate":"https:\/\/www.koonings.com\/fr\/?s={search_term_string}"},"query-input":{"@type":"PropertyValueSpecification","valueRequired":true,"valueName":"search_term_string"}}],"inLanguage":"fr-FR"},{"@type":"Organization","@id":"https:\/\/www.koonings.com\/fr\/#organization","name":"Koonings","url":"https:\/\/www.koonings.com\/fr\/","logo":{"@type":"ImageObject","inLanguage":"fr-FR","@id":"https:\/\/www.koonings.com\/fr\/#\/schema\/logo\/image\/","url":"https:\/\/www.koonings.com\/wp-content\/uploads\/2024\/07\/logo.png","contentUrl":"https:\/\/www.koonings.com\/wp-content\/uploads\/2024\/07\/logo.png","width":600,"height":428,"caption":"Koonings"},"image":{"@id":"https:\/\/www.koonings.com\/fr\/#\/schema\/logo\/image\/"},"sameAs":["https:\/\/www.facebook.com\/kooningstheweddingpalace","https:\/\/www.instagram.com\/kooningstheweddingpalace","https:\/\/www.pinterest.com\/koonings","https:\/\/www.youtube.com\/kooningstheweddingpalace"]}]}},"_links":{"self":[{"href":"https:\/\/www.koonings.com\/fr\/wp-json\/wp\/v2\/product\/32220","targetHints":{"allow":["GET"]}}],"collection":[{"href":"https:\/\/www.koonings.com\/fr\/wp-json\/wp\/v2\/product"}],"about":[{"href":"https:\/\/www.koonings.com\/fr\/wp-json\/wp\/v2\/types\/product"}],"wp:featuredmedia":[{"embeddable":true,"href":"https:\/\/www.koonings.com\/fr\/wp-json\/wp\/v2\/media\/25415"}],"wp:attachment":[{"href":"https:\/\/www.koonings.com\/fr\/wp-json\/wp\/v2\/media?parent=32220"}],"wp:term":[{"taxonomy":"productdetails","embeddable":true,"href":"https:\/\/www.koonings.com\/fr\/wp-json\/wp\/v2\/productdetails?post=32220"},{"taxonomy":"productneck","embeddable":true,"href":"https:\/\/www.koonings.com\/fr\/wp-json\/wp\/v2\/productneck?post=32220"},{"taxonomy":"productcolor","embeddable":true,"href":"https:\/\/www.koonings.com\/fr\/wp-json\/wp\/v2\/productcolor?post=32220"},{"taxonomy":"maat","embeddable":true,"href":"https:\/\/www.koonings.com\/fr\/wp-json\/wp\/v2\/maat?post=32220"},{"taxonomy":"productsupplier","embeddable":true,"href":"https:\/\/www.koonings.com\/fr\/wp-json\/wp\/v2\/productsupplier?post=32220"},{"taxonomy":"productsleeve","embeddable":true,"href":"https:\/\/www.koonings.com\/fr\/wp-json\/wp\/v2\/productsleeve?post=32220"},{"taxonomy":"productcategory","embeddable":true,"href":"https:\/\/www.koonings.com\/fr\/wp-json\/wp\/v2\/productcategory?post=32220"},{"taxonomy":"productsilhouette","embeddable":true,"href":"https:\/\/www.koonings.com\/fr\/wp-json\/wp\/v2\/productsilhouette?post=32220"},{"taxonomy":"productstyle","embeddable":true,"href":"https:\/\/www.koonings.com\/fr\/wp-json\/wp\/v2\/productstyle?post=32220"}],"curies":[{"name":"wp","href":"https:\/\/api.w.org\/{rel}","templated":true}]}}