{"id":32217,"date":"2026-05-06T15:02:29","date_gmt":"2026-05-06T13:02:29","guid":{"rendered":"https:\/\/www.koonings.com\/product\/alessandra-rinaudo-arab18618\/"},"modified":"2026-02-13T12:05:20","modified_gmt":"2026-02-13T11:05:20","slug":"alessandra-rinaudo-arab18618","status":"publish","type":"product","link":"https:\/\/www.koonings.com\/fr\/product\/alessandra-rinaudo-arab18618\/","title":{"rendered":"Alessandra Rinaudo ARAB18618"},"content":{"rendered":"<p>Cette robe de mari\u00e9e ivoire d&#8217;Alessandra Rinoudo a une silhouette ajust\u00e9e. Le haut de la robe est d\u00e9collet\u00e9 en V et se termine par une bretelle dans le dos. Le dos est d\u00e9cor\u00e9 de d\u00e9tails floraux. Le haut et le haut de la jupe sont en dentelle romantique. Le bas de la jupe est en tulle. Une robe classique qui est certainement un peu sexy et glamour.     <\/p>\n","protected":false},"featured_media":25437,"template":"","meta":{"_acf_changed":false,"ghostkit_customizer_options":"","ghostkit_custom_css":"","ghostkit_custom_js_head":"","ghostkit_custom_js_foot":"","ghostkit_typography":""},"productdetails":[],"productneck":[356],"productcolor":[392],"maat":[],"productsupplier":[412],"productsleeve":[359],"productcategory":[18],"productsilhouette":[384,387],"productstyle":[367],"class_list":["post-32217","product","type-product","status-publish","has-post-thumbnail","hentry","productneck-356","productcolor-392","productsupplier-alessandra-rinaudo","productsleeve-359","productcategory-trouwjurken","productsilhouette-384","productsilhouette-387","productstyle-367"],"acf":[],"yoast_head":"<!-- This site is optimized with the Yoast SEO plugin v27.3 - https:\/\/yoast.com\/product\/yoast-seo-wordpress\/ -->\n<title>Alessandra Rinaudo ARAB18618 | Koonings<\/title>\n<meta name=\"description\" content=\"Cette robe de mari\u00e9e ivoire d&#039;Alessandra Rinoudo a une silhouette ajust\u00e9e. Le haut de la robe est d\u00e9collet\u00e9 en V et se termine par une bretelle dans le dos. Le dos est d\u00e9cor\u00e9 de d\u00e9tails floraux. Le haut et le haut de la jupe sont en dentelle romantique. Le bas de la jupe est en tulle. Une robe classique qui est certainement un peu sexy et glamour.\" \/>\n<meta name=\"robots\" content=\"index, follow, max-snippet:-1, max-image-preview:large, max-video-preview:-1\" \/>\n<link rel=\"canonical\" href=\"https:\/\/www.koonings.com\/fr\/product\/alessandra-rinaudo-arab18618\/\" \/>\n<meta property=\"og:locale\" content=\"fr_FR\" \/>\n<meta property=\"og:type\" content=\"article\" \/>\n<meta property=\"og:title\" content=\"Alessandra Rinaudo ARAB18618 | Koonings\" \/>\n<meta property=\"og:description\" content=\"Cette robe de mari\u00e9e ivoire d&#039;Alessandra Rinoudo a une silhouette ajust\u00e9e. Le haut de la robe est d\u00e9collet\u00e9 en V et se termine par une bretelle dans le dos. Le dos est d\u00e9cor\u00e9 de d\u00e9tails floraux. Le haut et le haut de la jupe sont en dentelle romantique. Le bas de la jupe est en tulle. Une robe classique qui est certainement un peu sexy et glamour.\" \/>\n<meta property=\"og:url\" content=\"https:\/\/www.koonings.com\/fr\/product\/alessandra-rinaudo-arab18618\/\" \/>\n<meta property=\"og:site_name\" content=\"Koonings\" \/>\n<meta property=\"article:publisher\" content=\"https:\/\/www.facebook.com\/kooningstheweddingpalace\" \/>\n<meta property=\"og:image\" content=\"https:\/\/www.koonings.com\/wp-content\/uploads\/2024\/11\/8558_7c66b206e68024d9ff1a5ecd58f535b131d52bc2e3cd7fb026c48cd4181cd534d247961a.jpeg\" \/>\n\t<meta property=\"og:image:width\" content=\"779\" \/>\n\t<meta property=\"og:image:height\" content=\"1080\" \/>\n\t<meta property=\"og:image:type\" content=\"image\/jpeg\" \/>\n<meta name=\"twitter:card\" content=\"summary_large_image\" \/>\n<script type=\"application\/ld+json\" class=\"yoast-schema-graph\">{\"@context\":\"https:\\\/\\\/schema.org\",\"@graph\":[{\"@type\":\"WebPage\",\"@id\":\"https:\\\/\\\/www.koonings.com\\\/fr\\\/product\\\/alessandra-rinaudo-arab18618\\\/\",\"url\":\"https:\\\/\\\/www.koonings.com\\\/fr\\\/product\\\/alessandra-rinaudo-arab18618\\\/\",\"name\":\"Alessandra Rinaudo ARAB18618 | Koonings\",\"isPartOf\":{\"@id\":\"https:\\\/\\\/www.koonings.com\\\/fr\\\/#website\"},\"primaryImageOfPage\":{\"@id\":\"https:\\\/\\\/www.koonings.com\\\/fr\\\/product\\\/alessandra-rinaudo-arab18618\\\/#primaryimage\"},\"image\":{\"@id\":\"https:\\\/\\\/www.koonings.com\\\/fr\\\/product\\\/alessandra-rinaudo-arab18618\\\/#primaryimage\"},\"thumbnailUrl\":\"https:\\\/\\\/www.koonings.com\\\/wp-content\\\/uploads\\\/2024\\\/11\\\/8558_7c66b206e68024d9ff1a5ecd58f535b131d52bc2e3cd7fb026c48cd4181cd534d247961a.jpeg\",\"datePublished\":\"2026-05-06T13:02:29+00:00\",\"description\":\"Cette robe de mari\u00e9e ivoire d'Alessandra Rinoudo a une silhouette ajust\u00e9e. Le haut de la robe est d\u00e9collet\u00e9 en V et se termine par une bretelle dans le dos. Le dos est d\u00e9cor\u00e9 de d\u00e9tails floraux. Le haut et le haut de la jupe sont en dentelle romantique. Le bas de la jupe est en tulle. Une robe classique qui est certainement un peu sexy et glamour.\",\"breadcrumb\":{\"@id\":\"https:\\\/\\\/www.koonings.com\\\/fr\\\/product\\\/alessandra-rinaudo-arab18618\\\/#breadcrumb\"},\"inLanguage\":\"fr-FR\",\"potentialAction\":[{\"@type\":\"ReadAction\",\"target\":[\"https:\\\/\\\/www.koonings.com\\\/fr\\\/product\\\/alessandra-rinaudo-arab18618\\\/\"]}]},{\"@type\":\"ImageObject\",\"inLanguage\":\"fr-FR\",\"@id\":\"https:\\\/\\\/www.koonings.com\\\/fr\\\/product\\\/alessandra-rinaudo-arab18618\\\/#primaryimage\",\"url\":\"https:\\\/\\\/www.koonings.com\\\/wp-content\\\/uploads\\\/2024\\\/11\\\/8558_7c66b206e68024d9ff1a5ecd58f535b131d52bc2e3cd7fb026c48cd4181cd534d247961a.jpeg\",\"contentUrl\":\"https:\\\/\\\/www.koonings.com\\\/wp-content\\\/uploads\\\/2024\\\/11\\\/8558_7c66b206e68024d9ff1a5ecd58f535b131d52bc2e3cd7fb026c48cd4181cd534d247961a.jpeg\",\"width\":779,\"height\":1080},{\"@type\":\"BreadcrumbList\",\"@id\":\"https:\\\/\\\/www.koonings.com\\\/fr\\\/product\\\/alessandra-rinaudo-arab18618\\\/#breadcrumb\",\"itemListElement\":[{\"@type\":\"ListItem\",\"position\":1,\"name\":\"Home\",\"item\":\"https:\\\/\\\/www.koonings.com\\\/fr\\\/\"},{\"@type\":\"ListItem\",\"position\":2,\"name\":\"Alessandra Rinaudo ARAB18618\"}]},{\"@type\":\"WebSite\",\"@id\":\"https:\\\/\\\/www.koonings.com\\\/fr\\\/#website\",\"url\":\"https:\\\/\\\/www.koonings.com\\\/fr\\\/\",\"name\":\"Koonings\",\"description\":\"De grootste bruidsmodewinkel ter wereld\",\"publisher\":{\"@id\":\"https:\\\/\\\/www.koonings.com\\\/fr\\\/#organization\"},\"potentialAction\":[{\"@type\":\"SearchAction\",\"target\":{\"@type\":\"EntryPoint\",\"urlTemplate\":\"https:\\\/\\\/www.koonings.com\\\/fr\\\/?s={search_term_string}\"},\"query-input\":{\"@type\":\"PropertyValueSpecification\",\"valueRequired\":true,\"valueName\":\"search_term_string\"}}],\"inLanguage\":\"fr-FR\"},{\"@type\":\"Organization\",\"@id\":\"https:\\\/\\\/www.koonings.com\\\/fr\\\/#organization\",\"name\":\"Koonings\",\"url\":\"https:\\\/\\\/www.koonings.com\\\/fr\\\/\",\"logo\":{\"@type\":\"ImageObject\",\"inLanguage\":\"fr-FR\",\"@id\":\"https:\\\/\\\/www.koonings.com\\\/fr\\\/#\\\/schema\\\/logo\\\/image\\\/\",\"url\":\"https:\\\/\\\/www.koonings.com\\\/wp-content\\\/uploads\\\/2024\\\/07\\\/logo.png\",\"contentUrl\":\"https:\\\/\\\/www.koonings.com\\\/wp-content\\\/uploads\\\/2024\\\/07\\\/logo.png\",\"width\":600,\"height\":428,\"caption\":\"Koonings\"},\"image\":{\"@id\":\"https:\\\/\\\/www.koonings.com\\\/fr\\\/#\\\/schema\\\/logo\\\/image\\\/\"},\"sameAs\":[\"https:\\\/\\\/www.facebook.com\\\/kooningstheweddingpalace\",\"https:\\\/\\\/www.instagram.com\\\/kooningstheweddingpalace\",\"https:\\\/\\\/www.pinterest.com\\\/koonings\",\"https:\\\/\\\/www.youtube.com\\\/kooningstheweddingpalace\"]}]}<\/script>\n<!-- \/ Yoast SEO plugin. -->","yoast_head_json":{"title":"Alessandra Rinaudo ARAB18618 | Koonings","description":"Cette robe de mari\u00e9e ivoire d'Alessandra Rinoudo a une silhouette ajust\u00e9e. Le haut de la robe est d\u00e9collet\u00e9 en V et se termine par une bretelle dans le dos. Le dos est d\u00e9cor\u00e9 de d\u00e9tails floraux. Le haut et le haut de la jupe sont en dentelle romantique. Le bas de la jupe est en tulle. Une robe classique qui est certainement un peu sexy et glamour.","robots":{"index":"index","follow":"follow","max-snippet":"max-snippet:-1","max-image-preview":"max-image-preview:large","max-video-preview":"max-video-preview:-1"},"canonical":"https:\/\/www.koonings.com\/fr\/product\/alessandra-rinaudo-arab18618\/","og_locale":"fr_FR","og_type":"article","og_title":"Alessandra Rinaudo ARAB18618 | Koonings","og_description":"Cette robe de mari\u00e9e ivoire d'Alessandra Rinoudo a une silhouette ajust\u00e9e. Le haut de la robe est d\u00e9collet\u00e9 en V et se termine par une bretelle dans le dos. Le dos est d\u00e9cor\u00e9 de d\u00e9tails floraux. Le haut et le haut de la jupe sont en dentelle romantique. Le bas de la jupe est en tulle. Une robe classique qui est certainement un peu sexy et glamour.","og_url":"https:\/\/www.koonings.com\/fr\/product\/alessandra-rinaudo-arab18618\/","og_site_name":"Koonings","article_publisher":"https:\/\/www.facebook.com\/kooningstheweddingpalace","og_image":[{"width":779,"height":1080,"url":"https:\/\/www.koonings.com\/wp-content\/uploads\/2024\/11\/8558_7c66b206e68024d9ff1a5ecd58f535b131d52bc2e3cd7fb026c48cd4181cd534d247961a.jpeg","type":"image\/jpeg"}],"twitter_card":"summary_large_image","schema":{"@context":"https:\/\/schema.org","@graph":[{"@type":"WebPage","@id":"https:\/\/www.koonings.com\/fr\/product\/alessandra-rinaudo-arab18618\/","url":"https:\/\/www.koonings.com\/fr\/product\/alessandra-rinaudo-arab18618\/","name":"Alessandra Rinaudo ARAB18618 | Koonings","isPartOf":{"@id":"https:\/\/www.koonings.com\/fr\/#website"},"primaryImageOfPage":{"@id":"https:\/\/www.koonings.com\/fr\/product\/alessandra-rinaudo-arab18618\/#primaryimage"},"image":{"@id":"https:\/\/www.koonings.com\/fr\/product\/alessandra-rinaudo-arab18618\/#primaryimage"},"thumbnailUrl":"https:\/\/www.koonings.com\/wp-content\/uploads\/2024\/11\/8558_7c66b206e68024d9ff1a5ecd58f535b131d52bc2e3cd7fb026c48cd4181cd534d247961a.jpeg","datePublished":"2026-05-06T13:02:29+00:00","description":"Cette robe de mari\u00e9e ivoire d'Alessandra Rinoudo a une silhouette ajust\u00e9e. Le haut de la robe est d\u00e9collet\u00e9 en V et se termine par une bretelle dans le dos. Le dos est d\u00e9cor\u00e9 de d\u00e9tails floraux. Le haut et le haut de la jupe sont en dentelle romantique. Le bas de la jupe est en tulle. Une robe classique qui est certainement un peu sexy et glamour.","breadcrumb":{"@id":"https:\/\/www.koonings.com\/fr\/product\/alessandra-rinaudo-arab18618\/#breadcrumb"},"inLanguage":"fr-FR","potentialAction":[{"@type":"ReadAction","target":["https:\/\/www.koonings.com\/fr\/product\/alessandra-rinaudo-arab18618\/"]}]},{"@type":"ImageObject","inLanguage":"fr-FR","@id":"https:\/\/www.koonings.com\/fr\/product\/alessandra-rinaudo-arab18618\/#primaryimage","url":"https:\/\/www.koonings.com\/wp-content\/uploads\/2024\/11\/8558_7c66b206e68024d9ff1a5ecd58f535b131d52bc2e3cd7fb026c48cd4181cd534d247961a.jpeg","contentUrl":"https:\/\/www.koonings.com\/wp-content\/uploads\/2024\/11\/8558_7c66b206e68024d9ff1a5ecd58f535b131d52bc2e3cd7fb026c48cd4181cd534d247961a.jpeg","width":779,"height":1080},{"@type":"BreadcrumbList","@id":"https:\/\/www.koonings.com\/fr\/product\/alessandra-rinaudo-arab18618\/#breadcrumb","itemListElement":[{"@type":"ListItem","position":1,"name":"Home","item":"https:\/\/www.koonings.com\/fr\/"},{"@type":"ListItem","position":2,"name":"Alessandra Rinaudo ARAB18618"}]},{"@type":"WebSite","@id":"https:\/\/www.koonings.com\/fr\/#website","url":"https:\/\/www.koonings.com\/fr\/","name":"Koonings","description":"De grootste bruidsmodewinkel ter wereld","publisher":{"@id":"https:\/\/www.koonings.com\/fr\/#organization"},"potentialAction":[{"@type":"SearchAction","target":{"@type":"EntryPoint","urlTemplate":"https:\/\/www.koonings.com\/fr\/?s={search_term_string}"},"query-input":{"@type":"PropertyValueSpecification","valueRequired":true,"valueName":"search_term_string"}}],"inLanguage":"fr-FR"},{"@type":"Organization","@id":"https:\/\/www.koonings.com\/fr\/#organization","name":"Koonings","url":"https:\/\/www.koonings.com\/fr\/","logo":{"@type":"ImageObject","inLanguage":"fr-FR","@id":"https:\/\/www.koonings.com\/fr\/#\/schema\/logo\/image\/","url":"https:\/\/www.koonings.com\/wp-content\/uploads\/2024\/07\/logo.png","contentUrl":"https:\/\/www.koonings.com\/wp-content\/uploads\/2024\/07\/logo.png","width":600,"height":428,"caption":"Koonings"},"image":{"@id":"https:\/\/www.koonings.com\/fr\/#\/schema\/logo\/image\/"},"sameAs":["https:\/\/www.facebook.com\/kooningstheweddingpalace","https:\/\/www.instagram.com\/kooningstheweddingpalace","https:\/\/www.pinterest.com\/koonings","https:\/\/www.youtube.com\/kooningstheweddingpalace"]}]}},"_links":{"self":[{"href":"https:\/\/www.koonings.com\/fr\/wp-json\/wp\/v2\/product\/32217","targetHints":{"allow":["GET"]}}],"collection":[{"href":"https:\/\/www.koonings.com\/fr\/wp-json\/wp\/v2\/product"}],"about":[{"href":"https:\/\/www.koonings.com\/fr\/wp-json\/wp\/v2\/types\/product"}],"wp:featuredmedia":[{"embeddable":true,"href":"https:\/\/www.koonings.com\/fr\/wp-json\/wp\/v2\/media\/25437"}],"wp:attachment":[{"href":"https:\/\/www.koonings.com\/fr\/wp-json\/wp\/v2\/media?parent=32217"}],"wp:term":[{"taxonomy":"productdetails","embeddable":true,"href":"https:\/\/www.koonings.com\/fr\/wp-json\/wp\/v2\/productdetails?post=32217"},{"taxonomy":"productneck","embeddable":true,"href":"https:\/\/www.koonings.com\/fr\/wp-json\/wp\/v2\/productneck?post=32217"},{"taxonomy":"productcolor","embeddable":true,"href":"https:\/\/www.koonings.com\/fr\/wp-json\/wp\/v2\/productcolor?post=32217"},{"taxonomy":"maat","embeddable":true,"href":"https:\/\/www.koonings.com\/fr\/wp-json\/wp\/v2\/maat?post=32217"},{"taxonomy":"productsupplier","embeddable":true,"href":"https:\/\/www.koonings.com\/fr\/wp-json\/wp\/v2\/productsupplier?post=32217"},{"taxonomy":"productsleeve","embeddable":true,"href":"https:\/\/www.koonings.com\/fr\/wp-json\/wp\/v2\/productsleeve?post=32217"},{"taxonomy":"productcategory","embeddable":true,"href":"https:\/\/www.koonings.com\/fr\/wp-json\/wp\/v2\/productcategory?post=32217"},{"taxonomy":"productsilhouette","embeddable":true,"href":"https:\/\/www.koonings.com\/fr\/wp-json\/wp\/v2\/productsilhouette?post=32217"},{"taxonomy":"productstyle","embeddable":true,"href":"https:\/\/www.koonings.com\/fr\/wp-json\/wp\/v2\/productstyle?post=32217"}],"curies":[{"name":"wp","href":"https:\/\/api.w.org\/{rel}","templated":true}]}}