{"id":32190,"date":"2026-04-21T18:02:38","date_gmt":"2026-04-21T16:02:38","guid":{"rendered":"https:\/\/www.koonings.com\/product\/alessandra-rinaudo-arab19626\/"},"modified":"2026-02-13T12:04:36","modified_gmt":"2026-02-13T11:04:36","slug":"alessandra-rinaudo-arab19626","status":"publish","type":"product","link":"https:\/\/www.koonings.com\/fr\/product\/alessandra-rinaudo-arab19626\/","title":{"rendered":"Alessandra Rinaudo ARAB19626"},"content":{"rendered":"<p>Cette robe de mari\u00e9e rose p\u00e2le d&#8217;Alessandra Rinaudo a une silhouette en ligne A. Cette robe a un haut en dentelle transparente avec un d\u00e9collet\u00e9 en V. Elle est tr\u00e8s confortable. Le haut de la robe est en dentelle transparente avec un d\u00e9collet\u00e9 en V. La dentelle se fond magnifiquement dans la jupe en tulle. La dentelle se fond magnifiquement dans la jupe en tulle. De plus, la robe a des paillettes subtiles et un dos ouvert.   <\/p>\n","protected":false},"featured_media":25533,"template":"","meta":{"_acf_changed":false,"ghostkit_customizer_options":"","ghostkit_custom_css":"","ghostkit_custom_js_head":"","ghostkit_custom_js_foot":"","ghostkit_typography":""},"productdetails":[],"productneck":[356],"productcolor":[393,392],"maat":[],"productsupplier":[412],"productsleeve":[359],"productcategory":[18],"productsilhouette":[384,389],"productstyle":[367],"class_list":["post-32190","product","type-product","status-publish","has-post-thumbnail","hentry","productneck-356","productcolor-393","productcolor-392","productsupplier-alessandra-rinaudo","productsleeve-359","productcategory-trouwjurken","productsilhouette-384","productsilhouette-389","productstyle-367"],"acf":[],"yoast_head":"<!-- This site is optimized with the Yoast SEO plugin v27.3 - https:\/\/yoast.com\/product\/yoast-seo-wordpress\/ -->\n<title>Alessandra Rinaudo ARAB19626 | Koonings<\/title>\n<meta name=\"description\" content=\"Cette robe de mari\u00e9e rose p\u00e2le d&#039;Alessandra Rinaudo a une silhouette en ligne A. Cette robe a un haut en dentelle transparente avec un d\u00e9collet\u00e9 en V. Elle est tr\u00e8s confortable. Le haut de la robe est en dentelle transparente avec un d\u00e9collet\u00e9 en V. La dentelle se fond magnifiquement dans la jupe en tulle. La dentelle se fond magnifiquement dans la jupe en tulle. De plus, la robe a des paillettes subtiles et un dos ouvert.\" \/>\n<meta name=\"robots\" content=\"index, follow, max-snippet:-1, max-image-preview:large, max-video-preview:-1\" \/>\n<link rel=\"canonical\" href=\"https:\/\/www.koonings.com\/fr\/product\/alessandra-rinaudo-arab19626\/\" \/>\n<meta property=\"og:locale\" content=\"fr_FR\" \/>\n<meta property=\"og:type\" content=\"article\" \/>\n<meta property=\"og:title\" content=\"Alessandra Rinaudo ARAB19626 | Koonings\" \/>\n<meta property=\"og:description\" content=\"Cette robe de mari\u00e9e rose p\u00e2le d&#039;Alessandra Rinaudo a une silhouette en ligne A. Cette robe a un haut en dentelle transparente avec un d\u00e9collet\u00e9 en V. Elle est tr\u00e8s confortable. Le haut de la robe est en dentelle transparente avec un d\u00e9collet\u00e9 en V. La dentelle se fond magnifiquement dans la jupe en tulle. La dentelle se fond magnifiquement dans la jupe en tulle. De plus, la robe a des paillettes subtiles et un dos ouvert.\" \/>\n<meta property=\"og:url\" content=\"https:\/\/www.koonings.com\/fr\/product\/alessandra-rinaudo-arab19626\/\" \/>\n<meta property=\"og:site_name\" content=\"Koonings\" \/>\n<meta property=\"article:publisher\" content=\"https:\/\/www.facebook.com\/kooningstheweddingpalace\" \/>\n<meta property=\"og:image\" content=\"https:\/\/www.koonings.com\/wp-content\/uploads\/2024\/11\/8719_3b2a953a7dc43e14aad02d785c541ee08acfcf83d3bd38f8e01719d134eb097f087930f6-scaled.jpeg\" \/>\n\t<meta property=\"og:image:width\" content=\"1813\" \/>\n\t<meta property=\"og:image:height\" content=\"2560\" \/>\n\t<meta property=\"og:image:type\" content=\"image\/jpeg\" \/>\n<meta name=\"twitter:card\" content=\"summary_large_image\" \/>\n<script type=\"application\/ld+json\" class=\"yoast-schema-graph\">{\"@context\":\"https:\\\/\\\/schema.org\",\"@graph\":[{\"@type\":\"WebPage\",\"@id\":\"https:\\\/\\\/www.koonings.com\\\/fr\\\/product\\\/alessandra-rinaudo-arab19626\\\/\",\"url\":\"https:\\\/\\\/www.koonings.com\\\/fr\\\/product\\\/alessandra-rinaudo-arab19626\\\/\",\"name\":\"Alessandra Rinaudo ARAB19626 | Koonings\",\"isPartOf\":{\"@id\":\"https:\\\/\\\/www.koonings.com\\\/fr\\\/#website\"},\"primaryImageOfPage\":{\"@id\":\"https:\\\/\\\/www.koonings.com\\\/fr\\\/product\\\/alessandra-rinaudo-arab19626\\\/#primaryimage\"},\"image\":{\"@id\":\"https:\\\/\\\/www.koonings.com\\\/fr\\\/product\\\/alessandra-rinaudo-arab19626\\\/#primaryimage\"},\"thumbnailUrl\":\"https:\\\/\\\/www.koonings.com\\\/wp-content\\\/uploads\\\/2024\\\/11\\\/8719_3b2a953a7dc43e14aad02d785c541ee08acfcf83d3bd38f8e01719d134eb097f087930f6-scaled.jpeg\",\"datePublished\":\"2026-04-21T16:02:38+00:00\",\"description\":\"Cette robe de mari\u00e9e rose p\u00e2le d'Alessandra Rinaudo a une silhouette en ligne A. Cette robe a un haut en dentelle transparente avec un d\u00e9collet\u00e9 en V. Elle est tr\u00e8s confortable. Le haut de la robe est en dentelle transparente avec un d\u00e9collet\u00e9 en V. La dentelle se fond magnifiquement dans la jupe en tulle. La dentelle se fond magnifiquement dans la jupe en tulle. De plus, la robe a des paillettes subtiles et un dos ouvert.\",\"breadcrumb\":{\"@id\":\"https:\\\/\\\/www.koonings.com\\\/fr\\\/product\\\/alessandra-rinaudo-arab19626\\\/#breadcrumb\"},\"inLanguage\":\"fr-FR\",\"potentialAction\":[{\"@type\":\"ReadAction\",\"target\":[\"https:\\\/\\\/www.koonings.com\\\/fr\\\/product\\\/alessandra-rinaudo-arab19626\\\/\"]}]},{\"@type\":\"ImageObject\",\"inLanguage\":\"fr-FR\",\"@id\":\"https:\\\/\\\/www.koonings.com\\\/fr\\\/product\\\/alessandra-rinaudo-arab19626\\\/#primaryimage\",\"url\":\"https:\\\/\\\/www.koonings.com\\\/wp-content\\\/uploads\\\/2024\\\/11\\\/8719_3b2a953a7dc43e14aad02d785c541ee08acfcf83d3bd38f8e01719d134eb097f087930f6-scaled.jpeg\",\"contentUrl\":\"https:\\\/\\\/www.koonings.com\\\/wp-content\\\/uploads\\\/2024\\\/11\\\/8719_3b2a953a7dc43e14aad02d785c541ee08acfcf83d3bd38f8e01719d134eb097f087930f6-scaled.jpeg\",\"width\":1813,\"height\":2560},{\"@type\":\"BreadcrumbList\",\"@id\":\"https:\\\/\\\/www.koonings.com\\\/fr\\\/product\\\/alessandra-rinaudo-arab19626\\\/#breadcrumb\",\"itemListElement\":[{\"@type\":\"ListItem\",\"position\":1,\"name\":\"Home\",\"item\":\"https:\\\/\\\/www.koonings.com\\\/fr\\\/\"},{\"@type\":\"ListItem\",\"position\":2,\"name\":\"Alessandra Rinaudo ARAB19626\"}]},{\"@type\":\"WebSite\",\"@id\":\"https:\\\/\\\/www.koonings.com\\\/fr\\\/#website\",\"url\":\"https:\\\/\\\/www.koonings.com\\\/fr\\\/\",\"name\":\"Koonings\",\"description\":\"De grootste bruidsmodewinkel ter wereld\",\"publisher\":{\"@id\":\"https:\\\/\\\/www.koonings.com\\\/fr\\\/#organization\"},\"potentialAction\":[{\"@type\":\"SearchAction\",\"target\":{\"@type\":\"EntryPoint\",\"urlTemplate\":\"https:\\\/\\\/www.koonings.com\\\/fr\\\/?s={search_term_string}\"},\"query-input\":{\"@type\":\"PropertyValueSpecification\",\"valueRequired\":true,\"valueName\":\"search_term_string\"}}],\"inLanguage\":\"fr-FR\"},{\"@type\":\"Organization\",\"@id\":\"https:\\\/\\\/www.koonings.com\\\/fr\\\/#organization\",\"name\":\"Koonings\",\"url\":\"https:\\\/\\\/www.koonings.com\\\/fr\\\/\",\"logo\":{\"@type\":\"ImageObject\",\"inLanguage\":\"fr-FR\",\"@id\":\"https:\\\/\\\/www.koonings.com\\\/fr\\\/#\\\/schema\\\/logo\\\/image\\\/\",\"url\":\"https:\\\/\\\/www.koonings.com\\\/wp-content\\\/uploads\\\/2024\\\/07\\\/logo.png\",\"contentUrl\":\"https:\\\/\\\/www.koonings.com\\\/wp-content\\\/uploads\\\/2024\\\/07\\\/logo.png\",\"width\":600,\"height\":428,\"caption\":\"Koonings\"},\"image\":{\"@id\":\"https:\\\/\\\/www.koonings.com\\\/fr\\\/#\\\/schema\\\/logo\\\/image\\\/\"},\"sameAs\":[\"https:\\\/\\\/www.facebook.com\\\/kooningstheweddingpalace\",\"https:\\\/\\\/www.instagram.com\\\/kooningstheweddingpalace\",\"https:\\\/\\\/www.pinterest.com\\\/koonings\",\"https:\\\/\\\/www.youtube.com\\\/kooningstheweddingpalace\"]}]}<\/script>\n<!-- \/ Yoast SEO plugin. -->","yoast_head_json":{"title":"Alessandra Rinaudo ARAB19626 | Koonings","description":"Cette robe de mari\u00e9e rose p\u00e2le d'Alessandra Rinaudo a une silhouette en ligne A. Cette robe a un haut en dentelle transparente avec un d\u00e9collet\u00e9 en V. Elle est tr\u00e8s confortable. Le haut de la robe est en dentelle transparente avec un d\u00e9collet\u00e9 en V. La dentelle se fond magnifiquement dans la jupe en tulle. La dentelle se fond magnifiquement dans la jupe en tulle. De plus, la robe a des paillettes subtiles et un dos ouvert.","robots":{"index":"index","follow":"follow","max-snippet":"max-snippet:-1","max-image-preview":"max-image-preview:large","max-video-preview":"max-video-preview:-1"},"canonical":"https:\/\/www.koonings.com\/fr\/product\/alessandra-rinaudo-arab19626\/","og_locale":"fr_FR","og_type":"article","og_title":"Alessandra Rinaudo ARAB19626 | Koonings","og_description":"Cette robe de mari\u00e9e rose p\u00e2le d'Alessandra Rinaudo a une silhouette en ligne A. Cette robe a un haut en dentelle transparente avec un d\u00e9collet\u00e9 en V. Elle est tr\u00e8s confortable. Le haut de la robe est en dentelle transparente avec un d\u00e9collet\u00e9 en V. La dentelle se fond magnifiquement dans la jupe en tulle. La dentelle se fond magnifiquement dans la jupe en tulle. De plus, la robe a des paillettes subtiles et un dos ouvert.","og_url":"https:\/\/www.koonings.com\/fr\/product\/alessandra-rinaudo-arab19626\/","og_site_name":"Koonings","article_publisher":"https:\/\/www.facebook.com\/kooningstheweddingpalace","og_image":[{"width":1813,"height":2560,"url":"https:\/\/www.koonings.com\/wp-content\/uploads\/2024\/11\/8719_3b2a953a7dc43e14aad02d785c541ee08acfcf83d3bd38f8e01719d134eb097f087930f6-scaled.jpeg","type":"image\/jpeg"}],"twitter_card":"summary_large_image","schema":{"@context":"https:\/\/schema.org","@graph":[{"@type":"WebPage","@id":"https:\/\/www.koonings.com\/fr\/product\/alessandra-rinaudo-arab19626\/","url":"https:\/\/www.koonings.com\/fr\/product\/alessandra-rinaudo-arab19626\/","name":"Alessandra Rinaudo ARAB19626 | Koonings","isPartOf":{"@id":"https:\/\/www.koonings.com\/fr\/#website"},"primaryImageOfPage":{"@id":"https:\/\/www.koonings.com\/fr\/product\/alessandra-rinaudo-arab19626\/#primaryimage"},"image":{"@id":"https:\/\/www.koonings.com\/fr\/product\/alessandra-rinaudo-arab19626\/#primaryimage"},"thumbnailUrl":"https:\/\/www.koonings.com\/wp-content\/uploads\/2024\/11\/8719_3b2a953a7dc43e14aad02d785c541ee08acfcf83d3bd38f8e01719d134eb097f087930f6-scaled.jpeg","datePublished":"2026-04-21T16:02:38+00:00","description":"Cette robe de mari\u00e9e rose p\u00e2le d'Alessandra Rinaudo a une silhouette en ligne A. Cette robe a un haut en dentelle transparente avec un d\u00e9collet\u00e9 en V. Elle est tr\u00e8s confortable. Le haut de la robe est en dentelle transparente avec un d\u00e9collet\u00e9 en V. La dentelle se fond magnifiquement dans la jupe en tulle. La dentelle se fond magnifiquement dans la jupe en tulle. De plus, la robe a des paillettes subtiles et un dos ouvert.","breadcrumb":{"@id":"https:\/\/www.koonings.com\/fr\/product\/alessandra-rinaudo-arab19626\/#breadcrumb"},"inLanguage":"fr-FR","potentialAction":[{"@type":"ReadAction","target":["https:\/\/www.koonings.com\/fr\/product\/alessandra-rinaudo-arab19626\/"]}]},{"@type":"ImageObject","inLanguage":"fr-FR","@id":"https:\/\/www.koonings.com\/fr\/product\/alessandra-rinaudo-arab19626\/#primaryimage","url":"https:\/\/www.koonings.com\/wp-content\/uploads\/2024\/11\/8719_3b2a953a7dc43e14aad02d785c541ee08acfcf83d3bd38f8e01719d134eb097f087930f6-scaled.jpeg","contentUrl":"https:\/\/www.koonings.com\/wp-content\/uploads\/2024\/11\/8719_3b2a953a7dc43e14aad02d785c541ee08acfcf83d3bd38f8e01719d134eb097f087930f6-scaled.jpeg","width":1813,"height":2560},{"@type":"BreadcrumbList","@id":"https:\/\/www.koonings.com\/fr\/product\/alessandra-rinaudo-arab19626\/#breadcrumb","itemListElement":[{"@type":"ListItem","position":1,"name":"Home","item":"https:\/\/www.koonings.com\/fr\/"},{"@type":"ListItem","position":2,"name":"Alessandra Rinaudo ARAB19626"}]},{"@type":"WebSite","@id":"https:\/\/www.koonings.com\/fr\/#website","url":"https:\/\/www.koonings.com\/fr\/","name":"Koonings","description":"De grootste bruidsmodewinkel ter wereld","publisher":{"@id":"https:\/\/www.koonings.com\/fr\/#organization"},"potentialAction":[{"@type":"SearchAction","target":{"@type":"EntryPoint","urlTemplate":"https:\/\/www.koonings.com\/fr\/?s={search_term_string}"},"query-input":{"@type":"PropertyValueSpecification","valueRequired":true,"valueName":"search_term_string"}}],"inLanguage":"fr-FR"},{"@type":"Organization","@id":"https:\/\/www.koonings.com\/fr\/#organization","name":"Koonings","url":"https:\/\/www.koonings.com\/fr\/","logo":{"@type":"ImageObject","inLanguage":"fr-FR","@id":"https:\/\/www.koonings.com\/fr\/#\/schema\/logo\/image\/","url":"https:\/\/www.koonings.com\/wp-content\/uploads\/2024\/07\/logo.png","contentUrl":"https:\/\/www.koonings.com\/wp-content\/uploads\/2024\/07\/logo.png","width":600,"height":428,"caption":"Koonings"},"image":{"@id":"https:\/\/www.koonings.com\/fr\/#\/schema\/logo\/image\/"},"sameAs":["https:\/\/www.facebook.com\/kooningstheweddingpalace","https:\/\/www.instagram.com\/kooningstheweddingpalace","https:\/\/www.pinterest.com\/koonings","https:\/\/www.youtube.com\/kooningstheweddingpalace"]}]}},"_links":{"self":[{"href":"https:\/\/www.koonings.com\/fr\/wp-json\/wp\/v2\/product\/32190","targetHints":{"allow":["GET"]}}],"collection":[{"href":"https:\/\/www.koonings.com\/fr\/wp-json\/wp\/v2\/product"}],"about":[{"href":"https:\/\/www.koonings.com\/fr\/wp-json\/wp\/v2\/types\/product"}],"wp:featuredmedia":[{"embeddable":true,"href":"https:\/\/www.koonings.com\/fr\/wp-json\/wp\/v2\/media\/25533"}],"wp:attachment":[{"href":"https:\/\/www.koonings.com\/fr\/wp-json\/wp\/v2\/media?parent=32190"}],"wp:term":[{"taxonomy":"productdetails","embeddable":true,"href":"https:\/\/www.koonings.com\/fr\/wp-json\/wp\/v2\/productdetails?post=32190"},{"taxonomy":"productneck","embeddable":true,"href":"https:\/\/www.koonings.com\/fr\/wp-json\/wp\/v2\/productneck?post=32190"},{"taxonomy":"productcolor","embeddable":true,"href":"https:\/\/www.koonings.com\/fr\/wp-json\/wp\/v2\/productcolor?post=32190"},{"taxonomy":"maat","embeddable":true,"href":"https:\/\/www.koonings.com\/fr\/wp-json\/wp\/v2\/maat?post=32190"},{"taxonomy":"productsupplier","embeddable":true,"href":"https:\/\/www.koonings.com\/fr\/wp-json\/wp\/v2\/productsupplier?post=32190"},{"taxonomy":"productsleeve","embeddable":true,"href":"https:\/\/www.koonings.com\/fr\/wp-json\/wp\/v2\/productsleeve?post=32190"},{"taxonomy":"productcategory","embeddable":true,"href":"https:\/\/www.koonings.com\/fr\/wp-json\/wp\/v2\/productcategory?post=32190"},{"taxonomy":"productsilhouette","embeddable":true,"href":"https:\/\/www.koonings.com\/fr\/wp-json\/wp\/v2\/productsilhouette?post=32190"},{"taxonomy":"productstyle","embeddable":true,"href":"https:\/\/www.koonings.com\/fr\/wp-json\/wp\/v2\/productstyle?post=32190"}],"curies":[{"name":"wp","href":"https:\/\/api.w.org\/{rel}","templated":true}]}}