{"id":32180,"date":"2025-12-15T00:06:01","date_gmt":"2025-12-14T23:06:01","guid":{"rendered":"https:\/\/www.koonings.com\/product\/rembo-styling-magnolia-1\/"},"modified":"2026-02-03T17:34:36","modified_gmt":"2026-02-03T16:34:36","slug":"rembo-styling-magnolia-1","status":"publish","type":"product","link":"https:\/\/www.koonings.com\/fr\/product\/rembo-styling-magnolia-1\/","title":{"rendered":"Rembo Styling Magnolia\/1"},"content":{"rendered":"<p>La robe de mari\u00e9e Magnolia de Rembo Styling, disponible chez Koonings The Wedding Palace, est un mod\u00e8le sophistiqu\u00e9 et romantique qui est le choix parfait pour la mari\u00e9e qui aime un style boh\u00e8me de r\u00eave. Elle pr\u00e9sente une belle silhouette en ligne A qui tombe doucement sur le corps, ce qui rend la robe \u00e0 la fois \u00e9l\u00e9gante et confortable. De d\u00e9licats d\u00e9tails en dentelle et de subtils accents floraux conf\u00e8rent \u00e0 la robe une touche de douceur et de f\u00e9minit\u00e9. L&#8217;\u00e9l\u00e9gante encolure en V et les manches longues ajoutent au romantisme de la robe, tandis que le dos ouvert lui conf\u00e8re une touche de sensualit\u00e9. Magnolia est le choix id\u00e9al pour un mariage \u00e0 l&#8217;ambiance naturelle ou rustique, offrant l&#8217;\u00e9quilibre parfait entre la beaut\u00e9 intemporelle et le flair moderne. Disponible chez Koonings The Wedding Palace, o\u00f9 vous pourrez essayer cette robe enchanteresse et la faire confectionner sur mesure pour votre grand jour.     <\/p>\n","protected":false},"featured_media":25602,"template":"","meta":{"_acf_changed":false,"ghostkit_customizer_options":"","ghostkit_custom_css":"","ghostkit_custom_js_head":"","ghostkit_custom_js_foot":"","ghostkit_typography":""},"productdetails":[376,381],"productneck":[350,355],"productcolor":[392],"maat":[],"productsupplier":[414],"productsleeve":[361],"productcategory":[18],"productsilhouette":[389],"productstyle":[364],"class_list":["post-32180","product","type-product","status-publish","has-post-thumbnail","hentry","productdetails-376","productdetails-381","productneck-350","productneck-355","productcolor-392","productsupplier-rembo-styling","productsleeve-361","productcategory-trouwjurken","productsilhouette-389","productstyle-364"],"acf":[],"yoast_head":"<!-- This site is optimized with the Yoast SEO plugin v27.3 - https:\/\/yoast.com\/product\/yoast-seo-wordpress\/ -->\n<title>Rembo Styling Magnolia\/1 | Koonings<\/title>\n<meta name=\"description\" content=\"La robe de mari\u00e9e Magnolia de Rembo Styling, disponible chez Koonings The Wedding Palace, est un mod\u00e8le sophistiqu\u00e9 et romantique qui est le choix parfait pour la mari\u00e9e qui aime un style boh\u00e8me de r\u00eave. Elle pr\u00e9sente une belle silhouette en ligne A qui tombe doucement sur le corps, ce qui rend la robe \u00e0 la fois \u00e9l\u00e9gante et confortable. De d\u00e9licats d\u00e9tails en dentelle et de subtils accents floraux conf\u00e8rent \u00e0 la robe une touche de douceur et de f\u00e9minit\u00e9. L&#039;\u00e9l\u00e9gante encolure en V et les manches longues ajoutent au romantisme de la robe, tandis que le dos ouvert lui conf\u00e8re une touche de sensualit\u00e9. Magnolia est le choix id\u00e9al pour un mariage \u00e0 l&#039;ambiance naturelle ou rustique, offrant l&#039;\u00e9quilibre parfait entre la beaut\u00e9 intemporelle et le flair moderne. Disponible chez Koonings The Wedding Palace, o\u00f9 vous pourrez essayer cette robe enchanteresse et la faire confectionner sur mesure pour votre grand jour.\" \/>\n<meta name=\"robots\" content=\"index, follow, max-snippet:-1, max-image-preview:large, max-video-preview:-1\" \/>\n<link rel=\"canonical\" href=\"https:\/\/www.koonings.com\/fr\/product\/rembo-styling-magnolia-1\/\" \/>\n<meta property=\"og:locale\" content=\"fr_FR\" \/>\n<meta property=\"og:type\" content=\"article\" \/>\n<meta property=\"og:title\" content=\"Rembo Styling Magnolia\/1 | Koonings\" \/>\n<meta property=\"og:description\" content=\"La robe de mari\u00e9e Magnolia de Rembo Styling, disponible chez Koonings The Wedding Palace, est un mod\u00e8le sophistiqu\u00e9 et romantique qui est le choix parfait pour la mari\u00e9e qui aime un style boh\u00e8me de r\u00eave. Elle pr\u00e9sente une belle silhouette en ligne A qui tombe doucement sur le corps, ce qui rend la robe \u00e0 la fois \u00e9l\u00e9gante et confortable. De d\u00e9licats d\u00e9tails en dentelle et de subtils accents floraux conf\u00e8rent \u00e0 la robe une touche de douceur et de f\u00e9minit\u00e9. L&#039;\u00e9l\u00e9gante encolure en V et les manches longues ajoutent au romantisme de la robe, tandis que le dos ouvert lui conf\u00e8re une touche de sensualit\u00e9. Magnolia est le choix id\u00e9al pour un mariage \u00e0 l&#039;ambiance naturelle ou rustique, offrant l&#039;\u00e9quilibre parfait entre la beaut\u00e9 intemporelle et le flair moderne. Disponible chez Koonings The Wedding Palace, o\u00f9 vous pourrez essayer cette robe enchanteresse et la faire confectionner sur mesure pour votre grand jour.\" \/>\n<meta property=\"og:url\" content=\"https:\/\/www.koonings.com\/fr\/product\/rembo-styling-magnolia-1\/\" \/>\n<meta property=\"og:site_name\" content=\"Koonings\" \/>\n<meta property=\"article:publisher\" content=\"https:\/\/www.facebook.com\/kooningstheweddingpalace\" \/>\n<meta property=\"article:modified_time\" content=\"2026-02-03T16:34:36+00:00\" \/>\n<meta property=\"og:image\" content=\"https:\/\/www.koonings.com\/wp-content\/uploads\/2024\/11\/10947_2333054e02e6d032bf6c7f1e2e5f63441c06b9fa9cfa4c6341adcbd929eefeb79ca7dc0b-scaled.jpeg\" \/>\n\t<meta property=\"og:image:width\" content=\"1918\" \/>\n\t<meta property=\"og:image:height\" content=\"2560\" \/>\n\t<meta property=\"og:image:type\" content=\"image\/jpeg\" \/>\n<meta name=\"twitter:card\" content=\"summary_large_image\" \/>\n<meta name=\"twitter:label1\" content=\"Dur\u00e9e de lecture estim\u00e9e\" \/>\n\t<meta name=\"twitter:data1\" content=\"1 minute\" \/>\n<script type=\"application\/ld+json\" class=\"yoast-schema-graph\">{\"@context\":\"https:\\\/\\\/schema.org\",\"@graph\":[{\"@type\":\"WebPage\",\"@id\":\"https:\\\/\\\/www.koonings.com\\\/fr\\\/product\\\/rembo-styling-magnolia-1\\\/\",\"url\":\"https:\\\/\\\/www.koonings.com\\\/fr\\\/product\\\/rembo-styling-magnolia-1\\\/\",\"name\":\"Rembo Styling Magnolia\\\/1 | Koonings\",\"isPartOf\":{\"@id\":\"https:\\\/\\\/www.koonings.com\\\/fr\\\/#website\"},\"primaryImageOfPage\":{\"@id\":\"https:\\\/\\\/www.koonings.com\\\/fr\\\/product\\\/rembo-styling-magnolia-1\\\/#primaryimage\"},\"image\":{\"@id\":\"https:\\\/\\\/www.koonings.com\\\/fr\\\/product\\\/rembo-styling-magnolia-1\\\/#primaryimage\"},\"thumbnailUrl\":\"https:\\\/\\\/www.koonings.com\\\/wp-content\\\/uploads\\\/2024\\\/11\\\/10947_2333054e02e6d032bf6c7f1e2e5f63441c06b9fa9cfa4c6341adcbd929eefeb79ca7dc0b-scaled.jpeg\",\"datePublished\":\"2025-12-14T23:06:01+00:00\",\"dateModified\":\"2026-02-03T16:34:36+00:00\",\"description\":\"La robe de mari\u00e9e Magnolia de Rembo Styling, disponible chez Koonings The Wedding Palace, est un mod\u00e8le sophistiqu\u00e9 et romantique qui est le choix parfait pour la mari\u00e9e qui aime un style boh\u00e8me de r\u00eave. Elle pr\u00e9sente une belle silhouette en ligne A qui tombe doucement sur le corps, ce qui rend la robe \u00e0 la fois \u00e9l\u00e9gante et confortable. De d\u00e9licats d\u00e9tails en dentelle et de subtils accents floraux conf\u00e8rent \u00e0 la robe une touche de douceur et de f\u00e9minit\u00e9. L'\u00e9l\u00e9gante encolure en V et les manches longues ajoutent au romantisme de la robe, tandis que le dos ouvert lui conf\u00e8re une touche de sensualit\u00e9. Magnolia est le choix id\u00e9al pour un mariage \u00e0 l'ambiance naturelle ou rustique, offrant l'\u00e9quilibre parfait entre la beaut\u00e9 intemporelle et le flair moderne. Disponible chez Koonings The Wedding Palace, o\u00f9 vous pourrez essayer cette robe enchanteresse et la faire confectionner sur mesure pour votre grand jour.\",\"breadcrumb\":{\"@id\":\"https:\\\/\\\/www.koonings.com\\\/fr\\\/product\\\/rembo-styling-magnolia-1\\\/#breadcrumb\"},\"inLanguage\":\"fr-FR\",\"potentialAction\":[{\"@type\":\"ReadAction\",\"target\":[\"https:\\\/\\\/www.koonings.com\\\/fr\\\/product\\\/rembo-styling-magnolia-1\\\/\"]}]},{\"@type\":\"ImageObject\",\"inLanguage\":\"fr-FR\",\"@id\":\"https:\\\/\\\/www.koonings.com\\\/fr\\\/product\\\/rembo-styling-magnolia-1\\\/#primaryimage\",\"url\":\"https:\\\/\\\/www.koonings.com\\\/wp-content\\\/uploads\\\/2024\\\/11\\\/10947_2333054e02e6d032bf6c7f1e2e5f63441c06b9fa9cfa4c6341adcbd929eefeb79ca7dc0b-scaled.jpeg\",\"contentUrl\":\"https:\\\/\\\/www.koonings.com\\\/wp-content\\\/uploads\\\/2024\\\/11\\\/10947_2333054e02e6d032bf6c7f1e2e5f63441c06b9fa9cfa4c6341adcbd929eefeb79ca7dc0b-scaled.jpeg\",\"width\":1918,\"height\":2560},{\"@type\":\"BreadcrumbList\",\"@id\":\"https:\\\/\\\/www.koonings.com\\\/fr\\\/product\\\/rembo-styling-magnolia-1\\\/#breadcrumb\",\"itemListElement\":[{\"@type\":\"ListItem\",\"position\":1,\"name\":\"Home\",\"item\":\"https:\\\/\\\/www.koonings.com\\\/fr\\\/\"},{\"@type\":\"ListItem\",\"position\":2,\"name\":\"Rembo Styling Magnolia\\\/1\"}]},{\"@type\":\"WebSite\",\"@id\":\"https:\\\/\\\/www.koonings.com\\\/fr\\\/#website\",\"url\":\"https:\\\/\\\/www.koonings.com\\\/fr\\\/\",\"name\":\"Koonings\",\"description\":\"De grootste bruidsmodewinkel ter wereld\",\"publisher\":{\"@id\":\"https:\\\/\\\/www.koonings.com\\\/fr\\\/#organization\"},\"potentialAction\":[{\"@type\":\"SearchAction\",\"target\":{\"@type\":\"EntryPoint\",\"urlTemplate\":\"https:\\\/\\\/www.koonings.com\\\/fr\\\/?s={search_term_string}\"},\"query-input\":{\"@type\":\"PropertyValueSpecification\",\"valueRequired\":true,\"valueName\":\"search_term_string\"}}],\"inLanguage\":\"fr-FR\"},{\"@type\":\"Organization\",\"@id\":\"https:\\\/\\\/www.koonings.com\\\/fr\\\/#organization\",\"name\":\"Koonings\",\"url\":\"https:\\\/\\\/www.koonings.com\\\/fr\\\/\",\"logo\":{\"@type\":\"ImageObject\",\"inLanguage\":\"fr-FR\",\"@id\":\"https:\\\/\\\/www.koonings.com\\\/fr\\\/#\\\/schema\\\/logo\\\/image\\\/\",\"url\":\"https:\\\/\\\/www.koonings.com\\\/wp-content\\\/uploads\\\/2024\\\/07\\\/logo.png\",\"contentUrl\":\"https:\\\/\\\/www.koonings.com\\\/wp-content\\\/uploads\\\/2024\\\/07\\\/logo.png\",\"width\":600,\"height\":428,\"caption\":\"Koonings\"},\"image\":{\"@id\":\"https:\\\/\\\/www.koonings.com\\\/fr\\\/#\\\/schema\\\/logo\\\/image\\\/\"},\"sameAs\":[\"https:\\\/\\\/www.facebook.com\\\/kooningstheweddingpalace\",\"https:\\\/\\\/www.instagram.com\\\/kooningstheweddingpalace\",\"https:\\\/\\\/www.pinterest.com\\\/koonings\",\"https:\\\/\\\/www.youtube.com\\\/kooningstheweddingpalace\"]}]}<\/script>\n<!-- \/ Yoast SEO plugin. -->","yoast_head_json":{"title":"Rembo Styling Magnolia\/1 | Koonings","description":"La robe de mari\u00e9e Magnolia de Rembo Styling, disponible chez Koonings The Wedding Palace, est un mod\u00e8le sophistiqu\u00e9 et romantique qui est le choix parfait pour la mari\u00e9e qui aime un style boh\u00e8me de r\u00eave. Elle pr\u00e9sente une belle silhouette en ligne A qui tombe doucement sur le corps, ce qui rend la robe \u00e0 la fois \u00e9l\u00e9gante et confortable. De d\u00e9licats d\u00e9tails en dentelle et de subtils accents floraux conf\u00e8rent \u00e0 la robe une touche de douceur et de f\u00e9minit\u00e9. L'\u00e9l\u00e9gante encolure en V et les manches longues ajoutent au romantisme de la robe, tandis que le dos ouvert lui conf\u00e8re une touche de sensualit\u00e9. Magnolia est le choix id\u00e9al pour un mariage \u00e0 l'ambiance naturelle ou rustique, offrant l'\u00e9quilibre parfait entre la beaut\u00e9 intemporelle et le flair moderne. Disponible chez Koonings The Wedding Palace, o\u00f9 vous pourrez essayer cette robe enchanteresse et la faire confectionner sur mesure pour votre grand jour.","robots":{"index":"index","follow":"follow","max-snippet":"max-snippet:-1","max-image-preview":"max-image-preview:large","max-video-preview":"max-video-preview:-1"},"canonical":"https:\/\/www.koonings.com\/fr\/product\/rembo-styling-magnolia-1\/","og_locale":"fr_FR","og_type":"article","og_title":"Rembo Styling Magnolia\/1 | Koonings","og_description":"La robe de mari\u00e9e Magnolia de Rembo Styling, disponible chez Koonings The Wedding Palace, est un mod\u00e8le sophistiqu\u00e9 et romantique qui est le choix parfait pour la mari\u00e9e qui aime un style boh\u00e8me de r\u00eave. Elle pr\u00e9sente une belle silhouette en ligne A qui tombe doucement sur le corps, ce qui rend la robe \u00e0 la fois \u00e9l\u00e9gante et confortable. De d\u00e9licats d\u00e9tails en dentelle et de subtils accents floraux conf\u00e8rent \u00e0 la robe une touche de douceur et de f\u00e9minit\u00e9. L'\u00e9l\u00e9gante encolure en V et les manches longues ajoutent au romantisme de la robe, tandis que le dos ouvert lui conf\u00e8re une touche de sensualit\u00e9. Magnolia est le choix id\u00e9al pour un mariage \u00e0 l'ambiance naturelle ou rustique, offrant l'\u00e9quilibre parfait entre la beaut\u00e9 intemporelle et le flair moderne. Disponible chez Koonings The Wedding Palace, o\u00f9 vous pourrez essayer cette robe enchanteresse et la faire confectionner sur mesure pour votre grand jour.","og_url":"https:\/\/www.koonings.com\/fr\/product\/rembo-styling-magnolia-1\/","og_site_name":"Koonings","article_publisher":"https:\/\/www.facebook.com\/kooningstheweddingpalace","article_modified_time":"2026-02-03T16:34:36+00:00","og_image":[{"width":1918,"height":2560,"url":"https:\/\/www.koonings.com\/wp-content\/uploads\/2024\/11\/10947_2333054e02e6d032bf6c7f1e2e5f63441c06b9fa9cfa4c6341adcbd929eefeb79ca7dc0b-scaled.jpeg","type":"image\/jpeg"}],"twitter_card":"summary_large_image","twitter_misc":{"Dur\u00e9e de lecture estim\u00e9e":"1 minute"},"schema":{"@context":"https:\/\/schema.org","@graph":[{"@type":"WebPage","@id":"https:\/\/www.koonings.com\/fr\/product\/rembo-styling-magnolia-1\/","url":"https:\/\/www.koonings.com\/fr\/product\/rembo-styling-magnolia-1\/","name":"Rembo Styling Magnolia\/1 | Koonings","isPartOf":{"@id":"https:\/\/www.koonings.com\/fr\/#website"},"primaryImageOfPage":{"@id":"https:\/\/www.koonings.com\/fr\/product\/rembo-styling-magnolia-1\/#primaryimage"},"image":{"@id":"https:\/\/www.koonings.com\/fr\/product\/rembo-styling-magnolia-1\/#primaryimage"},"thumbnailUrl":"https:\/\/www.koonings.com\/wp-content\/uploads\/2024\/11\/10947_2333054e02e6d032bf6c7f1e2e5f63441c06b9fa9cfa4c6341adcbd929eefeb79ca7dc0b-scaled.jpeg","datePublished":"2025-12-14T23:06:01+00:00","dateModified":"2026-02-03T16:34:36+00:00","description":"La robe de mari\u00e9e Magnolia de Rembo Styling, disponible chez Koonings The Wedding Palace, est un mod\u00e8le sophistiqu\u00e9 et romantique qui est le choix parfait pour la mari\u00e9e qui aime un style boh\u00e8me de r\u00eave. Elle pr\u00e9sente une belle silhouette en ligne A qui tombe doucement sur le corps, ce qui rend la robe \u00e0 la fois \u00e9l\u00e9gante et confortable. De d\u00e9licats d\u00e9tails en dentelle et de subtils accents floraux conf\u00e8rent \u00e0 la robe une touche de douceur et de f\u00e9minit\u00e9. L'\u00e9l\u00e9gante encolure en V et les manches longues ajoutent au romantisme de la robe, tandis que le dos ouvert lui conf\u00e8re une touche de sensualit\u00e9. Magnolia est le choix id\u00e9al pour un mariage \u00e0 l'ambiance naturelle ou rustique, offrant l'\u00e9quilibre parfait entre la beaut\u00e9 intemporelle et le flair moderne. Disponible chez Koonings The Wedding Palace, o\u00f9 vous pourrez essayer cette robe enchanteresse et la faire confectionner sur mesure pour votre grand jour.","breadcrumb":{"@id":"https:\/\/www.koonings.com\/fr\/product\/rembo-styling-magnolia-1\/#breadcrumb"},"inLanguage":"fr-FR","potentialAction":[{"@type":"ReadAction","target":["https:\/\/www.koonings.com\/fr\/product\/rembo-styling-magnolia-1\/"]}]},{"@type":"ImageObject","inLanguage":"fr-FR","@id":"https:\/\/www.koonings.com\/fr\/product\/rembo-styling-magnolia-1\/#primaryimage","url":"https:\/\/www.koonings.com\/wp-content\/uploads\/2024\/11\/10947_2333054e02e6d032bf6c7f1e2e5f63441c06b9fa9cfa4c6341adcbd929eefeb79ca7dc0b-scaled.jpeg","contentUrl":"https:\/\/www.koonings.com\/wp-content\/uploads\/2024\/11\/10947_2333054e02e6d032bf6c7f1e2e5f63441c06b9fa9cfa4c6341adcbd929eefeb79ca7dc0b-scaled.jpeg","width":1918,"height":2560},{"@type":"BreadcrumbList","@id":"https:\/\/www.koonings.com\/fr\/product\/rembo-styling-magnolia-1\/#breadcrumb","itemListElement":[{"@type":"ListItem","position":1,"name":"Home","item":"https:\/\/www.koonings.com\/fr\/"},{"@type":"ListItem","position":2,"name":"Rembo Styling Magnolia\/1"}]},{"@type":"WebSite","@id":"https:\/\/www.koonings.com\/fr\/#website","url":"https:\/\/www.koonings.com\/fr\/","name":"Koonings","description":"De grootste bruidsmodewinkel ter wereld","publisher":{"@id":"https:\/\/www.koonings.com\/fr\/#organization"},"potentialAction":[{"@type":"SearchAction","target":{"@type":"EntryPoint","urlTemplate":"https:\/\/www.koonings.com\/fr\/?s={search_term_string}"},"query-input":{"@type":"PropertyValueSpecification","valueRequired":true,"valueName":"search_term_string"}}],"inLanguage":"fr-FR"},{"@type":"Organization","@id":"https:\/\/www.koonings.com\/fr\/#organization","name":"Koonings","url":"https:\/\/www.koonings.com\/fr\/","logo":{"@type":"ImageObject","inLanguage":"fr-FR","@id":"https:\/\/www.koonings.com\/fr\/#\/schema\/logo\/image\/","url":"https:\/\/www.koonings.com\/wp-content\/uploads\/2024\/07\/logo.png","contentUrl":"https:\/\/www.koonings.com\/wp-content\/uploads\/2024\/07\/logo.png","width":600,"height":428,"caption":"Koonings"},"image":{"@id":"https:\/\/www.koonings.com\/fr\/#\/schema\/logo\/image\/"},"sameAs":["https:\/\/www.facebook.com\/kooningstheweddingpalace","https:\/\/www.instagram.com\/kooningstheweddingpalace","https:\/\/www.pinterest.com\/koonings","https:\/\/www.youtube.com\/kooningstheweddingpalace"]}]}},"_links":{"self":[{"href":"https:\/\/www.koonings.com\/fr\/wp-json\/wp\/v2\/product\/32180","targetHints":{"allow":["GET"]}}],"collection":[{"href":"https:\/\/www.koonings.com\/fr\/wp-json\/wp\/v2\/product"}],"about":[{"href":"https:\/\/www.koonings.com\/fr\/wp-json\/wp\/v2\/types\/product"}],"wp:featuredmedia":[{"embeddable":true,"href":"https:\/\/www.koonings.com\/fr\/wp-json\/wp\/v2\/media\/25602"}],"wp:attachment":[{"href":"https:\/\/www.koonings.com\/fr\/wp-json\/wp\/v2\/media?parent=32180"}],"wp:term":[{"taxonomy":"productdetails","embeddable":true,"href":"https:\/\/www.koonings.com\/fr\/wp-json\/wp\/v2\/productdetails?post=32180"},{"taxonomy":"productneck","embeddable":true,"href":"https:\/\/www.koonings.com\/fr\/wp-json\/wp\/v2\/productneck?post=32180"},{"taxonomy":"productcolor","embeddable":true,"href":"https:\/\/www.koonings.com\/fr\/wp-json\/wp\/v2\/productcolor?post=32180"},{"taxonomy":"maat","embeddable":true,"href":"https:\/\/www.koonings.com\/fr\/wp-json\/wp\/v2\/maat?post=32180"},{"taxonomy":"productsupplier","embeddable":true,"href":"https:\/\/www.koonings.com\/fr\/wp-json\/wp\/v2\/productsupplier?post=32180"},{"taxonomy":"productsleeve","embeddable":true,"href":"https:\/\/www.koonings.com\/fr\/wp-json\/wp\/v2\/productsleeve?post=32180"},{"taxonomy":"productcategory","embeddable":true,"href":"https:\/\/www.koonings.com\/fr\/wp-json\/wp\/v2\/productcategory?post=32180"},{"taxonomy":"productsilhouette","embeddable":true,"href":"https:\/\/www.koonings.com\/fr\/wp-json\/wp\/v2\/productsilhouette?post=32180"},{"taxonomy":"productstyle","embeddable":true,"href":"https:\/\/www.koonings.com\/fr\/wp-json\/wp\/v2\/productstyle?post=32180"}],"curies":[{"name":"wp","href":"https:\/\/api.w.org\/{rel}","templated":true}]}}