{"id":32172,"date":"2026-05-06T15:02:46","date_gmt":"2026-05-06T13:02:46","guid":{"rendered":"https:\/\/www.koonings.com\/product\/agora-19-33\/"},"modified":"2026-02-13T12:04:32","modified_gmt":"2026-02-13T11:04:32","slug":"agora-19-33","status":"publish","type":"product","link":"https:\/\/www.koonings.com\/fr\/product\/agora-19-33\/","title":{"rendered":"Agora 19-33"},"content":{"rendered":"<p>Cette robe de mari\u00e9e ivoire d&#8217;Agora pr\u00e9sente une silhouette de sir\u00e8ne. Elle se compose d&#8217;un haut en dentelle transparente avec un d\u00e9collet\u00e9 en V et d&#8217;une jupe en tulle avec des d\u00e9tails en dentelle. Elle pr\u00e9sente en outre un joli d\u00e9collet\u00e9 dans le dos.  <\/p>\n","protected":false},"featured_media":25645,"template":"","meta":{"_acf_changed":false,"ghostkit_customizer_options":"","ghostkit_custom_css":"","ghostkit_custom_js_head":"","ghostkit_custom_js_foot":"","ghostkit_typography":""},"productdetails":[381],"productneck":[351,356],"productcolor":[393,392],"maat":[],"productsupplier":[398],"productsleeve":[359,363],"productcategory":[18],"productsilhouette":[387],"productstyle":[366],"class_list":["post-32172","product","type-product","status-publish","has-post-thumbnail","hentry","productdetails-381","productneck-351","productneck-356","productcolor-393","productcolor-392","productsupplier-agora","productsleeve-359","productsleeve-363","productcategory-trouwjurken","productsilhouette-387","productstyle-366"],"acf":[],"yoast_head":"<!-- This site is optimized with the Yoast SEO plugin v27.3 - https:\/\/yoast.com\/product\/yoast-seo-wordpress\/ -->\n<title>Agora 19-33 | Koonings<\/title>\n<meta name=\"description\" content=\"Cette robe de mari\u00e9e ivoire d&#039;Agora pr\u00e9sente une silhouette de sir\u00e8ne. Elle se compose d&#039;un haut en dentelle transparente avec un d\u00e9collet\u00e9 en V et d&#039;une jupe en tulle avec des d\u00e9tails en dentelle. Elle pr\u00e9sente en outre un joli d\u00e9collet\u00e9 dans le dos.\" \/>\n<meta name=\"robots\" content=\"index, follow, max-snippet:-1, max-image-preview:large, max-video-preview:-1\" \/>\n<link rel=\"canonical\" href=\"https:\/\/www.koonings.com\/fr\/product\/agora-19-33\/\" \/>\n<meta property=\"og:locale\" content=\"fr_FR\" \/>\n<meta property=\"og:type\" content=\"article\" \/>\n<meta property=\"og:title\" content=\"Agora 19-33 | Koonings\" \/>\n<meta property=\"og:description\" content=\"Cette robe de mari\u00e9e ivoire d&#039;Agora pr\u00e9sente une silhouette de sir\u00e8ne. Elle se compose d&#039;un haut en dentelle transparente avec un d\u00e9collet\u00e9 en V et d&#039;une jupe en tulle avec des d\u00e9tails en dentelle. Elle pr\u00e9sente en outre un joli d\u00e9collet\u00e9 dans le dos.\" \/>\n<meta property=\"og:url\" content=\"https:\/\/www.koonings.com\/fr\/product\/agora-19-33\/\" \/>\n<meta property=\"og:site_name\" content=\"Koonings\" \/>\n<meta property=\"article:publisher\" content=\"https:\/\/www.facebook.com\/kooningstheweddingpalace\" \/>\n<meta property=\"og:image\" content=\"https:\/\/www.koonings.com\/wp-content\/uploads\/2024\/11\/24188_c2fc7a2f2b7812da6bc8acee65878434f52d7b5f0ab2deac42a6bc0a54fe6387e3a9f983-scaled.jpeg\" \/>\n\t<meta property=\"og:image:width\" content=\"1809\" \/>\n\t<meta property=\"og:image:height\" content=\"2560\" \/>\n\t<meta property=\"og:image:type\" content=\"image\/jpeg\" \/>\n<meta name=\"twitter:card\" content=\"summary_large_image\" \/>\n<script type=\"application\/ld+json\" class=\"yoast-schema-graph\">{\"@context\":\"https:\\\/\\\/schema.org\",\"@graph\":[{\"@type\":\"WebPage\",\"@id\":\"https:\\\/\\\/www.koonings.com\\\/fr\\\/product\\\/agora-19-33\\\/\",\"url\":\"https:\\\/\\\/www.koonings.com\\\/fr\\\/product\\\/agora-19-33\\\/\",\"name\":\"Agora 19-33 | Koonings\",\"isPartOf\":{\"@id\":\"https:\\\/\\\/www.koonings.com\\\/fr\\\/#website\"},\"primaryImageOfPage\":{\"@id\":\"https:\\\/\\\/www.koonings.com\\\/fr\\\/product\\\/agora-19-33\\\/#primaryimage\"},\"image\":{\"@id\":\"https:\\\/\\\/www.koonings.com\\\/fr\\\/product\\\/agora-19-33\\\/#primaryimage\"},\"thumbnailUrl\":\"https:\\\/\\\/www.koonings.com\\\/wp-content\\\/uploads\\\/2024\\\/11\\\/24188_c2fc7a2f2b7812da6bc8acee65878434f52d7b5f0ab2deac42a6bc0a54fe6387e3a9f983-scaled.jpeg\",\"datePublished\":\"2026-05-06T13:02:46+00:00\",\"description\":\"Cette robe de mari\u00e9e ivoire d'Agora pr\u00e9sente une silhouette de sir\u00e8ne. Elle se compose d'un haut en dentelle transparente avec un d\u00e9collet\u00e9 en V et d'une jupe en tulle avec des d\u00e9tails en dentelle. Elle pr\u00e9sente en outre un joli d\u00e9collet\u00e9 dans le dos.\",\"breadcrumb\":{\"@id\":\"https:\\\/\\\/www.koonings.com\\\/fr\\\/product\\\/agora-19-33\\\/#breadcrumb\"},\"inLanguage\":\"fr-FR\",\"potentialAction\":[{\"@type\":\"ReadAction\",\"target\":[\"https:\\\/\\\/www.koonings.com\\\/fr\\\/product\\\/agora-19-33\\\/\"]}]},{\"@type\":\"ImageObject\",\"inLanguage\":\"fr-FR\",\"@id\":\"https:\\\/\\\/www.koonings.com\\\/fr\\\/product\\\/agora-19-33\\\/#primaryimage\",\"url\":\"https:\\\/\\\/www.koonings.com\\\/wp-content\\\/uploads\\\/2024\\\/11\\\/24188_c2fc7a2f2b7812da6bc8acee65878434f52d7b5f0ab2deac42a6bc0a54fe6387e3a9f983-scaled.jpeg\",\"contentUrl\":\"https:\\\/\\\/www.koonings.com\\\/wp-content\\\/uploads\\\/2024\\\/11\\\/24188_c2fc7a2f2b7812da6bc8acee65878434f52d7b5f0ab2deac42a6bc0a54fe6387e3a9f983-scaled.jpeg\",\"width\":1809,\"height\":2560},{\"@type\":\"BreadcrumbList\",\"@id\":\"https:\\\/\\\/www.koonings.com\\\/fr\\\/product\\\/agora-19-33\\\/#breadcrumb\",\"itemListElement\":[{\"@type\":\"ListItem\",\"position\":1,\"name\":\"Home\",\"item\":\"https:\\\/\\\/www.koonings.com\\\/fr\\\/\"},{\"@type\":\"ListItem\",\"position\":2,\"name\":\"Agora 19-33\"}]},{\"@type\":\"WebSite\",\"@id\":\"https:\\\/\\\/www.koonings.com\\\/fr\\\/#website\",\"url\":\"https:\\\/\\\/www.koonings.com\\\/fr\\\/\",\"name\":\"Koonings\",\"description\":\"De grootste bruidsmodewinkel ter wereld\",\"publisher\":{\"@id\":\"https:\\\/\\\/www.koonings.com\\\/fr\\\/#organization\"},\"potentialAction\":[{\"@type\":\"SearchAction\",\"target\":{\"@type\":\"EntryPoint\",\"urlTemplate\":\"https:\\\/\\\/www.koonings.com\\\/fr\\\/?s={search_term_string}\"},\"query-input\":{\"@type\":\"PropertyValueSpecification\",\"valueRequired\":true,\"valueName\":\"search_term_string\"}}],\"inLanguage\":\"fr-FR\"},{\"@type\":\"Organization\",\"@id\":\"https:\\\/\\\/www.koonings.com\\\/fr\\\/#organization\",\"name\":\"Koonings\",\"url\":\"https:\\\/\\\/www.koonings.com\\\/fr\\\/\",\"logo\":{\"@type\":\"ImageObject\",\"inLanguage\":\"fr-FR\",\"@id\":\"https:\\\/\\\/www.koonings.com\\\/fr\\\/#\\\/schema\\\/logo\\\/image\\\/\",\"url\":\"https:\\\/\\\/www.koonings.com\\\/wp-content\\\/uploads\\\/2024\\\/07\\\/logo.png\",\"contentUrl\":\"https:\\\/\\\/www.koonings.com\\\/wp-content\\\/uploads\\\/2024\\\/07\\\/logo.png\",\"width\":600,\"height\":428,\"caption\":\"Koonings\"},\"image\":{\"@id\":\"https:\\\/\\\/www.koonings.com\\\/fr\\\/#\\\/schema\\\/logo\\\/image\\\/\"},\"sameAs\":[\"https:\\\/\\\/www.facebook.com\\\/kooningstheweddingpalace\",\"https:\\\/\\\/www.instagram.com\\\/kooningstheweddingpalace\",\"https:\\\/\\\/www.pinterest.com\\\/koonings\",\"https:\\\/\\\/www.youtube.com\\\/kooningstheweddingpalace\"]}]}<\/script>\n<!-- \/ Yoast SEO plugin. -->","yoast_head_json":{"title":"Agora 19-33 | Koonings","description":"Cette robe de mari\u00e9e ivoire d'Agora pr\u00e9sente une silhouette de sir\u00e8ne. Elle se compose d'un haut en dentelle transparente avec un d\u00e9collet\u00e9 en V et d'une jupe en tulle avec des d\u00e9tails en dentelle. Elle pr\u00e9sente en outre un joli d\u00e9collet\u00e9 dans le dos.","robots":{"index":"index","follow":"follow","max-snippet":"max-snippet:-1","max-image-preview":"max-image-preview:large","max-video-preview":"max-video-preview:-1"},"canonical":"https:\/\/www.koonings.com\/fr\/product\/agora-19-33\/","og_locale":"fr_FR","og_type":"article","og_title":"Agora 19-33 | Koonings","og_description":"Cette robe de mari\u00e9e ivoire d'Agora pr\u00e9sente une silhouette de sir\u00e8ne. Elle se compose d'un haut en dentelle transparente avec un d\u00e9collet\u00e9 en V et d'une jupe en tulle avec des d\u00e9tails en dentelle. Elle pr\u00e9sente en outre un joli d\u00e9collet\u00e9 dans le dos.","og_url":"https:\/\/www.koonings.com\/fr\/product\/agora-19-33\/","og_site_name":"Koonings","article_publisher":"https:\/\/www.facebook.com\/kooningstheweddingpalace","og_image":[{"width":1809,"height":2560,"url":"https:\/\/www.koonings.com\/wp-content\/uploads\/2024\/11\/24188_c2fc7a2f2b7812da6bc8acee65878434f52d7b5f0ab2deac42a6bc0a54fe6387e3a9f983-scaled.jpeg","type":"image\/jpeg"}],"twitter_card":"summary_large_image","schema":{"@context":"https:\/\/schema.org","@graph":[{"@type":"WebPage","@id":"https:\/\/www.koonings.com\/fr\/product\/agora-19-33\/","url":"https:\/\/www.koonings.com\/fr\/product\/agora-19-33\/","name":"Agora 19-33 | Koonings","isPartOf":{"@id":"https:\/\/www.koonings.com\/fr\/#website"},"primaryImageOfPage":{"@id":"https:\/\/www.koonings.com\/fr\/product\/agora-19-33\/#primaryimage"},"image":{"@id":"https:\/\/www.koonings.com\/fr\/product\/agora-19-33\/#primaryimage"},"thumbnailUrl":"https:\/\/www.koonings.com\/wp-content\/uploads\/2024\/11\/24188_c2fc7a2f2b7812da6bc8acee65878434f52d7b5f0ab2deac42a6bc0a54fe6387e3a9f983-scaled.jpeg","datePublished":"2026-05-06T13:02:46+00:00","description":"Cette robe de mari\u00e9e ivoire d'Agora pr\u00e9sente une silhouette de sir\u00e8ne. Elle se compose d'un haut en dentelle transparente avec un d\u00e9collet\u00e9 en V et d'une jupe en tulle avec des d\u00e9tails en dentelle. Elle pr\u00e9sente en outre un joli d\u00e9collet\u00e9 dans le dos.","breadcrumb":{"@id":"https:\/\/www.koonings.com\/fr\/product\/agora-19-33\/#breadcrumb"},"inLanguage":"fr-FR","potentialAction":[{"@type":"ReadAction","target":["https:\/\/www.koonings.com\/fr\/product\/agora-19-33\/"]}]},{"@type":"ImageObject","inLanguage":"fr-FR","@id":"https:\/\/www.koonings.com\/fr\/product\/agora-19-33\/#primaryimage","url":"https:\/\/www.koonings.com\/wp-content\/uploads\/2024\/11\/24188_c2fc7a2f2b7812da6bc8acee65878434f52d7b5f0ab2deac42a6bc0a54fe6387e3a9f983-scaled.jpeg","contentUrl":"https:\/\/www.koonings.com\/wp-content\/uploads\/2024\/11\/24188_c2fc7a2f2b7812da6bc8acee65878434f52d7b5f0ab2deac42a6bc0a54fe6387e3a9f983-scaled.jpeg","width":1809,"height":2560},{"@type":"BreadcrumbList","@id":"https:\/\/www.koonings.com\/fr\/product\/agora-19-33\/#breadcrumb","itemListElement":[{"@type":"ListItem","position":1,"name":"Home","item":"https:\/\/www.koonings.com\/fr\/"},{"@type":"ListItem","position":2,"name":"Agora 19-33"}]},{"@type":"WebSite","@id":"https:\/\/www.koonings.com\/fr\/#website","url":"https:\/\/www.koonings.com\/fr\/","name":"Koonings","description":"De grootste bruidsmodewinkel ter wereld","publisher":{"@id":"https:\/\/www.koonings.com\/fr\/#organization"},"potentialAction":[{"@type":"SearchAction","target":{"@type":"EntryPoint","urlTemplate":"https:\/\/www.koonings.com\/fr\/?s={search_term_string}"},"query-input":{"@type":"PropertyValueSpecification","valueRequired":true,"valueName":"search_term_string"}}],"inLanguage":"fr-FR"},{"@type":"Organization","@id":"https:\/\/www.koonings.com\/fr\/#organization","name":"Koonings","url":"https:\/\/www.koonings.com\/fr\/","logo":{"@type":"ImageObject","inLanguage":"fr-FR","@id":"https:\/\/www.koonings.com\/fr\/#\/schema\/logo\/image\/","url":"https:\/\/www.koonings.com\/wp-content\/uploads\/2024\/07\/logo.png","contentUrl":"https:\/\/www.koonings.com\/wp-content\/uploads\/2024\/07\/logo.png","width":600,"height":428,"caption":"Koonings"},"image":{"@id":"https:\/\/www.koonings.com\/fr\/#\/schema\/logo\/image\/"},"sameAs":["https:\/\/www.facebook.com\/kooningstheweddingpalace","https:\/\/www.instagram.com\/kooningstheweddingpalace","https:\/\/www.pinterest.com\/koonings","https:\/\/www.youtube.com\/kooningstheweddingpalace"]}]}},"_links":{"self":[{"href":"https:\/\/www.koonings.com\/fr\/wp-json\/wp\/v2\/product\/32172","targetHints":{"allow":["GET"]}}],"collection":[{"href":"https:\/\/www.koonings.com\/fr\/wp-json\/wp\/v2\/product"}],"about":[{"href":"https:\/\/www.koonings.com\/fr\/wp-json\/wp\/v2\/types\/product"}],"wp:featuredmedia":[{"embeddable":true,"href":"https:\/\/www.koonings.com\/fr\/wp-json\/wp\/v2\/media\/25645"}],"wp:attachment":[{"href":"https:\/\/www.koonings.com\/fr\/wp-json\/wp\/v2\/media?parent=32172"}],"wp:term":[{"taxonomy":"productdetails","embeddable":true,"href":"https:\/\/www.koonings.com\/fr\/wp-json\/wp\/v2\/productdetails?post=32172"},{"taxonomy":"productneck","embeddable":true,"href":"https:\/\/www.koonings.com\/fr\/wp-json\/wp\/v2\/productneck?post=32172"},{"taxonomy":"productcolor","embeddable":true,"href":"https:\/\/www.koonings.com\/fr\/wp-json\/wp\/v2\/productcolor?post=32172"},{"taxonomy":"maat","embeddable":true,"href":"https:\/\/www.koonings.com\/fr\/wp-json\/wp\/v2\/maat?post=32172"},{"taxonomy":"productsupplier","embeddable":true,"href":"https:\/\/www.koonings.com\/fr\/wp-json\/wp\/v2\/productsupplier?post=32172"},{"taxonomy":"productsleeve","embeddable":true,"href":"https:\/\/www.koonings.com\/fr\/wp-json\/wp\/v2\/productsleeve?post=32172"},{"taxonomy":"productcategory","embeddable":true,"href":"https:\/\/www.koonings.com\/fr\/wp-json\/wp\/v2\/productcategory?post=32172"},{"taxonomy":"productsilhouette","embeddable":true,"href":"https:\/\/www.koonings.com\/fr\/wp-json\/wp\/v2\/productsilhouette?post=32172"},{"taxonomy":"productstyle","embeddable":true,"href":"https:\/\/www.koonings.com\/fr\/wp-json\/wp\/v2\/productstyle?post=32172"}],"curies":[{"name":"wp","href":"https:\/\/api.w.org\/{rel}","templated":true}]}}