{"id":32156,"date":"2026-04-28T18:02:48","date_gmt":"2026-04-28T16:02:48","guid":{"rendered":"https:\/\/www.koonings.com\/product\/estee-bade-47038\/"},"modified":"2026-02-13T12:04:46","modified_gmt":"2026-02-13T11:04:46","slug":"estee-bade-47038","status":"publish","type":"product","link":"https:\/\/www.koonings.com\/fr\/product\/estee-bade-47038\/","title":{"rendered":"Estee Bade 47038"},"content":{"rendered":"<p>Cette robe de mari\u00e9e en dentelle et tulle est tr\u00e8s f\u00e9minine et sexy. La silhouette fine de la robe se transforme juste au-dessus du genou en une jupe large. Le long corsage en dentelle transparente pr\u00e9sente un d\u00e9collet\u00e9 en V et des bretelles \u00e9troites. Le panneau arri\u00e8re, partiellement illusionn\u00e9, se distingue par une fermeture \u00e0 boutons. Enfin, la jupe \u00e0 volants pr\u00e9sente des plis plus larges \u00e0 l&#8217;arri\u00e8re, de sorte que la tra\u00eene tombe joliment, et les grands appliqu\u00e9s de dentelle lui conf\u00e8rent un aspect vibrant.    <\/p>\n","protected":false},"featured_media":25699,"template":"","meta":{"_acf_changed":false,"ghostkit_customizer_options":"","ghostkit_custom_css":"","ghostkit_custom_js_head":"","ghostkit_custom_js_foot":"","ghostkit_typography":""},"productdetails":[376,381],"productneck":[356],"productcolor":[393,392],"maat":[],"productsupplier":[418],"productsleeve":[359],"productcategory":[18],"productsilhouette":[387,390],"productstyle":[366],"class_list":["post-32156","product","type-product","status-publish","has-post-thumbnail","hentry","productdetails-376","productdetails-381","productneck-356","productcolor-393","productcolor-392","productsupplier-estee-bade","productsleeve-359","productcategory-trouwjurken","productsilhouette-387","productsilhouette-390","productstyle-366"],"acf":[],"yoast_head":"<!-- This site is optimized with the Yoast SEO plugin v27.3 - https:\/\/yoast.com\/product\/yoast-seo-wordpress\/ -->\n<title>Estee Bade 47038 | Koonings<\/title>\n<meta name=\"description\" content=\"Cette robe de mari\u00e9e en dentelle et tulle est tr\u00e8s f\u00e9minine et sexy. La silhouette fine de la robe se transforme juste au-dessus du genou en une jupe large. Le long corsage en dentelle transparente pr\u00e9sente un d\u00e9collet\u00e9 en V et des bretelles \u00e9troites. Le panneau arri\u00e8re, partiellement illusionn\u00e9, se distingue par une fermeture \u00e0 boutons. Enfin, la jupe \u00e0 volants pr\u00e9sente des plis plus larges \u00e0 l&#039;arri\u00e8re, de sorte que la tra\u00eene tombe joliment, et les grands appliqu\u00e9s de dentelle lui conf\u00e8rent un aspect vibrant.\" \/>\n<meta name=\"robots\" content=\"index, follow, max-snippet:-1, max-image-preview:large, max-video-preview:-1\" \/>\n<link rel=\"canonical\" href=\"https:\/\/www.koonings.com\/fr\/product\/estee-bade-47038\/\" \/>\n<meta property=\"og:locale\" content=\"fr_FR\" \/>\n<meta property=\"og:type\" content=\"article\" \/>\n<meta property=\"og:title\" content=\"Estee Bade 47038 | Koonings\" \/>\n<meta property=\"og:description\" content=\"Cette robe de mari\u00e9e en dentelle et tulle est tr\u00e8s f\u00e9minine et sexy. La silhouette fine de la robe se transforme juste au-dessus du genou en une jupe large. Le long corsage en dentelle transparente pr\u00e9sente un d\u00e9collet\u00e9 en V et des bretelles \u00e9troites. Le panneau arri\u00e8re, partiellement illusionn\u00e9, se distingue par une fermeture \u00e0 boutons. Enfin, la jupe \u00e0 volants pr\u00e9sente des plis plus larges \u00e0 l&#039;arri\u00e8re, de sorte que la tra\u00eene tombe joliment, et les grands appliqu\u00e9s de dentelle lui conf\u00e8rent un aspect vibrant.\" \/>\n<meta property=\"og:url\" content=\"https:\/\/www.koonings.com\/fr\/product\/estee-bade-47038\/\" \/>\n<meta property=\"og:site_name\" content=\"Koonings\" \/>\n<meta property=\"article:publisher\" content=\"https:\/\/www.facebook.com\/kooningstheweddingpalace\" \/>\n<meta property=\"og:image\" content=\"https:\/\/www.koonings.com\/wp-content\/uploads\/2024\/11\/25772_003fb62aa5db1d7351e3c59e45836bde629d231e4307753a7eeb7edb3b68831f63280a41.jpeg\" \/>\n\t<meta property=\"og:image:width\" content=\"750\" \/>\n\t<meta property=\"og:image:height\" content=\"1060\" \/>\n\t<meta property=\"og:image:type\" content=\"image\/jpeg\" \/>\n<meta name=\"twitter:card\" content=\"summary_large_image\" \/>\n<script type=\"application\/ld+json\" class=\"yoast-schema-graph\">{\"@context\":\"https:\\\/\\\/schema.org\",\"@graph\":[{\"@type\":\"WebPage\",\"@id\":\"https:\\\/\\\/www.koonings.com\\\/fr\\\/product\\\/estee-bade-47038\\\/\",\"url\":\"https:\\\/\\\/www.koonings.com\\\/fr\\\/product\\\/estee-bade-47038\\\/\",\"name\":\"Estee Bade 47038 | Koonings\",\"isPartOf\":{\"@id\":\"https:\\\/\\\/www.koonings.com\\\/fr\\\/#website\"},\"primaryImageOfPage\":{\"@id\":\"https:\\\/\\\/www.koonings.com\\\/fr\\\/product\\\/estee-bade-47038\\\/#primaryimage\"},\"image\":{\"@id\":\"https:\\\/\\\/www.koonings.com\\\/fr\\\/product\\\/estee-bade-47038\\\/#primaryimage\"},\"thumbnailUrl\":\"https:\\\/\\\/www.koonings.com\\\/wp-content\\\/uploads\\\/2024\\\/11\\\/25772_003fb62aa5db1d7351e3c59e45836bde629d231e4307753a7eeb7edb3b68831f63280a41.jpeg\",\"datePublished\":\"2026-04-28T16:02:48+00:00\",\"description\":\"Cette robe de mari\u00e9e en dentelle et tulle est tr\u00e8s f\u00e9minine et sexy. La silhouette fine de la robe se transforme juste au-dessus du genou en une jupe large. Le long corsage en dentelle transparente pr\u00e9sente un d\u00e9collet\u00e9 en V et des bretelles \u00e9troites. Le panneau arri\u00e8re, partiellement illusionn\u00e9, se distingue par une fermeture \u00e0 boutons. Enfin, la jupe \u00e0 volants pr\u00e9sente des plis plus larges \u00e0 l'arri\u00e8re, de sorte que la tra\u00eene tombe joliment, et les grands appliqu\u00e9s de dentelle lui conf\u00e8rent un aspect vibrant.\",\"breadcrumb\":{\"@id\":\"https:\\\/\\\/www.koonings.com\\\/fr\\\/product\\\/estee-bade-47038\\\/#breadcrumb\"},\"inLanguage\":\"fr-FR\",\"potentialAction\":[{\"@type\":\"ReadAction\",\"target\":[\"https:\\\/\\\/www.koonings.com\\\/fr\\\/product\\\/estee-bade-47038\\\/\"]}]},{\"@type\":\"ImageObject\",\"inLanguage\":\"fr-FR\",\"@id\":\"https:\\\/\\\/www.koonings.com\\\/fr\\\/product\\\/estee-bade-47038\\\/#primaryimage\",\"url\":\"https:\\\/\\\/www.koonings.com\\\/wp-content\\\/uploads\\\/2024\\\/11\\\/25772_003fb62aa5db1d7351e3c59e45836bde629d231e4307753a7eeb7edb3b68831f63280a41.jpeg\",\"contentUrl\":\"https:\\\/\\\/www.koonings.com\\\/wp-content\\\/uploads\\\/2024\\\/11\\\/25772_003fb62aa5db1d7351e3c59e45836bde629d231e4307753a7eeb7edb3b68831f63280a41.jpeg\",\"width\":750,\"height\":1060},{\"@type\":\"BreadcrumbList\",\"@id\":\"https:\\\/\\\/www.koonings.com\\\/fr\\\/product\\\/estee-bade-47038\\\/#breadcrumb\",\"itemListElement\":[{\"@type\":\"ListItem\",\"position\":1,\"name\":\"Home\",\"item\":\"https:\\\/\\\/www.koonings.com\\\/fr\\\/\"},{\"@type\":\"ListItem\",\"position\":2,\"name\":\"Estee Bade 47038\"}]},{\"@type\":\"WebSite\",\"@id\":\"https:\\\/\\\/www.koonings.com\\\/fr\\\/#website\",\"url\":\"https:\\\/\\\/www.koonings.com\\\/fr\\\/\",\"name\":\"Koonings\",\"description\":\"De grootste bruidsmodewinkel ter wereld\",\"publisher\":{\"@id\":\"https:\\\/\\\/www.koonings.com\\\/fr\\\/#organization\"},\"potentialAction\":[{\"@type\":\"SearchAction\",\"target\":{\"@type\":\"EntryPoint\",\"urlTemplate\":\"https:\\\/\\\/www.koonings.com\\\/fr\\\/?s={search_term_string}\"},\"query-input\":{\"@type\":\"PropertyValueSpecification\",\"valueRequired\":true,\"valueName\":\"search_term_string\"}}],\"inLanguage\":\"fr-FR\"},{\"@type\":\"Organization\",\"@id\":\"https:\\\/\\\/www.koonings.com\\\/fr\\\/#organization\",\"name\":\"Koonings\",\"url\":\"https:\\\/\\\/www.koonings.com\\\/fr\\\/\",\"logo\":{\"@type\":\"ImageObject\",\"inLanguage\":\"fr-FR\",\"@id\":\"https:\\\/\\\/www.koonings.com\\\/fr\\\/#\\\/schema\\\/logo\\\/image\\\/\",\"url\":\"https:\\\/\\\/www.koonings.com\\\/wp-content\\\/uploads\\\/2024\\\/07\\\/logo.png\",\"contentUrl\":\"https:\\\/\\\/www.koonings.com\\\/wp-content\\\/uploads\\\/2024\\\/07\\\/logo.png\",\"width\":600,\"height\":428,\"caption\":\"Koonings\"},\"image\":{\"@id\":\"https:\\\/\\\/www.koonings.com\\\/fr\\\/#\\\/schema\\\/logo\\\/image\\\/\"},\"sameAs\":[\"https:\\\/\\\/www.facebook.com\\\/kooningstheweddingpalace\",\"https:\\\/\\\/www.instagram.com\\\/kooningstheweddingpalace\",\"https:\\\/\\\/www.pinterest.com\\\/koonings\",\"https:\\\/\\\/www.youtube.com\\\/kooningstheweddingpalace\"]}]}<\/script>\n<!-- \/ Yoast SEO plugin. -->","yoast_head_json":{"title":"Estee Bade 47038 | Koonings","description":"Cette robe de mari\u00e9e en dentelle et tulle est tr\u00e8s f\u00e9minine et sexy. La silhouette fine de la robe se transforme juste au-dessus du genou en une jupe large. Le long corsage en dentelle transparente pr\u00e9sente un d\u00e9collet\u00e9 en V et des bretelles \u00e9troites. Le panneau arri\u00e8re, partiellement illusionn\u00e9, se distingue par une fermeture \u00e0 boutons. Enfin, la jupe \u00e0 volants pr\u00e9sente des plis plus larges \u00e0 l'arri\u00e8re, de sorte que la tra\u00eene tombe joliment, et les grands appliqu\u00e9s de dentelle lui conf\u00e8rent un aspect vibrant.","robots":{"index":"index","follow":"follow","max-snippet":"max-snippet:-1","max-image-preview":"max-image-preview:large","max-video-preview":"max-video-preview:-1"},"canonical":"https:\/\/www.koonings.com\/fr\/product\/estee-bade-47038\/","og_locale":"fr_FR","og_type":"article","og_title":"Estee Bade 47038 | Koonings","og_description":"Cette robe de mari\u00e9e en dentelle et tulle est tr\u00e8s f\u00e9minine et sexy. La silhouette fine de la robe se transforme juste au-dessus du genou en une jupe large. Le long corsage en dentelle transparente pr\u00e9sente un d\u00e9collet\u00e9 en V et des bretelles \u00e9troites. Le panneau arri\u00e8re, partiellement illusionn\u00e9, se distingue par une fermeture \u00e0 boutons. Enfin, la jupe \u00e0 volants pr\u00e9sente des plis plus larges \u00e0 l'arri\u00e8re, de sorte que la tra\u00eene tombe joliment, et les grands appliqu\u00e9s de dentelle lui conf\u00e8rent un aspect vibrant.","og_url":"https:\/\/www.koonings.com\/fr\/product\/estee-bade-47038\/","og_site_name":"Koonings","article_publisher":"https:\/\/www.facebook.com\/kooningstheweddingpalace","og_image":[{"width":750,"height":1060,"url":"https:\/\/www.koonings.com\/wp-content\/uploads\/2024\/11\/25772_003fb62aa5db1d7351e3c59e45836bde629d231e4307753a7eeb7edb3b68831f63280a41.jpeg","type":"image\/jpeg"}],"twitter_card":"summary_large_image","schema":{"@context":"https:\/\/schema.org","@graph":[{"@type":"WebPage","@id":"https:\/\/www.koonings.com\/fr\/product\/estee-bade-47038\/","url":"https:\/\/www.koonings.com\/fr\/product\/estee-bade-47038\/","name":"Estee Bade 47038 | Koonings","isPartOf":{"@id":"https:\/\/www.koonings.com\/fr\/#website"},"primaryImageOfPage":{"@id":"https:\/\/www.koonings.com\/fr\/product\/estee-bade-47038\/#primaryimage"},"image":{"@id":"https:\/\/www.koonings.com\/fr\/product\/estee-bade-47038\/#primaryimage"},"thumbnailUrl":"https:\/\/www.koonings.com\/wp-content\/uploads\/2024\/11\/25772_003fb62aa5db1d7351e3c59e45836bde629d231e4307753a7eeb7edb3b68831f63280a41.jpeg","datePublished":"2026-04-28T16:02:48+00:00","description":"Cette robe de mari\u00e9e en dentelle et tulle est tr\u00e8s f\u00e9minine et sexy. La silhouette fine de la robe se transforme juste au-dessus du genou en une jupe large. Le long corsage en dentelle transparente pr\u00e9sente un d\u00e9collet\u00e9 en V et des bretelles \u00e9troites. Le panneau arri\u00e8re, partiellement illusionn\u00e9, se distingue par une fermeture \u00e0 boutons. Enfin, la jupe \u00e0 volants pr\u00e9sente des plis plus larges \u00e0 l'arri\u00e8re, de sorte que la tra\u00eene tombe joliment, et les grands appliqu\u00e9s de dentelle lui conf\u00e8rent un aspect vibrant.","breadcrumb":{"@id":"https:\/\/www.koonings.com\/fr\/product\/estee-bade-47038\/#breadcrumb"},"inLanguage":"fr-FR","potentialAction":[{"@type":"ReadAction","target":["https:\/\/www.koonings.com\/fr\/product\/estee-bade-47038\/"]}]},{"@type":"ImageObject","inLanguage":"fr-FR","@id":"https:\/\/www.koonings.com\/fr\/product\/estee-bade-47038\/#primaryimage","url":"https:\/\/www.koonings.com\/wp-content\/uploads\/2024\/11\/25772_003fb62aa5db1d7351e3c59e45836bde629d231e4307753a7eeb7edb3b68831f63280a41.jpeg","contentUrl":"https:\/\/www.koonings.com\/wp-content\/uploads\/2024\/11\/25772_003fb62aa5db1d7351e3c59e45836bde629d231e4307753a7eeb7edb3b68831f63280a41.jpeg","width":750,"height":1060},{"@type":"BreadcrumbList","@id":"https:\/\/www.koonings.com\/fr\/product\/estee-bade-47038\/#breadcrumb","itemListElement":[{"@type":"ListItem","position":1,"name":"Home","item":"https:\/\/www.koonings.com\/fr\/"},{"@type":"ListItem","position":2,"name":"Estee Bade 47038"}]},{"@type":"WebSite","@id":"https:\/\/www.koonings.com\/fr\/#website","url":"https:\/\/www.koonings.com\/fr\/","name":"Koonings","description":"De grootste bruidsmodewinkel ter wereld","publisher":{"@id":"https:\/\/www.koonings.com\/fr\/#organization"},"potentialAction":[{"@type":"SearchAction","target":{"@type":"EntryPoint","urlTemplate":"https:\/\/www.koonings.com\/fr\/?s={search_term_string}"},"query-input":{"@type":"PropertyValueSpecification","valueRequired":true,"valueName":"search_term_string"}}],"inLanguage":"fr-FR"},{"@type":"Organization","@id":"https:\/\/www.koonings.com\/fr\/#organization","name":"Koonings","url":"https:\/\/www.koonings.com\/fr\/","logo":{"@type":"ImageObject","inLanguage":"fr-FR","@id":"https:\/\/www.koonings.com\/fr\/#\/schema\/logo\/image\/","url":"https:\/\/www.koonings.com\/wp-content\/uploads\/2024\/07\/logo.png","contentUrl":"https:\/\/www.koonings.com\/wp-content\/uploads\/2024\/07\/logo.png","width":600,"height":428,"caption":"Koonings"},"image":{"@id":"https:\/\/www.koonings.com\/fr\/#\/schema\/logo\/image\/"},"sameAs":["https:\/\/www.facebook.com\/kooningstheweddingpalace","https:\/\/www.instagram.com\/kooningstheweddingpalace","https:\/\/www.pinterest.com\/koonings","https:\/\/www.youtube.com\/kooningstheweddingpalace"]}]}},"_links":{"self":[{"href":"https:\/\/www.koonings.com\/fr\/wp-json\/wp\/v2\/product\/32156","targetHints":{"allow":["GET"]}}],"collection":[{"href":"https:\/\/www.koonings.com\/fr\/wp-json\/wp\/v2\/product"}],"about":[{"href":"https:\/\/www.koonings.com\/fr\/wp-json\/wp\/v2\/types\/product"}],"wp:featuredmedia":[{"embeddable":true,"href":"https:\/\/www.koonings.com\/fr\/wp-json\/wp\/v2\/media\/25699"}],"wp:attachment":[{"href":"https:\/\/www.koonings.com\/fr\/wp-json\/wp\/v2\/media?parent=32156"}],"wp:term":[{"taxonomy":"productdetails","embeddable":true,"href":"https:\/\/www.koonings.com\/fr\/wp-json\/wp\/v2\/productdetails?post=32156"},{"taxonomy":"productneck","embeddable":true,"href":"https:\/\/www.koonings.com\/fr\/wp-json\/wp\/v2\/productneck?post=32156"},{"taxonomy":"productcolor","embeddable":true,"href":"https:\/\/www.koonings.com\/fr\/wp-json\/wp\/v2\/productcolor?post=32156"},{"taxonomy":"maat","embeddable":true,"href":"https:\/\/www.koonings.com\/fr\/wp-json\/wp\/v2\/maat?post=32156"},{"taxonomy":"productsupplier","embeddable":true,"href":"https:\/\/www.koonings.com\/fr\/wp-json\/wp\/v2\/productsupplier?post=32156"},{"taxonomy":"productsleeve","embeddable":true,"href":"https:\/\/www.koonings.com\/fr\/wp-json\/wp\/v2\/productsleeve?post=32156"},{"taxonomy":"productcategory","embeddable":true,"href":"https:\/\/www.koonings.com\/fr\/wp-json\/wp\/v2\/productcategory?post=32156"},{"taxonomy":"productsilhouette","embeddable":true,"href":"https:\/\/www.koonings.com\/fr\/wp-json\/wp\/v2\/productsilhouette?post=32156"},{"taxonomy":"productstyle","embeddable":true,"href":"https:\/\/www.koonings.com\/fr\/wp-json\/wp\/v2\/productstyle?post=32156"}],"curies":[{"name":"wp","href":"https:\/\/api.w.org\/{rel}","templated":true}]}}