{"id":32137,"date":"2026-04-28T18:02:49","date_gmt":"2026-04-28T16:02:49","guid":{"rendered":"https:\/\/www.koonings.com\/product\/estee-bade-47177\/"},"modified":"2026-02-16T11:29:59","modified_gmt":"2026-02-16T10:29:59","slug":"estee-bade-47177","status":"publish","type":"product","link":"https:\/\/www.koonings.com\/fr\/product\/estee-bade-47177\/","title":{"rendered":"Estee Bade 47177"},"content":{"rendered":"<p>Moderne et romantique \u00e0 la fois, c&#8217;est ce que d\u00e9gage cette robe de mari\u00e9e en dentelle de forme A. Cette robe est tout \u00e0 fait \u00e0 la hauteur avec son d\u00e9collet\u00e9 en V et son dos d\u00e9collet\u00e9. Cette robe y r\u00e9pond parfaitement avec son d\u00e9collet\u00e9 en V et son dos rond et bas. La dentelle d\u00e9corative souligne la coupe sp\u00e9ciale du corsage. Ce dernier contraste magnifiquement avec l&#8217;utilisation beaucoup plus fine de la dentelle dans la large jupe \u00e0 volants.   <\/p>\n","protected":false},"featured_media":25730,"template":"","meta":{"_acf_changed":false,"ghostkit_customizer_options":"","ghostkit_custom_css":"","ghostkit_custom_js_head":"","ghostkit_custom_js_foot":"","ghostkit_typography":""},"productdetails":[381],"productneck":[356],"productcolor":[392],"maat":[],"productsupplier":[418],"productsleeve":[359],"productcategory":[18],"productsilhouette":[384],"productstyle":[366],"class_list":["post-32137","product","type-product","status-publish","has-post-thumbnail","hentry","productdetails-381","productneck-356","productcolor-392","productsupplier-estee-bade","productsleeve-359","productcategory-trouwjurken","productsilhouette-384","productstyle-366"],"acf":[],"yoast_head":"<!-- This site is optimized with the Yoast SEO plugin v27.3 - https:\/\/yoast.com\/product\/yoast-seo-wordpress\/ -->\n<title>Estee Bade 47177 | Koonings<\/title>\n<meta name=\"description\" content=\"Moderne et romantique \u00e0 la fois, c&#039;est ce que d\u00e9gage cette robe de mari\u00e9e en dentelle de forme A. Cette robe est tout \u00e0 fait \u00e0 la hauteur avec son d\u00e9collet\u00e9 en V et son dos d\u00e9collet\u00e9. Cette robe y r\u00e9pond parfaitement avec son d\u00e9collet\u00e9 en V et son dos rond et bas. La dentelle d\u00e9corative souligne la coupe sp\u00e9ciale du corsage. Ce dernier contraste magnifiquement avec l&#039;utilisation beaucoup plus fine de la dentelle dans la large jupe \u00e0 volants.\" \/>\n<meta name=\"robots\" content=\"index, follow, max-snippet:-1, max-image-preview:large, max-video-preview:-1\" \/>\n<link rel=\"canonical\" href=\"https:\/\/www.koonings.com\/fr\/product\/estee-bade-47177\/\" \/>\n<meta property=\"og:locale\" content=\"fr_FR\" \/>\n<meta property=\"og:type\" content=\"article\" \/>\n<meta property=\"og:title\" content=\"Estee Bade 47177 | Koonings\" \/>\n<meta property=\"og:description\" content=\"Moderne et romantique \u00e0 la fois, c&#039;est ce que d\u00e9gage cette robe de mari\u00e9e en dentelle de forme A. Cette robe est tout \u00e0 fait \u00e0 la hauteur avec son d\u00e9collet\u00e9 en V et son dos d\u00e9collet\u00e9. Cette robe y r\u00e9pond parfaitement avec son d\u00e9collet\u00e9 en V et son dos rond et bas. La dentelle d\u00e9corative souligne la coupe sp\u00e9ciale du corsage. Ce dernier contraste magnifiquement avec l&#039;utilisation beaucoup plus fine de la dentelle dans la large jupe \u00e0 volants.\" \/>\n<meta property=\"og:url\" content=\"https:\/\/www.koonings.com\/fr\/product\/estee-bade-47177\/\" \/>\n<meta property=\"og:site_name\" content=\"Koonings\" \/>\n<meta property=\"article:publisher\" content=\"https:\/\/www.facebook.com\/kooningstheweddingpalace\" \/>\n<meta property=\"og:image\" content=\"https:\/\/www.koonings.com\/wp-content\/uploads\/2024\/11\/25775_b5b5f5539b3fa8ba162f5b317f19d9ccd7006f6e99507a05b22a85baa37b7cedd3404f35.jpeg\" \/>\n\t<meta property=\"og:image:width\" content=\"834\" \/>\n\t<meta property=\"og:image:height\" content=\"1179\" \/>\n\t<meta property=\"og:image:type\" content=\"image\/jpeg\" \/>\n<meta name=\"twitter:card\" content=\"summary_large_image\" \/>\n<script type=\"application\/ld+json\" class=\"yoast-schema-graph\">{\"@context\":\"https:\\\/\\\/schema.org\",\"@graph\":[{\"@type\":\"WebPage\",\"@id\":\"https:\\\/\\\/www.koonings.com\\\/fr\\\/product\\\/estee-bade-47177\\\/\",\"url\":\"https:\\\/\\\/www.koonings.com\\\/fr\\\/product\\\/estee-bade-47177\\\/\",\"name\":\"Estee Bade 47177 | Koonings\",\"isPartOf\":{\"@id\":\"https:\\\/\\\/www.koonings.com\\\/fr\\\/#website\"},\"primaryImageOfPage\":{\"@id\":\"https:\\\/\\\/www.koonings.com\\\/fr\\\/product\\\/estee-bade-47177\\\/#primaryimage\"},\"image\":{\"@id\":\"https:\\\/\\\/www.koonings.com\\\/fr\\\/product\\\/estee-bade-47177\\\/#primaryimage\"},\"thumbnailUrl\":\"https:\\\/\\\/www.koonings.com\\\/wp-content\\\/uploads\\\/2024\\\/11\\\/25775_b5b5f5539b3fa8ba162f5b317f19d9ccd7006f6e99507a05b22a85baa37b7cedd3404f35.jpeg\",\"datePublished\":\"2026-04-28T16:02:49+00:00\",\"description\":\"Moderne et romantique \u00e0 la fois, c'est ce que d\u00e9gage cette robe de mari\u00e9e en dentelle de forme A. Cette robe est tout \u00e0 fait \u00e0 la hauteur avec son d\u00e9collet\u00e9 en V et son dos d\u00e9collet\u00e9. Cette robe y r\u00e9pond parfaitement avec son d\u00e9collet\u00e9 en V et son dos rond et bas. La dentelle d\u00e9corative souligne la coupe sp\u00e9ciale du corsage. Ce dernier contraste magnifiquement avec l'utilisation beaucoup plus fine de la dentelle dans la large jupe \u00e0 volants.\",\"breadcrumb\":{\"@id\":\"https:\\\/\\\/www.koonings.com\\\/fr\\\/product\\\/estee-bade-47177\\\/#breadcrumb\"},\"inLanguage\":\"fr-FR\",\"potentialAction\":[{\"@type\":\"ReadAction\",\"target\":[\"https:\\\/\\\/www.koonings.com\\\/fr\\\/product\\\/estee-bade-47177\\\/\"]}]},{\"@type\":\"ImageObject\",\"inLanguage\":\"fr-FR\",\"@id\":\"https:\\\/\\\/www.koonings.com\\\/fr\\\/product\\\/estee-bade-47177\\\/#primaryimage\",\"url\":\"https:\\\/\\\/www.koonings.com\\\/wp-content\\\/uploads\\\/2024\\\/11\\\/25775_b5b5f5539b3fa8ba162f5b317f19d9ccd7006f6e99507a05b22a85baa37b7cedd3404f35.jpeg\",\"contentUrl\":\"https:\\\/\\\/www.koonings.com\\\/wp-content\\\/uploads\\\/2024\\\/11\\\/25775_b5b5f5539b3fa8ba162f5b317f19d9ccd7006f6e99507a05b22a85baa37b7cedd3404f35.jpeg\",\"width\":834,\"height\":1179},{\"@type\":\"BreadcrumbList\",\"@id\":\"https:\\\/\\\/www.koonings.com\\\/fr\\\/product\\\/estee-bade-47177\\\/#breadcrumb\",\"itemListElement\":[{\"@type\":\"ListItem\",\"position\":1,\"name\":\"Home\",\"item\":\"https:\\\/\\\/www.koonings.com\\\/fr\\\/\"},{\"@type\":\"ListItem\",\"position\":2,\"name\":\"Estee Bade 47177\"}]},{\"@type\":\"WebSite\",\"@id\":\"https:\\\/\\\/www.koonings.com\\\/fr\\\/#website\",\"url\":\"https:\\\/\\\/www.koonings.com\\\/fr\\\/\",\"name\":\"Koonings\",\"description\":\"De grootste bruidsmodewinkel ter wereld\",\"publisher\":{\"@id\":\"https:\\\/\\\/www.koonings.com\\\/fr\\\/#organization\"},\"potentialAction\":[{\"@type\":\"SearchAction\",\"target\":{\"@type\":\"EntryPoint\",\"urlTemplate\":\"https:\\\/\\\/www.koonings.com\\\/fr\\\/?s={search_term_string}\"},\"query-input\":{\"@type\":\"PropertyValueSpecification\",\"valueRequired\":true,\"valueName\":\"search_term_string\"}}],\"inLanguage\":\"fr-FR\"},{\"@type\":\"Organization\",\"@id\":\"https:\\\/\\\/www.koonings.com\\\/fr\\\/#organization\",\"name\":\"Koonings\",\"url\":\"https:\\\/\\\/www.koonings.com\\\/fr\\\/\",\"logo\":{\"@type\":\"ImageObject\",\"inLanguage\":\"fr-FR\",\"@id\":\"https:\\\/\\\/www.koonings.com\\\/fr\\\/#\\\/schema\\\/logo\\\/image\\\/\",\"url\":\"https:\\\/\\\/www.koonings.com\\\/wp-content\\\/uploads\\\/2024\\\/07\\\/logo.png\",\"contentUrl\":\"https:\\\/\\\/www.koonings.com\\\/wp-content\\\/uploads\\\/2024\\\/07\\\/logo.png\",\"width\":600,\"height\":428,\"caption\":\"Koonings\"},\"image\":{\"@id\":\"https:\\\/\\\/www.koonings.com\\\/fr\\\/#\\\/schema\\\/logo\\\/image\\\/\"},\"sameAs\":[\"https:\\\/\\\/www.facebook.com\\\/kooningstheweddingpalace\",\"https:\\\/\\\/www.instagram.com\\\/kooningstheweddingpalace\",\"https:\\\/\\\/www.pinterest.com\\\/koonings\",\"https:\\\/\\\/www.youtube.com\\\/kooningstheweddingpalace\"]}]}<\/script>\n<!-- \/ Yoast SEO plugin. -->","yoast_head_json":{"title":"Estee Bade 47177 | Koonings","description":"Moderne et romantique \u00e0 la fois, c'est ce que d\u00e9gage cette robe de mari\u00e9e en dentelle de forme A. Cette robe est tout \u00e0 fait \u00e0 la hauteur avec son d\u00e9collet\u00e9 en V et son dos d\u00e9collet\u00e9. Cette robe y r\u00e9pond parfaitement avec son d\u00e9collet\u00e9 en V et son dos rond et bas. La dentelle d\u00e9corative souligne la coupe sp\u00e9ciale du corsage. Ce dernier contraste magnifiquement avec l'utilisation beaucoup plus fine de la dentelle dans la large jupe \u00e0 volants.","robots":{"index":"index","follow":"follow","max-snippet":"max-snippet:-1","max-image-preview":"max-image-preview:large","max-video-preview":"max-video-preview:-1"},"canonical":"https:\/\/www.koonings.com\/fr\/product\/estee-bade-47177\/","og_locale":"fr_FR","og_type":"article","og_title":"Estee Bade 47177 | Koonings","og_description":"Moderne et romantique \u00e0 la fois, c'est ce que d\u00e9gage cette robe de mari\u00e9e en dentelle de forme A. Cette robe est tout \u00e0 fait \u00e0 la hauteur avec son d\u00e9collet\u00e9 en V et son dos d\u00e9collet\u00e9. Cette robe y r\u00e9pond parfaitement avec son d\u00e9collet\u00e9 en V et son dos rond et bas. La dentelle d\u00e9corative souligne la coupe sp\u00e9ciale du corsage. Ce dernier contraste magnifiquement avec l'utilisation beaucoup plus fine de la dentelle dans la large jupe \u00e0 volants.","og_url":"https:\/\/www.koonings.com\/fr\/product\/estee-bade-47177\/","og_site_name":"Koonings","article_publisher":"https:\/\/www.facebook.com\/kooningstheweddingpalace","og_image":[{"width":834,"height":1179,"url":"https:\/\/www.koonings.com\/wp-content\/uploads\/2024\/11\/25775_b5b5f5539b3fa8ba162f5b317f19d9ccd7006f6e99507a05b22a85baa37b7cedd3404f35.jpeg","type":"image\/jpeg"}],"twitter_card":"summary_large_image","schema":{"@context":"https:\/\/schema.org","@graph":[{"@type":"WebPage","@id":"https:\/\/www.koonings.com\/fr\/product\/estee-bade-47177\/","url":"https:\/\/www.koonings.com\/fr\/product\/estee-bade-47177\/","name":"Estee Bade 47177 | Koonings","isPartOf":{"@id":"https:\/\/www.koonings.com\/fr\/#website"},"primaryImageOfPage":{"@id":"https:\/\/www.koonings.com\/fr\/product\/estee-bade-47177\/#primaryimage"},"image":{"@id":"https:\/\/www.koonings.com\/fr\/product\/estee-bade-47177\/#primaryimage"},"thumbnailUrl":"https:\/\/www.koonings.com\/wp-content\/uploads\/2024\/11\/25775_b5b5f5539b3fa8ba162f5b317f19d9ccd7006f6e99507a05b22a85baa37b7cedd3404f35.jpeg","datePublished":"2026-04-28T16:02:49+00:00","description":"Moderne et romantique \u00e0 la fois, c'est ce que d\u00e9gage cette robe de mari\u00e9e en dentelle de forme A. Cette robe est tout \u00e0 fait \u00e0 la hauteur avec son d\u00e9collet\u00e9 en V et son dos d\u00e9collet\u00e9. Cette robe y r\u00e9pond parfaitement avec son d\u00e9collet\u00e9 en V et son dos rond et bas. La dentelle d\u00e9corative souligne la coupe sp\u00e9ciale du corsage. Ce dernier contraste magnifiquement avec l'utilisation beaucoup plus fine de la dentelle dans la large jupe \u00e0 volants.","breadcrumb":{"@id":"https:\/\/www.koonings.com\/fr\/product\/estee-bade-47177\/#breadcrumb"},"inLanguage":"fr-FR","potentialAction":[{"@type":"ReadAction","target":["https:\/\/www.koonings.com\/fr\/product\/estee-bade-47177\/"]}]},{"@type":"ImageObject","inLanguage":"fr-FR","@id":"https:\/\/www.koonings.com\/fr\/product\/estee-bade-47177\/#primaryimage","url":"https:\/\/www.koonings.com\/wp-content\/uploads\/2024\/11\/25775_b5b5f5539b3fa8ba162f5b317f19d9ccd7006f6e99507a05b22a85baa37b7cedd3404f35.jpeg","contentUrl":"https:\/\/www.koonings.com\/wp-content\/uploads\/2024\/11\/25775_b5b5f5539b3fa8ba162f5b317f19d9ccd7006f6e99507a05b22a85baa37b7cedd3404f35.jpeg","width":834,"height":1179},{"@type":"BreadcrumbList","@id":"https:\/\/www.koonings.com\/fr\/product\/estee-bade-47177\/#breadcrumb","itemListElement":[{"@type":"ListItem","position":1,"name":"Home","item":"https:\/\/www.koonings.com\/fr\/"},{"@type":"ListItem","position":2,"name":"Estee Bade 47177"}]},{"@type":"WebSite","@id":"https:\/\/www.koonings.com\/fr\/#website","url":"https:\/\/www.koonings.com\/fr\/","name":"Koonings","description":"De grootste bruidsmodewinkel ter wereld","publisher":{"@id":"https:\/\/www.koonings.com\/fr\/#organization"},"potentialAction":[{"@type":"SearchAction","target":{"@type":"EntryPoint","urlTemplate":"https:\/\/www.koonings.com\/fr\/?s={search_term_string}"},"query-input":{"@type":"PropertyValueSpecification","valueRequired":true,"valueName":"search_term_string"}}],"inLanguage":"fr-FR"},{"@type":"Organization","@id":"https:\/\/www.koonings.com\/fr\/#organization","name":"Koonings","url":"https:\/\/www.koonings.com\/fr\/","logo":{"@type":"ImageObject","inLanguage":"fr-FR","@id":"https:\/\/www.koonings.com\/fr\/#\/schema\/logo\/image\/","url":"https:\/\/www.koonings.com\/wp-content\/uploads\/2024\/07\/logo.png","contentUrl":"https:\/\/www.koonings.com\/wp-content\/uploads\/2024\/07\/logo.png","width":600,"height":428,"caption":"Koonings"},"image":{"@id":"https:\/\/www.koonings.com\/fr\/#\/schema\/logo\/image\/"},"sameAs":["https:\/\/www.facebook.com\/kooningstheweddingpalace","https:\/\/www.instagram.com\/kooningstheweddingpalace","https:\/\/www.pinterest.com\/koonings","https:\/\/www.youtube.com\/kooningstheweddingpalace"]}]}},"_links":{"self":[{"href":"https:\/\/www.koonings.com\/fr\/wp-json\/wp\/v2\/product\/32137","targetHints":{"allow":["GET"]}}],"collection":[{"href":"https:\/\/www.koonings.com\/fr\/wp-json\/wp\/v2\/product"}],"about":[{"href":"https:\/\/www.koonings.com\/fr\/wp-json\/wp\/v2\/types\/product"}],"wp:featuredmedia":[{"embeddable":true,"href":"https:\/\/www.koonings.com\/fr\/wp-json\/wp\/v2\/media\/25730"}],"wp:attachment":[{"href":"https:\/\/www.koonings.com\/fr\/wp-json\/wp\/v2\/media?parent=32137"}],"wp:term":[{"taxonomy":"productdetails","embeddable":true,"href":"https:\/\/www.koonings.com\/fr\/wp-json\/wp\/v2\/productdetails?post=32137"},{"taxonomy":"productneck","embeddable":true,"href":"https:\/\/www.koonings.com\/fr\/wp-json\/wp\/v2\/productneck?post=32137"},{"taxonomy":"productcolor","embeddable":true,"href":"https:\/\/www.koonings.com\/fr\/wp-json\/wp\/v2\/productcolor?post=32137"},{"taxonomy":"maat","embeddable":true,"href":"https:\/\/www.koonings.com\/fr\/wp-json\/wp\/v2\/maat?post=32137"},{"taxonomy":"productsupplier","embeddable":true,"href":"https:\/\/www.koonings.com\/fr\/wp-json\/wp\/v2\/productsupplier?post=32137"},{"taxonomy":"productsleeve","embeddable":true,"href":"https:\/\/www.koonings.com\/fr\/wp-json\/wp\/v2\/productsleeve?post=32137"},{"taxonomy":"productcategory","embeddable":true,"href":"https:\/\/www.koonings.com\/fr\/wp-json\/wp\/v2\/productcategory?post=32137"},{"taxonomy":"productsilhouette","embeddable":true,"href":"https:\/\/www.koonings.com\/fr\/wp-json\/wp\/v2\/productsilhouette?post=32137"},{"taxonomy":"productstyle","embeddable":true,"href":"https:\/\/www.koonings.com\/fr\/wp-json\/wp\/v2\/productstyle?post=32137"}],"curies":[{"name":"wp","href":"https:\/\/api.w.org\/{rel}","templated":true}]}}