{"id":32135,"date":"2026-04-28T18:02:50","date_gmt":"2026-04-28T16:02:50","guid":{"rendered":"https:\/\/www.koonings.com\/product\/estee-bade-47184\/"},"modified":"2026-02-16T11:33:31","modified_gmt":"2026-02-16T10:33:31","slug":"estee-bade-47184","status":"publish","type":"product","link":"https:\/\/www.koonings.com\/fr\/product\/estee-bade-47184\/","title":{"rendered":"Estee Bade 47184"},"content":{"rendered":"<p>Tr\u00e8s \u00e9l\u00e9gante, cette robe de mari\u00e9e ligne A avec un corsage en dentelle et une jupe large. Totalement dans la tendance cette saison avec un d\u00e9collet\u00e9 en V et un dos d\u00e9collet\u00e9. La poitrine est accentu\u00e9e par la dentelle qui forme un triangle sur le devant. Les ondulations sur le devant de la jupe sont form\u00e9es pour mettre en valeur le triangle du corsage. Dans le dos, la tra\u00eene tourbillonnante, compos\u00e9e de plusieurs couches, retient toute l&#8217;attention.    <\/p>\n","protected":false},"featured_media":25748,"template":"","meta":{"_acf_changed":false,"ghostkit_customizer_options":"","ghostkit_custom_css":"","ghostkit_custom_js_head":"","ghostkit_custom_js_foot":"","ghostkit_typography":""},"productdetails":[],"productneck":[356],"productcolor":[392],"maat":[],"productsupplier":[418],"productsleeve":[359],"productcategory":[18],"productsilhouette":[384],"productstyle":[366],"class_list":["post-32135","product","type-product","status-publish","has-post-thumbnail","hentry","productneck-356","productcolor-392","productsupplier-estee-bade","productsleeve-359","productcategory-trouwjurken","productsilhouette-384","productstyle-366"],"acf":[],"yoast_head":"<!-- This site is optimized with the Yoast SEO plugin v27.3 - https:\/\/yoast.com\/product\/yoast-seo-wordpress\/ -->\n<title>Estee Bade 47184 | Koonings<\/title>\n<meta name=\"description\" content=\"Tr\u00e8s \u00e9l\u00e9gante, cette robe de mari\u00e9e ligne A avec un corsage en dentelle et une jupe large. Totalement dans la tendance cette saison avec un d\u00e9collet\u00e9 en V et un dos d\u00e9collet\u00e9. La poitrine est accentu\u00e9e par la dentelle qui forme un triangle sur le devant. Les ondulations sur le devant de la jupe sont form\u00e9es pour mettre en valeur le triangle du corsage. Dans le dos, la tra\u00eene tourbillonnante, compos\u00e9e de plusieurs couches, retient toute l&#039;attention.\" \/>\n<meta name=\"robots\" content=\"index, follow, max-snippet:-1, max-image-preview:large, max-video-preview:-1\" \/>\n<link rel=\"canonical\" href=\"https:\/\/www.koonings.com\/fr\/product\/estee-bade-47184\/\" \/>\n<meta property=\"og:locale\" content=\"fr_FR\" \/>\n<meta property=\"og:type\" content=\"article\" \/>\n<meta property=\"og:title\" content=\"Estee Bade 47184 | Koonings\" \/>\n<meta property=\"og:description\" content=\"Tr\u00e8s \u00e9l\u00e9gante, cette robe de mari\u00e9e ligne A avec un corsage en dentelle et une jupe large. Totalement dans la tendance cette saison avec un d\u00e9collet\u00e9 en V et un dos d\u00e9collet\u00e9. La poitrine est accentu\u00e9e par la dentelle qui forme un triangle sur le devant. Les ondulations sur le devant de la jupe sont form\u00e9es pour mettre en valeur le triangle du corsage. Dans le dos, la tra\u00eene tourbillonnante, compos\u00e9e de plusieurs couches, retient toute l&#039;attention.\" \/>\n<meta property=\"og:url\" content=\"https:\/\/www.koonings.com\/fr\/product\/estee-bade-47184\/\" \/>\n<meta property=\"og:site_name\" content=\"Koonings\" \/>\n<meta property=\"article:publisher\" content=\"https:\/\/www.facebook.com\/kooningstheweddingpalace\" \/>\n<meta property=\"og:image\" content=\"https:\/\/www.koonings.com\/wp-content\/uploads\/2024\/11\/25785_9cfddd3dfc3ff9d9ebf937295b98ad30ac319ae91075c54eb23ceb989d99033f06d3cb22.jpeg\" \/>\n\t<meta property=\"og:image:width\" content=\"300\" \/>\n\t<meta property=\"og:image:height\" content=\"450\" \/>\n\t<meta property=\"og:image:type\" content=\"image\/jpeg\" \/>\n<meta name=\"twitter:card\" content=\"summary_large_image\" \/>\n<script type=\"application\/ld+json\" class=\"yoast-schema-graph\">{\"@context\":\"https:\\\/\\\/schema.org\",\"@graph\":[{\"@type\":\"WebPage\",\"@id\":\"https:\\\/\\\/www.koonings.com\\\/fr\\\/product\\\/estee-bade-47184\\\/\",\"url\":\"https:\\\/\\\/www.koonings.com\\\/fr\\\/product\\\/estee-bade-47184\\\/\",\"name\":\"Estee Bade 47184 | Koonings\",\"isPartOf\":{\"@id\":\"https:\\\/\\\/www.koonings.com\\\/fr\\\/#website\"},\"primaryImageOfPage\":{\"@id\":\"https:\\\/\\\/www.koonings.com\\\/fr\\\/product\\\/estee-bade-47184\\\/#primaryimage\"},\"image\":{\"@id\":\"https:\\\/\\\/www.koonings.com\\\/fr\\\/product\\\/estee-bade-47184\\\/#primaryimage\"},\"thumbnailUrl\":\"https:\\\/\\\/www.koonings.com\\\/wp-content\\\/uploads\\\/2024\\\/11\\\/25785_9cfddd3dfc3ff9d9ebf937295b98ad30ac319ae91075c54eb23ceb989d99033f06d3cb22.jpeg\",\"datePublished\":\"2026-04-28T16:02:50+00:00\",\"description\":\"Tr\u00e8s \u00e9l\u00e9gante, cette robe de mari\u00e9e ligne A avec un corsage en dentelle et une jupe large. Totalement dans la tendance cette saison avec un d\u00e9collet\u00e9 en V et un dos d\u00e9collet\u00e9. La poitrine est accentu\u00e9e par la dentelle qui forme un triangle sur le devant. Les ondulations sur le devant de la jupe sont form\u00e9es pour mettre en valeur le triangle du corsage. Dans le dos, la tra\u00eene tourbillonnante, compos\u00e9e de plusieurs couches, retient toute l'attention.\",\"breadcrumb\":{\"@id\":\"https:\\\/\\\/www.koonings.com\\\/fr\\\/product\\\/estee-bade-47184\\\/#breadcrumb\"},\"inLanguage\":\"fr-FR\",\"potentialAction\":[{\"@type\":\"ReadAction\",\"target\":[\"https:\\\/\\\/www.koonings.com\\\/fr\\\/product\\\/estee-bade-47184\\\/\"]}]},{\"@type\":\"ImageObject\",\"inLanguage\":\"fr-FR\",\"@id\":\"https:\\\/\\\/www.koonings.com\\\/fr\\\/product\\\/estee-bade-47184\\\/#primaryimage\",\"url\":\"https:\\\/\\\/www.koonings.com\\\/wp-content\\\/uploads\\\/2024\\\/11\\\/25785_9cfddd3dfc3ff9d9ebf937295b98ad30ac319ae91075c54eb23ceb989d99033f06d3cb22.jpeg\",\"contentUrl\":\"https:\\\/\\\/www.koonings.com\\\/wp-content\\\/uploads\\\/2024\\\/11\\\/25785_9cfddd3dfc3ff9d9ebf937295b98ad30ac319ae91075c54eb23ceb989d99033f06d3cb22.jpeg\",\"width\":300,\"height\":450},{\"@type\":\"BreadcrumbList\",\"@id\":\"https:\\\/\\\/www.koonings.com\\\/fr\\\/product\\\/estee-bade-47184\\\/#breadcrumb\",\"itemListElement\":[{\"@type\":\"ListItem\",\"position\":1,\"name\":\"Home\",\"item\":\"https:\\\/\\\/www.koonings.com\\\/fr\\\/\"},{\"@type\":\"ListItem\",\"position\":2,\"name\":\"Estee Bade 47184\"}]},{\"@type\":\"WebSite\",\"@id\":\"https:\\\/\\\/www.koonings.com\\\/fr\\\/#website\",\"url\":\"https:\\\/\\\/www.koonings.com\\\/fr\\\/\",\"name\":\"Koonings\",\"description\":\"De grootste bruidsmodewinkel ter wereld\",\"publisher\":{\"@id\":\"https:\\\/\\\/www.koonings.com\\\/fr\\\/#organization\"},\"potentialAction\":[{\"@type\":\"SearchAction\",\"target\":{\"@type\":\"EntryPoint\",\"urlTemplate\":\"https:\\\/\\\/www.koonings.com\\\/fr\\\/?s={search_term_string}\"},\"query-input\":{\"@type\":\"PropertyValueSpecification\",\"valueRequired\":true,\"valueName\":\"search_term_string\"}}],\"inLanguage\":\"fr-FR\"},{\"@type\":\"Organization\",\"@id\":\"https:\\\/\\\/www.koonings.com\\\/fr\\\/#organization\",\"name\":\"Koonings\",\"url\":\"https:\\\/\\\/www.koonings.com\\\/fr\\\/\",\"logo\":{\"@type\":\"ImageObject\",\"inLanguage\":\"fr-FR\",\"@id\":\"https:\\\/\\\/www.koonings.com\\\/fr\\\/#\\\/schema\\\/logo\\\/image\\\/\",\"url\":\"https:\\\/\\\/www.koonings.com\\\/wp-content\\\/uploads\\\/2024\\\/07\\\/logo.png\",\"contentUrl\":\"https:\\\/\\\/www.koonings.com\\\/wp-content\\\/uploads\\\/2024\\\/07\\\/logo.png\",\"width\":600,\"height\":428,\"caption\":\"Koonings\"},\"image\":{\"@id\":\"https:\\\/\\\/www.koonings.com\\\/fr\\\/#\\\/schema\\\/logo\\\/image\\\/\"},\"sameAs\":[\"https:\\\/\\\/www.facebook.com\\\/kooningstheweddingpalace\",\"https:\\\/\\\/www.instagram.com\\\/kooningstheweddingpalace\",\"https:\\\/\\\/www.pinterest.com\\\/koonings\",\"https:\\\/\\\/www.youtube.com\\\/kooningstheweddingpalace\"]}]}<\/script>\n<!-- \/ Yoast SEO plugin. -->","yoast_head_json":{"title":"Estee Bade 47184 | Koonings","description":"Tr\u00e8s \u00e9l\u00e9gante, cette robe de mari\u00e9e ligne A avec un corsage en dentelle et une jupe large. Totalement dans la tendance cette saison avec un d\u00e9collet\u00e9 en V et un dos d\u00e9collet\u00e9. La poitrine est accentu\u00e9e par la dentelle qui forme un triangle sur le devant. Les ondulations sur le devant de la jupe sont form\u00e9es pour mettre en valeur le triangle du corsage. Dans le dos, la tra\u00eene tourbillonnante, compos\u00e9e de plusieurs couches, retient toute l'attention.","robots":{"index":"index","follow":"follow","max-snippet":"max-snippet:-1","max-image-preview":"max-image-preview:large","max-video-preview":"max-video-preview:-1"},"canonical":"https:\/\/www.koonings.com\/fr\/product\/estee-bade-47184\/","og_locale":"fr_FR","og_type":"article","og_title":"Estee Bade 47184 | Koonings","og_description":"Tr\u00e8s \u00e9l\u00e9gante, cette robe de mari\u00e9e ligne A avec un corsage en dentelle et une jupe large. Totalement dans la tendance cette saison avec un d\u00e9collet\u00e9 en V et un dos d\u00e9collet\u00e9. La poitrine est accentu\u00e9e par la dentelle qui forme un triangle sur le devant. Les ondulations sur le devant de la jupe sont form\u00e9es pour mettre en valeur le triangle du corsage. Dans le dos, la tra\u00eene tourbillonnante, compos\u00e9e de plusieurs couches, retient toute l'attention.","og_url":"https:\/\/www.koonings.com\/fr\/product\/estee-bade-47184\/","og_site_name":"Koonings","article_publisher":"https:\/\/www.facebook.com\/kooningstheweddingpalace","og_image":[{"width":300,"height":450,"url":"https:\/\/www.koonings.com\/wp-content\/uploads\/2024\/11\/25785_9cfddd3dfc3ff9d9ebf937295b98ad30ac319ae91075c54eb23ceb989d99033f06d3cb22.jpeg","type":"image\/jpeg"}],"twitter_card":"summary_large_image","schema":{"@context":"https:\/\/schema.org","@graph":[{"@type":"WebPage","@id":"https:\/\/www.koonings.com\/fr\/product\/estee-bade-47184\/","url":"https:\/\/www.koonings.com\/fr\/product\/estee-bade-47184\/","name":"Estee Bade 47184 | Koonings","isPartOf":{"@id":"https:\/\/www.koonings.com\/fr\/#website"},"primaryImageOfPage":{"@id":"https:\/\/www.koonings.com\/fr\/product\/estee-bade-47184\/#primaryimage"},"image":{"@id":"https:\/\/www.koonings.com\/fr\/product\/estee-bade-47184\/#primaryimage"},"thumbnailUrl":"https:\/\/www.koonings.com\/wp-content\/uploads\/2024\/11\/25785_9cfddd3dfc3ff9d9ebf937295b98ad30ac319ae91075c54eb23ceb989d99033f06d3cb22.jpeg","datePublished":"2026-04-28T16:02:50+00:00","description":"Tr\u00e8s \u00e9l\u00e9gante, cette robe de mari\u00e9e ligne A avec un corsage en dentelle et une jupe large. Totalement dans la tendance cette saison avec un d\u00e9collet\u00e9 en V et un dos d\u00e9collet\u00e9. La poitrine est accentu\u00e9e par la dentelle qui forme un triangle sur le devant. Les ondulations sur le devant de la jupe sont form\u00e9es pour mettre en valeur le triangle du corsage. Dans le dos, la tra\u00eene tourbillonnante, compos\u00e9e de plusieurs couches, retient toute l'attention.","breadcrumb":{"@id":"https:\/\/www.koonings.com\/fr\/product\/estee-bade-47184\/#breadcrumb"},"inLanguage":"fr-FR","potentialAction":[{"@type":"ReadAction","target":["https:\/\/www.koonings.com\/fr\/product\/estee-bade-47184\/"]}]},{"@type":"ImageObject","inLanguage":"fr-FR","@id":"https:\/\/www.koonings.com\/fr\/product\/estee-bade-47184\/#primaryimage","url":"https:\/\/www.koonings.com\/wp-content\/uploads\/2024\/11\/25785_9cfddd3dfc3ff9d9ebf937295b98ad30ac319ae91075c54eb23ceb989d99033f06d3cb22.jpeg","contentUrl":"https:\/\/www.koonings.com\/wp-content\/uploads\/2024\/11\/25785_9cfddd3dfc3ff9d9ebf937295b98ad30ac319ae91075c54eb23ceb989d99033f06d3cb22.jpeg","width":300,"height":450},{"@type":"BreadcrumbList","@id":"https:\/\/www.koonings.com\/fr\/product\/estee-bade-47184\/#breadcrumb","itemListElement":[{"@type":"ListItem","position":1,"name":"Home","item":"https:\/\/www.koonings.com\/fr\/"},{"@type":"ListItem","position":2,"name":"Estee Bade 47184"}]},{"@type":"WebSite","@id":"https:\/\/www.koonings.com\/fr\/#website","url":"https:\/\/www.koonings.com\/fr\/","name":"Koonings","description":"De grootste bruidsmodewinkel ter wereld","publisher":{"@id":"https:\/\/www.koonings.com\/fr\/#organization"},"potentialAction":[{"@type":"SearchAction","target":{"@type":"EntryPoint","urlTemplate":"https:\/\/www.koonings.com\/fr\/?s={search_term_string}"},"query-input":{"@type":"PropertyValueSpecification","valueRequired":true,"valueName":"search_term_string"}}],"inLanguage":"fr-FR"},{"@type":"Organization","@id":"https:\/\/www.koonings.com\/fr\/#organization","name":"Koonings","url":"https:\/\/www.koonings.com\/fr\/","logo":{"@type":"ImageObject","inLanguage":"fr-FR","@id":"https:\/\/www.koonings.com\/fr\/#\/schema\/logo\/image\/","url":"https:\/\/www.koonings.com\/wp-content\/uploads\/2024\/07\/logo.png","contentUrl":"https:\/\/www.koonings.com\/wp-content\/uploads\/2024\/07\/logo.png","width":600,"height":428,"caption":"Koonings"},"image":{"@id":"https:\/\/www.koonings.com\/fr\/#\/schema\/logo\/image\/"},"sameAs":["https:\/\/www.facebook.com\/kooningstheweddingpalace","https:\/\/www.instagram.com\/kooningstheweddingpalace","https:\/\/www.pinterest.com\/koonings","https:\/\/www.youtube.com\/kooningstheweddingpalace"]}]}},"_links":{"self":[{"href":"https:\/\/www.koonings.com\/fr\/wp-json\/wp\/v2\/product\/32135","targetHints":{"allow":["GET"]}}],"collection":[{"href":"https:\/\/www.koonings.com\/fr\/wp-json\/wp\/v2\/product"}],"about":[{"href":"https:\/\/www.koonings.com\/fr\/wp-json\/wp\/v2\/types\/product"}],"wp:featuredmedia":[{"embeddable":true,"href":"https:\/\/www.koonings.com\/fr\/wp-json\/wp\/v2\/media\/25748"}],"wp:attachment":[{"href":"https:\/\/www.koonings.com\/fr\/wp-json\/wp\/v2\/media?parent=32135"}],"wp:term":[{"taxonomy":"productdetails","embeddable":true,"href":"https:\/\/www.koonings.com\/fr\/wp-json\/wp\/v2\/productdetails?post=32135"},{"taxonomy":"productneck","embeddable":true,"href":"https:\/\/www.koonings.com\/fr\/wp-json\/wp\/v2\/productneck?post=32135"},{"taxonomy":"productcolor","embeddable":true,"href":"https:\/\/www.koonings.com\/fr\/wp-json\/wp\/v2\/productcolor?post=32135"},{"taxonomy":"maat","embeddable":true,"href":"https:\/\/www.koonings.com\/fr\/wp-json\/wp\/v2\/maat?post=32135"},{"taxonomy":"productsupplier","embeddable":true,"href":"https:\/\/www.koonings.com\/fr\/wp-json\/wp\/v2\/productsupplier?post=32135"},{"taxonomy":"productsleeve","embeddable":true,"href":"https:\/\/www.koonings.com\/fr\/wp-json\/wp\/v2\/productsleeve?post=32135"},{"taxonomy":"productcategory","embeddable":true,"href":"https:\/\/www.koonings.com\/fr\/wp-json\/wp\/v2\/productcategory?post=32135"},{"taxonomy":"productsilhouette","embeddable":true,"href":"https:\/\/www.koonings.com\/fr\/wp-json\/wp\/v2\/productsilhouette?post=32135"},{"taxonomy":"productstyle","embeddable":true,"href":"https:\/\/www.koonings.com\/fr\/wp-json\/wp\/v2\/productstyle?post=32135"}],"curies":[{"name":"wp","href":"https:\/\/api.w.org\/{rel}","templated":true}]}}