{"id":32125,"date":"2026-04-21T18:02:57","date_gmt":"2026-04-21T16:02:57","guid":{"rendered":"https:\/\/www.koonings.com\/product\/ramona-koonings-couture-kn1905-anouk\/"},"modified":"2026-02-16T11:28:54","modified_gmt":"2026-02-16T10:28:54","slug":"ramona-koonings-couture-kn1905-anouk","status":"publish","type":"product","link":"https:\/\/www.koonings.com\/fr\/product\/ramona-koonings-couture-kn1905-anouk\/","title":{"rendered":"Ramona Koonings Couture KN1905 Anouk"},"content":{"rendered":"<p>Cette robe de Ramona Koonings Couture a \u00e9t\u00e9 con\u00e7ue par sa propri\u00e9taire, Ramona Koonings. Il s&#8217;agit d&#8217;une magnifique robe a-line avec un d\u00e9collet\u00e9 en V profond et des bretelles \u00e9troites. La dentelle sur toute la robe et l&#8217;\u00e9clat suppl\u00e9mentaire des pierres scintillantes vous donnent une sensation de glamour. Cette robe est \u00e0 la fois romantique et sexy, id\u00e9ale pour la femme moderne.   <\/p>\n","protected":false},"featured_media":25789,"template":"","meta":{"_acf_changed":false,"ghostkit_customizer_options":"","ghostkit_custom_css":"","ghostkit_custom_js_head":"","ghostkit_custom_js_foot":"","ghostkit_typography":""},"productdetails":[379,380,376],"productneck":[356],"productcolor":[392],"maat":[],"productsupplier":[419],"productsleeve":[359],"productcategory":[18],"productsilhouette":[387,390],"productstyle":[367],"class_list":["post-32125","product","type-product","status-publish","has-post-thumbnail","hentry","productdetails-379","productdetails-380","productdetails-376","productneck-356","productcolor-392","productsupplier-ramona-koonings-couture","productsleeve-359","productcategory-trouwjurken","productsilhouette-387","productsilhouette-390","productstyle-367"],"acf":[],"yoast_head":"<!-- This site is optimized with the Yoast SEO plugin v27.3 - https:\/\/yoast.com\/product\/yoast-seo-wordpress\/ -->\n<title>Ramona Koonings Couture KN1905 Anouk | Koonings<\/title>\n<meta name=\"description\" content=\"Cette robe de Ramona Koonings Couture a \u00e9t\u00e9 con\u00e7ue par sa propri\u00e9taire, Ramona Koonings. Il s&#039;agit d&#039;une magnifique robe a-line avec un d\u00e9collet\u00e9 en V profond et des bretelles \u00e9troites. La dentelle sur toute la robe et l&#039;\u00e9clat suppl\u00e9mentaire des pierres scintillantes vous donnent une sensation de glamour. Cette robe est \u00e0 la fois romantique et sexy, id\u00e9ale pour la femme moderne.\" \/>\n<meta name=\"robots\" content=\"index, follow, max-snippet:-1, max-image-preview:large, max-video-preview:-1\" \/>\n<link rel=\"canonical\" href=\"https:\/\/www.koonings.com\/fr\/product\/ramona-koonings-couture-kn1905-anouk\/\" \/>\n<meta property=\"og:locale\" content=\"fr_FR\" \/>\n<meta property=\"og:type\" content=\"article\" \/>\n<meta property=\"og:title\" content=\"Ramona Koonings Couture KN1905 Anouk | Koonings\" \/>\n<meta property=\"og:description\" content=\"Cette robe de Ramona Koonings Couture a \u00e9t\u00e9 con\u00e7ue par sa propri\u00e9taire, Ramona Koonings. Il s&#039;agit d&#039;une magnifique robe a-line avec un d\u00e9collet\u00e9 en V profond et des bretelles \u00e9troites. La dentelle sur toute la robe et l&#039;\u00e9clat suppl\u00e9mentaire des pierres scintillantes vous donnent une sensation de glamour. Cette robe est \u00e0 la fois romantique et sexy, id\u00e9ale pour la femme moderne.\" \/>\n<meta property=\"og:url\" content=\"https:\/\/www.koonings.com\/fr\/product\/ramona-koonings-couture-kn1905-anouk\/\" \/>\n<meta property=\"og:site_name\" content=\"Koonings\" \/>\n<meta property=\"article:publisher\" content=\"https:\/\/www.facebook.com\/kooningstheweddingpalace\" \/>\n<meta property=\"og:image\" content=\"https:\/\/www.koonings.com\/wp-content\/uploads\/2024\/11\/26382_c10dcbda53718dd84cbb0707aaf6cd9a39a642fced27de145661026eca2051bab2b69b4f-scaled.jpeg\" \/>\n\t<meta property=\"og:image:width\" content=\"1707\" \/>\n\t<meta property=\"og:image:height\" content=\"2560\" \/>\n\t<meta property=\"og:image:type\" content=\"image\/jpeg\" \/>\n<meta name=\"twitter:card\" content=\"summary_large_image\" \/>\n<script type=\"application\/ld+json\" class=\"yoast-schema-graph\">{\"@context\":\"https:\\\/\\\/schema.org\",\"@graph\":[{\"@type\":\"WebPage\",\"@id\":\"https:\\\/\\\/www.koonings.com\\\/fr\\\/product\\\/ramona-koonings-couture-kn1905-anouk\\\/\",\"url\":\"https:\\\/\\\/www.koonings.com\\\/fr\\\/product\\\/ramona-koonings-couture-kn1905-anouk\\\/\",\"name\":\"Ramona Koonings Couture KN1905 Anouk | Koonings\",\"isPartOf\":{\"@id\":\"https:\\\/\\\/www.koonings.com\\\/fr\\\/#website\"},\"primaryImageOfPage\":{\"@id\":\"https:\\\/\\\/www.koonings.com\\\/fr\\\/product\\\/ramona-koonings-couture-kn1905-anouk\\\/#primaryimage\"},\"image\":{\"@id\":\"https:\\\/\\\/www.koonings.com\\\/fr\\\/product\\\/ramona-koonings-couture-kn1905-anouk\\\/#primaryimage\"},\"thumbnailUrl\":\"https:\\\/\\\/www.koonings.com\\\/wp-content\\\/uploads\\\/2024\\\/11\\\/26382_c10dcbda53718dd84cbb0707aaf6cd9a39a642fced27de145661026eca2051bab2b69b4f-scaled.jpeg\",\"datePublished\":\"2026-04-21T16:02:57+00:00\",\"description\":\"Cette robe de Ramona Koonings Couture a \u00e9t\u00e9 con\u00e7ue par sa propri\u00e9taire, Ramona Koonings. Il s'agit d'une magnifique robe a-line avec un d\u00e9collet\u00e9 en V profond et des bretelles \u00e9troites. La dentelle sur toute la robe et l'\u00e9clat suppl\u00e9mentaire des pierres scintillantes vous donnent une sensation de glamour. Cette robe est \u00e0 la fois romantique et sexy, id\u00e9ale pour la femme moderne.\",\"breadcrumb\":{\"@id\":\"https:\\\/\\\/www.koonings.com\\\/fr\\\/product\\\/ramona-koonings-couture-kn1905-anouk\\\/#breadcrumb\"},\"inLanguage\":\"fr-FR\",\"potentialAction\":[{\"@type\":\"ReadAction\",\"target\":[\"https:\\\/\\\/www.koonings.com\\\/fr\\\/product\\\/ramona-koonings-couture-kn1905-anouk\\\/\"]}]},{\"@type\":\"ImageObject\",\"inLanguage\":\"fr-FR\",\"@id\":\"https:\\\/\\\/www.koonings.com\\\/fr\\\/product\\\/ramona-koonings-couture-kn1905-anouk\\\/#primaryimage\",\"url\":\"https:\\\/\\\/www.koonings.com\\\/wp-content\\\/uploads\\\/2024\\\/11\\\/26382_c10dcbda53718dd84cbb0707aaf6cd9a39a642fced27de145661026eca2051bab2b69b4f-scaled.jpeg\",\"contentUrl\":\"https:\\\/\\\/www.koonings.com\\\/wp-content\\\/uploads\\\/2024\\\/11\\\/26382_c10dcbda53718dd84cbb0707aaf6cd9a39a642fced27de145661026eca2051bab2b69b4f-scaled.jpeg\",\"width\":1707,\"height\":2560},{\"@type\":\"BreadcrumbList\",\"@id\":\"https:\\\/\\\/www.koonings.com\\\/fr\\\/product\\\/ramona-koonings-couture-kn1905-anouk\\\/#breadcrumb\",\"itemListElement\":[{\"@type\":\"ListItem\",\"position\":1,\"name\":\"Home\",\"item\":\"https:\\\/\\\/www.koonings.com\\\/fr\\\/\"},{\"@type\":\"ListItem\",\"position\":2,\"name\":\"Ramona Koonings Couture KN1905 Anouk\"}]},{\"@type\":\"WebSite\",\"@id\":\"https:\\\/\\\/www.koonings.com\\\/fr\\\/#website\",\"url\":\"https:\\\/\\\/www.koonings.com\\\/fr\\\/\",\"name\":\"Koonings\",\"description\":\"De grootste bruidsmodewinkel ter wereld\",\"publisher\":{\"@id\":\"https:\\\/\\\/www.koonings.com\\\/fr\\\/#organization\"},\"potentialAction\":[{\"@type\":\"SearchAction\",\"target\":{\"@type\":\"EntryPoint\",\"urlTemplate\":\"https:\\\/\\\/www.koonings.com\\\/fr\\\/?s={search_term_string}\"},\"query-input\":{\"@type\":\"PropertyValueSpecification\",\"valueRequired\":true,\"valueName\":\"search_term_string\"}}],\"inLanguage\":\"fr-FR\"},{\"@type\":\"Organization\",\"@id\":\"https:\\\/\\\/www.koonings.com\\\/fr\\\/#organization\",\"name\":\"Koonings\",\"url\":\"https:\\\/\\\/www.koonings.com\\\/fr\\\/\",\"logo\":{\"@type\":\"ImageObject\",\"inLanguage\":\"fr-FR\",\"@id\":\"https:\\\/\\\/www.koonings.com\\\/fr\\\/#\\\/schema\\\/logo\\\/image\\\/\",\"url\":\"https:\\\/\\\/www.koonings.com\\\/wp-content\\\/uploads\\\/2024\\\/07\\\/logo.png\",\"contentUrl\":\"https:\\\/\\\/www.koonings.com\\\/wp-content\\\/uploads\\\/2024\\\/07\\\/logo.png\",\"width\":600,\"height\":428,\"caption\":\"Koonings\"},\"image\":{\"@id\":\"https:\\\/\\\/www.koonings.com\\\/fr\\\/#\\\/schema\\\/logo\\\/image\\\/\"},\"sameAs\":[\"https:\\\/\\\/www.facebook.com\\\/kooningstheweddingpalace\",\"https:\\\/\\\/www.instagram.com\\\/kooningstheweddingpalace\",\"https:\\\/\\\/www.pinterest.com\\\/koonings\",\"https:\\\/\\\/www.youtube.com\\\/kooningstheweddingpalace\"]}]}<\/script>\n<!-- \/ Yoast SEO plugin. -->","yoast_head_json":{"title":"Ramona Koonings Couture KN1905 Anouk | Koonings","description":"Cette robe de Ramona Koonings Couture a \u00e9t\u00e9 con\u00e7ue par sa propri\u00e9taire, Ramona Koonings. Il s'agit d'une magnifique robe a-line avec un d\u00e9collet\u00e9 en V profond et des bretelles \u00e9troites. La dentelle sur toute la robe et l'\u00e9clat suppl\u00e9mentaire des pierres scintillantes vous donnent une sensation de glamour. Cette robe est \u00e0 la fois romantique et sexy, id\u00e9ale pour la femme moderne.","robots":{"index":"index","follow":"follow","max-snippet":"max-snippet:-1","max-image-preview":"max-image-preview:large","max-video-preview":"max-video-preview:-1"},"canonical":"https:\/\/www.koonings.com\/fr\/product\/ramona-koonings-couture-kn1905-anouk\/","og_locale":"fr_FR","og_type":"article","og_title":"Ramona Koonings Couture KN1905 Anouk | Koonings","og_description":"Cette robe de Ramona Koonings Couture a \u00e9t\u00e9 con\u00e7ue par sa propri\u00e9taire, Ramona Koonings. Il s'agit d'une magnifique robe a-line avec un d\u00e9collet\u00e9 en V profond et des bretelles \u00e9troites. La dentelle sur toute la robe et l'\u00e9clat suppl\u00e9mentaire des pierres scintillantes vous donnent une sensation de glamour. Cette robe est \u00e0 la fois romantique et sexy, id\u00e9ale pour la femme moderne.","og_url":"https:\/\/www.koonings.com\/fr\/product\/ramona-koonings-couture-kn1905-anouk\/","og_site_name":"Koonings","article_publisher":"https:\/\/www.facebook.com\/kooningstheweddingpalace","og_image":[{"width":1707,"height":2560,"url":"https:\/\/www.koonings.com\/wp-content\/uploads\/2024\/11\/26382_c10dcbda53718dd84cbb0707aaf6cd9a39a642fced27de145661026eca2051bab2b69b4f-scaled.jpeg","type":"image\/jpeg"}],"twitter_card":"summary_large_image","schema":{"@context":"https:\/\/schema.org","@graph":[{"@type":"WebPage","@id":"https:\/\/www.koonings.com\/fr\/product\/ramona-koonings-couture-kn1905-anouk\/","url":"https:\/\/www.koonings.com\/fr\/product\/ramona-koonings-couture-kn1905-anouk\/","name":"Ramona Koonings Couture KN1905 Anouk | Koonings","isPartOf":{"@id":"https:\/\/www.koonings.com\/fr\/#website"},"primaryImageOfPage":{"@id":"https:\/\/www.koonings.com\/fr\/product\/ramona-koonings-couture-kn1905-anouk\/#primaryimage"},"image":{"@id":"https:\/\/www.koonings.com\/fr\/product\/ramona-koonings-couture-kn1905-anouk\/#primaryimage"},"thumbnailUrl":"https:\/\/www.koonings.com\/wp-content\/uploads\/2024\/11\/26382_c10dcbda53718dd84cbb0707aaf6cd9a39a642fced27de145661026eca2051bab2b69b4f-scaled.jpeg","datePublished":"2026-04-21T16:02:57+00:00","description":"Cette robe de Ramona Koonings Couture a \u00e9t\u00e9 con\u00e7ue par sa propri\u00e9taire, Ramona Koonings. Il s'agit d'une magnifique robe a-line avec un d\u00e9collet\u00e9 en V profond et des bretelles \u00e9troites. La dentelle sur toute la robe et l'\u00e9clat suppl\u00e9mentaire des pierres scintillantes vous donnent une sensation de glamour. Cette robe est \u00e0 la fois romantique et sexy, id\u00e9ale pour la femme moderne.","breadcrumb":{"@id":"https:\/\/www.koonings.com\/fr\/product\/ramona-koonings-couture-kn1905-anouk\/#breadcrumb"},"inLanguage":"fr-FR","potentialAction":[{"@type":"ReadAction","target":["https:\/\/www.koonings.com\/fr\/product\/ramona-koonings-couture-kn1905-anouk\/"]}]},{"@type":"ImageObject","inLanguage":"fr-FR","@id":"https:\/\/www.koonings.com\/fr\/product\/ramona-koonings-couture-kn1905-anouk\/#primaryimage","url":"https:\/\/www.koonings.com\/wp-content\/uploads\/2024\/11\/26382_c10dcbda53718dd84cbb0707aaf6cd9a39a642fced27de145661026eca2051bab2b69b4f-scaled.jpeg","contentUrl":"https:\/\/www.koonings.com\/wp-content\/uploads\/2024\/11\/26382_c10dcbda53718dd84cbb0707aaf6cd9a39a642fced27de145661026eca2051bab2b69b4f-scaled.jpeg","width":1707,"height":2560},{"@type":"BreadcrumbList","@id":"https:\/\/www.koonings.com\/fr\/product\/ramona-koonings-couture-kn1905-anouk\/#breadcrumb","itemListElement":[{"@type":"ListItem","position":1,"name":"Home","item":"https:\/\/www.koonings.com\/fr\/"},{"@type":"ListItem","position":2,"name":"Ramona Koonings Couture KN1905 Anouk"}]},{"@type":"WebSite","@id":"https:\/\/www.koonings.com\/fr\/#website","url":"https:\/\/www.koonings.com\/fr\/","name":"Koonings","description":"De grootste bruidsmodewinkel ter wereld","publisher":{"@id":"https:\/\/www.koonings.com\/fr\/#organization"},"potentialAction":[{"@type":"SearchAction","target":{"@type":"EntryPoint","urlTemplate":"https:\/\/www.koonings.com\/fr\/?s={search_term_string}"},"query-input":{"@type":"PropertyValueSpecification","valueRequired":true,"valueName":"search_term_string"}}],"inLanguage":"fr-FR"},{"@type":"Organization","@id":"https:\/\/www.koonings.com\/fr\/#organization","name":"Koonings","url":"https:\/\/www.koonings.com\/fr\/","logo":{"@type":"ImageObject","inLanguage":"fr-FR","@id":"https:\/\/www.koonings.com\/fr\/#\/schema\/logo\/image\/","url":"https:\/\/www.koonings.com\/wp-content\/uploads\/2024\/07\/logo.png","contentUrl":"https:\/\/www.koonings.com\/wp-content\/uploads\/2024\/07\/logo.png","width":600,"height":428,"caption":"Koonings"},"image":{"@id":"https:\/\/www.koonings.com\/fr\/#\/schema\/logo\/image\/"},"sameAs":["https:\/\/www.facebook.com\/kooningstheweddingpalace","https:\/\/www.instagram.com\/kooningstheweddingpalace","https:\/\/www.pinterest.com\/koonings","https:\/\/www.youtube.com\/kooningstheweddingpalace"]}]}},"_links":{"self":[{"href":"https:\/\/www.koonings.com\/fr\/wp-json\/wp\/v2\/product\/32125","targetHints":{"allow":["GET"]}}],"collection":[{"href":"https:\/\/www.koonings.com\/fr\/wp-json\/wp\/v2\/product"}],"about":[{"href":"https:\/\/www.koonings.com\/fr\/wp-json\/wp\/v2\/types\/product"}],"wp:featuredmedia":[{"embeddable":true,"href":"https:\/\/www.koonings.com\/fr\/wp-json\/wp\/v2\/media\/25789"}],"wp:attachment":[{"href":"https:\/\/www.koonings.com\/fr\/wp-json\/wp\/v2\/media?parent=32125"}],"wp:term":[{"taxonomy":"productdetails","embeddable":true,"href":"https:\/\/www.koonings.com\/fr\/wp-json\/wp\/v2\/productdetails?post=32125"},{"taxonomy":"productneck","embeddable":true,"href":"https:\/\/www.koonings.com\/fr\/wp-json\/wp\/v2\/productneck?post=32125"},{"taxonomy":"productcolor","embeddable":true,"href":"https:\/\/www.koonings.com\/fr\/wp-json\/wp\/v2\/productcolor?post=32125"},{"taxonomy":"maat","embeddable":true,"href":"https:\/\/www.koonings.com\/fr\/wp-json\/wp\/v2\/maat?post=32125"},{"taxonomy":"productsupplier","embeddable":true,"href":"https:\/\/www.koonings.com\/fr\/wp-json\/wp\/v2\/productsupplier?post=32125"},{"taxonomy":"productsleeve","embeddable":true,"href":"https:\/\/www.koonings.com\/fr\/wp-json\/wp\/v2\/productsleeve?post=32125"},{"taxonomy":"productcategory","embeddable":true,"href":"https:\/\/www.koonings.com\/fr\/wp-json\/wp\/v2\/productcategory?post=32125"},{"taxonomy":"productsilhouette","embeddable":true,"href":"https:\/\/www.koonings.com\/fr\/wp-json\/wp\/v2\/productsilhouette?post=32125"},{"taxonomy":"productstyle","embeddable":true,"href":"https:\/\/www.koonings.com\/fr\/wp-json\/wp\/v2\/productstyle?post=32125"}],"curies":[{"name":"wp","href":"https:\/\/api.w.org\/{rel}","templated":true}]}}