{"id":108790,"date":"2026-04-21T18:20:38","date_gmt":"2026-04-21T16:20:38","guid":{"rendered":"https:\/\/www.koonings.com\/product\/martina-liana-ml1780iv11\/"},"modified":"2026-04-14T16:20:50","modified_gmt":"2026-04-14T14:20:50","slug":"martina-liana-ml1780iv11","status":"publish","type":"product","link":"https:\/\/www.koonings.com\/fr\/product\/martina-liana-ml1780iv11\/","title":{"rendered":"Martina Liana ML1780IV11"},"content":{"rendered":"<p>Laissez-vous s\u00e9duire par le style 1780 : une robe crayon orn\u00e9e de superbes perles qui respire l&#8217;\u00e9l\u00e9gance moderne. La silhouette sexy et pr\u00e8s du corps souligne chaque courbe avec de la dentelle graphique et d&#8217;\u00e9l\u00e9gants ornements floraux en 3D. Le d\u00e9collet\u00e9 en V flatteur est soutenu par des bretelles spaghetti perl\u00e9es \u00e9tincelantes, qui encadrent le corsage fortement embelli et captent la lumi\u00e8re sous tous les angles. Dans le dos, une \u00e9chancrure audacieuse tr\u00e8s basse rejoint la hanche pour un effet sulfureux dos nu. Avec des d\u00e9tails inspir\u00e9s de l&#8217;Art d\u00e9co qui s&#8217;int\u00e8grent parfaitement \u00e0 une esth\u00e9tique nuptiale contemporaine, cette robe de mari\u00e9e longue et perl\u00e9e est un v\u00e9ritable chef-d&#8217;\u0153uvre.    <\/p>\n","protected":false},"featured_media":108933,"template":"","meta":{"_acf_changed":false,"ghostkit_customizer_options":"","ghostkit_custom_css":"","ghostkit_custom_js_head":"","ghostkit_custom_js_foot":"","ghostkit_typography":""},"productdetails":[],"productneck":[356],"productcolor":[393,392],"maat":[],"productsupplier":[431],"productsleeve":[359],"productcategory":[18],"productsilhouette":[389],"productstyle":[370],"class_list":["post-108790","product","type-product","status-publish","has-post-thumbnail","hentry","productneck-356","productcolor-393","productcolor-392","productsupplier-martina-liana","productsleeve-359","productcategory-trouwjurken","productsilhouette-389","productstyle-370"],"acf":[],"yoast_head":"<!-- This site is optimized with the Yoast SEO plugin v27.3 - https:\/\/yoast.com\/product\/yoast-seo-wordpress\/ -->\n<title>Martina Liana ML1780IV11 | Koonings<\/title>\n<meta name=\"description\" content=\"Laissez-vous s\u00e9duire par le style 1780 : une robe crayon orn\u00e9e de superbes perles qui respire l&#039;\u00e9l\u00e9gance moderne. La silhouette sexy et pr\u00e8s du corps souligne chaque courbe avec de la dentelle graphique et d&#039;\u00e9l\u00e9gants ornements floraux en 3D. Le d\u00e9collet\u00e9 en V flatteur est soutenu par des bretelles spaghetti perl\u00e9es \u00e9tincelantes, qui encadrent le corsage fortement embelli et captent la lumi\u00e8re sous tous les angles. Dans le dos, une \u00e9chancrure audacieuse tr\u00e8s basse rejoint la hanche pour un effet sulfureux dos nu. Avec des d\u00e9tails inspir\u00e9s de l&#039;Art d\u00e9co qui s&#039;int\u00e8grent parfaitement \u00e0 une esth\u00e9tique nuptiale contemporaine, cette robe de mari\u00e9e longue et perl\u00e9e est un v\u00e9ritable chef-d&#039;\u0153uvre.\" \/>\n<meta name=\"robots\" content=\"index, follow, max-snippet:-1, max-image-preview:large, max-video-preview:-1\" \/>\n<link rel=\"canonical\" href=\"https:\/\/www.koonings.com\/fr\/product\/martina-liana-ml1780iv11\/\" \/>\n<meta property=\"og:locale\" content=\"fr_FR\" \/>\n<meta property=\"og:type\" content=\"article\" \/>\n<meta property=\"og:title\" content=\"Martina Liana ML1780IV11 | Koonings\" \/>\n<meta property=\"og:description\" content=\"Laissez-vous s\u00e9duire par le style 1780 : une robe crayon orn\u00e9e de superbes perles qui respire l&#039;\u00e9l\u00e9gance moderne. La silhouette sexy et pr\u00e8s du corps souligne chaque courbe avec de la dentelle graphique et d&#039;\u00e9l\u00e9gants ornements floraux en 3D. Le d\u00e9collet\u00e9 en V flatteur est soutenu par des bretelles spaghetti perl\u00e9es \u00e9tincelantes, qui encadrent le corsage fortement embelli et captent la lumi\u00e8re sous tous les angles. Dans le dos, une \u00e9chancrure audacieuse tr\u00e8s basse rejoint la hanche pour un effet sulfureux dos nu. Avec des d\u00e9tails inspir\u00e9s de l&#039;Art d\u00e9co qui s&#039;int\u00e8grent parfaitement \u00e0 une esth\u00e9tique nuptiale contemporaine, cette robe de mari\u00e9e longue et perl\u00e9e est un v\u00e9ritable chef-d&#039;\u0153uvre.\" \/>\n<meta property=\"og:url\" content=\"https:\/\/www.koonings.com\/fr\/product\/martina-liana-ml1780iv11\/\" \/>\n<meta property=\"og:site_name\" content=\"Koonings\" \/>\n<meta property=\"article:publisher\" content=\"https:\/\/www.facebook.com\/kooningstheweddingpalace\" \/>\n<meta property=\"og:image\" content=\"https:\/\/www.koonings.com\/wp-content\/uploads\/2024\/06\/palace-hero-screenshot-1024x575.png\" \/>\n\t<meta property=\"og:image:width\" content=\"1024\" \/>\n\t<meta property=\"og:image:height\" content=\"575\" \/>\n\t<meta property=\"og:image:type\" content=\"image\/png\" \/>\n<meta name=\"twitter:card\" content=\"summary_large_image\" \/>\n<meta name=\"twitter:label1\" content=\"Dur\u00e9e de lecture estim\u00e9e\" \/>\n\t<meta name=\"twitter:data1\" content=\"1 minute\" \/>\n<script type=\"application\/ld+json\" class=\"yoast-schema-graph\">{\"@context\":\"https:\\\/\\\/schema.org\",\"@graph\":[{\"@type\":\"WebPage\",\"@id\":\"https:\\\/\\\/www.koonings.com\\\/fr\\\/product\\\/martina-liana-ml1780iv11\\\/\",\"url\":\"https:\\\/\\\/www.koonings.com\\\/fr\\\/product\\\/martina-liana-ml1780iv11\\\/\",\"name\":\"Martina Liana ML1780IV11 | Koonings\",\"isPartOf\":{\"@id\":\"https:\\\/\\\/www.koonings.com\\\/fr\\\/#website\"},\"primaryImageOfPage\":{\"@id\":\"https:\\\/\\\/www.koonings.com\\\/fr\\\/product\\\/martina-liana-ml1780iv11\\\/#primaryimage\"},\"image\":{\"@id\":\"https:\\\/\\\/www.koonings.com\\\/fr\\\/product\\\/martina-liana-ml1780iv11\\\/#primaryimage\"},\"thumbnailUrl\":\"https:\\\/\\\/www.koonings.com\\\/wp-content\\\/uploads\\\/2025\\\/12\\\/40607_d86042adc52278c7568a8a5503e5b62b210af1832b28915503d8a34b2459a9b0e1f2b9fe.jpeg\",\"datePublished\":\"2026-04-21T16:20:38+00:00\",\"description\":\"Laissez-vous s\u00e9duire par le style 1780 : une robe crayon orn\u00e9e de superbes perles qui respire l'\u00e9l\u00e9gance moderne. La silhouette sexy et pr\u00e8s du corps souligne chaque courbe avec de la dentelle graphique et d'\u00e9l\u00e9gants ornements floraux en 3D. Le d\u00e9collet\u00e9 en V flatteur est soutenu par des bretelles spaghetti perl\u00e9es \u00e9tincelantes, qui encadrent le corsage fortement embelli et captent la lumi\u00e8re sous tous les angles. Dans le dos, une \u00e9chancrure audacieuse tr\u00e8s basse rejoint la hanche pour un effet sulfureux dos nu. Avec des d\u00e9tails inspir\u00e9s de l'Art d\u00e9co qui s'int\u00e8grent parfaitement \u00e0 une esth\u00e9tique nuptiale contemporaine, cette robe de mari\u00e9e longue et perl\u00e9e est un v\u00e9ritable chef-d'\u0153uvre.\",\"breadcrumb\":{\"@id\":\"https:\\\/\\\/www.koonings.com\\\/fr\\\/product\\\/martina-liana-ml1780iv11\\\/#breadcrumb\"},\"inLanguage\":\"fr-FR\",\"potentialAction\":[{\"@type\":\"ReadAction\",\"target\":[\"https:\\\/\\\/www.koonings.com\\\/fr\\\/product\\\/martina-liana-ml1780iv11\\\/\"]}]},{\"@type\":\"ImageObject\",\"inLanguage\":\"fr-FR\",\"@id\":\"https:\\\/\\\/www.koonings.com\\\/fr\\\/product\\\/martina-liana-ml1780iv11\\\/#primaryimage\",\"url\":\"https:\\\/\\\/www.koonings.com\\\/wp-content\\\/uploads\\\/2025\\\/12\\\/40607_d86042adc52278c7568a8a5503e5b62b210af1832b28915503d8a34b2459a9b0e1f2b9fe.jpeg\",\"contentUrl\":\"https:\\\/\\\/www.koonings.com\\\/wp-content\\\/uploads\\\/2025\\\/12\\\/40607_d86042adc52278c7568a8a5503e5b62b210af1832b28915503d8a34b2459a9b0e1f2b9fe.jpeg\",\"width\":1552,\"height\":2196},{\"@type\":\"BreadcrumbList\",\"@id\":\"https:\\\/\\\/www.koonings.com\\\/fr\\\/product\\\/martina-liana-ml1780iv11\\\/#breadcrumb\",\"itemListElement\":[{\"@type\":\"ListItem\",\"position\":1,\"name\":\"Home\",\"item\":\"https:\\\/\\\/www.koonings.com\\\/fr\\\/\"},{\"@type\":\"ListItem\",\"position\":2,\"name\":\"Martina Liana ML1780IV11\"}]},{\"@type\":\"WebSite\",\"@id\":\"https:\\\/\\\/www.koonings.com\\\/fr\\\/#website\",\"url\":\"https:\\\/\\\/www.koonings.com\\\/fr\\\/\",\"name\":\"Koonings\",\"description\":\"De grootste bruidsmodewinkel ter wereld\",\"publisher\":{\"@id\":\"https:\\\/\\\/www.koonings.com\\\/fr\\\/#organization\"},\"potentialAction\":[{\"@type\":\"SearchAction\",\"target\":{\"@type\":\"EntryPoint\",\"urlTemplate\":\"https:\\\/\\\/www.koonings.com\\\/fr\\\/?s={search_term_string}\"},\"query-input\":{\"@type\":\"PropertyValueSpecification\",\"valueRequired\":true,\"valueName\":\"search_term_string\"}}],\"inLanguage\":\"fr-FR\"},{\"@type\":\"Organization\",\"@id\":\"https:\\\/\\\/www.koonings.com\\\/fr\\\/#organization\",\"name\":\"Koonings\",\"url\":\"https:\\\/\\\/www.koonings.com\\\/fr\\\/\",\"logo\":{\"@type\":\"ImageObject\",\"inLanguage\":\"fr-FR\",\"@id\":\"https:\\\/\\\/www.koonings.com\\\/fr\\\/#\\\/schema\\\/logo\\\/image\\\/\",\"url\":\"https:\\\/\\\/www.koonings.com\\\/wp-content\\\/uploads\\\/2024\\\/07\\\/logo.png\",\"contentUrl\":\"https:\\\/\\\/www.koonings.com\\\/wp-content\\\/uploads\\\/2024\\\/07\\\/logo.png\",\"width\":600,\"height\":428,\"caption\":\"Koonings\"},\"image\":{\"@id\":\"https:\\\/\\\/www.koonings.com\\\/fr\\\/#\\\/schema\\\/logo\\\/image\\\/\"},\"sameAs\":[\"https:\\\/\\\/www.facebook.com\\\/kooningstheweddingpalace\",\"https:\\\/\\\/www.instagram.com\\\/kooningstheweddingpalace\",\"https:\\\/\\\/www.pinterest.com\\\/koonings\",\"https:\\\/\\\/www.youtube.com\\\/kooningstheweddingpalace\"]}]}<\/script>\n<!-- \/ Yoast SEO plugin. -->","yoast_head_json":{"title":"Martina Liana ML1780IV11 | Koonings","description":"Laissez-vous s\u00e9duire par le style 1780 : une robe crayon orn\u00e9e de superbes perles qui respire l'\u00e9l\u00e9gance moderne. La silhouette sexy et pr\u00e8s du corps souligne chaque courbe avec de la dentelle graphique et d'\u00e9l\u00e9gants ornements floraux en 3D. Le d\u00e9collet\u00e9 en V flatteur est soutenu par des bretelles spaghetti perl\u00e9es \u00e9tincelantes, qui encadrent le corsage fortement embelli et captent la lumi\u00e8re sous tous les angles. Dans le dos, une \u00e9chancrure audacieuse tr\u00e8s basse rejoint la hanche pour un effet sulfureux dos nu. Avec des d\u00e9tails inspir\u00e9s de l'Art d\u00e9co qui s'int\u00e8grent parfaitement \u00e0 une esth\u00e9tique nuptiale contemporaine, cette robe de mari\u00e9e longue et perl\u00e9e est un v\u00e9ritable chef-d'\u0153uvre.","robots":{"index":"index","follow":"follow","max-snippet":"max-snippet:-1","max-image-preview":"max-image-preview:large","max-video-preview":"max-video-preview:-1"},"canonical":"https:\/\/www.koonings.com\/fr\/product\/martina-liana-ml1780iv11\/","og_locale":"fr_FR","og_type":"article","og_title":"Martina Liana ML1780IV11 | Koonings","og_description":"Laissez-vous s\u00e9duire par le style 1780 : une robe crayon orn\u00e9e de superbes perles qui respire l'\u00e9l\u00e9gance moderne. La silhouette sexy et pr\u00e8s du corps souligne chaque courbe avec de la dentelle graphique et d'\u00e9l\u00e9gants ornements floraux en 3D. Le d\u00e9collet\u00e9 en V flatteur est soutenu par des bretelles spaghetti perl\u00e9es \u00e9tincelantes, qui encadrent le corsage fortement embelli et captent la lumi\u00e8re sous tous les angles. Dans le dos, une \u00e9chancrure audacieuse tr\u00e8s basse rejoint la hanche pour un effet sulfureux dos nu. Avec des d\u00e9tails inspir\u00e9s de l'Art d\u00e9co qui s'int\u00e8grent parfaitement \u00e0 une esth\u00e9tique nuptiale contemporaine, cette robe de mari\u00e9e longue et perl\u00e9e est un v\u00e9ritable chef-d'\u0153uvre.","og_url":"https:\/\/www.koonings.com\/fr\/product\/martina-liana-ml1780iv11\/","og_site_name":"Koonings","article_publisher":"https:\/\/www.facebook.com\/kooningstheweddingpalace","og_image":[{"width":1024,"height":575,"url":"https:\/\/www.koonings.com\/wp-content\/uploads\/2024\/06\/palace-hero-screenshot-1024x575.png","type":"image\/png"}],"twitter_card":"summary_large_image","twitter_misc":{"Dur\u00e9e de lecture estim\u00e9e":"1 minute"},"schema":{"@context":"https:\/\/schema.org","@graph":[{"@type":"WebPage","@id":"https:\/\/www.koonings.com\/fr\/product\/martina-liana-ml1780iv11\/","url":"https:\/\/www.koonings.com\/fr\/product\/martina-liana-ml1780iv11\/","name":"Martina Liana ML1780IV11 | Koonings","isPartOf":{"@id":"https:\/\/www.koonings.com\/fr\/#website"},"primaryImageOfPage":{"@id":"https:\/\/www.koonings.com\/fr\/product\/martina-liana-ml1780iv11\/#primaryimage"},"image":{"@id":"https:\/\/www.koonings.com\/fr\/product\/martina-liana-ml1780iv11\/#primaryimage"},"thumbnailUrl":"https:\/\/www.koonings.com\/wp-content\/uploads\/2025\/12\/40607_d86042adc52278c7568a8a5503e5b62b210af1832b28915503d8a34b2459a9b0e1f2b9fe.jpeg","datePublished":"2026-04-21T16:20:38+00:00","description":"Laissez-vous s\u00e9duire par le style 1780 : une robe crayon orn\u00e9e de superbes perles qui respire l'\u00e9l\u00e9gance moderne. La silhouette sexy et pr\u00e8s du corps souligne chaque courbe avec de la dentelle graphique et d'\u00e9l\u00e9gants ornements floraux en 3D. Le d\u00e9collet\u00e9 en V flatteur est soutenu par des bretelles spaghetti perl\u00e9es \u00e9tincelantes, qui encadrent le corsage fortement embelli et captent la lumi\u00e8re sous tous les angles. Dans le dos, une \u00e9chancrure audacieuse tr\u00e8s basse rejoint la hanche pour un effet sulfureux dos nu. Avec des d\u00e9tails inspir\u00e9s de l'Art d\u00e9co qui s'int\u00e8grent parfaitement \u00e0 une esth\u00e9tique nuptiale contemporaine, cette robe de mari\u00e9e longue et perl\u00e9e est un v\u00e9ritable chef-d'\u0153uvre.","breadcrumb":{"@id":"https:\/\/www.koonings.com\/fr\/product\/martina-liana-ml1780iv11\/#breadcrumb"},"inLanguage":"fr-FR","potentialAction":[{"@type":"ReadAction","target":["https:\/\/www.koonings.com\/fr\/product\/martina-liana-ml1780iv11\/"]}]},{"@type":"ImageObject","inLanguage":"fr-FR","@id":"https:\/\/www.koonings.com\/fr\/product\/martina-liana-ml1780iv11\/#primaryimage","url":"https:\/\/www.koonings.com\/wp-content\/uploads\/2025\/12\/40607_d86042adc52278c7568a8a5503e5b62b210af1832b28915503d8a34b2459a9b0e1f2b9fe.jpeg","contentUrl":"https:\/\/www.koonings.com\/wp-content\/uploads\/2025\/12\/40607_d86042adc52278c7568a8a5503e5b62b210af1832b28915503d8a34b2459a9b0e1f2b9fe.jpeg","width":1552,"height":2196},{"@type":"BreadcrumbList","@id":"https:\/\/www.koonings.com\/fr\/product\/martina-liana-ml1780iv11\/#breadcrumb","itemListElement":[{"@type":"ListItem","position":1,"name":"Home","item":"https:\/\/www.koonings.com\/fr\/"},{"@type":"ListItem","position":2,"name":"Martina Liana ML1780IV11"}]},{"@type":"WebSite","@id":"https:\/\/www.koonings.com\/fr\/#website","url":"https:\/\/www.koonings.com\/fr\/","name":"Koonings","description":"De grootste bruidsmodewinkel ter wereld","publisher":{"@id":"https:\/\/www.koonings.com\/fr\/#organization"},"potentialAction":[{"@type":"SearchAction","target":{"@type":"EntryPoint","urlTemplate":"https:\/\/www.koonings.com\/fr\/?s={search_term_string}"},"query-input":{"@type":"PropertyValueSpecification","valueRequired":true,"valueName":"search_term_string"}}],"inLanguage":"fr-FR"},{"@type":"Organization","@id":"https:\/\/www.koonings.com\/fr\/#organization","name":"Koonings","url":"https:\/\/www.koonings.com\/fr\/","logo":{"@type":"ImageObject","inLanguage":"fr-FR","@id":"https:\/\/www.koonings.com\/fr\/#\/schema\/logo\/image\/","url":"https:\/\/www.koonings.com\/wp-content\/uploads\/2024\/07\/logo.png","contentUrl":"https:\/\/www.koonings.com\/wp-content\/uploads\/2024\/07\/logo.png","width":600,"height":428,"caption":"Koonings"},"image":{"@id":"https:\/\/www.koonings.com\/fr\/#\/schema\/logo\/image\/"},"sameAs":["https:\/\/www.facebook.com\/kooningstheweddingpalace","https:\/\/www.instagram.com\/kooningstheweddingpalace","https:\/\/www.pinterest.com\/koonings","https:\/\/www.youtube.com\/kooningstheweddingpalace"]}]}},"_links":{"self":[{"href":"https:\/\/www.koonings.com\/fr\/wp-json\/wp\/v2\/product\/108790","targetHints":{"allow":["GET"]}}],"collection":[{"href":"https:\/\/www.koonings.com\/fr\/wp-json\/wp\/v2\/product"}],"about":[{"href":"https:\/\/www.koonings.com\/fr\/wp-json\/wp\/v2\/types\/product"}],"wp:featuredmedia":[{"embeddable":true,"href":"https:\/\/www.koonings.com\/fr\/wp-json\/wp\/v2\/media\/108933"}],"wp:attachment":[{"href":"https:\/\/www.koonings.com\/fr\/wp-json\/wp\/v2\/media?parent=108790"}],"wp:term":[{"taxonomy":"productdetails","embeddable":true,"href":"https:\/\/www.koonings.com\/fr\/wp-json\/wp\/v2\/productdetails?post=108790"},{"taxonomy":"productneck","embeddable":true,"href":"https:\/\/www.koonings.com\/fr\/wp-json\/wp\/v2\/productneck?post=108790"},{"taxonomy":"productcolor","embeddable":true,"href":"https:\/\/www.koonings.com\/fr\/wp-json\/wp\/v2\/productcolor?post=108790"},{"taxonomy":"maat","embeddable":true,"href":"https:\/\/www.koonings.com\/fr\/wp-json\/wp\/v2\/maat?post=108790"},{"taxonomy":"productsupplier","embeddable":true,"href":"https:\/\/www.koonings.com\/fr\/wp-json\/wp\/v2\/productsupplier?post=108790"},{"taxonomy":"productsleeve","embeddable":true,"href":"https:\/\/www.koonings.com\/fr\/wp-json\/wp\/v2\/productsleeve?post=108790"},{"taxonomy":"productcategory","embeddable":true,"href":"https:\/\/www.koonings.com\/fr\/wp-json\/wp\/v2\/productcategory?post=108790"},{"taxonomy":"productsilhouette","embeddable":true,"href":"https:\/\/www.koonings.com\/fr\/wp-json\/wp\/v2\/productsilhouette?post=108790"},{"taxonomy":"productstyle","embeddable":true,"href":"https:\/\/www.koonings.com\/fr\/wp-json\/wp\/v2\/productstyle?post=108790"}],"curies":[{"name":"wp","href":"https:\/\/api.w.org\/{rel}","templated":true}]}}