{"id":108779,"date":"2026-04-14T16:20:52","date_gmt":"2026-04-14T14:20:52","guid":{"rendered":"https:\/\/www.koonings.com\/product\/fashion-queen-amera-vera-light-al124-2\/"},"modified":"2026-04-14T16:20:52","modified_gmt":"2026-04-14T14:20:52","slug":"fashion-queen-amera-vera-light-al124-2","status":"publish","type":"product","link":"https:\/\/www.koonings.com\/fr\/product\/fashion-queen-amera-vera-light-al124-2\/","title":{"rendered":"Fashion Queen Amera Vera Light AL124"},"content":{"rendered":"<p>L&#8217;Amera Vera Light AL124 de Fashion Queen est une robe de mari\u00e9e minimaliste mais s\u00e9duisante. Son design \u00e9pur\u00e9 souligne subtilement les courbes f\u00e9minines et conf\u00e8re \u00e0 la mari\u00e9e une allure moderne et \u00e9l\u00e9gante. Les tissus luxueux tombent doucement le long du corps, tandis que les lignes simples donnent \u00e0 la robe une allure chic et sexy. Cette robe est parfaite pour les mari\u00e9es qui recherchent un look sophistiqu\u00e9 mais audacieux, o\u00f9 le moins est le plus, pour un look intemporel et confiant le jour J.   <\/p>\n","protected":false},"featured_media":108780,"template":"","meta":{"_acf_changed":false,"ghostkit_customizer_options":"","ghostkit_custom_css":"","ghostkit_custom_js_head":"","ghostkit_custom_js_foot":"","ghostkit_typography":""},"productdetails":[],"productneck":[354],"productcolor":[392],"maat":[],"productsupplier":[480],"productsleeve":[],"productcategory":[18],"productsilhouette":[387,389],"productstyle":[365],"class_list":["post-108779","product","type-product","status-publish","has-post-thumbnail","hentry","productneck-354","productcolor-392","productsupplier-fashion-queen","productcategory-trouwjurken","productsilhouette-387","productsilhouette-389","productstyle-365"],"acf":[],"yoast_head":"<!-- This site is optimized with the Yoast SEO plugin v27.3 - https:\/\/yoast.com\/product\/yoast-seo-wordpress\/ -->\n<title>Fashion Queen Amera Vera Light AL124 | Koonings<\/title>\n<meta name=\"description\" content=\"L&#039;Amera Vera Light AL124 de Fashion Queen est une robe de mari\u00e9e minimaliste mais s\u00e9duisante. Son design \u00e9pur\u00e9 souligne subtilement les courbes f\u00e9minines et conf\u00e8re \u00e0 la mari\u00e9e une allure moderne et \u00e9l\u00e9gante. Les tissus luxueux tombent doucement le long du corps, tandis que les lignes simples donnent \u00e0 la robe une allure chic et sexy. Cette robe est parfaite pour les mari\u00e9es qui recherchent un look sophistiqu\u00e9 mais audacieux, o\u00f9 le moins est le plus, pour un look intemporel et confiant le jour J.\" \/>\n<meta name=\"robots\" content=\"index, follow, max-snippet:-1, max-image-preview:large, max-video-preview:-1\" \/>\n<link rel=\"canonical\" href=\"https:\/\/www.koonings.com\/fr\/product\/fashion-queen-amera-vera-light-al124-2\/\" \/>\n<meta property=\"og:locale\" content=\"fr_FR\" \/>\n<meta property=\"og:type\" content=\"article\" \/>\n<meta property=\"og:title\" content=\"Fashion Queen Amera Vera Light AL124 | Koonings\" \/>\n<meta property=\"og:description\" content=\"L&#039;Amera Vera Light AL124 de Fashion Queen est une robe de mari\u00e9e minimaliste mais s\u00e9duisante. Son design \u00e9pur\u00e9 souligne subtilement les courbes f\u00e9minines et conf\u00e8re \u00e0 la mari\u00e9e une allure moderne et \u00e9l\u00e9gante. Les tissus luxueux tombent doucement le long du corps, tandis que les lignes simples donnent \u00e0 la robe une allure chic et sexy. Cette robe est parfaite pour les mari\u00e9es qui recherchent un look sophistiqu\u00e9 mais audacieux, o\u00f9 le moins est le plus, pour un look intemporel et confiant le jour J.\" \/>\n<meta property=\"og:url\" content=\"https:\/\/www.koonings.com\/fr\/product\/fashion-queen-amera-vera-light-al124-2\/\" \/>\n<meta property=\"og:site_name\" content=\"Koonings\" \/>\n<meta property=\"article:publisher\" content=\"https:\/\/www.facebook.com\/kooningstheweddingpalace\" \/>\n<meta property=\"og:image\" content=\"https:\/\/www.koonings.com\/wp-content\/uploads\/2025\/12\/40611_e496782dedaf3a36d1c8daab5ffe5ef50253d9e9217507f3c16bc88c6d2fcc6f5734fc95-scaled.jpeg\" \/>\n\t<meta property=\"og:image:width\" content=\"1784\" \/>\n\t<meta property=\"og:image:height\" content=\"2560\" \/>\n\t<meta property=\"og:image:type\" content=\"image\/jpeg\" \/>\n<meta name=\"twitter:card\" content=\"summary_large_image\" \/>\n<script type=\"application\/ld+json\" class=\"yoast-schema-graph\">{\"@context\":\"https:\\\/\\\/schema.org\",\"@graph\":[{\"@type\":\"WebPage\",\"@id\":\"https:\\\/\\\/www.koonings.com\\\/fr\\\/product\\\/fashion-queen-amera-vera-light-al124-2\\\/\",\"url\":\"https:\\\/\\\/www.koonings.com\\\/fr\\\/product\\\/fashion-queen-amera-vera-light-al124-2\\\/\",\"name\":\"Fashion Queen Amera Vera Light AL124 | Koonings\",\"isPartOf\":{\"@id\":\"https:\\\/\\\/www.koonings.com\\\/fr\\\/#website\"},\"primaryImageOfPage\":{\"@id\":\"https:\\\/\\\/www.koonings.com\\\/fr\\\/product\\\/fashion-queen-amera-vera-light-al124-2\\\/#primaryimage\"},\"image\":{\"@id\":\"https:\\\/\\\/www.koonings.com\\\/fr\\\/product\\\/fashion-queen-amera-vera-light-al124-2\\\/#primaryimage\"},\"thumbnailUrl\":\"https:\\\/\\\/www.koonings.com\\\/wp-content\\\/uploads\\\/2025\\\/12\\\/40611_e496782dedaf3a36d1c8daab5ffe5ef50253d9e9217507f3c16bc88c6d2fcc6f5734fc95-scaled.jpeg\",\"datePublished\":\"2026-04-14T14:20:52+00:00\",\"description\":\"L'Amera Vera Light AL124 de Fashion Queen est une robe de mari\u00e9e minimaliste mais s\u00e9duisante. Son design \u00e9pur\u00e9 souligne subtilement les courbes f\u00e9minines et conf\u00e8re \u00e0 la mari\u00e9e une allure moderne et \u00e9l\u00e9gante. Les tissus luxueux tombent doucement le long du corps, tandis que les lignes simples donnent \u00e0 la robe une allure chic et sexy. Cette robe est parfaite pour les mari\u00e9es qui recherchent un look sophistiqu\u00e9 mais audacieux, o\u00f9 le moins est le plus, pour un look intemporel et confiant le jour J.\",\"breadcrumb\":{\"@id\":\"https:\\\/\\\/www.koonings.com\\\/fr\\\/product\\\/fashion-queen-amera-vera-light-al124-2\\\/#breadcrumb\"},\"inLanguage\":\"fr-FR\",\"potentialAction\":[{\"@type\":\"ReadAction\",\"target\":[\"https:\\\/\\\/www.koonings.com\\\/fr\\\/product\\\/fashion-queen-amera-vera-light-al124-2\\\/\"]}]},{\"@type\":\"ImageObject\",\"inLanguage\":\"fr-FR\",\"@id\":\"https:\\\/\\\/www.koonings.com\\\/fr\\\/product\\\/fashion-queen-amera-vera-light-al124-2\\\/#primaryimage\",\"url\":\"https:\\\/\\\/www.koonings.com\\\/wp-content\\\/uploads\\\/2025\\\/12\\\/40611_e496782dedaf3a36d1c8daab5ffe5ef50253d9e9217507f3c16bc88c6d2fcc6f5734fc95-scaled.jpeg\",\"contentUrl\":\"https:\\\/\\\/www.koonings.com\\\/wp-content\\\/uploads\\\/2025\\\/12\\\/40611_e496782dedaf3a36d1c8daab5ffe5ef50253d9e9217507f3c16bc88c6d2fcc6f5734fc95-scaled.jpeg\",\"width\":1784,\"height\":2560},{\"@type\":\"BreadcrumbList\",\"@id\":\"https:\\\/\\\/www.koonings.com\\\/fr\\\/product\\\/fashion-queen-amera-vera-light-al124-2\\\/#breadcrumb\",\"itemListElement\":[{\"@type\":\"ListItem\",\"position\":1,\"name\":\"Home\",\"item\":\"https:\\\/\\\/www.koonings.com\\\/fr\\\/\"},{\"@type\":\"ListItem\",\"position\":2,\"name\":\"Fashion Queen Amera Vera Light AL124\"}]},{\"@type\":\"WebSite\",\"@id\":\"https:\\\/\\\/www.koonings.com\\\/fr\\\/#website\",\"url\":\"https:\\\/\\\/www.koonings.com\\\/fr\\\/\",\"name\":\"Koonings\",\"description\":\"De grootste bruidsmodewinkel ter wereld\",\"publisher\":{\"@id\":\"https:\\\/\\\/www.koonings.com\\\/fr\\\/#organization\"},\"potentialAction\":[{\"@type\":\"SearchAction\",\"target\":{\"@type\":\"EntryPoint\",\"urlTemplate\":\"https:\\\/\\\/www.koonings.com\\\/fr\\\/?s={search_term_string}\"},\"query-input\":{\"@type\":\"PropertyValueSpecification\",\"valueRequired\":true,\"valueName\":\"search_term_string\"}}],\"inLanguage\":\"fr-FR\"},{\"@type\":\"Organization\",\"@id\":\"https:\\\/\\\/www.koonings.com\\\/fr\\\/#organization\",\"name\":\"Koonings\",\"url\":\"https:\\\/\\\/www.koonings.com\\\/fr\\\/\",\"logo\":{\"@type\":\"ImageObject\",\"inLanguage\":\"fr-FR\",\"@id\":\"https:\\\/\\\/www.koonings.com\\\/fr\\\/#\\\/schema\\\/logo\\\/image\\\/\",\"url\":\"https:\\\/\\\/www.koonings.com\\\/wp-content\\\/uploads\\\/2024\\\/07\\\/logo.png\",\"contentUrl\":\"https:\\\/\\\/www.koonings.com\\\/wp-content\\\/uploads\\\/2024\\\/07\\\/logo.png\",\"width\":600,\"height\":428,\"caption\":\"Koonings\"},\"image\":{\"@id\":\"https:\\\/\\\/www.koonings.com\\\/fr\\\/#\\\/schema\\\/logo\\\/image\\\/\"},\"sameAs\":[\"https:\\\/\\\/www.facebook.com\\\/kooningstheweddingpalace\",\"https:\\\/\\\/www.instagram.com\\\/kooningstheweddingpalace\",\"https:\\\/\\\/www.pinterest.com\\\/koonings\",\"https:\\\/\\\/www.youtube.com\\\/kooningstheweddingpalace\"]}]}<\/script>\n<!-- \/ Yoast SEO plugin. -->","yoast_head_json":{"title":"Fashion Queen Amera Vera Light AL124 | Koonings","description":"L'Amera Vera Light AL124 de Fashion Queen est une robe de mari\u00e9e minimaliste mais s\u00e9duisante. Son design \u00e9pur\u00e9 souligne subtilement les courbes f\u00e9minines et conf\u00e8re \u00e0 la mari\u00e9e une allure moderne et \u00e9l\u00e9gante. Les tissus luxueux tombent doucement le long du corps, tandis que les lignes simples donnent \u00e0 la robe une allure chic et sexy. Cette robe est parfaite pour les mari\u00e9es qui recherchent un look sophistiqu\u00e9 mais audacieux, o\u00f9 le moins est le plus, pour un look intemporel et confiant le jour J.","robots":{"index":"index","follow":"follow","max-snippet":"max-snippet:-1","max-image-preview":"max-image-preview:large","max-video-preview":"max-video-preview:-1"},"canonical":"https:\/\/www.koonings.com\/fr\/product\/fashion-queen-amera-vera-light-al124-2\/","og_locale":"fr_FR","og_type":"article","og_title":"Fashion Queen Amera Vera Light AL124 | Koonings","og_description":"L'Amera Vera Light AL124 de Fashion Queen est une robe de mari\u00e9e minimaliste mais s\u00e9duisante. Son design \u00e9pur\u00e9 souligne subtilement les courbes f\u00e9minines et conf\u00e8re \u00e0 la mari\u00e9e une allure moderne et \u00e9l\u00e9gante. Les tissus luxueux tombent doucement le long du corps, tandis que les lignes simples donnent \u00e0 la robe une allure chic et sexy. Cette robe est parfaite pour les mari\u00e9es qui recherchent un look sophistiqu\u00e9 mais audacieux, o\u00f9 le moins est le plus, pour un look intemporel et confiant le jour J.","og_url":"https:\/\/www.koonings.com\/fr\/product\/fashion-queen-amera-vera-light-al124-2\/","og_site_name":"Koonings","article_publisher":"https:\/\/www.facebook.com\/kooningstheweddingpalace","og_image":[{"width":1784,"height":2560,"url":"https:\/\/www.koonings.com\/wp-content\/uploads\/2025\/12\/40611_e496782dedaf3a36d1c8daab5ffe5ef50253d9e9217507f3c16bc88c6d2fcc6f5734fc95-scaled.jpeg","type":"image\/jpeg"}],"twitter_card":"summary_large_image","schema":{"@context":"https:\/\/schema.org","@graph":[{"@type":"WebPage","@id":"https:\/\/www.koonings.com\/fr\/product\/fashion-queen-amera-vera-light-al124-2\/","url":"https:\/\/www.koonings.com\/fr\/product\/fashion-queen-amera-vera-light-al124-2\/","name":"Fashion Queen Amera Vera Light AL124 | Koonings","isPartOf":{"@id":"https:\/\/www.koonings.com\/fr\/#website"},"primaryImageOfPage":{"@id":"https:\/\/www.koonings.com\/fr\/product\/fashion-queen-amera-vera-light-al124-2\/#primaryimage"},"image":{"@id":"https:\/\/www.koonings.com\/fr\/product\/fashion-queen-amera-vera-light-al124-2\/#primaryimage"},"thumbnailUrl":"https:\/\/www.koonings.com\/wp-content\/uploads\/2025\/12\/40611_e496782dedaf3a36d1c8daab5ffe5ef50253d9e9217507f3c16bc88c6d2fcc6f5734fc95-scaled.jpeg","datePublished":"2026-04-14T14:20:52+00:00","description":"L'Amera Vera Light AL124 de Fashion Queen est une robe de mari\u00e9e minimaliste mais s\u00e9duisante. Son design \u00e9pur\u00e9 souligne subtilement les courbes f\u00e9minines et conf\u00e8re \u00e0 la mari\u00e9e une allure moderne et \u00e9l\u00e9gante. Les tissus luxueux tombent doucement le long du corps, tandis que les lignes simples donnent \u00e0 la robe une allure chic et sexy. Cette robe est parfaite pour les mari\u00e9es qui recherchent un look sophistiqu\u00e9 mais audacieux, o\u00f9 le moins est le plus, pour un look intemporel et confiant le jour J.","breadcrumb":{"@id":"https:\/\/www.koonings.com\/fr\/product\/fashion-queen-amera-vera-light-al124-2\/#breadcrumb"},"inLanguage":"fr-FR","potentialAction":[{"@type":"ReadAction","target":["https:\/\/www.koonings.com\/fr\/product\/fashion-queen-amera-vera-light-al124-2\/"]}]},{"@type":"ImageObject","inLanguage":"fr-FR","@id":"https:\/\/www.koonings.com\/fr\/product\/fashion-queen-amera-vera-light-al124-2\/#primaryimage","url":"https:\/\/www.koonings.com\/wp-content\/uploads\/2025\/12\/40611_e496782dedaf3a36d1c8daab5ffe5ef50253d9e9217507f3c16bc88c6d2fcc6f5734fc95-scaled.jpeg","contentUrl":"https:\/\/www.koonings.com\/wp-content\/uploads\/2025\/12\/40611_e496782dedaf3a36d1c8daab5ffe5ef50253d9e9217507f3c16bc88c6d2fcc6f5734fc95-scaled.jpeg","width":1784,"height":2560},{"@type":"BreadcrumbList","@id":"https:\/\/www.koonings.com\/fr\/product\/fashion-queen-amera-vera-light-al124-2\/#breadcrumb","itemListElement":[{"@type":"ListItem","position":1,"name":"Home","item":"https:\/\/www.koonings.com\/fr\/"},{"@type":"ListItem","position":2,"name":"Fashion Queen Amera Vera Light AL124"}]},{"@type":"WebSite","@id":"https:\/\/www.koonings.com\/fr\/#website","url":"https:\/\/www.koonings.com\/fr\/","name":"Koonings","description":"De grootste bruidsmodewinkel ter wereld","publisher":{"@id":"https:\/\/www.koonings.com\/fr\/#organization"},"potentialAction":[{"@type":"SearchAction","target":{"@type":"EntryPoint","urlTemplate":"https:\/\/www.koonings.com\/fr\/?s={search_term_string}"},"query-input":{"@type":"PropertyValueSpecification","valueRequired":true,"valueName":"search_term_string"}}],"inLanguage":"fr-FR"},{"@type":"Organization","@id":"https:\/\/www.koonings.com\/fr\/#organization","name":"Koonings","url":"https:\/\/www.koonings.com\/fr\/","logo":{"@type":"ImageObject","inLanguage":"fr-FR","@id":"https:\/\/www.koonings.com\/fr\/#\/schema\/logo\/image\/","url":"https:\/\/www.koonings.com\/wp-content\/uploads\/2024\/07\/logo.png","contentUrl":"https:\/\/www.koonings.com\/wp-content\/uploads\/2024\/07\/logo.png","width":600,"height":428,"caption":"Koonings"},"image":{"@id":"https:\/\/www.koonings.com\/fr\/#\/schema\/logo\/image\/"},"sameAs":["https:\/\/www.facebook.com\/kooningstheweddingpalace","https:\/\/www.instagram.com\/kooningstheweddingpalace","https:\/\/www.pinterest.com\/koonings","https:\/\/www.youtube.com\/kooningstheweddingpalace"]}]}},"_links":{"self":[{"href":"https:\/\/www.koonings.com\/fr\/wp-json\/wp\/v2\/product\/108779","targetHints":{"allow":["GET"]}}],"collection":[{"href":"https:\/\/www.koonings.com\/fr\/wp-json\/wp\/v2\/product"}],"about":[{"href":"https:\/\/www.koonings.com\/fr\/wp-json\/wp\/v2\/types\/product"}],"wp:featuredmedia":[{"embeddable":true,"href":"https:\/\/www.koonings.com\/fr\/wp-json\/wp\/v2\/media\/108780"}],"wp:attachment":[{"href":"https:\/\/www.koonings.com\/fr\/wp-json\/wp\/v2\/media?parent=108779"}],"wp:term":[{"taxonomy":"productdetails","embeddable":true,"href":"https:\/\/www.koonings.com\/fr\/wp-json\/wp\/v2\/productdetails?post=108779"},{"taxonomy":"productneck","embeddable":true,"href":"https:\/\/www.koonings.com\/fr\/wp-json\/wp\/v2\/productneck?post=108779"},{"taxonomy":"productcolor","embeddable":true,"href":"https:\/\/www.koonings.com\/fr\/wp-json\/wp\/v2\/productcolor?post=108779"},{"taxonomy":"maat","embeddable":true,"href":"https:\/\/www.koonings.com\/fr\/wp-json\/wp\/v2\/maat?post=108779"},{"taxonomy":"productsupplier","embeddable":true,"href":"https:\/\/www.koonings.com\/fr\/wp-json\/wp\/v2\/productsupplier?post=108779"},{"taxonomy":"productsleeve","embeddable":true,"href":"https:\/\/www.koonings.com\/fr\/wp-json\/wp\/v2\/productsleeve?post=108779"},{"taxonomy":"productcategory","embeddable":true,"href":"https:\/\/www.koonings.com\/fr\/wp-json\/wp\/v2\/productcategory?post=108779"},{"taxonomy":"productsilhouette","embeddable":true,"href":"https:\/\/www.koonings.com\/fr\/wp-json\/wp\/v2\/productsilhouette?post=108779"},{"taxonomy":"productstyle","embeddable":true,"href":"https:\/\/www.koonings.com\/fr\/wp-json\/wp\/v2\/productstyle?post=108779"}],"curies":[{"name":"wp","href":"https:\/\/api.w.org\/{rel}","templated":true}]}}