{"id":108764,"date":"2026-04-14T16:32:43","date_gmt":"2026-04-14T14:32:43","guid":{"rendered":"https:\/\/www.koonings.com\/product\/poirier-t-201-pantalon-craape-gem-dana-2\/"},"modified":"2026-04-14T15:32:36","modified_gmt":"2026-04-14T13:32:36","slug":"poirier-t-201-pantalon-craape-gem-dana-2","status":"publish","type":"product","link":"https:\/\/www.koonings.com\/fr\/product\/poirier-t-201-pantalon-craape-gem-dana-2\/","title":{"rendered":"Poirier T-201 pantalon cr\u00c3\u00aape | Gem | Dana"},"content":{"rendered":"<p>Pantalon de mari\u00e9e en cr\u00eape ivoire | Collection GEM | Ligne Dana<br \/>\nPantalon de mari\u00e9e de la collection Trend de Poirier.<br \/>\nLes articles de la ligne Dana sont en cr\u00eape ivoire.<br \/>\nEn cr\u00eape ivoire.<br \/>\nFermeture \u00e0 glissi\u00e8re sur le c\u00f4t\u00e9 (gauche).<br \/>\nPoches lat\u00e9rales ferm\u00e9es.<br \/>\nCoupe droite.<br \/>\nDisponible dans les tailles : XS \u00e0 XL.<br \/>\nAvec les produits de la ligne Dana de la collection GEM, vous optez pour un look de mariage tendance.<\/p>\n","protected":false},"featured_media":90261,"template":"","meta":{"_acf_changed":false,"ghostkit_customizer_options":"","ghostkit_custom_css":"","ghostkit_custom_js_head":"","ghostkit_custom_js_foot":"","ghostkit_typography":""},"productdetails":[],"productneck":[],"productcolor":[],"maat":[],"productsupplier":[416],"productsleeve":[],"productcategory":[509],"productsilhouette":[],"productstyle":[],"class_list":["post-108764","product","type-product","status-publish","has-post-thumbnail","hentry","productsupplier-poirier","productcategory-accessoires-bruid"],"acf":[],"yoast_head":"<!-- This site is optimized with the Yoast SEO plugin v27.3 - https:\/\/yoast.com\/product\/yoast-seo-wordpress\/ -->\n<title>Poirier T-201 pantalon cr\u00c3\u00aape | Gem | Dana | Koonings<\/title>\n<meta name=\"description\" content=\"Pantalon de mari\u00e9e en cr\u00eape ivoire | Collection GEM | Ligne Dana Pantalon de mari\u00e9e de la collection Trend de Poirier. Les articles de la ligne Dana sont en cr\u00eape ivoire. En cr\u00eape ivoire. Fermeture \u00e0 glissi\u00e8re sur le c\u00f4t\u00e9 (gauche). Poches lat\u00e9rales ferm\u00e9es. Coupe droite. Disponible dans les tailles : XS \u00e0 XL. Avec les produits de la ligne Dana de la collection GEM, vous optez pour un look de mariage tendance.\" \/>\n<meta name=\"robots\" content=\"index, follow, max-snippet:-1, max-image-preview:large, max-video-preview:-1\" \/>\n<link rel=\"canonical\" href=\"https:\/\/www.koonings.com\/fr\/product\/poirier-t-201-pantalon-craape-gem-dana-2\/\" \/>\n<meta property=\"og:locale\" content=\"fr_FR\" \/>\n<meta property=\"og:type\" content=\"article\" \/>\n<meta property=\"og:title\" content=\"Poirier T-201 pantalon cr\u00c3\u00aape | Gem | Dana | Koonings\" \/>\n<meta property=\"og:description\" content=\"Pantalon de mari\u00e9e en cr\u00eape ivoire | Collection GEM | Ligne Dana Pantalon de mari\u00e9e de la collection Trend de Poirier. Les articles de la ligne Dana sont en cr\u00eape ivoire. En cr\u00eape ivoire. Fermeture \u00e0 glissi\u00e8re sur le c\u00f4t\u00e9 (gauche). Poches lat\u00e9rales ferm\u00e9es. Coupe droite. Disponible dans les tailles : XS \u00e0 XL. Avec les produits de la ligne Dana de la collection GEM, vous optez pour un look de mariage tendance.\" \/>\n<meta property=\"og:url\" content=\"https:\/\/www.koonings.com\/fr\/product\/poirier-t-201-pantalon-craape-gem-dana-2\/\" \/>\n<meta property=\"og:site_name\" content=\"Koonings\" \/>\n<meta property=\"article:publisher\" content=\"https:\/\/www.facebook.com\/kooningstheweddingpalace\" \/>\n<meta property=\"og:image\" content=\"https:\/\/www.koonings.com\/wp-content\/uploads\/2025\/08\/50503_f43126f24a9d82b00732a08914df4fbf8e6ede2b90993980507e6a54eb4844934ce5b1ca.jpeg\" \/>\n\t<meta property=\"og:image:width\" content=\"1650\" \/>\n\t<meta property=\"og:image:height\" content=\"2200\" \/>\n\t<meta property=\"og:image:type\" content=\"image\/jpeg\" \/>\n<meta name=\"twitter:card\" content=\"summary_large_image\" \/>\n<script type=\"application\/ld+json\" class=\"yoast-schema-graph\">{\"@context\":\"https:\\\/\\\/schema.org\",\"@graph\":[{\"@type\":\"WebPage\",\"@id\":\"https:\\\/\\\/www.koonings.com\\\/fr\\\/product\\\/poirier-t-201-pantalon-craape-gem-dana-2\\\/\",\"url\":\"https:\\\/\\\/www.koonings.com\\\/fr\\\/product\\\/poirier-t-201-pantalon-craape-gem-dana-2\\\/\",\"name\":\"Poirier T-201 pantalon cr\u00c3\u00aape | Gem | Dana | Koonings\",\"isPartOf\":{\"@id\":\"https:\\\/\\\/www.koonings.com\\\/fr\\\/#website\"},\"primaryImageOfPage\":{\"@id\":\"https:\\\/\\\/www.koonings.com\\\/fr\\\/product\\\/poirier-t-201-pantalon-craape-gem-dana-2\\\/#primaryimage\"},\"image\":{\"@id\":\"https:\\\/\\\/www.koonings.com\\\/fr\\\/product\\\/poirier-t-201-pantalon-craape-gem-dana-2\\\/#primaryimage\"},\"thumbnailUrl\":\"https:\\\/\\\/www.koonings.com\\\/wp-content\\\/uploads\\\/2025\\\/08\\\/50503_f43126f24a9d82b00732a08914df4fbf8e6ede2b90993980507e6a54eb4844934ce5b1ca.jpeg\",\"datePublished\":\"2026-04-14T14:32:43+00:00\",\"description\":\"Pantalon de mari\u00e9e en cr\u00eape ivoire | Collection GEM | Ligne Dana Pantalon de mari\u00e9e de la collection Trend de Poirier. Les articles de la ligne Dana sont en cr\u00eape ivoire. En cr\u00eape ivoire. Fermeture \u00e0 glissi\u00e8re sur le c\u00f4t\u00e9 (gauche). Poches lat\u00e9rales ferm\u00e9es. Coupe droite. Disponible dans les tailles : XS \u00e0 XL. Avec les produits de la ligne Dana de la collection GEM, vous optez pour un look de mariage tendance.\",\"breadcrumb\":{\"@id\":\"https:\\\/\\\/www.koonings.com\\\/fr\\\/product\\\/poirier-t-201-pantalon-craape-gem-dana-2\\\/#breadcrumb\"},\"inLanguage\":\"fr-FR\",\"potentialAction\":[{\"@type\":\"ReadAction\",\"target\":[\"https:\\\/\\\/www.koonings.com\\\/fr\\\/product\\\/poirier-t-201-pantalon-craape-gem-dana-2\\\/\"]}]},{\"@type\":\"ImageObject\",\"inLanguage\":\"fr-FR\",\"@id\":\"https:\\\/\\\/www.koonings.com\\\/fr\\\/product\\\/poirier-t-201-pantalon-craape-gem-dana-2\\\/#primaryimage\",\"url\":\"https:\\\/\\\/www.koonings.com\\\/wp-content\\\/uploads\\\/2025\\\/08\\\/50503_f43126f24a9d82b00732a08914df4fbf8e6ede2b90993980507e6a54eb4844934ce5b1ca.jpeg\",\"contentUrl\":\"https:\\\/\\\/www.koonings.com\\\/wp-content\\\/uploads\\\/2025\\\/08\\\/50503_f43126f24a9d82b00732a08914df4fbf8e6ede2b90993980507e6a54eb4844934ce5b1ca.jpeg\",\"width\":1650,\"height\":2200},{\"@type\":\"BreadcrumbList\",\"@id\":\"https:\\\/\\\/www.koonings.com\\\/fr\\\/product\\\/poirier-t-201-pantalon-craape-gem-dana-2\\\/#breadcrumb\",\"itemListElement\":[{\"@type\":\"ListItem\",\"position\":1,\"name\":\"Home\",\"item\":\"https:\\\/\\\/www.koonings.com\\\/fr\\\/\"},{\"@type\":\"ListItem\",\"position\":2,\"name\":\"Poirier T-201 pantalon cr\u00c3\u00aape | Gem | Dana\"}]},{\"@type\":\"WebSite\",\"@id\":\"https:\\\/\\\/www.koonings.com\\\/fr\\\/#website\",\"url\":\"https:\\\/\\\/www.koonings.com\\\/fr\\\/\",\"name\":\"Koonings\",\"description\":\"De grootste bruidsmodewinkel ter wereld\",\"publisher\":{\"@id\":\"https:\\\/\\\/www.koonings.com\\\/fr\\\/#organization\"},\"potentialAction\":[{\"@type\":\"SearchAction\",\"target\":{\"@type\":\"EntryPoint\",\"urlTemplate\":\"https:\\\/\\\/www.koonings.com\\\/fr\\\/?s={search_term_string}\"},\"query-input\":{\"@type\":\"PropertyValueSpecification\",\"valueRequired\":true,\"valueName\":\"search_term_string\"}}],\"inLanguage\":\"fr-FR\"},{\"@type\":\"Organization\",\"@id\":\"https:\\\/\\\/www.koonings.com\\\/fr\\\/#organization\",\"name\":\"Koonings\",\"url\":\"https:\\\/\\\/www.koonings.com\\\/fr\\\/\",\"logo\":{\"@type\":\"ImageObject\",\"inLanguage\":\"fr-FR\",\"@id\":\"https:\\\/\\\/www.koonings.com\\\/fr\\\/#\\\/schema\\\/logo\\\/image\\\/\",\"url\":\"https:\\\/\\\/www.koonings.com\\\/wp-content\\\/uploads\\\/2024\\\/07\\\/logo.png\",\"contentUrl\":\"https:\\\/\\\/www.koonings.com\\\/wp-content\\\/uploads\\\/2024\\\/07\\\/logo.png\",\"width\":600,\"height\":428,\"caption\":\"Koonings\"},\"image\":{\"@id\":\"https:\\\/\\\/www.koonings.com\\\/fr\\\/#\\\/schema\\\/logo\\\/image\\\/\"},\"sameAs\":[\"https:\\\/\\\/www.facebook.com\\\/kooningstheweddingpalace\",\"https:\\\/\\\/www.instagram.com\\\/kooningstheweddingpalace\",\"https:\\\/\\\/www.pinterest.com\\\/koonings\",\"https:\\\/\\\/www.youtube.com\\\/kooningstheweddingpalace\"]}]}<\/script>\n<!-- \/ Yoast SEO plugin. -->","yoast_head_json":{"title":"Poirier T-201 pantalon cr\u00c3\u00aape | Gem | Dana | Koonings","description":"Pantalon de mari\u00e9e en cr\u00eape ivoire | Collection GEM | Ligne Dana Pantalon de mari\u00e9e de la collection Trend de Poirier. Les articles de la ligne Dana sont en cr\u00eape ivoire. En cr\u00eape ivoire. Fermeture \u00e0 glissi\u00e8re sur le c\u00f4t\u00e9 (gauche). Poches lat\u00e9rales ferm\u00e9es. Coupe droite. Disponible dans les tailles : XS \u00e0 XL. Avec les produits de la ligne Dana de la collection GEM, vous optez pour un look de mariage tendance.","robots":{"index":"index","follow":"follow","max-snippet":"max-snippet:-1","max-image-preview":"max-image-preview:large","max-video-preview":"max-video-preview:-1"},"canonical":"https:\/\/www.koonings.com\/fr\/product\/poirier-t-201-pantalon-craape-gem-dana-2\/","og_locale":"fr_FR","og_type":"article","og_title":"Poirier T-201 pantalon cr\u00c3\u00aape | Gem | Dana | Koonings","og_description":"Pantalon de mari\u00e9e en cr\u00eape ivoire | Collection GEM | Ligne Dana Pantalon de mari\u00e9e de la collection Trend de Poirier. Les articles de la ligne Dana sont en cr\u00eape ivoire. En cr\u00eape ivoire. Fermeture \u00e0 glissi\u00e8re sur le c\u00f4t\u00e9 (gauche). Poches lat\u00e9rales ferm\u00e9es. Coupe droite. Disponible dans les tailles : XS \u00e0 XL. Avec les produits de la ligne Dana de la collection GEM, vous optez pour un look de mariage tendance.","og_url":"https:\/\/www.koonings.com\/fr\/product\/poirier-t-201-pantalon-craape-gem-dana-2\/","og_site_name":"Koonings","article_publisher":"https:\/\/www.facebook.com\/kooningstheweddingpalace","og_image":[{"width":1650,"height":2200,"url":"https:\/\/www.koonings.com\/wp-content\/uploads\/2025\/08\/50503_f43126f24a9d82b00732a08914df4fbf8e6ede2b90993980507e6a54eb4844934ce5b1ca.jpeg","type":"image\/jpeg"}],"twitter_card":"summary_large_image","schema":{"@context":"https:\/\/schema.org","@graph":[{"@type":"WebPage","@id":"https:\/\/www.koonings.com\/fr\/product\/poirier-t-201-pantalon-craape-gem-dana-2\/","url":"https:\/\/www.koonings.com\/fr\/product\/poirier-t-201-pantalon-craape-gem-dana-2\/","name":"Poirier T-201 pantalon cr\u00c3\u00aape | Gem | Dana | Koonings","isPartOf":{"@id":"https:\/\/www.koonings.com\/fr\/#website"},"primaryImageOfPage":{"@id":"https:\/\/www.koonings.com\/fr\/product\/poirier-t-201-pantalon-craape-gem-dana-2\/#primaryimage"},"image":{"@id":"https:\/\/www.koonings.com\/fr\/product\/poirier-t-201-pantalon-craape-gem-dana-2\/#primaryimage"},"thumbnailUrl":"https:\/\/www.koonings.com\/wp-content\/uploads\/2025\/08\/50503_f43126f24a9d82b00732a08914df4fbf8e6ede2b90993980507e6a54eb4844934ce5b1ca.jpeg","datePublished":"2026-04-14T14:32:43+00:00","description":"Pantalon de mari\u00e9e en cr\u00eape ivoire | Collection GEM | Ligne Dana Pantalon de mari\u00e9e de la collection Trend de Poirier. Les articles de la ligne Dana sont en cr\u00eape ivoire. En cr\u00eape ivoire. Fermeture \u00e0 glissi\u00e8re sur le c\u00f4t\u00e9 (gauche). Poches lat\u00e9rales ferm\u00e9es. Coupe droite. Disponible dans les tailles : XS \u00e0 XL. Avec les produits de la ligne Dana de la collection GEM, vous optez pour un look de mariage tendance.","breadcrumb":{"@id":"https:\/\/www.koonings.com\/fr\/product\/poirier-t-201-pantalon-craape-gem-dana-2\/#breadcrumb"},"inLanguage":"fr-FR","potentialAction":[{"@type":"ReadAction","target":["https:\/\/www.koonings.com\/fr\/product\/poirier-t-201-pantalon-craape-gem-dana-2\/"]}]},{"@type":"ImageObject","inLanguage":"fr-FR","@id":"https:\/\/www.koonings.com\/fr\/product\/poirier-t-201-pantalon-craape-gem-dana-2\/#primaryimage","url":"https:\/\/www.koonings.com\/wp-content\/uploads\/2025\/08\/50503_f43126f24a9d82b00732a08914df4fbf8e6ede2b90993980507e6a54eb4844934ce5b1ca.jpeg","contentUrl":"https:\/\/www.koonings.com\/wp-content\/uploads\/2025\/08\/50503_f43126f24a9d82b00732a08914df4fbf8e6ede2b90993980507e6a54eb4844934ce5b1ca.jpeg","width":1650,"height":2200},{"@type":"BreadcrumbList","@id":"https:\/\/www.koonings.com\/fr\/product\/poirier-t-201-pantalon-craape-gem-dana-2\/#breadcrumb","itemListElement":[{"@type":"ListItem","position":1,"name":"Home","item":"https:\/\/www.koonings.com\/fr\/"},{"@type":"ListItem","position":2,"name":"Poirier T-201 pantalon cr\u00c3\u00aape | Gem | Dana"}]},{"@type":"WebSite","@id":"https:\/\/www.koonings.com\/fr\/#website","url":"https:\/\/www.koonings.com\/fr\/","name":"Koonings","description":"De grootste bruidsmodewinkel ter wereld","publisher":{"@id":"https:\/\/www.koonings.com\/fr\/#organization"},"potentialAction":[{"@type":"SearchAction","target":{"@type":"EntryPoint","urlTemplate":"https:\/\/www.koonings.com\/fr\/?s={search_term_string}"},"query-input":{"@type":"PropertyValueSpecification","valueRequired":true,"valueName":"search_term_string"}}],"inLanguage":"fr-FR"},{"@type":"Organization","@id":"https:\/\/www.koonings.com\/fr\/#organization","name":"Koonings","url":"https:\/\/www.koonings.com\/fr\/","logo":{"@type":"ImageObject","inLanguage":"fr-FR","@id":"https:\/\/www.koonings.com\/fr\/#\/schema\/logo\/image\/","url":"https:\/\/www.koonings.com\/wp-content\/uploads\/2024\/07\/logo.png","contentUrl":"https:\/\/www.koonings.com\/wp-content\/uploads\/2024\/07\/logo.png","width":600,"height":428,"caption":"Koonings"},"image":{"@id":"https:\/\/www.koonings.com\/fr\/#\/schema\/logo\/image\/"},"sameAs":["https:\/\/www.facebook.com\/kooningstheweddingpalace","https:\/\/www.instagram.com\/kooningstheweddingpalace","https:\/\/www.pinterest.com\/koonings","https:\/\/www.youtube.com\/kooningstheweddingpalace"]}]}},"_links":{"self":[{"href":"https:\/\/www.koonings.com\/fr\/wp-json\/wp\/v2\/product\/108764","targetHints":{"allow":["GET"]}}],"collection":[{"href":"https:\/\/www.koonings.com\/fr\/wp-json\/wp\/v2\/product"}],"about":[{"href":"https:\/\/www.koonings.com\/fr\/wp-json\/wp\/v2\/types\/product"}],"wp:featuredmedia":[{"embeddable":true,"href":"https:\/\/www.koonings.com\/fr\/wp-json\/wp\/v2\/media\/90261"}],"wp:attachment":[{"href":"https:\/\/www.koonings.com\/fr\/wp-json\/wp\/v2\/media?parent=108764"}],"wp:term":[{"taxonomy":"productdetails","embeddable":true,"href":"https:\/\/www.koonings.com\/fr\/wp-json\/wp\/v2\/productdetails?post=108764"},{"taxonomy":"productneck","embeddable":true,"href":"https:\/\/www.koonings.com\/fr\/wp-json\/wp\/v2\/productneck?post=108764"},{"taxonomy":"productcolor","embeddable":true,"href":"https:\/\/www.koonings.com\/fr\/wp-json\/wp\/v2\/productcolor?post=108764"},{"taxonomy":"maat","embeddable":true,"href":"https:\/\/www.koonings.com\/fr\/wp-json\/wp\/v2\/maat?post=108764"},{"taxonomy":"productsupplier","embeddable":true,"href":"https:\/\/www.koonings.com\/fr\/wp-json\/wp\/v2\/productsupplier?post=108764"},{"taxonomy":"productsleeve","embeddable":true,"href":"https:\/\/www.koonings.com\/fr\/wp-json\/wp\/v2\/productsleeve?post=108764"},{"taxonomy":"productcategory","embeddable":true,"href":"https:\/\/www.koonings.com\/fr\/wp-json\/wp\/v2\/productcategory?post=108764"},{"taxonomy":"productsilhouette","embeddable":true,"href":"https:\/\/www.koonings.com\/fr\/wp-json\/wp\/v2\/productsilhouette?post=108764"},{"taxonomy":"productstyle","embeddable":true,"href":"https:\/\/www.koonings.com\/fr\/wp-json\/wp\/v2\/productstyle?post=108764"}],"curies":[{"name":"wp","href":"https:\/\/api.w.org\/{rel}","templated":true}]}}