{"id":108700,"date":"2026-04-14T16:36:39","date_gmt":"2026-04-14T14:36:39","guid":{"rendered":"https:\/\/www.koonings.com\/product\/le-papillon-par-modeca-hekla\/"},"modified":"2026-04-14T15:36:36","modified_gmt":"2026-04-14T13:36:36","slug":"le-papillon-par-modeca-hekla","status":"publish","type":"product","link":"https:\/\/www.koonings.com\/fr\/product\/le-papillon-par-modeca-hekla\/","title":{"rendered":"Le Papillon par Modeca Hekla"},"content":{"rendered":"<p>Hekla est une robe chic et sophistiqu\u00e9e en mousseline de soie, avec une encolure ronde et un corsage pliss\u00e9 qui ajoute de la texture et des d\u00e9tails. Les bretelles amovibles aux \u00e9paules offrent une grande polyvalence, tandis que des d\u00e9tails perl\u00e9s ornent le dos et m\u00e8nent \u00e0 un magnifique pliss\u00e9 en cascade qui conf\u00e8re \u00e0 ce mod\u00e8le intemporel \u00e9l\u00e9gance et sophistication. <\/p>\n<p>Ce mod\u00e8le \u00e9l\u00e9gant fait partie de la collection Le Papillon by Modeca et est disponible chez Koonings.<\/p>\n","protected":false},"featured_media":96895,"template":"","meta":{"_acf_changed":false,"ghostkit_customizer_options":"","ghostkit_custom_css":"","ghostkit_custom_js_head":"","ghostkit_custom_js_foot":"","ghostkit_typography":""},"productdetails":[],"productneck":[352],"productcolor":[393,392],"maat":[],"productsupplier":[411],"productsleeve":[357,363],"productcategory":[18],"productsilhouette":[389],"productstyle":[369],"class_list":["post-108700","product","type-product","status-publish","has-post-thumbnail","hentry","productneck-352","productcolor-393","productcolor-392","productsupplier-le-papillon-by-modeca","productsleeve-357","productsleeve-363","productcategory-trouwjurken","productsilhouette-389","productstyle-369"],"acf":[],"yoast_head":"<!-- This site is optimized with the Yoast SEO plugin v27.3 - https:\/\/yoast.com\/product\/yoast-seo-wordpress\/ -->\n<title>Le Papillon par Modeca Hekla | Koonings<\/title>\n<meta name=\"description\" content=\"Hekla est une robe chic et sophistiqu\u00e9e en mousseline de soie, avec une encolure ronde et un corsage pliss\u00e9 qui ajoute de la texture et des d\u00e9tails. Les bretelles amovibles aux \u00e9paules offrent une grande polyvalence, tandis que des d\u00e9tails perl\u00e9s ornent le dos et m\u00e8nent \u00e0 un magnifique pliss\u00e9 en cascade qui conf\u00e8re \u00e0 ce mod\u00e8le intemporel \u00e9l\u00e9gance et sophistication. Ce mod\u00e8le \u00e9l\u00e9gant fait partie de la collection Le Papillon by Modeca et est disponible chez Koonings.\" \/>\n<meta name=\"robots\" content=\"index, follow, max-snippet:-1, max-image-preview:large, max-video-preview:-1\" \/>\n<link rel=\"canonical\" href=\"https:\/\/www.koonings.com\/fr\/product\/le-papillon-par-modeca-hekla\/\" \/>\n<meta property=\"og:locale\" content=\"fr_FR\" \/>\n<meta property=\"og:type\" content=\"article\" \/>\n<meta property=\"og:title\" content=\"Le Papillon par Modeca Hekla | Koonings\" \/>\n<meta property=\"og:description\" content=\"Hekla est une robe chic et sophistiqu\u00e9e en mousseline de soie, avec une encolure ronde et un corsage pliss\u00e9 qui ajoute de la texture et des d\u00e9tails. Les bretelles amovibles aux \u00e9paules offrent une grande polyvalence, tandis que des d\u00e9tails perl\u00e9s ornent le dos et m\u00e8nent \u00e0 un magnifique pliss\u00e9 en cascade qui conf\u00e8re \u00e0 ce mod\u00e8le intemporel \u00e9l\u00e9gance et sophistication. Ce mod\u00e8le \u00e9l\u00e9gant fait partie de la collection Le Papillon by Modeca et est disponible chez Koonings.\" \/>\n<meta property=\"og:url\" content=\"https:\/\/www.koonings.com\/fr\/product\/le-papillon-par-modeca-hekla\/\" \/>\n<meta property=\"og:site_name\" content=\"Koonings\" \/>\n<meta property=\"article:publisher\" content=\"https:\/\/www.facebook.com\/kooningstheweddingpalace\" \/>\n<meta property=\"og:image\" content=\"https:\/\/www.koonings.com\/wp-content\/uploads\/2025\/09\/51087_9f3be619782d779f516bc90f1757bbea3bfbd9890f000e5c09401312e7a2851fd62a4bd8.jpeg\" \/>\n\t<meta property=\"og:image:width\" content=\"1783\" \/>\n\t<meta property=\"og:image:height\" content=\"2520\" \/>\n\t<meta property=\"og:image:type\" content=\"image\/jpeg\" \/>\n<meta name=\"twitter:card\" content=\"summary_large_image\" \/>\n<script type=\"application\/ld+json\" class=\"yoast-schema-graph\">{\"@context\":\"https:\\\/\\\/schema.org\",\"@graph\":[{\"@type\":\"WebPage\",\"@id\":\"https:\\\/\\\/www.koonings.com\\\/fr\\\/product\\\/le-papillon-par-modeca-hekla\\\/\",\"url\":\"https:\\\/\\\/www.koonings.com\\\/fr\\\/product\\\/le-papillon-par-modeca-hekla\\\/\",\"name\":\"Le Papillon par Modeca Hekla | Koonings\",\"isPartOf\":{\"@id\":\"https:\\\/\\\/www.koonings.com\\\/fr\\\/#website\"},\"primaryImageOfPage\":{\"@id\":\"https:\\\/\\\/www.koonings.com\\\/fr\\\/product\\\/le-papillon-par-modeca-hekla\\\/#primaryimage\"},\"image\":{\"@id\":\"https:\\\/\\\/www.koonings.com\\\/fr\\\/product\\\/le-papillon-par-modeca-hekla\\\/#primaryimage\"},\"thumbnailUrl\":\"https:\\\/\\\/www.koonings.com\\\/wp-content\\\/uploads\\\/2025\\\/09\\\/51087_9f3be619782d779f516bc90f1757bbea3bfbd9890f000e5c09401312e7a2851fd62a4bd8.jpeg\",\"datePublished\":\"2026-04-14T14:36:39+00:00\",\"description\":\"Hekla est une robe chic et sophistiqu\u00e9e en mousseline de soie, avec une encolure ronde et un corsage pliss\u00e9 qui ajoute de la texture et des d\u00e9tails. Les bretelles amovibles aux \u00e9paules offrent une grande polyvalence, tandis que des d\u00e9tails perl\u00e9s ornent le dos et m\u00e8nent \u00e0 un magnifique pliss\u00e9 en cascade qui conf\u00e8re \u00e0 ce mod\u00e8le intemporel \u00e9l\u00e9gance et sophistication. Ce mod\u00e8le \u00e9l\u00e9gant fait partie de la collection Le Papillon by Modeca et est disponible chez Koonings.\",\"breadcrumb\":{\"@id\":\"https:\\\/\\\/www.koonings.com\\\/fr\\\/product\\\/le-papillon-par-modeca-hekla\\\/#breadcrumb\"},\"inLanguage\":\"fr-FR\",\"potentialAction\":[{\"@type\":\"ReadAction\",\"target\":[\"https:\\\/\\\/www.koonings.com\\\/fr\\\/product\\\/le-papillon-par-modeca-hekla\\\/\"]}]},{\"@type\":\"ImageObject\",\"inLanguage\":\"fr-FR\",\"@id\":\"https:\\\/\\\/www.koonings.com\\\/fr\\\/product\\\/le-papillon-par-modeca-hekla\\\/#primaryimage\",\"url\":\"https:\\\/\\\/www.koonings.com\\\/wp-content\\\/uploads\\\/2025\\\/09\\\/51087_9f3be619782d779f516bc90f1757bbea3bfbd9890f000e5c09401312e7a2851fd62a4bd8.jpeg\",\"contentUrl\":\"https:\\\/\\\/www.koonings.com\\\/wp-content\\\/uploads\\\/2025\\\/09\\\/51087_9f3be619782d779f516bc90f1757bbea3bfbd9890f000e5c09401312e7a2851fd62a4bd8.jpeg\",\"width\":1783,\"height\":2520},{\"@type\":\"BreadcrumbList\",\"@id\":\"https:\\\/\\\/www.koonings.com\\\/fr\\\/product\\\/le-papillon-par-modeca-hekla\\\/#breadcrumb\",\"itemListElement\":[{\"@type\":\"ListItem\",\"position\":1,\"name\":\"Home\",\"item\":\"https:\\\/\\\/www.koonings.com\\\/fr\\\/\"},{\"@type\":\"ListItem\",\"position\":2,\"name\":\"Le Papillon par Modeca Hekla\"}]},{\"@type\":\"WebSite\",\"@id\":\"https:\\\/\\\/www.koonings.com\\\/fr\\\/#website\",\"url\":\"https:\\\/\\\/www.koonings.com\\\/fr\\\/\",\"name\":\"Koonings\",\"description\":\"De grootste bruidsmodewinkel ter wereld\",\"publisher\":{\"@id\":\"https:\\\/\\\/www.koonings.com\\\/fr\\\/#organization\"},\"potentialAction\":[{\"@type\":\"SearchAction\",\"target\":{\"@type\":\"EntryPoint\",\"urlTemplate\":\"https:\\\/\\\/www.koonings.com\\\/fr\\\/?s={search_term_string}\"},\"query-input\":{\"@type\":\"PropertyValueSpecification\",\"valueRequired\":true,\"valueName\":\"search_term_string\"}}],\"inLanguage\":\"fr-FR\"},{\"@type\":\"Organization\",\"@id\":\"https:\\\/\\\/www.koonings.com\\\/fr\\\/#organization\",\"name\":\"Koonings\",\"url\":\"https:\\\/\\\/www.koonings.com\\\/fr\\\/\",\"logo\":{\"@type\":\"ImageObject\",\"inLanguage\":\"fr-FR\",\"@id\":\"https:\\\/\\\/www.koonings.com\\\/fr\\\/#\\\/schema\\\/logo\\\/image\\\/\",\"url\":\"https:\\\/\\\/www.koonings.com\\\/wp-content\\\/uploads\\\/2024\\\/07\\\/logo.png\",\"contentUrl\":\"https:\\\/\\\/www.koonings.com\\\/wp-content\\\/uploads\\\/2024\\\/07\\\/logo.png\",\"width\":600,\"height\":428,\"caption\":\"Koonings\"},\"image\":{\"@id\":\"https:\\\/\\\/www.koonings.com\\\/fr\\\/#\\\/schema\\\/logo\\\/image\\\/\"},\"sameAs\":[\"https:\\\/\\\/www.facebook.com\\\/kooningstheweddingpalace\",\"https:\\\/\\\/www.instagram.com\\\/kooningstheweddingpalace\",\"https:\\\/\\\/www.pinterest.com\\\/koonings\",\"https:\\\/\\\/www.youtube.com\\\/kooningstheweddingpalace\"]}]}<\/script>\n<!-- \/ Yoast SEO plugin. -->","yoast_head_json":{"title":"Le Papillon par Modeca Hekla | Koonings","description":"Hekla est une robe chic et sophistiqu\u00e9e en mousseline de soie, avec une encolure ronde et un corsage pliss\u00e9 qui ajoute de la texture et des d\u00e9tails. Les bretelles amovibles aux \u00e9paules offrent une grande polyvalence, tandis que des d\u00e9tails perl\u00e9s ornent le dos et m\u00e8nent \u00e0 un magnifique pliss\u00e9 en cascade qui conf\u00e8re \u00e0 ce mod\u00e8le intemporel \u00e9l\u00e9gance et sophistication. Ce mod\u00e8le \u00e9l\u00e9gant fait partie de la collection Le Papillon by Modeca et est disponible chez Koonings.","robots":{"index":"index","follow":"follow","max-snippet":"max-snippet:-1","max-image-preview":"max-image-preview:large","max-video-preview":"max-video-preview:-1"},"canonical":"https:\/\/www.koonings.com\/fr\/product\/le-papillon-par-modeca-hekla\/","og_locale":"fr_FR","og_type":"article","og_title":"Le Papillon par Modeca Hekla | Koonings","og_description":"Hekla est une robe chic et sophistiqu\u00e9e en mousseline de soie, avec une encolure ronde et un corsage pliss\u00e9 qui ajoute de la texture et des d\u00e9tails. Les bretelles amovibles aux \u00e9paules offrent une grande polyvalence, tandis que des d\u00e9tails perl\u00e9s ornent le dos et m\u00e8nent \u00e0 un magnifique pliss\u00e9 en cascade qui conf\u00e8re \u00e0 ce mod\u00e8le intemporel \u00e9l\u00e9gance et sophistication. Ce mod\u00e8le \u00e9l\u00e9gant fait partie de la collection Le Papillon by Modeca et est disponible chez Koonings.","og_url":"https:\/\/www.koonings.com\/fr\/product\/le-papillon-par-modeca-hekla\/","og_site_name":"Koonings","article_publisher":"https:\/\/www.facebook.com\/kooningstheweddingpalace","og_image":[{"width":1783,"height":2520,"url":"https:\/\/www.koonings.com\/wp-content\/uploads\/2025\/09\/51087_9f3be619782d779f516bc90f1757bbea3bfbd9890f000e5c09401312e7a2851fd62a4bd8.jpeg","type":"image\/jpeg"}],"twitter_card":"summary_large_image","schema":{"@context":"https:\/\/schema.org","@graph":[{"@type":"WebPage","@id":"https:\/\/www.koonings.com\/fr\/product\/le-papillon-par-modeca-hekla\/","url":"https:\/\/www.koonings.com\/fr\/product\/le-papillon-par-modeca-hekla\/","name":"Le Papillon par Modeca Hekla | Koonings","isPartOf":{"@id":"https:\/\/www.koonings.com\/fr\/#website"},"primaryImageOfPage":{"@id":"https:\/\/www.koonings.com\/fr\/product\/le-papillon-par-modeca-hekla\/#primaryimage"},"image":{"@id":"https:\/\/www.koonings.com\/fr\/product\/le-papillon-par-modeca-hekla\/#primaryimage"},"thumbnailUrl":"https:\/\/www.koonings.com\/wp-content\/uploads\/2025\/09\/51087_9f3be619782d779f516bc90f1757bbea3bfbd9890f000e5c09401312e7a2851fd62a4bd8.jpeg","datePublished":"2026-04-14T14:36:39+00:00","description":"Hekla est une robe chic et sophistiqu\u00e9e en mousseline de soie, avec une encolure ronde et un corsage pliss\u00e9 qui ajoute de la texture et des d\u00e9tails. Les bretelles amovibles aux \u00e9paules offrent une grande polyvalence, tandis que des d\u00e9tails perl\u00e9s ornent le dos et m\u00e8nent \u00e0 un magnifique pliss\u00e9 en cascade qui conf\u00e8re \u00e0 ce mod\u00e8le intemporel \u00e9l\u00e9gance et sophistication. Ce mod\u00e8le \u00e9l\u00e9gant fait partie de la collection Le Papillon by Modeca et est disponible chez Koonings.","breadcrumb":{"@id":"https:\/\/www.koonings.com\/fr\/product\/le-papillon-par-modeca-hekla\/#breadcrumb"},"inLanguage":"fr-FR","potentialAction":[{"@type":"ReadAction","target":["https:\/\/www.koonings.com\/fr\/product\/le-papillon-par-modeca-hekla\/"]}]},{"@type":"ImageObject","inLanguage":"fr-FR","@id":"https:\/\/www.koonings.com\/fr\/product\/le-papillon-par-modeca-hekla\/#primaryimage","url":"https:\/\/www.koonings.com\/wp-content\/uploads\/2025\/09\/51087_9f3be619782d779f516bc90f1757bbea3bfbd9890f000e5c09401312e7a2851fd62a4bd8.jpeg","contentUrl":"https:\/\/www.koonings.com\/wp-content\/uploads\/2025\/09\/51087_9f3be619782d779f516bc90f1757bbea3bfbd9890f000e5c09401312e7a2851fd62a4bd8.jpeg","width":1783,"height":2520},{"@type":"BreadcrumbList","@id":"https:\/\/www.koonings.com\/fr\/product\/le-papillon-par-modeca-hekla\/#breadcrumb","itemListElement":[{"@type":"ListItem","position":1,"name":"Home","item":"https:\/\/www.koonings.com\/fr\/"},{"@type":"ListItem","position":2,"name":"Le Papillon par Modeca Hekla"}]},{"@type":"WebSite","@id":"https:\/\/www.koonings.com\/fr\/#website","url":"https:\/\/www.koonings.com\/fr\/","name":"Koonings","description":"De grootste bruidsmodewinkel ter wereld","publisher":{"@id":"https:\/\/www.koonings.com\/fr\/#organization"},"potentialAction":[{"@type":"SearchAction","target":{"@type":"EntryPoint","urlTemplate":"https:\/\/www.koonings.com\/fr\/?s={search_term_string}"},"query-input":{"@type":"PropertyValueSpecification","valueRequired":true,"valueName":"search_term_string"}}],"inLanguage":"fr-FR"},{"@type":"Organization","@id":"https:\/\/www.koonings.com\/fr\/#organization","name":"Koonings","url":"https:\/\/www.koonings.com\/fr\/","logo":{"@type":"ImageObject","inLanguage":"fr-FR","@id":"https:\/\/www.koonings.com\/fr\/#\/schema\/logo\/image\/","url":"https:\/\/www.koonings.com\/wp-content\/uploads\/2024\/07\/logo.png","contentUrl":"https:\/\/www.koonings.com\/wp-content\/uploads\/2024\/07\/logo.png","width":600,"height":428,"caption":"Koonings"},"image":{"@id":"https:\/\/www.koonings.com\/fr\/#\/schema\/logo\/image\/"},"sameAs":["https:\/\/www.facebook.com\/kooningstheweddingpalace","https:\/\/www.instagram.com\/kooningstheweddingpalace","https:\/\/www.pinterest.com\/koonings","https:\/\/www.youtube.com\/kooningstheweddingpalace"]}]}},"_links":{"self":[{"href":"https:\/\/www.koonings.com\/fr\/wp-json\/wp\/v2\/product\/108700","targetHints":{"allow":["GET"]}}],"collection":[{"href":"https:\/\/www.koonings.com\/fr\/wp-json\/wp\/v2\/product"}],"about":[{"href":"https:\/\/www.koonings.com\/fr\/wp-json\/wp\/v2\/types\/product"}],"wp:featuredmedia":[{"embeddable":true,"href":"https:\/\/www.koonings.com\/fr\/wp-json\/wp\/v2\/media\/96895"}],"wp:attachment":[{"href":"https:\/\/www.koonings.com\/fr\/wp-json\/wp\/v2\/media?parent=108700"}],"wp:term":[{"taxonomy":"productdetails","embeddable":true,"href":"https:\/\/www.koonings.com\/fr\/wp-json\/wp\/v2\/productdetails?post=108700"},{"taxonomy":"productneck","embeddable":true,"href":"https:\/\/www.koonings.com\/fr\/wp-json\/wp\/v2\/productneck?post=108700"},{"taxonomy":"productcolor","embeddable":true,"href":"https:\/\/www.koonings.com\/fr\/wp-json\/wp\/v2\/productcolor?post=108700"},{"taxonomy":"maat","embeddable":true,"href":"https:\/\/www.koonings.com\/fr\/wp-json\/wp\/v2\/maat?post=108700"},{"taxonomy":"productsupplier","embeddable":true,"href":"https:\/\/www.koonings.com\/fr\/wp-json\/wp\/v2\/productsupplier?post=108700"},{"taxonomy":"productsleeve","embeddable":true,"href":"https:\/\/www.koonings.com\/fr\/wp-json\/wp\/v2\/productsleeve?post=108700"},{"taxonomy":"productcategory","embeddable":true,"href":"https:\/\/www.koonings.com\/fr\/wp-json\/wp\/v2\/productcategory?post=108700"},{"taxonomy":"productsilhouette","embeddable":true,"href":"https:\/\/www.koonings.com\/fr\/wp-json\/wp\/v2\/productsilhouette?post=108700"},{"taxonomy":"productstyle","embeddable":true,"href":"https:\/\/www.koonings.com\/fr\/wp-json\/wp\/v2\/productstyle?post=108700"}],"curies":[{"name":"wp","href":"https:\/\/api.w.org\/{rel}","templated":true}]}}