{"id":108696,"date":"2026-04-14T16:36:41","date_gmt":"2026-04-14T14:36:41","guid":{"rendered":"https:\/\/www.koonings.com\/product\/le-papillon-de-modeca-hermine\/"},"modified":"2026-04-14T15:36:37","modified_gmt":"2026-04-14T13:36:37","slug":"le-papillon-de-modeca-hermine","status":"publish","type":"product","link":"https:\/\/www.koonings.com\/fr\/product\/le-papillon-de-modeca-hermine\/","title":{"rendered":"Le Papillon de Modeca Hermine"},"content":{"rendered":"<p>Hermine est une robe de tulle \u00e9tincelant de forme A, avec un d\u00e9collet\u00e9 en pointe et un corsage rehauss\u00e9 de dentelle perl\u00e9e. Le mod\u00e8le comporte une fente et des manches longues amovibles. Pour un look plus \u00e9pur\u00e9, ce mod\u00e8le est \u00e9galement disponible sans manches sous le nom d&#8217;Hermine-D.  <\/p>\n<p>Ce motif enchanteur est issu de la collection Le Papillon by Modeca et est disponible chez Koonings.<\/p>\n","protected":false},"featured_media":96983,"template":"","meta":{"_acf_changed":false,"ghostkit_customizer_options":"","ghostkit_custom_css":"","ghostkit_custom_js_head":"","ghostkit_custom_js_foot":"","ghostkit_typography":""},"productdetails":[376,378,381],"productneck":[355],"productcolor":[393,392],"maat":[],"productsupplier":[411],"productsleeve":[357,362],"productcategory":[18],"productsilhouette":[384],"productstyle":[366,370],"class_list":["post-108696","product","type-product","status-publish","has-post-thumbnail","hentry","productdetails-376","productdetails-378","productdetails-381","productneck-355","productcolor-393","productcolor-392","productsupplier-le-papillon-by-modeca","productsleeve-357","productsleeve-362","productcategory-trouwjurken","productsilhouette-384","productstyle-366","productstyle-370"],"acf":[],"yoast_head":"<!-- This site is optimized with the Yoast SEO plugin v27.3 - https:\/\/yoast.com\/product\/yoast-seo-wordpress\/ -->\n<title>Le Papillon de Modeca Hermine | Koonings<\/title>\n<meta name=\"description\" content=\"Hermine est une robe de tulle \u00e9tincelant de forme A, avec un d\u00e9collet\u00e9 en pointe et un corsage rehauss\u00e9 de dentelle perl\u00e9e. Le mod\u00e8le comporte une fente et des manches longues amovibles. Pour un look plus \u00e9pur\u00e9, ce mod\u00e8le est \u00e9galement disponible sans manches sous le nom d&#039;Hermine-D. Ce motif enchanteur est issu de la collection Le Papillon by Modeca et est disponible chez Koonings.\" \/>\n<meta name=\"robots\" content=\"index, follow, max-snippet:-1, max-image-preview:large, max-video-preview:-1\" \/>\n<link rel=\"canonical\" href=\"https:\/\/www.koonings.com\/fr\/product\/le-papillon-de-modeca-hermine\/\" \/>\n<meta property=\"og:locale\" content=\"fr_FR\" \/>\n<meta property=\"og:type\" content=\"article\" \/>\n<meta property=\"og:title\" content=\"Le Papillon de Modeca Hermine | Koonings\" \/>\n<meta property=\"og:description\" content=\"Hermine est une robe de tulle \u00e9tincelant de forme A, avec un d\u00e9collet\u00e9 en pointe et un corsage rehauss\u00e9 de dentelle perl\u00e9e. Le mod\u00e8le comporte une fente et des manches longues amovibles. Pour un look plus \u00e9pur\u00e9, ce mod\u00e8le est \u00e9galement disponible sans manches sous le nom d&#039;Hermine-D. Ce motif enchanteur est issu de la collection Le Papillon by Modeca et est disponible chez Koonings.\" \/>\n<meta property=\"og:url\" content=\"https:\/\/www.koonings.com\/fr\/product\/le-papillon-de-modeca-hermine\/\" \/>\n<meta property=\"og:site_name\" content=\"Koonings\" \/>\n<meta property=\"article:publisher\" content=\"https:\/\/www.facebook.com\/kooningstheweddingpalace\" \/>\n<meta property=\"og:image\" content=\"https:\/\/www.koonings.com\/wp-content\/uploads\/2025\/09\/51091_a2634d4215e05af9583cb391182cc81e2dc0311d5baaadb33a8b8e4aad8b00eaa4173780.jpeg\" \/>\n\t<meta property=\"og:image:width\" content=\"1634\" \/>\n\t<meta property=\"og:image:height\" content=\"2313\" \/>\n\t<meta property=\"og:image:type\" content=\"image\/jpeg\" \/>\n<meta name=\"twitter:card\" content=\"summary_large_image\" \/>\n<script type=\"application\/ld+json\" class=\"yoast-schema-graph\">{\"@context\":\"https:\\\/\\\/schema.org\",\"@graph\":[{\"@type\":\"WebPage\",\"@id\":\"https:\\\/\\\/www.koonings.com\\\/fr\\\/product\\\/le-papillon-de-modeca-hermine\\\/\",\"url\":\"https:\\\/\\\/www.koonings.com\\\/fr\\\/product\\\/le-papillon-de-modeca-hermine\\\/\",\"name\":\"Le Papillon de Modeca Hermine | Koonings\",\"isPartOf\":{\"@id\":\"https:\\\/\\\/www.koonings.com\\\/fr\\\/#website\"},\"primaryImageOfPage\":{\"@id\":\"https:\\\/\\\/www.koonings.com\\\/fr\\\/product\\\/le-papillon-de-modeca-hermine\\\/#primaryimage\"},\"image\":{\"@id\":\"https:\\\/\\\/www.koonings.com\\\/fr\\\/product\\\/le-papillon-de-modeca-hermine\\\/#primaryimage\"},\"thumbnailUrl\":\"https:\\\/\\\/www.koonings.com\\\/wp-content\\\/uploads\\\/2025\\\/09\\\/51091_a2634d4215e05af9583cb391182cc81e2dc0311d5baaadb33a8b8e4aad8b00eaa4173780.jpeg\",\"datePublished\":\"2026-04-14T14:36:41+00:00\",\"description\":\"Hermine est une robe de tulle \u00e9tincelant de forme A, avec un d\u00e9collet\u00e9 en pointe et un corsage rehauss\u00e9 de dentelle perl\u00e9e. Le mod\u00e8le comporte une fente et des manches longues amovibles. Pour un look plus \u00e9pur\u00e9, ce mod\u00e8le est \u00e9galement disponible sans manches sous le nom d'Hermine-D. Ce motif enchanteur est issu de la collection Le Papillon by Modeca et est disponible chez Koonings.\",\"breadcrumb\":{\"@id\":\"https:\\\/\\\/www.koonings.com\\\/fr\\\/product\\\/le-papillon-de-modeca-hermine\\\/#breadcrumb\"},\"inLanguage\":\"fr-FR\",\"potentialAction\":[{\"@type\":\"ReadAction\",\"target\":[\"https:\\\/\\\/www.koonings.com\\\/fr\\\/product\\\/le-papillon-de-modeca-hermine\\\/\"]}]},{\"@type\":\"ImageObject\",\"inLanguage\":\"fr-FR\",\"@id\":\"https:\\\/\\\/www.koonings.com\\\/fr\\\/product\\\/le-papillon-de-modeca-hermine\\\/#primaryimage\",\"url\":\"https:\\\/\\\/www.koonings.com\\\/wp-content\\\/uploads\\\/2025\\\/09\\\/51091_a2634d4215e05af9583cb391182cc81e2dc0311d5baaadb33a8b8e4aad8b00eaa4173780.jpeg\",\"contentUrl\":\"https:\\\/\\\/www.koonings.com\\\/wp-content\\\/uploads\\\/2025\\\/09\\\/51091_a2634d4215e05af9583cb391182cc81e2dc0311d5baaadb33a8b8e4aad8b00eaa4173780.jpeg\",\"width\":1634,\"height\":2313},{\"@type\":\"BreadcrumbList\",\"@id\":\"https:\\\/\\\/www.koonings.com\\\/fr\\\/product\\\/le-papillon-de-modeca-hermine\\\/#breadcrumb\",\"itemListElement\":[{\"@type\":\"ListItem\",\"position\":1,\"name\":\"Home\",\"item\":\"https:\\\/\\\/www.koonings.com\\\/fr\\\/\"},{\"@type\":\"ListItem\",\"position\":2,\"name\":\"Le Papillon de Modeca Hermine\"}]},{\"@type\":\"WebSite\",\"@id\":\"https:\\\/\\\/www.koonings.com\\\/fr\\\/#website\",\"url\":\"https:\\\/\\\/www.koonings.com\\\/fr\\\/\",\"name\":\"Koonings\",\"description\":\"De grootste bruidsmodewinkel ter wereld\",\"publisher\":{\"@id\":\"https:\\\/\\\/www.koonings.com\\\/fr\\\/#organization\"},\"potentialAction\":[{\"@type\":\"SearchAction\",\"target\":{\"@type\":\"EntryPoint\",\"urlTemplate\":\"https:\\\/\\\/www.koonings.com\\\/fr\\\/?s={search_term_string}\"},\"query-input\":{\"@type\":\"PropertyValueSpecification\",\"valueRequired\":true,\"valueName\":\"search_term_string\"}}],\"inLanguage\":\"fr-FR\"},{\"@type\":\"Organization\",\"@id\":\"https:\\\/\\\/www.koonings.com\\\/fr\\\/#organization\",\"name\":\"Koonings\",\"url\":\"https:\\\/\\\/www.koonings.com\\\/fr\\\/\",\"logo\":{\"@type\":\"ImageObject\",\"inLanguage\":\"fr-FR\",\"@id\":\"https:\\\/\\\/www.koonings.com\\\/fr\\\/#\\\/schema\\\/logo\\\/image\\\/\",\"url\":\"https:\\\/\\\/www.koonings.com\\\/wp-content\\\/uploads\\\/2024\\\/07\\\/logo.png\",\"contentUrl\":\"https:\\\/\\\/www.koonings.com\\\/wp-content\\\/uploads\\\/2024\\\/07\\\/logo.png\",\"width\":600,\"height\":428,\"caption\":\"Koonings\"},\"image\":{\"@id\":\"https:\\\/\\\/www.koonings.com\\\/fr\\\/#\\\/schema\\\/logo\\\/image\\\/\"},\"sameAs\":[\"https:\\\/\\\/www.facebook.com\\\/kooningstheweddingpalace\",\"https:\\\/\\\/www.instagram.com\\\/kooningstheweddingpalace\",\"https:\\\/\\\/www.pinterest.com\\\/koonings\",\"https:\\\/\\\/www.youtube.com\\\/kooningstheweddingpalace\"]}]}<\/script>\n<!-- \/ Yoast SEO plugin. -->","yoast_head_json":{"title":"Le Papillon de Modeca Hermine | Koonings","description":"Hermine est une robe de tulle \u00e9tincelant de forme A, avec un d\u00e9collet\u00e9 en pointe et un corsage rehauss\u00e9 de dentelle perl\u00e9e. Le mod\u00e8le comporte une fente et des manches longues amovibles. Pour un look plus \u00e9pur\u00e9, ce mod\u00e8le est \u00e9galement disponible sans manches sous le nom d'Hermine-D. Ce motif enchanteur est issu de la collection Le Papillon by Modeca et est disponible chez Koonings.","robots":{"index":"index","follow":"follow","max-snippet":"max-snippet:-1","max-image-preview":"max-image-preview:large","max-video-preview":"max-video-preview:-1"},"canonical":"https:\/\/www.koonings.com\/fr\/product\/le-papillon-de-modeca-hermine\/","og_locale":"fr_FR","og_type":"article","og_title":"Le Papillon de Modeca Hermine | Koonings","og_description":"Hermine est une robe de tulle \u00e9tincelant de forme A, avec un d\u00e9collet\u00e9 en pointe et un corsage rehauss\u00e9 de dentelle perl\u00e9e. Le mod\u00e8le comporte une fente et des manches longues amovibles. Pour un look plus \u00e9pur\u00e9, ce mod\u00e8le est \u00e9galement disponible sans manches sous le nom d'Hermine-D. Ce motif enchanteur est issu de la collection Le Papillon by Modeca et est disponible chez Koonings.","og_url":"https:\/\/www.koonings.com\/fr\/product\/le-papillon-de-modeca-hermine\/","og_site_name":"Koonings","article_publisher":"https:\/\/www.facebook.com\/kooningstheweddingpalace","og_image":[{"width":1634,"height":2313,"url":"https:\/\/www.koonings.com\/wp-content\/uploads\/2025\/09\/51091_a2634d4215e05af9583cb391182cc81e2dc0311d5baaadb33a8b8e4aad8b00eaa4173780.jpeg","type":"image\/jpeg"}],"twitter_card":"summary_large_image","schema":{"@context":"https:\/\/schema.org","@graph":[{"@type":"WebPage","@id":"https:\/\/www.koonings.com\/fr\/product\/le-papillon-de-modeca-hermine\/","url":"https:\/\/www.koonings.com\/fr\/product\/le-papillon-de-modeca-hermine\/","name":"Le Papillon de Modeca Hermine | Koonings","isPartOf":{"@id":"https:\/\/www.koonings.com\/fr\/#website"},"primaryImageOfPage":{"@id":"https:\/\/www.koonings.com\/fr\/product\/le-papillon-de-modeca-hermine\/#primaryimage"},"image":{"@id":"https:\/\/www.koonings.com\/fr\/product\/le-papillon-de-modeca-hermine\/#primaryimage"},"thumbnailUrl":"https:\/\/www.koonings.com\/wp-content\/uploads\/2025\/09\/51091_a2634d4215e05af9583cb391182cc81e2dc0311d5baaadb33a8b8e4aad8b00eaa4173780.jpeg","datePublished":"2026-04-14T14:36:41+00:00","description":"Hermine est une robe de tulle \u00e9tincelant de forme A, avec un d\u00e9collet\u00e9 en pointe et un corsage rehauss\u00e9 de dentelle perl\u00e9e. Le mod\u00e8le comporte une fente et des manches longues amovibles. Pour un look plus \u00e9pur\u00e9, ce mod\u00e8le est \u00e9galement disponible sans manches sous le nom d'Hermine-D. Ce motif enchanteur est issu de la collection Le Papillon by Modeca et est disponible chez Koonings.","breadcrumb":{"@id":"https:\/\/www.koonings.com\/fr\/product\/le-papillon-de-modeca-hermine\/#breadcrumb"},"inLanguage":"fr-FR","potentialAction":[{"@type":"ReadAction","target":["https:\/\/www.koonings.com\/fr\/product\/le-papillon-de-modeca-hermine\/"]}]},{"@type":"ImageObject","inLanguage":"fr-FR","@id":"https:\/\/www.koonings.com\/fr\/product\/le-papillon-de-modeca-hermine\/#primaryimage","url":"https:\/\/www.koonings.com\/wp-content\/uploads\/2025\/09\/51091_a2634d4215e05af9583cb391182cc81e2dc0311d5baaadb33a8b8e4aad8b00eaa4173780.jpeg","contentUrl":"https:\/\/www.koonings.com\/wp-content\/uploads\/2025\/09\/51091_a2634d4215e05af9583cb391182cc81e2dc0311d5baaadb33a8b8e4aad8b00eaa4173780.jpeg","width":1634,"height":2313},{"@type":"BreadcrumbList","@id":"https:\/\/www.koonings.com\/fr\/product\/le-papillon-de-modeca-hermine\/#breadcrumb","itemListElement":[{"@type":"ListItem","position":1,"name":"Home","item":"https:\/\/www.koonings.com\/fr\/"},{"@type":"ListItem","position":2,"name":"Le Papillon de Modeca Hermine"}]},{"@type":"WebSite","@id":"https:\/\/www.koonings.com\/fr\/#website","url":"https:\/\/www.koonings.com\/fr\/","name":"Koonings","description":"De grootste bruidsmodewinkel ter wereld","publisher":{"@id":"https:\/\/www.koonings.com\/fr\/#organization"},"potentialAction":[{"@type":"SearchAction","target":{"@type":"EntryPoint","urlTemplate":"https:\/\/www.koonings.com\/fr\/?s={search_term_string}"},"query-input":{"@type":"PropertyValueSpecification","valueRequired":true,"valueName":"search_term_string"}}],"inLanguage":"fr-FR"},{"@type":"Organization","@id":"https:\/\/www.koonings.com\/fr\/#organization","name":"Koonings","url":"https:\/\/www.koonings.com\/fr\/","logo":{"@type":"ImageObject","inLanguage":"fr-FR","@id":"https:\/\/www.koonings.com\/fr\/#\/schema\/logo\/image\/","url":"https:\/\/www.koonings.com\/wp-content\/uploads\/2024\/07\/logo.png","contentUrl":"https:\/\/www.koonings.com\/wp-content\/uploads\/2024\/07\/logo.png","width":600,"height":428,"caption":"Koonings"},"image":{"@id":"https:\/\/www.koonings.com\/fr\/#\/schema\/logo\/image\/"},"sameAs":["https:\/\/www.facebook.com\/kooningstheweddingpalace","https:\/\/www.instagram.com\/kooningstheweddingpalace","https:\/\/www.pinterest.com\/koonings","https:\/\/www.youtube.com\/kooningstheweddingpalace"]}]}},"_links":{"self":[{"href":"https:\/\/www.koonings.com\/fr\/wp-json\/wp\/v2\/product\/108696","targetHints":{"allow":["GET"]}}],"collection":[{"href":"https:\/\/www.koonings.com\/fr\/wp-json\/wp\/v2\/product"}],"about":[{"href":"https:\/\/www.koonings.com\/fr\/wp-json\/wp\/v2\/types\/product"}],"wp:featuredmedia":[{"embeddable":true,"href":"https:\/\/www.koonings.com\/fr\/wp-json\/wp\/v2\/media\/96983"}],"wp:attachment":[{"href":"https:\/\/www.koonings.com\/fr\/wp-json\/wp\/v2\/media?parent=108696"}],"wp:term":[{"taxonomy":"productdetails","embeddable":true,"href":"https:\/\/www.koonings.com\/fr\/wp-json\/wp\/v2\/productdetails?post=108696"},{"taxonomy":"productneck","embeddable":true,"href":"https:\/\/www.koonings.com\/fr\/wp-json\/wp\/v2\/productneck?post=108696"},{"taxonomy":"productcolor","embeddable":true,"href":"https:\/\/www.koonings.com\/fr\/wp-json\/wp\/v2\/productcolor?post=108696"},{"taxonomy":"maat","embeddable":true,"href":"https:\/\/www.koonings.com\/fr\/wp-json\/wp\/v2\/maat?post=108696"},{"taxonomy":"productsupplier","embeddable":true,"href":"https:\/\/www.koonings.com\/fr\/wp-json\/wp\/v2\/productsupplier?post=108696"},{"taxonomy":"productsleeve","embeddable":true,"href":"https:\/\/www.koonings.com\/fr\/wp-json\/wp\/v2\/productsleeve?post=108696"},{"taxonomy":"productcategory","embeddable":true,"href":"https:\/\/www.koonings.com\/fr\/wp-json\/wp\/v2\/productcategory?post=108696"},{"taxonomy":"productsilhouette","embeddable":true,"href":"https:\/\/www.koonings.com\/fr\/wp-json\/wp\/v2\/productsilhouette?post=108696"},{"taxonomy":"productstyle","embeddable":true,"href":"https:\/\/www.koonings.com\/fr\/wp-json\/wp\/v2\/productstyle?post=108696"}],"curies":[{"name":"wp","href":"https:\/\/api.w.org\/{rel}","templated":true}]}}